{"id":16600,"date":"2024-03-05T07:52:40","date_gmt":"2024-03-05T06:52:40","guid":{"rendered":"https:\/\/dodo-inflatables.com\/nakup-napihljivivih-toboganov-in-nabitih-gradov-v-sloveniji\/"},"modified":"2024-07-17T14:55:28","modified_gmt":"2024-07-17T12:55:28","slug":"nakup-napihljivivih-toboganov-in-nabitih-gradov-v-sloveniji","status":"publish","type":"page","link":"https:\/\/dodo-inflatables.com\/ar\/nakup-napihljivivih-toboganov-in-nabitih-gradov-v-sloveniji\/","title":{"rendered":"Nakup napihljivivih toboganov in nabitih gradov v Sloveniji"},"content":{"rendered":"\n<h2 class=\"wp-block-heading has-text-align-center\"><strong>Nakup napihljivivih toboganov in nabitih gradov v Sloveniji<\/strong><\/h2>\n\n<figure class=\"wp-block-image aligncenter size-large\"><a href=\"https:\/\/dodo-inflatables.com\/wp-content\/uploads\/2022\/01\/seperator-kleiner.png\"><img loading=\"lazy\" decoding=\"async\" width=\"1024\" height=\"102\" src=\"https:\/\/dodo-inflatables.com\/wp-content\/uploads\/2022\/01\/seperator-kleiner-1024x102.png\" alt=\"\" class=\"wp-image-4026\" srcset=\"https:\/\/dodo-inflatables.com\/wp-content\/uploads\/2022\/01\/seperator-kleiner-1024x102.png 1024w, https:\/\/dodo-inflatables.com\/wp-content\/uploads\/2022\/01\/seperator-kleiner-900x90.png 900w, https:\/\/dodo-inflatables.com\/wp-content\/uploads\/2022\/01\/seperator-kleiner-300x30.png 300w, https:\/\/dodo-inflatables.com\/wp-content\/uploads\/2022\/01\/seperator-kleiner-768x77.png 768w, https:\/\/dodo-inflatables.com\/wp-content\/uploads\/2022\/01\/seperator-kleiner-1536x154.png 1536w, https:\/\/dodo-inflatables.com\/wp-content\/uploads\/2022\/01\/seperator-kleiner-340x34.png 340w, https:\/\/dodo-inflatables.com\/wp-content\/uploads\/2022\/01\/seperator-kleiner.png 2000w\" sizes=\"auto, (max-width: 1024px) 100vw, 1024px\" \/><\/a><\/figure>\n\n<h3 class=\"wp-block-heading has-text-align-center\">\u0645\u0648\u0642\u0639 Dobrododo\u0161li na Dodo-Inflatables.com &#8211; \u0645\u0648\u0642\u0639\u0646\u0627 \u0639\u0644\u0649 \u0627\u0644\u0625\u0646\u062a\u0631\u0646\u062a!<\/h3>\n\n<p>\u064a\u0645\u0643\u0646\u0643\u0645 \u0627\u0644\u0627\u0637\u0644\u0627\u0639 \u0639\u0644\u0649 \u0645\u0627 \u064a\u0644\u064a: &#8220;\u064a\u0645\u0643\u0646\u0643\u0645 \u0627\u0644\u0627\u0637\u0644\u0627\u0639 \u0639\u0644\u0649 \u0645\u0627 \u064a\u0644\u064a: &#8220;\u0644\u0627 \u064a\u0645\u0643\u0646\u0643\u0645 \u0623\u0646 \u062a\u0643\u0648\u0646\u0648\u0627 \u0641\u064a \u0648\u0636\u0639 \u0644\u0627 \u064a\u0633\u0645\u062d \u0644\u0643\u0645 <a href=\"\/?product_cat=\u0642\u0644\u0627\u0639-\u0628\u0648\u0646\u0633\u064a\">\u0628\u0627\u0644\u062e\u0631\u0648\u062c<\/a> \u0645\u0646 \u0647\u0646\u0627 \u0623\u0648 <a href=\"\/?product_cat=\u0627\u0644\u0634\u0631\u0627\u0626\u062d\">\u0647\u0646\u0627\u0643<\/a>. \u0644\u0627 \u064a\u0645\u0643\u0646\u0646\u064a \u0623\u0646 \u0623\u0630\u0647\u0628 \u0625\u0644\u0649 \u0623\u064a \u0645\u0643\u0627\u0646\u060c \u0639\u0644\u0649 \u0627\u0644\u0631\u063a\u0645 \u0645\u0646 \u0623\u0646 \u0647\u0630\u0627 \u0647\u0648 \u0627\u0644\u0645\u0643\u0627\u0646 \u0627\u0644\u0630\u064a \u064a\u062c\u0628 \u0623\u0646 \u0623\u0630\u0647\u0628 \u0625\u0644\u064a\u0647\u060c \u0625\u0644\u0627 \u0623\u0646\u0646\u064a \u0644\u0627 \u0623\u0633\u062a\u0637\u064a\u0639 \u0623\u0646 \u0623\u0630\u0647\u0628 \u0625\u0644\u0649 \u0623\u064a \u0645\u0643\u0627\u0646 \u0622\u062e\u0631!<\/p>\n\n<p>\u0644\u0627 \u064a\u0645\u0643\u0646\u0646\u064a \u0623\u0646 \u0623\u062a\u062d\u062f\u062b \u0639\u0646 \u0647\u0630\u0627 \u0627\u0644\u0645\u0648\u0636\u0648\u0639 \u0641\u064a \u0647\u0630\u0627 \u0627\u0644\u0645\u0642\u0627\u0644\u060c \u0648\u0644\u0643\u0646\u0646\u064a \u0633\u0623\u0643\u062a\u0641\u064a \u0628\u0627\u0644\u0625\u0634\u0627\u0631\u0629 \u0625\u0644\u0649 \u0623\u0646 \u0647\u0630\u0627 \u0627\u0644\u0645\u0642\u0627\u0644 \u0644\u0627 \u064a\u0634\u0645\u0644 \u0643\u0644 \u0645\u0627 \u064a\u062a\u0639\u0644\u0642 <a href=\"https:\/\/dodo-inflatables.com\/ar\/product\/%d9%85%d9%86%d9%81%d8%a7%d8%ae-%d9%87%d9%88%d8%a7%d9%88%d9%8a-reh-1-5e-1-5ps\/\" data-type=\"product\" data-id=\"2724\">\u0628\u0627\u0644\u0628\u064a\u0626\u0629<\/a> \u0627\u0644\u0645\u062d\u064a\u0637\u0629 \u0628\u0646\u0627\u060c \u062d\u064a\u062b \u0623\u0646 \u0647\u0630\u0627 \u0627\u0644\u0645\u0642\u0627\u0644 \u0644\u0627 \u064a\u0634\u0645\u0644 \u0643\u0644 \u0645\u0627 \u064a\u062a\u0639\u0644\u0642 \u0628\u0627\u0644\u0628\u064a\u0626\u0629 \u0627\u0644\u0645\u062d\u064a\u0637\u0629 \u0628\u0646\u0627.<\/p>\n\n<p>\u062e\u0631\u064a\u062c\u0648 \u0628\u0648\u0633\u064a\u0644\u064a\u0643\u0627 \u0646\u0627\u0641\u064a\u062c\u0627\u0633\u0643\u064a\u062c\u0627 \u0641\u064a \u062f\u0648\u062f\u0627\u062a\u0643\u0648\u0641 \u0636\u062f <strong>\u0633\u0644\u0648\u0641\u064a\u0646\u064a\u0627 194,00 \u064a\u0648\u0631\u0648<\/strong>. \u0628\u0627\u0643\u064a\u062a \u0646\u0627\u0628\u064a\u0644\u064a\u0641\u064a \u062f\u0648\u062f\u0627\u062a\u0643\u0648\u0641 \u0633\u062a\u0627\u0646 35,00 \u064a\u0648\u0631\u0648. \u010c\u017ee je napihljivi balon na zalogi\u060c vam ga bomo poslali poslali takoj po prejemu pla\u010dila. Dostava v Slovenijo trapeli\u017eno <strong>4 do 6 delovnih dni.<\/strong> \u062a\u0645 \u062a\u062d\u062f\u064a\u062f \u0645\u0648\u0639\u062f \u0644\u0627\u0644\u062a\u0642\u0627\u0637 \u0627\u0644\u0635\u0648\u0631 \u0627\u0644\u062a\u0630\u0643\u0627\u0631\u064a\u0629 \u0641\u064a \u0633\u0644\u0648\u0641\u064a\u0646\u064a\u0627.<\/p>\n\n<p>Vsi na\u0161i napihljivci izpolnjujejo stroge varnostne standarde standarda <strong>DIN EN 14960 <\/strong>in so primerni za zasebno in komercialno uporabo. \u064a\u0645\u0643\u0646\u0643 \u0627\u0644\u062d\u0635\u0648\u0644 \u0639\u0644\u0649 \u0634\u0647\u0627\u062f\u0629 \u0645\u0646 \u0648\u0632\u0627\u0631\u0629 \u0627\u0644\u062e\u0627\u0631\u062c\u064a\u0629 \u0627\u0644\u0623\u0645\u0631\u064a\u0643\u064a\u0629 \u0641\u064a \u0627\u0644\u0648\u0644\u0627\u064a\u0627\u062a \u0627\u0644\u0645\u062a\u062d\u062f\u0629 \u0627\u0644\u0623\u0645\u0631\u064a\u0643\u064a\u0629.<\/p>\n\n<p>Oprostitev DDV za podjetja! \u064a\u0645\u0643\u0646\u0643\u0645 \u0627\u0644\u062a\u0639\u0631\u0641 \u0639\u0644\u0649 \u0647\u0648\u064a\u062a\u0643\u0645 \u0645\u0646 \u062e\u0644\u0627\u0644 \u0627\u0644\u062a\u0639\u0631\u0641 \u0639\u0644\u0649 \u0647\u0648\u064a\u0629 \u0627\u0644\u0623\u0634\u062e\u0627\u0635 \u0627\u0644\u0630\u064a\u0646 \u062a\u0645 \u062a\u062d\u062f\u064a\u062f \u0647\u0648\u064a\u062a\u0647\u0645 \u0641\u064a DDV\u060c \u062d\u064a\u062b \u064a\u0645\u0643\u0646\u0643\u0645 \u0627\u0644\u062a\u0639\u0631\u0641 \u0639\u0644\u0649 \u0647\u0648\u064a\u062a\u0647\u0645.<\/p>\n\n<p>\u0644\u0627 \u064a\u0645\u0643\u0646\u0646\u064a \u0623\u0646 \u0623\u0630\u0647\u0628 \u0625\u0644\u0649 \u0647\u0646\u0627\u0643 \u0648\u0623\u0642\u0648\u0644: &#8220;\u0644\u0627 \u064a\u0645\u0643\u0646\u0646\u064a \u0623\u0646 \u0623\u0630\u0647\u0628 \u0625\u0644\u0649 \u0647\u0646\u0627\u0643&#8221;\u060c \u0648\u0644\u0643\u0646\u0646\u064a \u0644\u0627 \u064a\u0645\u0643\u0646\u0646\u064a \u0623\u0646 \u0623\u0630\u0647\u0628 \u0625\u0644\u0649 \u0647\u0646\u0627\u0643 \u0625\u0644\u0627 \u0625\u0630\u0627 \u0643\u0646\u062a\u064f \u0642\u062f \u0642\u0645\u062a\u064f \u0628\u062a\u0639\u064a\u064a\u0646\u0643 \u0641\u064a \u0645\u0643\u0627\u0646 \u0645\u0627 \u0641\u064a \u0647\u0630\u0627 \u0627\u0644\u0645\u0643\u0627\u0646\u060c \u0623\u0648 \u0625\u0630\u0627 \u0643\u0646\u062a\u064f \u0642\u062f \u0642\u0645\u062a\u064f \u0628\u062a\u0639\u064a\u064a\u0646\u0643 \u0641\u064a \u0645\u0643\u0627\u0646 \u0645\u0627 \u0641\u064a \u0647\u0630\u0627 \u0627\u0644\u0645\u0643\u0627\u0646. \u0625\u0646 Pravzapaprav \u0647\u0648 \u0639\u0628\u0627\u0631\u0629 \u0639\u0646 \u0645\u062c\u0645\u0648\u0639\u0629 \u0645\u0646 \u0627\u0644\u0628\u0631\u0627\u0641\u0632\u0627\u0628\u0631\u0627\u0641 \u0627\u0644\u062a\u064a \u064a\u0645\u0643\u0646 \u0623\u0646 \u062a\u0643\u0648\u0646 \u0639\u0644\u0649 \u0645\u0642\u0631\u0628\u0629 \u0645\u0646 \u0645\u0646\u0637\u0642\u0629 \u0625\u064a\u0641\u0631\u0648\u0628\u064a \u0641\u064a \u0645\u0646\u0637\u0642\u0629 \u0646\u0627\u0626\u064a\u0629 \u0645\u0646 \u0627\u0644\u062d\u062f\u0648\u062f\u060c \u062d\u064a\u062b \u064a\u0645\u0643\u0646 \u0623\u0646 \u062a\u0643\u0648\u0646 \u0647\u0630\u0647 \u0627\u0644\u0645\u062c\u0645\u0648\u0639\u0629 \u0645\u0646 \u0627\u0644\u0628\u0631\u0627\u0641\u0631\u0627\u0641\u0631\u0627\u0641 \u0641\u064a \u0645\u0646\u0637\u0642\u0629 \u0646\u0627\u0626\u064a\u0629 \u0645\u0646 \u0627\u0644\u062d\u062f\u0648\u062f.<\/p>\n\n<p>Upamo, da boste boste u\u017eivali v brskanju por na\u0161i spletni trgovini, na morebitna vpra\u0161anja pa vam bomo z veseljem odgovorili na spletni strani contact@dodo-inflatables.com!<\/p>\n\n<div style=\"height:100px\" aria-hidden=\"true\" class=\"wp-block-spacer\"><\/div>\n","protected":false},"excerpt":{"rendered":"<p>Nakup napihljivivih toboganov in nabitih gradov v Sloveniji \u0645\u0648\u0642\u0639 Dobrododo\u0161li na Dodo-Inflatables.com &#8211; \u0645\u0648\u0642\u0639\u0646\u0627 \u0639\u0644\u0649 \u0627\u0644\u0625\u0646\u062a\u0631\u0646\u062a! \u064a\u0645\u0643\u0646\u0643\u0645 \u0627\u0644\u0627\u0637\u0644\u0627\u0639 \u0639\u0644\u0649 \u0645\u0627 \u064a\u0644\u064a: &#8220;\u064a\u0645\u0643\u0646\u0643\u0645 \u0627\u0644\u0627\u0637\u0644\u0627\u0639 \u0639\u0644\u0649 \u0645\u0627 \u064a\u0644\u064a: &#8220;\u0644\u0627 \u064a\u0645\u0643\u0646\u0643\u0645 \u0623\u0646 \u062a\u0643\u0648\u0646\u0648\u0627 \u0641\u064a \u0648\u0636\u0639 \u0644\u0627 \u064a\u0633\u0645\u062d \u0644\u0643\u0645 \u0628\u0627\u0644\u062e\u0631\u0648\u062c \u0645\u0646 \u0647\u0646\u0627 \u0623\u0648 \u0647\u0646\u0627\u0643. \u0644\u0627 \u064a\u0645\u0643\u0646\u0646\u064a \u0623\u0646 \u0623\u0630\u0647\u0628 \u0625\u0644\u0649 \u0623\u064a \u0645\u0643\u0627\u0646\u060c \u0639\u0644\u0649 \u0627\u0644\u0631\u063a\u0645 \u0645\u0646 \u0623\u0646 \u0647\u0630\u0627 \u0647\u0648 \u0627\u0644\u0645\u0643\u0627\u0646 \u0627\u0644\u0630\u064a [&hellip;]<\/p>\n","protected":false},"author":1,"featured_media":0,"parent":0,"menu_order":0,"comment_status":"closed","ping_status":"closed","template":"","meta":{"_acf_changed":false,"_uag_custom_page_level_css":"","site-sidebar-layout":"default","site-content-layout":"","ast-site-content-layout":"normal-width-container","site-content-style":"boxed","site-sidebar-style":"default","ast-global-header-display":"","ast-banner-title-visibility":"","ast-main-header-display":"","ast-hfb-above-header-display":"","ast-hfb-below-header-display":"","ast-hfb-mobile-header-display":"","site-post-title":"","ast-breadcrumbs-content":"","ast-featured-img":"","footer-sml-layout":"","ast-disable-related-posts":"","theme-transparent-header-meta":"","adv-header-id-meta":"4069","stick-header-meta":"","header-above-stick-meta":"","header-main-stick-meta":"","header-below-stick-meta":"","astra-migrate-meta-layouts":"default","ast-page-background-enabled":"default","ast-page-background-meta":{"desktop":{"background-color":"var(--ast-global-color-4)","background-image":"","background-repeat":"repeat","background-position":"center center","background-size":"auto","background-attachment":"scroll","background-type":"","background-media":"","overlay-type":"","overlay-color":"","overlay-opacity":"","overlay-gradient":""},"tablet":{"background-color":"","background-image":"","background-repeat":"repeat","background-position":"center center","background-size":"auto","background-attachment":"scroll","background-type":"","background-media":"","overlay-type":"","overlay-color":"","overlay-opacity":"","overlay-gradient":""},"mobile":{"background-color":"","background-image":"","background-repeat":"repeat","background-position":"center center","background-size":"auto","background-attachment":"scroll","background-type":"","background-media":"","overlay-type":"","overlay-color":"","overlay-opacity":"","overlay-gradient":""}},"ast-content-background-meta":{"desktop":{"background-color":"var(--ast-global-color-5)","background-image":"","background-repeat":"repeat","background-position":"center center","background-size":"auto","background-attachment":"scroll","background-type":"","background-media":"","overlay-type":"","overlay-color":"","overlay-opacity":"","overlay-gradient":""},"tablet":{"background-color":"var(--ast-global-color-5)","background-image":"","background-repeat":"repeat","background-position":"center center","background-size":"auto","background-attachment":"scroll","background-type":"","background-media":"","overlay-type":"","overlay-color":"","overlay-opacity":"","overlay-gradient":""},"mobile":{"background-color":"var(--ast-global-color-5)","background-image":"","background-repeat":"repeat","background-position":"center center","background-size":"auto","background-attachment":"scroll","background-type":"","background-media":"","overlay-type":"","overlay-color":"","overlay-opacity":"","overlay-gradient":""}},"footnotes":""},"class_list":["post-16600","page","type-page","status-publish","hentry"],"acf":[],"yoast_head":"<!-- This site is optimized with the Yoast SEO plugin v27.3 - https:\/\/yoast.com\/product\/yoast-seo-wordpress\/ -->\n<title>Nakup napihljivivih toboganov in nabitih gradov v Sloveniji - dodo-inflatables.com<\/title>\n<meta name=\"robots\" content=\"index, follow, max-snippet:-1, max-image-preview:large, max-video-preview:-1\" \/>\n<link rel=\"canonical\" href=\"https:\/\/dodo-inflatables.com\/ar\/nakup-napihljivivih-toboganov-in-nabitih-gradov-v-sloveniji\/\" \/>\n<script type=\"application\/ld+json\" class=\"yoast-schema-graph\">{\"@context\":\"https:\\\/\\\/schema.org\",\"@graph\":[{\"@type\":\"WebPage\",\"@id\":\"https:\\\/\\\/dodo-inflatables.com\\\/ar\\\/nakup-napihljivivih-toboganov-in-nabitih-gradov-v-sloveniji\\\/\",\"url\":\"https:\\\/\\\/dodo-inflatables.com\\\/ar\\\/nakup-napihljivivih-toboganov-in-nabitih-gradov-v-sloveniji\\\/\",\"name\":\"Nakup napihljivivih toboganov in nabitih gradov v Sloveniji - dodo-inflatables.com\",\"isPartOf\":{\"@id\":\"https:\\\/\\\/dodo-inflatables.com\\\/ar\\\/#website\"},\"primaryImageOfPage\":{\"@id\":\"https:\\\/\\\/dodo-inflatables.com\\\/ar\\\/nakup-napihljivivih-toboganov-in-nabitih-gradov-v-sloveniji\\\/#primaryimage\"},\"image\":{\"@id\":\"https:\\\/\\\/dodo-inflatables.com\\\/ar\\\/nakup-napihljivivih-toboganov-in-nabitih-gradov-v-sloveniji\\\/#primaryimage\"},\"thumbnailUrl\":\"https:\\\/\\\/dodo-inflatables.com\\\/wp-content\\\/uploads\\\/2022\\\/01\\\/seperator-kleiner-1024x102.png\",\"datePublished\":\"2024-03-05T06:52:40+00:00\",\"dateModified\":\"2024-07-17T12:55:28+00:00\",\"breadcrumb\":{\"@id\":\"https:\\\/\\\/dodo-inflatables.com\\\/ar\\\/nakup-napihljivivih-toboganov-in-nabitih-gradov-v-sloveniji\\\/#breadcrumb\"},\"inLanguage\":\"ar\",\"potentialAction\":[{\"@type\":\"ReadAction\",\"target\":[\"https:\\\/\\\/dodo-inflatables.com\\\/ar\\\/nakup-napihljivivih-toboganov-in-nabitih-gradov-v-sloveniji\\\/\"]}]},{\"@type\":\"ImageObject\",\"inLanguage\":\"ar\",\"@id\":\"https:\\\/\\\/dodo-inflatables.com\\\/ar\\\/nakup-napihljivivih-toboganov-in-nabitih-gradov-v-sloveniji\\\/#primaryimage\",\"url\":\"https:\\\/\\\/dodo-inflatables.com\\\/wp-content\\\/uploads\\\/2022\\\/01\\\/seperator-kleiner-1024x102.png\",\"contentUrl\":\"https:\\\/\\\/dodo-inflatables.com\\\/wp-content\\\/uploads\\\/2022\\\/01\\\/seperator-kleiner-1024x102.png\"},{\"@type\":\"BreadcrumbList\",\"@id\":\"https:\\\/\\\/dodo-inflatables.com\\\/ar\\\/nakup-napihljivivih-toboganov-in-nabitih-gradov-v-sloveniji\\\/#breadcrumb\",\"itemListElement\":[{\"@type\":\"ListItem\",\"position\":1,\"name\":\"\u0627\u0644\u0631\u0626\u064a\u0633\u064a\u0629\",\"item\":\"https:\\\/\\\/dodo-inflatables.com\\\/ar\\\/\"},{\"@type\":\"ListItem\",\"position\":2,\"name\":\"Nakup napihljivivih toboganov in nabitih gradov v Sloveniji\"}]},{\"@type\":\"WebSite\",\"@id\":\"https:\\\/\\\/dodo-inflatables.com\\\/ar\\\/#website\",\"url\":\"https:\\\/\\\/dodo-inflatables.com\\\/ar\\\/\",\"name\":\"dodo-inflatables.com\",\"description\":\"\u0642\u0645 \u0628\u0634\u0631\u0627\u0621 \u0627\u0644\u0642\u0644\u0627\u0639 \u0627\u0644\u0646\u0637\u0627\u0637\u0629 \u0648\u0627\u0644\u0623\u0644\u0639\u0627\u0628 \u0627\u0644\u062a\u0631\u0641\u064a\u0647\u064a\u0629 \u0641\u064a \u0645\u062a\u062c\u0631\u0646\u0627.\",\"publisher\":{\"@id\":\"https:\\\/\\\/dodo-inflatables.com\\\/ar\\\/#organization\"},\"potentialAction\":[{\"@type\":\"SearchAction\",\"target\":{\"@type\":\"EntryPoint\",\"urlTemplate\":\"https:\\\/\\\/dodo-inflatables.com\\\/ar\\\/?s={search_term_string}\"},\"query-input\":{\"@type\":\"PropertyValueSpecification\",\"valueRequired\":true,\"valueName\":\"search_term_string\"}}],\"inLanguage\":\"ar\"},{\"@type\":\"Organization\",\"@id\":\"https:\\\/\\\/dodo-inflatables.com\\\/ar\\\/#organization\",\"name\":\"dodo-inflatables.com\",\"url\":\"https:\\\/\\\/dodo-inflatables.com\\\/ar\\\/\",\"logo\":{\"@type\":\"ImageObject\",\"inLanguage\":\"ar\",\"@id\":\"https:\\\/\\\/dodo-inflatables.com\\\/ar\\\/#\\\/schema\\\/logo\\\/image\\\/\",\"url\":\"https:\\\/\\\/dodo-inflatables.com\\\/wp-content\\\/uploads\\\/2023\\\/04\\\/cropped-cropped-cropped-Dodo-Logo.png\",\"contentUrl\":\"https:\\\/\\\/dodo-inflatables.com\\\/wp-content\\\/uploads\\\/2023\\\/04\\\/cropped-cropped-cropped-Dodo-Logo.png\",\"width\":2996,\"height\":1545,\"caption\":\"dodo-inflatables.com\"},\"image\":{\"@id\":\"https:\\\/\\\/dodo-inflatables.com\\\/ar\\\/#\\\/schema\\\/logo\\\/image\\\/\"}}]}<\/script>\n<!-- \/ Yoast SEO plugin. -->","yoast_head_json":{"title":"Nakup napihljivivih toboganov in nabitih gradov v Sloveniji - dodo-inflatables.com","robots":{"index":"index","follow":"follow","max-snippet":"max-snippet:-1","max-image-preview":"max-image-preview:large","max-video-preview":"max-video-preview:-1"},"canonical":"https:\/\/dodo-inflatables.com\/ar\/nakup-napihljivivih-toboganov-in-nabitih-gradov-v-sloveniji\/","schema":{"@context":"https:\/\/schema.org","@graph":[{"@type":"WebPage","@id":"https:\/\/dodo-inflatables.com\/ar\/nakup-napihljivivih-toboganov-in-nabitih-gradov-v-sloveniji\/","url":"https:\/\/dodo-inflatables.com\/ar\/nakup-napihljivivih-toboganov-in-nabitih-gradov-v-sloveniji\/","name":"Nakup napihljivivih toboganov in nabitih gradov v Sloveniji - dodo-inflatables.com","isPartOf":{"@id":"https:\/\/dodo-inflatables.com\/ar\/#website"},"primaryImageOfPage":{"@id":"https:\/\/dodo-inflatables.com\/ar\/nakup-napihljivivih-toboganov-in-nabitih-gradov-v-sloveniji\/#primaryimage"},"image":{"@id":"https:\/\/dodo-inflatables.com\/ar\/nakup-napihljivivih-toboganov-in-nabitih-gradov-v-sloveniji\/#primaryimage"},"thumbnailUrl":"https:\/\/dodo-inflatables.com\/wp-content\/uploads\/2022\/01\/seperator-kleiner-1024x102.png","datePublished":"2024-03-05T06:52:40+00:00","dateModified":"2024-07-17T12:55:28+00:00","breadcrumb":{"@id":"https:\/\/dodo-inflatables.com\/ar\/nakup-napihljivivih-toboganov-in-nabitih-gradov-v-sloveniji\/#breadcrumb"},"inLanguage":"ar","potentialAction":[{"@type":"ReadAction","target":["https:\/\/dodo-inflatables.com\/ar\/nakup-napihljivivih-toboganov-in-nabitih-gradov-v-sloveniji\/"]}]},{"@type":"ImageObject","inLanguage":"ar","@id":"https:\/\/dodo-inflatables.com\/ar\/nakup-napihljivivih-toboganov-in-nabitih-gradov-v-sloveniji\/#primaryimage","url":"https:\/\/dodo-inflatables.com\/wp-content\/uploads\/2022\/01\/seperator-kleiner-1024x102.png","contentUrl":"https:\/\/dodo-inflatables.com\/wp-content\/uploads\/2022\/01\/seperator-kleiner-1024x102.png"},{"@type":"BreadcrumbList","@id":"https:\/\/dodo-inflatables.com\/ar\/nakup-napihljivivih-toboganov-in-nabitih-gradov-v-sloveniji\/#breadcrumb","itemListElement":[{"@type":"ListItem","position":1,"name":"\u0627\u0644\u0631\u0626\u064a\u0633\u064a\u0629","item":"https:\/\/dodo-inflatables.com\/ar\/"},{"@type":"ListItem","position":2,"name":"Nakup napihljivivih toboganov in nabitih gradov v Sloveniji"}]},{"@type":"WebSite","@id":"https:\/\/dodo-inflatables.com\/ar\/#website","url":"https:\/\/dodo-inflatables.com\/ar\/","name":"dodo-inflatables.com","description":"\u0642\u0645 \u0628\u0634\u0631\u0627\u0621 \u0627\u0644\u0642\u0644\u0627\u0639 \u0627\u0644\u0646\u0637\u0627\u0637\u0629 \u0648\u0627\u0644\u0623\u0644\u0639\u0627\u0628 \u0627\u0644\u062a\u0631\u0641\u064a\u0647\u064a\u0629 \u0641\u064a \u0645\u062a\u062c\u0631\u0646\u0627.","publisher":{"@id":"https:\/\/dodo-inflatables.com\/ar\/#organization"},"potentialAction":[{"@type":"SearchAction","target":{"@type":"EntryPoint","urlTemplate":"https:\/\/dodo-inflatables.com\/ar\/?s={search_term_string}"},"query-input":{"@type":"PropertyValueSpecification","valueRequired":true,"valueName":"search_term_string"}}],"inLanguage":"ar"},{"@type":"Organization","@id":"https:\/\/dodo-inflatables.com\/ar\/#organization","name":"dodo-inflatables.com","url":"https:\/\/dodo-inflatables.com\/ar\/","logo":{"@type":"ImageObject","inLanguage":"ar","@id":"https:\/\/dodo-inflatables.com\/ar\/#\/schema\/logo\/image\/","url":"https:\/\/dodo-inflatables.com\/wp-content\/uploads\/2023\/04\/cropped-cropped-cropped-Dodo-Logo.png","contentUrl":"https:\/\/dodo-inflatables.com\/wp-content\/uploads\/2023\/04\/cropped-cropped-cropped-Dodo-Logo.png","width":2996,"height":1545,"caption":"dodo-inflatables.com"},"image":{"@id":"https:\/\/dodo-inflatables.com\/ar\/#\/schema\/logo\/image\/"}}]}},"uagb_featured_image_src":{"full":false,"thumbnail":false,"medium":false,"medium_large":false,"large":false,"1536x1536":false,"2048x2048":false,"woocommerce_thumbnail":false,"woocommerce_single":false,"woocommerce_gallery_thumbnail":false},"uagb_author_info":{"display_name":"Andreas","author_link":"https:\/\/dodo-inflatables.com\/ar\/author\/andreas\/"},"uagb_comment_info":0,"uagb_excerpt":"Nakup napihljivivih toboganov in nabitih gradov v Sloveniji \u0645\u0648\u0642\u0639 Dobrododo\u0161li na Dodo-Inflatables.com &#8211; \u0645\u0648\u0642\u0639\u0646\u0627 \u0639\u0644\u0649 \u0627\u0644\u0625\u0646\u062a\u0631\u0646\u062a! \u064a\u0645\u0643\u0646\u0643\u0645 \u0627\u0644\u0627\u0637\u0644\u0627\u0639 \u0639\u0644\u0649 \u0645\u0627 \u064a\u0644\u064a: &#8220;\u064a\u0645\u0643\u0646\u0643\u0645 \u0627\u0644\u0627\u0637\u0644\u0627\u0639 \u0639\u0644\u0649 \u0645\u0627 \u064a\u0644\u064a: &#8220;\u0644\u0627 \u064a\u0645\u0643\u0646\u0643\u0645 \u0623\u0646 \u062a\u0643\u0648\u0646\u0648\u0627 \u0641\u064a \u0648\u0636\u0639 \u0644\u0627 \u064a\u0633\u0645\u062d \u0644\u0643\u0645 \u0628\u0627\u0644\u062e\u0631\u0648\u062c \u0645\u0646 \u0647\u0646\u0627 \u0623\u0648 \u0647\u0646\u0627\u0643. \u0644\u0627 \u064a\u0645\u0643\u0646\u0646\u064a \u0623\u0646 \u0623\u0630\u0647\u0628 \u0625\u0644\u0649 \u0623\u064a \u0645\u0643\u0627\u0646\u060c \u0639\u0644\u0649 \u0627\u0644\u0631\u063a\u0645 \u0645\u0646 \u0623\u0646 \u0647\u0630\u0627 \u0647\u0648 \u0627\u0644\u0645\u0643\u0627\u0646 \u0627\u0644\u0630\u064a&hellip;","_links":{"self":[{"href":"https:\/\/dodo-inflatables.com\/ar\/wp-json\/wp\/v2\/pages\/16600","targetHints":{"allow":["GET"]}}],"collection":[{"href":"https:\/\/dodo-inflatables.com\/ar\/wp-json\/wp\/v2\/pages"}],"about":[{"href":"https:\/\/dodo-inflatables.com\/ar\/wp-json\/wp\/v2\/types\/page"}],"author":[{"embeddable":true,"href":"https:\/\/dodo-inflatables.com\/ar\/wp-json\/wp\/v2\/users\/1"}],"replies":[{"embeddable":true,"href":"https:\/\/dodo-inflatables.com\/ar\/wp-json\/wp\/v2\/comments?post=16600"}],"version-history":[{"count":2,"href":"https:\/\/dodo-inflatables.com\/ar\/wp-json\/wp\/v2\/pages\/16600\/revisions"}],"predecessor-version":[{"id":16604,"href":"https:\/\/dodo-inflatables.com\/ar\/wp-json\/wp\/v2\/pages\/16600\/revisions\/16604"}],"wp:attachment":[{"href":"https:\/\/dodo-inflatables.com\/ar\/wp-json\/wp\/v2\/media?parent=16600"}],"curies":[{"name":"wp","href":"https:\/\/api.w.org\/{rel}","templated":true}]}}