{"id":16852,"date":"2020-04-22T12:16:39","date_gmt":"2020-04-22T10:16:39","guid":{"rendered":"https:\/\/dodo-inflatables.com\/%d8%af%d9%88%d8%b3%d8%aa%d8%a7%d9%88%d8%a7-%d8%af%d9%88-%d8%a8%d9%88%d9%84%d8%b3%d9%83%d9%8a\/"},"modified":"2024-07-17T14:56:32","modified_gmt":"2024-07-17T12:56:32","slug":"%d8%af%d9%88%d8%b3%d8%aa%d8%a7%d9%88%d8%a7-%d8%af%d9%88-%d8%a8%d9%88%d9%84%d8%b3%d9%83%d9%8a","status":"publish","type":"page","link":"https:\/\/dodo-inflatables.com\/ar\/%d8%af%d9%88%d8%b3%d8%aa%d8%a7%d9%88%d8%a7-%d8%af%d9%88-%d8%a8%d9%88%d9%84%d8%b3%d9%83%d9%8a\/","title":{"rendered":"\u062f\u0648\u0633\u062a\u0627\u0648\u0627 \u062f\u0648 \u0628\u0648\u0644\u0633\u0643\u064a"},"content":{"rendered":"\n<h2 class=\"wp-block-heading\" id=\"dostawa-do-polski\">\u062f\u0648\u0633\u062a\u0627\u0648\u0627 \u062f\u0648 \u0628\u0648\u0644\u0633\u0643\u064a<\/h2>\n\n<p>Z przyjemnemno\u015b\u015b\u015b\u015b\u015b dostarczamy po\u017c\u0105darczamy dmuchany dmuchany zamek do Polski.<\/p>\n\n<p>Jako osoba osoba prywatna zostanie naliczony niemieciecki podatek \u0636\u0631\u064a\u0628\u0629 \u0627\u0644\u0642\u064a\u0645\u0629 \u0627\u0644\u0645\u0636\u0627\u0641\u0629. \u064a\u062a\u0645 \u062a\u0642\u062f\u064a\u0645\u0647\u0627 \u0628\u0634\u0643\u0644 \u0645\u0646\u062a\u0638\u0645 \u0639\u0628\u0631 \u0627\u0644\u0625\u0646\u062a\u0631\u0646\u062a.<\/p>\n\n<p>\u0647\u0644 \u064a\u0645\u0643\u0646\u0646\u064a \u0623\u0646 \u0623\u0637\u0644\u0628 \u0645\u0646\u0643 \u0623\u0646 \u062a\u0642\u0648\u0645 \u0628\u062a\u0632\u0648\u064a\u062f\u0646\u0627 \u0628\u0645\u0639\u0644\u0648\u0645\u0627\u062a \u0639\u0646 \u0636\u0631\u064a\u0628\u0629 \u0627\u0644\u0642\u064a\u0645\u0629 \u0627\u0644\u0645\u0636\u0627\u0641\u0629\u061f \u0644\u0627 \u064a\u0645\u0643\u0646\u0646\u064a \u0623\u0646 \u0623\u0634\u0631\u062d \u0644\u0643 \u0643\u064a\u0641 \u064a\u0645\u0643\u0646\u0646\u064a \u0623\u0646 \u0623\u0634\u0631\u062d \u0644\u0643 \u0643\u064a\u0641 \u064a\u0645\u0643\u0646\u0646\u064a \u0623\u0646 \u0623\u0634\u0631\u062d \u0644\u0643 \u0643\u064a\u0641 \u064a\u0645\u0643\u0646\u0646\u064a \u0623\u0646 \u0623\u0634\u0631\u062d \u0644\u0643 \u0643\u064a\u0641 \u064a\u0645\u0643\u0646\u0646\u064a \u0623\u0646 \u0623\u0634\u0631\u062d \u0644\u0643. \u0641\u064a \u0627\u0644\u0648\u0642\u062a \u0627\u0644\u062d\u0627\u0644\u064a \u064a\u0645\u0643\u0646\u0643\u0645 \u0627\u0644\u062a\u0648\u0627\u0635\u0644 \u0639\u0628\u0631 \u0627\u0644\u0628\u0631\u064a\u062f \u0627\u0644\u0625\u0644\u0643\u062a\u0631\u0648\u0646\u064a.<\/p>\n","protected":false},"excerpt":{"rendered":"<p>\u062f\u0648\u0633\u062a\u0627\u0648\u0627 \u062f\u0648 \u0628\u0648\u0644\u0633\u0643\u064a Z przyjemnemno\u015b\u015b\u015b\u015b\u015b dostarczamy po\u017c\u0105darczamy dmuchany dmuchany zamek do Polski. Jako osoba osoba prywatna zostanie naliczony niemieciecki podatek \u0636\u0631\u064a\u0628\u0629 \u0627\u0644\u0642\u064a\u0645\u0629 \u0627\u0644\u0645\u0636\u0627\u0641\u0629. \u064a\u062a\u0645 \u062a\u0642\u062f\u064a\u0645\u0647\u0627 \u0628\u0634\u0643\u0644 \u0645\u0646\u062a\u0638\u0645 \u0639\u0628\u0631 \u0627\u0644\u0625\u0646\u062a\u0631\u0646\u062a. \u0647\u0644 \u064a\u0645\u0643\u0646\u0646\u064a \u0623\u0646 \u0623\u0637\u0644\u0628 \u0645\u0646\u0643 \u0623\u0646 \u062a\u0642\u0648\u0645 \u0628\u062a\u0632\u0648\u064a\u062f\u0646\u0627 \u0628\u0645\u0639\u0644\u0648\u0645\u0627\u062a \u0639\u0646 \u0636\u0631\u064a\u0628\u0629 \u0627\u0644\u0642\u064a\u0645\u0629 \u0627\u0644\u0645\u0636\u0627\u0641\u0629\u061f \u0644\u0627 \u064a\u0645\u0643\u0646\u0646\u064a \u0623\u0646 \u0623\u0634\u0631\u062d \u0644\u0643 \u0643\u064a\u0641 \u064a\u0645\u0643\u0646\u0646\u064a \u0623\u0646 \u0623\u0634\u0631\u062d \u0644\u0643 \u0643\u064a\u0641 \u064a\u0645\u0643\u0646\u0646\u064a \u0623\u0646 [&hellip;]<\/p>\n","protected":false},"author":1,"featured_media":0,"parent":0,"menu_order":0,"comment_status":"closed","ping_status":"closed","template":"","meta":{"_acf_changed":false,"_uag_custom_page_level_css":"","site-sidebar-layout":"default","site-content-layout":"content-boxed-container","ast-site-content-layout":"default","site-content-style":"default","site-sidebar-style":"default","ast-global-header-display":"","ast-banner-title-visibility":"","ast-main-header-display":"","ast-hfb-above-header-display":"","ast-hfb-below-header-display":"","ast-hfb-mobile-header-display":"","site-post-title":"disabled","ast-breadcrumbs-content":"disabled","ast-featured-img":"disabled","footer-sml-layout":"","ast-disable-related-posts":"","theme-transparent-header-meta":"","adv-header-id-meta":"4069","stick-header-meta":"","header-above-stick-meta":"","header-main-stick-meta":"","header-below-stick-meta":"","astra-migrate-meta-layouts":"default","ast-page-background-enabled":"default","ast-page-background-meta":{"desktop":{"background-color":"var(--ast-global-color-4)","background-image":"","background-repeat":"repeat","background-position":"center center","background-size":"auto","background-attachment":"scroll","background-type":"","background-media":"","overlay-type":"","overlay-color":"","overlay-opacity":"","overlay-gradient":""},"tablet":{"background-color":"","background-image":"","background-repeat":"repeat","background-position":"center center","background-size":"auto","background-attachment":"scroll","background-type":"","background-media":"","overlay-type":"","overlay-color":"","overlay-opacity":"","overlay-gradient":""},"mobile":{"background-color":"","background-image":"","background-repeat":"repeat","background-position":"center center","background-size":"auto","background-attachment":"scroll","background-type":"","background-media":"","overlay-type":"","overlay-color":"","overlay-opacity":"","overlay-gradient":""}},"ast-content-background-meta":{"desktop":{"background-color":"var(--ast-global-color-5)","background-image":"","background-repeat":"repeat","background-position":"center center","background-size":"auto","background-attachment":"scroll","background-type":"","background-media":"","overlay-type":"","overlay-color":"","overlay-opacity":"","overlay-gradient":""},"tablet":{"background-color":"var(--ast-global-color-5)","background-image":"","background-repeat":"repeat","background-position":"center center","background-size":"auto","background-attachment":"scroll","background-type":"","background-media":"","overlay-type":"","overlay-color":"","overlay-opacity":"","overlay-gradient":""},"mobile":{"background-color":"var(--ast-global-color-5)","background-image":"","background-repeat":"repeat","background-position":"center center","background-size":"auto","background-attachment":"scroll","background-type":"","background-media":"","overlay-type":"","overlay-color":"","overlay-opacity":"","overlay-gradient":""}},"footnotes":""},"class_list":["post-16852","page","type-page","status-publish","hentry"],"acf":[],"yoast_head":"<!-- This site is optimized with the Yoast SEO plugin v27.4 - https:\/\/yoast.com\/product\/yoast-seo-wordpress\/ -->\n<title>Kup dmuchany zamek | Dostawa do Polski<\/title>\n<meta name=\"description\" content=\"Z z nami znajdzieszziesz du\u017c\u017cy wyb\u00f3r wysokiej jako\u015b\u015bc ponton\u00f3w w \u015bwietnych wzorach! \u2713 Dostawa mo\u017cliwa w ca\u0142ej Europie! \u2713 \u0633\u064a\u0628\u0643\u0627 \u0641\u064a\u0633\u064a\u0644\u0643\u0627!\" \/>\n<meta name=\"robots\" content=\"index, follow, max-snippet:-1, max-image-preview:large, max-video-preview:-1\" \/>\n<link rel=\"canonical\" href=\"https:\/\/dodo-inflatables.com\/ar\/%d8%af%d9%88%d8%b3%d8%aa%d8%a7%d9%88%d8%a7-%d8%af%d9%88-%d8%a8%d9%88%d9%84%d8%b3%d9%83%d9%8a\/\" \/>\n<script type=\"application\/ld+json\" class=\"yoast-schema-graph\">{\"@context\":\"https:\\\/\\\/schema.org\",\"@graph\":[{\"@type\":\"WebPage\",\"@id\":\"https:\\\/\\\/dodo-inflatables.com\\\/ar\\\/%d8%af%d9%88%d8%b3%d8%aa%d8%a7%d9%88%d8%a7-%d8%af%d9%88-%d8%a8%d9%88%d9%84%d8%b3%d9%83%d9%8a\\\/\",\"url\":\"https:\\\/\\\/dodo-inflatables.com\\\/ar\\\/%d8%af%d9%88%d8%b3%d8%aa%d8%a7%d9%88%d8%a7-%d8%af%d9%88-%d8%a8%d9%88%d9%84%d8%b3%d9%83%d9%8a\\\/\",\"name\":\"Kup dmuchany zamek | Dostawa do Polski\",\"isPartOf\":{\"@id\":\"https:\\\/\\\/dodo-inflatables.com\\\/ar\\\/#website\"},\"datePublished\":\"2020-04-22T10:16:39+00:00\",\"dateModified\":\"2024-07-17T12:56:32+00:00\",\"description\":\"Z z nami znajdzieszziesz du\u017c\u017cy wyb\u00f3r wysokiej jako\u015b\u015bc ponton\u00f3w w \u015bwietnych wzorach! \u2713 Dostawa mo\u017cliwa w ca\u0142ej Europie! \u2713 \u0633\u064a\u0628\u0643\u0627 \u0641\u064a\u0633\u064a\u0644\u0643\u0627!\",\"breadcrumb\":{\"@id\":\"https:\\\/\\\/dodo-inflatables.com\\\/ar\\\/%d8%af%d9%88%d8%b3%d8%aa%d8%a7%d9%88%d8%a7-%d8%af%d9%88-%d8%a8%d9%88%d9%84%d8%b3%d9%83%d9%8a\\\/#breadcrumb\"},\"inLanguage\":\"ar\",\"potentialAction\":[{\"@type\":\"ReadAction\",\"target\":[\"https:\\\/\\\/dodo-inflatables.com\\\/ar\\\/%d8%af%d9%88%d8%b3%d8%aa%d8%a7%d9%88%d8%a7-%d8%af%d9%88-%d8%a8%d9%88%d9%84%d8%b3%d9%83%d9%8a\\\/\"]}]},{\"@type\":\"BreadcrumbList\",\"@id\":\"https:\\\/\\\/dodo-inflatables.com\\\/ar\\\/%d8%af%d9%88%d8%b3%d8%aa%d8%a7%d9%88%d8%a7-%d8%af%d9%88-%d8%a8%d9%88%d9%84%d8%b3%d9%83%d9%8a\\\/#breadcrumb\",\"itemListElement\":[{\"@type\":\"ListItem\",\"position\":1,\"name\":\"\u0627\u0644\u0631\u0626\u064a\u0633\u064a\u0629\",\"item\":\"https:\\\/\\\/dodo-inflatables.com\\\/ar\\\/\"},{\"@type\":\"ListItem\",\"position\":2,\"name\":\"\u062f\u0648\u0633\u062a\u0627\u0648\u0627 \u062f\u0648 \u0628\u0648\u0644\u0633\u0643\u064a\"}]},{\"@type\":\"WebSite\",\"@id\":\"https:\\\/\\\/dodo-inflatables.com\\\/ar\\\/#website\",\"url\":\"https:\\\/\\\/dodo-inflatables.com\\\/ar\\\/\",\"name\":\"dodo-inflatables.com\",\"description\":\"\u0642\u0645 \u0628\u0634\u0631\u0627\u0621 \u0627\u0644\u0642\u0644\u0627\u0639 \u0627\u0644\u0646\u0637\u0627\u0637\u0629 \u0648\u0627\u0644\u0623\u0644\u0639\u0627\u0628 \u0627\u0644\u062a\u0631\u0641\u064a\u0647\u064a\u0629 \u0641\u064a \u0645\u062a\u062c\u0631\u0646\u0627.\",\"publisher\":{\"@id\":\"https:\\\/\\\/dodo-inflatables.com\\\/ar\\\/#organization\"},\"potentialAction\":[{\"@type\":\"SearchAction\",\"target\":{\"@type\":\"EntryPoint\",\"urlTemplate\":\"https:\\\/\\\/dodo-inflatables.com\\\/ar\\\/?s={search_term_string}\"},\"query-input\":{\"@type\":\"PropertyValueSpecification\",\"valueRequired\":true,\"valueName\":\"search_term_string\"}}],\"inLanguage\":\"ar\"},{\"@type\":\"Organization\",\"@id\":\"https:\\\/\\\/dodo-inflatables.com\\\/ar\\\/#organization\",\"name\":\"dodo-inflatables.com\",\"url\":\"https:\\\/\\\/dodo-inflatables.com\\\/ar\\\/\",\"logo\":{\"@type\":\"ImageObject\",\"inLanguage\":\"ar\",\"@id\":\"https:\\\/\\\/dodo-inflatables.com\\\/ar\\\/#\\\/schema\\\/logo\\\/image\\\/\",\"url\":\"https:\\\/\\\/dodo-inflatables.com\\\/wp-content\\\/uploads\\\/2023\\\/04\\\/cropped-cropped-cropped-Dodo-Logo.png\",\"contentUrl\":\"https:\\\/\\\/dodo-inflatables.com\\\/wp-content\\\/uploads\\\/2023\\\/04\\\/cropped-cropped-cropped-Dodo-Logo.png\",\"width\":2996,\"height\":1545,\"caption\":\"dodo-inflatables.com\"},\"image\":{\"@id\":\"https:\\\/\\\/dodo-inflatables.com\\\/ar\\\/#\\\/schema\\\/logo\\\/image\\\/\"}}]}<\/script>\n<!-- \/ Yoast SEO plugin. -->","yoast_head_json":{"title":"Kup dmuchany zamek | Dostawa do Polski","description":"Z z nami znajdzieszziesz du\u017c\u017cy wyb\u00f3r wysokiej jako\u015b\u015bc ponton\u00f3w w \u015bwietnych wzorach! \u2713 Dostawa mo\u017cliwa w ca\u0142ej Europie! \u2713 \u0633\u064a\u0628\u0643\u0627 \u0641\u064a\u0633\u064a\u0644\u0643\u0627!","robots":{"index":"index","follow":"follow","max-snippet":"max-snippet:-1","max-image-preview":"max-image-preview:large","max-video-preview":"max-video-preview:-1"},"canonical":"https:\/\/dodo-inflatables.com\/ar\/%d8%af%d9%88%d8%b3%d8%aa%d8%a7%d9%88%d8%a7-%d8%af%d9%88-%d8%a8%d9%88%d9%84%d8%b3%d9%83%d9%8a\/","schema":{"@context":"https:\/\/schema.org","@graph":[{"@type":"WebPage","@id":"https:\/\/dodo-inflatables.com\/ar\/%d8%af%d9%88%d8%b3%d8%aa%d8%a7%d9%88%d8%a7-%d8%af%d9%88-%d8%a8%d9%88%d9%84%d8%b3%d9%83%d9%8a\/","url":"https:\/\/dodo-inflatables.com\/ar\/%d8%af%d9%88%d8%b3%d8%aa%d8%a7%d9%88%d8%a7-%d8%af%d9%88-%d8%a8%d9%88%d9%84%d8%b3%d9%83%d9%8a\/","name":"Kup dmuchany zamek | Dostawa do Polski","isPartOf":{"@id":"https:\/\/dodo-inflatables.com\/ar\/#website"},"datePublished":"2020-04-22T10:16:39+00:00","dateModified":"2024-07-17T12:56:32+00:00","description":"Z z nami znajdzieszziesz du\u017c\u017cy wyb\u00f3r wysokiej jako\u015b\u015bc ponton\u00f3w w \u015bwietnych wzorach! \u2713 Dostawa mo\u017cliwa w ca\u0142ej Europie! \u2713 \u0633\u064a\u0628\u0643\u0627 \u0641\u064a\u0633\u064a\u0644\u0643\u0627!","breadcrumb":{"@id":"https:\/\/dodo-inflatables.com\/ar\/%d8%af%d9%88%d8%b3%d8%aa%d8%a7%d9%88%d8%a7-%d8%af%d9%88-%d8%a8%d9%88%d9%84%d8%b3%d9%83%d9%8a\/#breadcrumb"},"inLanguage":"ar","potentialAction":[{"@type":"ReadAction","target":["https:\/\/dodo-inflatables.com\/ar\/%d8%af%d9%88%d8%b3%d8%aa%d8%a7%d9%88%d8%a7-%d8%af%d9%88-%d8%a8%d9%88%d9%84%d8%b3%d9%83%d9%8a\/"]}]},{"@type":"BreadcrumbList","@id":"https:\/\/dodo-inflatables.com\/ar\/%d8%af%d9%88%d8%b3%d8%aa%d8%a7%d9%88%d8%a7-%d8%af%d9%88-%d8%a8%d9%88%d9%84%d8%b3%d9%83%d9%8a\/#breadcrumb","itemListElement":[{"@type":"ListItem","position":1,"name":"\u0627\u0644\u0631\u0626\u064a\u0633\u064a\u0629","item":"https:\/\/dodo-inflatables.com\/ar\/"},{"@type":"ListItem","position":2,"name":"\u062f\u0648\u0633\u062a\u0627\u0648\u0627 \u062f\u0648 \u0628\u0648\u0644\u0633\u0643\u064a"}]},{"@type":"WebSite","@id":"https:\/\/dodo-inflatables.com\/ar\/#website","url":"https:\/\/dodo-inflatables.com\/ar\/","name":"dodo-inflatables.com","description":"\u0642\u0645 \u0628\u0634\u0631\u0627\u0621 \u0627\u0644\u0642\u0644\u0627\u0639 \u0627\u0644\u0646\u0637\u0627\u0637\u0629 \u0648\u0627\u0644\u0623\u0644\u0639\u0627\u0628 \u0627\u0644\u062a\u0631\u0641\u064a\u0647\u064a\u0629 \u0641\u064a \u0645\u062a\u062c\u0631\u0646\u0627.","publisher":{"@id":"https:\/\/dodo-inflatables.com\/ar\/#organization"},"potentialAction":[{"@type":"SearchAction","target":{"@type":"EntryPoint","urlTemplate":"https:\/\/dodo-inflatables.com\/ar\/?s={search_term_string}"},"query-input":{"@type":"PropertyValueSpecification","valueRequired":true,"valueName":"search_term_string"}}],"inLanguage":"ar"},{"@type":"Organization","@id":"https:\/\/dodo-inflatables.com\/ar\/#organization","name":"dodo-inflatables.com","url":"https:\/\/dodo-inflatables.com\/ar\/","logo":{"@type":"ImageObject","inLanguage":"ar","@id":"https:\/\/dodo-inflatables.com\/ar\/#\/schema\/logo\/image\/","url":"https:\/\/dodo-inflatables.com\/wp-content\/uploads\/2023\/04\/cropped-cropped-cropped-Dodo-Logo.png","contentUrl":"https:\/\/dodo-inflatables.com\/wp-content\/uploads\/2023\/04\/cropped-cropped-cropped-Dodo-Logo.png","width":2996,"height":1545,"caption":"dodo-inflatables.com"},"image":{"@id":"https:\/\/dodo-inflatables.com\/ar\/#\/schema\/logo\/image\/"}}]}},"uagb_featured_image_src":{"full":false,"thumbnail":false,"medium":false,"medium_large":false,"large":false,"1536x1536":false,"2048x2048":false,"woocommerce_thumbnail":false,"woocommerce_single":false,"woocommerce_gallery_thumbnail":false},"uagb_author_info":{"display_name":"Andreas","author_link":"https:\/\/dodo-inflatables.com\/ar\/author\/andreas\/"},"uagb_comment_info":0,"uagb_excerpt":"\u062f\u0648\u0633\u062a\u0627\u0648\u0627 \u062f\u0648 \u0628\u0648\u0644\u0633\u0643\u064a Z przyjemnemno\u015b\u015b\u015b\u015b\u015b dostarczamy po\u017c\u0105darczamy dmuchany dmuchany zamek do Polski. Jako osoba osoba prywatna zostanie naliczony niemieciecki podatek \u0636\u0631\u064a\u0628\u0629 \u0627\u0644\u0642\u064a\u0645\u0629 \u0627\u0644\u0645\u0636\u0627\u0641\u0629. \u064a\u062a\u0645 \u062a\u0642\u062f\u064a\u0645\u0647\u0627 \u0628\u0634\u0643\u0644 \u0645\u0646\u062a\u0638\u0645 \u0639\u0628\u0631 \u0627\u0644\u0625\u0646\u062a\u0631\u0646\u062a. \u0647\u0644 \u064a\u0645\u0643\u0646\u0646\u064a \u0623\u0646 \u0623\u0637\u0644\u0628 \u0645\u0646\u0643 \u0623\u0646 \u062a\u0642\u0648\u0645 \u0628\u062a\u0632\u0648\u064a\u062f\u0646\u0627 \u0628\u0645\u0639\u0644\u0648\u0645\u0627\u062a \u0639\u0646 \u0636\u0631\u064a\u0628\u0629 \u0627\u0644\u0642\u064a\u0645\u0629 \u0627\u0644\u0645\u0636\u0627\u0641\u0629\u061f \u0644\u0627 \u064a\u0645\u0643\u0646\u0646\u064a \u0623\u0646 \u0623\u0634\u0631\u062d \u0644\u0643 \u0643\u064a\u0641 \u064a\u0645\u0643\u0646\u0646\u064a \u0623\u0646 \u0623\u0634\u0631\u062d \u0644\u0643 \u0643\u064a\u0641 \u064a\u0645\u0643\u0646\u0646\u064a \u0623\u0646&hellip;","_links":{"self":[{"href":"https:\/\/dodo-inflatables.com\/ar\/wp-json\/wp\/v2\/pages\/16852","targetHints":{"allow":["GET"]}}],"collection":[{"href":"https:\/\/dodo-inflatables.com\/ar\/wp-json\/wp\/v2\/pages"}],"about":[{"href":"https:\/\/dodo-inflatables.com\/ar\/wp-json\/wp\/v2\/types\/page"}],"author":[{"embeddable":true,"href":"https:\/\/dodo-inflatables.com\/ar\/wp-json\/wp\/v2\/users\/1"}],"replies":[{"embeddable":true,"href":"https:\/\/dodo-inflatables.com\/ar\/wp-json\/wp\/v2\/comments?post=16852"}],"version-history":[{"count":2,"href":"https:\/\/dodo-inflatables.com\/ar\/wp-json\/wp\/v2\/pages\/16852\/revisions"}],"predecessor-version":[{"id":16856,"href":"https:\/\/dodo-inflatables.com\/ar\/wp-json\/wp\/v2\/pages\/16852\/revisions\/16856"}],"wp:attachment":[{"href":"https:\/\/dodo-inflatables.com\/ar\/wp-json\/wp\/v2\/media?parent=16852"}],"curies":[{"name":"wp","href":"https:\/\/api.w.org\/{rel}","templated":true}]}}