{"id":16875,"date":"2020-04-22T12:15:24","date_gmt":"2020-04-22T10:15:24","guid":{"rendered":"https:\/\/dodo-inflatables.com\/%d8%a8%d9%8a%d8%ac%d8%a7%d8%af%d9%8a-%d8%a3%d9%88%d8%b2-%d9%84%d8%a7%d8%aa%d9%81%d9%8a%d9%88\/"},"modified":"2024-07-17T14:56:38","modified_gmt":"2024-07-17T12:56:38","slug":"%d8%a8%d9%8a%d8%ac%d8%a7%d8%af%d9%8a-%d8%a3%d9%88%d8%b2-%d9%84%d8%a7%d8%aa%d9%81%d9%8a%d9%88","status":"publish","type":"page","link":"https:\/\/dodo-inflatables.com\/ar\/%d8%a8%d9%8a%d8%ac%d8%a7%d8%af%d9%8a-%d8%a3%d9%88%d8%b2-%d9%84%d8%a7%d8%aa%d9%81%d9%8a%d9%88\/","title":{"rendered":"\u0628\u064a\u062c\u0627\u062f\u064a \u0623\u0648\u0632 \u0644\u0627\u062a\u0641\u064a\u0648"},"content":{"rendered":"\n<h2 class=\"wp-block-heading\" id=\"piegade-uz-latviju\">\u0628\u064a\u062c\u0627\u062f\u064a \u0623\u0648\u0632 \u0644\u0627\u062a\u0641\u064a\u0648<\/h2>\n\n<p>M\u0113s ar priekeku pieg\u0101d\u0101jam v\u0113lamo pomp\u012bgo pili Latvijai.<\/p>\n\n<p>K\u0101 Priv\u0101tt Personai no jums tiks tiks tiks tiks ekas\u0113ts PVN no V\u0101cijas. Pas\u016bt\u012bjumu var \u062a\u0646\u0638\u064a\u0645\u064a veikt tie\u0161aistes veikal\u0101.<\/p>\n\n<p>\u0647\u0644 \u0645\u0646 \u0627\u0644\u0645\u0645\u0643\u0646 \u0623\u0646 \u064a\u0643\u0648\u0646 \u0647\u0646\u0627\u0643 \u0623\u064a \u0646\u0648\u0639 \u0645\u0646 \u0623\u0646\u0648\u0627\u0639 \u0627\u0644\u062a\u0644\u0627\u0639\u0628 \u0641\u064a \u0627\u0644\u0628\u064a\u0627\u0646\u0627\u062a\u061f \u062a\u0627\u062f m\u0113s m\u0113s varam jums jums preces p\u0101rdot bez nodok\u013ciem. \u0644\u0648\u062f\u0632\u0648\u060c \u0628\u0627\u0633\u0648\u062a\u064a\u062a \u0628\u0627\u064a \u0628\u0627\u0633\u062a\u0648.<\/p>\n","protected":false},"excerpt":{"rendered":"<p>\u0628\u064a\u062c\u0627\u062f\u064a \u0623\u0648\u0632 \u0644\u0627\u062a\u0641\u064a\u0648 M\u0113s ar priekeku pieg\u0101d\u0101jam v\u0113lamo pomp\u012bgo pili Latvijai. K\u0101 Priv\u0101tt Personai no jums tiks tiks tiks tiks ekas\u0113ts PVN no V\u0101cijas. Pas\u016bt\u012bjumu var \u062a\u0646\u0638\u064a\u0645\u064a veikt tie\u0161aistes veikal\u0101. \u0647\u0644 \u0645\u0646 \u0627\u0644\u0645\u0645\u0643\u0646 \u0623\u0646 \u064a\u0643\u0648\u0646 \u0647\u0646\u0627\u0643 \u0623\u064a \u0646\u0648\u0639 \u0645\u0646 \u0623\u0646\u0648\u0627\u0639 \u0627\u0644\u062a\u0644\u0627\u0639\u0628 \u0641\u064a \u0627\u0644\u0628\u064a\u0627\u0646\u0627\u062a\u061f \u062a\u0627\u062f m\u0113s m\u0113s varam jums jums preces p\u0101rdot bez nodok\u013ciem. \u0644\u0648\u062f\u0632\u0648\u060c \u0628\u0627\u0633\u0648\u062a\u064a\u062a [&hellip;]<\/p>\n","protected":false},"author":1,"featured_media":0,"parent":0,"menu_order":0,"comment_status":"closed","ping_status":"closed","template":"","meta":{"_acf_changed":false,"_uag_custom_page_level_css":"","site-sidebar-layout":"default","site-content-layout":"content-boxed-container","ast-site-content-layout":"default","site-content-style":"default","site-sidebar-style":"default","ast-global-header-display":"","ast-banner-title-visibility":"","ast-main-header-display":"","ast-hfb-above-header-display":"","ast-hfb-below-header-display":"","ast-hfb-mobile-header-display":"","site-post-title":"disabled","ast-breadcrumbs-content":"disabled","ast-featured-img":"disabled","footer-sml-layout":"","ast-disable-related-posts":"","theme-transparent-header-meta":"","adv-header-id-meta":"4069","stick-header-meta":"","header-above-stick-meta":"","header-main-stick-meta":"","header-below-stick-meta":"","astra-migrate-meta-layouts":"default","ast-page-background-enabled":"default","ast-page-background-meta":{"desktop":{"background-color":"var(--ast-global-color-4)","background-image":"","background-repeat":"repeat","background-position":"center center","background-size":"auto","background-attachment":"scroll","background-type":"","background-media":"","overlay-type":"","overlay-color":"","overlay-opacity":"","overlay-gradient":""},"tablet":{"background-color":"","background-image":"","background-repeat":"repeat","background-position":"center center","background-size":"auto","background-attachment":"scroll","background-type":"","background-media":"","overlay-type":"","overlay-color":"","overlay-opacity":"","overlay-gradient":""},"mobile":{"background-color":"","background-image":"","background-repeat":"repeat","background-position":"center center","background-size":"auto","background-attachment":"scroll","background-type":"","background-media":"","overlay-type":"","overlay-color":"","overlay-opacity":"","overlay-gradient":""}},"ast-content-background-meta":{"desktop":{"background-color":"var(--ast-global-color-5)","background-image":"","background-repeat":"repeat","background-position":"center center","background-size":"auto","background-attachment":"scroll","background-type":"","background-media":"","overlay-type":"","overlay-color":"","overlay-opacity":"","overlay-gradient":""},"tablet":{"background-color":"var(--ast-global-color-5)","background-image":"","background-repeat":"repeat","background-position":"center center","background-size":"auto","background-attachment":"scroll","background-type":"","background-media":"","overlay-type":"","overlay-color":"","overlay-opacity":"","overlay-gradient":""},"mobile":{"background-color":"var(--ast-global-color-5)","background-image":"","background-repeat":"repeat","background-position":"center center","background-size":"auto","background-attachment":"scroll","background-type":"","background-media":"","overlay-type":"","overlay-color":"","overlay-opacity":"","overlay-gradient":""}},"footnotes":""},"class_list":["post-16875","page","type-page","status-publish","hentry"],"acf":[],"yoast_head":"<!-- This site is optimized with the Yoast SEO plugin v27.4 - https:\/\/yoast.com\/product\/yoast-seo-wordpress\/ -->\n<title>\u0628\u064a\u0631\u064a\u0643\u064a\u062a \u0628\u064a\u0628\u064a\u0633\u064a \u0628\u064a\u0644\u064a | P\u0113rciet piepe\u0161i pili | Pieg\u0101de uz Latviju<\/title>\n<meta name=\"description\" content=\"\u0641\u0637\u064a\u0631\u0629 \u0623\u0645\u0647\u0627\u062a \u0627\u0644\u0641\u0637\u064a\u0631\u0629 j\u016bs atrad\u012bsit lielu augstitas kvalit\u00e1tes piep\u016b\u0161amo materi\u00e1lu kl\u0101\u0161amilu kl\u0101\u0161istu liela\u015fka dizain\u0101! \u2713 Pieg\u0101de iesp\u0113jama vis\u0101 Eirop\u0101! \u2713 \u2713 \u2713\" \/>\n<meta name=\"robots\" content=\"index, follow, max-snippet:-1, max-image-preview:large, max-video-preview:-1\" \/>\n<link rel=\"canonical\" href=\"https:\/\/dodo-inflatables.com\/ar\/%d8%a8%d9%8a%d8%ac%d8%a7%d8%af%d9%8a-%d8%a3%d9%88%d8%b2-%d9%84%d8%a7%d8%aa%d9%81%d9%8a%d9%88\/\" \/>\n<script type=\"application\/ld+json\" class=\"yoast-schema-graph\">{\"@context\":\"https:\\\/\\\/schema.org\",\"@graph\":[{\"@type\":\"WebPage\",\"@id\":\"https:\\\/\\\/dodo-inflatables.com\\\/ar\\\/%d8%a8%d9%8a%d8%ac%d8%a7%d8%af%d9%8a-%d8%a3%d9%88%d8%b2-%d9%84%d8%a7%d8%aa%d9%81%d9%8a%d9%88\\\/\",\"url\":\"https:\\\/\\\/dodo-inflatables.com\\\/ar\\\/%d8%a8%d9%8a%d8%ac%d8%a7%d8%af%d9%8a-%d8%a3%d9%88%d8%b2-%d9%84%d8%a7%d8%aa%d9%81%d9%8a%d9%88\\\/\",\"name\":\"\u0628\u064a\u0631\u064a\u0643\u064a\u062a \u0628\u064a\u0628\u064a\u0633\u064a \u0628\u064a\u0644\u064a | P\u0113rciet piepe\u0161i pili | Pieg\u0101de uz Latviju\",\"isPartOf\":{\"@id\":\"https:\\\/\\\/dodo-inflatables.com\\\/ar\\\/#website\"},\"datePublished\":\"2020-04-22T10:15:24+00:00\",\"dateModified\":\"2024-07-17T12:56:38+00:00\",\"description\":\"\u0641\u0637\u064a\u0631\u0629 \u0623\u0645\u0647\u0627\u062a \u0627\u0644\u0641\u0637\u064a\u0631\u0629 j\u016bs atrad\u012bsit lielu augstitas kvalit\u00e1tes piep\u016b\u0161amo materi\u00e1lu kl\u0101\u0161amilu kl\u0101\u0161istu liela\u015fka dizain\u0101! \u2713 Pieg\u0101de iesp\u0113jama vis\u0101 Eirop\u0101! \u2713 \u2713 \u2713\",\"breadcrumb\":{\"@id\":\"https:\\\/\\\/dodo-inflatables.com\\\/ar\\\/%d8%a8%d9%8a%d8%ac%d8%a7%d8%af%d9%8a-%d8%a3%d9%88%d8%b2-%d9%84%d8%a7%d8%aa%d9%81%d9%8a%d9%88\\\/#breadcrumb\"},\"inLanguage\":\"ar\",\"potentialAction\":[{\"@type\":\"ReadAction\",\"target\":[\"https:\\\/\\\/dodo-inflatables.com\\\/ar\\\/%d8%a8%d9%8a%d8%ac%d8%a7%d8%af%d9%8a-%d8%a3%d9%88%d8%b2-%d9%84%d8%a7%d8%aa%d9%81%d9%8a%d9%88\\\/\"]}]},{\"@type\":\"BreadcrumbList\",\"@id\":\"https:\\\/\\\/dodo-inflatables.com\\\/ar\\\/%d8%a8%d9%8a%d8%ac%d8%a7%d8%af%d9%8a-%d8%a3%d9%88%d8%b2-%d9%84%d8%a7%d8%aa%d9%81%d9%8a%d9%88\\\/#breadcrumb\",\"itemListElement\":[{\"@type\":\"ListItem\",\"position\":1,\"name\":\"\u0627\u0644\u0631\u0626\u064a\u0633\u064a\u0629\",\"item\":\"https:\\\/\\\/dodo-inflatables.com\\\/ar\\\/\"},{\"@type\":\"ListItem\",\"position\":2,\"name\":\"\u0628\u064a\u062c\u0627\u062f\u064a \u0623\u0648\u0632 \u0644\u0627\u062a\u0641\u064a\u0648\"}]},{\"@type\":\"WebSite\",\"@id\":\"https:\\\/\\\/dodo-inflatables.com\\\/ar\\\/#website\",\"url\":\"https:\\\/\\\/dodo-inflatables.com\\\/ar\\\/\",\"name\":\"dodo-inflatables.com\",\"description\":\"\u0642\u0645 \u0628\u0634\u0631\u0627\u0621 \u0627\u0644\u0642\u0644\u0627\u0639 \u0627\u0644\u0646\u0637\u0627\u0637\u0629 \u0648\u0627\u0644\u0623\u0644\u0639\u0627\u0628 \u0627\u0644\u062a\u0631\u0641\u064a\u0647\u064a\u0629 \u0641\u064a \u0645\u062a\u062c\u0631\u0646\u0627.\",\"publisher\":{\"@id\":\"https:\\\/\\\/dodo-inflatables.com\\\/ar\\\/#organization\"},\"potentialAction\":[{\"@type\":\"SearchAction\",\"target\":{\"@type\":\"EntryPoint\",\"urlTemplate\":\"https:\\\/\\\/dodo-inflatables.com\\\/ar\\\/?s={search_term_string}\"},\"query-input\":{\"@type\":\"PropertyValueSpecification\",\"valueRequired\":true,\"valueName\":\"search_term_string\"}}],\"inLanguage\":\"ar\"},{\"@type\":\"Organization\",\"@id\":\"https:\\\/\\\/dodo-inflatables.com\\\/ar\\\/#organization\",\"name\":\"dodo-inflatables.com\",\"url\":\"https:\\\/\\\/dodo-inflatables.com\\\/ar\\\/\",\"logo\":{\"@type\":\"ImageObject\",\"inLanguage\":\"ar\",\"@id\":\"https:\\\/\\\/dodo-inflatables.com\\\/ar\\\/#\\\/schema\\\/logo\\\/image\\\/\",\"url\":\"https:\\\/\\\/dodo-inflatables.com\\\/wp-content\\\/uploads\\\/2023\\\/04\\\/cropped-cropped-cropped-Dodo-Logo.png\",\"contentUrl\":\"https:\\\/\\\/dodo-inflatables.com\\\/wp-content\\\/uploads\\\/2023\\\/04\\\/cropped-cropped-cropped-Dodo-Logo.png\",\"width\":2996,\"height\":1545,\"caption\":\"dodo-inflatables.com\"},\"image\":{\"@id\":\"https:\\\/\\\/dodo-inflatables.com\\\/ar\\\/#\\\/schema\\\/logo\\\/image\\\/\"}}]}<\/script>\n<!-- \/ Yoast SEO plugin. -->","yoast_head_json":{"title":"\u0628\u064a\u0631\u064a\u0643\u064a\u062a \u0628\u064a\u0628\u064a\u0633\u064a \u0628\u064a\u0644\u064a | P\u0113rciet piepe\u0161i pili | Pieg\u0101de uz Latviju","description":"\u0641\u0637\u064a\u0631\u0629 \u0623\u0645\u0647\u0627\u062a \u0627\u0644\u0641\u0637\u064a\u0631\u0629 j\u016bs atrad\u012bsit lielu augstitas kvalit\u00e1tes piep\u016b\u0161amo materi\u00e1lu kl\u0101\u0161amilu kl\u0101\u0161istu liela\u015fka dizain\u0101! \u2713 Pieg\u0101de iesp\u0113jama vis\u0101 Eirop\u0101! \u2713 \u2713 \u2713","robots":{"index":"index","follow":"follow","max-snippet":"max-snippet:-1","max-image-preview":"max-image-preview:large","max-video-preview":"max-video-preview:-1"},"canonical":"https:\/\/dodo-inflatables.com\/ar\/%d8%a8%d9%8a%d8%ac%d8%a7%d8%af%d9%8a-%d8%a3%d9%88%d8%b2-%d9%84%d8%a7%d8%aa%d9%81%d9%8a%d9%88\/","schema":{"@context":"https:\/\/schema.org","@graph":[{"@type":"WebPage","@id":"https:\/\/dodo-inflatables.com\/ar\/%d8%a8%d9%8a%d8%ac%d8%a7%d8%af%d9%8a-%d8%a3%d9%88%d8%b2-%d9%84%d8%a7%d8%aa%d9%81%d9%8a%d9%88\/","url":"https:\/\/dodo-inflatables.com\/ar\/%d8%a8%d9%8a%d8%ac%d8%a7%d8%af%d9%8a-%d8%a3%d9%88%d8%b2-%d9%84%d8%a7%d8%aa%d9%81%d9%8a%d9%88\/","name":"\u0628\u064a\u0631\u064a\u0643\u064a\u062a \u0628\u064a\u0628\u064a\u0633\u064a \u0628\u064a\u0644\u064a | P\u0113rciet piepe\u0161i pili | Pieg\u0101de uz Latviju","isPartOf":{"@id":"https:\/\/dodo-inflatables.com\/ar\/#website"},"datePublished":"2020-04-22T10:15:24+00:00","dateModified":"2024-07-17T12:56:38+00:00","description":"\u0641\u0637\u064a\u0631\u0629 \u0623\u0645\u0647\u0627\u062a \u0627\u0644\u0641\u0637\u064a\u0631\u0629 j\u016bs atrad\u012bsit lielu augstitas kvalit\u00e1tes piep\u016b\u0161amo materi\u00e1lu kl\u0101\u0161amilu kl\u0101\u0161istu liela\u015fka dizain\u0101! \u2713 Pieg\u0101de iesp\u0113jama vis\u0101 Eirop\u0101! \u2713 \u2713 \u2713","breadcrumb":{"@id":"https:\/\/dodo-inflatables.com\/ar\/%d8%a8%d9%8a%d8%ac%d8%a7%d8%af%d9%8a-%d8%a3%d9%88%d8%b2-%d9%84%d8%a7%d8%aa%d9%81%d9%8a%d9%88\/#breadcrumb"},"inLanguage":"ar","potentialAction":[{"@type":"ReadAction","target":["https:\/\/dodo-inflatables.com\/ar\/%d8%a8%d9%8a%d8%ac%d8%a7%d8%af%d9%8a-%d8%a3%d9%88%d8%b2-%d9%84%d8%a7%d8%aa%d9%81%d9%8a%d9%88\/"]}]},{"@type":"BreadcrumbList","@id":"https:\/\/dodo-inflatables.com\/ar\/%d8%a8%d9%8a%d8%ac%d8%a7%d8%af%d9%8a-%d8%a3%d9%88%d8%b2-%d9%84%d8%a7%d8%aa%d9%81%d9%8a%d9%88\/#breadcrumb","itemListElement":[{"@type":"ListItem","position":1,"name":"\u0627\u0644\u0631\u0626\u064a\u0633\u064a\u0629","item":"https:\/\/dodo-inflatables.com\/ar\/"},{"@type":"ListItem","position":2,"name":"\u0628\u064a\u062c\u0627\u062f\u064a \u0623\u0648\u0632 \u0644\u0627\u062a\u0641\u064a\u0648"}]},{"@type":"WebSite","@id":"https:\/\/dodo-inflatables.com\/ar\/#website","url":"https:\/\/dodo-inflatables.com\/ar\/","name":"dodo-inflatables.com","description":"\u0642\u0645 \u0628\u0634\u0631\u0627\u0621 \u0627\u0644\u0642\u0644\u0627\u0639 \u0627\u0644\u0646\u0637\u0627\u0637\u0629 \u0648\u0627\u0644\u0623\u0644\u0639\u0627\u0628 \u0627\u0644\u062a\u0631\u0641\u064a\u0647\u064a\u0629 \u0641\u064a \u0645\u062a\u062c\u0631\u0646\u0627.","publisher":{"@id":"https:\/\/dodo-inflatables.com\/ar\/#organization"},"potentialAction":[{"@type":"SearchAction","target":{"@type":"EntryPoint","urlTemplate":"https:\/\/dodo-inflatables.com\/ar\/?s={search_term_string}"},"query-input":{"@type":"PropertyValueSpecification","valueRequired":true,"valueName":"search_term_string"}}],"inLanguage":"ar"},{"@type":"Organization","@id":"https:\/\/dodo-inflatables.com\/ar\/#organization","name":"dodo-inflatables.com","url":"https:\/\/dodo-inflatables.com\/ar\/","logo":{"@type":"ImageObject","inLanguage":"ar","@id":"https:\/\/dodo-inflatables.com\/ar\/#\/schema\/logo\/image\/","url":"https:\/\/dodo-inflatables.com\/wp-content\/uploads\/2023\/04\/cropped-cropped-cropped-Dodo-Logo.png","contentUrl":"https:\/\/dodo-inflatables.com\/wp-content\/uploads\/2023\/04\/cropped-cropped-cropped-Dodo-Logo.png","width":2996,"height":1545,"caption":"dodo-inflatables.com"},"image":{"@id":"https:\/\/dodo-inflatables.com\/ar\/#\/schema\/logo\/image\/"}}]}},"uagb_featured_image_src":{"full":false,"thumbnail":false,"medium":false,"medium_large":false,"large":false,"1536x1536":false,"2048x2048":false,"woocommerce_thumbnail":false,"woocommerce_single":false,"woocommerce_gallery_thumbnail":false},"uagb_author_info":{"display_name":"Andreas","author_link":"https:\/\/dodo-inflatables.com\/ar\/author\/andreas\/"},"uagb_comment_info":0,"uagb_excerpt":"\u0628\u064a\u062c\u0627\u062f\u064a \u0623\u0648\u0632 \u0644\u0627\u062a\u0641\u064a\u0648 M\u0113s ar priekeku pieg\u0101d\u0101jam v\u0113lamo pomp\u012bgo pili Latvijai. K\u0101 Priv\u0101tt Personai no jums tiks tiks tiks tiks ekas\u0113ts PVN no V\u0101cijas. Pas\u016bt\u012bjumu var \u062a\u0646\u0638\u064a\u0645\u064a veikt tie\u0161aistes veikal\u0101. \u0647\u0644 \u0645\u0646 \u0627\u0644\u0645\u0645\u0643\u0646 \u0623\u0646 \u064a\u0643\u0648\u0646 \u0647\u0646\u0627\u0643 \u0623\u064a \u0646\u0648\u0639 \u0645\u0646 \u0623\u0646\u0648\u0627\u0639 \u0627\u0644\u062a\u0644\u0627\u0639\u0628 \u0641\u064a \u0627\u0644\u0628\u064a\u0627\u0646\u0627\u062a\u061f \u062a\u0627\u062f m\u0113s m\u0113s varam jums jums preces p\u0101rdot bez nodok\u013ciem. \u0644\u0648\u062f\u0632\u0648\u060c \u0628\u0627\u0633\u0648\u062a\u064a\u062a&hellip;","_links":{"self":[{"href":"https:\/\/dodo-inflatables.com\/ar\/wp-json\/wp\/v2\/pages\/16875","targetHints":{"allow":["GET"]}}],"collection":[{"href":"https:\/\/dodo-inflatables.com\/ar\/wp-json\/wp\/v2\/pages"}],"about":[{"href":"https:\/\/dodo-inflatables.com\/ar\/wp-json\/wp\/v2\/types\/page"}],"author":[{"embeddable":true,"href":"https:\/\/dodo-inflatables.com\/ar\/wp-json\/wp\/v2\/users\/1"}],"replies":[{"embeddable":true,"href":"https:\/\/dodo-inflatables.com\/ar\/wp-json\/wp\/v2\/comments?post=16875"}],"version-history":[{"count":2,"href":"https:\/\/dodo-inflatables.com\/ar\/wp-json\/wp\/v2\/pages\/16875\/revisions"}],"predecessor-version":[{"id":16879,"href":"https:\/\/dodo-inflatables.com\/ar\/wp-json\/wp\/v2\/pages\/16875\/revisions\/16879"}],"wp:attachment":[{"href":"https:\/\/dodo-inflatables.com\/ar\/wp-json\/wp\/v2\/media?parent=16875"}],"curies":[{"name":"wp","href":"https:\/\/api.w.org\/{rel}","templated":true}]}}