{"id":16931,"date":"2020-04-22T12:14:18","date_gmt":"2020-04-22T10:14:18","guid":{"rendered":"https:\/\/dodo-inflatables.com\/%d9%84%d9%8a%d9%88%d9%8a%d8%b1%d9%88%d9%86%d8%ba-%d8%b2%d9%88-%d9%84%d9%8a%d8%aa%d8%b2%d9%8a%d8%a8%d9%8a%d8%b1%d8%ba\/"},"modified":"2024-07-17T14:56:45","modified_gmt":"2024-07-17T12:56:45","slug":"%d9%84%d9%8a%d9%88%d9%8a%d8%b1%d9%88%d9%86%d8%ba-%d8%b2%d9%88-%d9%84%d9%8a%d8%aa%d8%b2%d9%8a%d8%a8%d9%8a%d8%b1%d8%ba","status":"publish","type":"page","link":"https:\/\/dodo-inflatables.com\/ar\/%d9%84%d9%8a%d9%88%d9%8a%d8%b1%d9%88%d9%86%d8%ba-%d8%b2%d9%88-%d9%84%d9%8a%d8%aa%d8%b2%d9%8a%d8%a8%d9%8a%d8%b1%d8%ba\/","title":{"rendered":"\u0644\u064a\u0648\u064a\u0631\u0648\u0646\u063a \u0632\u0648 \u0644\u064a\u062a\u0632\u064a\u0628\u064a\u0631\u063a"},"content":{"rendered":"\n<h2 class=\"wp-block-heading\" id=\"liwwerung-zu-letzebuerg\">\u0644\u064a\u0648\u064a\u0631\u0648\u0646\u063a \u0632\u0648 \u0644\u064a\u062a\u0632\u064a\u0628\u064a\u0631\u063a<\/h2>\n\n<p>Mir si frou, dat gew\u00ebnschte Bounebuerg zu L\u00ebtzebuerg ze liweren.<\/p>\n\n<p>Als Privatpersoun Privatpersoun w\u00e4ert D\u00e4itsch TVA reprochiert ginn. Dir k\u00ebnnt d&#8217;Bestellung regelm\u00e9isseg iwwer den Online Shop ausf\u00e9ieren.<\/p>\n\n<p>Bestellt Dir dir als Firma an hutt eng valabel Steiernummer (TVA)\u061f Da k\u00ebnne mir Iech d&#8217;Wuer steierfr\u00e4i verkafen. Fir d\u00ebst, mellt \u00c4r Bestellung mat eis per E-Mail.<\/p>\n","protected":false},"excerpt":{"rendered":"<p>\u0644\u064a\u0648\u064a\u0631\u0648\u0646\u063a \u0632\u0648 \u0644\u064a\u062a\u0632\u064a\u0628\u064a\u0631\u063a Mir si frou, dat gew\u00ebnschte Bounebuerg zu L\u00ebtzebuerg ze liweren. Als Privatpersoun Privatpersoun w\u00e4ert D\u00e4itsch TVA reprochiert ginn. Dir k\u00ebnnt d&#8217;Bestellung regelm\u00e9isseg iwwer den Online Shop ausf\u00e9ieren. Bestellt Dir dir als Firma an hutt eng valabel Steiernummer (TVA)\u061f Da k\u00ebnne mir Iech d&#8217;Wuer steierfr\u00e4i verkafen. Fir d\u00ebst, mellt \u00c4r Bestellung mat eis [&hellip;]<\/p>\n","protected":false},"author":1,"featured_media":0,"parent":0,"menu_order":0,"comment_status":"closed","ping_status":"closed","template":"","meta":{"_acf_changed":false,"_uag_custom_page_level_css":"","site-sidebar-layout":"default","site-content-layout":"content-boxed-container","ast-site-content-layout":"default","site-content-style":"default","site-sidebar-style":"default","ast-global-header-display":"","ast-banner-title-visibility":"","ast-main-header-display":"","ast-hfb-above-header-display":"","ast-hfb-below-header-display":"","ast-hfb-mobile-header-display":"","site-post-title":"disabled","ast-breadcrumbs-content":"disabled","ast-featured-img":"disabled","footer-sml-layout":"","ast-disable-related-posts":"","theme-transparent-header-meta":"","adv-header-id-meta":"4069","stick-header-meta":"","header-above-stick-meta":"","header-main-stick-meta":"","header-below-stick-meta":"","astra-migrate-meta-layouts":"default","ast-page-background-enabled":"default","ast-page-background-meta":{"desktop":{"background-color":"var(--ast-global-color-4)","background-image":"","background-repeat":"repeat","background-position":"center center","background-size":"auto","background-attachment":"scroll","background-type":"","background-media":"","overlay-type":"","overlay-color":"","overlay-opacity":"","overlay-gradient":""},"tablet":{"background-color":"","background-image":"","background-repeat":"repeat","background-position":"center center","background-size":"auto","background-attachment":"scroll","background-type":"","background-media":"","overlay-type":"","overlay-color":"","overlay-opacity":"","overlay-gradient":""},"mobile":{"background-color":"","background-image":"","background-repeat":"repeat","background-position":"center center","background-size":"auto","background-attachment":"scroll","background-type":"","background-media":"","overlay-type":"","overlay-color":"","overlay-opacity":"","overlay-gradient":""}},"ast-content-background-meta":{"desktop":{"background-color":"var(--ast-global-color-5)","background-image":"","background-repeat":"repeat","background-position":"center center","background-size":"auto","background-attachment":"scroll","background-type":"","background-media":"","overlay-type":"","overlay-color":"","overlay-opacity":"","overlay-gradient":""},"tablet":{"background-color":"var(--ast-global-color-5)","background-image":"","background-repeat":"repeat","background-position":"center center","background-size":"auto","background-attachment":"scroll","background-type":"","background-media":"","overlay-type":"","overlay-color":"","overlay-opacity":"","overlay-gradient":""},"mobile":{"background-color":"var(--ast-global-color-5)","background-image":"","background-repeat":"repeat","background-position":"center center","background-size":"auto","background-attachment":"scroll","background-type":"","background-media":"","overlay-type":"","overlay-color":"","overlay-opacity":"","overlay-gradient":""}},"footnotes":""},"class_list":["post-16931","page","type-page","status-publish","hentry"],"acf":[],"yoast_head":"<!-- This site is optimized with the Yoast SEO plugin v27.4 - https:\/\/yoast.com\/product\/yoast-seo-wordpress\/ -->\n<title>\u0643\u0627\u0641\u062a \u0628\u0648\u0646\u0634\u0644\u0627\u0633 | \u0644\u064a\u0648\u064a\u0631\u0648\u0646\u063a \u0632\u0648 \u0644\u064a\u062a\u0632\u064a\u0628\u064a\u0631\u063a<\/title>\n<meta name=\"description\" content=\"Mat eis fannt Dir grous grouss Auswiel u Qualit\u00e9itsblues a Super Designen! \u2713 \u0644\u064a\u0648\u064a\u0631\u0648\u0646\u063a \u0645\u064a\u063a\u0644\u064a\u0634 \u062f\u0648\u064a\u0631\u0634 \u063a\u0627\u0646\u0632 \u064a\u0648\u0631\u0648\u0628\u0627! \u2713 Schnell Versand!\" \/>\n<meta name=\"robots\" content=\"index, follow, max-snippet:-1, max-image-preview:large, max-video-preview:-1\" \/>\n<link rel=\"canonical\" href=\"https:\/\/dodo-inflatables.com\/ar\/%d9%84%d9%8a%d9%88%d9%8a%d8%b1%d9%88%d9%86%d8%ba-%d8%b2%d9%88-%d9%84%d9%8a%d8%aa%d8%b2%d9%8a%d8%a8%d9%8a%d8%b1%d8%ba\/\" \/>\n<script type=\"application\/ld+json\" class=\"yoast-schema-graph\">{\"@context\":\"https:\\\/\\\/schema.org\",\"@graph\":[{\"@type\":\"WebPage\",\"@id\":\"https:\\\/\\\/dodo-inflatables.com\\\/ar\\\/%d9%84%d9%8a%d9%88%d9%8a%d8%b1%d9%88%d9%86%d8%ba-%d8%b2%d9%88-%d9%84%d9%8a%d8%aa%d8%b2%d9%8a%d8%a8%d9%8a%d8%b1%d8%ba\\\/\",\"url\":\"https:\\\/\\\/dodo-inflatables.com\\\/ar\\\/%d9%84%d9%8a%d9%88%d9%8a%d8%b1%d9%88%d9%86%d8%ba-%d8%b2%d9%88-%d9%84%d9%8a%d8%aa%d8%b2%d9%8a%d8%a8%d9%8a%d8%b1%d8%ba\\\/\",\"name\":\"\u0643\u0627\u0641\u062a \u0628\u0648\u0646\u0634\u0644\u0627\u0633 | \u0644\u064a\u0648\u064a\u0631\u0648\u0646\u063a \u0632\u0648 \u0644\u064a\u062a\u0632\u064a\u0628\u064a\u0631\u063a\",\"isPartOf\":{\"@id\":\"https:\\\/\\\/dodo-inflatables.com\\\/ar\\\/#website\"},\"datePublished\":\"2020-04-22T10:14:18+00:00\",\"dateModified\":\"2024-07-17T12:56:45+00:00\",\"description\":\"Mat eis fannt Dir grous grouss Auswiel u Qualit\u00e9itsblues a Super Designen! \u2713 \u0644\u064a\u0648\u064a\u0631\u0648\u0646\u063a \u0645\u064a\u063a\u0644\u064a\u0634 \u062f\u0648\u064a\u0631\u0634 \u063a\u0627\u0646\u0632 \u064a\u0648\u0631\u0648\u0628\u0627! \u2713 Schnell Versand!\",\"breadcrumb\":{\"@id\":\"https:\\\/\\\/dodo-inflatables.com\\\/ar\\\/%d9%84%d9%8a%d9%88%d9%8a%d8%b1%d9%88%d9%86%d8%ba-%d8%b2%d9%88-%d9%84%d9%8a%d8%aa%d8%b2%d9%8a%d8%a8%d9%8a%d8%b1%d8%ba\\\/#breadcrumb\"},\"inLanguage\":\"ar\",\"potentialAction\":[{\"@type\":\"ReadAction\",\"target\":[\"https:\\\/\\\/dodo-inflatables.com\\\/ar\\\/%d9%84%d9%8a%d9%88%d9%8a%d8%b1%d9%88%d9%86%d8%ba-%d8%b2%d9%88-%d9%84%d9%8a%d8%aa%d8%b2%d9%8a%d8%a8%d9%8a%d8%b1%d8%ba\\\/\"]}]},{\"@type\":\"BreadcrumbList\",\"@id\":\"https:\\\/\\\/dodo-inflatables.com\\\/ar\\\/%d9%84%d9%8a%d9%88%d9%8a%d8%b1%d9%88%d9%86%d8%ba-%d8%b2%d9%88-%d9%84%d9%8a%d8%aa%d8%b2%d9%8a%d8%a8%d9%8a%d8%b1%d8%ba\\\/#breadcrumb\",\"itemListElement\":[{\"@type\":\"ListItem\",\"position\":1,\"name\":\"\u0627\u0644\u0631\u0626\u064a\u0633\u064a\u0629\",\"item\":\"https:\\\/\\\/dodo-inflatables.com\\\/ar\\\/\"},{\"@type\":\"ListItem\",\"position\":2,\"name\":\"\u0644\u064a\u0648\u064a\u0631\u0648\u0646\u063a \u0632\u0648 \u0644\u064a\u062a\u0632\u064a\u0628\u064a\u0631\u063a\"}]},{\"@type\":\"WebSite\",\"@id\":\"https:\\\/\\\/dodo-inflatables.com\\\/ar\\\/#website\",\"url\":\"https:\\\/\\\/dodo-inflatables.com\\\/ar\\\/\",\"name\":\"dodo-inflatables.com\",\"description\":\"\u0642\u0645 \u0628\u0634\u0631\u0627\u0621 \u0627\u0644\u0642\u0644\u0627\u0639 \u0627\u0644\u0646\u0637\u0627\u0637\u0629 \u0648\u0627\u0644\u0623\u0644\u0639\u0627\u0628 \u0627\u0644\u062a\u0631\u0641\u064a\u0647\u064a\u0629 \u0641\u064a \u0645\u062a\u062c\u0631\u0646\u0627.\",\"publisher\":{\"@id\":\"https:\\\/\\\/dodo-inflatables.com\\\/ar\\\/#organization\"},\"potentialAction\":[{\"@type\":\"SearchAction\",\"target\":{\"@type\":\"EntryPoint\",\"urlTemplate\":\"https:\\\/\\\/dodo-inflatables.com\\\/ar\\\/?s={search_term_string}\"},\"query-input\":{\"@type\":\"PropertyValueSpecification\",\"valueRequired\":true,\"valueName\":\"search_term_string\"}}],\"inLanguage\":\"ar\"},{\"@type\":\"Organization\",\"@id\":\"https:\\\/\\\/dodo-inflatables.com\\\/ar\\\/#organization\",\"name\":\"dodo-inflatables.com\",\"url\":\"https:\\\/\\\/dodo-inflatables.com\\\/ar\\\/\",\"logo\":{\"@type\":\"ImageObject\",\"inLanguage\":\"ar\",\"@id\":\"https:\\\/\\\/dodo-inflatables.com\\\/ar\\\/#\\\/schema\\\/logo\\\/image\\\/\",\"url\":\"https:\\\/\\\/dodo-inflatables.com\\\/wp-content\\\/uploads\\\/2023\\\/04\\\/cropped-cropped-cropped-Dodo-Logo.png\",\"contentUrl\":\"https:\\\/\\\/dodo-inflatables.com\\\/wp-content\\\/uploads\\\/2023\\\/04\\\/cropped-cropped-cropped-Dodo-Logo.png\",\"width\":2996,\"height\":1545,\"caption\":\"dodo-inflatables.com\"},\"image\":{\"@id\":\"https:\\\/\\\/dodo-inflatables.com\\\/ar\\\/#\\\/schema\\\/logo\\\/image\\\/\"}}]}<\/script>\n<!-- \/ Yoast SEO plugin. -->","yoast_head_json":{"title":"\u0643\u0627\u0641\u062a \u0628\u0648\u0646\u0634\u0644\u0627\u0633 | \u0644\u064a\u0648\u064a\u0631\u0648\u0646\u063a \u0632\u0648 \u0644\u064a\u062a\u0632\u064a\u0628\u064a\u0631\u063a","description":"Mat eis fannt Dir grous grouss Auswiel u Qualit\u00e9itsblues a Super Designen! \u2713 \u0644\u064a\u0648\u064a\u0631\u0648\u0646\u063a \u0645\u064a\u063a\u0644\u064a\u0634 \u062f\u0648\u064a\u0631\u0634 \u063a\u0627\u0646\u0632 \u064a\u0648\u0631\u0648\u0628\u0627! \u2713 Schnell Versand!","robots":{"index":"index","follow":"follow","max-snippet":"max-snippet:-1","max-image-preview":"max-image-preview:large","max-video-preview":"max-video-preview:-1"},"canonical":"https:\/\/dodo-inflatables.com\/ar\/%d9%84%d9%8a%d9%88%d9%8a%d8%b1%d9%88%d9%86%d8%ba-%d8%b2%d9%88-%d9%84%d9%8a%d8%aa%d8%b2%d9%8a%d8%a8%d9%8a%d8%b1%d8%ba\/","schema":{"@context":"https:\/\/schema.org","@graph":[{"@type":"WebPage","@id":"https:\/\/dodo-inflatables.com\/ar\/%d9%84%d9%8a%d9%88%d9%8a%d8%b1%d9%88%d9%86%d8%ba-%d8%b2%d9%88-%d9%84%d9%8a%d8%aa%d8%b2%d9%8a%d8%a8%d9%8a%d8%b1%d8%ba\/","url":"https:\/\/dodo-inflatables.com\/ar\/%d9%84%d9%8a%d9%88%d9%8a%d8%b1%d9%88%d9%86%d8%ba-%d8%b2%d9%88-%d9%84%d9%8a%d8%aa%d8%b2%d9%8a%d8%a8%d9%8a%d8%b1%d8%ba\/","name":"\u0643\u0627\u0641\u062a \u0628\u0648\u0646\u0634\u0644\u0627\u0633 | \u0644\u064a\u0648\u064a\u0631\u0648\u0646\u063a \u0632\u0648 \u0644\u064a\u062a\u0632\u064a\u0628\u064a\u0631\u063a","isPartOf":{"@id":"https:\/\/dodo-inflatables.com\/ar\/#website"},"datePublished":"2020-04-22T10:14:18+00:00","dateModified":"2024-07-17T12:56:45+00:00","description":"Mat eis fannt Dir grous grouss Auswiel u Qualit\u00e9itsblues a Super Designen! \u2713 \u0644\u064a\u0648\u064a\u0631\u0648\u0646\u063a \u0645\u064a\u063a\u0644\u064a\u0634 \u062f\u0648\u064a\u0631\u0634 \u063a\u0627\u0646\u0632 \u064a\u0648\u0631\u0648\u0628\u0627! \u2713 Schnell Versand!","breadcrumb":{"@id":"https:\/\/dodo-inflatables.com\/ar\/%d9%84%d9%8a%d9%88%d9%8a%d8%b1%d9%88%d9%86%d8%ba-%d8%b2%d9%88-%d9%84%d9%8a%d8%aa%d8%b2%d9%8a%d8%a8%d9%8a%d8%b1%d8%ba\/#breadcrumb"},"inLanguage":"ar","potentialAction":[{"@type":"ReadAction","target":["https:\/\/dodo-inflatables.com\/ar\/%d9%84%d9%8a%d9%88%d9%8a%d8%b1%d9%88%d9%86%d8%ba-%d8%b2%d9%88-%d9%84%d9%8a%d8%aa%d8%b2%d9%8a%d8%a8%d9%8a%d8%b1%d8%ba\/"]}]},{"@type":"BreadcrumbList","@id":"https:\/\/dodo-inflatables.com\/ar\/%d9%84%d9%8a%d9%88%d9%8a%d8%b1%d9%88%d9%86%d8%ba-%d8%b2%d9%88-%d9%84%d9%8a%d8%aa%d8%b2%d9%8a%d8%a8%d9%8a%d8%b1%d8%ba\/#breadcrumb","itemListElement":[{"@type":"ListItem","position":1,"name":"\u0627\u0644\u0631\u0626\u064a\u0633\u064a\u0629","item":"https:\/\/dodo-inflatables.com\/ar\/"},{"@type":"ListItem","position":2,"name":"\u0644\u064a\u0648\u064a\u0631\u0648\u0646\u063a \u0632\u0648 \u0644\u064a\u062a\u0632\u064a\u0628\u064a\u0631\u063a"}]},{"@type":"WebSite","@id":"https:\/\/dodo-inflatables.com\/ar\/#website","url":"https:\/\/dodo-inflatables.com\/ar\/","name":"dodo-inflatables.com","description":"\u0642\u0645 \u0628\u0634\u0631\u0627\u0621 \u0627\u0644\u0642\u0644\u0627\u0639 \u0627\u0644\u0646\u0637\u0627\u0637\u0629 \u0648\u0627\u0644\u0623\u0644\u0639\u0627\u0628 \u0627\u0644\u062a\u0631\u0641\u064a\u0647\u064a\u0629 \u0641\u064a \u0645\u062a\u062c\u0631\u0646\u0627.","publisher":{"@id":"https:\/\/dodo-inflatables.com\/ar\/#organization"},"potentialAction":[{"@type":"SearchAction","target":{"@type":"EntryPoint","urlTemplate":"https:\/\/dodo-inflatables.com\/ar\/?s={search_term_string}"},"query-input":{"@type":"PropertyValueSpecification","valueRequired":true,"valueName":"search_term_string"}}],"inLanguage":"ar"},{"@type":"Organization","@id":"https:\/\/dodo-inflatables.com\/ar\/#organization","name":"dodo-inflatables.com","url":"https:\/\/dodo-inflatables.com\/ar\/","logo":{"@type":"ImageObject","inLanguage":"ar","@id":"https:\/\/dodo-inflatables.com\/ar\/#\/schema\/logo\/image\/","url":"https:\/\/dodo-inflatables.com\/wp-content\/uploads\/2023\/04\/cropped-cropped-cropped-Dodo-Logo.png","contentUrl":"https:\/\/dodo-inflatables.com\/wp-content\/uploads\/2023\/04\/cropped-cropped-cropped-Dodo-Logo.png","width":2996,"height":1545,"caption":"dodo-inflatables.com"},"image":{"@id":"https:\/\/dodo-inflatables.com\/ar\/#\/schema\/logo\/image\/"}}]}},"uagb_featured_image_src":{"full":false,"thumbnail":false,"medium":false,"medium_large":false,"large":false,"1536x1536":false,"2048x2048":false,"woocommerce_thumbnail":false,"woocommerce_single":false,"woocommerce_gallery_thumbnail":false},"uagb_author_info":{"display_name":"Andreas","author_link":"https:\/\/dodo-inflatables.com\/ar\/author\/andreas\/"},"uagb_comment_info":0,"uagb_excerpt":"\u0644\u064a\u0648\u064a\u0631\u0648\u0646\u063a \u0632\u0648 \u0644\u064a\u062a\u0632\u064a\u0628\u064a\u0631\u063a Mir si frou, dat gew\u00ebnschte Bounebuerg zu L\u00ebtzebuerg ze liweren. Als Privatpersoun Privatpersoun w\u00e4ert D\u00e4itsch TVA reprochiert ginn. Dir k\u00ebnnt d&#8217;Bestellung regelm\u00e9isseg iwwer den Online Shop ausf\u00e9ieren. Bestellt Dir dir als Firma an hutt eng valabel Steiernummer (TVA)\u061f Da k\u00ebnne mir Iech d&#8217;Wuer steierfr\u00e4i verkafen. Fir d\u00ebst, mellt \u00c4r Bestellung mat eis&hellip;","_links":{"self":[{"href":"https:\/\/dodo-inflatables.com\/ar\/wp-json\/wp\/v2\/pages\/16931","targetHints":{"allow":["GET"]}}],"collection":[{"href":"https:\/\/dodo-inflatables.com\/ar\/wp-json\/wp\/v2\/pages"}],"about":[{"href":"https:\/\/dodo-inflatables.com\/ar\/wp-json\/wp\/v2\/types\/page"}],"author":[{"embeddable":true,"href":"https:\/\/dodo-inflatables.com\/ar\/wp-json\/wp\/v2\/users\/1"}],"replies":[{"embeddable":true,"href":"https:\/\/dodo-inflatables.com\/ar\/wp-json\/wp\/v2\/comments?post=16931"}],"version-history":[{"count":2,"href":"https:\/\/dodo-inflatables.com\/ar\/wp-json\/wp\/v2\/pages\/16931\/revisions"}],"predecessor-version":[{"id":16934,"href":"https:\/\/dodo-inflatables.com\/ar\/wp-json\/wp\/v2\/pages\/16931\/revisions\/16934"}],"wp:attachment":[{"href":"https:\/\/dodo-inflatables.com\/ar\/wp-json\/wp\/v2\/media?parent=16931"}],"curies":[{"name":"wp","href":"https:\/\/api.w.org\/{rel}","templated":true}]}}