{"id":17107,"date":"2024-03-07T18:43:40","date_gmt":"2024-03-07T17:43:40","guid":{"rendered":"https:\/\/dodo-inflatables.com\/aufblasbare-rutschen-und-hupffburgen-kaufen-nach-deutschland\/"},"modified":"2024-07-17T15:08:29","modified_gmt":"2024-07-17T13:08:29","slug":"aufblasbare-rutschen-und-hupffburgen-kaufen-nach-deutschland","status":"publish","type":"page","link":"https:\/\/dodo-inflatables.com\/ar\/aufblasbare-rutschen-und-hupffburgen-kaufen-nach-deutschland\/","title":{"rendered":"Aufblasbare Rutschen und H\u00fcpffburgen kaufen nach Deutschland"},"content":{"rendered":"\n<h2 class=\"wp-block-heading has-text-align-center\"><strong>Aufblasbare Rutschen und H\u00fcpffburgen kaufen nach Deutschland<\/strong><\/h2>\n\n<figure class=\"wp-block-image aligncenter size-large\"><a href=\"https:\/\/dodo-inflatables.com\/wp-content\/uploads\/2022\/01\/seperator-kleiner.png\"><img loading=\"lazy\" decoding=\"async\" width=\"1024\" height=\"102\" src=\"https:\/\/dodo-inflatables.com\/wp-content\/uploads\/2022\/01\/seperator-kleiner-1024x102.png\" alt=\"\" class=\"wp-image-4026\" srcset=\"https:\/\/dodo-inflatables.com\/wp-content\/uploads\/2022\/01\/seperator-kleiner-1024x102.png 1024w, https:\/\/dodo-inflatables.com\/wp-content\/uploads\/2022\/01\/seperator-kleiner-900x90.png 900w, https:\/\/dodo-inflatables.com\/wp-content\/uploads\/2022\/01\/seperator-kleiner-300x30.png 300w, https:\/\/dodo-inflatables.com\/wp-content\/uploads\/2022\/01\/seperator-kleiner-768x77.png 768w, https:\/\/dodo-inflatables.com\/wp-content\/uploads\/2022\/01\/seperator-kleiner-1536x154.png 1536w, https:\/\/dodo-inflatables.com\/wp-content\/uploads\/2022\/01\/seperator-kleiner-340x34.png 340w, https:\/\/dodo-inflatables.com\/wp-content\/uploads\/2022\/01\/seperator-kleiner.png 2000w\" sizes=\"auto, (max-width: 1024px) 100vw, 1024px\" \/><\/a><\/figure>\n\n<h3 class=\"wp-block-heading has-text-align-center\">Willkommen bei Dodo-Inflatables.com &#8211; \u0645\u062a\u062c\u0631\u0646\u0627 \u0627\u0644\u0625\u0644\u0643\u062a\u0631\u0648\u0646\u064a \u0627\u0644\u062e\u0627\u0635 \u0628\u0643 \u0639\u0644\u0649 \u0627\u0644\u0625\u0646\u062a\u0631\u0646\u062a \u0644 H\u00fcpffburgen \u0641\u064a \u0623\u0648\u0631\u0648\u0628\u0627!<\/h3>\n\n<p style=\"font-size:17px\">\u0627\u062d\u0635\u0644 \u0639\u0644\u0649 \u0645\u062c\u0645\u0648\u0639\u0629 \u0645\u062a\u0646\u0648\u0639\u0629 \u0645\u0646 \u0645\u0646\u062a\u062c\u0627\u062a\u0646\u0627 \u0645\u0646 \u0645\u062c\u0645\u0648\u0639\u0629 H\u00fcpffburgen H\u00fcpfburgen \u0639\u0627\u0644\u064a\u0629 \u0627\u0644\u062c\u0648\u062f\u0629 \u0648 Aufblasbaren Schl\u00f6ssern \u0648 Rutschen\u060c \u0648\u0627\u0644\u062a\u064a \u062a\u0645\u0648\u062a \u0641\u064a \u0643\u0644 \u0645\u0631\u0629 \u0641\u064a \u0643\u0644 \u0645\u0643\u0627\u0646. \u0633\u0648\u0627\u0621 \u0643\u0646\u062a \u062a\u0628\u062d\u062b \u0639\u0646 H\u00fcpffburg \u0643\u0628\u064a\u0631 \u0644\u062d\u062f\u062b \u0645\u0624\u0633\u0633\u064a\u060c \u0623\u0648 \u0639\u0646 H\u00fcpfschloss \u0635\u063a\u064a\u0631 \u0644\u062d\u062f\u062b \u0635\u063a\u064a\u0631 \u0644\u0637\u0641\u0644\u060c \u0623\u0648 \u0639\u0646 H\u00fcpfburg \u0645\u0639 Rutsche \u0644\u062d\u0641\u0644\u0629 \u0635\u064a\u0641\u064a\u0629 &#8211; \u0641\u0627\u0628\u062d\u062b \u0639\u0646 \u0645\u0643\u0627\u0646 \u0645\u0646\u0627\u0633\u0628 \u0644\u0643 &#8211; \u0641\u0633\u0646\u062c\u062f \u0644\u0643 \u0643\u0644 \u0645\u0627 \u0647\u0648 \u0645\u0636\u0645\u0648\u0646!<\/p>\n\n<p style=\"font-size:17px\">\u0645\u062c\u0645\u0648\u0639\u0629 Unser Sortiment \u0644\u0627 \u062a\u0636\u0645 \u0645\u062c\u0645\u0648\u0639\u0629 \u0645\u062a\u0646\u0648\u0639\u0629 \u0645\u0646 \u0645\u0646\u062a\u062c\u0627\u062a H\u00fcpfburgen\u060c \u0628\u0644 \u0623\u064a\u0636\u064b\u0627 \u0645\u062c\u0645\u0648\u0639\u0629 \u0645\u062a\u0646\u0648\u0639\u0629 \u0645\u0646 \u0645\u0646\u062a\u062c\u0627\u062a Zubeh\u00f6r\u060c \u0645\u062b\u0644 Gibbons \u0648 Huawei Gebl\u00e4se \u0644 H\u00fcpfburgen.<\/p>\n\n<p style=\"font-size:17px\"><strong>\u062a\u0628\u0644\u063a \u062a\u0643\u0644\u0641\u0629<\/strong> \u062e\u062f\u0645\u0629 Versand einer H\u00fcpffburg und des Zubeh\u00f6rs entsprechenden Zubeh\u00f6rs nach <strong>Deutschland 128,95\u20ac<\/strong>. Ein Paket mit H\u00fcpffburgen Zubeh\u00f6r kostet 9,95\u20ac. \u0641\u064a \u062d\u0627\u0644 \u0643\u0627\u0646 H\u00fcpffburg auf Lager ist\u060c \u0641\u064a\u0645\u0643\u0646\u0643 \u0641\u0648\u0631\u064b\u0627 \u0627\u0644\u0648\u0635\u0648\u0644 \u0625\u0644\u0649 Zahlungseingseingang \u0625\u0644\u0649 \u0645\u0648\u0642\u0639\u0643. Die Lieferung nach Deutschland dauert ca. <strong>2 &#8211; 4 Werktage<\/strong>. Eine Selbstabholung \u0641\u064a \u0628\u064a\u062a \u0634\u0628\u0627\u0628\u0646\u0627 \u0641\u064a \u0645\u064a\u0648\u0646\u064a\u062e\u060c \u0623\u0644\u0645\u0627\u0646\u064a\u0627 \u0645\u0645\u0643\u0646.<\/p>\n\n<p style=\"font-size:17px\">\u062c\u0645\u064a\u0639 \u0623\u062c\u0647\u0632\u0629 H\u00fcpffburgen \u0627\u0644\u062e\u0627\u0635\u0629 \u0628\u0646\u0627 \u062a\u0633\u062a\u0648\u0641\u064a \u0645\u0639\u0627\u064a\u064a\u0631 \u0627\u0644\u0633\u0644\u0627\u0645\u0629 <strong>DIN EN 14960\u060c <\/strong>\u0648\u0647\u064a \u0645\u0641\u064a\u062f\u0629 \u0644\u0644\u0642\u0637\u0627\u0639 \u0627\u0644\u062e\u0627\u0635 \u0648\u0627\u0644\u0639\u0645\u0644\u064a. \u064a\u0645\u0643\u0646\u0643\u0645 \u0627\u0644\u062d\u0635\u0648\u0644 \u0639\u0644\u0649 \u062a\u0641\u0627\u0635\u064a\u0644 Leitfaden Leitfaden \u0628\u0639\u062f \u0627\u0644\u062d\u0635\u0648\u0644 \u0639\u0644\u0649 \u062a\u0631\u062e\u064a\u0635 \u0645\u0646 \u0634\u0631\u0643\u0629 Versand der H\u00fcpfburg\u060c \u0628\u0627\u0644\u0625\u0636\u0627\u0641\u0629 \u0625\u0644\u0649 \u0634\u0647\u0627\u062f\u0629 \u062a\u0639\u0631\u064a\u0641\u064a\u0629 \u062e\u0627\u0635\u0629 \u0628 H\u00fcpfburg \u0627\u0644\u062c\u062f\u064a\u062f\u0629.<\/p>\n\n<p style=\"font-size:17px\">Mehrwertsteuersteuerbefreiung f\u00fcr Unternehmen! \u0625\u0630\u0627 \u0643\u0646\u062a \u062a\u0639\u0645\u0644 \u0641\u064a \u0634\u0631\u0643\u0629\u060c \u0641\u0642\u0645 \u0628\u0625\u0631\u0633\u0627\u0644 \u0631\u0642\u0645 \u062a\u0639\u0631\u064a\u0641 \u0627\u0644\u0645\u0633\u062a\u062e\u062f\u0645 \u0625\u0644\u0649 \u0645\u0643\u062a\u0628\u0643 \u0641\u064a \u0645\u0643\u062a\u0628\u0643 \u0641\u064a \u0645\u0643\u062a\u0628\u0643 \u0641\u064a \u0627\u0644\u0645\u0637\u0627\u0631\u060c \u062d\u062a\u0649 \u062a\u062a\u0645\u0643\u0646 \u0645\u0646 \u0627\u0644\u062d\u0635\u0648\u0644 \u0639\u0644\u0649 \u0627\u0644\u0645\u0639\u0644\u0648\u0645\u0627\u062a \u0627\u0644\u0645\u0637\u0644\u0648\u0628\u0629.<\/p>\n\n<p style=\"font-size:17px\">\u0633\u0648\u0627\u0621 \u0623\u0643\u0646\u062a \u0634\u062e\u0635\u064b\u0627 \u062e\u0627\u0635\u064b\u0627 \u062a\u0631\u063a\u0628 \u0641\u064a \u0627\u0644\u062d\u0635\u0648\u0644 \u0639\u0644\u0649 H\u00fcpffburg \u0645\u0646 \u0623\u062c\u0644 \u0645\u0647\u0631\u062c\u0627\u0646 \u0639\u0627\u0626\u0644\u064a \u062c\u062f\u064a\u062f \u0645\u062b\u0644 \u0647\u0630\u0627 \u0627\u0644\u0645\u0647\u0631\u062c\u0627\u0646 \u0623\u0648 \u0643\u0646\u062a \u0634\u062e\u0635\u064b\u0627 \u0639\u0627\u0645\u0644\u0627\u064b \u0641\u064a \u0645\u062c\u0627\u0644 \u0627\u0644\u0623\u0639\u0645\u0627\u0644 \u0627\u0644\u062a\u062c\u0627\u0631\u064a\u0629 \u0623\u0648 \u0643\u0646\u062a \u0645\u0646 \u0627\u0644\u0623\u0634\u062e\u0627\u0635 \u0627\u0644\u0630\u064a\u0646 \u064a\u0631\u063a\u0628\u0648\u0646 \u0641\u064a \u0627\u0644\u062d\u0635\u0648\u0644 \u0639\u0644\u0649 \u0645\u0646\u062a\u062c\u0627\u062a\u0646\u0627 &#8211; \u0641\u0625\u0646 H\u00fcpfburgen \u0627\u0644\u062e\u0627\u0635\u0629 \u0628\u0646\u0627 \u0633\u062a\u0643\u0648\u0646 \u0645\u0646\u0627\u0633\u0628\u0629 \u0644\u0643. \u0625\u0646 \u0645\u0639\u0638\u0645 \u0639\u0645\u0644\u0627\u0626\u0646\u0627 \u0641\u064a \u062c\u0645\u064a\u0639 \u0623\u0646\u062d\u0627\u0621 \u0623\u0648\u0631\u0648\u0628\u0627 \u0647\u0645 \u0645\u0646 \u0639\u0645\u0644\u0627\u0621 H\u00fcpffburgenvermieter\u060c \u0627\u0644\u0630\u064a\u0646 \u064a\u0645\u0648\u062a\u0648\u0646 \u0645\u0646 \u0623\u062c\u0644 \u0645\u0646\u062a\u062c\u0627\u062a\u0646\u0627 \u0641\u064a \u062c\u0645\u064a\u0639 \u0623\u0646\u062d\u0627\u0621 \u0623\u0648\u0631\u0648\u0628\u0627.<\/p>\n\n<p style=\"font-size:17px\">W\u00fcnschen w\u00fcnschen dir viel Spa\u00df beim St\u00f6bern in unserem Online Shop und stehen bei Fragen gerne unter <a href=\"mailto:contact@dodo-inflatables.com\">contact@dodo-inflatables.com<\/a> zur Verf\u00fcgung oder besuche unseren deutschen Online Shop: <a href=\"https:\/\/huepfburg-guenstig-kaufen.de\/\">huepfburg-guenstig-kaufen.de<\/a>!<\/p>\n\n<div style=\"height:100px\" aria-hidden=\"true\" class=\"wp-block-spacer\"><\/div>\n","protected":false},"excerpt":{"rendered":"<p>Aufblasbare Rutschen und H\u00fcpffburgen kaufen nach Deutschland Willkommen bei Dodo-Inflatables.com &#8211; \u0645\u062a\u062c\u0631\u0646\u0627 \u0627\u0644\u0625\u0644\u0643\u062a\u0631\u0648\u0646\u064a \u0627\u0644\u062e\u0627\u0635 \u0628\u0643 \u0639\u0644\u0649 \u0627\u0644\u0625\u0646\u062a\u0631\u0646\u062a \u0644 H\u00fcpffburgen \u0641\u064a \u0623\u0648\u0631\u0648\u0628\u0627! \u0627\u062d\u0635\u0644 \u0639\u0644\u0649 \u0645\u062c\u0645\u0648\u0639\u0629 \u0645\u062a\u0646\u0648\u0639\u0629 \u0645\u0646 \u0645\u0646\u062a\u062c\u0627\u062a\u0646\u0627 \u0645\u0646 \u0645\u062c\u0645\u0648\u0639\u0629 H\u00fcpffburgen H\u00fcpfburgen \u0639\u0627\u0644\u064a\u0629 \u0627\u0644\u062c\u0648\u062f\u0629 \u0648 Aufblasbaren Schl\u00f6ssern \u0648 Rutschen\u060c \u0648\u0627\u0644\u062a\u064a \u062a\u0645\u0648\u062a \u0641\u064a \u0643\u0644 \u0645\u0631\u0629 \u0641\u064a \u0643\u0644 \u0645\u0643\u0627\u0646. \u0633\u0648\u0627\u0621 \u0643\u0646\u062a \u062a\u0628\u062d\u062b \u0639\u0646 H\u00fcpffburg \u0643\u0628\u064a\u0631 \u0644\u062d\u062f\u062b \u0645\u0624\u0633\u0633\u064a\u060c \u0623\u0648 [&hellip;]<\/p>\n","protected":false},"author":1,"featured_media":0,"parent":0,"menu_order":0,"comment_status":"closed","ping_status":"closed","template":"","meta":{"_acf_changed":false,"_uag_custom_page_level_css":"","site-sidebar-layout":"default","site-content-layout":"","ast-site-content-layout":"normal-width-container","site-content-style":"boxed","site-sidebar-style":"default","ast-global-header-display":"","ast-banner-title-visibility":"","ast-main-header-display":"","ast-hfb-above-header-display":"","ast-hfb-below-header-display":"","ast-hfb-mobile-header-display":"","site-post-title":"","ast-breadcrumbs-content":"","ast-featured-img":"","footer-sml-layout":"","ast-disable-related-posts":"","theme-transparent-header-meta":"","adv-header-id-meta":"4069","stick-header-meta":"","header-above-stick-meta":"","header-main-stick-meta":"","header-below-stick-meta":"","astra-migrate-meta-layouts":"default","ast-page-background-enabled":"default","ast-page-background-meta":{"desktop":{"background-color":"var(--ast-global-color-4)","background-image":"","background-repeat":"repeat","background-position":"center center","background-size":"auto","background-attachment":"scroll","background-type":"","background-media":"","overlay-type":"","overlay-color":"","overlay-opacity":"","overlay-gradient":""},"tablet":{"background-color":"","background-image":"","background-repeat":"repeat","background-position":"center center","background-size":"auto","background-attachment":"scroll","background-type":"","background-media":"","overlay-type":"","overlay-color":"","overlay-opacity":"","overlay-gradient":""},"mobile":{"background-color":"","background-image":"","background-repeat":"repeat","background-position":"center center","background-size":"auto","background-attachment":"scroll","background-type":"","background-media":"","overlay-type":"","overlay-color":"","overlay-opacity":"","overlay-gradient":""}},"ast-content-background-meta":{"desktop":{"background-color":"var(--ast-global-color-5)","background-image":"","background-repeat":"repeat","background-position":"center center","background-size":"auto","background-attachment":"scroll","background-type":"","background-media":"","overlay-type":"","overlay-color":"","overlay-opacity":"","overlay-gradient":""},"tablet":{"background-color":"var(--ast-global-color-5)","background-image":"","background-repeat":"repeat","background-position":"center center","background-size":"auto","background-attachment":"scroll","background-type":"","background-media":"","overlay-type":"","overlay-color":"","overlay-opacity":"","overlay-gradient":""},"mobile":{"background-color":"var(--ast-global-color-5)","background-image":"","background-repeat":"repeat","background-position":"center center","background-size":"auto","background-attachment":"scroll","background-type":"","background-media":"","overlay-type":"","overlay-color":"","overlay-opacity":"","overlay-gradient":""}},"footnotes":""},"class_list":["post-17107","page","type-page","status-publish","hentry"],"acf":[],"yoast_head":"<!-- This site is optimized with the Yoast SEO plugin v27.3 - https:\/\/yoast.com\/product\/yoast-seo-wordpress\/ -->\n<title>Aufblasbare Rutschen und H\u00fcpffburgen kaufen nach Deutschland - dodo-inflatables.com<\/title>\n<meta name=\"robots\" content=\"index, follow, max-snippet:-1, max-image-preview:large, max-video-preview:-1\" \/>\n<link rel=\"canonical\" href=\"https:\/\/dodo-inflatables.com\/ar\/aufblasbare-rutschen-und-hupffburgen-kaufen-nach-deutschland\/\" \/>\n<meta name=\"twitter:label1\" content=\"\u0648\u0642\u062a \u0627\u0644\u0642\u0631\u0627\u0621\u0629 \u0627\u0644\u0645\u064f\u0642\u062f\u0651\u0631\" \/>\n\t<meta name=\"twitter:data1\" content=\"1 \u062f\u0642\u064a\u0642\u0629\" \/>\n<script type=\"application\/ld+json\" class=\"yoast-schema-graph\">{\"@context\":\"https:\\\/\\\/schema.org\",\"@graph\":[{\"@type\":\"WebPage\",\"@id\":\"https:\\\/\\\/dodo-inflatables.com\\\/ar\\\/aufblasbare-rutschen-und-hupffburgen-kaufen-nach-deutschland\\\/\",\"url\":\"https:\\\/\\\/dodo-inflatables.com\\\/ar\\\/aufblasbare-rutschen-und-hupffburgen-kaufen-nach-deutschland\\\/\",\"name\":\"Aufblasbare Rutschen und H\u00fcpffburgen kaufen nach Deutschland - dodo-inflatables.com\",\"isPartOf\":{\"@id\":\"https:\\\/\\\/dodo-inflatables.com\\\/ar\\\/#website\"},\"primaryImageOfPage\":{\"@id\":\"https:\\\/\\\/dodo-inflatables.com\\\/ar\\\/aufblasbare-rutschen-und-hupffburgen-kaufen-nach-deutschland\\\/#primaryimage\"},\"image\":{\"@id\":\"https:\\\/\\\/dodo-inflatables.com\\\/ar\\\/aufblasbare-rutschen-und-hupffburgen-kaufen-nach-deutschland\\\/#primaryimage\"},\"thumbnailUrl\":\"https:\\\/\\\/dodo-inflatables.com\\\/wp-content\\\/uploads\\\/2022\\\/01\\\/seperator-kleiner-1024x102.png\",\"datePublished\":\"2024-03-07T17:43:40+00:00\",\"dateModified\":\"2024-07-17T13:08:29+00:00\",\"breadcrumb\":{\"@id\":\"https:\\\/\\\/dodo-inflatables.com\\\/ar\\\/aufblasbare-rutschen-und-hupffburgen-kaufen-nach-deutschland\\\/#breadcrumb\"},\"inLanguage\":\"ar\",\"potentialAction\":[{\"@type\":\"ReadAction\",\"target\":[\"https:\\\/\\\/dodo-inflatables.com\\\/ar\\\/aufblasbare-rutschen-und-hupffburgen-kaufen-nach-deutschland\\\/\"]}]},{\"@type\":\"ImageObject\",\"inLanguage\":\"ar\",\"@id\":\"https:\\\/\\\/dodo-inflatables.com\\\/ar\\\/aufblasbare-rutschen-und-hupffburgen-kaufen-nach-deutschland\\\/#primaryimage\",\"url\":\"https:\\\/\\\/dodo-inflatables.com\\\/wp-content\\\/uploads\\\/2022\\\/01\\\/seperator-kleiner-1024x102.png\",\"contentUrl\":\"https:\\\/\\\/dodo-inflatables.com\\\/wp-content\\\/uploads\\\/2022\\\/01\\\/seperator-kleiner-1024x102.png\"},{\"@type\":\"BreadcrumbList\",\"@id\":\"https:\\\/\\\/dodo-inflatables.com\\\/ar\\\/aufblasbare-rutschen-und-hupffburgen-kaufen-nach-deutschland\\\/#breadcrumb\",\"itemListElement\":[{\"@type\":\"ListItem\",\"position\":1,\"name\":\"\u0627\u0644\u0631\u0626\u064a\u0633\u064a\u0629\",\"item\":\"https:\\\/\\\/dodo-inflatables.com\\\/ar\\\/\"},{\"@type\":\"ListItem\",\"position\":2,\"name\":\"Aufblasbare Rutschen und H\u00fcpffburgen kaufen nach Deutschland\"}]},{\"@type\":\"WebSite\",\"@id\":\"https:\\\/\\\/dodo-inflatables.com\\\/ar\\\/#website\",\"url\":\"https:\\\/\\\/dodo-inflatables.com\\\/ar\\\/\",\"name\":\"dodo-inflatables.com\",\"description\":\"\u0642\u0645 \u0628\u0634\u0631\u0627\u0621 \u0627\u0644\u0642\u0644\u0627\u0639 \u0627\u0644\u0646\u0637\u0627\u0637\u0629 \u0648\u0627\u0644\u0623\u0644\u0639\u0627\u0628 \u0627\u0644\u062a\u0631\u0641\u064a\u0647\u064a\u0629 \u0641\u064a \u0645\u062a\u062c\u0631\u0646\u0627.\",\"publisher\":{\"@id\":\"https:\\\/\\\/dodo-inflatables.com\\\/ar\\\/#organization\"},\"potentialAction\":[{\"@type\":\"SearchAction\",\"target\":{\"@type\":\"EntryPoint\",\"urlTemplate\":\"https:\\\/\\\/dodo-inflatables.com\\\/ar\\\/?s={search_term_string}\"},\"query-input\":{\"@type\":\"PropertyValueSpecification\",\"valueRequired\":true,\"valueName\":\"search_term_string\"}}],\"inLanguage\":\"ar\"},{\"@type\":\"Organization\",\"@id\":\"https:\\\/\\\/dodo-inflatables.com\\\/ar\\\/#organization\",\"name\":\"dodo-inflatables.com\",\"url\":\"https:\\\/\\\/dodo-inflatables.com\\\/ar\\\/\",\"logo\":{\"@type\":\"ImageObject\",\"inLanguage\":\"ar\",\"@id\":\"https:\\\/\\\/dodo-inflatables.com\\\/ar\\\/#\\\/schema\\\/logo\\\/image\\\/\",\"url\":\"https:\\\/\\\/dodo-inflatables.com\\\/wp-content\\\/uploads\\\/2023\\\/04\\\/cropped-cropped-cropped-Dodo-Logo.png\",\"contentUrl\":\"https:\\\/\\\/dodo-inflatables.com\\\/wp-content\\\/uploads\\\/2023\\\/04\\\/cropped-cropped-cropped-Dodo-Logo.png\",\"width\":2996,\"height\":1545,\"caption\":\"dodo-inflatables.com\"},\"image\":{\"@id\":\"https:\\\/\\\/dodo-inflatables.com\\\/ar\\\/#\\\/schema\\\/logo\\\/image\\\/\"}}]}<\/script>\n<!-- \/ Yoast SEO plugin. -->","yoast_head_json":{"title":"Aufblasbare Rutschen und H\u00fcpffburgen kaufen nach Deutschland - dodo-inflatables.com","robots":{"index":"index","follow":"follow","max-snippet":"max-snippet:-1","max-image-preview":"max-image-preview:large","max-video-preview":"max-video-preview:-1"},"canonical":"https:\/\/dodo-inflatables.com\/ar\/aufblasbare-rutschen-und-hupffburgen-kaufen-nach-deutschland\/","twitter_misc":{"\u0648\u0642\u062a \u0627\u0644\u0642\u0631\u0627\u0621\u0629 \u0627\u0644\u0645\u064f\u0642\u062f\u0651\u0631":"1 \u062f\u0642\u064a\u0642\u0629"},"schema":{"@context":"https:\/\/schema.org","@graph":[{"@type":"WebPage","@id":"https:\/\/dodo-inflatables.com\/ar\/aufblasbare-rutschen-und-hupffburgen-kaufen-nach-deutschland\/","url":"https:\/\/dodo-inflatables.com\/ar\/aufblasbare-rutschen-und-hupffburgen-kaufen-nach-deutschland\/","name":"Aufblasbare Rutschen und H\u00fcpffburgen kaufen nach Deutschland - dodo-inflatables.com","isPartOf":{"@id":"https:\/\/dodo-inflatables.com\/ar\/#website"},"primaryImageOfPage":{"@id":"https:\/\/dodo-inflatables.com\/ar\/aufblasbare-rutschen-und-hupffburgen-kaufen-nach-deutschland\/#primaryimage"},"image":{"@id":"https:\/\/dodo-inflatables.com\/ar\/aufblasbare-rutschen-und-hupffburgen-kaufen-nach-deutschland\/#primaryimage"},"thumbnailUrl":"https:\/\/dodo-inflatables.com\/wp-content\/uploads\/2022\/01\/seperator-kleiner-1024x102.png","datePublished":"2024-03-07T17:43:40+00:00","dateModified":"2024-07-17T13:08:29+00:00","breadcrumb":{"@id":"https:\/\/dodo-inflatables.com\/ar\/aufblasbare-rutschen-und-hupffburgen-kaufen-nach-deutschland\/#breadcrumb"},"inLanguage":"ar","potentialAction":[{"@type":"ReadAction","target":["https:\/\/dodo-inflatables.com\/ar\/aufblasbare-rutschen-und-hupffburgen-kaufen-nach-deutschland\/"]}]},{"@type":"ImageObject","inLanguage":"ar","@id":"https:\/\/dodo-inflatables.com\/ar\/aufblasbare-rutschen-und-hupffburgen-kaufen-nach-deutschland\/#primaryimage","url":"https:\/\/dodo-inflatables.com\/wp-content\/uploads\/2022\/01\/seperator-kleiner-1024x102.png","contentUrl":"https:\/\/dodo-inflatables.com\/wp-content\/uploads\/2022\/01\/seperator-kleiner-1024x102.png"},{"@type":"BreadcrumbList","@id":"https:\/\/dodo-inflatables.com\/ar\/aufblasbare-rutschen-und-hupffburgen-kaufen-nach-deutschland\/#breadcrumb","itemListElement":[{"@type":"ListItem","position":1,"name":"\u0627\u0644\u0631\u0626\u064a\u0633\u064a\u0629","item":"https:\/\/dodo-inflatables.com\/ar\/"},{"@type":"ListItem","position":2,"name":"Aufblasbare Rutschen und H\u00fcpffburgen kaufen nach Deutschland"}]},{"@type":"WebSite","@id":"https:\/\/dodo-inflatables.com\/ar\/#website","url":"https:\/\/dodo-inflatables.com\/ar\/","name":"dodo-inflatables.com","description":"\u0642\u0645 \u0628\u0634\u0631\u0627\u0621 \u0627\u0644\u0642\u0644\u0627\u0639 \u0627\u0644\u0646\u0637\u0627\u0637\u0629 \u0648\u0627\u0644\u0623\u0644\u0639\u0627\u0628 \u0627\u0644\u062a\u0631\u0641\u064a\u0647\u064a\u0629 \u0641\u064a \u0645\u062a\u062c\u0631\u0646\u0627.","publisher":{"@id":"https:\/\/dodo-inflatables.com\/ar\/#organization"},"potentialAction":[{"@type":"SearchAction","target":{"@type":"EntryPoint","urlTemplate":"https:\/\/dodo-inflatables.com\/ar\/?s={search_term_string}"},"query-input":{"@type":"PropertyValueSpecification","valueRequired":true,"valueName":"search_term_string"}}],"inLanguage":"ar"},{"@type":"Organization","@id":"https:\/\/dodo-inflatables.com\/ar\/#organization","name":"dodo-inflatables.com","url":"https:\/\/dodo-inflatables.com\/ar\/","logo":{"@type":"ImageObject","inLanguage":"ar","@id":"https:\/\/dodo-inflatables.com\/ar\/#\/schema\/logo\/image\/","url":"https:\/\/dodo-inflatables.com\/wp-content\/uploads\/2023\/04\/cropped-cropped-cropped-Dodo-Logo.png","contentUrl":"https:\/\/dodo-inflatables.com\/wp-content\/uploads\/2023\/04\/cropped-cropped-cropped-Dodo-Logo.png","width":2996,"height":1545,"caption":"dodo-inflatables.com"},"image":{"@id":"https:\/\/dodo-inflatables.com\/ar\/#\/schema\/logo\/image\/"}}]}},"uagb_featured_image_src":{"full":false,"thumbnail":false,"medium":false,"medium_large":false,"large":false,"1536x1536":false,"2048x2048":false,"woocommerce_thumbnail":false,"woocommerce_single":false,"woocommerce_gallery_thumbnail":false},"uagb_author_info":{"display_name":"Andreas","author_link":"https:\/\/dodo-inflatables.com\/ar\/author\/andreas\/"},"uagb_comment_info":0,"uagb_excerpt":"Aufblasbare Rutschen und H\u00fcpffburgen kaufen nach Deutschland Willkommen bei Dodo-Inflatables.com &#8211; \u0645\u062a\u062c\u0631\u0646\u0627 \u0627\u0644\u0625\u0644\u0643\u062a\u0631\u0648\u0646\u064a \u0627\u0644\u062e\u0627\u0635 \u0628\u0643 \u0639\u0644\u0649 \u0627\u0644\u0625\u0646\u062a\u0631\u0646\u062a \u0644 H\u00fcpffburgen \u0641\u064a \u0623\u0648\u0631\u0648\u0628\u0627! \u0627\u062d\u0635\u0644 \u0639\u0644\u0649 \u0645\u062c\u0645\u0648\u0639\u0629 \u0645\u062a\u0646\u0648\u0639\u0629 \u0645\u0646 \u0645\u0646\u062a\u062c\u0627\u062a\u0646\u0627 \u0645\u0646 \u0645\u062c\u0645\u0648\u0639\u0629 H\u00fcpffburgen H\u00fcpfburgen \u0639\u0627\u0644\u064a\u0629 \u0627\u0644\u062c\u0648\u062f\u0629 \u0648 Aufblasbaren Schl\u00f6ssern \u0648 Rutschen\u060c \u0648\u0627\u0644\u062a\u064a \u062a\u0645\u0648\u062a \u0641\u064a \u0643\u0644 \u0645\u0631\u0629 \u0641\u064a \u0643\u0644 \u0645\u0643\u0627\u0646. \u0633\u0648\u0627\u0621 \u0643\u0646\u062a \u062a\u0628\u062d\u062b \u0639\u0646 H\u00fcpffburg \u0643\u0628\u064a\u0631 \u0644\u062d\u062f\u062b \u0645\u0624\u0633\u0633\u064a\u060c \u0623\u0648&hellip;","_links":{"self":[{"href":"https:\/\/dodo-inflatables.com\/ar\/wp-json\/wp\/v2\/pages\/17107","targetHints":{"allow":["GET"]}}],"collection":[{"href":"https:\/\/dodo-inflatables.com\/ar\/wp-json\/wp\/v2\/pages"}],"about":[{"href":"https:\/\/dodo-inflatables.com\/ar\/wp-json\/wp\/v2\/types\/page"}],"author":[{"embeddable":true,"href":"https:\/\/dodo-inflatables.com\/ar\/wp-json\/wp\/v2\/users\/1"}],"replies":[{"embeddable":true,"href":"https:\/\/dodo-inflatables.com\/ar\/wp-json\/wp\/v2\/comments?post=17107"}],"version-history":[{"count":2,"href":"https:\/\/dodo-inflatables.com\/ar\/wp-json\/wp\/v2\/pages\/17107\/revisions"}],"predecessor-version":[{"id":17111,"href":"https:\/\/dodo-inflatables.com\/ar\/wp-json\/wp\/v2\/pages\/17107\/revisions\/17111"}],"wp:attachment":[{"href":"https:\/\/dodo-inflatables.com\/ar\/wp-json\/wp\/v2\/media?parent=17107"}],"curies":[{"name":"wp","href":"https:\/\/api.w.org\/{rel}","templated":true}]}}