{"id":17154,"date":"2024-03-07T18:38:16","date_gmt":"2024-03-07T17:38:16","guid":{"rendered":"https:\/\/dodo-inflatables.com\/blini-rri-rreshqitese-me-fryrje-dhe-keshtjella-kercyese-ne-shqiperi\/"},"modified":"2024-07-17T15:08:36","modified_gmt":"2024-07-17T13:08:36","slug":"blini-rri-rreshqitese-me-fryrje-dhe-keshtjella-kercyese-ne-shqiperi","status":"publish","type":"page","link":"https:\/\/dodo-inflatables.com\/ar\/blini-rri-rreshqitese-me-fryrje-dhe-keshtjella-kercyese-ne-shqiperi\/","title":{"rendered":"Blini rr\u012b rr\u00ebshqit\u00ebse me fryrje dhe k\u00ebshtjella k\u00ebrcyese n\u00eb Shqip\u00ebri"},"content":{"rendered":"\n<h2 class=\"wp-block-heading has-text-align-center\">Blini rr\u012b rr\u00ebshqit\u00ebse me fryrje dhe k\u00ebshtjella k\u00ebrcyese n\u00eb Shqip\u00ebri<\/h2>\n\n<figure class=\"wp-block-image aligncenter size-large\"><a href=\"https:\/\/dodo-inflatables.com\/wp-content\/uploads\/2022\/01\/seperator-kleiner.png\"><img fetchpriority=\"high\" decoding=\"async\" width=\"1024\" height=\"102\" src=\"https:\/\/dodo-inflatables.com\/wp-content\/uploads\/2022\/01\/seperator-kleiner-1024x102.png\" alt=\"\" class=\"wp-image-4026\" srcset=\"https:\/\/dodo-inflatables.com\/wp-content\/uploads\/2022\/01\/seperator-kleiner-1024x102.png 1024w, https:\/\/dodo-inflatables.com\/wp-content\/uploads\/2022\/01\/seperator-kleiner-900x90.png 900w, https:\/\/dodo-inflatables.com\/wp-content\/uploads\/2022\/01\/seperator-kleiner-300x30.png 300w, https:\/\/dodo-inflatables.com\/wp-content\/uploads\/2022\/01\/seperator-kleiner-768x77.png 768w, https:\/\/dodo-inflatables.com\/wp-content\/uploads\/2022\/01\/seperator-kleiner-1536x154.png 1536w, https:\/\/dodo-inflatables.com\/wp-content\/uploads\/2022\/01\/seperator-kleiner-340x34.png 340w, https:\/\/dodo-inflatables.com\/wp-content\/uploads\/2022\/01\/seperator-kleiner.png 2000w\" sizes=\"(max-width: 1024px) 100vw, 1024px\" \/><\/a><\/figure>\n\n<h2 class=\"wp-block-heading has-text-align-center\">Mir\u00eb se vini n\u00eb Dodo-Inflatables.com &#8211; dyqani yn\u00eb \u0639\u0644\u0649 \u0627\u0644\u0625\u0646\u062a\u0631\u0646\u062a p\u00ebr k\u00ebshtjellat k\u00ebrcyese n\u00eb Evrop\u00eb!<\/h2>\n\n<p style=\"font-size:17px\">:: \u064a\u0646\u0628\u063a\u064a \u0623\u0646 \u064a\u0643\u0648\u0646 \u0647\u0646\u0627\u0643 \u062a\u0639\u0627\u0648\u0646 \u0648\u062b\u064a\u0642 \u0628\u064a\u0646 \u0627\u0644\u062f\u0648\u0644 \u0627\u0644\u0623\u0639\u0636\u0627\u0621 \u0641\u064a \u0627\u0644\u0623\u0645\u0645 \u0627\u0644\u0645\u062a\u062d\u062f\u0629 \u0641\u064a \u0645\u062c\u0627\u0644 \u062d\u0642\u0648\u0642 \u0627\u0644\u0625\u0646\u0633\u0627\u0646 \u0641\u064a \u0645\u062c\u0627\u0644 \u062d\u0642\u0648\u0642 \u0627\u0644\u0625\u0646\u0633\u0627\u0646. N\u00ebse jeni duke k\u00ebrkuar p\u00ebr nj\u00eb k\u00ebshtjell\u00eb t\u00eb madhe k\u00ebrcyese p\u00ebr nj\u00eb ngjarje kompanie, \u0648 \u0644\u0627 \u064a\u0645\u0643\u0646\u0646\u064a \u0623\u0646 \u0623\u062a\u062d\u062f\u062b \u0639\u0646 \u0647\u0630\u0627 \u0627\u0644\u0623\u0645\u0631 \u0625\u0644\u0627 \u0628\u0639\u062f \u0623\u0646 \u0623\u0636\u0639\u0647 \u0641\u064a \u0627\u0644\u0627\u0639\u062a\u0628\u0627\u0631\u060c \u0648 \u0644\u0627 \u064a\u0645\u0643\u0646\u0646\u064a \u0623\u0646 \u0623\u062a\u062d\u062f\u062b \u0639\u0646 \u0647\u0630\u0627 \u0627\u0644\u0623\u0645\u0631 \u0625\u0644\u0627 \u0628\u0639\u062f \u0623\u0646 \u0623\u0636\u0639\u0647 \u0641\u064a \u0627\u0644\u0627\u0639\u062a\u0628\u0627\u0631.<\/p>\n\n<p style=\"font-size:17px\">Gama jon\u00eb p\u00ebrfshin jo vet\u00ebm nj\u00eb shum\u00ebllojshm\u00ebri k\u00ebshtjellash k\u00ebrcyese, por edhe nj\u00eb gam\u00eb t\u00eb gjer\u00eb aksesor\u00ebsh, duke p\u00ebrfshir\u00eb gibbons dhe ventilator\u00eb Huawei p\u00ebr k\u00ebshtjellat k\u00ebrcyese.<\/p>\n\n<p style=\"font-size:17px\">\u0627\u0644\u0646\u0642\u0644 \u0625\u0644\u0649 <strong>\u0634\u0643\u064a\u0628\u0648\u0631\u064a 287.00 <\/strong>\u064a\u0648\u0631\u0648. Nj\u00eb paket\u00eb me aksesesor\u00eb k\u00ebshtjelle bouncy kushton 38,00 \u20ac. \u0644\u0627 \u064a\u0645\u0643\u0646\u0646\u064a \u0623\u0646 \u0623\u062a\u062d\u062f\u062b \u0639\u0646 \u0647\u0630\u0627 \u0627\u0644\u0645\u0648\u0636\u0648\u0639 \u0625\u0644\u0627 \u0625\u0630\u0627 \u0643\u0646\u062a \u062a\u0631\u064a\u062f \u0623\u0646 \u062a\u0643\u0648\u0646 \u0639\u0644\u0649 \u062f\u0631\u0627\u064a\u0629 \u062a\u0627\u0645\u0629 \u0628\u0627\u0644\u0645\u0648\u0636\u0648\u0639. \u062f\u0648\u0631\u064a\u0632\u064a\u0645\u064a \u0641\u064a \u0634\u0643\u064a\u0628\u0648\u0631\u064a \u0632\u063a\u062c\u0627\u062a \u0628\u0631\u0627\u0641\u0648\u0634\u062a <strong>4 &#8211; 6 \u062f\u064a\u062a\u0634\u064a 4 &#8211; 6 \u062f\u064a\u062a\u0634\u064a \u0628\u064a\u0648\u0646.<\/strong> Marrja \u00ebsht\u00eb e mundur nga magazina jon\u00eb n\u00eb Mynih, Gjermani.<\/p>\n\n<p style=\"font-size:17px\">\u0643\u0645\u0627 \u062a\u0645 \u0648\u0636\u0639 \u0645\u0639\u064a\u0627\u0631 <strong>DIN EN 14960 <\/strong>\u0639\u0644\u0649 \u0645\u0639\u064a\u0627\u0631 <strong>DIN EN 14960 <\/strong>\u0641\u064a \u0625\u0637\u0627\u0631 \u0645\u0639\u064a\u0627\u0631 <strong>DIN EN 14960 <\/strong>\u0641\u064a \u0627\u0644\u0642\u0637\u0627\u0639 \u0627\u0644\u062e\u0627\u0635 \u0648\u0627\u0644\u0642\u0637\u0627\u0639 \u0627\u0644\u062a\u062c\u0627\u0631\u064a. \u0644\u0627 \u062a\u062a\u0631\u062f\u062f\u0648\u0627 \u0641\u064a \u062a\u0642\u062f\u064a\u0645 \u0637\u0644\u0628 \u0644\u0644\u062d\u0635\u0648\u0644 \u0639\u0644\u0649 \u0634\u0647\u0627\u062f\u0629 \u0645\u0639\u062a\u0645\u062f\u0629 \u0645\u0646 \u0645\u0646\u0638\u0645\u0629 \u0627\u0644\u0635\u062d\u0629 \u0627\u0644\u0639\u0627\u0644\u0645\u064a\u0629.<br\/>P\u00ebrjashtim nga TVSH p\u00ebr kompanit\u00eb! N\u00ebse jeni duke bler\u00eb si biznes, jepni numrin tuaj t\u00eb TVSH-s\u00eb n\u00eb ark\u00eb p\u00ebr t\u00eb bler\u00eb pa taksa.<br\/>Pavar\u00ebsisht n\u00ebse jeni nj\u00eb individ privat q\u00eb k\u00ebrkon nj\u00eb k\u00ebshtjell\u00eb k\u00ebrcyese p\u00ebr fest\u00ebn e radh\u00ebs familjare, apo jeni nj\u00eb pronar komercial q\u00eb d\u00ebshiron t\u00eb zgjeroj\u00eb ofert\u00ebn tuaj &#8211; k\u00ebshtjellat tona k\u00ebrcyese jan\u00eb t\u00eb p\u00ebrshtatshme p\u00ebr t\u00eb gjith\u00eb. \u0641\u064a \u0627\u0644\u0648\u0627\u0642\u0639 \u060c \u0641\u0625\u0646 \u0634\u0648\u0645\u064a\u0643\u0627 \u0648 \u0639\u0645\u0644\u0627\u0626\u0647\u0627 \u0641\u064a \u0625\u0641\u0631\u0648\u0628\u0627\u0646\u064a\u0647 \u0627\u064a\u0641\u0631\u0648\u0628\u0633 \u0642\u062f \u0642\u0627\u0645\u0648\u0627 \u0628\u0625\u0646\u062a\u0627\u062c \u0645\u0646\u062a\u062c\u0627\u062a\u0647\u0645 \u0641\u064a \u0648\u0642\u062a \u0633\u0627\u0628\u0642 \u0645\u0646 \u0647\u0630\u0627 \u0627\u0644\u0639\u0627\u0645.<\/p>\n\n<p style=\"font-size:17px\">Shpresojm\u00eb q\u00eb t\u00eb k\u00ebnaqeni duke shfletuar dyqaninin ton\u00eb online dhe t\u00eb jeni n\u00eb dispozicion n\u00eb keni ndonj\u00eb pyetje n\u00eb <a href=\"mailto:contact@dodo-inflatables.com\">contact@dodo-inflatables.com!<\/a><\/p>\n\n<div style=\"height:100px\" aria-hidden=\"true\" class=\"wp-block-spacer\"><\/div>\n","protected":false},"excerpt":{"rendered":"<p>Blini rr\u012b rr\u00ebshqit\u00ebse me fryrje dhe k\u00ebshtjella k\u00ebrcyese n\u00eb Shqip\u00ebri Mir\u00eb se vini n\u00eb Dodo-Inflatables.com &#8211; dyqani yn\u00eb \u0639\u0644\u0649 \u0627\u0644\u0625\u0646\u062a\u0631\u0646\u062a p\u00ebr k\u00ebshtjellat k\u00ebrcyese n\u00eb Evrop\u00eb! :: \u064a\u0646\u0628\u063a\u064a \u0623\u0646 \u064a\u0643\u0648\u0646 \u0647\u0646\u0627\u0643 \u062a\u0639\u0627\u0648\u0646 \u0648\u062b\u064a\u0642 \u0628\u064a\u0646 \u0627\u0644\u062f\u0648\u0644 \u0627\u0644\u0623\u0639\u0636\u0627\u0621 \u0641\u064a \u0627\u0644\u0623\u0645\u0645 \u0627\u0644\u0645\u062a\u062d\u062f\u0629 \u0641\u064a \u0645\u062c\u0627\u0644 \u062d\u0642\u0648\u0642 \u0627\u0644\u0625\u0646\u0633\u0627\u0646 \u0641\u064a \u0645\u062c\u0627\u0644 \u062d\u0642\u0648\u0642 \u0627\u0644\u0625\u0646\u0633\u0627\u0646. N\u00ebse jeni duke k\u00ebrkuar p\u00ebr nj\u00eb k\u00ebshtjell\u00eb t\u00eb madhe [&hellip;]<\/p>\n","protected":false},"author":1,"featured_media":0,"parent":0,"menu_order":0,"comment_status":"closed","ping_status":"closed","template":"","meta":{"_acf_changed":false,"_uag_custom_page_level_css":"","site-sidebar-layout":"default","site-content-layout":"","ast-site-content-layout":"normal-width-container","site-content-style":"boxed","site-sidebar-style":"default","ast-global-header-display":"","ast-banner-title-visibility":"","ast-main-header-display":"","ast-hfb-above-header-display":"","ast-hfb-below-header-display":"","ast-hfb-mobile-header-display":"","site-post-title":"","ast-breadcrumbs-content":"","ast-featured-img":"","footer-sml-layout":"","ast-disable-related-posts":"","theme-transparent-header-meta":"","adv-header-id-meta":"4069","stick-header-meta":"","header-above-stick-meta":"","header-main-stick-meta":"","header-below-stick-meta":"","astra-migrate-meta-layouts":"default","ast-page-background-enabled":"default","ast-page-background-meta":{"desktop":{"background-color":"var(--ast-global-color-4)","background-image":"","background-repeat":"repeat","background-position":"center center","background-size":"auto","background-attachment":"scroll","background-type":"","background-media":"","overlay-type":"","overlay-color":"","overlay-opacity":"","overlay-gradient":""},"tablet":{"background-color":"","background-image":"","background-repeat":"repeat","background-position":"center center","background-size":"auto","background-attachment":"scroll","background-type":"","background-media":"","overlay-type":"","overlay-color":"","overlay-opacity":"","overlay-gradient":""},"mobile":{"background-color":"","background-image":"","background-repeat":"repeat","background-position":"center center","background-size":"auto","background-attachment":"scroll","background-type":"","background-media":"","overlay-type":"","overlay-color":"","overlay-opacity":"","overlay-gradient":""}},"ast-content-background-meta":{"desktop":{"background-color":"var(--ast-global-color-5)","background-image":"","background-repeat":"repeat","background-position":"center center","background-size":"auto","background-attachment":"scroll","background-type":"","background-media":"","overlay-type":"","overlay-color":"","overlay-opacity":"","overlay-gradient":""},"tablet":{"background-color":"var(--ast-global-color-5)","background-image":"","background-repeat":"repeat","background-position":"center center","background-size":"auto","background-attachment":"scroll","background-type":"","background-media":"","overlay-type":"","overlay-color":"","overlay-opacity":"","overlay-gradient":""},"mobile":{"background-color":"var(--ast-global-color-5)","background-image":"","background-repeat":"repeat","background-position":"center center","background-size":"auto","background-attachment":"scroll","background-type":"","background-media":"","overlay-type":"","overlay-color":"","overlay-opacity":"","overlay-gradient":""}},"footnotes":""},"class_list":["post-17154","page","type-page","status-publish","hentry"],"acf":[],"yoast_head":"<!-- This site is optimized with the Yoast SEO plugin v27.5 - https:\/\/yoast.com\/product\/yoast-seo-wordpress\/ -->\n<title>Blini rr\u012b rr\u00ebshqit\u00ebse me fryrje dhe k\u00ebshtjella k\u00ebrcyese n\u00eb Shqip\u00ebri - dodo-inflatables.com<\/title>\n<meta name=\"robots\" content=\"index, follow, max-snippet:-1, max-image-preview:large, max-video-preview:-1\" \/>\n<link rel=\"canonical\" href=\"https:\/\/dodo-inflatables.com\/ar\/blini-rri-rreshqitese-me-fryrje-dhe-keshtjella-kercyese-ne-shqiperi\/\" \/>\n<meta name=\"twitter:label1\" content=\"\u0648\u0642\u062a \u0627\u0644\u0642\u0631\u0627\u0621\u0629 \u0627\u0644\u0645\u064f\u0642\u062f\u0651\u0631\" \/>\n\t<meta name=\"twitter:data1\" content=\"1 \u062f\u0642\u064a\u0642\u0629\" \/>\n<script type=\"application\/ld+json\" class=\"yoast-schema-graph\">{\"@context\":\"https:\\\/\\\/schema.org\",\"@graph\":[{\"@type\":\"WebPage\",\"@id\":\"https:\\\/\\\/dodo-inflatables.com\\\/ar\\\/blini-rri-rreshqitese-me-fryrje-dhe-keshtjella-kercyese-ne-shqiperi\\\/\",\"url\":\"https:\\\/\\\/dodo-inflatables.com\\\/ar\\\/blini-rri-rreshqitese-me-fryrje-dhe-keshtjella-kercyese-ne-shqiperi\\\/\",\"name\":\"Blini rr\u012b rr\u00ebshqit\u00ebse me fryrje dhe k\u00ebshtjella k\u00ebrcyese n\u00eb Shqip\u00ebri - dodo-inflatables.com\",\"isPartOf\":{\"@id\":\"https:\\\/\\\/dodo-inflatables.com\\\/ar\\\/#website\"},\"primaryImageOfPage\":{\"@id\":\"https:\\\/\\\/dodo-inflatables.com\\\/ar\\\/blini-rri-rreshqitese-me-fryrje-dhe-keshtjella-kercyese-ne-shqiperi\\\/#primaryimage\"},\"image\":{\"@id\":\"https:\\\/\\\/dodo-inflatables.com\\\/ar\\\/blini-rri-rreshqitese-me-fryrje-dhe-keshtjella-kercyese-ne-shqiperi\\\/#primaryimage\"},\"thumbnailUrl\":\"https:\\\/\\\/dodo-inflatables.com\\\/wp-content\\\/uploads\\\/2022\\\/01\\\/seperator-kleiner-1024x102.png\",\"datePublished\":\"2024-03-07T17:38:16+00:00\",\"dateModified\":\"2024-07-17T13:08:36+00:00\",\"breadcrumb\":{\"@id\":\"https:\\\/\\\/dodo-inflatables.com\\\/ar\\\/blini-rri-rreshqitese-me-fryrje-dhe-keshtjella-kercyese-ne-shqiperi\\\/#breadcrumb\"},\"inLanguage\":\"ar\",\"potentialAction\":[{\"@type\":\"ReadAction\",\"target\":[\"https:\\\/\\\/dodo-inflatables.com\\\/ar\\\/blini-rri-rreshqitese-me-fryrje-dhe-keshtjella-kercyese-ne-shqiperi\\\/\"]}]},{\"@type\":\"ImageObject\",\"inLanguage\":\"ar\",\"@id\":\"https:\\\/\\\/dodo-inflatables.com\\\/ar\\\/blini-rri-rreshqitese-me-fryrje-dhe-keshtjella-kercyese-ne-shqiperi\\\/#primaryimage\",\"url\":\"https:\\\/\\\/dodo-inflatables.com\\\/wp-content\\\/uploads\\\/2022\\\/01\\\/seperator-kleiner-1024x102.png\",\"contentUrl\":\"https:\\\/\\\/dodo-inflatables.com\\\/wp-content\\\/uploads\\\/2022\\\/01\\\/seperator-kleiner-1024x102.png\"},{\"@type\":\"BreadcrumbList\",\"@id\":\"https:\\\/\\\/dodo-inflatables.com\\\/ar\\\/blini-rri-rreshqitese-me-fryrje-dhe-keshtjella-kercyese-ne-shqiperi\\\/#breadcrumb\",\"itemListElement\":[{\"@type\":\"ListItem\",\"position\":1,\"name\":\"\u0627\u0644\u0631\u0626\u064a\u0633\u064a\u0629\",\"item\":\"https:\\\/\\\/dodo-inflatables.com\\\/ar\\\/\"},{\"@type\":\"ListItem\",\"position\":2,\"name\":\"Blini rr\u012b rr\u00ebshqit\u00ebse me fryrje dhe k\u00ebshtjella k\u00ebrcyese n\u00eb Shqip\u00ebri\"}]},{\"@type\":\"WebSite\",\"@id\":\"https:\\\/\\\/dodo-inflatables.com\\\/ar\\\/#website\",\"url\":\"https:\\\/\\\/dodo-inflatables.com\\\/ar\\\/\",\"name\":\"dodo-inflatables.com\",\"description\":\"\u0642\u0645 \u0628\u0634\u0631\u0627\u0621 \u0627\u0644\u0642\u0644\u0627\u0639 \u0627\u0644\u0646\u0637\u0627\u0637\u0629 \u0648\u0627\u0644\u0623\u0644\u0639\u0627\u0628 \u0627\u0644\u062a\u0631\u0641\u064a\u0647\u064a\u0629 \u0641\u064a \u0645\u062a\u062c\u0631\u0646\u0627.\",\"potentialAction\":[{\"@type\":\"SearchAction\",\"target\":{\"@type\":\"EntryPoint\",\"urlTemplate\":\"https:\\\/\\\/dodo-inflatables.com\\\/ar\\\/?s={search_term_string}\"},\"query-input\":{\"@type\":\"PropertyValueSpecification\",\"valueRequired\":true,\"valueName\":\"search_term_string\"}}],\"inLanguage\":\"ar\"}]}<\/script>\n<!-- \/ Yoast SEO plugin. -->","yoast_head_json":{"title":"Blini rr\u012b rr\u00ebshqit\u00ebse me fryrje dhe k\u00ebshtjella k\u00ebrcyese n\u00eb Shqip\u00ebri - dodo-inflatables.com","robots":{"index":"index","follow":"follow","max-snippet":"max-snippet:-1","max-image-preview":"max-image-preview:large","max-video-preview":"max-video-preview:-1"},"canonical":"https:\/\/dodo-inflatables.com\/ar\/blini-rri-rreshqitese-me-fryrje-dhe-keshtjella-kercyese-ne-shqiperi\/","twitter_misc":{"\u0648\u0642\u062a \u0627\u0644\u0642\u0631\u0627\u0621\u0629 \u0627\u0644\u0645\u064f\u0642\u062f\u0651\u0631":"1 \u062f\u0642\u064a\u0642\u0629"},"schema":{"@context":"https:\/\/schema.org","@graph":[{"@type":"WebPage","@id":"https:\/\/dodo-inflatables.com\/ar\/blini-rri-rreshqitese-me-fryrje-dhe-keshtjella-kercyese-ne-shqiperi\/","url":"https:\/\/dodo-inflatables.com\/ar\/blini-rri-rreshqitese-me-fryrje-dhe-keshtjella-kercyese-ne-shqiperi\/","name":"Blini rr\u012b rr\u00ebshqit\u00ebse me fryrje dhe k\u00ebshtjella k\u00ebrcyese n\u00eb Shqip\u00ebri - dodo-inflatables.com","isPartOf":{"@id":"https:\/\/dodo-inflatables.com\/ar\/#website"},"primaryImageOfPage":{"@id":"https:\/\/dodo-inflatables.com\/ar\/blini-rri-rreshqitese-me-fryrje-dhe-keshtjella-kercyese-ne-shqiperi\/#primaryimage"},"image":{"@id":"https:\/\/dodo-inflatables.com\/ar\/blini-rri-rreshqitese-me-fryrje-dhe-keshtjella-kercyese-ne-shqiperi\/#primaryimage"},"thumbnailUrl":"https:\/\/dodo-inflatables.com\/wp-content\/uploads\/2022\/01\/seperator-kleiner-1024x102.png","datePublished":"2024-03-07T17:38:16+00:00","dateModified":"2024-07-17T13:08:36+00:00","breadcrumb":{"@id":"https:\/\/dodo-inflatables.com\/ar\/blini-rri-rreshqitese-me-fryrje-dhe-keshtjella-kercyese-ne-shqiperi\/#breadcrumb"},"inLanguage":"ar","potentialAction":[{"@type":"ReadAction","target":["https:\/\/dodo-inflatables.com\/ar\/blini-rri-rreshqitese-me-fryrje-dhe-keshtjella-kercyese-ne-shqiperi\/"]}]},{"@type":"ImageObject","inLanguage":"ar","@id":"https:\/\/dodo-inflatables.com\/ar\/blini-rri-rreshqitese-me-fryrje-dhe-keshtjella-kercyese-ne-shqiperi\/#primaryimage","url":"https:\/\/dodo-inflatables.com\/wp-content\/uploads\/2022\/01\/seperator-kleiner-1024x102.png","contentUrl":"https:\/\/dodo-inflatables.com\/wp-content\/uploads\/2022\/01\/seperator-kleiner-1024x102.png"},{"@type":"BreadcrumbList","@id":"https:\/\/dodo-inflatables.com\/ar\/blini-rri-rreshqitese-me-fryrje-dhe-keshtjella-kercyese-ne-shqiperi\/#breadcrumb","itemListElement":[{"@type":"ListItem","position":1,"name":"\u0627\u0644\u0631\u0626\u064a\u0633\u064a\u0629","item":"https:\/\/dodo-inflatables.com\/ar\/"},{"@type":"ListItem","position":2,"name":"Blini rr\u012b rr\u00ebshqit\u00ebse me fryrje dhe k\u00ebshtjella k\u00ebrcyese n\u00eb Shqip\u00ebri"}]},{"@type":"WebSite","@id":"https:\/\/dodo-inflatables.com\/ar\/#website","url":"https:\/\/dodo-inflatables.com\/ar\/","name":"dodo-inflatables.com","description":"\u0642\u0645 \u0628\u0634\u0631\u0627\u0621 \u0627\u0644\u0642\u0644\u0627\u0639 \u0627\u0644\u0646\u0637\u0627\u0637\u0629 \u0648\u0627\u0644\u0623\u0644\u0639\u0627\u0628 \u0627\u0644\u062a\u0631\u0641\u064a\u0647\u064a\u0629 \u0641\u064a \u0645\u062a\u062c\u0631\u0646\u0627.","potentialAction":[{"@type":"SearchAction","target":{"@type":"EntryPoint","urlTemplate":"https:\/\/dodo-inflatables.com\/ar\/?s={search_term_string}"},"query-input":{"@type":"PropertyValueSpecification","valueRequired":true,"valueName":"search_term_string"}}],"inLanguage":"ar"}]}},"uagb_featured_image_src":{"full":false,"thumbnail":false,"medium":false,"medium_large":false,"large":false,"1536x1536":false,"2048x2048":false,"woocommerce_thumbnail":false,"woocommerce_single":false,"woocommerce_gallery_thumbnail":false},"uagb_author_info":{"display_name":"Andreas","author_link":"https:\/\/dodo-inflatables.com\/ar\/author\/andreas\/"},"uagb_comment_info":0,"uagb_excerpt":"Blini rr\u012b rr\u00ebshqit\u00ebse me fryrje dhe k\u00ebshtjella k\u00ebrcyese n\u00eb Shqip\u00ebri Mir\u00eb se vini n\u00eb Dodo-Inflatables.com &#8211; dyqani yn\u00eb \u0639\u0644\u0649 \u0627\u0644\u0625\u0646\u062a\u0631\u0646\u062a p\u00ebr k\u00ebshtjellat k\u00ebrcyese n\u00eb Evrop\u00eb! :: \u064a\u0646\u0628\u063a\u064a \u0623\u0646 \u064a\u0643\u0648\u0646 \u0647\u0646\u0627\u0643 \u062a\u0639\u0627\u0648\u0646 \u0648\u062b\u064a\u0642 \u0628\u064a\u0646 \u0627\u0644\u062f\u0648\u0644 \u0627\u0644\u0623\u0639\u0636\u0627\u0621 \u0641\u064a \u0627\u0644\u0623\u0645\u0645 \u0627\u0644\u0645\u062a\u062d\u062f\u0629 \u0641\u064a \u0645\u062c\u0627\u0644 \u062d\u0642\u0648\u0642 \u0627\u0644\u0625\u0646\u0633\u0627\u0646 \u0641\u064a \u0645\u062c\u0627\u0644 \u062d\u0642\u0648\u0642 \u0627\u0644\u0625\u0646\u0633\u0627\u0646. N\u00ebse jeni duke k\u00ebrkuar p\u00ebr nj\u00eb k\u00ebshtjell\u00eb t\u00eb madhe&hellip;","_links":{"self":[{"href":"https:\/\/dodo-inflatables.com\/ar\/wp-json\/wp\/v2\/pages\/17154","targetHints":{"allow":["GET"]}}],"collection":[{"href":"https:\/\/dodo-inflatables.com\/ar\/wp-json\/wp\/v2\/pages"}],"about":[{"href":"https:\/\/dodo-inflatables.com\/ar\/wp-json\/wp\/v2\/types\/page"}],"author":[{"embeddable":true,"href":"https:\/\/dodo-inflatables.com\/ar\/wp-json\/wp\/v2\/users\/1"}],"replies":[{"embeddable":true,"href":"https:\/\/dodo-inflatables.com\/ar\/wp-json\/wp\/v2\/comments?post=17154"}],"version-history":[{"count":2,"href":"https:\/\/dodo-inflatables.com\/ar\/wp-json\/wp\/v2\/pages\/17154\/revisions"}],"predecessor-version":[{"id":17156,"href":"https:\/\/dodo-inflatables.com\/ar\/wp-json\/wp\/v2\/pages\/17154\/revisions\/17156"}],"wp:attachment":[{"href":"https:\/\/dodo-inflatables.com\/ar\/wp-json\/wp\/v2\/media?parent=17154"}],"curies":[{"name":"wp","href":"https:\/\/api.w.org\/{rel}","templated":true}]}}