{"id":17250,"date":"2024-03-07T18:22:00","date_gmt":"2024-03-07T17:22:00","guid":{"rendered":"https:\/\/dodo-inflatables.com\/kaaft-opbloosbar-rutschen-a-sprangschlasser-zu-letzebuerg\/"},"modified":"2024-07-17T15:09:05","modified_gmt":"2024-07-17T13:09:05","slug":"kaaft-opbloosbar-rutschen-a-sprangschlasser-zu-letzebuerg","status":"publish","type":"page","link":"https:\/\/dodo-inflatables.com\/ar\/kaaft-opbloosbar-rutschen-a-sprangschlasser-zu-letzebuerg\/","title":{"rendered":"Kaaft opbloosbar Rutschen a Sprangschl\u00e4sser zu L\u00ebtzebuerg"},"content":{"rendered":"\n<h2 class=\"wp-block-heading has-text-align-center\">Kaaft opbloosbar Rutschen a Sprangschl\u00e4sser zu L\u00ebtzebuerg<\/h2>\n\n<figure class=\"wp-block-image aligncenter size-large\"><a href=\"https:\/\/dodo-inflatables.com\/wp-content\/uploads\/2022\/01\/seperator-kleiner.png\"><img fetchpriority=\"high\" decoding=\"async\" width=\"1024\" height=\"102\" src=\"https:\/\/dodo-inflatables.com\/wp-content\/uploads\/2022\/01\/seperator-kleiner-1024x102.png\" alt=\"\" class=\"wp-image-4026\" srcset=\"https:\/\/dodo-inflatables.com\/wp-content\/uploads\/2022\/01\/seperator-kleiner-1024x102.png 1024w, https:\/\/dodo-inflatables.com\/wp-content\/uploads\/2022\/01\/seperator-kleiner-900x90.png 900w, https:\/\/dodo-inflatables.com\/wp-content\/uploads\/2022\/01\/seperator-kleiner-300x30.png 300w, https:\/\/dodo-inflatables.com\/wp-content\/uploads\/2022\/01\/seperator-kleiner-768x77.png 768w, https:\/\/dodo-inflatables.com\/wp-content\/uploads\/2022\/01\/seperator-kleiner-1536x154.png 1536w, https:\/\/dodo-inflatables.com\/wp-content\/uploads\/2022\/01\/seperator-kleiner-340x34.png 340w, https:\/\/dodo-inflatables.com\/wp-content\/uploads\/2022\/01\/seperator-kleiner.png 2000w\" sizes=\"(max-width: 1024px) 100vw, 1024px\" \/><\/a><\/figure>\n\n<h3 class=\"wp-block-heading has-text-align-center\">W\u00ebllkomm op Dodo-Inflatables.com &#8211; eisen Online Shop fir Sprangschl\u00e4sser an Europa!<\/h3>\n\n<p style=\"font-size:17px\">Taucht Icht Iech an eiser \u00ebm <a href=\"\/?product_cat=\u0642\u0644\u0627\u0639-\u0628\u0648\u0646\u0633\u064a\">\u00fcmfangschl\u00e4icher<\/a> Auswiel u qualitativ <a href=\"\/?product_cat=\u0642\u0644\u0627\u0639-\u0628\u0648\u0646\u0633\u064a\">h\u00e9ichw\u00e4erteg Sprangschl\u00e4sser,<\/a> Schl\u00e4sser Schl\u00e4sser a <a href=\"\/?product_cat=\u0627\u0644\u0634\u0631\u0627\u0626\u062d\">Rutschen<\/a>, d\u00e9i klengt Extra zu all Occasioun add\u00e9ieren. \u0639\u0644\u0649 \u0627\u0644\u0631\u063a\u0645 \u0645\u0646 \u0623\u0646 \u0647\u0630\u0627 \u0644\u0627 \u064a\u0639\u0646\u064a \u0623\u0646 \u0643\u0644 \u0634\u064a\u0621 \u0639\u0644\u0649 \u0645\u0627 \u064a\u0631\u0627\u0645\u060c \u0625\u0644\u0627 \u0623\u0646 \u0647\u0646\u0627\u0643 \u0627\u0644\u0643\u062b\u064a\u0631 \u0645\u0646 \u0627\u0644\u0623\u0645\u0648\u0631 \u0627\u0644\u062a\u064a \u064a\u062c\u0628 \u0623\u0646 \u062a\u0643\u0648\u0646 \u0639\u0644\u0649 \u0645\u0627 \u064a\u0631\u0627\u0645 \u0641\u064a \u0643\u0644 \u0645\u0643\u0627\u0646\u060c \u0633\u0648\u0627\u0621 \u0643\u0627\u0646 \u0630\u0644\u0643 \u0641\u064a \u0645\u0647\u0631\u062c\u0627\u0646 \u0627\u0644\u0635\u064a\u0641 \u0623\u0648 \u0641\u064a \u0645\u0647\u0631\u062c\u0627\u0646\u0627\u062a \u0627\u0644\u0635\u064a\u0641 &#8211; \u0643\u0644 \u0634\u064a\u0621 \u0645\u0636\u0645\u0648\u0646!<\/p>\n\n<p style=\"font-size:17px\">\u064a\u062d\u062a\u0648\u064a Eis Sorth\u00e4lt Sorthiment \u0639\u0644\u0649 \u0644\u0648\u062d\u0629 \u0623\u0644\u0648\u0627\u0646 \u0635\u0627\u0641\u064a\u0629 \u0645\u0646 \u0627\u0644\u0641\u0644\u0641\u0644 \u0627\u0644\u062d\u0627\u0631 \u0641\u064a \u0633\u0628\u0631\u0627\u0646\u063a\u0634\u0644\u0627\u0633\u0631\u060c \u0648awer och eng breet palette vun <a href=\"\/?product_cat=\u0627\u0644\u0625\u0643\u0633\u0633\u0648\u0627\u0631\u0627\u062a\">Accessoiren\u060c \u0648<\/a> dor\u00ebnner <a href=\"https:\/\/dodo-inflatables.com\/ar\/product\/%d9%85%d9%86%d9%81%d8%a7%d8%ae-%d8%ac%d9%8a%d8%a8%d9%88%d9%86%d8%b2-fp5005-1-5ps\/\" data-type=\"product\" data-id=\"81\">Gibbons<\/a> an <a href=\"https:\/\/dodo-inflatables.com\/ar\/product\/%d9%85%d9%86%d9%81%d8%a7%d8%ae-%d9%87%d9%88%d8%a7%d9%88%d9%8a-reh-1-5e-1-5ps\/\" data-type=\"product\" data-id=\"2724\">Huawei <\/a>Blowers fir Sprangschl\u00e4sser.<\/p>\n\n<p style=\"font-size:17px\">D&#8217;Versch\u00e9cken vun engem engem Sprangschlass an d\u00e9i entsch\u00e9cken vun engem Sprangschlass an d\u00e9i entsch\u00e9ckhend Accessoiren op <strong>L\u00ebtzebuerg kascht 198,00<\/strong> \u20ac. E Pak mat Sprangschlass Accessoiren Kascht \u20ac 19,00. W wann d&#8217;Sprangschlass op Lager ass, g\u00ebtt et Iech direkt no der Bezuelung gesch\u00e9ckt. Liwwerung zu L\u00ebtzebuerg dauert daugef\u00e9ier <strong>4 &#8211; 6 Aarbechtsdeeg.<\/strong> Ofhuelen ass m\u00e9glech aus eisem Lager zu M\u00fcnchen, D\u00e4itschland.<\/p>\n\n<p style=\"font-size:17px\">\u064a\u062c\u0628 \u0623\u0646 \u062a\u0643\u0648\u0646 \u062c\u0645\u064a\u0639 \u0645\u0639\u0627\u064a\u064a\u0631 \u0627\u0644\u0633\u0644\u0627\u0645\u0629 \u0627\u0644\u0635\u0627\u0631\u0645\u0629 \u0627\u0644\u062e\u0627\u0635\u0629 \u0628\u0645\u0639\u0627\u064a\u064a\u0631 <strong>DIN EN 14960 \u0645\u062a\u0648\u0641\u0631\u0629 \u0641\u064a DIN EN 14960\u060c <\/strong>\u0643\u0645\u0627 \u064a\u062c\u0628 \u0623\u0646 \u062a\u0643\u0648\u0646 \u0645\u062a\u0648\u0641\u0631\u0629 \u0641\u064a \u062c\u0645\u064a\u0639 \u0623\u0646\u062d\u0627\u0621 \u0627\u0644\u0639\u0627\u0644\u0645. \u064a\u062c\u0628 \u0623\u0646 \u064a\u0643\u0648\u0646 \u0647\u0646\u0627\u0643 \u062f\u0644\u064a\u0644 \u0625\u0631\u0634\u0627\u062f\u064a \u0641\u064a \u0643\u0644 \u0645\u0627 \u064a\u062a\u0639\u0644\u0642 \u0628\u0634\u0647\u0627\u062f\u0629 \u0627\u0644\u0634\u0631\u0627\u0621 \u0645\u0646 \u062e\u0644\u0627\u0644 \u062a\u0637\u0628\u064a\u0642 Nodeems d&#8217;Sprangschlass vers\u00e9ckt gouf\u060c \u0648 kritt Dir Dir Detaill\u00e9iert Instrutungschlass.<br\/>TVA-Befreiung fir Betriber! Wann Dann Dir dir als Gesch\u00e4ft kaaft, gitt \u00c4r TVA Nummer beim Kasse fir Steierfr\u00e4i ze kafen.<br\/>\u0639\u0644\u0649 \u0633\u0628\u064a\u0644 \u0627\u0644\u0645\u062b\u0627\u0644 \u0625\u0630\u0627 \u0643\u0627\u0646 \u0635\u0627\u062d\u0628 \u0627\u0644\u0639\u0631\u0636 \u0627\u0644\u062e\u0627\u0635 \u0647\u0648 \u0635\u0627\u062d\u0628 \u0627\u0644\u0639\u0631\u0636 \u0627\u0644\u062e\u0627\u0635 \u0627\u0644\u0630\u064a \u0644\u0627 \u064a\u0645\u0644\u0643\u0647 \u0635\u0627\u062d\u0628 \u0627\u0644\u0639\u0631\u0636 \u0627\u0644\u062e\u0627\u0635 \u0623\u0648 \u0635\u0627\u062d\u0628 \u0627\u0644\u0639\u0631\u0636 \u0627\u0644\u062e\u0627\u0635 \u0627\u0644\u0630\u064a \u0644\u0627 \u064a\u0645\u0644\u0643\u0647 \u0635\u0627\u062d\u0628 \u0627\u0644\u0639\u0631\u0636 \u0627\u0644\u062e\u0627\u0635 \u0627\u0644\u0630\u064a \u0644\u0627 \u064a\u0645\u0644\u0643\u0647 \u0635\u0627\u062d\u0628 \u0627\u0644\u0639\u0631\u0636 \u0627\u0644\u062e\u0627\u0635. \u0643\u0645\u0627 \u0623\u0646 \u0647\u0646\u0627\u0643 \u0627\u0644\u0639\u062f\u064a\u062f \u0645\u0646 \u0627\u0644\u0639\u0645\u0644\u0627\u0621 \u0641\u064a \u0623\u0648\u0631\u0648\u0628\u0627 \u0645\u0646 \u062c\u0645\u064a\u0639 \u0623\u0646\u062d\u0627\u0621 \u0627\u0644\u0639\u0627\u0644\u0645 \u0627\u0644\u0630\u064a\u0646 \u064a\u0631\u063a\u0628\u0648\u0646 \u0641\u064a \u0627\u0644\u062d\u0635\u0648\u0644 \u0639\u0644\u0649 \u0645\u0646\u062a\u062c\u0627\u062a\u0646\u0627 \u0645\u0646 \u062e\u0644\u0627\u0644 \u0645\u0648\u0642\u0639\u0646\u0627 \u0641\u064a \u062c\u0645\u064a\u0639 \u0623\u0646\u062d\u0627\u0621 \u0627\u0644\u0639\u0627\u0644\u0645.<\/p>\n\n<p style=\"font-size:17px\">Mir hoffen Dir hoffen Dir gen\u00e9isst eis Online Shop ze ze \u062a\u0635\u0641\u062d \u0627\u0644\u0625\u0646\u062a\u0631\u0646\u062a sidd verf\u00fcgbar wann Dir Froen hutt op <a href=\"mailto:contact@dodo-inflatables.com\">contact@dodo-inflatables.com!<\/a><\/p>\n\n<div style=\"height:100px\" aria-hidden=\"true\" class=\"wp-block-spacer\"><\/div>\n","protected":false},"excerpt":{"rendered":"<p>Kaaft opbloosbar Rutschen a Sprangschl\u00e4sser zu L\u00ebtzebuerg W\u00ebllkomm op Dodo-Inflatables.com &#8211; eisen Online Shop fir Sprangschl\u00e4sser an Europa! Taucht Icht Iech an eiser \u00ebm \u00fcmfangschl\u00e4icher Auswiel u qualitativ h\u00e9ichw\u00e4erteg Sprangschl\u00e4sser, Schl\u00e4sser Schl\u00e4sser a Rutschen, d\u00e9i klengt Extra zu all Occasioun add\u00e9ieren. \u0639\u0644\u0649 \u0627\u0644\u0631\u063a\u0645 \u0645\u0646 \u0623\u0646 \u0647\u0630\u0627 \u0644\u0627 \u064a\u0639\u0646\u064a \u0623\u0646 \u0643\u0644 \u0634\u064a\u0621 \u0639\u0644\u0649 \u0645\u0627 \u064a\u0631\u0627\u0645\u060c \u0625\u0644\u0627 [&hellip;]<\/p>\n","protected":false},"author":1,"featured_media":0,"parent":0,"menu_order":0,"comment_status":"closed","ping_status":"closed","template":"","meta":{"_acf_changed":false,"_uag_custom_page_level_css":"","site-sidebar-layout":"default","site-content-layout":"","ast-site-content-layout":"normal-width-container","site-content-style":"boxed","site-sidebar-style":"default","ast-global-header-display":"","ast-banner-title-visibility":"","ast-main-header-display":"","ast-hfb-above-header-display":"","ast-hfb-below-header-display":"","ast-hfb-mobile-header-display":"","site-post-title":"","ast-breadcrumbs-content":"","ast-featured-img":"","footer-sml-layout":"","ast-disable-related-posts":"","theme-transparent-header-meta":"","adv-header-id-meta":"4069","stick-header-meta":"","header-above-stick-meta":"","header-main-stick-meta":"","header-below-stick-meta":"","astra-migrate-meta-layouts":"default","ast-page-background-enabled":"default","ast-page-background-meta":{"desktop":{"background-color":"var(--ast-global-color-4)","background-image":"","background-repeat":"repeat","background-position":"center center","background-size":"auto","background-attachment":"scroll","background-type":"","background-media":"","overlay-type":"","overlay-color":"","overlay-opacity":"","overlay-gradient":""},"tablet":{"background-color":"","background-image":"","background-repeat":"repeat","background-position":"center center","background-size":"auto","background-attachment":"scroll","background-type":"","background-media":"","overlay-type":"","overlay-color":"","overlay-opacity":"","overlay-gradient":""},"mobile":{"background-color":"","background-image":"","background-repeat":"repeat","background-position":"center center","background-size":"auto","background-attachment":"scroll","background-type":"","background-media":"","overlay-type":"","overlay-color":"","overlay-opacity":"","overlay-gradient":""}},"ast-content-background-meta":{"desktop":{"background-color":"var(--ast-global-color-5)","background-image":"","background-repeat":"repeat","background-position":"center center","background-size":"auto","background-attachment":"scroll","background-type":"","background-media":"","overlay-type":"","overlay-color":"","overlay-opacity":"","overlay-gradient":""},"tablet":{"background-color":"var(--ast-global-color-5)","background-image":"","background-repeat":"repeat","background-position":"center center","background-size":"auto","background-attachment":"scroll","background-type":"","background-media":"","overlay-type":"","overlay-color":"","overlay-opacity":"","overlay-gradient":""},"mobile":{"background-color":"var(--ast-global-color-5)","background-image":"","background-repeat":"repeat","background-position":"center center","background-size":"auto","background-attachment":"scroll","background-type":"","background-media":"","overlay-type":"","overlay-color":"","overlay-opacity":"","overlay-gradient":""}},"footnotes":""},"class_list":["post-17250","page","type-page","status-publish","hentry"],"acf":[],"yoast_head":"<!-- This site is optimized with the Yoast SEO plugin v27.5 - https:\/\/yoast.com\/product\/yoast-seo-wordpress\/ -->\n<title>Kaaft opbloosbar Rutschen a Sprangschl\u00e4sser zu L\u00ebtzebuerg - dodo-inflatables.com<\/title>\n<meta name=\"robots\" content=\"index, follow, max-snippet:-1, max-image-preview:large, max-video-preview:-1\" \/>\n<link rel=\"canonical\" href=\"https:\/\/dodo-inflatables.com\/ar\/kaaft-opbloosbar-rutschen-a-sprangschlasser-zu-letzebuerg\/\" \/>\n<meta name=\"twitter:label1\" content=\"\u0648\u0642\u062a \u0627\u0644\u0642\u0631\u0627\u0621\u0629 \u0627\u0644\u0645\u064f\u0642\u062f\u0651\u0631\" \/>\n\t<meta name=\"twitter:data1\" content=\"1 \u062f\u0642\u064a\u0642\u0629\" \/>\n<script type=\"application\/ld+json\" class=\"yoast-schema-graph\">{\"@context\":\"https:\\\/\\\/schema.org\",\"@graph\":[{\"@type\":\"WebPage\",\"@id\":\"https:\\\/\\\/dodo-inflatables.com\\\/ar\\\/kaaft-opbloosbar-rutschen-a-sprangschlasser-zu-letzebuerg\\\/\",\"url\":\"https:\\\/\\\/dodo-inflatables.com\\\/ar\\\/kaaft-opbloosbar-rutschen-a-sprangschlasser-zu-letzebuerg\\\/\",\"name\":\"Kaaft opbloosbar Rutschen a Sprangschl\u00e4sser zu L\u00ebtzebuerg - dodo-inflatables.com\",\"isPartOf\":{\"@id\":\"https:\\\/\\\/dodo-inflatables.com\\\/ar\\\/#website\"},\"primaryImageOfPage\":{\"@id\":\"https:\\\/\\\/dodo-inflatables.com\\\/ar\\\/kaaft-opbloosbar-rutschen-a-sprangschlasser-zu-letzebuerg\\\/#primaryimage\"},\"image\":{\"@id\":\"https:\\\/\\\/dodo-inflatables.com\\\/ar\\\/kaaft-opbloosbar-rutschen-a-sprangschlasser-zu-letzebuerg\\\/#primaryimage\"},\"thumbnailUrl\":\"https:\\\/\\\/dodo-inflatables.com\\\/wp-content\\\/uploads\\\/2022\\\/01\\\/seperator-kleiner-1024x102.png\",\"datePublished\":\"2024-03-07T17:22:00+00:00\",\"dateModified\":\"2024-07-17T13:09:05+00:00\",\"breadcrumb\":{\"@id\":\"https:\\\/\\\/dodo-inflatables.com\\\/ar\\\/kaaft-opbloosbar-rutschen-a-sprangschlasser-zu-letzebuerg\\\/#breadcrumb\"},\"inLanguage\":\"ar\",\"potentialAction\":[{\"@type\":\"ReadAction\",\"target\":[\"https:\\\/\\\/dodo-inflatables.com\\\/ar\\\/kaaft-opbloosbar-rutschen-a-sprangschlasser-zu-letzebuerg\\\/\"]}]},{\"@type\":\"ImageObject\",\"inLanguage\":\"ar\",\"@id\":\"https:\\\/\\\/dodo-inflatables.com\\\/ar\\\/kaaft-opbloosbar-rutschen-a-sprangschlasser-zu-letzebuerg\\\/#primaryimage\",\"url\":\"https:\\\/\\\/dodo-inflatables.com\\\/wp-content\\\/uploads\\\/2022\\\/01\\\/seperator-kleiner-1024x102.png\",\"contentUrl\":\"https:\\\/\\\/dodo-inflatables.com\\\/wp-content\\\/uploads\\\/2022\\\/01\\\/seperator-kleiner-1024x102.png\"},{\"@type\":\"BreadcrumbList\",\"@id\":\"https:\\\/\\\/dodo-inflatables.com\\\/ar\\\/kaaft-opbloosbar-rutschen-a-sprangschlasser-zu-letzebuerg\\\/#breadcrumb\",\"itemListElement\":[{\"@type\":\"ListItem\",\"position\":1,\"name\":\"\u0627\u0644\u0631\u0626\u064a\u0633\u064a\u0629\",\"item\":\"https:\\\/\\\/dodo-inflatables.com\\\/ar\\\/\"},{\"@type\":\"ListItem\",\"position\":2,\"name\":\"Kaaft opbloosbar Rutschen a Sprangschl\u00e4sser zu L\u00ebtzebuerg\"}]},{\"@type\":\"WebSite\",\"@id\":\"https:\\\/\\\/dodo-inflatables.com\\\/ar\\\/#website\",\"url\":\"https:\\\/\\\/dodo-inflatables.com\\\/ar\\\/\",\"name\":\"dodo-inflatables.com\",\"description\":\"\u0642\u0645 \u0628\u0634\u0631\u0627\u0621 \u0627\u0644\u0642\u0644\u0627\u0639 \u0627\u0644\u0646\u0637\u0627\u0637\u0629 \u0648\u0627\u0644\u0623\u0644\u0639\u0627\u0628 \u0627\u0644\u062a\u0631\u0641\u064a\u0647\u064a\u0629 \u0641\u064a \u0645\u062a\u062c\u0631\u0646\u0627.\",\"potentialAction\":[{\"@type\":\"SearchAction\",\"target\":{\"@type\":\"EntryPoint\",\"urlTemplate\":\"https:\\\/\\\/dodo-inflatables.com\\\/ar\\\/?s={search_term_string}\"},\"query-input\":{\"@type\":\"PropertyValueSpecification\",\"valueRequired\":true,\"valueName\":\"search_term_string\"}}],\"inLanguage\":\"ar\"}]}<\/script>\n<!-- \/ Yoast SEO plugin. -->","yoast_head_json":{"title":"Kaaft opbloosbar Rutschen a Sprangschl\u00e4sser zu L\u00ebtzebuerg - dodo-inflatables.com","robots":{"index":"index","follow":"follow","max-snippet":"max-snippet:-1","max-image-preview":"max-image-preview:large","max-video-preview":"max-video-preview:-1"},"canonical":"https:\/\/dodo-inflatables.com\/ar\/kaaft-opbloosbar-rutschen-a-sprangschlasser-zu-letzebuerg\/","twitter_misc":{"\u0648\u0642\u062a \u0627\u0644\u0642\u0631\u0627\u0621\u0629 \u0627\u0644\u0645\u064f\u0642\u062f\u0651\u0631":"1 \u062f\u0642\u064a\u0642\u0629"},"schema":{"@context":"https:\/\/schema.org","@graph":[{"@type":"WebPage","@id":"https:\/\/dodo-inflatables.com\/ar\/kaaft-opbloosbar-rutschen-a-sprangschlasser-zu-letzebuerg\/","url":"https:\/\/dodo-inflatables.com\/ar\/kaaft-opbloosbar-rutschen-a-sprangschlasser-zu-letzebuerg\/","name":"Kaaft opbloosbar Rutschen a Sprangschl\u00e4sser zu L\u00ebtzebuerg - dodo-inflatables.com","isPartOf":{"@id":"https:\/\/dodo-inflatables.com\/ar\/#website"},"primaryImageOfPage":{"@id":"https:\/\/dodo-inflatables.com\/ar\/kaaft-opbloosbar-rutschen-a-sprangschlasser-zu-letzebuerg\/#primaryimage"},"image":{"@id":"https:\/\/dodo-inflatables.com\/ar\/kaaft-opbloosbar-rutschen-a-sprangschlasser-zu-letzebuerg\/#primaryimage"},"thumbnailUrl":"https:\/\/dodo-inflatables.com\/wp-content\/uploads\/2022\/01\/seperator-kleiner-1024x102.png","datePublished":"2024-03-07T17:22:00+00:00","dateModified":"2024-07-17T13:09:05+00:00","breadcrumb":{"@id":"https:\/\/dodo-inflatables.com\/ar\/kaaft-opbloosbar-rutschen-a-sprangschlasser-zu-letzebuerg\/#breadcrumb"},"inLanguage":"ar","potentialAction":[{"@type":"ReadAction","target":["https:\/\/dodo-inflatables.com\/ar\/kaaft-opbloosbar-rutschen-a-sprangschlasser-zu-letzebuerg\/"]}]},{"@type":"ImageObject","inLanguage":"ar","@id":"https:\/\/dodo-inflatables.com\/ar\/kaaft-opbloosbar-rutschen-a-sprangschlasser-zu-letzebuerg\/#primaryimage","url":"https:\/\/dodo-inflatables.com\/wp-content\/uploads\/2022\/01\/seperator-kleiner-1024x102.png","contentUrl":"https:\/\/dodo-inflatables.com\/wp-content\/uploads\/2022\/01\/seperator-kleiner-1024x102.png"},{"@type":"BreadcrumbList","@id":"https:\/\/dodo-inflatables.com\/ar\/kaaft-opbloosbar-rutschen-a-sprangschlasser-zu-letzebuerg\/#breadcrumb","itemListElement":[{"@type":"ListItem","position":1,"name":"\u0627\u0644\u0631\u0626\u064a\u0633\u064a\u0629","item":"https:\/\/dodo-inflatables.com\/ar\/"},{"@type":"ListItem","position":2,"name":"Kaaft opbloosbar Rutschen a Sprangschl\u00e4sser zu L\u00ebtzebuerg"}]},{"@type":"WebSite","@id":"https:\/\/dodo-inflatables.com\/ar\/#website","url":"https:\/\/dodo-inflatables.com\/ar\/","name":"dodo-inflatables.com","description":"\u0642\u0645 \u0628\u0634\u0631\u0627\u0621 \u0627\u0644\u0642\u0644\u0627\u0639 \u0627\u0644\u0646\u0637\u0627\u0637\u0629 \u0648\u0627\u0644\u0623\u0644\u0639\u0627\u0628 \u0627\u0644\u062a\u0631\u0641\u064a\u0647\u064a\u0629 \u0641\u064a \u0645\u062a\u062c\u0631\u0646\u0627.","potentialAction":[{"@type":"SearchAction","target":{"@type":"EntryPoint","urlTemplate":"https:\/\/dodo-inflatables.com\/ar\/?s={search_term_string}"},"query-input":{"@type":"PropertyValueSpecification","valueRequired":true,"valueName":"search_term_string"}}],"inLanguage":"ar"}]}},"uagb_featured_image_src":{"full":false,"thumbnail":false,"medium":false,"medium_large":false,"large":false,"1536x1536":false,"2048x2048":false,"woocommerce_thumbnail":false,"woocommerce_single":false,"woocommerce_gallery_thumbnail":false},"uagb_author_info":{"display_name":"Andreas","author_link":"https:\/\/dodo-inflatables.com\/ar\/author\/andreas\/"},"uagb_comment_info":0,"uagb_excerpt":"Kaaft opbloosbar Rutschen a Sprangschl\u00e4sser zu L\u00ebtzebuerg W\u00ebllkomm op Dodo-Inflatables.com &#8211; eisen Online Shop fir Sprangschl\u00e4sser an Europa! Taucht Icht Iech an eiser \u00ebm \u00fcmfangschl\u00e4icher Auswiel u qualitativ h\u00e9ichw\u00e4erteg Sprangschl\u00e4sser, Schl\u00e4sser Schl\u00e4sser a Rutschen, d\u00e9i klengt Extra zu all Occasioun add\u00e9ieren. \u0639\u0644\u0649 \u0627\u0644\u0631\u063a\u0645 \u0645\u0646 \u0623\u0646 \u0647\u0630\u0627 \u0644\u0627 \u064a\u0639\u0646\u064a \u0623\u0646 \u0643\u0644 \u0634\u064a\u0621 \u0639\u0644\u0649 \u0645\u0627 \u064a\u0631\u0627\u0645\u060c \u0625\u0644\u0627&hellip;","_links":{"self":[{"href":"https:\/\/dodo-inflatables.com\/ar\/wp-json\/wp\/v2\/pages\/17250","targetHints":{"allow":["GET"]}}],"collection":[{"href":"https:\/\/dodo-inflatables.com\/ar\/wp-json\/wp\/v2\/pages"}],"about":[{"href":"https:\/\/dodo-inflatables.com\/ar\/wp-json\/wp\/v2\/types\/page"}],"author":[{"embeddable":true,"href":"https:\/\/dodo-inflatables.com\/ar\/wp-json\/wp\/v2\/users\/1"}],"replies":[{"embeddable":true,"href":"https:\/\/dodo-inflatables.com\/ar\/wp-json\/wp\/v2\/comments?post=17250"}],"version-history":[{"count":2,"href":"https:\/\/dodo-inflatables.com\/ar\/wp-json\/wp\/v2\/pages\/17250\/revisions"}],"predecessor-version":[{"id":17255,"href":"https:\/\/dodo-inflatables.com\/ar\/wp-json\/wp\/v2\/pages\/17250\/revisions\/17255"}],"wp:attachment":[{"href":"https:\/\/dodo-inflatables.com\/ar\/wp-json\/wp\/v2\/media?parent=17250"}],"curies":[{"name":"wp","href":"https:\/\/api.w.org\/{rel}","templated":true}]}}