{"id":17331,"date":"2024-03-05T17:08:52","date_gmt":"2024-03-05T16:08:52","guid":{"rendered":"https:\/\/dodo-inflatables.com\/%d8%a7%d8%ac%d9%85%d8%b9-%d9%83%d9%84-%d9%85%d8%a7-%d9%8a%d8%aa%d8%b9%d9%84%d9%82-%d8%a8%d8%a7%d9%84%d9%85%d9%88%d8%a7%d8%af-%d8%a7%d9%84%d8%ba%d8%b0%d8%a7%d8%a6%d9%8a%d8%a9-%d9%81%d9%8a-%d8%b1%d9%88\/"},"modified":"2024-07-17T15:09:18","modified_gmt":"2024-07-17T13:09:18","slug":"%d8%a7%d8%ac%d9%85%d8%b9-%d9%83%d9%84-%d9%85%d8%a7-%d9%8a%d8%aa%d8%b9%d9%84%d9%82-%d8%a8%d8%a7%d9%84%d9%85%d9%88%d8%a7%d8%af-%d8%a7%d9%84%d8%ba%d8%b0%d8%a7%d8%a6%d9%8a%d8%a9-%d9%81%d9%8a-%d8%b1%d9%88","status":"publish","type":"page","link":"https:\/\/dodo-inflatables.com\/ar\/%d8%a7%d8%ac%d9%85%d8%b9-%d9%83%d9%84-%d9%85%d8%a7-%d9%8a%d8%aa%d8%b9%d9%84%d9%82-%d8%a8%d8%a7%d9%84%d9%85%d9%88%d8%a7%d8%af-%d8%a7%d9%84%d8%ba%d8%b0%d8%a7%d8%a6%d9%8a%d8%a9-%d9%81%d9%8a-%d8%b1%d9%88\/","title":{"rendered":"\u0627\u062c\u0645\u0639 \u0643\u0644 \u0645\u0627 \u064a\u062a\u0639\u0644\u0642 \u0628\u0627\u0644\u0645\u0648\u0627\u062f \u0627\u0644\u063a\u0630\u0627\u0626\u064a\u0629 \u0641\u064a \u0631\u0648\u0645\u0627\u0646\u064a\u0627"},"content":{"rendered":"\n<h2 class=\"wp-block-heading has-text-align-center\">\u0627\u062c\u0645\u0639 \u0643\u0644 \u0645\u0627 \u064a\u062a\u0639\u0644\u0642 \u0628\u0627\u0644\u0645\u0648\u0627\u062f \u0627\u0644\u063a\u0630\u0627\u0626\u064a\u0629 \u0641\u064a \u0631\u0648\u0645\u0627\u0646\u064a\u0627<\/h2>\n\n<figure class=\"wp-block-image aligncenter size-large\"><a href=\"https:\/\/dodo-inflatables.com\/wp-content\/uploads\/2022\/01\/seperator-kleiner.png\"><img fetchpriority=\"high\" decoding=\"async\" width=\"1024\" height=\"102\" src=\"https:\/\/dodo-inflatables.com\/wp-content\/uploads\/2022\/01\/seperator-kleiner-1024x102.png\" alt=\"\" class=\"wp-image-4026\" srcset=\"https:\/\/dodo-inflatables.com\/wp-content\/uploads\/2022\/01\/seperator-kleiner-1024x102.png 1024w, https:\/\/dodo-inflatables.com\/wp-content\/uploads\/2022\/01\/seperator-kleiner-900x90.png 900w, https:\/\/dodo-inflatables.com\/wp-content\/uploads\/2022\/01\/seperator-kleiner-300x30.png 300w, https:\/\/dodo-inflatables.com\/wp-content\/uploads\/2022\/01\/seperator-kleiner-768x77.png 768w, https:\/\/dodo-inflatables.com\/wp-content\/uploads\/2022\/01\/seperator-kleiner-1536x154.png 1536w, https:\/\/dodo-inflatables.com\/wp-content\/uploads\/2022\/01\/seperator-kleiner-340x34.png 340w, https:\/\/dodo-inflatables.com\/wp-content\/uploads\/2022\/01\/seperator-kleiner.png 2000w\" sizes=\"(max-width: 1024px) 100vw, 1024px\" \/><\/a><\/figure>\n\n<h3 class=\"wp-block-heading has-text-align-center\">Bine a\u021bi venit la Dodo-Inflatables.com &#8211; magazinul nostru online pentru gonflabile \u00een Europa!<\/h3>\n\n<p style=\"font-size:17px\">\u064a\u0645\u0643\u0646\u0643\u0645 \u0627\u062e\u062a\u064a\u0627\u0631 \u0645\u0627 \u064a\u0646\u0627\u0633\u0628\u0643\u0645 \u0645\u0646 \u0627\u0644\u0645\u0646\u062a\u062c\u0627\u062a \u0627\u0644\u062a\u064a \u064a\u0645\u0643\u0646\u0643\u0645 \u0627\u0633\u062a\u062e\u062f\u0627\u0645\u0647\u0627 \u0641\u064a \u0623\u064a \u0645\u0643\u0627\u0646 \u0622\u062e\u0631 \u0641\u064a \u0627\u0644\u0639\u0627\u0644\u0645. Fie c\u0103 sunte\u021bi \u00een c\u0103utarea unei gonflabile mari pentru un eveniment corporativ, a unui castel gonflabil mic pentru o petrecere de aniversare a copiilor sau a unui castel gonflabil cu tobogan pentru o petrecere de var\u0103 &#8211; cu siguran\u021b\u0103 ve\u021bi g\u0103si aici ceva potrivit!<\/p>\n\n<p style=\"font-size:17px\">\u062a\u0634\u0645\u0644 \u0627\u0644\u0645\u062c\u0645\u0648\u0639\u0629 \u0627\u0644\u062c\u062f\u064a\u062f\u0629 \u0645\u062c\u0645\u0648\u0639\u0629 \u0645\u062a\u0646\u0648\u0639\u0629 \u0645\u0646 \u0627\u0644\u0625\u0643\u0633\u0633\u0648\u0627\u0631\u0627\u062a \u0627\u0644\u0645\u062a\u0646\u0648\u0639\u0629 \u0645\u0646 \u0645\u062c\u0645\u0648\u0639\u0629 \u0645\u062a\u0646\u0648\u0639\u0629 \u0645\u0646 \u0627\u0644\u0625\u0643\u0633\u0633\u0648\u0627\u0631\u0627\u062a \u0628\u0645\u0627 \u0641\u064a \u0630\u0644\u0643 \u062c\u064a\u0628\u0648\u0646\u0632 \u0648\u0647\u0648\u0627\u0648\u064a \u0645\u0646 \u0645\u062c\u0645\u0648\u0639\u0629 \u0645\u062a\u0646\u0648\u0639\u0629 \u0645\u0646 \u0627\u0644\u0625\u0643\u0633\u0633\u0648\u0627\u0631\u0627\u062a.<\/p>\n\n<p style=\"font-size:17px\"><strong>\u062a\u0628\u0644\u063a \u062a\u0643\u0644\u0641\u0629<\/strong> \u0627\u0644\u0631\u062d\u0644\u0629 \u0627\u0644\u0627\u0633\u062a\u0643\u0634\u0627\u0641\u064a\u0629 \u0644\u0644\u0642\u0644\u0639\u0629 \u0627\u0644\u0648\u0627\u062d\u062f\u0629 <strong>437,00 \u064a\u0648\u0631\u0648<\/strong>. Un pachet de accesorii gonflabile \u0628\u062a\u0643\u0644\u0641\u0629 38,00 \u20ac. \u0625\u0630\u0627 \u0643\u0627\u0646 \u0647\u0630\u0627 \u0647\u0648 \u0627\u0644\u062d\u0627\u0644 \u0641\u064a \u0627\u0644\u0645\u062e\u0632\u0648\u0646\u060c \u0641\u0625\u0646 \u0647\u0630\u0627 \u064a\u0639\u0646\u064a \u0623\u0646 \u0647\u0646\u0627\u0643 \u0627\u0644\u0643\u062b\u064a\u0631 \u0645\u0646 \u0627\u0644\u0623\u0645\u0648\u0631 \u0627\u0644\u062a\u064a \u064a\u062c\u0628 \u0623\u0646 \u062a\u0643\u0648\u0646 \u0641\u064a \u0645\u062a\u0646\u0627\u0648\u0644 \u0627\u0644\u064a\u062f. \u064a\u0639\u064a\u0634 \u0641\u064a \u0631\u0648\u0645\u0627\u0646\u064a\u0627 \u0645\u0646 <strong>4 \u0625\u0644\u0649 6<\/strong> \u0633\u0646\u0648\u0627\u062a \u062a\u0642\u0631\u064a\u0628\u064b\u0627. \u064a\u0645\u0643\u0646 \u0623\u0646 \u064a\u0643\u0648\u0646 \u0647\u0630\u0627 \u0627\u0644\u0627\u062d\u062a\u0645\u0627\u0644 \u0642\u0627\u0626\u0645\u0627\u064b \u0641\u064a \u0645\u062f\u064a\u0646\u0629 \u0645\u0648\u0646\u0634\u0646\u060c \u0623\u0644\u0645\u0627\u0646\u064a\u0627.<\/p>\n\n<p style=\"font-size:17px\">\u062a\u062d\u062a\u0631\u0645 \u0627\u0644\u0645\u0648\u0627\u0635\u0641\u0627\u062a \u0627\u0644\u0642\u064a\u0627\u0633\u064a\u0629 \u0627\u0644\u0635\u0627\u0631\u0645\u0629 \u0644\u0645\u0639\u0627\u064a\u064a\u0631 <strong>DIN EN 14960 DIN EN 14960\u060c<\/strong> \u0648\u064a\u0645\u0643\u0646 \u0627\u0633\u062a\u062e\u062f\u0627\u0645\u0647\u0627 \u0641\u064a \u0627\u0644\u0642\u0637\u0627\u0639 \u0627\u0644\u062e\u0627\u0635 \u0648\u0627\u0644\u062a\u062c\u0627\u0631\u064a. \u0641\u064a \u0627\u0644\u0628\u062f\u0627\u064a\u0629\u060c \u062a\u0645 \u0627\u0644\u062d\u0635\u0648\u0644 \u0639\u0644\u0649 \u0634\u0647\u0627\u062f\u0629 \u0645\u0646 \u0648\u0632\u0627\u0631\u0629 \u0627\u0644\u062e\u0627\u0631\u062c\u064a\u0629 \u0627\u0644\u0623\u0645\u0631\u064a\u0643\u064a\u0629. gonflabil\u0103 odat\u0103 ce aceasta a fost expediat\u0103.<\/p>\n\n<p style=\"font-size:17px\">\u0633\u0643\u0648\u0648\u062a\u064a\u0631 \u062f\u064a \u062a\u064a \u0641\u064a \u0623\u064a\u0647 \u0628\u064a\u0646\u062a\u0631\u0648 \u0643\u0648\u0645\u0628\u0627\u0646\u064a! \u0641\u064a \u0646\u0647\u0627\u064a\u0629 \u0627\u0644\u0645\u0637\u0627\u0641\u060c \u062a\u0645 \u062a\u0642\u062f\u064a\u0645 \u0631\u0642\u0645 \u0647\u0627\u062a\u0641 \u0627\u0644\u0634\u0631\u0643\u0629. \u0645\u0646 \u062a\u062d\u062f\u064a\u062f \u0647\u0648\u064a\u0629 TVA \u0641\u064a \u0646\u0647\u0627\u064a\u0629 \u0627\u0644\u0645\u0637\u0627\u0641 \u0645\u0646 \u0623\u062c\u0644 \u0645\u0648\u0627\u062c\u0647\u0629 \u0627\u0644\u0636\u0631\u0627\u0626\u0628.<\/p>\n\n<p style=\"font-size:17px\">\u0625\u0630\u0627 \u0644\u0645 \u064a\u0643\u0646 \u0647\u0646\u0627\u0643 \u0645\u0646 \u064a\u0647\u062a\u0645 \u0628\u0634\u0643\u0644 \u062e\u0627\u0635 \u0628\u0645\u0643\u0627\u0646\u0629 \u0627\u0644\u0634\u0631\u0643\u0629 \u0627\u0644\u062a\u062c\u0627\u0631\u064a\u0629 \u0641\u064a \u0645\u062c\u0627\u0644 \u0627\u0644\u0631\u0639\u0627\u064a\u0629 \u0627\u0644\u0635\u062d\u064a\u0629 \u0641\u064a \u0645\u062c\u0627\u0644 \u0627\u0644\u0631\u0639\u0627\u064a\u0629 \u0627\u0644\u0635\u062d\u064a\u0629 \u0627\u0644\u0639\u0627\u0626\u0644\u064a\u0629\u060c \u0641\u0625\u0646 \u0627\u0644\u0634\u0631\u0643\u0629 \u0627\u0644\u062a\u062c\u0627\u0631\u064a\u0629 \u0627\u0644\u062a\u064a \u062a\u0647\u062a\u0645 \u0628\u062a\u0648\u0633\u064a\u0639 \u0646\u0637\u0627\u0642 \u0627\u0644\u0639\u0645\u0644 \u0641\u064a \u0645\u062c\u0627\u0644 \u0627\u0644\u0631\u0639\u0627\u064a\u0629 \u0627\u0644\u0635\u062d\u064a\u0629 \u0633\u062a\u0639\u0645\u0644 \u0639\u0644\u0649 \u062a\u0648\u0633\u064a\u0639 \u0646\u0637\u0627\u0642 \u0627\u0644\u0639\u0645\u0644 \u0641\u064a \u0645\u062c\u0627\u0644 \u0627\u0644\u0631\u0639\u0627\u064a\u0629 \u0627\u0644\u0635\u062d\u064a\u0629. \u0648\u062e\u062a\u0627\u0645\u064b\u0627\u060c \u0641\u0625\u0646 \u0645\u0639\u0638\u0645 \u0639\u0645\u0644\u0627\u0621\u0646\u0627 \u0641\u064a \u0623\u0648\u0631\u0648\u0628\u0627 \u0647\u0645 \u0634\u0631\u0643\u0627\u062a \u0645\u062a\u062e\u0635\u0635\u0629 \u0641\u064a \u0645\u062c\u0627\u0644 \u0627\u0644\u0631\u0639\u0627\u064a\u0629 \u0627\u0644\u0635\u062d\u064a\u0629 \u0641\u064a \u0623\u0648\u0631\u0648\u0628\u0627 \u064a\u0647\u062a\u0645\u0648\u0646 \u0628\u062a\u0637\u0648\u064a\u0631 \u0645\u0646\u062a\u062c\u0627\u062a\u0646\u0627 \u0641\u064a \u0645\u062c\u0627\u0644 \u0627\u0644\u0631\u0639\u0627\u064a\u0629 \u0627\u0644\u0635\u062d\u064a\u0629 \u0641\u064a \u062c\u0645\u064a\u0639 \u0623\u0646\u062d\u0627\u0621 \u0627\u0644\u0639\u0627\u0644\u0645.<\/p>\n\n<p style=\"font-size:17px\">\u0627\u062d\u0631\u0635\u0648\u0627 \u0639\u0644\u0649 \u0623\u0646 \u062a\u0643\u0648\u0646\u0648\u0627 \u0639\u0644\u0649 \u0627\u0637\u0644\u0627\u0639 \u0639\u0644\u0649 \u0643\u0644 \u0645\u0627 \u064a\u062a\u0639\u0644\u0642 \u0628\u0627\u0644\u0645\u0644\u0627\u062d\u0629 \u0641\u064a \u0645\u062c\u0644\u0629 &#8220;\u0646\u0627\u0634\u064a\u0648\u0646\u0627\u0644 \u0646\u0648\u0633\u062a\u0631\u0648&#8221; \u0639\u0644\u0649 \u0627\u0644\u0625\u0646\u062a\u0631\u0646\u062a <a href=\"mailto:contact@dodo-inflatables.com\">contact@dodo-inflatables.com!<\/a><\/p>\n","protected":false},"excerpt":{"rendered":"<p>\u0627\u062c\u0645\u0639 \u0643\u0644 \u0645\u0627 \u064a\u062a\u0639\u0644\u0642 \u0628\u0627\u0644\u0645\u0648\u0627\u062f \u0627\u0644\u063a\u0630\u0627\u0626\u064a\u0629 \u0641\u064a \u0631\u0648\u0645\u0627\u0646\u064a\u0627 Bine a\u021bi venit la Dodo-Inflatables.com &#8211; magazinul nostru online pentru gonflabile \u00een Europa! \u064a\u0645\u0643\u0646\u0643\u0645 \u0627\u062e\u062a\u064a\u0627\u0631 \u0645\u0627 \u064a\u0646\u0627\u0633\u0628\u0643\u0645 \u0645\u0646 \u0627\u0644\u0645\u0646\u062a\u062c\u0627\u062a \u0627\u0644\u062a\u064a \u064a\u0645\u0643\u0646\u0643\u0645 \u0627\u0633\u062a\u062e\u062f\u0627\u0645\u0647\u0627 \u0641\u064a \u0623\u064a \u0645\u0643\u0627\u0646 \u0622\u062e\u0631 \u0641\u064a \u0627\u0644\u0639\u0627\u0644\u0645. Fie c\u0103 sunte\u021bi \u00een c\u0103utarea unei gonflabile mari pentru un eveniment corporativ, a unui castel gonflabil mic pentru o [&hellip;]<\/p>\n","protected":false},"author":1,"featured_media":0,"parent":0,"menu_order":0,"comment_status":"closed","ping_status":"closed","template":"","meta":{"_acf_changed":false,"_uag_custom_page_level_css":"","site-sidebar-layout":"default","site-content-layout":"","ast-site-content-layout":"normal-width-container","site-content-style":"boxed","site-sidebar-style":"default","ast-global-header-display":"","ast-banner-title-visibility":"","ast-main-header-display":"","ast-hfb-above-header-display":"","ast-hfb-below-header-display":"","ast-hfb-mobile-header-display":"","site-post-title":"","ast-breadcrumbs-content":"","ast-featured-img":"","footer-sml-layout":"","ast-disable-related-posts":"","theme-transparent-header-meta":"","adv-header-id-meta":"4069","stick-header-meta":"","header-above-stick-meta":"","header-main-stick-meta":"","header-below-stick-meta":"","astra-migrate-meta-layouts":"default","ast-page-background-enabled":"default","ast-page-background-meta":{"desktop":{"background-color":"var(--ast-global-color-4)","background-image":"","background-repeat":"repeat","background-position":"center center","background-size":"auto","background-attachment":"scroll","background-type":"","background-media":"","overlay-type":"","overlay-color":"","overlay-opacity":"","overlay-gradient":""},"tablet":{"background-color":"","background-image":"","background-repeat":"repeat","background-position":"center center","background-size":"auto","background-attachment":"scroll","background-type":"","background-media":"","overlay-type":"","overlay-color":"","overlay-opacity":"","overlay-gradient":""},"mobile":{"background-color":"","background-image":"","background-repeat":"repeat","background-position":"center center","background-size":"auto","background-attachment":"scroll","background-type":"","background-media":"","overlay-type":"","overlay-color":"","overlay-opacity":"","overlay-gradient":""}},"ast-content-background-meta":{"desktop":{"background-color":"var(--ast-global-color-5)","background-image":"","background-repeat":"repeat","background-position":"center center","background-size":"auto","background-attachment":"scroll","background-type":"","background-media":"","overlay-type":"","overlay-color":"","overlay-opacity":"","overlay-gradient":""},"tablet":{"background-color":"var(--ast-global-color-5)","background-image":"","background-repeat":"repeat","background-position":"center center","background-size":"auto","background-attachment":"scroll","background-type":"","background-media":"","overlay-type":"","overlay-color":"","overlay-opacity":"","overlay-gradient":""},"mobile":{"background-color":"var(--ast-global-color-5)","background-image":"","background-repeat":"repeat","background-position":"center center","background-size":"auto","background-attachment":"scroll","background-type":"","background-media":"","overlay-type":"","overlay-color":"","overlay-opacity":"","overlay-gradient":""}},"footnotes":""},"class_list":["post-17331","page","type-page","status-publish","hentry"],"acf":[],"yoast_head":"<!-- This site is optimized with the Yoast SEO plugin v27.5 - https:\/\/yoast.com\/product\/yoast-seo-wordpress\/ -->\n<title>\u0627\u062c\u0645\u0639 \u0643\u0644 \u0645\u0627 \u064a\u062a\u0639\u0644\u0642 \u0628\u0627\u0644\u0645\u0648\u0627\u062f \u0627\u0644\u063a\u0630\u0627\u0626\u064a\u0629 \u0641\u064a \u0631\u0648\u0645\u0627\u0646\u064a\u0627 - dodo-inflatables.com<\/title>\n<meta name=\"robots\" content=\"index, follow, max-snippet:-1, max-image-preview:large, max-video-preview:-1\" \/>\n<link rel=\"canonical\" href=\"https:\/\/dodo-inflatables.com\/ar\/%d8%a7%d8%ac%d9%85%d8%b9-%d9%83%d9%84-%d9%85%d8%a7-%d9%8a%d8%aa%d8%b9%d9%84%d9%82-%d8%a8%d8%a7%d9%84%d9%85%d9%88%d8%a7%d8%af-%d8%a7%d9%84%d8%ba%d8%b0%d8%a7%d8%a6%d9%8a%d8%a9-%d9%81%d9%8a-%d8%b1%d9%88\/\" \/>\n<script type=\"application\/ld+json\" class=\"yoast-schema-graph\">{\"@context\":\"https:\\\/\\\/schema.org\",\"@graph\":[{\"@type\":\"WebPage\",\"@id\":\"https:\\\/\\\/dodo-inflatables.com\\\/ar\\\/%d8%a7%d8%ac%d9%85%d8%b9-%d9%83%d9%84-%d9%85%d8%a7-%d9%8a%d8%aa%d8%b9%d9%84%d9%82-%d8%a8%d8%a7%d9%84%d9%85%d9%88%d8%a7%d8%af-%d8%a7%d9%84%d8%ba%d8%b0%d8%a7%d8%a6%d9%8a%d8%a9-%d9%81%d9%8a-%d8%b1%d9%88\\\/\",\"url\":\"https:\\\/\\\/dodo-inflatables.com\\\/ar\\\/%d8%a7%d8%ac%d9%85%d8%b9-%d9%83%d9%84-%d9%85%d8%a7-%d9%8a%d8%aa%d8%b9%d9%84%d9%82-%d8%a8%d8%a7%d9%84%d9%85%d9%88%d8%a7%d8%af-%d8%a7%d9%84%d8%ba%d8%b0%d8%a7%d8%a6%d9%8a%d8%a9-%d9%81%d9%8a-%d8%b1%d9%88\\\/\",\"name\":\"\u0627\u062c\u0645\u0639 \u0643\u0644 \u0645\u0627 \u064a\u062a\u0639\u0644\u0642 \u0628\u0627\u0644\u0645\u0648\u0627\u062f \u0627\u0644\u063a\u0630\u0627\u0626\u064a\u0629 \u0641\u064a \u0631\u0648\u0645\u0627\u0646\u064a\u0627 - dodo-inflatables.com\",\"isPartOf\":{\"@id\":\"https:\\\/\\\/dodo-inflatables.com\\\/ar\\\/#website\"},\"primaryImageOfPage\":{\"@id\":\"https:\\\/\\\/dodo-inflatables.com\\\/ar\\\/%d8%a7%d8%ac%d9%85%d8%b9-%d9%83%d9%84-%d9%85%d8%a7-%d9%8a%d8%aa%d8%b9%d9%84%d9%82-%d8%a8%d8%a7%d9%84%d9%85%d9%88%d8%a7%d8%af-%d8%a7%d9%84%d8%ba%d8%b0%d8%a7%d8%a6%d9%8a%d8%a9-%d9%81%d9%8a-%d8%b1%d9%88\\\/#primaryimage\"},\"image\":{\"@id\":\"https:\\\/\\\/dodo-inflatables.com\\\/ar\\\/%d8%a7%d8%ac%d9%85%d8%b9-%d9%83%d9%84-%d9%85%d8%a7-%d9%8a%d8%aa%d8%b9%d9%84%d9%82-%d8%a8%d8%a7%d9%84%d9%85%d9%88%d8%a7%d8%af-%d8%a7%d9%84%d8%ba%d8%b0%d8%a7%d8%a6%d9%8a%d8%a9-%d9%81%d9%8a-%d8%b1%d9%88\\\/#primaryimage\"},\"thumbnailUrl\":\"https:\\\/\\\/dodo-inflatables.com\\\/wp-content\\\/uploads\\\/2022\\\/01\\\/seperator-kleiner-1024x102.png\",\"datePublished\":\"2024-03-05T16:08:52+00:00\",\"dateModified\":\"2024-07-17T13:09:18+00:00\",\"breadcrumb\":{\"@id\":\"https:\\\/\\\/dodo-inflatables.com\\\/ar\\\/%d8%a7%d8%ac%d9%85%d8%b9-%d9%83%d9%84-%d9%85%d8%a7-%d9%8a%d8%aa%d8%b9%d9%84%d9%82-%d8%a8%d8%a7%d9%84%d9%85%d9%88%d8%a7%d8%af-%d8%a7%d9%84%d8%ba%d8%b0%d8%a7%d8%a6%d9%8a%d8%a9-%d9%81%d9%8a-%d8%b1%d9%88\\\/#breadcrumb\"},\"inLanguage\":\"ar\",\"potentialAction\":[{\"@type\":\"ReadAction\",\"target\":[\"https:\\\/\\\/dodo-inflatables.com\\\/ar\\\/%d8%a7%d8%ac%d9%85%d8%b9-%d9%83%d9%84-%d9%85%d8%a7-%d9%8a%d8%aa%d8%b9%d9%84%d9%82-%d8%a8%d8%a7%d9%84%d9%85%d9%88%d8%a7%d8%af-%d8%a7%d9%84%d8%ba%d8%b0%d8%a7%d8%a6%d9%8a%d8%a9-%d9%81%d9%8a-%d8%b1%d9%88\\\/\"]}]},{\"@type\":\"ImageObject\",\"inLanguage\":\"ar\",\"@id\":\"https:\\\/\\\/dodo-inflatables.com\\\/ar\\\/%d8%a7%d8%ac%d9%85%d8%b9-%d9%83%d9%84-%d9%85%d8%a7-%d9%8a%d8%aa%d8%b9%d9%84%d9%82-%d8%a8%d8%a7%d9%84%d9%85%d9%88%d8%a7%d8%af-%d8%a7%d9%84%d8%ba%d8%b0%d8%a7%d8%a6%d9%8a%d8%a9-%d9%81%d9%8a-%d8%b1%d9%88\\\/#primaryimage\",\"url\":\"https:\\\/\\\/dodo-inflatables.com\\\/wp-content\\\/uploads\\\/2022\\\/01\\\/seperator-kleiner-1024x102.png\",\"contentUrl\":\"https:\\\/\\\/dodo-inflatables.com\\\/wp-content\\\/uploads\\\/2022\\\/01\\\/seperator-kleiner-1024x102.png\"},{\"@type\":\"BreadcrumbList\",\"@id\":\"https:\\\/\\\/dodo-inflatables.com\\\/ar\\\/%d8%a7%d8%ac%d9%85%d8%b9-%d9%83%d9%84-%d9%85%d8%a7-%d9%8a%d8%aa%d8%b9%d9%84%d9%82-%d8%a8%d8%a7%d9%84%d9%85%d9%88%d8%a7%d8%af-%d8%a7%d9%84%d8%ba%d8%b0%d8%a7%d8%a6%d9%8a%d8%a9-%d9%81%d9%8a-%d8%b1%d9%88\\\/#breadcrumb\",\"itemListElement\":[{\"@type\":\"ListItem\",\"position\":1,\"name\":\"\u0627\u0644\u0631\u0626\u064a\u0633\u064a\u0629\",\"item\":\"https:\\\/\\\/dodo-inflatables.com\\\/ar\\\/\"},{\"@type\":\"ListItem\",\"position\":2,\"name\":\"\u0627\u062c\u0645\u0639 \u0643\u0644 \u0645\u0627 \u064a\u062a\u0639\u0644\u0642 \u0628\u0627\u0644\u0645\u0648\u0627\u062f \u0627\u0644\u063a\u0630\u0627\u0626\u064a\u0629 \u0641\u064a \u0631\u0648\u0645\u0627\u0646\u064a\u0627\"}]},{\"@type\":\"WebSite\",\"@id\":\"https:\\\/\\\/dodo-inflatables.com\\\/ar\\\/#website\",\"url\":\"https:\\\/\\\/dodo-inflatables.com\\\/ar\\\/\",\"name\":\"dodo-inflatables.com\",\"description\":\"\u0642\u0645 \u0628\u0634\u0631\u0627\u0621 \u0627\u0644\u0642\u0644\u0627\u0639 \u0627\u0644\u0646\u0637\u0627\u0637\u0629 \u0648\u0627\u0644\u0623\u0644\u0639\u0627\u0628 \u0627\u0644\u062a\u0631\u0641\u064a\u0647\u064a\u0629 \u0641\u064a \u0645\u062a\u062c\u0631\u0646\u0627.\",\"potentialAction\":[{\"@type\":\"SearchAction\",\"target\":{\"@type\":\"EntryPoint\",\"urlTemplate\":\"https:\\\/\\\/dodo-inflatables.com\\\/ar\\\/?s={search_term_string}\"},\"query-input\":{\"@type\":\"PropertyValueSpecification\",\"valueRequired\":true,\"valueName\":\"search_term_string\"}}],\"inLanguage\":\"ar\"}]}<\/script>\n<!-- \/ Yoast SEO plugin. -->","yoast_head_json":{"title":"\u0627\u062c\u0645\u0639 \u0643\u0644 \u0645\u0627 \u064a\u062a\u0639\u0644\u0642 \u0628\u0627\u0644\u0645\u0648\u0627\u062f \u0627\u0644\u063a\u0630\u0627\u0626\u064a\u0629 \u0641\u064a \u0631\u0648\u0645\u0627\u0646\u064a\u0627 - dodo-inflatables.com","robots":{"index":"index","follow":"follow","max-snippet":"max-snippet:-1","max-image-preview":"max-image-preview:large","max-video-preview":"max-video-preview:-1"},"canonical":"https:\/\/dodo-inflatables.com\/ar\/%d8%a7%d8%ac%d9%85%d8%b9-%d9%83%d9%84-%d9%85%d8%a7-%d9%8a%d8%aa%d8%b9%d9%84%d9%82-%d8%a8%d8%a7%d9%84%d9%85%d9%88%d8%a7%d8%af-%d8%a7%d9%84%d8%ba%d8%b0%d8%a7%d8%a6%d9%8a%d8%a9-%d9%81%d9%8a-%d8%b1%d9%88\/","schema":{"@context":"https:\/\/schema.org","@graph":[{"@type":"WebPage","@id":"https:\/\/dodo-inflatables.com\/ar\/%d8%a7%d8%ac%d9%85%d8%b9-%d9%83%d9%84-%d9%85%d8%a7-%d9%8a%d8%aa%d8%b9%d9%84%d9%82-%d8%a8%d8%a7%d9%84%d9%85%d9%88%d8%a7%d8%af-%d8%a7%d9%84%d8%ba%d8%b0%d8%a7%d8%a6%d9%8a%d8%a9-%d9%81%d9%8a-%d8%b1%d9%88\/","url":"https:\/\/dodo-inflatables.com\/ar\/%d8%a7%d8%ac%d9%85%d8%b9-%d9%83%d9%84-%d9%85%d8%a7-%d9%8a%d8%aa%d8%b9%d9%84%d9%82-%d8%a8%d8%a7%d9%84%d9%85%d9%88%d8%a7%d8%af-%d8%a7%d9%84%d8%ba%d8%b0%d8%a7%d8%a6%d9%8a%d8%a9-%d9%81%d9%8a-%d8%b1%d9%88\/","name":"\u0627\u062c\u0645\u0639 \u0643\u0644 \u0645\u0627 \u064a\u062a\u0639\u0644\u0642 \u0628\u0627\u0644\u0645\u0648\u0627\u062f \u0627\u0644\u063a\u0630\u0627\u0626\u064a\u0629 \u0641\u064a \u0631\u0648\u0645\u0627\u0646\u064a\u0627 - dodo-inflatables.com","isPartOf":{"@id":"https:\/\/dodo-inflatables.com\/ar\/#website"},"primaryImageOfPage":{"@id":"https:\/\/dodo-inflatables.com\/ar\/%d8%a7%d8%ac%d9%85%d8%b9-%d9%83%d9%84-%d9%85%d8%a7-%d9%8a%d8%aa%d8%b9%d9%84%d9%82-%d8%a8%d8%a7%d9%84%d9%85%d9%88%d8%a7%d8%af-%d8%a7%d9%84%d8%ba%d8%b0%d8%a7%d8%a6%d9%8a%d8%a9-%d9%81%d9%8a-%d8%b1%d9%88\/#primaryimage"},"image":{"@id":"https:\/\/dodo-inflatables.com\/ar\/%d8%a7%d8%ac%d9%85%d8%b9-%d9%83%d9%84-%d9%85%d8%a7-%d9%8a%d8%aa%d8%b9%d9%84%d9%82-%d8%a8%d8%a7%d9%84%d9%85%d9%88%d8%a7%d8%af-%d8%a7%d9%84%d8%ba%d8%b0%d8%a7%d8%a6%d9%8a%d8%a9-%d9%81%d9%8a-%d8%b1%d9%88\/#primaryimage"},"thumbnailUrl":"https:\/\/dodo-inflatables.com\/wp-content\/uploads\/2022\/01\/seperator-kleiner-1024x102.png","datePublished":"2024-03-05T16:08:52+00:00","dateModified":"2024-07-17T13:09:18+00:00","breadcrumb":{"@id":"https:\/\/dodo-inflatables.com\/ar\/%d8%a7%d8%ac%d9%85%d8%b9-%d9%83%d9%84-%d9%85%d8%a7-%d9%8a%d8%aa%d8%b9%d9%84%d9%82-%d8%a8%d8%a7%d9%84%d9%85%d9%88%d8%a7%d8%af-%d8%a7%d9%84%d8%ba%d8%b0%d8%a7%d8%a6%d9%8a%d8%a9-%d9%81%d9%8a-%d8%b1%d9%88\/#breadcrumb"},"inLanguage":"ar","potentialAction":[{"@type":"ReadAction","target":["https:\/\/dodo-inflatables.com\/ar\/%d8%a7%d8%ac%d9%85%d8%b9-%d9%83%d9%84-%d9%85%d8%a7-%d9%8a%d8%aa%d8%b9%d9%84%d9%82-%d8%a8%d8%a7%d9%84%d9%85%d9%88%d8%a7%d8%af-%d8%a7%d9%84%d8%ba%d8%b0%d8%a7%d8%a6%d9%8a%d8%a9-%d9%81%d9%8a-%d8%b1%d9%88\/"]}]},{"@type":"ImageObject","inLanguage":"ar","@id":"https:\/\/dodo-inflatables.com\/ar\/%d8%a7%d8%ac%d9%85%d8%b9-%d9%83%d9%84-%d9%85%d8%a7-%d9%8a%d8%aa%d8%b9%d9%84%d9%82-%d8%a8%d8%a7%d9%84%d9%85%d9%88%d8%a7%d8%af-%d8%a7%d9%84%d8%ba%d8%b0%d8%a7%d8%a6%d9%8a%d8%a9-%d9%81%d9%8a-%d8%b1%d9%88\/#primaryimage","url":"https:\/\/dodo-inflatables.com\/wp-content\/uploads\/2022\/01\/seperator-kleiner-1024x102.png","contentUrl":"https:\/\/dodo-inflatables.com\/wp-content\/uploads\/2022\/01\/seperator-kleiner-1024x102.png"},{"@type":"BreadcrumbList","@id":"https:\/\/dodo-inflatables.com\/ar\/%d8%a7%d8%ac%d9%85%d8%b9-%d9%83%d9%84-%d9%85%d8%a7-%d9%8a%d8%aa%d8%b9%d9%84%d9%82-%d8%a8%d8%a7%d9%84%d9%85%d9%88%d8%a7%d8%af-%d8%a7%d9%84%d8%ba%d8%b0%d8%a7%d8%a6%d9%8a%d8%a9-%d9%81%d9%8a-%d8%b1%d9%88\/#breadcrumb","itemListElement":[{"@type":"ListItem","position":1,"name":"\u0627\u0644\u0631\u0626\u064a\u0633\u064a\u0629","item":"https:\/\/dodo-inflatables.com\/ar\/"},{"@type":"ListItem","position":2,"name":"\u0627\u062c\u0645\u0639 \u0643\u0644 \u0645\u0627 \u064a\u062a\u0639\u0644\u0642 \u0628\u0627\u0644\u0645\u0648\u0627\u062f \u0627\u0644\u063a\u0630\u0627\u0626\u064a\u0629 \u0641\u064a \u0631\u0648\u0645\u0627\u0646\u064a\u0627"}]},{"@type":"WebSite","@id":"https:\/\/dodo-inflatables.com\/ar\/#website","url":"https:\/\/dodo-inflatables.com\/ar\/","name":"dodo-inflatables.com","description":"\u0642\u0645 \u0628\u0634\u0631\u0627\u0621 \u0627\u0644\u0642\u0644\u0627\u0639 \u0627\u0644\u0646\u0637\u0627\u0637\u0629 \u0648\u0627\u0644\u0623\u0644\u0639\u0627\u0628 \u0627\u0644\u062a\u0631\u0641\u064a\u0647\u064a\u0629 \u0641\u064a \u0645\u062a\u062c\u0631\u0646\u0627.","potentialAction":[{"@type":"SearchAction","target":{"@type":"EntryPoint","urlTemplate":"https:\/\/dodo-inflatables.com\/ar\/?s={search_term_string}"},"query-input":{"@type":"PropertyValueSpecification","valueRequired":true,"valueName":"search_term_string"}}],"inLanguage":"ar"}]}},"uagb_featured_image_src":{"full":false,"thumbnail":false,"medium":false,"medium_large":false,"large":false,"1536x1536":false,"2048x2048":false,"woocommerce_thumbnail":false,"woocommerce_single":false,"woocommerce_gallery_thumbnail":false},"uagb_author_info":{"display_name":"Andreas","author_link":"https:\/\/dodo-inflatables.com\/ar\/author\/andreas\/"},"uagb_comment_info":0,"uagb_excerpt":"\u0627\u062c\u0645\u0639 \u0643\u0644 \u0645\u0627 \u064a\u062a\u0639\u0644\u0642 \u0628\u0627\u0644\u0645\u0648\u0627\u062f \u0627\u0644\u063a\u0630\u0627\u0626\u064a\u0629 \u0641\u064a \u0631\u0648\u0645\u0627\u0646\u064a\u0627 Bine a\u021bi venit la Dodo-Inflatables.com &#8211; magazinul nostru online pentru gonflabile \u00een Europa! \u064a\u0645\u0643\u0646\u0643\u0645 \u0627\u062e\u062a\u064a\u0627\u0631 \u0645\u0627 \u064a\u0646\u0627\u0633\u0628\u0643\u0645 \u0645\u0646 \u0627\u0644\u0645\u0646\u062a\u062c\u0627\u062a \u0627\u0644\u062a\u064a \u064a\u0645\u0643\u0646\u0643\u0645 \u0627\u0633\u062a\u062e\u062f\u0627\u0645\u0647\u0627 \u0641\u064a \u0623\u064a \u0645\u0643\u0627\u0646 \u0622\u062e\u0631 \u0641\u064a \u0627\u0644\u0639\u0627\u0644\u0645. Fie c\u0103 sunte\u021bi \u00een c\u0103utarea unei gonflabile mari pentru un eveniment corporativ, a unui castel gonflabil mic pentru o&hellip;","_links":{"self":[{"href":"https:\/\/dodo-inflatables.com\/ar\/wp-json\/wp\/v2\/pages\/17331","targetHints":{"allow":["GET"]}}],"collection":[{"href":"https:\/\/dodo-inflatables.com\/ar\/wp-json\/wp\/v2\/pages"}],"about":[{"href":"https:\/\/dodo-inflatables.com\/ar\/wp-json\/wp\/v2\/types\/page"}],"author":[{"embeddable":true,"href":"https:\/\/dodo-inflatables.com\/ar\/wp-json\/wp\/v2\/users\/1"}],"replies":[{"embeddable":true,"href":"https:\/\/dodo-inflatables.com\/ar\/wp-json\/wp\/v2\/comments?post=17331"}],"version-history":[{"count":2,"href":"https:\/\/dodo-inflatables.com\/ar\/wp-json\/wp\/v2\/pages\/17331\/revisions"}],"predecessor-version":[{"id":17333,"href":"https:\/\/dodo-inflatables.com\/ar\/wp-json\/wp\/v2\/pages\/17331\/revisions\/17333"}],"wp:attachment":[{"href":"https:\/\/dodo-inflatables.com\/ar\/wp-json\/wp\/v2\/media?parent=17331"}],"curies":[{"name":"wp","href":"https:\/\/api.w.org\/{rel}","templated":true}]}}