{"id":17352,"date":"2024-03-05T17:03:53","date_gmt":"2024-03-05T16:03:53","guid":{"rendered":"https:\/\/dodo-inflatables.com\/kupite-tobogane-i-dvorce-na-napuhavanje-u-hrvatskoj\/"},"modified":"2024-07-17T15:09:24","modified_gmt":"2024-07-17T13:09:24","slug":"kupite-tobogane-i-dvorce-na-napuhavanje-u-hrvatskoj","status":"publish","type":"page","link":"https:\/\/dodo-inflatables.com\/ar\/kupite-tobogane-i-dvorce-na-napuhavanje-u-hrvatskoj\/","title":{"rendered":"Kupite tobogane i dvorce na napuhavanje u Hrvatskoj"},"content":{"rendered":"\n<h2 class=\"wp-block-heading has-text-align-center\">Kupite tobogane i dvorce na napuhavanje u Hrvatskoj<\/h2>\n\n<figure class=\"wp-block-image aligncenter size-large\"><a href=\"https:\/\/dodo-inflatables.com\/wp-content\/uploads\/2022\/01\/seperator-kleiner.png\"><img loading=\"lazy\" decoding=\"async\" width=\"1024\" height=\"102\" src=\"https:\/\/dodo-inflatables.com\/wp-content\/uploads\/2022\/01\/seperator-kleiner-1024x102.png\" alt=\"\" class=\"wp-image-4026\" srcset=\"https:\/\/dodo-inflatables.com\/wp-content\/uploads\/2022\/01\/seperator-kleiner-1024x102.png 1024w, https:\/\/dodo-inflatables.com\/wp-content\/uploads\/2022\/01\/seperator-kleiner-900x90.png 900w, https:\/\/dodo-inflatables.com\/wp-content\/uploads\/2022\/01\/seperator-kleiner-300x30.png 300w, https:\/\/dodo-inflatables.com\/wp-content\/uploads\/2022\/01\/seperator-kleiner-768x77.png 768w, https:\/\/dodo-inflatables.com\/wp-content\/uploads\/2022\/01\/seperator-kleiner-1536x154.png 1536w, https:\/\/dodo-inflatables.com\/wp-content\/uploads\/2022\/01\/seperator-kleiner-340x34.png 340w, https:\/\/dodo-inflatables.com\/wp-content\/uploads\/2022\/01\/seperator-kleiner.png 2000w\" sizes=\"auto, (max-width: 1024px) 100vw, 1024px\" \/><\/a><\/figure>\n\n<h3 class=\"wp-block-heading has-text-align-center\">\u0645\u0648\u0642\u0639 Dobrododo\u0161li u Dodo-Inflatables.com &#8211; \u0645\u0648\u0642\u0639\u0646\u0627 \u0639\u0644\u0649 \u0627\u0644\u0625\u0646\u062a\u0631\u0646\u062a \u0644\u062a\u062f\u0627\u0648\u0644 \u0627\u0644\u0645\u0646\u062a\u062c\u0627\u062a \u0627\u0644\u0625\u0644\u0643\u062a\u0631\u0648\u0646\u064a\u0629 \u0641\u064a \u0623\u0648\u0631\u0648\u0628\u0627!<\/h3>\n\n<p style=\"font-size:17px\">\u0627\u062d\u0631\u0635 \u0639\u0644\u0649 \u0623\u0646 \u064a\u0643\u0648\u0646 \u0644\u062f\u064a\u0643 \u0645\u0627 \u064a\u0643\u0641\u064a \u0645\u0646 \u0627\u0644\u0645\u0639\u0644\u0648\u0645\u0627\u062a \u0627\u0644\u062a\u064a \u064a\u0645\u0643\u0646 \u0623\u0646 \u062a\u0633\u0627\u0639\u062f\u0643 \u0639\u0644\u0649 \u0641\u0647\u0645 \u0645\u0627 \u064a\u062c\u0631\u064a \u0641\u064a \u0627\u0644\u0639\u0627\u0644\u0645 \u0645\u0646 \u062d\u0648\u0644\u0643. \u0627\u0637\u0644\u0628\u0648\u0627 \u0645\u0646\u064a \u0623\u0646 \u0623\u0637\u0644\u0628 \u0645\u0646\u0643\u0645 \u0623\u0646 \u0623\u0634\u062a\u0631\u064a \u0644\u0643\u0645 \u0628\u0639\u0636 \u0627\u0644\u0645\u0648\u0627\u062f \u0627\u0644\u063a\u0630\u0627\u0626\u064a\u0629 \u0645\u0646 \u0627\u0644\u0633\u0648\u0642\u060c \u0648\u0623\u0646 \u0623\u0634\u062a\u0631\u064a \u0644\u0643\u0645 \u0628\u0639\u0636 \u0627\u0644\u0645\u0648\u0627\u062f \u0627\u0644\u063a\u0630\u0627\u0626\u064a\u0629 \u0645\u0646 \u0627\u0644\u0633\u0648\u0642\u060c \u0648\u0623\u0646 \u0623\u0634\u062a\u0631\u064a \u0644\u0643\u0645 \u0628\u0639\u0636 \u0627\u0644\u0645\u0648\u0627\u062f \u0627\u0644\u063a\u0630\u0627\u0626\u064a\u0629 \u0645\u0646 \u0627\u0644\u0633\u0648\u0642\u060c \u0648\u0623\u0646 \u0623\u0634\u062a\u0631\u064a \u0644\u0643\u0645 \u0628\u0639\u0636 \u0627\u0644\u0645\u0648\u0627\u062f \u0627\u0644\u063a\u0630\u0627\u0626\u064a\u0629 \u0645\u0646 \u0627\u0644\u0633\u0648\u0642\u060c \u0648\u0623\u0646 \u0623\u0634\u062a\u0631\u064a \u0644\u0643\u0645 \u0628\u0639\u0636 \u0627\u0644\u0645\u0648\u0627\u062f \u0627\u0644\u063a\u0630\u0627\u0626\u064a\u0629 \u0645\u0646 \u0627\u0644\u0633\u0648\u0642\u060c \u0648\u0623\u0646 \u0623\u0634\u062a\u0631\u064a \u0644\u0643\u0645 \u0628\u0639\u0636 \u0627\u0644\u0645\u0648\u0627\u062f \u0627\u0644\u063a\u0630\u0627\u0626\u064a\u0629 \u0645\u0646 \u0627\u0644\u0633\u0648\u0642.<\/p>\n\n<p style=\"font-size:17px\">\u0648\u0642\u062f \u062a\u0645\u0643\u0651\u0646\u0627 \u0645\u0646 \u0627\u0644\u062d\u0635\u0648\u0644 \u0639\u0644\u0649 \u0628\u0639\u0636 \u0627\u0644\u0645\u0639\u0644\u0648\u0645\u0627\u062a \u0627\u0644\u062a\u064a \u062a\u0633\u0627\u0639\u062f\u0646\u0627 \u0639\u0644\u0649 \u0641\u0647\u0645 \u0645\u0627 \u064a\u062c\u0631\u064a \u0641\u064a \u0647\u0630\u0647 \u0627\u0644\u0623\u064a\u0627\u0645\u060c \u0643\u0645\u0627 \u062a\u0645\u0643\u0651\u0646\u0627 \u0645\u0646 \u0627\u0644\u062d\u0635\u0648\u0644 \u0639\u0644\u0649 \u0645\u0639\u0644\u0648\u0645\u0627\u062a \u0639\u0646 \u0628\u0639\u0636 \u0627\u0644\u0623\u0645\u0648\u0631 \u0627\u0644\u062a\u064a \u064a\u0645\u0643\u0646 \u0623\u0646 \u062a\u0633\u0627\u0639\u062f\u0646\u0627 \u0641\u064a \u062d\u0644\u0651 \u0647\u0630\u0647 \u0627\u0644\u0645\u0634\u0643\u0644\u0629.<\/p>\n\n<p style=\"font-size:17px\">\u0627\u0644\u0633\u0639\u0631 <strong>230,00 \u064a\u0648\u0631\u0648. <\/strong>\u0628\u0627\u0643\u062a \u0645\u0646 \u0623\u062c\u0644 \u0627\u0644\u062d\u0635\u0648\u0644 \u0639\u0644\u0649 \u062f\u0641\u0627\u062a\u0631 \u0645\u0646 \u0623\u062c\u0644 \u0627\u0644\u0642\u0648\u0627\u0631\u0628 \u0628\u0633\u0639\u0631 30.00 \u064a\u0648\u0631\u0648. Ako je je dvorac na napuhavanje na zalihi, bit \u0107o je dvorac na nakon primitka uplate. Dostava u Hrvatsku traje cca <strong>4 &#8211; 6 radnih dana<\/strong>. Preuzimanje je mogu\u0107e iz na\u0161eg skladi\u0161ta u M\u00fcnchenu, Njema\u010dka.<\/p>\n\n<p style=\"font-size:17px\">\u064a\u062a\u0645 \u062a\u0637\u0628\u064a\u0642 \u0645\u0639\u064a\u0627\u0631 <strong>DIN EN 14960<\/strong> \u0639\u0644\u0649 \u0645\u0639\u0627\u064a\u064a\u0631 <strong>DIN EN 14960<\/strong> \u0627\u0644\u062e\u0627\u0635\u0629 \u0628\u0627\u0644\u0642\u0637\u0627\u0639 \u0627\u0644\u062e\u0627\u0635 \u0648\u0627\u0644\u0642\u0637\u0627\u0639 \u0627\u0644\u0639\u0627\u0645. \u0644\u0627 \u064a\u0632\u0627\u0644 \u0628\u0625\u0645\u0643\u0627\u0646\u0643 \u0627\u0644\u062d\u0635\u0648\u0644 \u0639\u0644\u0649 \u0634\u0647\u0627\u062f\u0629 \u0645\u0646 \u0648\u0632\u0627\u0631\u0629 \u0627\u0644\u062e\u0627\u0631\u062c\u064a\u0629 \u0627\u0644\u0623\u0645\u0631\u064a\u0643\u064a\u0629 \u0641\u064a \u0645\u062c\u0627\u0644 \u0627\u0644\u0623\u0645\u0646 \u0627\u0644\u0633\u064a\u0628\u0631\u0627\u0646\u064a \u0645\u0646 \u062e\u0644\u0627\u0644 \u0645\u0648\u0642\u0639\u0646\u0627 \u0639\u0644\u0649 \u0627\u0644\u0625\u0646\u062a\u0631\u0646\u062a.<br\/>Osloba\u0111anje PDV-a za tvrtke! Ako kupujete kao tvrtka, navedite svoj PDV broj na blagajajni kako kako biste kupovali bez poreza.<br\/>\u0648\u0644\u0643\u0646\u0646\u0627 \u0646\u0639\u062a\u0642\u062f \u0623\u0646 \u0647\u0630\u0627 \u0644\u0627 \u064a\u0639\u0646\u064a \u0623\u0646 \u0643\u0644 \u0645\u0646 \u064a\u0639\u0645\u0644 \u0641\u064a \u0627\u0644\u0642\u0637\u0627\u0639 \u0627\u0644\u062e\u0627\u0635 \u0633\u064a\u062e\u0636\u0639 \u0644\u0644\u0645\u0633\u0627\u0621\u0644\u0629 \u0641\u064a \u0645\u062c\u0627\u0644 \u062d\u0642\u0648\u0642 \u0627\u0644\u0625\u0646\u0633\u0627\u0646 \u0641\u064a \u0625\u0637\u0627\u0631 \u0627\u0644\u0642\u0627\u0646\u0648\u0646 \u0627\u0644\u062f\u0648\u0644\u064a \u0644\u062d\u0642\u0648\u0642 \u0627\u0644\u0625\u0646\u0633\u0627\u0646. \u0641\u064a \u0647\u0630\u0627 \u0627\u0644\u0635\u062f\u062f\u060c \u0641\u0625\u0646 \u0623\u0648\u0631\u0648\u0628\u0627 \u0633\u062a\u0639\u0645\u0644 \u0639\u0644\u0649 \u062a\u0637\u0648\u064a\u0631 \u0623\u0648\u0631\u0648\u0628\u0627 \u0645\u0646 \u0623\u062c\u0644 \u0623\u0646 \u062a\u0643\u0648\u0646 \u0642\u0627\u062f\u0631\u0629 \u0639\u0644\u0649 \u062a\u0642\u062f\u064a\u0645 \u0627\u0644\u062f\u0639\u0645 \u0641\u064a \u0645\u062c\u0627\u0644 \u0645\u0643\u0627\u0641\u062d\u0629 \u0627\u0644\u0625\u0631\u0647\u0627\u0628.<\/p>\n\n<p style=\"font-size:17px\">\u0646\u0623\u0645\u0644 \u0623\u0646 \u0646\u062a\u0645\u0643\u0646 \u0645\u0646 \u0627\u0644\u062d\u0635\u0648\u0644 \u0639\u0644\u0649 \u0645\u0639\u0644\u0648\u0645\u0627\u062a \u0639\u0646 \u0645\u0648\u0642\u0639\u0646\u0627 \u0639\u0644\u0649 \u0627\u0644\u0625\u0646\u062a\u0631\u0646\u062a <a href=\"mailto:contact@dodo-inflatables.com\">contact@dodo-inflatables.com!<\/a><\/p>\n\n<div style=\"height:100px\" aria-hidden=\"true\" class=\"wp-block-spacer\"><\/div>\n","protected":false},"excerpt":{"rendered":"<p>Kupite tobogane i dvorce na napuhavanje u Hrvatskoj \u0645\u0648\u0642\u0639 Dobrododo\u0161li u Dodo-Inflatables.com &#8211; \u0645\u0648\u0642\u0639\u0646\u0627 \u0639\u0644\u0649 \u0627\u0644\u0625\u0646\u062a\u0631\u0646\u062a \u0644\u062a\u062f\u0627\u0648\u0644 \u0627\u0644\u0645\u0646\u062a\u062c\u0627\u062a \u0627\u0644\u0625\u0644\u0643\u062a\u0631\u0648\u0646\u064a\u0629 \u0641\u064a \u0623\u0648\u0631\u0648\u0628\u0627! \u0627\u062d\u0631\u0635 \u0639\u0644\u0649 \u0623\u0646 \u064a\u0643\u0648\u0646 \u0644\u062f\u064a\u0643 \u0645\u0627 \u064a\u0643\u0641\u064a \u0645\u0646 \u0627\u0644\u0645\u0639\u0644\u0648\u0645\u0627\u062a \u0627\u0644\u062a\u064a \u064a\u0645\u0643\u0646 \u0623\u0646 \u062a\u0633\u0627\u0639\u062f\u0643 \u0639\u0644\u0649 \u0641\u0647\u0645 \u0645\u0627 \u064a\u062c\u0631\u064a \u0641\u064a \u0627\u0644\u0639\u0627\u0644\u0645 \u0645\u0646 \u062d\u0648\u0644\u0643. \u0627\u0637\u0644\u0628\u0648\u0627 \u0645\u0646\u064a \u0623\u0646 \u0623\u0637\u0644\u0628 \u0645\u0646\u0643\u0645 \u0623\u0646 \u0623\u0634\u062a\u0631\u064a \u0644\u0643\u0645 \u0628\u0639\u0636 \u0627\u0644\u0645\u0648\u0627\u062f \u0627\u0644\u063a\u0630\u0627\u0626\u064a\u0629 \u0645\u0646 \u0627\u0644\u0633\u0648\u0642\u060c [&hellip;]<\/p>\n","protected":false},"author":1,"featured_media":0,"parent":0,"menu_order":0,"comment_status":"closed","ping_status":"closed","template":"","meta":{"_acf_changed":false,"_uag_custom_page_level_css":"","site-sidebar-layout":"default","site-content-layout":"","ast-site-content-layout":"normal-width-container","site-content-style":"boxed","site-sidebar-style":"default","ast-global-header-display":"","ast-banner-title-visibility":"","ast-main-header-display":"","ast-hfb-above-header-display":"","ast-hfb-below-header-display":"","ast-hfb-mobile-header-display":"","site-post-title":"","ast-breadcrumbs-content":"","ast-featured-img":"","footer-sml-layout":"","ast-disable-related-posts":"","theme-transparent-header-meta":"","adv-header-id-meta":"4069","stick-header-meta":"","header-above-stick-meta":"","header-main-stick-meta":"","header-below-stick-meta":"","astra-migrate-meta-layouts":"default","ast-page-background-enabled":"default","ast-page-background-meta":{"desktop":{"background-color":"var(--ast-global-color-4)","background-image":"","background-repeat":"repeat","background-position":"center center","background-size":"auto","background-attachment":"scroll","background-type":"","background-media":"","overlay-type":"","overlay-color":"","overlay-opacity":"","overlay-gradient":""},"tablet":{"background-color":"","background-image":"","background-repeat":"repeat","background-position":"center center","background-size":"auto","background-attachment":"scroll","background-type":"","background-media":"","overlay-type":"","overlay-color":"","overlay-opacity":"","overlay-gradient":""},"mobile":{"background-color":"","background-image":"","background-repeat":"repeat","background-position":"center center","background-size":"auto","background-attachment":"scroll","background-type":"","background-media":"","overlay-type":"","overlay-color":"","overlay-opacity":"","overlay-gradient":""}},"ast-content-background-meta":{"desktop":{"background-color":"var(--ast-global-color-5)","background-image":"","background-repeat":"repeat","background-position":"center center","background-size":"auto","background-attachment":"scroll","background-type":"","background-media":"","overlay-type":"","overlay-color":"","overlay-opacity":"","overlay-gradient":""},"tablet":{"background-color":"var(--ast-global-color-5)","background-image":"","background-repeat":"repeat","background-position":"center center","background-size":"auto","background-attachment":"scroll","background-type":"","background-media":"","overlay-type":"","overlay-color":"","overlay-opacity":"","overlay-gradient":""},"mobile":{"background-color":"var(--ast-global-color-5)","background-image":"","background-repeat":"repeat","background-position":"center center","background-size":"auto","background-attachment":"scroll","background-type":"","background-media":"","overlay-type":"","overlay-color":"","overlay-opacity":"","overlay-gradient":""}},"footnotes":""},"class_list":["post-17352","page","type-page","status-publish","hentry"],"acf":[],"yoast_head":"<!-- This site is optimized with the Yoast SEO plugin v27.3 - https:\/\/yoast.com\/product\/yoast-seo-wordpress\/ -->\n<title>Kupite tobogane i dvorce na napuhavanje u Hrvatskoj - dodo-inflatables.com<\/title>\n<meta name=\"robots\" content=\"index, follow, max-snippet:-1, max-image-preview:large, max-video-preview:-1\" \/>\n<link rel=\"canonical\" href=\"https:\/\/dodo-inflatables.com\/ar\/kupite-tobogane-i-dvorce-na-napuhavanje-u-hrvatskoj\/\" \/>\n<script type=\"application\/ld+json\" class=\"yoast-schema-graph\">{\"@context\":\"https:\\\/\\\/schema.org\",\"@graph\":[{\"@type\":\"WebPage\",\"@id\":\"https:\\\/\\\/dodo-inflatables.com\\\/ar\\\/kupite-tobogane-i-dvorce-na-napuhavanje-u-hrvatskoj\\\/\",\"url\":\"https:\\\/\\\/dodo-inflatables.com\\\/ar\\\/kupite-tobogane-i-dvorce-na-napuhavanje-u-hrvatskoj\\\/\",\"name\":\"Kupite tobogane i dvorce na napuhavanje u Hrvatskoj - dodo-inflatables.com\",\"isPartOf\":{\"@id\":\"https:\\\/\\\/dodo-inflatables.com\\\/ar\\\/#website\"},\"primaryImageOfPage\":{\"@id\":\"https:\\\/\\\/dodo-inflatables.com\\\/ar\\\/kupite-tobogane-i-dvorce-na-napuhavanje-u-hrvatskoj\\\/#primaryimage\"},\"image\":{\"@id\":\"https:\\\/\\\/dodo-inflatables.com\\\/ar\\\/kupite-tobogane-i-dvorce-na-napuhavanje-u-hrvatskoj\\\/#primaryimage\"},\"thumbnailUrl\":\"https:\\\/\\\/dodo-inflatables.com\\\/wp-content\\\/uploads\\\/2022\\\/01\\\/seperator-kleiner-1024x102.png\",\"datePublished\":\"2024-03-05T16:03:53+00:00\",\"dateModified\":\"2024-07-17T13:09:24+00:00\",\"breadcrumb\":{\"@id\":\"https:\\\/\\\/dodo-inflatables.com\\\/ar\\\/kupite-tobogane-i-dvorce-na-napuhavanje-u-hrvatskoj\\\/#breadcrumb\"},\"inLanguage\":\"ar\",\"potentialAction\":[{\"@type\":\"ReadAction\",\"target\":[\"https:\\\/\\\/dodo-inflatables.com\\\/ar\\\/kupite-tobogane-i-dvorce-na-napuhavanje-u-hrvatskoj\\\/\"]}]},{\"@type\":\"ImageObject\",\"inLanguage\":\"ar\",\"@id\":\"https:\\\/\\\/dodo-inflatables.com\\\/ar\\\/kupite-tobogane-i-dvorce-na-napuhavanje-u-hrvatskoj\\\/#primaryimage\",\"url\":\"https:\\\/\\\/dodo-inflatables.com\\\/wp-content\\\/uploads\\\/2022\\\/01\\\/seperator-kleiner-1024x102.png\",\"contentUrl\":\"https:\\\/\\\/dodo-inflatables.com\\\/wp-content\\\/uploads\\\/2022\\\/01\\\/seperator-kleiner-1024x102.png\"},{\"@type\":\"BreadcrumbList\",\"@id\":\"https:\\\/\\\/dodo-inflatables.com\\\/ar\\\/kupite-tobogane-i-dvorce-na-napuhavanje-u-hrvatskoj\\\/#breadcrumb\",\"itemListElement\":[{\"@type\":\"ListItem\",\"position\":1,\"name\":\"\u0627\u0644\u0631\u0626\u064a\u0633\u064a\u0629\",\"item\":\"https:\\\/\\\/dodo-inflatables.com\\\/ar\\\/\"},{\"@type\":\"ListItem\",\"position\":2,\"name\":\"Kupite tobogane i dvorce na napuhavanje u Hrvatskoj\"}]},{\"@type\":\"WebSite\",\"@id\":\"https:\\\/\\\/dodo-inflatables.com\\\/ar\\\/#website\",\"url\":\"https:\\\/\\\/dodo-inflatables.com\\\/ar\\\/\",\"name\":\"dodo-inflatables.com\",\"description\":\"\u0642\u0645 \u0628\u0634\u0631\u0627\u0621 \u0627\u0644\u0642\u0644\u0627\u0639 \u0627\u0644\u0646\u0637\u0627\u0637\u0629 \u0648\u0627\u0644\u0623\u0644\u0639\u0627\u0628 \u0627\u0644\u062a\u0631\u0641\u064a\u0647\u064a\u0629 \u0641\u064a \u0645\u062a\u062c\u0631\u0646\u0627.\",\"publisher\":{\"@id\":\"https:\\\/\\\/dodo-inflatables.com\\\/ar\\\/#organization\"},\"potentialAction\":[{\"@type\":\"SearchAction\",\"target\":{\"@type\":\"EntryPoint\",\"urlTemplate\":\"https:\\\/\\\/dodo-inflatables.com\\\/ar\\\/?s={search_term_string}\"},\"query-input\":{\"@type\":\"PropertyValueSpecification\",\"valueRequired\":true,\"valueName\":\"search_term_string\"}}],\"inLanguage\":\"ar\"},{\"@type\":\"Organization\",\"@id\":\"https:\\\/\\\/dodo-inflatables.com\\\/ar\\\/#organization\",\"name\":\"dodo-inflatables.com\",\"url\":\"https:\\\/\\\/dodo-inflatables.com\\\/ar\\\/\",\"logo\":{\"@type\":\"ImageObject\",\"inLanguage\":\"ar\",\"@id\":\"https:\\\/\\\/dodo-inflatables.com\\\/ar\\\/#\\\/schema\\\/logo\\\/image\\\/\",\"url\":\"https:\\\/\\\/dodo-inflatables.com\\\/wp-content\\\/uploads\\\/2023\\\/04\\\/cropped-cropped-cropped-Dodo-Logo.png\",\"contentUrl\":\"https:\\\/\\\/dodo-inflatables.com\\\/wp-content\\\/uploads\\\/2023\\\/04\\\/cropped-cropped-cropped-Dodo-Logo.png\",\"width\":2996,\"height\":1545,\"caption\":\"dodo-inflatables.com\"},\"image\":{\"@id\":\"https:\\\/\\\/dodo-inflatables.com\\\/ar\\\/#\\\/schema\\\/logo\\\/image\\\/\"}}]}<\/script>\n<!-- \/ Yoast SEO plugin. -->","yoast_head_json":{"title":"Kupite tobogane i dvorce na napuhavanje u Hrvatskoj - dodo-inflatables.com","robots":{"index":"index","follow":"follow","max-snippet":"max-snippet:-1","max-image-preview":"max-image-preview:large","max-video-preview":"max-video-preview:-1"},"canonical":"https:\/\/dodo-inflatables.com\/ar\/kupite-tobogane-i-dvorce-na-napuhavanje-u-hrvatskoj\/","schema":{"@context":"https:\/\/schema.org","@graph":[{"@type":"WebPage","@id":"https:\/\/dodo-inflatables.com\/ar\/kupite-tobogane-i-dvorce-na-napuhavanje-u-hrvatskoj\/","url":"https:\/\/dodo-inflatables.com\/ar\/kupite-tobogane-i-dvorce-na-napuhavanje-u-hrvatskoj\/","name":"Kupite tobogane i dvorce na napuhavanje u Hrvatskoj - dodo-inflatables.com","isPartOf":{"@id":"https:\/\/dodo-inflatables.com\/ar\/#website"},"primaryImageOfPage":{"@id":"https:\/\/dodo-inflatables.com\/ar\/kupite-tobogane-i-dvorce-na-napuhavanje-u-hrvatskoj\/#primaryimage"},"image":{"@id":"https:\/\/dodo-inflatables.com\/ar\/kupite-tobogane-i-dvorce-na-napuhavanje-u-hrvatskoj\/#primaryimage"},"thumbnailUrl":"https:\/\/dodo-inflatables.com\/wp-content\/uploads\/2022\/01\/seperator-kleiner-1024x102.png","datePublished":"2024-03-05T16:03:53+00:00","dateModified":"2024-07-17T13:09:24+00:00","breadcrumb":{"@id":"https:\/\/dodo-inflatables.com\/ar\/kupite-tobogane-i-dvorce-na-napuhavanje-u-hrvatskoj\/#breadcrumb"},"inLanguage":"ar","potentialAction":[{"@type":"ReadAction","target":["https:\/\/dodo-inflatables.com\/ar\/kupite-tobogane-i-dvorce-na-napuhavanje-u-hrvatskoj\/"]}]},{"@type":"ImageObject","inLanguage":"ar","@id":"https:\/\/dodo-inflatables.com\/ar\/kupite-tobogane-i-dvorce-na-napuhavanje-u-hrvatskoj\/#primaryimage","url":"https:\/\/dodo-inflatables.com\/wp-content\/uploads\/2022\/01\/seperator-kleiner-1024x102.png","contentUrl":"https:\/\/dodo-inflatables.com\/wp-content\/uploads\/2022\/01\/seperator-kleiner-1024x102.png"},{"@type":"BreadcrumbList","@id":"https:\/\/dodo-inflatables.com\/ar\/kupite-tobogane-i-dvorce-na-napuhavanje-u-hrvatskoj\/#breadcrumb","itemListElement":[{"@type":"ListItem","position":1,"name":"\u0627\u0644\u0631\u0626\u064a\u0633\u064a\u0629","item":"https:\/\/dodo-inflatables.com\/ar\/"},{"@type":"ListItem","position":2,"name":"Kupite tobogane i dvorce na napuhavanje u Hrvatskoj"}]},{"@type":"WebSite","@id":"https:\/\/dodo-inflatables.com\/ar\/#website","url":"https:\/\/dodo-inflatables.com\/ar\/","name":"dodo-inflatables.com","description":"\u0642\u0645 \u0628\u0634\u0631\u0627\u0621 \u0627\u0644\u0642\u0644\u0627\u0639 \u0627\u0644\u0646\u0637\u0627\u0637\u0629 \u0648\u0627\u0644\u0623\u0644\u0639\u0627\u0628 \u0627\u0644\u062a\u0631\u0641\u064a\u0647\u064a\u0629 \u0641\u064a \u0645\u062a\u062c\u0631\u0646\u0627.","publisher":{"@id":"https:\/\/dodo-inflatables.com\/ar\/#organization"},"potentialAction":[{"@type":"SearchAction","target":{"@type":"EntryPoint","urlTemplate":"https:\/\/dodo-inflatables.com\/ar\/?s={search_term_string}"},"query-input":{"@type":"PropertyValueSpecification","valueRequired":true,"valueName":"search_term_string"}}],"inLanguage":"ar"},{"@type":"Organization","@id":"https:\/\/dodo-inflatables.com\/ar\/#organization","name":"dodo-inflatables.com","url":"https:\/\/dodo-inflatables.com\/ar\/","logo":{"@type":"ImageObject","inLanguage":"ar","@id":"https:\/\/dodo-inflatables.com\/ar\/#\/schema\/logo\/image\/","url":"https:\/\/dodo-inflatables.com\/wp-content\/uploads\/2023\/04\/cropped-cropped-cropped-Dodo-Logo.png","contentUrl":"https:\/\/dodo-inflatables.com\/wp-content\/uploads\/2023\/04\/cropped-cropped-cropped-Dodo-Logo.png","width":2996,"height":1545,"caption":"dodo-inflatables.com"},"image":{"@id":"https:\/\/dodo-inflatables.com\/ar\/#\/schema\/logo\/image\/"}}]}},"uagb_featured_image_src":{"full":false,"thumbnail":false,"medium":false,"medium_large":false,"large":false,"1536x1536":false,"2048x2048":false,"woocommerce_thumbnail":false,"woocommerce_single":false,"woocommerce_gallery_thumbnail":false},"uagb_author_info":{"display_name":"Andreas","author_link":"https:\/\/dodo-inflatables.com\/ar\/author\/andreas\/"},"uagb_comment_info":0,"uagb_excerpt":"Kupite tobogane i dvorce na napuhavanje u Hrvatskoj \u0645\u0648\u0642\u0639 Dobrododo\u0161li u Dodo-Inflatables.com &#8211; \u0645\u0648\u0642\u0639\u0646\u0627 \u0639\u0644\u0649 \u0627\u0644\u0625\u0646\u062a\u0631\u0646\u062a \u0644\u062a\u062f\u0627\u0648\u0644 \u0627\u0644\u0645\u0646\u062a\u062c\u0627\u062a \u0627\u0644\u0625\u0644\u0643\u062a\u0631\u0648\u0646\u064a\u0629 \u0641\u064a \u0623\u0648\u0631\u0648\u0628\u0627! \u0627\u062d\u0631\u0635 \u0639\u0644\u0649 \u0623\u0646 \u064a\u0643\u0648\u0646 \u0644\u062f\u064a\u0643 \u0645\u0627 \u064a\u0643\u0641\u064a \u0645\u0646 \u0627\u0644\u0645\u0639\u0644\u0648\u0645\u0627\u062a \u0627\u0644\u062a\u064a \u064a\u0645\u0643\u0646 \u0623\u0646 \u062a\u0633\u0627\u0639\u062f\u0643 \u0639\u0644\u0649 \u0641\u0647\u0645 \u0645\u0627 \u064a\u062c\u0631\u064a \u0641\u064a \u0627\u0644\u0639\u0627\u0644\u0645 \u0645\u0646 \u062d\u0648\u0644\u0643. \u0627\u0637\u0644\u0628\u0648\u0627 \u0645\u0646\u064a \u0623\u0646 \u0623\u0637\u0644\u0628 \u0645\u0646\u0643\u0645 \u0623\u0646 \u0623\u0634\u062a\u0631\u064a \u0644\u0643\u0645 \u0628\u0639\u0636 \u0627\u0644\u0645\u0648\u0627\u062f \u0627\u0644\u063a\u0630\u0627\u0626\u064a\u0629 \u0645\u0646 \u0627\u0644\u0633\u0648\u0642\u060c&hellip;","_links":{"self":[{"href":"https:\/\/dodo-inflatables.com\/ar\/wp-json\/wp\/v2\/pages\/17352","targetHints":{"allow":["GET"]}}],"collection":[{"href":"https:\/\/dodo-inflatables.com\/ar\/wp-json\/wp\/v2\/pages"}],"about":[{"href":"https:\/\/dodo-inflatables.com\/ar\/wp-json\/wp\/v2\/types\/page"}],"author":[{"embeddable":true,"href":"https:\/\/dodo-inflatables.com\/ar\/wp-json\/wp\/v2\/users\/1"}],"replies":[{"embeddable":true,"href":"https:\/\/dodo-inflatables.com\/ar\/wp-json\/wp\/v2\/comments?post=17352"}],"version-history":[{"count":2,"href":"https:\/\/dodo-inflatables.com\/ar\/wp-json\/wp\/v2\/pages\/17352\/revisions"}],"predecessor-version":[{"id":17356,"href":"https:\/\/dodo-inflatables.com\/ar\/wp-json\/wp\/v2\/pages\/17352\/revisions\/17356"}],"wp:attachment":[{"href":"https:\/\/dodo-inflatables.com\/ar\/wp-json\/wp\/v2\/media?parent=17352"}],"curies":[{"name":"wp","href":"https:\/\/api.w.org\/{rel}","templated":true}]}}