{"id":17400,"date":"2024-03-05T16:49:21","date_gmt":"2024-03-05T15:49:21","guid":{"rendered":"https:\/\/dodo-inflatables.com\/%d8%a3%d9%88%d8%b3%d8%aa%d8%a7-taispuhutavad-liumaed-ja-huppelinnakud-eestist\/"},"modified":"2024-07-17T15:09:41","modified_gmt":"2024-07-17T13:09:41","slug":"%d8%a3%d9%88%d8%b3%d8%aa%d8%a7-taispuhutavad-liumaed-ja-huppelinnakud-eestist","status":"publish","type":"page","link":"https:\/\/dodo-inflatables.com\/ar\/%d8%a3%d9%88%d8%b3%d8%aa%d8%a7-taispuhutavad-liumaed-ja-huppelinnakud-eestist\/","title":{"rendered":"\u0623\u0648\u0633\u062a\u0627 t\u00e4ispuhutavad lium\u00e4ed ja h\u00fcppelinnakud Eestist"},"content":{"rendered":"\n<h2 class=\"wp-block-heading has-text-align-center\">\u0623\u0648\u0633\u062a\u0627 t\u00e4ispuhutavad lium\u00e4ed ja h\u00fcppelinnakud Eestist<\/h2>\n\n<figure class=\"wp-block-image aligncenter size-large\"><a href=\"https:\/\/dodo-inflatables.com\/wp-content\/uploads\/2022\/01\/seperator-kleiner.png\"><img fetchpriority=\"high\" decoding=\"async\" width=\"1024\" height=\"102\" src=\"https:\/\/dodo-inflatables.com\/wp-content\/uploads\/2022\/01\/seperator-kleiner-1024x102.png\" alt=\"\" class=\"wp-image-4026\" srcset=\"https:\/\/dodo-inflatables.com\/wp-content\/uploads\/2022\/01\/seperator-kleiner-1024x102.png 1024w, https:\/\/dodo-inflatables.com\/wp-content\/uploads\/2022\/01\/seperator-kleiner-900x90.png 900w, https:\/\/dodo-inflatables.com\/wp-content\/uploads\/2022\/01\/seperator-kleiner-300x30.png 300w, https:\/\/dodo-inflatables.com\/wp-content\/uploads\/2022\/01\/seperator-kleiner-768x77.png 768w, https:\/\/dodo-inflatables.com\/wp-content\/uploads\/2022\/01\/seperator-kleiner-1536x154.png 1536w, https:\/\/dodo-inflatables.com\/wp-content\/uploads\/2022\/01\/seperator-kleiner-340x34.png 340w, https:\/\/dodo-inflatables.com\/wp-content\/uploads\/2022\/01\/seperator-kleiner.png 2000w\" sizes=\"(max-width: 1024px) 100vw, 1024px\" \/><\/a><\/figure>\n\n<h3 class=\"wp-block-heading has-text-align-center\">\u0645\u0648\u0642\u0639 Tere tulemast Dodo-Inflatables.com &#8211; meie t\u00e4ispuhutavate atraktsioonide veebipoodi Euroopas!<\/h3>\n\n<p style=\"font-size:17px\">Sukeldu meie laiaulatuslikku kvaliteetsete t\u00e4ispuhutavate atraktsioonide, t\u00e4ispuhutavate losside ja lium\u00e4e valikusse, mis lisab igale s\u00fcndmusele selle v\u00e4ikese lisav\u00e4\u00e4rtuse. Kas otsite suurt t\u00e4ispuhutavat atraktsiooni firma\u00fcritusele, v\u00e4ikest t\u00e4ispuhutavat lossi laste s\u00fcnnip\u00e4evapeole v\u00f5i h\u00fcppelinnakut koos lium\u00e4ega suvep\u00e4evale &#8211; siit leiate garanteeritult midagi sobivat!<\/p>\n\n<p style=\"font-size:17px\">\u0623\u0646\u0627 \u0641\u0627\u0644\u064a\u0643 \u0641\u0627\u0644\u064a\u0643 ei sisalda mitte ainult erinevaid h\u00fcppelinnu\u060c vaid ka la la laia valikut lisaseadmeid\u060c sehulgas Gibbonid ja Huawei puhurid h\u00fcppelinnadele.<\/p>\n\n<p style=\"font-size:17px\">H\u00fcppelinnuse ja tarvikute saatmine Eestisse maksab 349,00 eurot. T\u00e4ispuhutavate tarvikute pakett maksab 49,00 \u064a\u0648\u0631\u0648. Kui t\u00e4ispuhutav atrakktsioon \u0639\u0644\u0649 laos, saadetakse \u0627\u0646\u0638\u0631 teile kohe p\u00e4rast makse laekumist. Tarne Eestisse kestab umbes 4-6 t\u00f6\u00f6\u00f6p\u00e4eva. H\u00fcppelaud on v\u00f5imalik ise k\u00e4tte saada meie la laost M\u00fcnchenis, Saksamaal.<\/p>\n\n<p style=\"font-size:17px\">\u064a\u0645\u0643\u0646 \u0623\u0646 \u064a\u0643\u0648\u0646 \u0647\u0630\u0627 \u0647\u0648 \u0627\u0644\u0645\u0639\u064a\u0627\u0631 \u0627\u0644\u0642\u064a\u0627\u0633\u064a DIN EN 14960\u060c \u0648\u0647\u0648 \u0645\u0639\u064a\u0627\u0631 DIN EN 14960\u060c \u0648\u0647\u0648 \u0645\u0639\u064a\u0627\u0631 DIN EN 14960\u060c \u0648\u0647\u0648 \u0645\u0639\u064a\u0627\u0631 DIN EN 14960. Kui teie uus t\u00e4ispuhutav atraktsioon \u0639\u0644\u0649 v\u00e4lja saadetud, saate \u00fcksikasjaliku juhendi ja vastava sertifikaikaadi.<\/p>\n\n<p style=\"font-size:17px\">K\u00e4ibemaksaksuvabastus ettev\u00f5tetetetele! Kui ostestate ettev\u00f5ttena, sisestage maksuvabade ostude tegemiseks kassas oma k\u00e4ibemaksukohustuslasena \u0631\u0642\u0645 \u0627\u0644\u062a\u0633\u062c\u064a\u0644.<\/p>\n\n<p style=\"font-size:17px\">Olenemata sellest, kas olete eraisik, kes otsib h\u00fcppelinnakut oma j\u00e4rgmisele perepeole, v\u00f5i olete kommertsiaalne rendifirma, kes soovib oma valikut laiendada, meie h\u00fcppelinnakud sobivad k\u00f5igile. \u0648\u0642\u062f \u062a\u0645\u0643\u0651\u0646\u062a \u0634\u0631\u0643\u0629 Tegelikult \u0639\u0644\u0649 \u0645\u0648\u0642\u0639 Tegelikult \u0639\u0644\u0649 \u0627\u0644\u0625\u0646\u062a\u0631\u0646\u062a \u0645\u0646 \u062a\u0642\u062f\u064a\u0645 \u062e\u062f\u0645\u0627\u062a\u0646\u0627 \u0641\u064a \u0623\u0648\u0631\u0648\u0628\u0627.<\/p>\n\n<p style=\"font-size:17px\">Loodame, et naudite meie veebipoe sirvimist ja vastame meeleldi k\u00f5ikidele k\u00fcsimustele aadressil <a href=\"mailto:contact@dodo-inflatables.com\">contact@dodo-inflatables.com!<\/a><\/p>\n\n<div style=\"height:100px\" aria-hidden=\"true\" class=\"wp-block-spacer\"><\/div>\n","protected":false},"excerpt":{"rendered":"<p>\u0623\u0648\u0633\u062a\u0627 t\u00e4ispuhutavad lium\u00e4ed ja h\u00fcppelinnakud Eestist \u0645\u0648\u0642\u0639 Tere tulemast Dodo-Inflatables.com &#8211; meie t\u00e4ispuhutavate atraktsioonide veebipoodi Euroopas! Sukeldu meie laiaulatuslikku kvaliteetsete t\u00e4ispuhutavate atraktsioonide, t\u00e4ispuhutavate losside ja lium\u00e4e valikusse, mis lisab igale s\u00fcndmusele selle v\u00e4ikese lisav\u00e4\u00e4rtuse. Kas otsite suurt t\u00e4ispuhutavat atraktsiooni firma\u00fcritusele, v\u00e4ikest t\u00e4ispuhutavat lossi laste s\u00fcnnip\u00e4evapeole v\u00f5i h\u00fcppelinnakut koos lium\u00e4ega suvep\u00e4evale &#8211; siit leiate garanteeritult midagi [&hellip;]<\/p>\n","protected":false},"author":1,"featured_media":0,"parent":0,"menu_order":0,"comment_status":"closed","ping_status":"closed","template":"","meta":{"_acf_changed":false,"_uag_custom_page_level_css":"","site-sidebar-layout":"default","site-content-layout":"","ast-site-content-layout":"normal-width-container","site-content-style":"boxed","site-sidebar-style":"default","ast-global-header-display":"","ast-banner-title-visibility":"","ast-main-header-display":"","ast-hfb-above-header-display":"","ast-hfb-below-header-display":"","ast-hfb-mobile-header-display":"","site-post-title":"","ast-breadcrumbs-content":"","ast-featured-img":"","footer-sml-layout":"","ast-disable-related-posts":"","theme-transparent-header-meta":"","adv-header-id-meta":"4069","stick-header-meta":"","header-above-stick-meta":"","header-main-stick-meta":"","header-below-stick-meta":"","astra-migrate-meta-layouts":"default","ast-page-background-enabled":"default","ast-page-background-meta":{"desktop":{"background-color":"var(--ast-global-color-4)","background-image":"","background-repeat":"repeat","background-position":"center center","background-size":"auto","background-attachment":"scroll","background-type":"","background-media":"","overlay-type":"","overlay-color":"","overlay-opacity":"","overlay-gradient":""},"tablet":{"background-color":"","background-image":"","background-repeat":"repeat","background-position":"center center","background-size":"auto","background-attachment":"scroll","background-type":"","background-media":"","overlay-type":"","overlay-color":"","overlay-opacity":"","overlay-gradient":""},"mobile":{"background-color":"","background-image":"","background-repeat":"repeat","background-position":"center center","background-size":"auto","background-attachment":"scroll","background-type":"","background-media":"","overlay-type":"","overlay-color":"","overlay-opacity":"","overlay-gradient":""}},"ast-content-background-meta":{"desktop":{"background-color":"var(--ast-global-color-5)","background-image":"","background-repeat":"repeat","background-position":"center center","background-size":"auto","background-attachment":"scroll","background-type":"","background-media":"","overlay-type":"","overlay-color":"","overlay-opacity":"","overlay-gradient":""},"tablet":{"background-color":"var(--ast-global-color-5)","background-image":"","background-repeat":"repeat","background-position":"center center","background-size":"auto","background-attachment":"scroll","background-type":"","background-media":"","overlay-type":"","overlay-color":"","overlay-opacity":"","overlay-gradient":""},"mobile":{"background-color":"var(--ast-global-color-5)","background-image":"","background-repeat":"repeat","background-position":"center center","background-size":"auto","background-attachment":"scroll","background-type":"","background-media":"","overlay-type":"","overlay-color":"","overlay-opacity":"","overlay-gradient":""}},"footnotes":""},"class_list":["post-17400","page","type-page","status-publish","hentry"],"acf":[],"yoast_head":"<!-- This site is optimized with the Yoast SEO plugin v27.5 - https:\/\/yoast.com\/product\/yoast-seo-wordpress\/ -->\n<title>\u0623\u0648\u0633\u062a\u0627 t\u00e4ispuhutavad lium\u00e4ed ja h\u00fcppelinnakud Eestist - dodo-inflatables.com<\/title>\n<meta name=\"robots\" content=\"index, follow, max-snippet:-1, max-image-preview:large, max-video-preview:-1\" \/>\n<link rel=\"canonical\" href=\"https:\/\/dodo-inflatables.com\/ar\/%d8%a3%d9%88%d8%b3%d8%aa%d8%a7-taispuhutavad-liumaed-ja-huppelinnakud-eestist\/\" \/>\n<meta name=\"twitter:label1\" content=\"\u0648\u0642\u062a \u0627\u0644\u0642\u0631\u0627\u0621\u0629 \u0627\u0644\u0645\u064f\u0642\u062f\u0651\u0631\" \/>\n\t<meta name=\"twitter:data1\" content=\"1 \u062f\u0642\u064a\u0642\u0629\" \/>\n<script type=\"application\/ld+json\" class=\"yoast-schema-graph\">{\"@context\":\"https:\\\/\\\/schema.org\",\"@graph\":[{\"@type\":\"WebPage\",\"@id\":\"https:\\\/\\\/dodo-inflatables.com\\\/ar\\\/%d8%a3%d9%88%d8%b3%d8%aa%d8%a7-taispuhutavad-liumaed-ja-huppelinnakud-eestist\\\/\",\"url\":\"https:\\\/\\\/dodo-inflatables.com\\\/ar\\\/%d8%a3%d9%88%d8%b3%d8%aa%d8%a7-taispuhutavad-liumaed-ja-huppelinnakud-eestist\\\/\",\"name\":\"\u0623\u0648\u0633\u062a\u0627 t\u00e4ispuhutavad lium\u00e4ed ja h\u00fcppelinnakud Eestist - dodo-inflatables.com\",\"isPartOf\":{\"@id\":\"https:\\\/\\\/dodo-inflatables.com\\\/ar\\\/#website\"},\"primaryImageOfPage\":{\"@id\":\"https:\\\/\\\/dodo-inflatables.com\\\/ar\\\/%d8%a3%d9%88%d8%b3%d8%aa%d8%a7-taispuhutavad-liumaed-ja-huppelinnakud-eestist\\\/#primaryimage\"},\"image\":{\"@id\":\"https:\\\/\\\/dodo-inflatables.com\\\/ar\\\/%d8%a3%d9%88%d8%b3%d8%aa%d8%a7-taispuhutavad-liumaed-ja-huppelinnakud-eestist\\\/#primaryimage\"},\"thumbnailUrl\":\"https:\\\/\\\/dodo-inflatables.com\\\/wp-content\\\/uploads\\\/2022\\\/01\\\/seperator-kleiner-1024x102.png\",\"datePublished\":\"2024-03-05T15:49:21+00:00\",\"dateModified\":\"2024-07-17T13:09:41+00:00\",\"breadcrumb\":{\"@id\":\"https:\\\/\\\/dodo-inflatables.com\\\/ar\\\/%d8%a3%d9%88%d8%b3%d8%aa%d8%a7-taispuhutavad-liumaed-ja-huppelinnakud-eestist\\\/#breadcrumb\"},\"inLanguage\":\"ar\",\"potentialAction\":[{\"@type\":\"ReadAction\",\"target\":[\"https:\\\/\\\/dodo-inflatables.com\\\/ar\\\/%d8%a3%d9%88%d8%b3%d8%aa%d8%a7-taispuhutavad-liumaed-ja-huppelinnakud-eestist\\\/\"]}]},{\"@type\":\"ImageObject\",\"inLanguage\":\"ar\",\"@id\":\"https:\\\/\\\/dodo-inflatables.com\\\/ar\\\/%d8%a3%d9%88%d8%b3%d8%aa%d8%a7-taispuhutavad-liumaed-ja-huppelinnakud-eestist\\\/#primaryimage\",\"url\":\"https:\\\/\\\/dodo-inflatables.com\\\/wp-content\\\/uploads\\\/2022\\\/01\\\/seperator-kleiner-1024x102.png\",\"contentUrl\":\"https:\\\/\\\/dodo-inflatables.com\\\/wp-content\\\/uploads\\\/2022\\\/01\\\/seperator-kleiner-1024x102.png\"},{\"@type\":\"BreadcrumbList\",\"@id\":\"https:\\\/\\\/dodo-inflatables.com\\\/ar\\\/%d8%a3%d9%88%d8%b3%d8%aa%d8%a7-taispuhutavad-liumaed-ja-huppelinnakud-eestist\\\/#breadcrumb\",\"itemListElement\":[{\"@type\":\"ListItem\",\"position\":1,\"name\":\"\u0627\u0644\u0631\u0626\u064a\u0633\u064a\u0629\",\"item\":\"https:\\\/\\\/dodo-inflatables.com\\\/ar\\\/\"},{\"@type\":\"ListItem\",\"position\":2,\"name\":\"\u0623\u0648\u0633\u062a\u0627 t\u00e4ispuhutavad lium\u00e4ed ja h\u00fcppelinnakud Eestist\"}]},{\"@type\":\"WebSite\",\"@id\":\"https:\\\/\\\/dodo-inflatables.com\\\/ar\\\/#website\",\"url\":\"https:\\\/\\\/dodo-inflatables.com\\\/ar\\\/\",\"name\":\"dodo-inflatables.com\",\"description\":\"\u0642\u0645 \u0628\u0634\u0631\u0627\u0621 \u0627\u0644\u0642\u0644\u0627\u0639 \u0627\u0644\u0646\u0637\u0627\u0637\u0629 \u0648\u0627\u0644\u0623\u0644\u0639\u0627\u0628 \u0627\u0644\u062a\u0631\u0641\u064a\u0647\u064a\u0629 \u0641\u064a \u0645\u062a\u062c\u0631\u0646\u0627.\",\"potentialAction\":[{\"@type\":\"SearchAction\",\"target\":{\"@type\":\"EntryPoint\",\"urlTemplate\":\"https:\\\/\\\/dodo-inflatables.com\\\/ar\\\/?s={search_term_string}\"},\"query-input\":{\"@type\":\"PropertyValueSpecification\",\"valueRequired\":true,\"valueName\":\"search_term_string\"}}],\"inLanguage\":\"ar\"}]}<\/script>\n<!-- \/ Yoast SEO plugin. -->","yoast_head_json":{"title":"\u0623\u0648\u0633\u062a\u0627 t\u00e4ispuhutavad lium\u00e4ed ja h\u00fcppelinnakud Eestist - dodo-inflatables.com","robots":{"index":"index","follow":"follow","max-snippet":"max-snippet:-1","max-image-preview":"max-image-preview:large","max-video-preview":"max-video-preview:-1"},"canonical":"https:\/\/dodo-inflatables.com\/ar\/%d8%a3%d9%88%d8%b3%d8%aa%d8%a7-taispuhutavad-liumaed-ja-huppelinnakud-eestist\/","twitter_misc":{"\u0648\u0642\u062a \u0627\u0644\u0642\u0631\u0627\u0621\u0629 \u0627\u0644\u0645\u064f\u0642\u062f\u0651\u0631":"1 \u062f\u0642\u064a\u0642\u0629"},"schema":{"@context":"https:\/\/schema.org","@graph":[{"@type":"WebPage","@id":"https:\/\/dodo-inflatables.com\/ar\/%d8%a3%d9%88%d8%b3%d8%aa%d8%a7-taispuhutavad-liumaed-ja-huppelinnakud-eestist\/","url":"https:\/\/dodo-inflatables.com\/ar\/%d8%a3%d9%88%d8%b3%d8%aa%d8%a7-taispuhutavad-liumaed-ja-huppelinnakud-eestist\/","name":"\u0623\u0648\u0633\u062a\u0627 t\u00e4ispuhutavad lium\u00e4ed ja h\u00fcppelinnakud Eestist - dodo-inflatables.com","isPartOf":{"@id":"https:\/\/dodo-inflatables.com\/ar\/#website"},"primaryImageOfPage":{"@id":"https:\/\/dodo-inflatables.com\/ar\/%d8%a3%d9%88%d8%b3%d8%aa%d8%a7-taispuhutavad-liumaed-ja-huppelinnakud-eestist\/#primaryimage"},"image":{"@id":"https:\/\/dodo-inflatables.com\/ar\/%d8%a3%d9%88%d8%b3%d8%aa%d8%a7-taispuhutavad-liumaed-ja-huppelinnakud-eestist\/#primaryimage"},"thumbnailUrl":"https:\/\/dodo-inflatables.com\/wp-content\/uploads\/2022\/01\/seperator-kleiner-1024x102.png","datePublished":"2024-03-05T15:49:21+00:00","dateModified":"2024-07-17T13:09:41+00:00","breadcrumb":{"@id":"https:\/\/dodo-inflatables.com\/ar\/%d8%a3%d9%88%d8%b3%d8%aa%d8%a7-taispuhutavad-liumaed-ja-huppelinnakud-eestist\/#breadcrumb"},"inLanguage":"ar","potentialAction":[{"@type":"ReadAction","target":["https:\/\/dodo-inflatables.com\/ar\/%d8%a3%d9%88%d8%b3%d8%aa%d8%a7-taispuhutavad-liumaed-ja-huppelinnakud-eestist\/"]}]},{"@type":"ImageObject","inLanguage":"ar","@id":"https:\/\/dodo-inflatables.com\/ar\/%d8%a3%d9%88%d8%b3%d8%aa%d8%a7-taispuhutavad-liumaed-ja-huppelinnakud-eestist\/#primaryimage","url":"https:\/\/dodo-inflatables.com\/wp-content\/uploads\/2022\/01\/seperator-kleiner-1024x102.png","contentUrl":"https:\/\/dodo-inflatables.com\/wp-content\/uploads\/2022\/01\/seperator-kleiner-1024x102.png"},{"@type":"BreadcrumbList","@id":"https:\/\/dodo-inflatables.com\/ar\/%d8%a3%d9%88%d8%b3%d8%aa%d8%a7-taispuhutavad-liumaed-ja-huppelinnakud-eestist\/#breadcrumb","itemListElement":[{"@type":"ListItem","position":1,"name":"\u0627\u0644\u0631\u0626\u064a\u0633\u064a\u0629","item":"https:\/\/dodo-inflatables.com\/ar\/"},{"@type":"ListItem","position":2,"name":"\u0623\u0648\u0633\u062a\u0627 t\u00e4ispuhutavad lium\u00e4ed ja h\u00fcppelinnakud Eestist"}]},{"@type":"WebSite","@id":"https:\/\/dodo-inflatables.com\/ar\/#website","url":"https:\/\/dodo-inflatables.com\/ar\/","name":"dodo-inflatables.com","description":"\u0642\u0645 \u0628\u0634\u0631\u0627\u0621 \u0627\u0644\u0642\u0644\u0627\u0639 \u0627\u0644\u0646\u0637\u0627\u0637\u0629 \u0648\u0627\u0644\u0623\u0644\u0639\u0627\u0628 \u0627\u0644\u062a\u0631\u0641\u064a\u0647\u064a\u0629 \u0641\u064a \u0645\u062a\u062c\u0631\u0646\u0627.","potentialAction":[{"@type":"SearchAction","target":{"@type":"EntryPoint","urlTemplate":"https:\/\/dodo-inflatables.com\/ar\/?s={search_term_string}"},"query-input":{"@type":"PropertyValueSpecification","valueRequired":true,"valueName":"search_term_string"}}],"inLanguage":"ar"}]}},"uagb_featured_image_src":{"full":false,"thumbnail":false,"medium":false,"medium_large":false,"large":false,"1536x1536":false,"2048x2048":false,"woocommerce_thumbnail":false,"woocommerce_single":false,"woocommerce_gallery_thumbnail":false},"uagb_author_info":{"display_name":"Andreas","author_link":"https:\/\/dodo-inflatables.com\/ar\/author\/andreas\/"},"uagb_comment_info":0,"uagb_excerpt":"\u0623\u0648\u0633\u062a\u0627 t\u00e4ispuhutavad lium\u00e4ed ja h\u00fcppelinnakud Eestist \u0645\u0648\u0642\u0639 Tere tulemast Dodo-Inflatables.com &#8211; meie t\u00e4ispuhutavate atraktsioonide veebipoodi Euroopas! Sukeldu meie laiaulatuslikku kvaliteetsete t\u00e4ispuhutavate atraktsioonide, t\u00e4ispuhutavate losside ja lium\u00e4e valikusse, mis lisab igale s\u00fcndmusele selle v\u00e4ikese lisav\u00e4\u00e4rtuse. Kas otsite suurt t\u00e4ispuhutavat atraktsiooni firma\u00fcritusele, v\u00e4ikest t\u00e4ispuhutavat lossi laste s\u00fcnnip\u00e4evapeole v\u00f5i h\u00fcppelinnakut koos lium\u00e4ega suvep\u00e4evale &#8211; siit leiate garanteeritult midagi&hellip;","_links":{"self":[{"href":"https:\/\/dodo-inflatables.com\/ar\/wp-json\/wp\/v2\/pages\/17400","targetHints":{"allow":["GET"]}}],"collection":[{"href":"https:\/\/dodo-inflatables.com\/ar\/wp-json\/wp\/v2\/pages"}],"about":[{"href":"https:\/\/dodo-inflatables.com\/ar\/wp-json\/wp\/v2\/types\/page"}],"author":[{"embeddable":true,"href":"https:\/\/dodo-inflatables.com\/ar\/wp-json\/wp\/v2\/users\/1"}],"replies":[{"embeddable":true,"href":"https:\/\/dodo-inflatables.com\/ar\/wp-json\/wp\/v2\/comments?post=17400"}],"version-history":[{"count":2,"href":"https:\/\/dodo-inflatables.com\/ar\/wp-json\/wp\/v2\/pages\/17400\/revisions"}],"predecessor-version":[{"id":17404,"href":"https:\/\/dodo-inflatables.com\/ar\/wp-json\/wp\/v2\/pages\/17400\/revisions\/17404"}],"wp:attachment":[{"href":"https:\/\/dodo-inflatables.com\/ar\/wp-json\/wp\/v2\/media?parent=17400"}],"curies":[{"name":"wp","href":"https:\/\/api.w.org\/{rel}","templated":true}]}}