{"id":17601,"date":"2024-03-05T15:33:55","date_gmt":"2024-03-05T14:33:55","guid":{"rendered":"https:\/\/dodo-inflatables.com\/predaj-nafukovovacich-smykaciek-a-skakkacich-hradov-na-slovensku\/"},"modified":"2024-07-17T15:10:23","modified_gmt":"2024-07-17T13:10:23","slug":"predaj-nafukovovacich-smykaciek-a-skakkacich-hradov-na-slovensku","status":"publish","type":"page","link":"https:\/\/dodo-inflatables.com\/ar\/predaj-nafukovovacich-smykaciek-a-skakkacich-hradov-na-slovensku\/","title":{"rendered":"Predaj nafukovovac\u00edch \u0161m\u00fdka\u010diek a sk\u00e1kkac\u00edch hradov na Slovensku"},"content":{"rendered":"\n<h2 class=\"wp-block-heading has-text-align-center\">Predaj nafukovovac\u00edch \u0161m\u00fdka\u010diek a sk\u00e1kkac\u00edch hradov na Slovensku<\/h2>\n\n<figure class=\"wp-block-image aligncenter size-large\"><a href=\"https:\/\/dodo-inflatables.com\/wp-content\/uploads\/2022\/01\/seperator-kleiner.png\"><img loading=\"lazy\" decoding=\"async\" width=\"1024\" height=\"102\" src=\"https:\/\/dodo-inflatables.com\/wp-content\/uploads\/2022\/01\/seperator-kleiner-1024x102.png\" alt=\"\" class=\"wp-image-4026\" srcset=\"https:\/\/dodo-inflatables.com\/wp-content\/uploads\/2022\/01\/seperator-kleiner-1024x102.png 1024w, https:\/\/dodo-inflatables.com\/wp-content\/uploads\/2022\/01\/seperator-kleiner-900x90.png 900w, https:\/\/dodo-inflatables.com\/wp-content\/uploads\/2022\/01\/seperator-kleiner-300x30.png 300w, https:\/\/dodo-inflatables.com\/wp-content\/uploads\/2022\/01\/seperator-kleiner-768x77.png 768w, https:\/\/dodo-inflatables.com\/wp-content\/uploads\/2022\/01\/seperator-kleiner-1536x154.png 1536w, https:\/\/dodo-inflatables.com\/wp-content\/uploads\/2022\/01\/seperator-kleiner-340x34.png 340w, https:\/\/dodo-inflatables.com\/wp-content\/uploads\/2022\/01\/seperator-kleiner.png 2000w\" sizes=\"auto, (max-width: 1024px) 100vw, 1024px\" \/><\/a><\/figure>\n\n<h3 class=\"wp-block-heading has-text-align-center\">\u062a\u0639\u0631\u0641 \u0639\u0644\u0649 \u0645\u0648\u0642\u0639 Dodo-Inflatables.com &#8211; \u0645\u0648\u0642\u0639\u0646\u0627 \u0639\u0644\u0649 \u0627\u0644\u0625\u0646\u062a\u0631\u0646\u062a \u0641\u064a \u0623\u0648\u0631\u0648\u0628\u0627!<\/h3>\n\n<p style=\"font-size:17px\">\u0643\u0645\u0627 \u0623\u0646 \u0647\u0646\u0627\u0643 \u0627\u0644\u0639\u062f\u064a\u062f \u0645\u0646 \u0627\u0644\u0645\u0632\u0627\u064a\u0627 \u0627\u0644\u062a\u064a \u064a\u0645\u0643\u0646 \u0623\u0646 \u062a\u062a\u062d\u0642\u0642 \u0645\u0646 \u062e\u0644\u0627\u0644 \u0647\u0630\u0647 \u0627\u0644\u0639\u0645\u0644\u064a\u0629 \u0645\u062b\u0644: \u0623\u0646 \u064a\u0643\u0648\u0646 \u0647\u0646\u0627\u0643 <a href=\"\/?product_cat=\u0642\u0644\u0627\u0639-\u0628\u0648\u0646\u0633\u064a\">\u0627\u0644\u0643\u062b\u064a\u0631<\/a> \u0645\u0646 \u0627\u0644\u0623\u0634\u062e\u0627\u0635 \u0627\u0644\u0630\u064a\u0646 \u0644\u062f\u064a\u0647\u0645 \u0627\u0644\u0642\u062f\u0631\u0629 \u0639\u0644\u0649 \u0627\u0644\u0639\u0645\u0644 \u0641\u064a \u0645\u062c\u0627\u0644 \u0627\u0644\u0637\u064a\u0631\u0627\u0646. \u010ci u\u017ei h\u013ead\u00e1te ve\u013ead\u00e1te ve\u013ek\u00fd nafukovac\u00ed hrad na firemn\u00fa akciu, mal\u00fd nafukovac\u00ed hrad na detsk\u00fa narodenoviov\u00fa oslavu alebo sk\u00e1kacac\u00ed hrad so \u0301 \u0301 \u0301 \u0301myk\u013eavkou na letn\u00fa p\u00e1rty &#8211; u n\u00e1s zaru\u010dene n\u00e1jdete n\u00e1jdete nie\u010do vhodn\u00e9!<\/p>\n\n<p style=\"font-size:17px\">\u0643\u0645\u0627 \u0623\u0646 \u0647\u0646\u0627\u0643 \u0627\u0644\u0639\u062f\u064a\u062f \u0645\u0646 \u0627\u0644\u0645\u0632\u0627\u064a\u0627 \u0627\u0644\u062a\u064a \u064a\u0645\u0643\u0646 \u0623\u0646 \u062a\u0648\u0641\u0631\u0647\u0627 \u0647\u0630\u0647 <a href=\"https:\/\/dodo-inflatables.com\/ar\/product\/%d9%85%d9%86%d9%81%d8%a7%d8%ae-%d9%87%d9%88%d8%a7%d9%88%d9%8a-reh-1-5e-1-5ps\/\" data-type=\"product\" data-id=\"2724\">\u0627\u0644\u062e\u062f\u0645\u0629<\/a> \u0641\u064a \u0645\u062c\u0627\u0644 \u0627\u0644\u062a\u0643\u0646\u0648\u0644\u0648\u062c\u064a\u0627 \u0627\u0644\u062d\u062f\u064a\u062b\u0629.<\/p>\n\n<p style=\"font-size:17px\"><strong>\u0633\u0639\u0631<\/strong> Zaslanie sk\u00e1kacacieho hradu a pr\u00edslu\u0161losn\u00e9ho pr\u00edslu\u0161lu\u0161enstva na <strong>Slovensko stoj\u00ed 184,00 \u20ac<\/strong>. \u0628\u0627\u0644\u064a\u0643 \u0646\u0627\u0641\u0648\u0643\u0648\u0641\u0627\u062a\u0634\u064a\u062a\u0634 \u062f\u0648\u0628\u0644\u0643\u0648\u0641 stoj\u00ed 35,00 \u20ac. \u0625\u0630\u0627 \u0643\u0627\u0646 \u0644\u062f\u064a\u0643 \u0632\u0627\u0631\u064a\u0627\u062f\u064a\u0646\u064a \u0641\u064a \u0645\u0643\u0627\u0646 \u0645\u0627\u060c \u0641\u064a\u0645\u0643\u0646\u0643 \u0623\u0646 \u062a\u062c\u0644\u0633 \u0641\u064a \u0645\u0643\u0627\u0646 \u0622\u062e\u0631. Dodanie na Slovensko trv\u00e1 trv\u00e1 pribli\u017ene <strong>4 &#8211; 6 pracovn\u00fdch dn\u00ed.<\/strong> Nafukukova\u010dku je mo\u017en\u00e9 vyzdvihn\u00fan\u0165 si osobne v na\u0161om sklade v Mn\u00edchove v Nemecku.<\/p>\n\n<p style=\"font-size:17px\">\u064a\u062a\u0645 \u062a\u0637\u0628\u064a\u0642 \u0645\u0639\u0627\u064a\u064a\u0631 <strong>DIN EN 14960<\/strong> \u0639\u0644\u0649 \u0645\u0639\u0627\u064a\u064a\u0631 <strong>DIN EN 14960\u060c<\/strong> \u0648\u0647\u064a \u0645\u0639\u0627\u064a\u064a\u0631 \u0645\u062a\u0645\u0627\u0634\u064a\u0629 \u0645\u0639 \u0645\u0639\u0627\u064a\u064a\u0631 <strong>DIN EN 14960<\/strong>. \u064a\u0645\u0643\u0646 \u0627\u0644\u062d\u0635\u0648\u0644 \u0639\u0644\u0649 \u0634\u0647\u0627\u062f\u0627\u062a \u0645\u0639\u062a\u0645\u062f\u0629 \u0645\u0646 \u0648\u0632\u0627\u0631\u0629 \u0627\u0644\u062e\u0627\u0631\u062c\u064a\u0629 \u0627\u0644\u0623\u0645\u0631\u064a\u0643\u064a\u0629.<\/p>\n\n<p style=\"font-size:17px\">Oslobododenie od DPH pre firmy! \u0644\u0627 \u0628\u062f \u0645\u0646 \u062a\u062d\u062f\u064a\u062f \u0647\u0648\u064a\u0629 \u0627\u0644\u0634\u0631\u0643\u0629 \u0642\u0628\u0644 DPH\u060c \u0642\u0628\u0644 \u0623\u0646 \u064a\u062a\u0645 \u062a\u062d\u062f\u064a\u062f \u0647\u0648\u064a\u0629 \u0627\u0644\u0634\u0631\u0643\u0629 \u0642\u0628\u0644 DPH\u060c \u062d\u064a\u062b \u064a\u0645\u0643\u0646\u0646\u064a \u0623\u0646 \u0623\u062a\u0639\u0631\u0641 \u0639\u0644\u0649 \u0647\u0648\u064a\u0629 \u0627\u0644\u0634\u0631\u0643\u0629 \u0642\u0628\u0644 DPH.<\/p>\n\n<p style=\"font-size:17px\">\u010ci u\u017ei ste ste s\u00fakkromn\u00e1 osoba, ktor\u00e1 hafukovac\u00ed hrad na svoju \u010fal\u0161iu rodinn\u00fa oslavu, alebo ste ste komer\u010dn\u00e1 po\u017ei\u010dn\u00e1 po\u017ei\u010dov\u0148a, ktor\u00e1 chce roz\u0161\u00edri\u0165 svoj sortiment, na\u0161e nafukovacie hrady souhodn\u00e9 pre ka\u017ed\u00e9ho. \u0641\u064a \u0638\u0644 \u0647\u0630\u0647 \u0627\u0644\u0638\u0631\u0648\u0641\u060c \u0641\u0625\u0646 \u0623\u0648\u0631\u0648\u0628\u0627 \u062a\u062a\u0637\u0644\u0639 \u0625\u0644\u0649 \u0623\u0646 \u064a\u0643\u0648\u0646 \u0644\u0647\u0627 \u062f\u0648\u0631 \u0641\u064a \u062d\u0644 \u0627\u0644\u0645\u0634\u0627\u0643\u0644 \u0627\u0644\u062a\u064a \u062a\u0648\u0627\u062c\u0647\u0647\u0627 \u0641\u064a \u0623\u0648\u0631\u0648\u0628\u0627 \u0645\u0646 \u062e\u0644\u0627\u0644 \u062a\u0648\u0641\u064a\u0631 \u0641\u0631\u0635 \u0639\u0645\u0644 \u0641\u064a \u0623\u0648\u0631\u0648\u0628\u0627.<\/p>\n\n<p style=\"font-size:17px\">D\u00fafame, \u017ee sa sa v\u00e1m v\u00e1m bude p\u00e1\u010di\u0165 prezeranie n\u00e1\u0161\u010di\u00eb n\u00e1\u015f \u00e1nternio internet otzky na adrese contact@dodo-inflatables.com!<\/p>\n\n<div style=\"height:100px\" aria-hidden=\"true\" class=\"wp-block-spacer\"><\/div>\n","protected":false},"excerpt":{"rendered":"<p>Predaj nafukovovac\u00edch \u0161m\u00fdka\u010diek a sk\u00e1kkac\u00edch hradov na Slovensku \u062a\u0639\u0631\u0641 \u0639\u0644\u0649 \u0645\u0648\u0642\u0639 Dodo-Inflatables.com &#8211; \u0645\u0648\u0642\u0639\u0646\u0627 \u0639\u0644\u0649 \u0627\u0644\u0625\u0646\u062a\u0631\u0646\u062a \u0641\u064a \u0623\u0648\u0631\u0648\u0628\u0627! \u0643\u0645\u0627 \u0623\u0646 \u0647\u0646\u0627\u0643 \u0627\u0644\u0639\u062f\u064a\u062f \u0645\u0646 \u0627\u0644\u0645\u0632\u0627\u064a\u0627 \u0627\u0644\u062a\u064a \u064a\u0645\u0643\u0646 \u0623\u0646 \u062a\u062a\u062d\u0642\u0642 \u0645\u0646 \u062e\u0644\u0627\u0644 \u0647\u0630\u0647 \u0627\u0644\u0639\u0645\u0644\u064a\u0629 \u0645\u062b\u0644: \u0623\u0646 \u064a\u0643\u0648\u0646 \u0647\u0646\u0627\u0643 \u0627\u0644\u0643\u062b\u064a\u0631 \u0645\u0646 \u0627\u0644\u0623\u0634\u062e\u0627\u0635 \u0627\u0644\u0630\u064a\u0646 \u0644\u062f\u064a\u0647\u0645 \u0627\u0644\u0642\u062f\u0631\u0629 \u0639\u0644\u0649 \u0627\u0644\u0639\u0645\u0644 \u0641\u064a \u0645\u062c\u0627\u0644 \u0627\u0644\u0637\u064a\u0631\u0627\u0646. \u010ci u\u017ei h\u013ead\u00e1te ve\u013ead\u00e1te ve\u013ek\u00fd nafukovac\u00ed hrad na [&hellip;]<\/p>\n","protected":false},"author":1,"featured_media":0,"parent":0,"menu_order":0,"comment_status":"closed","ping_status":"closed","template":"","meta":{"_acf_changed":false,"_uag_custom_page_level_css":"","site-sidebar-layout":"default","site-content-layout":"","ast-site-content-layout":"normal-width-container","site-content-style":"boxed","site-sidebar-style":"default","ast-global-header-display":"","ast-banner-title-visibility":"","ast-main-header-display":"","ast-hfb-above-header-display":"","ast-hfb-below-header-display":"","ast-hfb-mobile-header-display":"","site-post-title":"","ast-breadcrumbs-content":"","ast-featured-img":"","footer-sml-layout":"","ast-disable-related-posts":"","theme-transparent-header-meta":"","adv-header-id-meta":"4069","stick-header-meta":"","header-above-stick-meta":"","header-main-stick-meta":"","header-below-stick-meta":"","astra-migrate-meta-layouts":"default","ast-page-background-enabled":"default","ast-page-background-meta":{"desktop":{"background-color":"var(--ast-global-color-4)","background-image":"","background-repeat":"repeat","background-position":"center center","background-size":"auto","background-attachment":"scroll","background-type":"","background-media":"","overlay-type":"","overlay-color":"","overlay-opacity":"","overlay-gradient":""},"tablet":{"background-color":"","background-image":"","background-repeat":"repeat","background-position":"center center","background-size":"auto","background-attachment":"scroll","background-type":"","background-media":"","overlay-type":"","overlay-color":"","overlay-opacity":"","overlay-gradient":""},"mobile":{"background-color":"","background-image":"","background-repeat":"repeat","background-position":"center center","background-size":"auto","background-attachment":"scroll","background-type":"","background-media":"","overlay-type":"","overlay-color":"","overlay-opacity":"","overlay-gradient":""}},"ast-content-background-meta":{"desktop":{"background-color":"var(--ast-global-color-5)","background-image":"","background-repeat":"repeat","background-position":"center center","background-size":"auto","background-attachment":"scroll","background-type":"","background-media":"","overlay-type":"","overlay-color":"","overlay-opacity":"","overlay-gradient":""},"tablet":{"background-color":"var(--ast-global-color-5)","background-image":"","background-repeat":"repeat","background-position":"center center","background-size":"auto","background-attachment":"scroll","background-type":"","background-media":"","overlay-type":"","overlay-color":"","overlay-opacity":"","overlay-gradient":""},"mobile":{"background-color":"var(--ast-global-color-5)","background-image":"","background-repeat":"repeat","background-position":"center center","background-size":"auto","background-attachment":"scroll","background-type":"","background-media":"","overlay-type":"","overlay-color":"","overlay-opacity":"","overlay-gradient":""}},"footnotes":""},"class_list":["post-17601","page","type-page","status-publish","hentry"],"acf":[],"yoast_head":"<!-- This site is optimized with the Yoast SEO plugin v27.3 - https:\/\/yoast.com\/product\/yoast-seo-wordpress\/ -->\n<title>Predaj nafukovovac\u00edch \u0161m\u00fdka\u010diek a sk\u00e1kkac\u00edch hradov na Slovensku - dodo-inflatables.com<\/title>\n<meta name=\"robots\" content=\"index, follow, max-snippet:-1, max-image-preview:large, max-video-preview:-1\" \/>\n<link rel=\"canonical\" href=\"https:\/\/dodo-inflatables.com\/ar\/predaj-nafukovovacich-smykaciek-a-skakkacich-hradov-na-slovensku\/\" \/>\n<meta name=\"twitter:label1\" content=\"\u0648\u0642\u062a \u0627\u0644\u0642\u0631\u0627\u0621\u0629 \u0627\u0644\u0645\u064f\u0642\u062f\u0651\u0631\" \/>\n\t<meta name=\"twitter:data1\" content=\"1 \u062f\u0642\u064a\u0642\u0629\" \/>\n<script type=\"application\/ld+json\" class=\"yoast-schema-graph\">{\"@context\":\"https:\\\/\\\/schema.org\",\"@graph\":[{\"@type\":\"WebPage\",\"@id\":\"https:\\\/\\\/dodo-inflatables.com\\\/ar\\\/predaj-nafukovovacich-smykaciek-a-skakkacich-hradov-na-slovensku\\\/\",\"url\":\"https:\\\/\\\/dodo-inflatables.com\\\/ar\\\/predaj-nafukovovacich-smykaciek-a-skakkacich-hradov-na-slovensku\\\/\",\"name\":\"Predaj nafukovovac\u00edch \u0161m\u00fdka\u010diek a sk\u00e1kkac\u00edch hradov na Slovensku - dodo-inflatables.com\",\"isPartOf\":{\"@id\":\"https:\\\/\\\/dodo-inflatables.com\\\/ar\\\/#website\"},\"primaryImageOfPage\":{\"@id\":\"https:\\\/\\\/dodo-inflatables.com\\\/ar\\\/predaj-nafukovovacich-smykaciek-a-skakkacich-hradov-na-slovensku\\\/#primaryimage\"},\"image\":{\"@id\":\"https:\\\/\\\/dodo-inflatables.com\\\/ar\\\/predaj-nafukovovacich-smykaciek-a-skakkacich-hradov-na-slovensku\\\/#primaryimage\"},\"thumbnailUrl\":\"https:\\\/\\\/dodo-inflatables.com\\\/wp-content\\\/uploads\\\/2022\\\/01\\\/seperator-kleiner-1024x102.png\",\"datePublished\":\"2024-03-05T14:33:55+00:00\",\"dateModified\":\"2024-07-17T13:10:23+00:00\",\"breadcrumb\":{\"@id\":\"https:\\\/\\\/dodo-inflatables.com\\\/ar\\\/predaj-nafukovovacich-smykaciek-a-skakkacich-hradov-na-slovensku\\\/#breadcrumb\"},\"inLanguage\":\"ar\",\"potentialAction\":[{\"@type\":\"ReadAction\",\"target\":[\"https:\\\/\\\/dodo-inflatables.com\\\/ar\\\/predaj-nafukovovacich-smykaciek-a-skakkacich-hradov-na-slovensku\\\/\"]}]},{\"@type\":\"ImageObject\",\"inLanguage\":\"ar\",\"@id\":\"https:\\\/\\\/dodo-inflatables.com\\\/ar\\\/predaj-nafukovovacich-smykaciek-a-skakkacich-hradov-na-slovensku\\\/#primaryimage\",\"url\":\"https:\\\/\\\/dodo-inflatables.com\\\/wp-content\\\/uploads\\\/2022\\\/01\\\/seperator-kleiner-1024x102.png\",\"contentUrl\":\"https:\\\/\\\/dodo-inflatables.com\\\/wp-content\\\/uploads\\\/2022\\\/01\\\/seperator-kleiner-1024x102.png\"},{\"@type\":\"BreadcrumbList\",\"@id\":\"https:\\\/\\\/dodo-inflatables.com\\\/ar\\\/predaj-nafukovovacich-smykaciek-a-skakkacich-hradov-na-slovensku\\\/#breadcrumb\",\"itemListElement\":[{\"@type\":\"ListItem\",\"position\":1,\"name\":\"\u0627\u0644\u0631\u0626\u064a\u0633\u064a\u0629\",\"item\":\"https:\\\/\\\/dodo-inflatables.com\\\/ar\\\/\"},{\"@type\":\"ListItem\",\"position\":2,\"name\":\"Predaj nafukovovac\u00edch \u0161m\u00fdka\u010diek a sk\u00e1kkac\u00edch hradov na Slovensku\"}]},{\"@type\":\"WebSite\",\"@id\":\"https:\\\/\\\/dodo-inflatables.com\\\/ar\\\/#website\",\"url\":\"https:\\\/\\\/dodo-inflatables.com\\\/ar\\\/\",\"name\":\"dodo-inflatables.com\",\"description\":\"\u0642\u0645 \u0628\u0634\u0631\u0627\u0621 \u0627\u0644\u0642\u0644\u0627\u0639 \u0627\u0644\u0646\u0637\u0627\u0637\u0629 \u0648\u0627\u0644\u0623\u0644\u0639\u0627\u0628 \u0627\u0644\u062a\u0631\u0641\u064a\u0647\u064a\u0629 \u0641\u064a \u0645\u062a\u062c\u0631\u0646\u0627.\",\"publisher\":{\"@id\":\"https:\\\/\\\/dodo-inflatables.com\\\/ar\\\/#organization\"},\"potentialAction\":[{\"@type\":\"SearchAction\",\"target\":{\"@type\":\"EntryPoint\",\"urlTemplate\":\"https:\\\/\\\/dodo-inflatables.com\\\/ar\\\/?s={search_term_string}\"},\"query-input\":{\"@type\":\"PropertyValueSpecification\",\"valueRequired\":true,\"valueName\":\"search_term_string\"}}],\"inLanguage\":\"ar\"},{\"@type\":\"Organization\",\"@id\":\"https:\\\/\\\/dodo-inflatables.com\\\/ar\\\/#organization\",\"name\":\"dodo-inflatables.com\",\"url\":\"https:\\\/\\\/dodo-inflatables.com\\\/ar\\\/\",\"logo\":{\"@type\":\"ImageObject\",\"inLanguage\":\"ar\",\"@id\":\"https:\\\/\\\/dodo-inflatables.com\\\/ar\\\/#\\\/schema\\\/logo\\\/image\\\/\",\"url\":\"https:\\\/\\\/dodo-inflatables.com\\\/wp-content\\\/uploads\\\/2023\\\/04\\\/cropped-cropped-cropped-Dodo-Logo.png\",\"contentUrl\":\"https:\\\/\\\/dodo-inflatables.com\\\/wp-content\\\/uploads\\\/2023\\\/04\\\/cropped-cropped-cropped-Dodo-Logo.png\",\"width\":2996,\"height\":1545,\"caption\":\"dodo-inflatables.com\"},\"image\":{\"@id\":\"https:\\\/\\\/dodo-inflatables.com\\\/ar\\\/#\\\/schema\\\/logo\\\/image\\\/\"}}]}<\/script>\n<!-- \/ Yoast SEO plugin. -->","yoast_head_json":{"title":"Predaj nafukovovac\u00edch \u0161m\u00fdka\u010diek a sk\u00e1kkac\u00edch hradov na Slovensku - dodo-inflatables.com","robots":{"index":"index","follow":"follow","max-snippet":"max-snippet:-1","max-image-preview":"max-image-preview:large","max-video-preview":"max-video-preview:-1"},"canonical":"https:\/\/dodo-inflatables.com\/ar\/predaj-nafukovovacich-smykaciek-a-skakkacich-hradov-na-slovensku\/","twitter_misc":{"\u0648\u0642\u062a \u0627\u0644\u0642\u0631\u0627\u0621\u0629 \u0627\u0644\u0645\u064f\u0642\u062f\u0651\u0631":"1 \u062f\u0642\u064a\u0642\u0629"},"schema":{"@context":"https:\/\/schema.org","@graph":[{"@type":"WebPage","@id":"https:\/\/dodo-inflatables.com\/ar\/predaj-nafukovovacich-smykaciek-a-skakkacich-hradov-na-slovensku\/","url":"https:\/\/dodo-inflatables.com\/ar\/predaj-nafukovovacich-smykaciek-a-skakkacich-hradov-na-slovensku\/","name":"Predaj nafukovovac\u00edch \u0161m\u00fdka\u010diek a sk\u00e1kkac\u00edch hradov na Slovensku - dodo-inflatables.com","isPartOf":{"@id":"https:\/\/dodo-inflatables.com\/ar\/#website"},"primaryImageOfPage":{"@id":"https:\/\/dodo-inflatables.com\/ar\/predaj-nafukovovacich-smykaciek-a-skakkacich-hradov-na-slovensku\/#primaryimage"},"image":{"@id":"https:\/\/dodo-inflatables.com\/ar\/predaj-nafukovovacich-smykaciek-a-skakkacich-hradov-na-slovensku\/#primaryimage"},"thumbnailUrl":"https:\/\/dodo-inflatables.com\/wp-content\/uploads\/2022\/01\/seperator-kleiner-1024x102.png","datePublished":"2024-03-05T14:33:55+00:00","dateModified":"2024-07-17T13:10:23+00:00","breadcrumb":{"@id":"https:\/\/dodo-inflatables.com\/ar\/predaj-nafukovovacich-smykaciek-a-skakkacich-hradov-na-slovensku\/#breadcrumb"},"inLanguage":"ar","potentialAction":[{"@type":"ReadAction","target":["https:\/\/dodo-inflatables.com\/ar\/predaj-nafukovovacich-smykaciek-a-skakkacich-hradov-na-slovensku\/"]}]},{"@type":"ImageObject","inLanguage":"ar","@id":"https:\/\/dodo-inflatables.com\/ar\/predaj-nafukovovacich-smykaciek-a-skakkacich-hradov-na-slovensku\/#primaryimage","url":"https:\/\/dodo-inflatables.com\/wp-content\/uploads\/2022\/01\/seperator-kleiner-1024x102.png","contentUrl":"https:\/\/dodo-inflatables.com\/wp-content\/uploads\/2022\/01\/seperator-kleiner-1024x102.png"},{"@type":"BreadcrumbList","@id":"https:\/\/dodo-inflatables.com\/ar\/predaj-nafukovovacich-smykaciek-a-skakkacich-hradov-na-slovensku\/#breadcrumb","itemListElement":[{"@type":"ListItem","position":1,"name":"\u0627\u0644\u0631\u0626\u064a\u0633\u064a\u0629","item":"https:\/\/dodo-inflatables.com\/ar\/"},{"@type":"ListItem","position":2,"name":"Predaj nafukovovac\u00edch \u0161m\u00fdka\u010diek a sk\u00e1kkac\u00edch hradov na Slovensku"}]},{"@type":"WebSite","@id":"https:\/\/dodo-inflatables.com\/ar\/#website","url":"https:\/\/dodo-inflatables.com\/ar\/","name":"dodo-inflatables.com","description":"\u0642\u0645 \u0628\u0634\u0631\u0627\u0621 \u0627\u0644\u0642\u0644\u0627\u0639 \u0627\u0644\u0646\u0637\u0627\u0637\u0629 \u0648\u0627\u0644\u0623\u0644\u0639\u0627\u0628 \u0627\u0644\u062a\u0631\u0641\u064a\u0647\u064a\u0629 \u0641\u064a \u0645\u062a\u062c\u0631\u0646\u0627.","publisher":{"@id":"https:\/\/dodo-inflatables.com\/ar\/#organization"},"potentialAction":[{"@type":"SearchAction","target":{"@type":"EntryPoint","urlTemplate":"https:\/\/dodo-inflatables.com\/ar\/?s={search_term_string}"},"query-input":{"@type":"PropertyValueSpecification","valueRequired":true,"valueName":"search_term_string"}}],"inLanguage":"ar"},{"@type":"Organization","@id":"https:\/\/dodo-inflatables.com\/ar\/#organization","name":"dodo-inflatables.com","url":"https:\/\/dodo-inflatables.com\/ar\/","logo":{"@type":"ImageObject","inLanguage":"ar","@id":"https:\/\/dodo-inflatables.com\/ar\/#\/schema\/logo\/image\/","url":"https:\/\/dodo-inflatables.com\/wp-content\/uploads\/2023\/04\/cropped-cropped-cropped-Dodo-Logo.png","contentUrl":"https:\/\/dodo-inflatables.com\/wp-content\/uploads\/2023\/04\/cropped-cropped-cropped-Dodo-Logo.png","width":2996,"height":1545,"caption":"dodo-inflatables.com"},"image":{"@id":"https:\/\/dodo-inflatables.com\/ar\/#\/schema\/logo\/image\/"}}]}},"uagb_featured_image_src":{"full":false,"thumbnail":false,"medium":false,"medium_large":false,"large":false,"1536x1536":false,"2048x2048":false,"woocommerce_thumbnail":false,"woocommerce_single":false,"woocommerce_gallery_thumbnail":false},"uagb_author_info":{"display_name":"Andreas","author_link":"https:\/\/dodo-inflatables.com\/ar\/author\/andreas\/"},"uagb_comment_info":0,"uagb_excerpt":"Predaj nafukovovac\u00edch \u0161m\u00fdka\u010diek a sk\u00e1kkac\u00edch hradov na Slovensku \u062a\u0639\u0631\u0641 \u0639\u0644\u0649 \u0645\u0648\u0642\u0639 Dodo-Inflatables.com &#8211; \u0645\u0648\u0642\u0639\u0646\u0627 \u0639\u0644\u0649 \u0627\u0644\u0625\u0646\u062a\u0631\u0646\u062a \u0641\u064a \u0623\u0648\u0631\u0648\u0628\u0627! \u0643\u0645\u0627 \u0623\u0646 \u0647\u0646\u0627\u0643 \u0627\u0644\u0639\u062f\u064a\u062f \u0645\u0646 \u0627\u0644\u0645\u0632\u0627\u064a\u0627 \u0627\u0644\u062a\u064a \u064a\u0645\u0643\u0646 \u0623\u0646 \u062a\u062a\u062d\u0642\u0642 \u0645\u0646 \u062e\u0644\u0627\u0644 \u0647\u0630\u0647 \u0627\u0644\u0639\u0645\u0644\u064a\u0629 \u0645\u062b\u0644: \u0623\u0646 \u064a\u0643\u0648\u0646 \u0647\u0646\u0627\u0643 \u0627\u0644\u0643\u062b\u064a\u0631 \u0645\u0646 \u0627\u0644\u0623\u0634\u062e\u0627\u0635 \u0627\u0644\u0630\u064a\u0646 \u0644\u062f\u064a\u0647\u0645 \u0627\u0644\u0642\u062f\u0631\u0629 \u0639\u0644\u0649 \u0627\u0644\u0639\u0645\u0644 \u0641\u064a \u0645\u062c\u0627\u0644 \u0627\u0644\u0637\u064a\u0631\u0627\u0646. \u010ci u\u017ei h\u013ead\u00e1te ve\u013ead\u00e1te ve\u013ek\u00fd nafukovac\u00ed hrad na&hellip;","_links":{"self":[{"href":"https:\/\/dodo-inflatables.com\/ar\/wp-json\/wp\/v2\/pages\/17601","targetHints":{"allow":["GET"]}}],"collection":[{"href":"https:\/\/dodo-inflatables.com\/ar\/wp-json\/wp\/v2\/pages"}],"about":[{"href":"https:\/\/dodo-inflatables.com\/ar\/wp-json\/wp\/v2\/types\/page"}],"author":[{"embeddable":true,"href":"https:\/\/dodo-inflatables.com\/ar\/wp-json\/wp\/v2\/users\/1"}],"replies":[{"embeddable":true,"href":"https:\/\/dodo-inflatables.com\/ar\/wp-json\/wp\/v2\/comments?post=17601"}],"version-history":[{"count":2,"href":"https:\/\/dodo-inflatables.com\/ar\/wp-json\/wp\/v2\/pages\/17601\/revisions"}],"predecessor-version":[{"id":17603,"href":"https:\/\/dodo-inflatables.com\/ar\/wp-json\/wp\/v2\/pages\/17601\/revisions\/17603"}],"wp:attachment":[{"href":"https:\/\/dodo-inflatables.com\/ar\/wp-json\/wp\/v2\/media?parent=17601"}],"curies":[{"name":"wp","href":"https:\/\/api.w.org\/{rel}","templated":true}]}}