{"id":17633,"date":"2018-05-25T10:20:54","date_gmt":"2018-05-25T08:20:54","guid":{"rendered":"https:\/\/dodo-inflatables.com\/%d8%a8%d9%8a%d9%86%d9%88%d8%aa%d8%b2%d8%b1-datenschutzchutzeinstellungen\/"},"modified":"2024-07-17T15:10:32","modified_gmt":"2024-07-17T13:10:32","slug":"%d8%a8%d9%8a%d9%86%d9%88%d8%aa%d8%b2%d8%b1-datenschutzchutzeinstellungen","status":"publish","type":"page","link":"https:\/\/dodo-inflatables.com\/ar\/%d8%a8%d9%8a%d9%86%d9%88%d8%aa%d8%b2%d8%b1-datenschutzchutzeinstellungen\/","title":{"rendered":"\u0628\u064a\u0646\u0648\u062a\u0632\u0631 Datenschutzchutzeinstellungen"},"content":{"rendered":"<p>[user_privacy_settings_form]<\/p>\n<p>&nbsp;<\/p>\n<p>[sar_form]<\/p>\n<p>&nbsp;<\/p>\n<p>[unsubscribe_form]<\/p>\n","protected":false},"excerpt":{"rendered":"<p>[user_privacy_settings_form] &nbsp; [sar_form] &nbsp; [unsubscribe_form]<\/p>\n","protected":false},"author":1,"featured_media":0,"parent":0,"menu_order":0,"comment_status":"closed","ping_status":"closed","template":"","meta":{"_acf_changed":false,"_uag_custom_page_level_css":"","site-sidebar-layout":"default","site-content-layout":"content-boxed-container","ast-site-content-layout":"default","site-content-style":"default","site-sidebar-style":"default","ast-global-header-display":"","ast-banner-title-visibility":"","ast-main-header-display":"","ast-hfb-above-header-display":"","ast-hfb-below-header-display":"","ast-hfb-mobile-header-display":"","site-post-title":"disabled","ast-breadcrumbs-content":"disabled","ast-featured-img":"disabled","footer-sml-layout":"","ast-disable-related-posts":"","theme-transparent-header-meta":"","adv-header-id-meta":"4069","stick-header-meta":"","header-above-stick-meta":"","header-main-stick-meta":"","header-below-stick-meta":"","astra-migrate-meta-layouts":"default","ast-page-background-enabled":"default","ast-page-background-meta":{"desktop":{"background-color":"var(--ast-global-color-4)","background-image":"","background-repeat":"repeat","background-position":"center center","background-size":"auto","background-attachment":"scroll","background-type":"","background-media":"","overlay-type":"","overlay-color":"","overlay-opacity":"","overlay-gradient":""},"tablet":{"background-color":"","background-image":"","background-repeat":"repeat","background-position":"center center","background-size":"auto","background-attachment":"scroll","background-type":"","background-media":"","overlay-type":"","overlay-color":"","overlay-opacity":"","overlay-gradient":""},"mobile":{"background-color":"","background-image":"","background-repeat":"repeat","background-position":"center center","background-size":"auto","background-attachment":"scroll","background-type":"","background-media":"","overlay-type":"","overlay-color":"","overlay-opacity":"","overlay-gradient":""}},"ast-content-background-meta":{"desktop":{"background-color":"var(--ast-global-color-5)","background-image":"","background-repeat":"repeat","background-position":"center center","background-size":"auto","background-attachment":"scroll","background-type":"","background-media":"","overlay-type":"","overlay-color":"","overlay-opacity":"","overlay-gradient":""},"tablet":{"background-color":"var(--ast-global-color-5)","background-image":"","background-repeat":"repeat","background-position":"center center","background-size":"auto","background-attachment":"scroll","background-type":"","background-media":"","overlay-type":"","overlay-color":"","overlay-opacity":"","overlay-gradient":""},"mobile":{"background-color":"var(--ast-global-color-5)","background-image":"","background-repeat":"repeat","background-position":"center center","background-size":"auto","background-attachment":"scroll","background-type":"","background-media":"","overlay-type":"","overlay-color":"","overlay-opacity":"","overlay-gradient":""}},"footnotes":""},"class_list":["post-17633","page","type-page","status-publish","hentry"],"acf":[],"yoast_head":"<!-- This site is optimized with the Yoast SEO plugin v27.4 - https:\/\/yoast.com\/product\/yoast-seo-wordpress\/ -->\n<title>H\u00fcpffburg kaufen | Datenschutz | H\u00fcpfburg-g\u00fcnstig-kaufen.de<\/title>\n<meta name=\"description\" content=\"Datenschutz - huepfburg-guenstig-kaufen.de\" \/>\n<meta name=\"robots\" content=\"index, follow, max-snippet:-1, max-image-preview:large, max-video-preview:-1\" \/>\n<link rel=\"canonical\" href=\"https:\/\/dodo-inflatables.com\/ar\/%d8%a8%d9%8a%d9%86%d9%88%d8%aa%d8%b2%d8%b1-datenschutzchutzeinstellungen\/\" \/>\n<script type=\"application\/ld+json\" class=\"yoast-schema-graph\">{\"@context\":\"https:\\\/\\\/schema.org\",\"@graph\":[{\"@type\":\"WebPage\",\"@id\":\"https:\\\/\\\/dodo-inflatables.com\\\/ar\\\/%d8%a8%d9%8a%d9%86%d9%88%d8%aa%d8%b2%d8%b1-datenschutzchutzeinstellungen\\\/\",\"url\":\"https:\\\/\\\/dodo-inflatables.com\\\/ar\\\/%d8%a8%d9%8a%d9%86%d9%88%d8%aa%d8%b2%d8%b1-datenschutzchutzeinstellungen\\\/\",\"name\":\"H\u00fcpffburg kaufen | Datenschutz | H\u00fcpfburg-g\u00fcnstig-kaufen.de\",\"isPartOf\":{\"@id\":\"https:\\\/\\\/dodo-inflatables.com\\\/ar\\\/#website\"},\"datePublished\":\"2018-05-25T08:20:54+00:00\",\"dateModified\":\"2024-07-17T13:10:32+00:00\",\"description\":\"Datenschutz - huepfburg-guenstig-kaufen.de\",\"breadcrumb\":{\"@id\":\"https:\\\/\\\/dodo-inflatables.com\\\/ar\\\/%d8%a8%d9%8a%d9%86%d9%88%d8%aa%d8%b2%d8%b1-datenschutzchutzeinstellungen\\\/#breadcrumb\"},\"inLanguage\":\"ar\",\"potentialAction\":[{\"@type\":\"ReadAction\",\"target\":[\"https:\\\/\\\/dodo-inflatables.com\\\/ar\\\/%d8%a8%d9%8a%d9%86%d9%88%d8%aa%d8%b2%d8%b1-datenschutzchutzeinstellungen\\\/\"]}]},{\"@type\":\"BreadcrumbList\",\"@id\":\"https:\\\/\\\/dodo-inflatables.com\\\/ar\\\/%d8%a8%d9%8a%d9%86%d9%88%d8%aa%d8%b2%d8%b1-datenschutzchutzeinstellungen\\\/#breadcrumb\",\"itemListElement\":[{\"@type\":\"ListItem\",\"position\":1,\"name\":\"\u0627\u0644\u0631\u0626\u064a\u0633\u064a\u0629\",\"item\":\"https:\\\/\\\/dodo-inflatables.com\\\/ar\\\/\"},{\"@type\":\"ListItem\",\"position\":2,\"name\":\"\u0628\u064a\u0646\u0648\u062a\u0632\u0631 Datenschutzchutzeinstellungen\"}]},{\"@type\":\"WebSite\",\"@id\":\"https:\\\/\\\/dodo-inflatables.com\\\/ar\\\/#website\",\"url\":\"https:\\\/\\\/dodo-inflatables.com\\\/ar\\\/\",\"name\":\"dodo-inflatables.com\",\"description\":\"\u0642\u0645 \u0628\u0634\u0631\u0627\u0621 \u0627\u0644\u0642\u0644\u0627\u0639 \u0627\u0644\u0646\u0637\u0627\u0637\u0629 \u0648\u0627\u0644\u0623\u0644\u0639\u0627\u0628 \u0627\u0644\u062a\u0631\u0641\u064a\u0647\u064a\u0629 \u0641\u064a \u0645\u062a\u062c\u0631\u0646\u0627.\",\"publisher\":{\"@id\":\"https:\\\/\\\/dodo-inflatables.com\\\/ar\\\/#organization\"},\"potentialAction\":[{\"@type\":\"SearchAction\",\"target\":{\"@type\":\"EntryPoint\",\"urlTemplate\":\"https:\\\/\\\/dodo-inflatables.com\\\/ar\\\/?s={search_term_string}\"},\"query-input\":{\"@type\":\"PropertyValueSpecification\",\"valueRequired\":true,\"valueName\":\"search_term_string\"}}],\"inLanguage\":\"ar\"},{\"@type\":\"Organization\",\"@id\":\"https:\\\/\\\/dodo-inflatables.com\\\/ar\\\/#organization\",\"name\":\"dodo-inflatables.com\",\"url\":\"https:\\\/\\\/dodo-inflatables.com\\\/ar\\\/\",\"logo\":{\"@type\":\"ImageObject\",\"inLanguage\":\"ar\",\"@id\":\"https:\\\/\\\/dodo-inflatables.com\\\/ar\\\/#\\\/schema\\\/logo\\\/image\\\/\",\"url\":\"https:\\\/\\\/dodo-inflatables.com\\\/wp-content\\\/uploads\\\/2023\\\/04\\\/cropped-cropped-cropped-Dodo-Logo.png\",\"contentUrl\":\"https:\\\/\\\/dodo-inflatables.com\\\/wp-content\\\/uploads\\\/2023\\\/04\\\/cropped-cropped-cropped-Dodo-Logo.png\",\"width\":2996,\"height\":1545,\"caption\":\"dodo-inflatables.com\"},\"image\":{\"@id\":\"https:\\\/\\\/dodo-inflatables.com\\\/ar\\\/#\\\/schema\\\/logo\\\/image\\\/\"}}]}<\/script>\n<!-- \/ Yoast SEO plugin. -->","yoast_head_json":{"title":"H\u00fcpffburg kaufen | Datenschutz | H\u00fcpfburg-g\u00fcnstig-kaufen.de","description":"Datenschutz - huepfburg-guenstig-kaufen.de","robots":{"index":"index","follow":"follow","max-snippet":"max-snippet:-1","max-image-preview":"max-image-preview:large","max-video-preview":"max-video-preview:-1"},"canonical":"https:\/\/dodo-inflatables.com\/ar\/%d8%a8%d9%8a%d9%86%d9%88%d8%aa%d8%b2%d8%b1-datenschutzchutzeinstellungen\/","schema":{"@context":"https:\/\/schema.org","@graph":[{"@type":"WebPage","@id":"https:\/\/dodo-inflatables.com\/ar\/%d8%a8%d9%8a%d9%86%d9%88%d8%aa%d8%b2%d8%b1-datenschutzchutzeinstellungen\/","url":"https:\/\/dodo-inflatables.com\/ar\/%d8%a8%d9%8a%d9%86%d9%88%d8%aa%d8%b2%d8%b1-datenschutzchutzeinstellungen\/","name":"H\u00fcpffburg kaufen | Datenschutz | H\u00fcpfburg-g\u00fcnstig-kaufen.de","isPartOf":{"@id":"https:\/\/dodo-inflatables.com\/ar\/#website"},"datePublished":"2018-05-25T08:20:54+00:00","dateModified":"2024-07-17T13:10:32+00:00","description":"Datenschutz - huepfburg-guenstig-kaufen.de","breadcrumb":{"@id":"https:\/\/dodo-inflatables.com\/ar\/%d8%a8%d9%8a%d9%86%d9%88%d8%aa%d8%b2%d8%b1-datenschutzchutzeinstellungen\/#breadcrumb"},"inLanguage":"ar","potentialAction":[{"@type":"ReadAction","target":["https:\/\/dodo-inflatables.com\/ar\/%d8%a8%d9%8a%d9%86%d9%88%d8%aa%d8%b2%d8%b1-datenschutzchutzeinstellungen\/"]}]},{"@type":"BreadcrumbList","@id":"https:\/\/dodo-inflatables.com\/ar\/%d8%a8%d9%8a%d9%86%d9%88%d8%aa%d8%b2%d8%b1-datenschutzchutzeinstellungen\/#breadcrumb","itemListElement":[{"@type":"ListItem","position":1,"name":"\u0627\u0644\u0631\u0626\u064a\u0633\u064a\u0629","item":"https:\/\/dodo-inflatables.com\/ar\/"},{"@type":"ListItem","position":2,"name":"\u0628\u064a\u0646\u0648\u062a\u0632\u0631 Datenschutzchutzeinstellungen"}]},{"@type":"WebSite","@id":"https:\/\/dodo-inflatables.com\/ar\/#website","url":"https:\/\/dodo-inflatables.com\/ar\/","name":"dodo-inflatables.com","description":"\u0642\u0645 \u0628\u0634\u0631\u0627\u0621 \u0627\u0644\u0642\u0644\u0627\u0639 \u0627\u0644\u0646\u0637\u0627\u0637\u0629 \u0648\u0627\u0644\u0623\u0644\u0639\u0627\u0628 \u0627\u0644\u062a\u0631\u0641\u064a\u0647\u064a\u0629 \u0641\u064a \u0645\u062a\u062c\u0631\u0646\u0627.","publisher":{"@id":"https:\/\/dodo-inflatables.com\/ar\/#organization"},"potentialAction":[{"@type":"SearchAction","target":{"@type":"EntryPoint","urlTemplate":"https:\/\/dodo-inflatables.com\/ar\/?s={search_term_string}"},"query-input":{"@type":"PropertyValueSpecification","valueRequired":true,"valueName":"search_term_string"}}],"inLanguage":"ar"},{"@type":"Organization","@id":"https:\/\/dodo-inflatables.com\/ar\/#organization","name":"dodo-inflatables.com","url":"https:\/\/dodo-inflatables.com\/ar\/","logo":{"@type":"ImageObject","inLanguage":"ar","@id":"https:\/\/dodo-inflatables.com\/ar\/#\/schema\/logo\/image\/","url":"https:\/\/dodo-inflatables.com\/wp-content\/uploads\/2023\/04\/cropped-cropped-cropped-Dodo-Logo.png","contentUrl":"https:\/\/dodo-inflatables.com\/wp-content\/uploads\/2023\/04\/cropped-cropped-cropped-Dodo-Logo.png","width":2996,"height":1545,"caption":"dodo-inflatables.com"},"image":{"@id":"https:\/\/dodo-inflatables.com\/ar\/#\/schema\/logo\/image\/"}}]}},"uagb_featured_image_src":{"full":false,"thumbnail":false,"medium":false,"medium_large":false,"large":false,"1536x1536":false,"2048x2048":false,"woocommerce_thumbnail":false,"woocommerce_single":false,"woocommerce_gallery_thumbnail":false},"uagb_author_info":{"display_name":"Andreas","author_link":"https:\/\/dodo-inflatables.com\/ar\/author\/andreas\/"},"uagb_comment_info":0,"uagb_excerpt":"[user_privacy_settings_form] &nbsp; [sar_form] &nbsp; [unsubscribe_form]","_links":{"self":[{"href":"https:\/\/dodo-inflatables.com\/ar\/wp-json\/wp\/v2\/pages\/17633","targetHints":{"allow":["GET"]}}],"collection":[{"href":"https:\/\/dodo-inflatables.com\/ar\/wp-json\/wp\/v2\/pages"}],"about":[{"href":"https:\/\/dodo-inflatables.com\/ar\/wp-json\/wp\/v2\/types\/page"}],"author":[{"embeddable":true,"href":"https:\/\/dodo-inflatables.com\/ar\/wp-json\/wp\/v2\/users\/1"}],"replies":[{"embeddable":true,"href":"https:\/\/dodo-inflatables.com\/ar\/wp-json\/wp\/v2\/comments?post=17633"}],"version-history":[{"count":1,"href":"https:\/\/dodo-inflatables.com\/ar\/wp-json\/wp\/v2\/pages\/17633\/revisions"}],"predecessor-version":[{"id":17634,"href":"https:\/\/dodo-inflatables.com\/ar\/wp-json\/wp\/v2\/pages\/17633\/revisions\/17634"}],"wp:attachment":[{"href":"https:\/\/dodo-inflatables.com\/ar\/wp-json\/wp\/v2\/media?parent=17633"}],"curies":[{"name":"wp","href":"https:\/\/api.w.org\/{rel}","templated":true}]}}