{"id":17745,"date":"2017-01-06T19:43:59","date_gmt":"2017-01-06T18:43:59","guid":{"rendered":"https:\/\/dodo-inflatables.com\/%d9%81%d9%8a%d8%b1%d8%b3%d8%a7%d9%86%d8%af%d8%a7%d8%b1%d8%aa%d9%86\/"},"modified":"2024-07-17T15:11:04","modified_gmt":"2024-07-17T13:11:04","slug":"%d9%81%d9%8a%d8%b1%d8%b3%d8%a7%d9%86%d8%af%d8%a7%d8%b1%d8%aa%d9%86","status":"publish","type":"page","link":"https:\/\/dodo-inflatables.com\/ar\/%d9%81%d9%8a%d8%b1%d8%b3%d8%a7%d9%86%d8%af%d8%a7%d8%b1%d8%aa%d9%86\/","title":{"rendered":"\u0641\u064a\u0631\u0633\u0627\u0646\u062f\u0627\u0631\u062a\u0646"},"content":{"rendered":"\n<h2 class=\"has-text-align-center wp-block-heading\" id=\"versandarten\"><strong>\u0641\u064a\u0631\u0633\u0627\u0646\u062f\u0627\u0631\u062a\u0646<\/strong><\/h2>\n\n<p><strong>H\u00fcpffburgen, Rutschen &amp; Eventmodule<\/strong> werden mit einer <strong>Spedition<\/strong> versendet, dieser Versand kostet 119 \u20ac inkl. \u0645.\u0648.\u0633. Nach Zahlungseingang Nach Zahlungseingang wird deine Ware noch am gleichen oder am am n\u00e4chsten Werktag versendet. \u064a\u062a\u0645 \u062a\u0646\u0641\u064a\u0630 \u0639\u0645\u0644\u064a\u0629 \u0627\u0644\u062a\u0633\u0644\u064a\u0645 \u0641\u064a \u062f\u064a\u0631 Regel \u0641\u064a \u0646\u0637\u0627\u0642 1 &#8211; 2 Werktagen.<\/p>\n\n<p>\u062a\u0628\u0644\u063a \u062a\u0643\u0644\u0641\u0629 \u062e\u062f\u0645\u0629 Versand f\u00fcr <strong>Pakete<\/strong> (z. B. Gebl\u00e4se) \u062d\u062a\u0649 30 \u0643\u062c\u0645 9,95 \u064a\u0648\u0631\u0648.<br\/><\/p>\n\n<p>Der Versand is auch auch in die Schweiz und alle Europ\u00e4ischen L\u00e4nder (Kroatien, Ungarn, Luxemburg, T\u00fcrkei, Polen, Tschechien, Slowakei, Lettland, etc.) m\u00f6glich. F\u00fcr die Versandkosten bitte einfach per Mail<a href=\"mailto:info@huepfburg-guenstig-kaufen.de\">(info@huepfburg-guenstig-kaufen.de)<\/a> anfrfragen.<br\/>Weitere Infos f\u00fcr den Versand Ins Ausland \u062a\u062c\u062f\u0647\u0627 \u0647\u0646\u0627: <a href=\"https:\/\/dodo-inflatables.com\/lieferung-in-die-schweiz\/\">Lieferung in die Schweiz<\/a> und <a href=\"https:\/\/dodo-inflatables.com\/lieferung-in-das-eu-ausland\/\">Lieferung in das EU-Ausland<\/a>.<\/p>\n","protected":false},"excerpt":{"rendered":"<p>\u0641\u064a\u0631\u0633\u0627\u0646\u062f\u0627\u0631\u062a\u0646 H\u00fcpffburgen, Rutschen &amp; Eventmodule werden mit einer Spedition versendet, dieser Versand kostet 119 \u20ac inkl. \u0645.\u0648.\u0633. Nach Zahlungseingang Nach Zahlungseingang wird deine Ware noch am gleichen oder am am n\u00e4chsten Werktag versendet. \u064a\u062a\u0645 \u062a\u0646\u0641\u064a\u0630 \u0639\u0645\u0644\u064a\u0629 \u0627\u0644\u062a\u0633\u0644\u064a\u0645 \u0641\u064a \u062f\u064a\u0631 Regel \u0641\u064a \u0646\u0637\u0627\u0642 1 &#8211; 2 Werktagen. \u062a\u0628\u0644\u063a \u062a\u0643\u0644\u0641\u0629 \u062e\u062f\u0645\u0629 Versand f\u00fcr Pakete (z. B. Gebl\u00e4se) [&hellip;]<\/p>\n","protected":false},"author":1,"featured_media":0,"parent":0,"menu_order":0,"comment_status":"closed","ping_status":"closed","template":"","meta":{"_acf_changed":false,"_uag_custom_page_level_css":"","site-sidebar-layout":"default","site-content-layout":"boxed-container","ast-site-content-layout":"default","site-content-style":"default","site-sidebar-style":"default","ast-global-header-display":"","ast-banner-title-visibility":"","ast-main-header-display":"","ast-hfb-above-header-display":"","ast-hfb-below-header-display":"","ast-hfb-mobile-header-display":"","site-post-title":"disabled","ast-breadcrumbs-content":"disabled","ast-featured-img":"disabled","footer-sml-layout":"","ast-disable-related-posts":"","theme-transparent-header-meta":"","adv-header-id-meta":"4069","stick-header-meta":"","header-above-stick-meta":"","header-main-stick-meta":"","header-below-stick-meta":"","astra-migrate-meta-layouts":"default","ast-page-background-enabled":"default","ast-page-background-meta":{"desktop":{"background-color":"var(--ast-global-color-4)","background-image":"","background-repeat":"repeat","background-position":"center center","background-size":"auto","background-attachment":"scroll","background-type":"","background-media":"","overlay-type":"","overlay-color":"","overlay-opacity":"","overlay-gradient":""},"tablet":{"background-color":"","background-image":"","background-repeat":"repeat","background-position":"center center","background-size":"auto","background-attachment":"scroll","background-type":"","background-media":"","overlay-type":"","overlay-color":"","overlay-opacity":"","overlay-gradient":""},"mobile":{"background-color":"","background-image":"","background-repeat":"repeat","background-position":"center center","background-size":"auto","background-attachment":"scroll","background-type":"","background-media":"","overlay-type":"","overlay-color":"","overlay-opacity":"","overlay-gradient":""}},"ast-content-background-meta":{"desktop":{"background-color":"var(--ast-global-color-5)","background-image":"","background-repeat":"repeat","background-position":"center center","background-size":"auto","background-attachment":"scroll","background-type":"","background-media":"","overlay-type":"","overlay-color":"","overlay-opacity":"","overlay-gradient":""},"tablet":{"background-color":"var(--ast-global-color-5)","background-image":"","background-repeat":"repeat","background-position":"center center","background-size":"auto","background-attachment":"scroll","background-type":"","background-media":"","overlay-type":"","overlay-color":"","overlay-opacity":"","overlay-gradient":""},"mobile":{"background-color":"var(--ast-global-color-5)","background-image":"","background-repeat":"repeat","background-position":"center center","background-size":"auto","background-attachment":"scroll","background-type":"","background-media":"","overlay-type":"","overlay-color":"","overlay-opacity":"","overlay-gradient":""}},"footnotes":""},"class_list":["post-17745","page","type-page","status-publish","hentry"],"acf":[],"yoast_head":"<!-- This site is optimized with the Yoast SEO plugin v27.3 - https:\/\/yoast.com\/product\/yoast-seo-wordpress\/ -->\n<title>\u0627\u0634\u062a\u0631\u064a \u0646\u0641\u062e | \u0637\u0631\u0642 \u0627\u0644\u0634\u062d\u0646 | \u062f\u0648\u062f\u0648-\u0646\u0641\u062e |\u0645\u0648\u0642\u0639 Dodo-Inflatable.com<\/title>\n<meta name=\"description\" content=\"\u0634\u062d\u0646 \u0633\u0631\u064a\u0639 \u0648\u0633\u0647\u0644 \u0625\u0644\u0649 \u0623\u0648\u0631\u0648\u0628\u0627 \u0648\u0633\u0648\u064a\u0633\u0631\u0627 |Dodo-Inflatables.com |\" \/>\n<meta name=\"robots\" content=\"index, follow, max-snippet:-1, max-image-preview:large, max-video-preview:-1\" \/>\n<link rel=\"canonical\" href=\"https:\/\/dodo-inflatables.com\/ar\/%d9%81%d9%8a%d8%b1%d8%b3%d8%a7%d9%86%d8%af%d8%a7%d8%b1%d8%aa%d9%86\/\" \/>\n<script type=\"application\/ld+json\" class=\"yoast-schema-graph\">{\"@context\":\"https:\\\/\\\/schema.org\",\"@graph\":[{\"@type\":\"WebPage\",\"@id\":\"https:\\\/\\\/dodo-inflatables.com\\\/ar\\\/%d9%81%d9%8a%d8%b1%d8%b3%d8%a7%d9%86%d8%af%d8%a7%d8%b1%d8%aa%d9%86\\\/\",\"url\":\"https:\\\/\\\/dodo-inflatables.com\\\/ar\\\/%d9%81%d9%8a%d8%b1%d8%b3%d8%a7%d9%86%d8%af%d8%a7%d8%b1%d8%aa%d9%86\\\/\",\"name\":\"\u0627\u0634\u062a\u0631\u064a \u0646\u0641\u062e | \u0637\u0631\u0642 \u0627\u0644\u0634\u062d\u0646 | \u062f\u0648\u062f\u0648-\u0646\u0641\u062e |\u0645\u0648\u0642\u0639 Dodo-Inflatable.com\",\"isPartOf\":{\"@id\":\"https:\\\/\\\/dodo-inflatables.com\\\/ar\\\/#website\"},\"datePublished\":\"2017-01-06T18:43:59+00:00\",\"dateModified\":\"2024-07-17T13:11:04+00:00\",\"description\":\"\u0634\u062d\u0646 \u0633\u0631\u064a\u0639 \u0648\u0633\u0647\u0644 \u0625\u0644\u0649 \u0623\u0648\u0631\u0648\u0628\u0627 \u0648\u0633\u0648\u064a\u0633\u0631\u0627 |Dodo-Inflatables.com |\",\"breadcrumb\":{\"@id\":\"https:\\\/\\\/dodo-inflatables.com\\\/ar\\\/%d9%81%d9%8a%d8%b1%d8%b3%d8%a7%d9%86%d8%af%d8%a7%d8%b1%d8%aa%d9%86\\\/#breadcrumb\"},\"inLanguage\":\"ar\",\"potentialAction\":[{\"@type\":\"ReadAction\",\"target\":[\"https:\\\/\\\/dodo-inflatables.com\\\/ar\\\/%d9%81%d9%8a%d8%b1%d8%b3%d8%a7%d9%86%d8%af%d8%a7%d8%b1%d8%aa%d9%86\\\/\"]}]},{\"@type\":\"BreadcrumbList\",\"@id\":\"https:\\\/\\\/dodo-inflatables.com\\\/ar\\\/%d9%81%d9%8a%d8%b1%d8%b3%d8%a7%d9%86%d8%af%d8%a7%d8%b1%d8%aa%d9%86\\\/#breadcrumb\",\"itemListElement\":[{\"@type\":\"ListItem\",\"position\":1,\"name\":\"\u0627\u0644\u0631\u0626\u064a\u0633\u064a\u0629\",\"item\":\"https:\\\/\\\/dodo-inflatables.com\\\/ar\\\/\"},{\"@type\":\"ListItem\",\"position\":2,\"name\":\"\u0641\u064a\u0631\u0633\u0627\u0646\u062f\u0627\u0631\u062a\u0646\"}]},{\"@type\":\"WebSite\",\"@id\":\"https:\\\/\\\/dodo-inflatables.com\\\/ar\\\/#website\",\"url\":\"https:\\\/\\\/dodo-inflatables.com\\\/ar\\\/\",\"name\":\"dodo-inflatables.com\",\"description\":\"\u0642\u0645 \u0628\u0634\u0631\u0627\u0621 \u0627\u0644\u0642\u0644\u0627\u0639 \u0627\u0644\u0646\u0637\u0627\u0637\u0629 \u0648\u0627\u0644\u0623\u0644\u0639\u0627\u0628 \u0627\u0644\u062a\u0631\u0641\u064a\u0647\u064a\u0629 \u0641\u064a \u0645\u062a\u062c\u0631\u0646\u0627.\",\"publisher\":{\"@id\":\"https:\\\/\\\/dodo-inflatables.com\\\/ar\\\/#organization\"},\"potentialAction\":[{\"@type\":\"SearchAction\",\"target\":{\"@type\":\"EntryPoint\",\"urlTemplate\":\"https:\\\/\\\/dodo-inflatables.com\\\/ar\\\/?s={search_term_string}\"},\"query-input\":{\"@type\":\"PropertyValueSpecification\",\"valueRequired\":true,\"valueName\":\"search_term_string\"}}],\"inLanguage\":\"ar\"},{\"@type\":\"Organization\",\"@id\":\"https:\\\/\\\/dodo-inflatables.com\\\/ar\\\/#organization\",\"name\":\"dodo-inflatables.com\",\"url\":\"https:\\\/\\\/dodo-inflatables.com\\\/ar\\\/\",\"logo\":{\"@type\":\"ImageObject\",\"inLanguage\":\"ar\",\"@id\":\"https:\\\/\\\/dodo-inflatables.com\\\/ar\\\/#\\\/schema\\\/logo\\\/image\\\/\",\"url\":\"https:\\\/\\\/dodo-inflatables.com\\\/wp-content\\\/uploads\\\/2023\\\/04\\\/cropped-cropped-cropped-Dodo-Logo.png\",\"contentUrl\":\"https:\\\/\\\/dodo-inflatables.com\\\/wp-content\\\/uploads\\\/2023\\\/04\\\/cropped-cropped-cropped-Dodo-Logo.png\",\"width\":2996,\"height\":1545,\"caption\":\"dodo-inflatables.com\"},\"image\":{\"@id\":\"https:\\\/\\\/dodo-inflatables.com\\\/ar\\\/#\\\/schema\\\/logo\\\/image\\\/\"}}]}<\/script>\n<!-- \/ Yoast SEO plugin. -->","yoast_head_json":{"title":"\u0627\u0634\u062a\u0631\u064a \u0646\u0641\u062e | \u0637\u0631\u0642 \u0627\u0644\u0634\u062d\u0646 | \u062f\u0648\u062f\u0648-\u0646\u0641\u062e |\u0645\u0648\u0642\u0639 Dodo-Inflatable.com","description":"\u0634\u062d\u0646 \u0633\u0631\u064a\u0639 \u0648\u0633\u0647\u0644 \u0625\u0644\u0649 \u0623\u0648\u0631\u0648\u0628\u0627 \u0648\u0633\u0648\u064a\u0633\u0631\u0627 |Dodo-Inflatables.com |","robots":{"index":"index","follow":"follow","max-snippet":"max-snippet:-1","max-image-preview":"max-image-preview:large","max-video-preview":"max-video-preview:-1"},"canonical":"https:\/\/dodo-inflatables.com\/ar\/%d9%81%d9%8a%d8%b1%d8%b3%d8%a7%d9%86%d8%af%d8%a7%d8%b1%d8%aa%d9%86\/","schema":{"@context":"https:\/\/schema.org","@graph":[{"@type":"WebPage","@id":"https:\/\/dodo-inflatables.com\/ar\/%d9%81%d9%8a%d8%b1%d8%b3%d8%a7%d9%86%d8%af%d8%a7%d8%b1%d8%aa%d9%86\/","url":"https:\/\/dodo-inflatables.com\/ar\/%d9%81%d9%8a%d8%b1%d8%b3%d8%a7%d9%86%d8%af%d8%a7%d8%b1%d8%aa%d9%86\/","name":"\u0627\u0634\u062a\u0631\u064a \u0646\u0641\u062e | \u0637\u0631\u0642 \u0627\u0644\u0634\u062d\u0646 | \u062f\u0648\u062f\u0648-\u0646\u0641\u062e |\u0645\u0648\u0642\u0639 Dodo-Inflatable.com","isPartOf":{"@id":"https:\/\/dodo-inflatables.com\/ar\/#website"},"datePublished":"2017-01-06T18:43:59+00:00","dateModified":"2024-07-17T13:11:04+00:00","description":"\u0634\u062d\u0646 \u0633\u0631\u064a\u0639 \u0648\u0633\u0647\u0644 \u0625\u0644\u0649 \u0623\u0648\u0631\u0648\u0628\u0627 \u0648\u0633\u0648\u064a\u0633\u0631\u0627 |Dodo-Inflatables.com |","breadcrumb":{"@id":"https:\/\/dodo-inflatables.com\/ar\/%d9%81%d9%8a%d8%b1%d8%b3%d8%a7%d9%86%d8%af%d8%a7%d8%b1%d8%aa%d9%86\/#breadcrumb"},"inLanguage":"ar","potentialAction":[{"@type":"ReadAction","target":["https:\/\/dodo-inflatables.com\/ar\/%d9%81%d9%8a%d8%b1%d8%b3%d8%a7%d9%86%d8%af%d8%a7%d8%b1%d8%aa%d9%86\/"]}]},{"@type":"BreadcrumbList","@id":"https:\/\/dodo-inflatables.com\/ar\/%d9%81%d9%8a%d8%b1%d8%b3%d8%a7%d9%86%d8%af%d8%a7%d8%b1%d8%aa%d9%86\/#breadcrumb","itemListElement":[{"@type":"ListItem","position":1,"name":"\u0627\u0644\u0631\u0626\u064a\u0633\u064a\u0629","item":"https:\/\/dodo-inflatables.com\/ar\/"},{"@type":"ListItem","position":2,"name":"\u0641\u064a\u0631\u0633\u0627\u0646\u062f\u0627\u0631\u062a\u0646"}]},{"@type":"WebSite","@id":"https:\/\/dodo-inflatables.com\/ar\/#website","url":"https:\/\/dodo-inflatables.com\/ar\/","name":"dodo-inflatables.com","description":"\u0642\u0645 \u0628\u0634\u0631\u0627\u0621 \u0627\u0644\u0642\u0644\u0627\u0639 \u0627\u0644\u0646\u0637\u0627\u0637\u0629 \u0648\u0627\u0644\u0623\u0644\u0639\u0627\u0628 \u0627\u0644\u062a\u0631\u0641\u064a\u0647\u064a\u0629 \u0641\u064a \u0645\u062a\u062c\u0631\u0646\u0627.","publisher":{"@id":"https:\/\/dodo-inflatables.com\/ar\/#organization"},"potentialAction":[{"@type":"SearchAction","target":{"@type":"EntryPoint","urlTemplate":"https:\/\/dodo-inflatables.com\/ar\/?s={search_term_string}"},"query-input":{"@type":"PropertyValueSpecification","valueRequired":true,"valueName":"search_term_string"}}],"inLanguage":"ar"},{"@type":"Organization","@id":"https:\/\/dodo-inflatables.com\/ar\/#organization","name":"dodo-inflatables.com","url":"https:\/\/dodo-inflatables.com\/ar\/","logo":{"@type":"ImageObject","inLanguage":"ar","@id":"https:\/\/dodo-inflatables.com\/ar\/#\/schema\/logo\/image\/","url":"https:\/\/dodo-inflatables.com\/wp-content\/uploads\/2023\/04\/cropped-cropped-cropped-Dodo-Logo.png","contentUrl":"https:\/\/dodo-inflatables.com\/wp-content\/uploads\/2023\/04\/cropped-cropped-cropped-Dodo-Logo.png","width":2996,"height":1545,"caption":"dodo-inflatables.com"},"image":{"@id":"https:\/\/dodo-inflatables.com\/ar\/#\/schema\/logo\/image\/"}}]}},"uagb_featured_image_src":{"full":false,"thumbnail":false,"medium":false,"medium_large":false,"large":false,"1536x1536":false,"2048x2048":false,"woocommerce_thumbnail":false,"woocommerce_single":false,"woocommerce_gallery_thumbnail":false},"uagb_author_info":{"display_name":"Andreas","author_link":"https:\/\/dodo-inflatables.com\/ar\/author\/andreas\/"},"uagb_comment_info":0,"uagb_excerpt":"\u0641\u064a\u0631\u0633\u0627\u0646\u062f\u0627\u0631\u062a\u0646 H\u00fcpffburgen, Rutschen &amp; Eventmodule werden mit einer Spedition versendet, dieser Versand kostet 119 \u20ac inkl. \u0645.\u0648.\u0633. Nach Zahlungseingang Nach Zahlungseingang wird deine Ware noch am gleichen oder am am n\u00e4chsten Werktag versendet. \u064a\u062a\u0645 \u062a\u0646\u0641\u064a\u0630 \u0639\u0645\u0644\u064a\u0629 \u0627\u0644\u062a\u0633\u0644\u064a\u0645 \u0641\u064a \u062f\u064a\u0631 Regel \u0641\u064a \u0646\u0637\u0627\u0642 1 &#8211; 2 Werktagen. \u062a\u0628\u0644\u063a \u062a\u0643\u0644\u0641\u0629 \u062e\u062f\u0645\u0629 Versand f\u00fcr Pakete (z. B. Gebl\u00e4se)&hellip;","_links":{"self":[{"href":"https:\/\/dodo-inflatables.com\/ar\/wp-json\/wp\/v2\/pages\/17745","targetHints":{"allow":["GET"]}}],"collection":[{"href":"https:\/\/dodo-inflatables.com\/ar\/wp-json\/wp\/v2\/pages"}],"about":[{"href":"https:\/\/dodo-inflatables.com\/ar\/wp-json\/wp\/v2\/types\/page"}],"author":[{"embeddable":true,"href":"https:\/\/dodo-inflatables.com\/ar\/wp-json\/wp\/v2\/users\/1"}],"replies":[{"embeddable":true,"href":"https:\/\/dodo-inflatables.com\/ar\/wp-json\/wp\/v2\/comments?post=17745"}],"version-history":[{"count":2,"href":"https:\/\/dodo-inflatables.com\/ar\/wp-json\/wp\/v2\/pages\/17745\/revisions"}],"predecessor-version":[{"id":17747,"href":"https:\/\/dodo-inflatables.com\/ar\/wp-json\/wp\/v2\/pages\/17745\/revisions\/17747"}],"wp:attachment":[{"href":"https:\/\/dodo-inflatables.com\/ar\/wp-json\/wp\/v2\/media?parent=17745"}],"curies":[{"name":"wp","href":"https:\/\/api.w.org\/{rel}","templated":true}]}}