{"id":20621,"date":"2022-03-01T11:02:01","date_gmt":"2022-03-01T10:02:01","guid":{"rendered":"https:\/\/dodo-inflatables.com\/product\/%d8%ad%d8%b5%d8%a7%d8%a6%d8%b1-%d9%84%d9%84%d8%ad%d9%85%d8%a7%d9%8a%d8%a9-%d9%85%d9%86-%d8%a7%d9%84%d8%b3%d9%82%d9%88%d8%b7-240-x-120-x-5-%d8%b3%d9%85\/"},"modified":"2024-07-17T15:29:50","modified_gmt":"2024-07-17T13:29:50","slug":"%d8%ad%d8%b5%d8%a7%d8%a6%d8%b1-%d9%84%d9%84%d8%ad%d9%85%d8%a7%d9%8a%d8%a9-%d9%85%d9%86-%d8%a7%d9%84%d8%b3%d9%82%d9%88%d8%b7-240-x-120-x-5-%d8%b3%d9%85","status":"publish","type":"product","link":"https:\/\/dodo-inflatables.com\/ar\/product\/%d8%ad%d8%b5%d8%a7%d8%a6%d8%b1-%d9%84%d9%84%d8%ad%d9%85%d8%a7%d9%8a%d8%a9-%d9%85%d9%86-%d8%a7%d9%84%d8%b3%d9%82%d9%88%d8%b7-240-x-120-x-5-%d8%b3%d9%85\/","title":{"rendered":"\u062d\u0635\u0627\u0626\u0631 \u0644\u0644\u062d\u0645\u0627\u064a\u0629 \u0645\u0646 \u0627\u0644\u0633\u0642\u0648\u0637 240 \u00d7 120 \u00d7 5 \u0633\u0645"},"content":{"rendered":"<h2>\u062d\u0635\u0627\u0626\u0631 \u062d\u0645\u0627\u064a\u0629 \u0627\u0644\u0642\u0644\u0639\u0629 \u0627\u0644\u0646\u0637\u0627\u0637\u0629 \u0645\u0646 \u0627\u0644\u0633\u0642\u0648\u0637<\/h2>\n<p>\u062d\u0635\u0627\u0626\u0631 \u0627\u0644\u062d\u0645\u0627\u064a\u0629 \u0645\u0646 \u0627\u0644\u0633\u0642\u0648\u0637 \u0644\u062f\u064a\u0646\u0627 \u0647\u064a \u0627\u0644\u062d\u0644 \u0627\u0644\u0623\u0645\u062b\u0644 \u0644\u062a\u0623\u0645\u064a\u0646 \u0627\u0644\u0642\u0644\u0627\u0639 \u0627\u0644\u0646\u0637\u0627\u0637\u0629 \u0628\u0634\u0643\u0644 \u0645\u062b\u0627\u0644\u064a. \u064a\u0645\u0643\u0646 \u0637\u064a \u062d\u0635\u064a\u0631\u0629 \u0627\u0644\u062d\u0645\u0627\u064a\u0629 \u0645\u0646 \u0627\u0644\u0633\u0642\u0648\u0637 \u0627\u0644\u0625\u0633\u0641\u0646\u062c\u064a\u0629 \u0627\u0644\u062e\u0641\u064a\u0641\u0629 \u0627\u0644\u0648\u0632\u0646 \u0627\u0644\u0642\u0627\u0628\u0644\u0629 \u0644\u0644\u0637\u064a \u0627\u0644\u0645\u0635\u0646\u0648\u0639\u0629 \u0645\u0646 \u0627\u0644\u0628\u0648\u0644\u064a \u0625\u064a\u062b\u064a\u0644\u064a\u0646 EPE \u062b\u0644\u0627\u062b \u0645\u0631\u0627\u062a\u060c \u0645\u0645\u0627 \u064a\u062c\u0639\u0644\u0647\u0627 \u0645\u0648\u0641\u0631\u0629 \u0644\u0644\u0645\u0633\u0627\u062d\u0629 \u0644\u0644\u062a\u062e\u0632\u064a\u0646 \u0628\u0634\u0643\u0644 \u062e\u0627\u0635. \u0639\u0646\u062f \u0641\u062a\u062d\u0647\u0627 \u062a\u0643\u0648\u0646 \u0627\u0644\u0633\u062c\u0627\u062f\u0629 \u0628\u0642\u064a\u0627\u0633 240 \u00d7 120 \u00d7 5 \u0633\u0645\u060c \u0648\u0639\u0646\u062f \u0637\u064a\u0647\u0627 \u062a\u0643\u0648\u0646 \u0628\u0642\u064a\u0627\u0633 60 \u00d7 120 \u00d7 20 \u0633\u0645 \u0641\u0642\u0637.<\/p>\n<p>\u0644\u0642\u062f \u0642\u0645\u0646\u0627 \u0628\u062a\u062d\u0633\u064a\u0646 \u0627\u0644\u062d\u0635\u0627\u0626\u0631 \u0645\u0642\u0627\u0631\u0646\u0629\u064b \u0628\u0627\u0644\u0637\u0631\u0627\u0632 \u0627\u0644\u0633\u0627\u0628\u0642. \u0627\u0644\u0644\u062d\u0627\u0645\u0627\u062a \u0627\u0644\u0622\u0646 \u0645\u0648\u062c\u0647\u0629 \u0625\u0644\u0649 \u0627\u0644\u062f\u0627\u062e\u0644\u060c \u0648\u0644\u0645 \u062a\u0639\u062f \u062a\u0633\u062a\u0642\u0631 \u0639\u0644\u0649 \u0633\u0637\u062d \u0627\u0644\u0633\u062c\u0627\u062f\u0629. \u0648\u0647\u0630\u0627 \u064a\u0645\u0646\u0639 \u0627\u062d\u062a\u0643\u0627\u0643 \u0627\u0644\u062f\u0631\u0632\u0627\u062a \u0628\u0627\u0644\u0623\u0631\u0636. \u0648\u0644\u062a\u062d\u0642\u064a\u0642 \u0623\u0642\u0635\u0649 \u062f\u0631\u062c\u0627\u062a \u0627\u0644\u0623\u0645\u0627\u0646\u060c \u0646\u062a\u0639\u0645\u062f \u062d\u0630\u0641 \u0627\u0644\u062d\u0644\u0642\u0627\u062a \u0627\u0644\u064a\u062f\u0648\u064a\u0629 \u0644\u062a\u0642\u0644\u064a\u0644 \u0645\u062e\u0627\u0637\u0631 \u0627\u0644\u062a\u0639\u062b\u0631.<\/p>\n<p><strong>\u062a\u0641\u0627\u0635\u064a\u0644 \u062d\u0635\u064a\u0631\u0629 \u0627\u0644\u062d\u0645\u0627\u064a\u0629 \u0645\u0646 \u0627\u0644\u0633\u0642\u0648\u0637<\/strong><\/p>\n<ul>\n<li>\u0623\u0628\u0639\u0627\u062f \u0645\u0641\u062a\u0648\u062d\u0629: 240 \u00d7 120 \u00d7 5 \u00d7 120 \u00d7 5 \u0633\u0645<\/li>\n<li>\u0623\u0628\u0639\u0627\u062f \u0645\u0637\u0648\u064a\u0629: 60 \u00d7 120 \u00d7 20 \u0633\u0645<\/li>\n<li>\u0627\u0644\u062e\u0627\u0645\u0629: \u0631\u063a\u0648\u0629 EPE RG 18<\/li>\n<li>\u0645\u0627\u062f\u0629 \u0627\u0644\u063a\u0637\u0627\u0621: \u0642\u0645\u0627\u0634 \u0645\u0634\u0645\u0639 \u0645\u063a\u0637\u0649 \u0628\u0627\u0644\u0628\u0648\u0644\u064a \u064a\u0648\u0631\u064a\u062b\u0627\u0646 \u0628\u0633\u0645\u0627\u0643\u0629 0.6 \u0645\u0645<\/li>\n<li>\u0627\u0644\u0648\u0632\u0646: 5.4 \u0643\u062c\u0645<\/li>\n<\/ul>\n","protected":false},"excerpt":{"rendered":"<ul>\n<li>\u062d\u0635\u064a\u0631\u0629 \u062d\u0645\u0627\u064a\u0629 \u0627\u0644\u0642\u0644\u0639\u0629 \u0627\u0644\u0646\u0637\u0627\u0637\u0629 \u0645\u0646 \u0627\u0644\u0633\u0642\u0648\u0637<\/li>\n<li>\u0623\u0628\u0639\u0627\u062f \u0645\u0641\u062a\u0648\u062d\u0629: 240 \u00d7 120 \u00d7 5 \u00d7 120 \u00d7 5 \u0633\u0645<\/li>\n<li>\u0642\u0627\u0628\u0644\u0629 \u0644\u0644\u0637\u064a \u062b\u0644\u0627\u062b \u0645\u0631\u0627\u062a<\/li>\n<li>\u0634\u0631\u0627\u0626\u0637 \u0641\u064a\u0644\u0643\u0631\u0648 \u0639\u0644\u0649 \u062c\u0645\u064a\u0639 \u0627\u0644\u0632\u0648\u0627\u064a\u0627 \u0627\u0644\u0623\u0631\u0628\u0639<\/li>\n<\/ul>\n","protected":false},"featured_media":20622,"comment_status":"open","ping_status":"closed","template":"","meta":{"_acf_changed":false,"_uag_custom_page_level_css":"","site-sidebar-layout":"default","site-content-layout":"boxed-container","ast-site-content-layout":"normal-width-container","site-content-style":"boxed","site-sidebar-style":"boxed","ast-global-header-display":"","ast-banner-title-visibility":"","ast-main-header-display":"","ast-hfb-above-header-display":"","ast-hfb-below-header-display":"","ast-hfb-mobile-header-display":"","site-post-title":"disabled","ast-breadcrumbs-content":"","ast-featured-img":"","footer-sml-layout":"","ast-disable-related-posts":"","theme-transparent-header-meta":"default","adv-header-id-meta":"","stick-header-meta":"default","header-above-stick-meta":"","header-main-stick-meta":"","header-below-stick-meta":"","astra-migrate-meta-layouts":"default","ast-page-background-enabled":"default","ast-page-background-meta":{"desktop":{"background-color":"var(--ast-global-color-4)","background-image":"","background-repeat":"repeat","background-position":"center center","background-size":"auto","background-attachment":"scroll","background-type":"","background-media":"","overlay-type":"","overlay-color":"","overlay-opacity":"","overlay-gradient":""},"tablet":{"background-color":"","background-image":"","background-repeat":"repeat","background-position":"center center","background-size":"auto","background-attachment":"scroll","background-type":"","background-media":"","overlay-type":"","overlay-color":"","overlay-opacity":"","overlay-gradient":""},"mobile":{"background-color":"","background-image":"","background-repeat":"repeat","background-position":"center center","background-size":"auto","background-attachment":"scroll","background-type":"","background-media":"","overlay-type":"","overlay-color":"","overlay-opacity":"","overlay-gradient":""}},"ast-content-background-meta":{"desktop":{"background-color":"var(--ast-global-color-5)","background-image":"","background-repeat":"repeat","background-position":"center center","background-size":"auto","background-attachment":"scroll","background-type":"","background-media":"","overlay-type":"","overlay-color":"","overlay-opacity":"","overlay-gradient":""},"tablet":{"background-color":"var(--ast-global-color-5)","background-image":"","background-repeat":"repeat","background-position":"center center","background-size":"auto","background-attachment":"scroll","background-type":"","background-media":"","overlay-type":"","overlay-color":"","overlay-opacity":"","overlay-gradient":""},"mobile":{"background-color":"var(--ast-global-color-5)","background-image":"","background-repeat":"repeat","background-position":"center center","background-size":"auto","background-attachment":"scroll","background-type":"","background-media":"","overlay-type":"","overlay-color":"","overlay-opacity":"","overlay-gradient":""}}},"product_brand":[],"product_cat":[2070],"product_tag":[],"class_list":{"0":"post-20621","1":"product","2":"type-product","3":"status-publish","4":"has-post-thumbnail","6":"product_cat-2070","7":"product_shipping_class-2072","8":"desktop-align-center","9":"tablet-align-center","10":"mobile-align-center","11":"ast-product-gallery-layout-horizontal","12":"ast-product-gallery-with-no-image","13":"ast-product-tabs-layout-horizontal","15":"first","16":"instock","17":"taxable","18":"shipping-taxable","19":"purchasable","20":"product-type-simple"},"acf":[],"yoast_head":"<!-- This site is optimized with the Yoast SEO plugin v27.4 - https:\/\/yoast.com\/product\/yoast-seo-wordpress\/ -->\n<title>\u062d\u0635\u0627\u0626\u0631 \u0627\u0644\u062d\u0645\u0627\u064a\u0629 \u0645\u0646 \u0627\u0644\u0633\u0642\u0648\u0637 \u0644\u0644\u0642\u0644\u0627\u0639 \u0627\u0644\u0646\u0637\u0627\u0637\u0629 | \u062f\u0648\u062f\u0648-\u0627\u0644\u0645\u0637\u0627\u0637\u064a\u0629<\/title>\n<meta name=\"description\" content=\"\u0627\u0634\u062a\u0631\u0650 \u062d\u0635\u0627\u0626\u0631 \u0627\u0644\u062d\u0645\u0627\u064a\u0629 \u0645\u0646 \u0627\u0644\u0633\u0642\u0648\u0637 \u0627\u0644\u0642\u0627\u0628\u0644\u0629 \u0644\u0644\u0637\u064a \u0644\u0644\u0642\u0644\u0627\u0639 \u0627\u0644\u0646\u0637\u0627\u0637\u0629 \u0645\u0646 Dodo-Inflatables.com | \u0645\u0639\u062a\u0645\u062f\u0629 \u0648\u0641\u0642\u064b\u0627 \u0644\u0644\u0645\u0648\u0627\u0635\u0641\u0629 EN14960 | \u062a\u0648\u0635\u064a\u0644 \u0633\u0631\u064a\u0639!\" \/>\n<meta name=\"robots\" content=\"index, follow, max-snippet:-1, max-image-preview:large, max-video-preview:-1\" \/>\n<link rel=\"canonical\" href=\"https:\/\/dodo-inflatables.com\/ar\/product\/%d8%ad%d8%b5%d8%a7%d8%a6%d8%b1-%d9%84%d9%84%d8%ad%d9%85%d8%a7%d9%8a%d8%a9-%d9%85%d9%86-%d8%a7%d9%84%d8%b3%d9%82%d9%88%d8%b7-240-x-120-x-5-%d8%b3%d9%85\/\" \/>\n<script type=\"application\/ld+json\" class=\"yoast-schema-graph\">{\"@context\":\"https:\\\/\\\/schema.org\",\"@graph\":[{\"@type\":\"WebPage\",\"@id\":\"https:\\\/\\\/dodo-inflatables.com\\\/ar\\\/product\\\/%d8%ad%d8%b5%d8%a7%d8%a6%d8%b1-%d9%84%d9%84%d8%ad%d9%85%d8%a7%d9%8a%d8%a9-%d9%85%d9%86-%d8%a7%d9%84%d8%b3%d9%82%d9%88%d8%b7-240-x-120-x-5-%d8%b3%d9%85\\\/\",\"url\":\"https:\\\/\\\/dodo-inflatables.com\\\/ar\\\/product\\\/%d8%ad%d8%b5%d8%a7%d8%a6%d8%b1-%d9%84%d9%84%d8%ad%d9%85%d8%a7%d9%8a%d8%a9-%d9%85%d9%86-%d8%a7%d9%84%d8%b3%d9%82%d9%88%d8%b7-240-x-120-x-5-%d8%b3%d9%85\\\/\",\"name\":\"\u062d\u0635\u0627\u0626\u0631 \u0627\u0644\u062d\u0645\u0627\u064a\u0629 \u0645\u0646 \u0627\u0644\u0633\u0642\u0648\u0637 \u0644\u0644\u0642\u0644\u0627\u0639 \u0627\u0644\u0646\u0637\u0627\u0637\u0629 | \u062f\u0648\u062f\u0648-\u0627\u0644\u0645\u0637\u0627\u0637\u064a\u0629\",\"isPartOf\":{\"@id\":\"https:\\\/\\\/dodo-inflatables.com\\\/ar\\\/#website\"},\"primaryImageOfPage\":{\"@id\":\"https:\\\/\\\/dodo-inflatables.com\\\/ar\\\/product\\\/%d8%ad%d8%b5%d8%a7%d8%a6%d8%b1-%d9%84%d9%84%d8%ad%d9%85%d8%a7%d9%8a%d8%a9-%d9%85%d9%86-%d8%a7%d9%84%d8%b3%d9%82%d9%88%d8%b7-240-x-120-x-5-%d8%b3%d9%85\\\/#primaryimage\"},\"image\":{\"@id\":\"https:\\\/\\\/dodo-inflatables.com\\\/ar\\\/product\\\/%d8%ad%d8%b5%d8%a7%d8%a6%d8%b1-%d9%84%d9%84%d8%ad%d9%85%d8%a7%d9%8a%d8%a9-%d9%85%d9%86-%d8%a7%d9%84%d8%b3%d9%82%d9%88%d8%b7-240-x-120-x-5-%d8%b3%d9%85\\\/#primaryimage\"},\"thumbnailUrl\":\"https:\\\/\\\/dodo-inflatables.com\\\/wp-content\\\/uploads\\\/2022\\\/03\\\/Fallschutzmatten-Huepfburg-kaufen-1.jpg\",\"datePublished\":\"2022-03-01T10:02:01+00:00\",\"dateModified\":\"2024-07-17T13:29:50+00:00\",\"description\":\"\u0627\u0634\u062a\u0631\u0650 \u062d\u0635\u0627\u0626\u0631 \u0627\u0644\u062d\u0645\u0627\u064a\u0629 \u0645\u0646 \u0627\u0644\u0633\u0642\u0648\u0637 \u0627\u0644\u0642\u0627\u0628\u0644\u0629 \u0644\u0644\u0637\u064a \u0644\u0644\u0642\u0644\u0627\u0639 \u0627\u0644\u0646\u0637\u0627\u0637\u0629 \u0645\u0646 Dodo-Inflatables.com | \u0645\u0639\u062a\u0645\u062f\u0629 \u0648\u0641\u0642\u064b\u0627 \u0644\u0644\u0645\u0648\u0627\u0635\u0641\u0629 EN14960 | \u062a\u0648\u0635\u064a\u0644 \u0633\u0631\u064a\u0639!\",\"breadcrumb\":{\"@id\":\"https:\\\/\\\/dodo-inflatables.com\\\/ar\\\/product\\\/%d8%ad%d8%b5%d8%a7%d8%a6%d8%b1-%d9%84%d9%84%d8%ad%d9%85%d8%a7%d9%8a%d8%a9-%d9%85%d9%86-%d8%a7%d9%84%d8%b3%d9%82%d9%88%d8%b7-240-x-120-x-5-%d8%b3%d9%85\\\/#breadcrumb\"},\"inLanguage\":\"ar\",\"potentialAction\":[{\"@type\":\"ReadAction\",\"target\":[\"https:\\\/\\\/dodo-inflatables.com\\\/ar\\\/product\\\/%d8%ad%d8%b5%d8%a7%d8%a6%d8%b1-%d9%84%d9%84%d8%ad%d9%85%d8%a7%d9%8a%d8%a9-%d9%85%d9%86-%d8%a7%d9%84%d8%b3%d9%82%d9%88%d8%b7-240-x-120-x-5-%d8%b3%d9%85\\\/\"]}]},{\"@type\":\"ImageObject\",\"inLanguage\":\"ar\",\"@id\":\"https:\\\/\\\/dodo-inflatables.com\\\/ar\\\/product\\\/%d8%ad%d8%b5%d8%a7%d8%a6%d8%b1-%d9%84%d9%84%d8%ad%d9%85%d8%a7%d9%8a%d8%a9-%d9%85%d9%86-%d8%a7%d9%84%d8%b3%d9%82%d9%88%d8%b7-240-x-120-x-5-%d8%b3%d9%85\\\/#primaryimage\",\"url\":\"https:\\\/\\\/dodo-inflatables.com\\\/wp-content\\\/uploads\\\/2022\\\/03\\\/Fallschutzmatten-Huepfburg-kaufen-1.jpg\",\"contentUrl\":\"https:\\\/\\\/dodo-inflatables.com\\\/wp-content\\\/uploads\\\/2022\\\/03\\\/Fallschutzmatten-Huepfburg-kaufen-1.jpg\",\"width\":1000,\"height\":1000},{\"@type\":\"BreadcrumbList\",\"@id\":\"https:\\\/\\\/dodo-inflatables.com\\\/ar\\\/product\\\/%d8%ad%d8%b5%d8%a7%d8%a6%d8%b1-%d9%84%d9%84%d8%ad%d9%85%d8%a7%d9%8a%d8%a9-%d9%85%d9%86-%d8%a7%d9%84%d8%b3%d9%82%d9%88%d8%b7-240-x-120-x-5-%d8%b3%d9%85\\\/#breadcrumb\",\"itemListElement\":[{\"@type\":\"ListItem\",\"position\":1,\"name\":\"\u0627\u0644\u0631\u0626\u064a\u0633\u064a\u0629\",\"item\":\"https:\\\/\\\/dodo-inflatables.com\\\/ar\\\/\"},{\"@type\":\"ListItem\",\"position\":2,\"name\":\"\u0627\u0644\u0645\u062a\u062c\u0631\",\"item\":\"https:\\\/\\\/dodo-inflatables.com\\\/ar\\\/?page_id=16806\"},{\"@type\":\"ListItem\",\"position\":3,\"name\":\"\u062d\u0635\u0627\u0626\u0631 \u0644\u0644\u062d\u0645\u0627\u064a\u0629 \u0645\u0646 \u0627\u0644\u0633\u0642\u0648\u0637 240 \u00d7 120 \u00d7 5 \u0633\u0645\"}]},{\"@type\":\"WebSite\",\"@id\":\"https:\\\/\\\/dodo-inflatables.com\\\/ar\\\/#website\",\"url\":\"https:\\\/\\\/dodo-inflatables.com\\\/ar\\\/\",\"name\":\"dodo-inflatables.com\",\"description\":\"\u0642\u0645 \u0628\u0634\u0631\u0627\u0621 \u0627\u0644\u0642\u0644\u0627\u0639 \u0627\u0644\u0646\u0637\u0627\u0637\u0629 \u0648\u0627\u0644\u0623\u0644\u0639\u0627\u0628 \u0627\u0644\u062a\u0631\u0641\u064a\u0647\u064a\u0629 \u0641\u064a \u0645\u062a\u062c\u0631\u0646\u0627.\",\"publisher\":{\"@id\":\"https:\\\/\\\/dodo-inflatables.com\\\/ar\\\/#organization\"},\"potentialAction\":[{\"@type\":\"SearchAction\",\"target\":{\"@type\":\"EntryPoint\",\"urlTemplate\":\"https:\\\/\\\/dodo-inflatables.com\\\/ar\\\/?s={search_term_string}\"},\"query-input\":{\"@type\":\"PropertyValueSpecification\",\"valueRequired\":true,\"valueName\":\"search_term_string\"}}],\"inLanguage\":\"ar\"},{\"@type\":\"Organization\",\"@id\":\"https:\\\/\\\/dodo-inflatables.com\\\/ar\\\/#organization\",\"name\":\"dodo-inflatables.com\",\"url\":\"https:\\\/\\\/dodo-inflatables.com\\\/ar\\\/\",\"logo\":{\"@type\":\"ImageObject\",\"inLanguage\":\"ar\",\"@id\":\"https:\\\/\\\/dodo-inflatables.com\\\/ar\\\/#\\\/schema\\\/logo\\\/image\\\/\",\"url\":\"https:\\\/\\\/dodo-inflatables.com\\\/wp-content\\\/uploads\\\/2023\\\/04\\\/cropped-cropped-cropped-Dodo-Logo.png\",\"contentUrl\":\"https:\\\/\\\/dodo-inflatables.com\\\/wp-content\\\/uploads\\\/2023\\\/04\\\/cropped-cropped-cropped-Dodo-Logo.png\",\"width\":2996,\"height\":1545,\"caption\":\"dodo-inflatables.com\"},\"image\":{\"@id\":\"https:\\\/\\\/dodo-inflatables.com\\\/ar\\\/#\\\/schema\\\/logo\\\/image\\\/\"}}]}<\/script>\n<!-- \/ Yoast SEO plugin. -->","yoast_head_json":{"title":"\u062d\u0635\u0627\u0626\u0631 \u0627\u0644\u062d\u0645\u0627\u064a\u0629 \u0645\u0646 \u0627\u0644\u0633\u0642\u0648\u0637 \u0644\u0644\u0642\u0644\u0627\u0639 \u0627\u0644\u0646\u0637\u0627\u0637\u0629 | \u062f\u0648\u062f\u0648-\u0627\u0644\u0645\u0637\u0627\u0637\u064a\u0629","description":"\u0627\u0634\u062a\u0631\u0650 \u062d\u0635\u0627\u0626\u0631 \u0627\u0644\u062d\u0645\u0627\u064a\u0629 \u0645\u0646 \u0627\u0644\u0633\u0642\u0648\u0637 \u0627\u0644\u0642\u0627\u0628\u0644\u0629 \u0644\u0644\u0637\u064a \u0644\u0644\u0642\u0644\u0627\u0639 \u0627\u0644\u0646\u0637\u0627\u0637\u0629 \u0645\u0646 Dodo-Inflatables.com | \u0645\u0639\u062a\u0645\u062f\u0629 \u0648\u0641\u0642\u064b\u0627 \u0644\u0644\u0645\u0648\u0627\u0635\u0641\u0629 EN14960 | \u062a\u0648\u0635\u064a\u0644 \u0633\u0631\u064a\u0639!","robots":{"index":"index","follow":"follow","max-snippet":"max-snippet:-1","max-image-preview":"max-image-preview:large","max-video-preview":"max-video-preview:-1"},"canonical":"https:\/\/dodo-inflatables.com\/ar\/product\/%d8%ad%d8%b5%d8%a7%d8%a6%d8%b1-%d9%84%d9%84%d8%ad%d9%85%d8%a7%d9%8a%d8%a9-%d9%85%d9%86-%d8%a7%d9%84%d8%b3%d9%82%d9%88%d8%b7-240-x-120-x-5-%d8%b3%d9%85\/","schema":{"@context":"https:\/\/schema.org","@graph":[{"@type":"WebPage","@id":"https:\/\/dodo-inflatables.com\/ar\/product\/%d8%ad%d8%b5%d8%a7%d8%a6%d8%b1-%d9%84%d9%84%d8%ad%d9%85%d8%a7%d9%8a%d8%a9-%d9%85%d9%86-%d8%a7%d9%84%d8%b3%d9%82%d9%88%d8%b7-240-x-120-x-5-%d8%b3%d9%85\/","url":"https:\/\/dodo-inflatables.com\/ar\/product\/%d8%ad%d8%b5%d8%a7%d8%a6%d8%b1-%d9%84%d9%84%d8%ad%d9%85%d8%a7%d9%8a%d8%a9-%d9%85%d9%86-%d8%a7%d9%84%d8%b3%d9%82%d9%88%d8%b7-240-x-120-x-5-%d8%b3%d9%85\/","name":"\u062d\u0635\u0627\u0626\u0631 \u0627\u0644\u062d\u0645\u0627\u064a\u0629 \u0645\u0646 \u0627\u0644\u0633\u0642\u0648\u0637 \u0644\u0644\u0642\u0644\u0627\u0639 \u0627\u0644\u0646\u0637\u0627\u0637\u0629 | \u062f\u0648\u062f\u0648-\u0627\u0644\u0645\u0637\u0627\u0637\u064a\u0629","isPartOf":{"@id":"https:\/\/dodo-inflatables.com\/ar\/#website"},"primaryImageOfPage":{"@id":"https:\/\/dodo-inflatables.com\/ar\/product\/%d8%ad%d8%b5%d8%a7%d8%a6%d8%b1-%d9%84%d9%84%d8%ad%d9%85%d8%a7%d9%8a%d8%a9-%d9%85%d9%86-%d8%a7%d9%84%d8%b3%d9%82%d9%88%d8%b7-240-x-120-x-5-%d8%b3%d9%85\/#primaryimage"},"image":{"@id":"https:\/\/dodo-inflatables.com\/ar\/product\/%d8%ad%d8%b5%d8%a7%d8%a6%d8%b1-%d9%84%d9%84%d8%ad%d9%85%d8%a7%d9%8a%d8%a9-%d9%85%d9%86-%d8%a7%d9%84%d8%b3%d9%82%d9%88%d8%b7-240-x-120-x-5-%d8%b3%d9%85\/#primaryimage"},"thumbnailUrl":"https:\/\/dodo-inflatables.com\/wp-content\/uploads\/2022\/03\/Fallschutzmatten-Huepfburg-kaufen-1.jpg","datePublished":"2022-03-01T10:02:01+00:00","dateModified":"2024-07-17T13:29:50+00:00","description":"\u0627\u0634\u062a\u0631\u0650 \u062d\u0635\u0627\u0626\u0631 \u0627\u0644\u062d\u0645\u0627\u064a\u0629 \u0645\u0646 \u0627\u0644\u0633\u0642\u0648\u0637 \u0627\u0644\u0642\u0627\u0628\u0644\u0629 \u0644\u0644\u0637\u064a \u0644\u0644\u0642\u0644\u0627\u0639 \u0627\u0644\u0646\u0637\u0627\u0637\u0629 \u0645\u0646 Dodo-Inflatables.com | \u0645\u0639\u062a\u0645\u062f\u0629 \u0648\u0641\u0642\u064b\u0627 \u0644\u0644\u0645\u0648\u0627\u0635\u0641\u0629 EN14960 | \u062a\u0648\u0635\u064a\u0644 \u0633\u0631\u064a\u0639!","breadcrumb":{"@id":"https:\/\/dodo-inflatables.com\/ar\/product\/%d8%ad%d8%b5%d8%a7%d8%a6%d8%b1-%d9%84%d9%84%d8%ad%d9%85%d8%a7%d9%8a%d8%a9-%d9%85%d9%86-%d8%a7%d9%84%d8%b3%d9%82%d9%88%d8%b7-240-x-120-x-5-%d8%b3%d9%85\/#breadcrumb"},"inLanguage":"ar","potentialAction":[{"@type":"ReadAction","target":["https:\/\/dodo-inflatables.com\/ar\/product\/%d8%ad%d8%b5%d8%a7%d8%a6%d8%b1-%d9%84%d9%84%d8%ad%d9%85%d8%a7%d9%8a%d8%a9-%d9%85%d9%86-%d8%a7%d9%84%d8%b3%d9%82%d9%88%d8%b7-240-x-120-x-5-%d8%b3%d9%85\/"]}]},{"@type":"ImageObject","inLanguage":"ar","@id":"https:\/\/dodo-inflatables.com\/ar\/product\/%d8%ad%d8%b5%d8%a7%d8%a6%d8%b1-%d9%84%d9%84%d8%ad%d9%85%d8%a7%d9%8a%d8%a9-%d9%85%d9%86-%d8%a7%d9%84%d8%b3%d9%82%d9%88%d8%b7-240-x-120-x-5-%d8%b3%d9%85\/#primaryimage","url":"https:\/\/dodo-inflatables.com\/wp-content\/uploads\/2022\/03\/Fallschutzmatten-Huepfburg-kaufen-1.jpg","contentUrl":"https:\/\/dodo-inflatables.com\/wp-content\/uploads\/2022\/03\/Fallschutzmatten-Huepfburg-kaufen-1.jpg","width":1000,"height":1000},{"@type":"BreadcrumbList","@id":"https:\/\/dodo-inflatables.com\/ar\/product\/%d8%ad%d8%b5%d8%a7%d8%a6%d8%b1-%d9%84%d9%84%d8%ad%d9%85%d8%a7%d9%8a%d8%a9-%d9%85%d9%86-%d8%a7%d9%84%d8%b3%d9%82%d9%88%d8%b7-240-x-120-x-5-%d8%b3%d9%85\/#breadcrumb","itemListElement":[{"@type":"ListItem","position":1,"name":"\u0627\u0644\u0631\u0626\u064a\u0633\u064a\u0629","item":"https:\/\/dodo-inflatables.com\/ar\/"},{"@type":"ListItem","position":2,"name":"\u0627\u0644\u0645\u062a\u062c\u0631","item":"https:\/\/dodo-inflatables.com\/ar\/?page_id=16806"},{"@type":"ListItem","position":3,"name":"\u062d\u0635\u0627\u0626\u0631 \u0644\u0644\u062d\u0645\u0627\u064a\u0629 \u0645\u0646 \u0627\u0644\u0633\u0642\u0648\u0637 240 \u00d7 120 \u00d7 5 \u0633\u0645"}]},{"@type":"WebSite","@id":"https:\/\/dodo-inflatables.com\/ar\/#website","url":"https:\/\/dodo-inflatables.com\/ar\/","name":"dodo-inflatables.com","description":"\u0642\u0645 \u0628\u0634\u0631\u0627\u0621 \u0627\u0644\u0642\u0644\u0627\u0639 \u0627\u0644\u0646\u0637\u0627\u0637\u0629 \u0648\u0627\u0644\u0623\u0644\u0639\u0627\u0628 \u0627\u0644\u062a\u0631\u0641\u064a\u0647\u064a\u0629 \u0641\u064a \u0645\u062a\u062c\u0631\u0646\u0627.","publisher":{"@id":"https:\/\/dodo-inflatables.com\/ar\/#organization"},"potentialAction":[{"@type":"SearchAction","target":{"@type":"EntryPoint","urlTemplate":"https:\/\/dodo-inflatables.com\/ar\/?s={search_term_string}"},"query-input":{"@type":"PropertyValueSpecification","valueRequired":true,"valueName":"search_term_string"}}],"inLanguage":"ar"},{"@type":"Organization","@id":"https:\/\/dodo-inflatables.com\/ar\/#organization","name":"dodo-inflatables.com","url":"https:\/\/dodo-inflatables.com\/ar\/","logo":{"@type":"ImageObject","inLanguage":"ar","@id":"https:\/\/dodo-inflatables.com\/ar\/#\/schema\/logo\/image\/","url":"https:\/\/dodo-inflatables.com\/wp-content\/uploads\/2023\/04\/cropped-cropped-cropped-Dodo-Logo.png","contentUrl":"https:\/\/dodo-inflatables.com\/wp-content\/uploads\/2023\/04\/cropped-cropped-cropped-Dodo-Logo.png","width":2996,"height":1545,"caption":"dodo-inflatables.com"},"image":{"@id":"https:\/\/dodo-inflatables.com\/ar\/#\/schema\/logo\/image\/"}}]}},"uagb_featured_image_src":{"full":["https:\/\/dodo-inflatables.com\/wp-content\/uploads\/2022\/03\/Fallschutzmatten-Huepfburg-kaufen-1.jpg",1000,1000,false],"thumbnail":["https:\/\/dodo-inflatables.com\/wp-content\/uploads\/2022\/03\/Fallschutzmatten-Huepfburg-kaufen-1-150x150.jpg",150,150,true],"medium":["https:\/\/dodo-inflatables.com\/wp-content\/uploads\/2022\/03\/Fallschutzmatten-Huepfburg-kaufen-1-300x300.jpg",300,300,true],"medium_large":["https:\/\/dodo-inflatables.com\/wp-content\/uploads\/2022\/03\/Fallschutzmatten-Huepfburg-kaufen-1-768x768.jpg",768,768,true],"large":["https:\/\/dodo-inflatables.com\/wp-content\/uploads\/2022\/03\/Fallschutzmatten-Huepfburg-kaufen-1.jpg",1000,1000,false],"1536x1536":["https:\/\/dodo-inflatables.com\/wp-content\/uploads\/2022\/03\/Fallschutzmatten-Huepfburg-kaufen-1.jpg",1000,1000,false],"2048x2048":["https:\/\/dodo-inflatables.com\/wp-content\/uploads\/2022\/03\/Fallschutzmatten-Huepfburg-kaufen-1.jpg",1000,1000,false],"woocommerce_thumbnail":["https:\/\/dodo-inflatables.com\/wp-content\/uploads\/2022\/03\/Fallschutzmatten-Huepfburg-kaufen-1-900x900.jpg",900,900,true],"woocommerce_single":["https:\/\/dodo-inflatables.com\/wp-content\/uploads\/2022\/03\/Fallschutzmatten-Huepfburg-kaufen-1-900x900.jpg",900,900,true],"woocommerce_gallery_thumbnail":["https:\/\/dodo-inflatables.com\/wp-content\/uploads\/2022\/03\/Fallschutzmatten-Huepfburg-kaufen-1-100x100.jpg",100,100,true]},"uagb_author_info":{"display_name":"Andreas","author_link":"https:\/\/dodo-inflatables.com\/ar\/author\/"},"uagb_comment_info":0,"uagb_excerpt":"\u062d\u0635\u064a\u0631\u0629 \u062d\u0645\u0627\u064a\u0629 \u0627\u0644\u0642\u0644\u0639\u0629 \u0627\u0644\u0646\u0637\u0627\u0637\u0629 \u0645\u0646 \u0627\u0644\u0633\u0642\u0648\u0637 \u0623\u0628\u0639\u0627\u062f \u0645\u0641\u062a\u0648\u062d\u0629: 240 \u00d7 120 \u00d7 5 \u00d7 120 \u00d7 5 \u0633\u0645 \u0642\u0627\u0628\u0644\u0629 \u0644\u0644\u0637\u064a \u062b\u0644\u0627\u062b \u0645\u0631\u0627\u062a \u0634\u0631\u0627\u0626\u0637 \u0641\u064a\u0644\u0643\u0631\u0648 \u0639\u0644\u0649 \u062c\u0645\u064a\u0639 \u0627\u0644\u0632\u0648\u0627\u064a\u0627 \u0627\u0644\u0623\u0631\u0628\u0639","_links":{"self":[{"href":"https:\/\/dodo-inflatables.com\/ar\/wp-json\/wp\/v2\/product\/20621","targetHints":{"allow":["GET"]}}],"collection":[{"href":"https:\/\/dodo-inflatables.com\/ar\/wp-json\/wp\/v2\/product"}],"about":[{"href":"https:\/\/dodo-inflatables.com\/ar\/wp-json\/wp\/v2\/types\/product"}],"replies":[{"embeddable":true,"href":"https:\/\/dodo-inflatables.com\/ar\/wp-json\/wp\/v2\/comments?post=20621"}],"wp:featuredmedia":[{"embeddable":true,"href":"https:\/\/dodo-inflatables.com\/ar\/wp-json\/wp\/v2\/media\/20622"}],"wp:attachment":[{"href":"https:\/\/dodo-inflatables.com\/ar\/wp-json\/wp\/v2\/media?parent=20621"}],"wp:term":[{"taxonomy":"product_brand","embeddable":true,"href":"https:\/\/dodo-inflatables.com\/ar\/wp-json\/wp\/v2\/product_brand?post=20621"},{"taxonomy":"product_cat","embeddable":true,"href":"https:\/\/dodo-inflatables.com\/ar\/wp-json\/wp\/v2\/product_cat?post=20621"},{"taxonomy":"product_tag","embeddable":true,"href":"https:\/\/dodo-inflatables.com\/ar\/wp-json\/wp\/v2\/product_tag?post=20621"}],"curies":[{"name":"wp","href":"https:\/\/api.w.org\/{rel}","templated":true}]}}