{"id":12237,"date":"2024-03-01T20:02:30","date_gmt":"2024-03-01T19:02:30","guid":{"rendered":"https:\/\/dodo-inflatables.com\/nakup-nafukovacich-skluzavek-a-skakacich-hradu-ve-velke-britanii\/"},"modified":"2024-07-10T13:52:06","modified_gmt":"2024-07-10T11:52:06","slug":"nakup-nafukovacich-skluzavek-a-skakacich-hradu-ve-velke-britanii","status":"publish","type":"page","link":"https:\/\/dodo-inflatables.com\/cs\/nakup-nafukovacich-skluzavek-a-skakacich-hradu-ve-velke-britanii\/","title":{"rendered":"N\u00e1kup nafukovac\u00edch skluzavek a sk\u00e1kac\u00edch hrad\u016f ve Velk\u00e9 Brit\u00e1nii"},"content":{"rendered":"\n<h2 class=\"wp-block-heading has-text-align-center\">N\u00e1kup nafukovac\u00edch skluzavek a sk\u00e1kac\u00edch hrad\u016f ve Velk\u00e9 Brit\u00e1nii<\/h2>\n\n<figure class=\"wp-block-image aligncenter size-large\"><a href=\"https:\/\/dodo-inflatables.com\/wp-content\/uploads\/2022\/01\/seperator-kleiner.png\"><img loading=\"lazy\" decoding=\"async\" width=\"1024\" height=\"102\" src=\"https:\/\/dodo-inflatables.com\/wp-content\/uploads\/2022\/01\/seperator-kleiner-1024x102.png\" alt=\"\" class=\"wp-image-4026\" srcset=\"https:\/\/dodo-inflatables.com\/wp-content\/uploads\/2022\/01\/seperator-kleiner-1024x102.png 1024w, https:\/\/dodo-inflatables.com\/wp-content\/uploads\/2022\/01\/seperator-kleiner-900x90.png 900w, https:\/\/dodo-inflatables.com\/wp-content\/uploads\/2022\/01\/seperator-kleiner-300x30.png 300w, https:\/\/dodo-inflatables.com\/wp-content\/uploads\/2022\/01\/seperator-kleiner-768x77.png 768w, https:\/\/dodo-inflatables.com\/wp-content\/uploads\/2022\/01\/seperator-kleiner-1536x154.png 1536w, https:\/\/dodo-inflatables.com\/wp-content\/uploads\/2022\/01\/seperator-kleiner-340x34.png 340w, https:\/\/dodo-inflatables.com\/wp-content\/uploads\/2022\/01\/seperator-kleiner.png 2000w\" sizes=\"auto, (max-width: 1024px) 100vw, 1024px\" \/><\/a><\/figure>\n\n<h3 class=\"wp-block-heading has-text-align-center\">V\u00edtejte na Dodo-Inflatables.com &#8211; na\u0161em internetov\u00e9m obchod\u011b s nafukovac\u00edmi atrakcemi v Evrop\u011b!<\/h3>\n\n<div style=\"height:45px\" aria-hidden=\"true\" class=\"wp-block-spacer\"><\/div>\n\n<p style=\"font-size:17px\">Pono\u0159te se do na\u0161\u00ed \u0161irok\u00e9 nab\u00eddky vysoce kvalitn\u00edch nafukovac\u00edch atrakc\u00ed, <a href=\"https:\/\/dodo-inflatables.com\/cs\/kategorie-produktu\/bouncy-castles-cs\/\" data-type=\"link\" data-id=\"https:\/\/dodo-inflatables.com\/product-category\/bouncy-castles\/\">nafukovac\u00edch hrad\u016f<\/a> a <a href=\"https:\/\/dodo-inflatables.com\/cs\/kategorie-produktu\/slides-cs\/\" data-type=\"link\" data-id=\"https:\/\/dodo-inflatables.com\/product-category\/slides\/\">skluzavek<\/a>, kter\u00e9 dodaj\u00ed ka\u017ed\u00e9 p\u0159\u00edle\u017eitosti n\u011bco nav\u00edc. A\u0165 u\u017e hled\u00e1te velk\u00fd sk\u00e1kac\u00ed hrad na firemn\u00ed akci, mal\u00fd sk\u00e1kac\u00ed hrad na d\u011btskou narozeninovou oslavu nebo sk\u00e1kac\u00ed hrad se skluzavkou na letn\u00ed p\u00e1rty, u n\u00e1s si zaru\u010den\u011b vyberete!<\/p>\n\n<p style=\"font-size:17px\">N\u00e1\u0161 sortiment zahrnuje nejen r\u016fzn\u00e9 sk\u00e1kac\u00ed hrady, ale tak\u00e9 \u0161irokou \u0161k\u00e1lu <a href=\"https:\/\/dodo-inflatables.com\/cs\/kategorie-produktu\/prislusenstvi\/\" data-type=\"link\" data-id=\"https:\/\/dodo-inflatables.com\/product-category\/accessories\/\">p\u0159\u00edslu\u0161enstv\u00ed<\/a>, v\u010detn\u011b fouka\u010dek <a href=\"https:\/\/dodo-inflatables.com\/cs\/produkt\/dmychadlo-gibbons-fp5005-15ps\/\" data-type=\"product\" data-id=\"81\">Gibbons<\/a> a <a href=\"https:\/\/dodo-inflatables.com\/cs\/produkt\/dmychadlo-huawei-reh-1-5e-15ps\/\" data-type=\"product\" data-id=\"2724\">Huawei<\/a> pro sk\u00e1kac\u00ed hrady.<\/p>\n\n<p style=\"font-size:17px\">P\u0159eprava sk\u00e1kac\u00edho hradu a p\u0159\u00edslu\u0161enstv\u00ed <strong>do Anglie stoj\u00ed 339,00 \u20ac<\/strong>. Pokud pot\u0159ebujete pouze p\u0159\u00edslu\u0161enstv\u00ed, stoj\u00ed z\u00e1silka 29,00 \u20ac.<\/p>\n\n<p style=\"font-size:17px\">Pokud je nafukovac\u00ed p\u0159edm\u011bt skladem, bude v\u00e1m odesl\u00e1n ihned po obdr\u017een\u00ed platby. Dod\u00e1n\u00ed do Velk\u00e9 Brit\u00e1nie <strong>trv\u00e1<\/strong> p\u0159ibli\u017en\u011b <strong>4 a\u017e 6 pracovn\u00edch dn\u016f<\/strong>. Vlastn\u00ed odb\u011br je mo\u017en\u00fd z na\u0161eho skladu v <strong>Mnichov\u011b v N\u011bmecku<\/strong>.<\/p>\n\n<p style=\"font-size:17px\">V\u0161echny na\u0161e nafukovac\u00ed vaky spl\u0148uj\u00ed p\u0159\u00edsn\u00e9 bezpe\u010dnostn\u00ed normy <strong>DIN EN 14960 <\/strong>a jsou vhodn\u00e9 pro soukrom\u00e9 i komer\u010dn\u00ed pou\u017eit\u00ed. Po odesl\u00e1n\u00ed nafukovac\u00edho za\u0159\u00edzen\u00ed obdr\u017e\u00edte <strong>podrobn\u00fd n\u00e1vod <\/strong>a<strong> p\u0159\u00edslu\u0161n\u00fd certifik\u00e1t <\/strong>.<\/p>\n\n<p style=\"font-size:17px\">Jako z\u00e1kazn\u00edk ze zem\u011b mimo EU u n\u00e1s m\u016f\u017eete nakupovat <strong>bez DPH<\/strong>. Ceny uveden\u00e9 v internetov\u00e9m obchod\u011b zahrnuj\u00ed n\u011bmeckou DPH (19 %), kter\u00e1 bude n\u00e1sledn\u011b ode\u010dtena. P\u0159i p\u0159eprav\u011b do Spojen\u00e9ho kr\u00e1lovstv\u00ed jste pova\u017eov\u00e1ni za &#8222;dovozce&#8220;. Proto v\u00e1m bude \u00fa\u010dtov\u00e1na dovozn\u00ed da\u0148 z prodeje a dovozn\u00ed clo. Na\u0161e n\u00e1klady na p\u0159epravu do Spojen\u00e9ho kr\u00e1lovstv\u00ed zahrnuj\u00ed cenu p\u0159epravy, celn\u00ed odbaven\u00ed a p\u0159\u00edpravu ABD.<\/p>\n\n<p style=\"font-size:17px\">A\u0165 u\u017e jste soukrom\u00fd u\u017eivatel, kter\u00fd hled\u00e1 sk\u00e1kac\u00ed hrad pro svou p\u0159\u00ed\u0161t\u00ed rodinnou oslavu, nebo komer\u010dn\u00ed p\u016fj\u010dovna, kter\u00e1 chce roz\u0161\u00ed\u0159it sv\u016fj sortiment, na\u0161e sk\u00e1kac\u00ed hrady jsou vhodn\u00e9 pro ka\u017ed\u00e9ho. V\u011bt\u0161inu na\u0161ich z\u00e1kazn\u00edk\u016f v Evrop\u011b tvo\u0159\u00ed p\u016fj\u010dovny sk\u00e1kac\u00edch hrad\u016f, kter\u00e9 oce\u0148uj\u00ed na\u0161e produkty pro akce v\u0161ech velikost\u00ed.<\/p>\n\n<p style=\"font-size:17px\">Douf\u00e1me, \u017ee se v\u00e1m bude prohl\u00ed\u017een\u00ed na\u0161eho internetov\u00e9ho obchodu l\u00edbit, a r\u00e1di zodpov\u00edme v\u0161echny va\u0161e dotazy na <a href=\"mailto:contact@dodo-inflatables.com\">contact@dodo-inflatables.com!<\/a><\/p>\n\n<div style=\"height:45px\" aria-hidden=\"true\" class=\"wp-block-spacer\"><\/div>\n","protected":false},"excerpt":{"rendered":"<p>N\u00e1kup nafukovac\u00edch skluzavek a sk\u00e1kac\u00edch hrad\u016f ve Velk\u00e9 Brit\u00e1nii V\u00edtejte na Dodo-Inflatables.com &#8211; na\u0161em internetov\u00e9m obchod\u011b s nafukovac\u00edmi atrakcemi v Evrop\u011b! Pono\u0159te se do na\u0161\u00ed \u0161irok\u00e9 nab\u00eddky vysoce kvalitn\u00edch nafukovac\u00edch atrakc\u00ed, nafukovac\u00edch hrad\u016f a skluzavek, kter\u00e9 dodaj\u00ed ka\u017ed\u00e9 p\u0159\u00edle\u017eitosti n\u011bco nav\u00edc. A\u0165 u\u017e hled\u00e1te velk\u00fd sk\u00e1kac\u00ed hrad na firemn\u00ed akci, mal\u00fd sk\u00e1kac\u00ed hrad na d\u011btskou [&hellip;]<\/p>\n","protected":false},"author":1,"featured_media":0,"parent":0,"menu_order":0,"comment_status":"closed","ping_status":"closed","template":"","meta":{"_acf_changed":false,"_uag_custom_page_level_css":"","site-sidebar-layout":"default","site-content-layout":"","ast-site-content-layout":"default","site-content-style":"boxed","site-sidebar-style":"default","ast-global-header-display":"","ast-banner-title-visibility":"","ast-main-header-display":"","ast-hfb-above-header-display":"","ast-hfb-below-header-display":"","ast-hfb-mobile-header-display":"","site-post-title":"","ast-breadcrumbs-content":"","ast-featured-img":"","footer-sml-layout":"","ast-disable-related-posts":"","theme-transparent-header-meta":"","adv-header-id-meta":"4069","stick-header-meta":"","header-above-stick-meta":"","header-main-stick-meta":"","header-below-stick-meta":"","astra-migrate-meta-layouts":"default","ast-page-background-enabled":"default","ast-page-background-meta":{"desktop":{"background-color":"var(--ast-global-color-4)","background-image":"","background-repeat":"repeat","background-position":"center center","background-size":"auto","background-attachment":"scroll","background-type":"","background-media":"","overlay-type":"","overlay-color":"","overlay-opacity":"","overlay-gradient":""},"tablet":{"background-color":"","background-image":"","background-repeat":"repeat","background-position":"center center","background-size":"auto","background-attachment":"scroll","background-type":"","background-media":"","overlay-type":"","overlay-color":"","overlay-opacity":"","overlay-gradient":""},"mobile":{"background-color":"","background-image":"","background-repeat":"repeat","background-position":"center center","background-size":"auto","background-attachment":"scroll","background-type":"","background-media":"","overlay-type":"","overlay-color":"","overlay-opacity":"","overlay-gradient":""}},"ast-content-background-meta":{"desktop":{"background-color":"var(--ast-global-color-5)","background-image":"","background-repeat":"repeat","background-position":"center center","background-size":"auto","background-attachment":"scroll","background-type":"","background-media":"","overlay-type":"","overlay-color":"","overlay-opacity":"","overlay-gradient":""},"tablet":{"background-color":"var(--ast-global-color-5)","background-image":"","background-repeat":"repeat","background-position":"center center","background-size":"auto","background-attachment":"scroll","background-type":"","background-media":"","overlay-type":"","overlay-color":"","overlay-opacity":"","overlay-gradient":""},"mobile":{"background-color":"var(--ast-global-color-5)","background-image":"","background-repeat":"repeat","background-position":"center center","background-size":"auto","background-attachment":"scroll","background-type":"","background-media":"","overlay-type":"","overlay-color":"","overlay-opacity":"","overlay-gradient":""}},"footnotes":""},"class_list":["post-12237","page","type-page","status-publish","hentry"],"acf":[],"yoast_head":"<!-- This site is optimized with the Yoast SEO plugin v27.4 - https:\/\/yoast.com\/product\/yoast-seo-wordpress\/ -->\n<title>N\u00e1kup nafukovac\u00edch skluzavek a sk\u00e1kac\u00edch hrad\u016f ve Velk\u00e9 Brit\u00e1nii - dodo-inflatables.com<\/title>\n<meta name=\"robots\" content=\"index, follow, max-snippet:-1, max-image-preview:large, max-video-preview:-1\" \/>\n<link rel=\"canonical\" href=\"https:\/\/dodo-inflatables.com\/cs\/nakup-nafukovacich-skluzavek-a-skakacich-hradu-ve-velke-britanii\/\" \/>\n<meta name=\"twitter:label1\" content=\"Odhadovan\u00e1 doba \u010dten\u00ed\" \/>\n\t<meta name=\"twitter:data1\" content=\"2 minuty\" \/>\n<script type=\"application\/ld+json\" class=\"yoast-schema-graph\">{\"@context\":\"https:\\\/\\\/schema.org\",\"@graph\":[{\"@type\":\"WebPage\",\"@id\":\"https:\\\/\\\/dodo-inflatables.com\\\/cs\\\/nakup-nafukovacich-skluzavek-a-skakacich-hradu-ve-velke-britanii\\\/\",\"url\":\"https:\\\/\\\/dodo-inflatables.com\\\/cs\\\/nakup-nafukovacich-skluzavek-a-skakacich-hradu-ve-velke-britanii\\\/\",\"name\":\"N\u00e1kup nafukovac\u00edch skluzavek a sk\u00e1kac\u00edch hrad\u016f ve Velk\u00e9 Brit\u00e1nii - dodo-inflatables.com\",\"isPartOf\":{\"@id\":\"https:\\\/\\\/dodo-inflatables.com\\\/cs\\\/#website\"},\"primaryImageOfPage\":{\"@id\":\"https:\\\/\\\/dodo-inflatables.com\\\/cs\\\/nakup-nafukovacich-skluzavek-a-skakacich-hradu-ve-velke-britanii\\\/#primaryimage\"},\"image\":{\"@id\":\"https:\\\/\\\/dodo-inflatables.com\\\/cs\\\/nakup-nafukovacich-skluzavek-a-skakacich-hradu-ve-velke-britanii\\\/#primaryimage\"},\"thumbnailUrl\":\"https:\\\/\\\/dodo-inflatables.com\\\/wp-content\\\/uploads\\\/2022\\\/01\\\/seperator-kleiner-1024x102.png\",\"datePublished\":\"2024-03-01T19:02:30+00:00\",\"dateModified\":\"2024-07-10T11:52:06+00:00\",\"breadcrumb\":{\"@id\":\"https:\\\/\\\/dodo-inflatables.com\\\/cs\\\/nakup-nafukovacich-skluzavek-a-skakacich-hradu-ve-velke-britanii\\\/#breadcrumb\"},\"inLanguage\":\"cs\",\"potentialAction\":[{\"@type\":\"ReadAction\",\"target\":[\"https:\\\/\\\/dodo-inflatables.com\\\/cs\\\/nakup-nafukovacich-skluzavek-a-skakacich-hradu-ve-velke-britanii\\\/\"]}]},{\"@type\":\"ImageObject\",\"inLanguage\":\"cs\",\"@id\":\"https:\\\/\\\/dodo-inflatables.com\\\/cs\\\/nakup-nafukovacich-skluzavek-a-skakacich-hradu-ve-velke-britanii\\\/#primaryimage\",\"url\":\"https:\\\/\\\/dodo-inflatables.com\\\/wp-content\\\/uploads\\\/2022\\\/01\\\/seperator-kleiner-1024x102.png\",\"contentUrl\":\"https:\\\/\\\/dodo-inflatables.com\\\/wp-content\\\/uploads\\\/2022\\\/01\\\/seperator-kleiner-1024x102.png\"},{\"@type\":\"BreadcrumbList\",\"@id\":\"https:\\\/\\\/dodo-inflatables.com\\\/cs\\\/nakup-nafukovacich-skluzavek-a-skakacich-hradu-ve-velke-britanii\\\/#breadcrumb\",\"itemListElement\":[{\"@type\":\"ListItem\",\"position\":1,\"name\":\"Dom\u016f\",\"item\":\"https:\\\/\\\/dodo-inflatables.com\\\/cs\\\/\"},{\"@type\":\"ListItem\",\"position\":2,\"name\":\"N\u00e1kup nafukovac\u00edch skluzavek a sk\u00e1kac\u00edch hrad\u016f ve Velk\u00e9 Brit\u00e1nii\"}]},{\"@type\":\"WebSite\",\"@id\":\"https:\\\/\\\/dodo-inflatables.com\\\/cs\\\/#website\",\"url\":\"https:\\\/\\\/dodo-inflatables.com\\\/cs\\\/\",\"name\":\"dodo-inflatables.com\",\"description\":\"Nakupujte sk\u00e1kac\u00ed hrady a atrakce v na\u0161em obchod\u011b.\",\"publisher\":{\"@id\":\"https:\\\/\\\/dodo-inflatables.com\\\/cs\\\/#organization\"},\"potentialAction\":[{\"@type\":\"SearchAction\",\"target\":{\"@type\":\"EntryPoint\",\"urlTemplate\":\"https:\\\/\\\/dodo-inflatables.com\\\/cs\\\/?s={search_term_string}\"},\"query-input\":{\"@type\":\"PropertyValueSpecification\",\"valueRequired\":true,\"valueName\":\"search_term_string\"}}],\"inLanguage\":\"cs\"},{\"@type\":\"Organization\",\"@id\":\"https:\\\/\\\/dodo-inflatables.com\\\/cs\\\/#organization\",\"name\":\"dodo-inflatables.com\",\"url\":\"https:\\\/\\\/dodo-inflatables.com\\\/cs\\\/\",\"logo\":{\"@type\":\"ImageObject\",\"inLanguage\":\"cs\",\"@id\":\"https:\\\/\\\/dodo-inflatables.com\\\/cs\\\/#\\\/schema\\\/logo\\\/image\\\/\",\"url\":\"https:\\\/\\\/dodo-inflatables.com\\\/wp-content\\\/uploads\\\/2023\\\/04\\\/cropped-cropped-cropped-Dodo-Logo.png\",\"contentUrl\":\"https:\\\/\\\/dodo-inflatables.com\\\/wp-content\\\/uploads\\\/2023\\\/04\\\/cropped-cropped-cropped-Dodo-Logo.png\",\"width\":2996,\"height\":1545,\"caption\":\"dodo-inflatables.com\"},\"image\":{\"@id\":\"https:\\\/\\\/dodo-inflatables.com\\\/cs\\\/#\\\/schema\\\/logo\\\/image\\\/\"}}]}<\/script>\n<!-- \/ Yoast SEO plugin. -->","yoast_head_json":{"title":"N\u00e1kup nafukovac\u00edch skluzavek a sk\u00e1kac\u00edch hrad\u016f ve Velk\u00e9 Brit\u00e1nii - dodo-inflatables.com","robots":{"index":"index","follow":"follow","max-snippet":"max-snippet:-1","max-image-preview":"max-image-preview:large","max-video-preview":"max-video-preview:-1"},"canonical":"https:\/\/dodo-inflatables.com\/cs\/nakup-nafukovacich-skluzavek-a-skakacich-hradu-ve-velke-britanii\/","twitter_misc":{"Odhadovan\u00e1 doba \u010dten\u00ed":"2 minuty"},"schema":{"@context":"https:\/\/schema.org","@graph":[{"@type":"WebPage","@id":"https:\/\/dodo-inflatables.com\/cs\/nakup-nafukovacich-skluzavek-a-skakacich-hradu-ve-velke-britanii\/","url":"https:\/\/dodo-inflatables.com\/cs\/nakup-nafukovacich-skluzavek-a-skakacich-hradu-ve-velke-britanii\/","name":"N\u00e1kup nafukovac\u00edch skluzavek a sk\u00e1kac\u00edch hrad\u016f ve Velk\u00e9 Brit\u00e1nii - dodo-inflatables.com","isPartOf":{"@id":"https:\/\/dodo-inflatables.com\/cs\/#website"},"primaryImageOfPage":{"@id":"https:\/\/dodo-inflatables.com\/cs\/nakup-nafukovacich-skluzavek-a-skakacich-hradu-ve-velke-britanii\/#primaryimage"},"image":{"@id":"https:\/\/dodo-inflatables.com\/cs\/nakup-nafukovacich-skluzavek-a-skakacich-hradu-ve-velke-britanii\/#primaryimage"},"thumbnailUrl":"https:\/\/dodo-inflatables.com\/wp-content\/uploads\/2022\/01\/seperator-kleiner-1024x102.png","datePublished":"2024-03-01T19:02:30+00:00","dateModified":"2024-07-10T11:52:06+00:00","breadcrumb":{"@id":"https:\/\/dodo-inflatables.com\/cs\/nakup-nafukovacich-skluzavek-a-skakacich-hradu-ve-velke-britanii\/#breadcrumb"},"inLanguage":"cs","potentialAction":[{"@type":"ReadAction","target":["https:\/\/dodo-inflatables.com\/cs\/nakup-nafukovacich-skluzavek-a-skakacich-hradu-ve-velke-britanii\/"]}]},{"@type":"ImageObject","inLanguage":"cs","@id":"https:\/\/dodo-inflatables.com\/cs\/nakup-nafukovacich-skluzavek-a-skakacich-hradu-ve-velke-britanii\/#primaryimage","url":"https:\/\/dodo-inflatables.com\/wp-content\/uploads\/2022\/01\/seperator-kleiner-1024x102.png","contentUrl":"https:\/\/dodo-inflatables.com\/wp-content\/uploads\/2022\/01\/seperator-kleiner-1024x102.png"},{"@type":"BreadcrumbList","@id":"https:\/\/dodo-inflatables.com\/cs\/nakup-nafukovacich-skluzavek-a-skakacich-hradu-ve-velke-britanii\/#breadcrumb","itemListElement":[{"@type":"ListItem","position":1,"name":"Dom\u016f","item":"https:\/\/dodo-inflatables.com\/cs\/"},{"@type":"ListItem","position":2,"name":"N\u00e1kup nafukovac\u00edch skluzavek a sk\u00e1kac\u00edch hrad\u016f ve Velk\u00e9 Brit\u00e1nii"}]},{"@type":"WebSite","@id":"https:\/\/dodo-inflatables.com\/cs\/#website","url":"https:\/\/dodo-inflatables.com\/cs\/","name":"dodo-inflatables.com","description":"Nakupujte sk\u00e1kac\u00ed hrady a atrakce v na\u0161em obchod\u011b.","publisher":{"@id":"https:\/\/dodo-inflatables.com\/cs\/#organization"},"potentialAction":[{"@type":"SearchAction","target":{"@type":"EntryPoint","urlTemplate":"https:\/\/dodo-inflatables.com\/cs\/?s={search_term_string}"},"query-input":{"@type":"PropertyValueSpecification","valueRequired":true,"valueName":"search_term_string"}}],"inLanguage":"cs"},{"@type":"Organization","@id":"https:\/\/dodo-inflatables.com\/cs\/#organization","name":"dodo-inflatables.com","url":"https:\/\/dodo-inflatables.com\/cs\/","logo":{"@type":"ImageObject","inLanguage":"cs","@id":"https:\/\/dodo-inflatables.com\/cs\/#\/schema\/logo\/image\/","url":"https:\/\/dodo-inflatables.com\/wp-content\/uploads\/2023\/04\/cropped-cropped-cropped-Dodo-Logo.png","contentUrl":"https:\/\/dodo-inflatables.com\/wp-content\/uploads\/2023\/04\/cropped-cropped-cropped-Dodo-Logo.png","width":2996,"height":1545,"caption":"dodo-inflatables.com"},"image":{"@id":"https:\/\/dodo-inflatables.com\/cs\/#\/schema\/logo\/image\/"}}]}},"uagb_featured_image_src":{"full":false,"thumbnail":false,"medium":false,"medium_large":false,"large":false,"1536x1536":false,"2048x2048":false,"woocommerce_thumbnail":false,"woocommerce_single":false,"woocommerce_gallery_thumbnail":false},"uagb_author_info":{"display_name":"Andreas","author_link":"https:\/\/dodo-inflatables.com\/cs\/author\/andreas\/"},"uagb_comment_info":0,"uagb_excerpt":"N\u00e1kup nafukovac\u00edch skluzavek a sk\u00e1kac\u00edch hrad\u016f ve Velk\u00e9 Brit\u00e1nii V\u00edtejte na Dodo-Inflatables.com &#8211; na\u0161em internetov\u00e9m obchod\u011b s nafukovac\u00edmi atrakcemi v Evrop\u011b! Pono\u0159te se do na\u0161\u00ed \u0161irok\u00e9 nab\u00eddky vysoce kvalitn\u00edch nafukovac\u00edch atrakc\u00ed, nafukovac\u00edch hrad\u016f a skluzavek, kter\u00e9 dodaj\u00ed ka\u017ed\u00e9 p\u0159\u00edle\u017eitosti n\u011bco nav\u00edc. A\u0165 u\u017e hled\u00e1te velk\u00fd sk\u00e1kac\u00ed hrad na firemn\u00ed akci, mal\u00fd sk\u00e1kac\u00ed hrad na d\u011btskou&hellip;","_links":{"self":[{"href":"https:\/\/dodo-inflatables.com\/cs\/wp-json\/wp\/v2\/pages\/12237","targetHints":{"allow":["GET"]}}],"collection":[{"href":"https:\/\/dodo-inflatables.com\/cs\/wp-json\/wp\/v2\/pages"}],"about":[{"href":"https:\/\/dodo-inflatables.com\/cs\/wp-json\/wp\/v2\/types\/page"}],"author":[{"embeddable":true,"href":"https:\/\/dodo-inflatables.com\/cs\/wp-json\/wp\/v2\/users\/1"}],"replies":[{"embeddable":true,"href":"https:\/\/dodo-inflatables.com\/cs\/wp-json\/wp\/v2\/comments?post=12237"}],"version-history":[{"count":4,"href":"https:\/\/dodo-inflatables.com\/cs\/wp-json\/wp\/v2\/pages\/12237\/revisions"}],"predecessor-version":[{"id":16291,"href":"https:\/\/dodo-inflatables.com\/cs\/wp-json\/wp\/v2\/pages\/12237\/revisions\/16291"}],"wp:attachment":[{"href":"https:\/\/dodo-inflatables.com\/cs\/wp-json\/wp\/v2\/media?parent=12237"}],"curies":[{"name":"wp","href":"https:\/\/api.w.org\/{rel}","templated":true}]}}