{"id":12518,"date":"2017-01-16T10:56:53","date_gmt":"2017-01-16T09:56:53","guid":{"rendered":"https:\/\/dodo-inflatables.com\/o-nas\/"},"modified":"2024-08-19T14:42:01","modified_gmt":"2024-08-19T12:42:01","slug":"o-nas","status":"publish","type":"page","link":"https:\/\/dodo-inflatables.com\/cs\/o-nas\/","title":{"rendered":"O n\u00e1s"},"content":{"rendered":"\n<figure class=\"wp-block-image aligncenter size-large\"><a href=\"https:\/\/dodo-inflatables.com\/wp-content\/uploads\/2022\/01\/seperator-kleiner.png\"><img loading=\"lazy\" decoding=\"async\" width=\"1024\" height=\"102\" src=\"https:\/\/dodo-inflatables.com\/wp-content\/uploads\/2022\/01\/seperator-kleiner-1024x102.png\" alt=\"\" class=\"wp-image-4026\" srcset=\"https:\/\/dodo-inflatables.com\/wp-content\/uploads\/2022\/01\/seperator-kleiner-1024x102.png 1024w, https:\/\/dodo-inflatables.com\/wp-content\/uploads\/2022\/01\/seperator-kleiner-900x90.png 900w, https:\/\/dodo-inflatables.com\/wp-content\/uploads\/2022\/01\/seperator-kleiner-300x30.png 300w, https:\/\/dodo-inflatables.com\/wp-content\/uploads\/2022\/01\/seperator-kleiner-768x77.png 768w, https:\/\/dodo-inflatables.com\/wp-content\/uploads\/2022\/01\/seperator-kleiner-1536x154.png 1536w, https:\/\/dodo-inflatables.com\/wp-content\/uploads\/2022\/01\/seperator-kleiner-340x34.png 340w, https:\/\/dodo-inflatables.com\/wp-content\/uploads\/2022\/01\/seperator-kleiner.png 2000w\" sizes=\"auto, (max-width: 1024px) 100vw, 1024px\" \/><\/a><\/figure>\n<h2 style=\"text-align: center;\">V\u00edtejte na Dodo-Inflatables.com!<\/h2>\n<p>Proto\u017ee se ji\u017e v\u00edce ne\u017e 10 let zab\u00fdv\u00e1me pron\u00e1jmem sk\u00e1kac\u00edch hrad\u016f a dal\u0161\u00edch modul\u016f pro akce, rozhodli jsme se p\u0159evz\u00edt tak\u00e9 prodej sk\u00e1kac\u00edch hrad\u016f. D\u00edky na\u0161\u00ed vlastn\u00ed \u010dinnosti v oblasti pron\u00e1jmu v\u00edme, co je d\u016fle\u017eit\u00e9, pokud jde o profesion\u00e1ln\u011b pou\u017e\u00edvan\u00e9 nafukovac\u00ed stroje. Chceme t\u00e9to v\u00fdhody vyu\u017e\u00edt a prod\u00e1vat pouze nafukovac\u00ed za\u0159\u00edzen\u00ed, o kter\u00fdch z vlastn\u00ed zku\u0161enosti v\u00edme, \u017ee jsou ide\u00e1ln\u00ed pro profesion\u00e1ln\u00ed pou\u017eit\u00ed a pron\u00e1jem.<\/p>\n<p>Krom\u011b <a href=\"https:\/\/dodo-inflatables.com\/cs\/kategorie-produktu\/skakaci-hrady\/\">mal\u00fdch a velk\u00fdch sk\u00e1kac\u00edch hrad\u016f<\/a> nab\u00edz\u00edme tak\u00e9 sk\u00e1kac\u00ed hrady se skluzavkami a <a href=\"https:\/\/dodo-inflatables.com\/cs\/kategorie-produktu\/slides-cs\/\">ob\u0159\u00ed skluzavky<\/a>, kter\u00e9 jsou pro d\u011bti dvakr\u00e1t z\u00e1bavn\u011bj\u0161\u00ed. Za v\u00fdhodn\u00e9 ceny si u n\u00e1s m\u016f\u017eete zakoupit i dal\u0161\u00ed atrakce, nap\u0159\u00edklad nafukovac\u00ed <a href=\"https:\/\/dodo-inflatables.com\/cs\/produkt\/fotbalove-sipky\/\">fotbalov\u00e9 \u0161ipky<\/a>. V kategorii p\u0159\u00edslu\u0161enstv\u00ed samoz\u0159ejm\u011b najdete tak\u00e9 ve\u0161ker\u00e9 p\u0159\u00edslu\u0161enstv\u00ed, kter\u00e9 pot\u0159ebujete k pou\u017e\u00edv\u00e1n\u00ed sk\u00e1kac\u00edch hrad\u016f.<\/p>\n<p>Proto\u017ee z vlastn\u00ed zku\u0161enosti v\u00edme, jak d\u016fle\u017eit\u00e1 je v p\u016fj\u010dovn\u00e1ch dobr\u00e1 kvalita, sami pravideln\u011b kontrolujeme v\u00fdrobu nafukovac\u00edch za\u0159\u00edzen\u00ed a db\u00e1me na uzn\u00e1van\u00e9 certifik\u00e1ty. Sk\u00e1kac\u00ed hrady, kter\u00e9 m\u00e1me skladem, v\u00e1m m\u016f\u017eeme odeslat do 2 a\u017e 5 pracovn\u00edch dn\u016f. Samoz\u0159ejm\u011b m\u016f\u017eeme na po\u017e\u00e1d\u00e1n\u00ed vyrobit i v\u00fdrobky na m\u00edru. Sta\u010d\u00ed se s n\u00e1mi spojit!<\/p>\n<p>V <a href=\"https:\/\/dodo-inflatables.com\/cs\/kategorie-produktu\/pouzity\/\">kategorii pou\u017eit\u00fdch<\/a> nafukovac\u00edch \u010dlun\u016f najdete skv\u011bl\u00e9, pou\u017eit\u00e9 nafukovac\u00ed \u010dluny za v\u00fdhodn\u00e9 ceny. Najdete zde tak\u00e9 vhodn\u00e9 p\u0159\u00edslu\u0161enstv\u00ed a dal\u0161\u00ed moduly pro akce.<\/p>\n<p>Douf\u00e1me, \u017ee si n\u00e1\u0161 obchod r\u00e1di prohl\u00e9dnete!<\/p>\n<p>V\u00e1\u0161 t\u00fdm z Dodo-Inflatables.com<\/p>\n\n<figure class=\"wp-block-image size-large\"><a href=\"https:\/\/dodo-inflatables.com\/wp-content\/uploads\/2022\/01\/seperator-kleiner.png\"><img loading=\"lazy\" decoding=\"async\" width=\"1024\" height=\"102\" src=\"https:\/\/dodo-inflatables.com\/wp-content\/uploads\/2022\/01\/seperator-kleiner-1024x102.png\" alt=\"\" class=\"wp-image-4026\" srcset=\"https:\/\/dodo-inflatables.com\/wp-content\/uploads\/2022\/01\/seperator-kleiner-1024x102.png 1024w, https:\/\/dodo-inflatables.com\/wp-content\/uploads\/2022\/01\/seperator-kleiner-900x90.png 900w, https:\/\/dodo-inflatables.com\/wp-content\/uploads\/2022\/01\/seperator-kleiner-300x30.png 300w, https:\/\/dodo-inflatables.com\/wp-content\/uploads\/2022\/01\/seperator-kleiner-768x77.png 768w, https:\/\/dodo-inflatables.com\/wp-content\/uploads\/2022\/01\/seperator-kleiner-1536x154.png 1536w, https:\/\/dodo-inflatables.com\/wp-content\/uploads\/2022\/01\/seperator-kleiner-340x34.png 340w, https:\/\/dodo-inflatables.com\/wp-content\/uploads\/2022\/01\/seperator-kleiner.png 2000w\" sizes=\"auto, (max-width: 1024px) 100vw, 1024px\" \/><\/a><\/figure>\n\n\n<div id=\"sb_instagram\"  class=\"sbi sbi_mob_col_1 sbi_tab_col_2 sbi_col_4 sbi_width_resp\" style=\"padding-bottom: 10px;\"\t data-feedid=\"*2\"  data-res=\"auto\" data-cols=\"4\" data-colsmobile=\"1\" data-colstablet=\"2\" data-num=\"20\" data-nummobile=\"20\" data-item-padding=\"5\"\t data-shortcode-atts=\"{&quot;feed&quot;:&quot;2&quot;}\"  data-postid=\"12518\" data-locatornonce=\"f6356c1b9c\" data-imageaspectratio=\"1:1\" data-sbi-flags=\"favorLocal,gdpr\">\n\t\n\t<div id=\"sbi_images\"  style=\"gap: 10px;\">\n\t\t\t<\/div>\n\n\t<div id=\"sbi_load\" >\n\n\t\n\t\t\t<span class=\"sbi_follow_btn sbi_custom\" >\n\t\t\t<a target=\"_blank\"\n\t\t\t\trel=\"nofollow noopener\"  href=\"https:\/\/www.instagram.com\/dodo_inflatables\/\" style=\"background: rgb(64,139,209);\">\n\t\t\t\t<svg class=\"svg-inline--fa fa-instagram fa-w-14\" aria-hidden=\"true\" data-fa-processed=\"\" aria-label=\"Instagram\" data-prefix=\"fab\" data-icon=\"instagram\" role=\"img\" viewBox=\"0 0 448 512\">\n                    <path fill=\"currentColor\" d=\"M224.1 141c-63.6 0-114.9 51.3-114.9 114.9s51.3 114.9 114.9 114.9S339 319.5 339 255.9 287.7 141 224.1 141zm0 189.6c-41.1 0-74.7-33.5-74.7-74.7s33.5-74.7 74.7-74.7 74.7 33.5 74.7 74.7-33.6 74.7-74.7 74.7zm146.4-194.3c0 14.9-12 26.8-26.8 26.8-14.9 0-26.8-12-26.8-26.8s12-26.8 26.8-26.8 26.8 12 26.8 26.8zm76.1 27.2c-1.7-35.9-9.9-67.7-36.2-93.9-26.2-26.2-58-34.4-93.9-36.2-37-2.1-147.9-2.1-184.9 0-35.8 1.7-67.6 9.9-93.9 36.1s-34.4 58-36.2 93.9c-2.1 37-2.1 147.9 0 184.9 1.7 35.9 9.9 67.7 36.2 93.9s58 34.4 93.9 36.2c37 2.1 147.9 2.1 184.9 0 35.9-1.7 67.7-9.9 93.9-36.2 26.2-26.2 34.4-58 36.2-93.9 2.1-37 2.1-147.8 0-184.8zM398.8 388c-7.8 19.6-22.9 34.7-42.6 42.6-29.5 11.7-99.5 9-132.1 9s-102.7 2.6-132.1-9c-19.6-7.8-34.7-22.9-42.6-42.6-11.7-29.5-9-99.5-9-132.1s-2.6-102.7 9-132.1c7.8-19.6 22.9-34.7 42.6-42.6 29.5-11.7 99.5-9 132.1-9s102.7-2.6 132.1 9c19.6 7.8 34.7 22.9 42.6 42.6 11.7 29.5 9 99.5 9 132.1s2.7 102.7-9 132.1z\"><\/path>\n                <\/svg>\t\t\t\t<span>Follow on Instagram<\/span>\n\t\t\t<\/a>\n\t\t<\/span>\n\t\n<\/div>\n\t\t<span class=\"sbi_resized_image_data\" data-feed-id=\"*2\"\n\t\t  data-resized=\"[]\">\n\t<\/span>\n\t<\/div>\n\n\n","protected":false},"excerpt":{"rendered":"<p>V\u00edtejte na Dodo-Inflatables.com! Proto\u017ee se ji\u017e v\u00edce ne\u017e 10 let zab\u00fdv\u00e1me pron\u00e1jmem sk\u00e1kac\u00edch hrad\u016f a dal\u0161\u00edch modul\u016f pro akce, rozhodli jsme se p\u0159evz\u00edt tak\u00e9 prodej sk\u00e1kac\u00edch hrad\u016f. D\u00edky na\u0161\u00ed vlastn\u00ed \u010dinnosti v oblasti pron\u00e1jmu v\u00edme, co je d\u016fle\u017eit\u00e9, pokud jde o profesion\u00e1ln\u011b pou\u017e\u00edvan\u00e9 nafukovac\u00ed stroje. Chceme t\u00e9to v\u00fdhody vyu\u017e\u00edt a prod\u00e1vat pouze nafukovac\u00ed za\u0159\u00edzen\u00ed, o [&hellip;]<\/p>\n","protected":false},"author":1,"featured_media":0,"parent":0,"menu_order":0,"comment_status":"closed","ping_status":"closed","template":"","meta":{"_acf_changed":false,"_uag_custom_page_level_css":"","site-sidebar-layout":"default","site-content-layout":"content-boxed-container","ast-site-content-layout":"normal-width-container","site-content-style":"boxed","site-sidebar-style":"unboxed","ast-global-header-display":"","ast-banner-title-visibility":"","ast-main-header-display":"","ast-hfb-above-header-display":"","ast-hfb-below-header-display":"","ast-hfb-mobile-header-display":"","site-post-title":"disabled","ast-breadcrumbs-content":"disabled","ast-featured-img":"disabled","footer-sml-layout":"","ast-disable-related-posts":"","theme-transparent-header-meta":"","adv-header-id-meta":"7189","stick-header-meta":"","header-above-stick-meta":"","header-main-stick-meta":"","header-below-stick-meta":"","astra-migrate-meta-layouts":"default","ast-page-background-enabled":"default","ast-page-background-meta":{"desktop":{"background-color":"var(--ast-global-color-4)","background-image":"","background-repeat":"repeat","background-position":"center center","background-size":"auto","background-attachment":"scroll","background-type":"","background-media":"","overlay-type":"","overlay-color":"","overlay-opacity":"","overlay-gradient":""},"tablet":{"background-color":"","background-image":"","background-repeat":"repeat","background-position":"center center","background-size":"auto","background-attachment":"scroll","background-type":"","background-media":"","overlay-type":"","overlay-color":"","overlay-opacity":"","overlay-gradient":""},"mobile":{"background-color":"","background-image":"","background-repeat":"repeat","background-position":"center center","background-size":"auto","background-attachment":"scroll","background-type":"","background-media":"","overlay-type":"","overlay-color":"","overlay-opacity":"","overlay-gradient":""}},"ast-content-background-meta":{"desktop":{"background-color":"var(--ast-global-color-5)","background-image":"","background-repeat":"repeat","background-position":"center center","background-size":"auto","background-attachment":"scroll","background-type":"","background-media":"","overlay-type":"","overlay-color":"","overlay-opacity":"","overlay-gradient":""},"tablet":{"background-color":"var(--ast-global-color-5)","background-image":"","background-repeat":"repeat","background-position":"center center","background-size":"auto","background-attachment":"scroll","background-type":"","background-media":"","overlay-type":"","overlay-color":"","overlay-opacity":"","overlay-gradient":""},"mobile":{"background-color":"var(--ast-global-color-5)","background-image":"","background-repeat":"repeat","background-position":"center center","background-size":"auto","background-attachment":"scroll","background-type":"","background-media":"","overlay-type":"","overlay-color":"","overlay-opacity":"","overlay-gradient":""}},"footnotes":""},"class_list":["post-12518","page","type-page","status-publish","hentry"],"acf":[],"yoast_head":"<!-- This site is optimized with the Yoast SEO plugin v27.4 - https:\/\/yoast.com\/product\/yoast-seo-wordpress\/ -->\n<title>O nafukovac\u00edch atrakc\u00edch Dodo - Certifikovan\u00e1 kvalita nafukovac\u00edch atrakc\u00ed<\/title>\n<meta name=\"description\" content=\"Seznamte se s Dodo Inflatables, va\u0161\u00edm spolehliv\u00fdm partnerem pro sk\u00e1kac\u00ed hrady s certifikac\u00ed DIN EN 14960. P\u0159ipojte se k n\u00e1m a vytvo\u0159te bezpe\u010dn\u00e9 a nezapomenuteln\u00e9 chv\u00edle radosti ze sk\u00e1k\u00e1n\u00ed.\" \/>\n<meta name=\"robots\" content=\"index, follow, max-snippet:-1, max-image-preview:large, max-video-preview:-1\" \/>\n<link rel=\"canonical\" href=\"https:\/\/dodo-inflatables.com\/cs\/o-nas\/\" \/>\n<meta name=\"twitter:label1\" content=\"Odhadovan\u00e1 doba \u010dten\u00ed\" \/>\n\t<meta name=\"twitter:data1\" content=\"2 minuty\" \/>\n<script type=\"application\/ld+json\" class=\"yoast-schema-graph\">{\"@context\":\"https:\\\/\\\/schema.org\",\"@graph\":[{\"@type\":\"WebPage\",\"@id\":\"https:\\\/\\\/dodo-inflatables.com\\\/cs\\\/o-nas\\\/\",\"url\":\"https:\\\/\\\/dodo-inflatables.com\\\/cs\\\/o-nas\\\/\",\"name\":\"O nafukovac\u00edch atrakc\u00edch Dodo - Certifikovan\u00e1 kvalita nafukovac\u00edch atrakc\u00ed\",\"isPartOf\":{\"@id\":\"https:\\\/\\\/dodo-inflatables.com\\\/cs\\\/#website\"},\"primaryImageOfPage\":{\"@id\":\"https:\\\/\\\/dodo-inflatables.com\\\/cs\\\/o-nas\\\/#primaryimage\"},\"image\":{\"@id\":\"https:\\\/\\\/dodo-inflatables.com\\\/cs\\\/o-nas\\\/#primaryimage\"},\"thumbnailUrl\":\"https:\\\/\\\/dodo-inflatables.com\\\/wp-content\\\/uploads\\\/2022\\\/01\\\/seperator-kleiner-1024x102.png\",\"datePublished\":\"2017-01-16T09:56:53+00:00\",\"dateModified\":\"2024-08-19T12:42:01+00:00\",\"description\":\"Seznamte se s Dodo Inflatables, va\u0161\u00edm spolehliv\u00fdm partnerem pro sk\u00e1kac\u00ed hrady s certifikac\u00ed DIN EN 14960. P\u0159ipojte se k n\u00e1m a vytvo\u0159te bezpe\u010dn\u00e9 a nezapomenuteln\u00e9 chv\u00edle radosti ze sk\u00e1k\u00e1n\u00ed.\",\"breadcrumb\":{\"@id\":\"https:\\\/\\\/dodo-inflatables.com\\\/cs\\\/o-nas\\\/#breadcrumb\"},\"inLanguage\":\"cs\",\"potentialAction\":[{\"@type\":\"ReadAction\",\"target\":[\"https:\\\/\\\/dodo-inflatables.com\\\/cs\\\/o-nas\\\/\"]}]},{\"@type\":\"ImageObject\",\"inLanguage\":\"cs\",\"@id\":\"https:\\\/\\\/dodo-inflatables.com\\\/cs\\\/o-nas\\\/#primaryimage\",\"url\":\"https:\\\/\\\/dodo-inflatables.com\\\/wp-content\\\/uploads\\\/2022\\\/01\\\/seperator-kleiner-1024x102.png\",\"contentUrl\":\"https:\\\/\\\/dodo-inflatables.com\\\/wp-content\\\/uploads\\\/2022\\\/01\\\/seperator-kleiner-1024x102.png\"},{\"@type\":\"BreadcrumbList\",\"@id\":\"https:\\\/\\\/dodo-inflatables.com\\\/cs\\\/o-nas\\\/#breadcrumb\",\"itemListElement\":[{\"@type\":\"ListItem\",\"position\":1,\"name\":\"Dom\u016f\",\"item\":\"https:\\\/\\\/dodo-inflatables.com\\\/cs\\\/\"},{\"@type\":\"ListItem\",\"position\":2,\"name\":\"O n\u00e1s\"}]},{\"@type\":\"WebSite\",\"@id\":\"https:\\\/\\\/dodo-inflatables.com\\\/cs\\\/#website\",\"url\":\"https:\\\/\\\/dodo-inflatables.com\\\/cs\\\/\",\"name\":\"dodo-inflatables.com\",\"description\":\"Nakupujte sk\u00e1kac\u00ed hrady a atrakce v na\u0161em obchod\u011b.\",\"publisher\":{\"@id\":\"https:\\\/\\\/dodo-inflatables.com\\\/cs\\\/#organization\"},\"potentialAction\":[{\"@type\":\"SearchAction\",\"target\":{\"@type\":\"EntryPoint\",\"urlTemplate\":\"https:\\\/\\\/dodo-inflatables.com\\\/cs\\\/?s={search_term_string}\"},\"query-input\":{\"@type\":\"PropertyValueSpecification\",\"valueRequired\":true,\"valueName\":\"search_term_string\"}}],\"inLanguage\":\"cs\"},{\"@type\":\"Organization\",\"@id\":\"https:\\\/\\\/dodo-inflatables.com\\\/cs\\\/#organization\",\"name\":\"dodo-inflatables.com\",\"url\":\"https:\\\/\\\/dodo-inflatables.com\\\/cs\\\/\",\"logo\":{\"@type\":\"ImageObject\",\"inLanguage\":\"cs\",\"@id\":\"https:\\\/\\\/dodo-inflatables.com\\\/cs\\\/#\\\/schema\\\/logo\\\/image\\\/\",\"url\":\"https:\\\/\\\/dodo-inflatables.com\\\/wp-content\\\/uploads\\\/2023\\\/04\\\/cropped-cropped-cropped-Dodo-Logo.png\",\"contentUrl\":\"https:\\\/\\\/dodo-inflatables.com\\\/wp-content\\\/uploads\\\/2023\\\/04\\\/cropped-cropped-cropped-Dodo-Logo.png\",\"width\":2996,\"height\":1545,\"caption\":\"dodo-inflatables.com\"},\"image\":{\"@id\":\"https:\\\/\\\/dodo-inflatables.com\\\/cs\\\/#\\\/schema\\\/logo\\\/image\\\/\"}}]}<\/script>\n<!-- \/ Yoast SEO plugin. -->","yoast_head_json":{"title":"O nafukovac\u00edch atrakc\u00edch Dodo - Certifikovan\u00e1 kvalita nafukovac\u00edch atrakc\u00ed","description":"Seznamte se s Dodo Inflatables, va\u0161\u00edm spolehliv\u00fdm partnerem pro sk\u00e1kac\u00ed hrady s certifikac\u00ed DIN EN 14960. P\u0159ipojte se k n\u00e1m a vytvo\u0159te bezpe\u010dn\u00e9 a nezapomenuteln\u00e9 chv\u00edle radosti ze sk\u00e1k\u00e1n\u00ed.","robots":{"index":"index","follow":"follow","max-snippet":"max-snippet:-1","max-image-preview":"max-image-preview:large","max-video-preview":"max-video-preview:-1"},"canonical":"https:\/\/dodo-inflatables.com\/cs\/o-nas\/","twitter_misc":{"Odhadovan\u00e1 doba \u010dten\u00ed":"2 minuty"},"schema":{"@context":"https:\/\/schema.org","@graph":[{"@type":"WebPage","@id":"https:\/\/dodo-inflatables.com\/cs\/o-nas\/","url":"https:\/\/dodo-inflatables.com\/cs\/o-nas\/","name":"O nafukovac\u00edch atrakc\u00edch Dodo - Certifikovan\u00e1 kvalita nafukovac\u00edch atrakc\u00ed","isPartOf":{"@id":"https:\/\/dodo-inflatables.com\/cs\/#website"},"primaryImageOfPage":{"@id":"https:\/\/dodo-inflatables.com\/cs\/o-nas\/#primaryimage"},"image":{"@id":"https:\/\/dodo-inflatables.com\/cs\/o-nas\/#primaryimage"},"thumbnailUrl":"https:\/\/dodo-inflatables.com\/wp-content\/uploads\/2022\/01\/seperator-kleiner-1024x102.png","datePublished":"2017-01-16T09:56:53+00:00","dateModified":"2024-08-19T12:42:01+00:00","description":"Seznamte se s Dodo Inflatables, va\u0161\u00edm spolehliv\u00fdm partnerem pro sk\u00e1kac\u00ed hrady s certifikac\u00ed DIN EN 14960. P\u0159ipojte se k n\u00e1m a vytvo\u0159te bezpe\u010dn\u00e9 a nezapomenuteln\u00e9 chv\u00edle radosti ze sk\u00e1k\u00e1n\u00ed.","breadcrumb":{"@id":"https:\/\/dodo-inflatables.com\/cs\/o-nas\/#breadcrumb"},"inLanguage":"cs","potentialAction":[{"@type":"ReadAction","target":["https:\/\/dodo-inflatables.com\/cs\/o-nas\/"]}]},{"@type":"ImageObject","inLanguage":"cs","@id":"https:\/\/dodo-inflatables.com\/cs\/o-nas\/#primaryimage","url":"https:\/\/dodo-inflatables.com\/wp-content\/uploads\/2022\/01\/seperator-kleiner-1024x102.png","contentUrl":"https:\/\/dodo-inflatables.com\/wp-content\/uploads\/2022\/01\/seperator-kleiner-1024x102.png"},{"@type":"BreadcrumbList","@id":"https:\/\/dodo-inflatables.com\/cs\/o-nas\/#breadcrumb","itemListElement":[{"@type":"ListItem","position":1,"name":"Dom\u016f","item":"https:\/\/dodo-inflatables.com\/cs\/"},{"@type":"ListItem","position":2,"name":"O n\u00e1s"}]},{"@type":"WebSite","@id":"https:\/\/dodo-inflatables.com\/cs\/#website","url":"https:\/\/dodo-inflatables.com\/cs\/","name":"dodo-inflatables.com","description":"Nakupujte sk\u00e1kac\u00ed hrady a atrakce v na\u0161em obchod\u011b.","publisher":{"@id":"https:\/\/dodo-inflatables.com\/cs\/#organization"},"potentialAction":[{"@type":"SearchAction","target":{"@type":"EntryPoint","urlTemplate":"https:\/\/dodo-inflatables.com\/cs\/?s={search_term_string}"},"query-input":{"@type":"PropertyValueSpecification","valueRequired":true,"valueName":"search_term_string"}}],"inLanguage":"cs"},{"@type":"Organization","@id":"https:\/\/dodo-inflatables.com\/cs\/#organization","name":"dodo-inflatables.com","url":"https:\/\/dodo-inflatables.com\/cs\/","logo":{"@type":"ImageObject","inLanguage":"cs","@id":"https:\/\/dodo-inflatables.com\/cs\/#\/schema\/logo\/image\/","url":"https:\/\/dodo-inflatables.com\/wp-content\/uploads\/2023\/04\/cropped-cropped-cropped-Dodo-Logo.png","contentUrl":"https:\/\/dodo-inflatables.com\/wp-content\/uploads\/2023\/04\/cropped-cropped-cropped-Dodo-Logo.png","width":2996,"height":1545,"caption":"dodo-inflatables.com"},"image":{"@id":"https:\/\/dodo-inflatables.com\/cs\/#\/schema\/logo\/image\/"}}]}},"uagb_featured_image_src":{"full":false,"thumbnail":false,"medium":false,"medium_large":false,"large":false,"1536x1536":false,"2048x2048":false,"woocommerce_thumbnail":false,"woocommerce_single":false,"woocommerce_gallery_thumbnail":false},"uagb_author_info":{"display_name":"Andreas","author_link":"https:\/\/dodo-inflatables.com\/cs\/author\/andreas\/"},"uagb_comment_info":0,"uagb_excerpt":"V\u00edtejte na Dodo-Inflatables.com! Proto\u017ee se ji\u017e v\u00edce ne\u017e 10 let zab\u00fdv\u00e1me pron\u00e1jmem sk\u00e1kac\u00edch hrad\u016f a dal\u0161\u00edch modul\u016f pro akce, rozhodli jsme se p\u0159evz\u00edt tak\u00e9 prodej sk\u00e1kac\u00edch hrad\u016f. D\u00edky na\u0161\u00ed vlastn\u00ed \u010dinnosti v oblasti pron\u00e1jmu v\u00edme, co je d\u016fle\u017eit\u00e9, pokud jde o profesion\u00e1ln\u011b pou\u017e\u00edvan\u00e9 nafukovac\u00ed stroje. Chceme t\u00e9to v\u00fdhody vyu\u017e\u00edt a prod\u00e1vat pouze nafukovac\u00ed za\u0159\u00edzen\u00ed, o&hellip;","_links":{"self":[{"href":"https:\/\/dodo-inflatables.com\/cs\/wp-json\/wp\/v2\/pages\/12518","targetHints":{"allow":["GET"]}}],"collection":[{"href":"https:\/\/dodo-inflatables.com\/cs\/wp-json\/wp\/v2\/pages"}],"about":[{"href":"https:\/\/dodo-inflatables.com\/cs\/wp-json\/wp\/v2\/types\/page"}],"author":[{"embeddable":true,"href":"https:\/\/dodo-inflatables.com\/cs\/wp-json\/wp\/v2\/users\/1"}],"replies":[{"embeddable":true,"href":"https:\/\/dodo-inflatables.com\/cs\/wp-json\/wp\/v2\/comments?post=12518"}],"version-history":[{"count":6,"href":"https:\/\/dodo-inflatables.com\/cs\/wp-json\/wp\/v2\/pages\/12518\/revisions"}],"predecessor-version":[{"id":38906,"href":"https:\/\/dodo-inflatables.com\/cs\/wp-json\/wp\/v2\/pages\/12518\/revisions\/38906"}],"wp:attachment":[{"href":"https:\/\/dodo-inflatables.com\/cs\/wp-json\/wp\/v2\/media?parent=12518"}],"curies":[{"name":"wp","href":"https:\/\/api.w.org\/{rel}","templated":true}]}}