{"id":12523,"date":"2017-01-06T19:43:59","date_gmt":"2017-01-06T18:43:59","guid":{"rendered":"https:\/\/dodo-inflatables.com\/moznosti-platby\/"},"modified":"2024-08-19T14:52:38","modified_gmt":"2024-08-19T12:52:38","slug":"moznosti-platby","status":"publish","type":"page","link":"https:\/\/dodo-inflatables.com\/cs\/moznosti-platby\/","title":{"rendered":"Mo\u017enosti platby"},"content":{"rendered":"\n<h2 class=\"wp-block-heading has-text-align-center\" style=\"font-size:31px\"><strong>Mo\u017enosti platby<\/strong><\/h2>\n\n<p class=\"has-text-align-center\">Nab\u00edz\u00edme r\u016fzn\u00e9 mo\u017enosti platby, kter\u00e9 v\u00e1m umo\u017en\u00ed bezprobl\u00e9mov\u00fd a bezpe\u010dn\u00fd n\u00e1kup.<br\/>Pokud m\u00e1te jak\u00e9koli dotazy ohledn\u011b na\u0161ich platebn\u00edch metod, nev\u00e1hejte n\u00e1s kontaktovat.<\/p>\n\n<div style=\"height:55px\" aria-hidden=\"true\" class=\"wp-block-spacer\"><\/div>\n\n<div class=\"wp-block-columns is-layout-flex wp-container-core-columns-is-layout-e0e4babd wp-block-columns-is-layout-flex\" style=\"padding-right:0;padding-left:0\">\n<div class=\"wp-block-column is-vertically-aligned-center is-layout-flow wp-block-column-is-layout-flow\" style=\"flex-basis:15%\">\n<figure class=\"wp-block-image alignwide size-full\"><a href=\"https:\/\/dodo-inflatables.com\/wp-content\/uploads\/2024\/03\/2.png\"><img decoding=\"async\" src=\"https:\/\/dodo-inflatables.com\/wp-content\/uploads\/2024\/03\/2.png\" alt=\"\" class=\"wp-image-7141\"\/><\/a><\/figure>\n<\/div>\n\n\n\n<div class=\"wp-block-column is-layout-flow wp-block-column-is-layout-flow\" style=\"flex-basis:85%\">\n<p><strong>Bankovn\u00ed p\u0159evod<\/strong><br\/>P\u0159evod p\u0159\u00edmo na n\u00e1\u0161 bankovn\u00ed \u00fa\u010det. Jako d\u016fvod platby uve\u010fte \u010d\u00edslo objedn\u00e1vky. Va\u0161e objedn\u00e1vka bude odesl\u00e1na a\u017e pot\u00e9, co obdr\u017e\u00edme pen\u00edze na n\u00e1\u0161 \u00fa\u010det. Pokud pot\u0159ebujete objedn\u00e1vku vy\u0159\u00eddit rychle, sta\u010d\u00ed n\u00e1m e-mailem zaslat doklad o zaplacen\u00ed p\u0159evodu a my cel\u00fd proces urychl\u00edme.<\/p>\n<\/div>\n<\/div>\n\n<div style=\"height:40px\" aria-hidden=\"true\" class=\"wp-block-spacer\"><\/div>\n\n<div class=\"wp-block-columns is-layout-flex wp-container-core-columns-is-layout-28f84493 wp-block-columns-is-layout-flex\">\n<div class=\"wp-block-column is-vertically-aligned-center is-layout-flow wp-block-column-is-layout-flow\" style=\"flex-basis:15%\">\n<figure class=\"wp-block-image alignwide size-full\"><a href=\"https:\/\/dodo-inflatables.com\/wp-content\/uploads\/2024\/03\/7.png\"><img decoding=\"async\" src=\"https:\/\/dodo-inflatables.com\/wp-content\/uploads\/2024\/03\/7.png\" alt=\"\" class=\"wp-image-7142\"\/><\/a><\/figure>\n<\/div>\n\n\n\n<div class=\"wp-block-column is-layout-flow wp-block-column-is-layout-flow\" style=\"flex-basis:85%\">\n<p><strong>PayPal<\/strong><br\/>N\u00e1kupy m\u016f\u017eete snadno a bezpe\u010dn\u011b zaplatit pomoc\u00ed slu\u017eby PayPal. Pro zpracov\u00e1n\u00ed plateb sta\u010d\u00ed propojit kreditn\u00ed kartu, bankovn\u00ed \u00fa\u010det nebo pou\u017e\u00edt z\u016fstatek na \u00fa\u010dtu PayPal. Va\u0161e transakce jsou chr\u00e1n\u011bny a va\u0161e \u00fadaje z\u016fst\u00e1vaj\u00ed soukrom\u00e9. Jakmile bude va\u0161e platba potvrzena, bude va\u0161e objedn\u00e1vka zpracov\u00e1na a okam\u017eit\u011b odesl\u00e1na.<\/p>\n<\/div>\n<\/div>\n\n<div style=\"height:40px\" aria-hidden=\"true\" class=\"wp-block-spacer\"><\/div>\n\n<div class=\"wp-block-columns is-layout-flex wp-container-core-columns-is-layout-28f84493 wp-block-columns-is-layout-flex\">\n<div class=\"wp-block-column is-vertically-aligned-center is-layout-flow wp-block-column-is-layout-flow\" style=\"flex-basis:15%\">\n<figure class=\"wp-block-image alignwide size-full\"><a href=\"https:\/\/dodo-inflatables.com\/wp-content\/uploads\/2024\/03\/7.png\"><img decoding=\"async\" src=\"https:\/\/dodo-inflatables.com\/wp-content\/uploads\/2024\/03\/7.png\" alt=\"\" class=\"wp-image-7142\"\/><\/a><\/figure>\n<\/div>\n\n\n\n<div class=\"wp-block-column is-layout-flow wp-block-column-is-layout-flow\" style=\"flex-basis:85%\">\n<p><strong>Platba na spl\u00e1tky p\u0159es PayPal<\/strong><br\/>Snadno zapla\u0165te za po\u017eadovan\u00fd produkt pomoc\u00ed 12 m\u011bs\u00ed\u010dn\u00edch spl\u00e1tek. Sta\u010d\u00ed p\u0159idat po\u017eadovan\u00e9 polo\u017eky do n\u00e1kupn\u00edho ko\u0161\u00edku a v pokladn\u011b zvolit platebn\u00ed metodu PayPal. V dal\u0161\u00edm kroku budete p\u0159esm\u011brov\u00e1ni na poskytovatele platebn\u00edch slu\u017eeb PayPal. Zde pak kliknete na mo\u017enost spl\u00e1tky PayPal, kter\u00e1 je v\u00e1m k dispozici, pokud m\u00e1te dobrou \u00fav\u011brovou bonitu. Plat\u00ed pouze pro soukrom\u00e9 z\u00e1kazn\u00edky.<\/p>\n<\/div>\n<\/div>\n\n<div style=\"height:40px\" aria-hidden=\"true\" class=\"wp-block-spacer\"><\/div>\n\n<div class=\"wp-block-columns is-layout-flex wp-container-core-columns-is-layout-28f84493 wp-block-columns-is-layout-flex\">\n<div class=\"wp-block-column is-vertically-aligned-center is-layout-flow wp-block-column-is-layout-flow\" style=\"flex-basis:15%\">\n<figure class=\"wp-block-image alignwide size-full\"><a href=\"https:\/\/dodo-inflatables.com\/wp-content\/uploads\/2024\/03\/9.png\"><img decoding=\"async\" src=\"https:\/\/dodo-inflatables.com\/wp-content\/uploads\/2024\/03\/9.png\" alt=\"\" class=\"wp-image-7144\"\/><\/a><\/figure>\n<\/div>\n\n\n\n<div class=\"wp-block-column is-vertically-aligned-center is-layout-flow wp-block-column-is-layout-flow\" style=\"flex-basis:85%\">\n<p><strong>Kreditn\u00ed karta<\/strong><br\/>Objedn\u00e1vku m\u016f\u017eete bezpe\u010dn\u011b a pohodln\u011b zaplatit kreditn\u00ed kartou. P\u0159ij\u00edm\u00e1me kreditn\u00ed karty Visa, MasterCard a American Express. Platbu provedete snadno a rychle b\u011bhem procesu objedn\u00e1vky. Va\u0161e objedn\u00e1vka bude odesl\u00e1na ihned po \u00fasp\u011b\u0161n\u00e9 autorizaci.<\/p>\n<\/div>\n<\/div>\n\n<div style=\"height:40px\" aria-hidden=\"true\" class=\"wp-block-spacer\"><\/div>\n\n<div class=\"wp-block-columns is-layout-flex wp-container-core-columns-is-layout-28f84493 wp-block-columns-is-layout-flex\">\n<div class=\"wp-block-column is-vertically-aligned-center is-layout-flow wp-block-column-is-layout-flow\" style=\"flex-basis:15%\">\n<figure class=\"wp-block-image alignwide size-full\"><a href=\"https:\/\/dodo-inflatables.com\/wp-content\/uploads\/2024\/03\/13.png\"><img decoding=\"async\" src=\"https:\/\/dodo-inflatables.com\/wp-content\/uploads\/2024\/03\/13.png\" alt=\"\" class=\"wp-image-7148\"\/><\/a><\/figure>\n<\/div>\n\n\n\n<div class=\"wp-block-column is-layout-flow wp-block-column-is-layout-flow\" style=\"flex-basis:85%\">\n<p><strong>Klarna<\/strong><br\/>Se slu\u017ebou Klarna m\u016f\u017eete za sv\u00e9 n\u00e1kupy platit ve spl\u00e1tk\u00e1ch, uhradit fakturovanou \u010d\u00e1stku pozd\u011bji nebo zaplatit ihned pomoc\u00ed preferovan\u00e9ho zp\u016fsobu platby. P\u0159i placen\u00ed si vyberte Klarnu a u\u017eijte si jednoduchou a bezpe\u010dnou platbu. Va\u0161e objedn\u00e1vka bude rychle zpracov\u00e1na a po dokon\u010den\u00ed platby bude odesl\u00e1na k v\u00e1m. K dispozici pouze v Belgii, N\u011bmecku, Nizozemsku, \u0160v\u00fdcarsku, Rakousku, D\u00e1nsku, Finsku, Norsku a \u0160v\u00e9dsku.<\/p>\n<\/div>\n<\/div>\n\n<div style=\"height:40px\" aria-hidden=\"true\" class=\"wp-block-spacer\"><\/div>\n\n<div class=\"wp-block-columns is-layout-flex wp-container-core-columns-is-layout-28f84493 wp-block-columns-is-layout-flex\">\n<div class=\"wp-block-column is-vertically-aligned-center is-layout-flow wp-block-column-is-layout-flow\" style=\"flex-basis:15%\">\n<figure class=\"wp-block-image alignwide size-full\"><a href=\"https:\/\/dodo-inflatables.com\/wp-content\/uploads\/2024\/03\/11.png\"><img decoding=\"async\" src=\"https:\/\/dodo-inflatables.com\/wp-content\/uploads\/2024\/03\/11.png\" alt=\"\" class=\"wp-image-7146\"\/><\/a><\/figure>\n<\/div>\n\n\n\n<div class=\"wp-block-column is-layout-flow wp-block-column-is-layout-flow\" style=\"flex-basis:85%\">\n<p><strong>Apple Pay<\/strong><br\/>Pla\u0165te jednodu\u0161e a bezpe\u010dn\u011b iPhonem, iPadem, Macem nebo hodinkami Apple Watch. P\u0159idejte sv\u00e9 kreditn\u00ed nebo debetn\u00ed karty do Apple Pay a pla\u0165te pouh\u00fdm klepnut\u00edm nebo pohledem. Va\u0161e transakce jsou bezpe\u010dn\u00e9 a chr\u00e1n\u011bn\u00e9 pomoc\u00ed Touch ID nebo Face ID. Jakmile bude va\u0161e platba schv\u00e1lena, bude va\u0161e objedn\u00e1vka zpracov\u00e1na a okam\u017eit\u011b odesl\u00e1na.<\/p>\n<\/div>\n<\/div>\n\n<div style=\"height:40px\" aria-hidden=\"true\" class=\"wp-block-spacer\"><\/div>\n\n<div class=\"wp-block-columns is-layout-flex wp-container-core-columns-is-layout-28f84493 wp-block-columns-is-layout-flex\">\n<div class=\"wp-block-column is-vertically-aligned-center is-layout-flow wp-block-column-is-layout-flow\" style=\"flex-basis:15%\">\n<figure class=\"wp-block-image alignwide size-full\"><a href=\"https:\/\/dodo-inflatables.com\/wp-content\/uploads\/2024\/03\/12.png\"><img decoding=\"async\" src=\"https:\/\/dodo-inflatables.com\/wp-content\/uploads\/2024\/03\/12.png\" alt=\"\" class=\"wp-image-7147\"\/><\/a><\/figure>\n<\/div>\n\n\n\n<div class=\"wp-block-column is-layout-flow wp-block-column-is-layout-flow\" style=\"flex-basis:85%\">\n<p><strong>Google Pay<\/strong><br\/>P\u0159idejte sv\u00e9 kreditn\u00ed nebo debetn\u00ed karty do slu\u017eby Google Pay a pla\u0165te online pomoc\u00ed za\u0159\u00edzen\u00ed se syst\u00e9mem Android. \u00dadaje o va\u0161\u00ed kart\u011b jsou za\u0161ifrov\u00e1ny a z\u016fst\u00e1vaj\u00ed soukrom\u00e9. Sta\u010d\u00ed jedno kliknut\u00ed nebo klepnut\u00ed a platba je hotov\u00e1. Po potvrzen\u00ed transakce bude va\u0161e objedn\u00e1vka zpracov\u00e1na a okam\u017eit\u011b odesl\u00e1na.<\/p>\n<\/div>\n<\/div>\n\n<div style=\"height:40px\" aria-hidden=\"true\" class=\"wp-block-spacer\"><\/div>\n\n<div class=\"wp-block-columns is-layout-flex wp-container-core-columns-is-layout-28f84493 wp-block-columns-is-layout-flex\">\n<div class=\"wp-block-column is-vertically-aligned-center is-layout-flow wp-block-column-is-layout-flow\" style=\"flex-basis:15%\">\n<figure class=\"wp-block-image alignwide size-full\"><a href=\"https:\/\/dodo-inflatables.com\/wp-content\/uploads\/2024\/03\/18.png\"><img decoding=\"async\" src=\"https:\/\/dodo-inflatables.com\/wp-content\/uploads\/2024\/03\/18.png\" alt=\"\" class=\"wp-image-7153\"\/><\/a><\/figure>\n<\/div>\n\n\n\n<div class=\"wp-block-column is-layout-flow wp-block-column-is-layout-flow\" style=\"flex-basis:85%\">\n<p><strong>EPS<\/strong><br\/>Pro na\u0161e rakousk\u00e9 z\u00e1kazn\u00edky: EPS umo\u017e\u0148uje platit p\u0159\u00edmo p\u0159es v\u00e1\u0161 \u00fa\u010det v internetov\u00e9m bankovnictv\u00ed. B\u011bhem procesu objedn\u00e1vky vyberte EPS, zvolte svou banku a p\u0159ihlaste se do sv\u00e9ho internetov\u00e9ho bankovnictv\u00ed, abyste dokon\u010dili platbu. Va\u0161e objedn\u00e1vka bude zpracov\u00e1na a odesl\u00e1na ihned po \u00fasp\u011b\u0161n\u00e9 transakci.<\/p>\n<\/div>\n<\/div>\n\n<div style=\"height:40px\" aria-hidden=\"true\" class=\"wp-block-spacer\"><\/div>\n\n<div class=\"wp-block-columns is-layout-flex wp-container-core-columns-is-layout-28f84493 wp-block-columns-is-layout-flex\">\n<div class=\"wp-block-column is-vertically-aligned-center is-layout-flow wp-block-column-is-layout-flow\" style=\"flex-basis:15%\">\n<figure class=\"wp-block-image alignwide size-full\"><a href=\"https:\/\/dodo-inflatables.com\/wp-content\/uploads\/2024\/03\/14.png\"><img decoding=\"async\" src=\"https:\/\/dodo-inflatables.com\/wp-content\/uploads\/2024\/03\/14.png\" alt=\"\" class=\"wp-image-7149\"\/><\/a><\/figure>\n<\/div>\n\n\n\n<div class=\"wp-block-column is-layout-flow wp-block-column-is-layout-flow\" style=\"flex-basis:85%\">\n<p><strong>Bancontact<\/strong><br\/>Pro na\u0161e belgick\u00e9 z\u00e1kazn\u00edky: Bancontact v\u00e1m umo\u017e\u0148uje platit rychle a pohodln\u011b online. B\u011bhem objedn\u00e1vky vyberte mo\u017enost Bancontact, zadejte sv\u00e9 bankovn\u00ed \u00fadaje a potvr\u010fte platbu bezpe\u010dnostn\u00edm k\u00f3dem nebo chytr\u00fdm telefonem. Va\u0161e objedn\u00e1vka bude okam\u017eit\u011b zpracov\u00e1na a po zaplacen\u00ed putuje k v\u00e1m.<\/p>\n<\/div>\n<\/div>\n\n<div style=\"height:40px\" aria-hidden=\"true\" class=\"wp-block-spacer\"><\/div>\n\n<div class=\"wp-block-columns is-layout-flex wp-container-core-columns-is-layout-28f84493 wp-block-columns-is-layout-flex\">\n<div class=\"wp-block-column is-vertically-aligned-center is-layout-flow wp-block-column-is-layout-flow\" style=\"flex-basis:15%\">\n<figure class=\"wp-block-image alignwide size-full\"><a href=\"https:\/\/dodo-inflatables.com\/wp-content\/uploads\/2024\/03\/15.png\"><img decoding=\"async\" src=\"https:\/\/dodo-inflatables.com\/wp-content\/uploads\/2024\/03\/15.png\" alt=\"\" class=\"wp-image-7150\"\/><\/a><\/figure>\n<\/div>\n\n\n\n<div class=\"wp-block-column is-layout-flow wp-block-column-is-layout-flow\" style=\"flex-basis:85%\">\n<p><strong>iDEAL<\/strong><br\/>Pro na\u0161e nizozemsk\u00e9 z\u00e1kazn\u00edky: Pro holandsk\u00e9 z\u00e1kazn\u00edky: B\u011bhem objedn\u00e1vky zvolte iDEAL, vyberte svou banku a p\u0159ihlaste se do sv\u00e9ho internetov\u00e9ho bankovnictv\u00ed, abyste dokon\u010dili platbu. Va\u0161e objedn\u00e1vka bude zpracov\u00e1na a odesl\u00e1na ihned po \u00fasp\u011b\u0161n\u00e9 transakci.<\/p>\n<\/div>\n<\/div>\n\n<div style=\"height:40px\" aria-hidden=\"true\" class=\"wp-block-spacer\"><\/div>\n\n<div class=\"wp-block-columns is-layout-flex wp-container-core-columns-is-layout-28f84493 wp-block-columns-is-layout-flex\">\n<div class=\"wp-block-column is-vertically-aligned-center is-layout-flow wp-block-column-is-layout-flow\" style=\"flex-basis:15%\">\n<figure class=\"wp-block-image alignwide size-full\"><a href=\"https:\/\/dodo-inflatables.com\/wp-content\/uploads\/2024\/03\/16.png\"><img decoding=\"async\" src=\"https:\/\/dodo-inflatables.com\/wp-content\/uploads\/2024\/03\/16.png\" alt=\"\" class=\"wp-image-7151\"\/><\/a><\/figure>\n<\/div>\n\n\n\n<div class=\"wp-block-column is-layout-flow wp-block-column-is-layout-flow\" style=\"flex-basis:85%\">\n<p><strong>Przelewy24<\/strong><br\/>Pro na\u0161e polsk\u00e9 z\u00e1kazn\u00edky: Pro dokon\u010den\u00ed platby zvolte b\u011bhem procesu objedn\u00e1vky mo\u017enost Przelewy24, vyberte svou banku a p\u0159ihlaste se do sv\u00e9ho internetov\u00e9ho bankovnictv\u00ed. Va\u0161e objedn\u00e1vka bude zpracov\u00e1na a odesl\u00e1na ihned po \u00fasp\u011b\u0161n\u00e9 transakci.<\/p>\n<\/div>\n<\/div>\n\n<p><\/p>\n","protected":false},"excerpt":{"rendered":"<p>Mo\u017enosti platby Nab\u00edz\u00edme r\u016fzn\u00e9 mo\u017enosti platby, kter\u00e9 v\u00e1m umo\u017en\u00ed bezprobl\u00e9mov\u00fd a bezpe\u010dn\u00fd n\u00e1kup.Pokud m\u00e1te jak\u00e9koli dotazy ohledn\u011b na\u0161ich platebn\u00edch metod, nev\u00e1hejte n\u00e1s kontaktovat. Bankovn\u00ed p\u0159evodP\u0159evod p\u0159\u00edmo na n\u00e1\u0161 bankovn\u00ed \u00fa\u010det. Jako d\u016fvod platby uve\u010fte \u010d\u00edslo objedn\u00e1vky. Va\u0161e objedn\u00e1vka bude odesl\u00e1na a\u017e pot\u00e9, co obdr\u017e\u00edme pen\u00edze na n\u00e1\u0161 \u00fa\u010det. Pokud pot\u0159ebujete objedn\u00e1vku vy\u0159\u00eddit rychle, sta\u010d\u00ed n\u00e1m [&hellip;]<\/p>\n","protected":false},"author":1,"featured_media":0,"parent":0,"menu_order":0,"comment_status":"closed","ping_status":"closed","template":"","meta":{"_acf_changed":false,"_uag_custom_page_level_css":"","site-sidebar-layout":"default","site-content-layout":"boxed-container","ast-site-content-layout":"normal-width-container","site-content-style":"boxed","site-sidebar-style":"boxed","ast-global-header-display":"","ast-banner-title-visibility":"","ast-main-header-display":"","ast-hfb-above-header-display":"","ast-hfb-below-header-display":"","ast-hfb-mobile-header-display":"","site-post-title":"disabled","ast-breadcrumbs-content":"disabled","ast-featured-img":"disabled","footer-sml-layout":"","ast-disable-related-posts":"","theme-transparent-header-meta":"","adv-header-id-meta":"7189","stick-header-meta":"","header-above-stick-meta":"","header-main-stick-meta":"","header-below-stick-meta":"","astra-migrate-meta-layouts":"default","ast-page-background-enabled":"default","ast-page-background-meta":{"desktop":{"background-color":"var(--ast-global-color-4)","background-image":"","background-repeat":"repeat","background-position":"center center","background-size":"auto","background-attachment":"scroll","background-type":"","background-media":"","overlay-type":"","overlay-color":"","overlay-opacity":"","overlay-gradient":""},"tablet":{"background-color":"","background-image":"","background-repeat":"repeat","background-position":"center center","background-size":"auto","background-attachment":"scroll","background-type":"","background-media":"","overlay-type":"","overlay-color":"","overlay-opacity":"","overlay-gradient":""},"mobile":{"background-color":"","background-image":"","background-repeat":"repeat","background-position":"center center","background-size":"auto","background-attachment":"scroll","background-type":"","background-media":"","overlay-type":"","overlay-color":"","overlay-opacity":"","overlay-gradient":""}},"ast-content-background-meta":{"desktop":{"background-color":"var(--ast-global-color-5)","background-image":"","background-repeat":"repeat","background-position":"center center","background-size":"auto","background-attachment":"scroll","background-type":"","background-media":"","overlay-type":"","overlay-color":"","overlay-opacity":"","overlay-gradient":""},"tablet":{"background-color":"var(--ast-global-color-5)","background-image":"","background-repeat":"repeat","background-position":"center center","background-size":"auto","background-attachment":"scroll","background-type":"","background-media":"","overlay-type":"","overlay-color":"","overlay-opacity":"","overlay-gradient":""},"mobile":{"background-color":"var(--ast-global-color-5)","background-image":"","background-repeat":"repeat","background-position":"center center","background-size":"auto","background-attachment":"scroll","background-type":"","background-media":"","overlay-type":"","overlay-color":"","overlay-opacity":"","overlay-gradient":""}},"footnotes":""},"class_list":["post-12523","page","type-page","status-publish","hentry"],"acf":[],"yoast_head":"<!-- This site is optimized with the Yoast SEO plugin v27.5 - https:\/\/yoast.com\/product\/yoast-seo-wordpress\/ -->\n<title>Bezpe\u010dn\u00e9 mo\u017enosti platby pro v\u00e1\u0161 sk\u00e1kac\u00ed hrad Bliss - Dodo Inflatables<\/title>\n<meta name=\"description\" content=\"Vyberte si radost bezpe\u010dn\u011b s Dodo Inflatables! Prozkoumejte r\u016fzn\u00e9 zp\u016fsoby platby a p\u0159ivezte si dom\u016f sk\u00e1kac\u00ed hrady a nafukovac\u00ed atrakce s certifik\u00e1tem DIN EN 14960.\" \/>\n<meta name=\"robots\" content=\"index, follow, max-snippet:-1, max-image-preview:large, max-video-preview:-1\" \/>\n<link rel=\"canonical\" href=\"https:\/\/dodo-inflatables.com\/cs\/moznosti-platby\/\" \/>\n<meta name=\"twitter:label1\" content=\"Odhadovan\u00e1 doba \u010dten\u00ed\" \/>\n\t<meta name=\"twitter:data1\" content=\"4 minuty\" \/>\n<script type=\"application\/ld+json\" class=\"yoast-schema-graph\">{\"@context\":\"https:\\\/\\\/schema.org\",\"@graph\":[{\"@type\":\"WebPage\",\"@id\":\"https:\\\/\\\/dodo-inflatables.com\\\/cs\\\/moznosti-platby\\\/\",\"url\":\"https:\\\/\\\/dodo-inflatables.com\\\/cs\\\/moznosti-platby\\\/\",\"name\":\"Bezpe\u010dn\u00e9 mo\u017enosti platby pro v\u00e1\u0161 sk\u00e1kac\u00ed hrad Bliss - Dodo Inflatables\",\"isPartOf\":{\"@id\":\"https:\\\/\\\/dodo-inflatables.com\\\/cs\\\/#website\"},\"primaryImageOfPage\":{\"@id\":\"https:\\\/\\\/dodo-inflatables.com\\\/cs\\\/moznosti-platby\\\/#primaryimage\"},\"image\":{\"@id\":\"https:\\\/\\\/dodo-inflatables.com\\\/cs\\\/moznosti-platby\\\/#primaryimage\"},\"thumbnailUrl\":\"https:\\\/\\\/dodo-inflatables.com\\\/wp-content\\\/uploads\\\/2024\\\/03\\\/2.png\",\"datePublished\":\"2017-01-06T18:43:59+00:00\",\"dateModified\":\"2024-08-19T12:52:38+00:00\",\"description\":\"Vyberte si radost bezpe\u010dn\u011b s Dodo Inflatables! Prozkoumejte r\u016fzn\u00e9 zp\u016fsoby platby a p\u0159ivezte si dom\u016f sk\u00e1kac\u00ed hrady a nafukovac\u00ed atrakce s certifik\u00e1tem DIN EN 14960.\",\"breadcrumb\":{\"@id\":\"https:\\\/\\\/dodo-inflatables.com\\\/cs\\\/moznosti-platby\\\/#breadcrumb\"},\"inLanguage\":\"cs\",\"potentialAction\":[{\"@type\":\"ReadAction\",\"target\":[\"https:\\\/\\\/dodo-inflatables.com\\\/cs\\\/moznosti-platby\\\/\"]}]},{\"@type\":\"ImageObject\",\"inLanguage\":\"cs\",\"@id\":\"https:\\\/\\\/dodo-inflatables.com\\\/cs\\\/moznosti-platby\\\/#primaryimage\",\"url\":\"https:\\\/\\\/dodo-inflatables.com\\\/wp-content\\\/uploads\\\/2024\\\/03\\\/2.png\",\"contentUrl\":\"https:\\\/\\\/dodo-inflatables.com\\\/wp-content\\\/uploads\\\/2024\\\/03\\\/2.png\"},{\"@type\":\"BreadcrumbList\",\"@id\":\"https:\\\/\\\/dodo-inflatables.com\\\/cs\\\/moznosti-platby\\\/#breadcrumb\",\"itemListElement\":[{\"@type\":\"ListItem\",\"position\":1,\"name\":\"Dom\u016f\",\"item\":\"https:\\\/\\\/dodo-inflatables.com\\\/cs\\\/\"},{\"@type\":\"ListItem\",\"position\":2,\"name\":\"Mo\u017enosti platby\"}]},{\"@type\":\"WebSite\",\"@id\":\"https:\\\/\\\/dodo-inflatables.com\\\/cs\\\/#website\",\"url\":\"https:\\\/\\\/dodo-inflatables.com\\\/cs\\\/\",\"name\":\"dodo-inflatables.com\",\"description\":\"Nakupujte sk\u00e1kac\u00ed hrady a atrakce v na\u0161em obchod\u011b.\",\"potentialAction\":[{\"@type\":\"SearchAction\",\"target\":{\"@type\":\"EntryPoint\",\"urlTemplate\":\"https:\\\/\\\/dodo-inflatables.com\\\/cs\\\/?s={search_term_string}\"},\"query-input\":{\"@type\":\"PropertyValueSpecification\",\"valueRequired\":true,\"valueName\":\"search_term_string\"}}],\"inLanguage\":\"cs\"}]}<\/script>\n<!-- \/ Yoast SEO plugin. -->","yoast_head_json":{"title":"Bezpe\u010dn\u00e9 mo\u017enosti platby pro v\u00e1\u0161 sk\u00e1kac\u00ed hrad Bliss - Dodo Inflatables","description":"Vyberte si radost bezpe\u010dn\u011b s Dodo Inflatables! Prozkoumejte r\u016fzn\u00e9 zp\u016fsoby platby a p\u0159ivezte si dom\u016f sk\u00e1kac\u00ed hrady a nafukovac\u00ed atrakce s certifik\u00e1tem DIN EN 14960.","robots":{"index":"index","follow":"follow","max-snippet":"max-snippet:-1","max-image-preview":"max-image-preview:large","max-video-preview":"max-video-preview:-1"},"canonical":"https:\/\/dodo-inflatables.com\/cs\/moznosti-platby\/","twitter_misc":{"Odhadovan\u00e1 doba \u010dten\u00ed":"4 minuty"},"schema":{"@context":"https:\/\/schema.org","@graph":[{"@type":"WebPage","@id":"https:\/\/dodo-inflatables.com\/cs\/moznosti-platby\/","url":"https:\/\/dodo-inflatables.com\/cs\/moznosti-platby\/","name":"Bezpe\u010dn\u00e9 mo\u017enosti platby pro v\u00e1\u0161 sk\u00e1kac\u00ed hrad Bliss - Dodo Inflatables","isPartOf":{"@id":"https:\/\/dodo-inflatables.com\/cs\/#website"},"primaryImageOfPage":{"@id":"https:\/\/dodo-inflatables.com\/cs\/moznosti-platby\/#primaryimage"},"image":{"@id":"https:\/\/dodo-inflatables.com\/cs\/moznosti-platby\/#primaryimage"},"thumbnailUrl":"https:\/\/dodo-inflatables.com\/wp-content\/uploads\/2024\/03\/2.png","datePublished":"2017-01-06T18:43:59+00:00","dateModified":"2024-08-19T12:52:38+00:00","description":"Vyberte si radost bezpe\u010dn\u011b s Dodo Inflatables! Prozkoumejte r\u016fzn\u00e9 zp\u016fsoby platby a p\u0159ivezte si dom\u016f sk\u00e1kac\u00ed hrady a nafukovac\u00ed atrakce s certifik\u00e1tem DIN EN 14960.","breadcrumb":{"@id":"https:\/\/dodo-inflatables.com\/cs\/moznosti-platby\/#breadcrumb"},"inLanguage":"cs","potentialAction":[{"@type":"ReadAction","target":["https:\/\/dodo-inflatables.com\/cs\/moznosti-platby\/"]}]},{"@type":"ImageObject","inLanguage":"cs","@id":"https:\/\/dodo-inflatables.com\/cs\/moznosti-platby\/#primaryimage","url":"https:\/\/dodo-inflatables.com\/wp-content\/uploads\/2024\/03\/2.png","contentUrl":"https:\/\/dodo-inflatables.com\/wp-content\/uploads\/2024\/03\/2.png"},{"@type":"BreadcrumbList","@id":"https:\/\/dodo-inflatables.com\/cs\/moznosti-platby\/#breadcrumb","itemListElement":[{"@type":"ListItem","position":1,"name":"Dom\u016f","item":"https:\/\/dodo-inflatables.com\/cs\/"},{"@type":"ListItem","position":2,"name":"Mo\u017enosti platby"}]},{"@type":"WebSite","@id":"https:\/\/dodo-inflatables.com\/cs\/#website","url":"https:\/\/dodo-inflatables.com\/cs\/","name":"dodo-inflatables.com","description":"Nakupujte sk\u00e1kac\u00ed hrady a atrakce v na\u0161em obchod\u011b.","potentialAction":[{"@type":"SearchAction","target":{"@type":"EntryPoint","urlTemplate":"https:\/\/dodo-inflatables.com\/cs\/?s={search_term_string}"},"query-input":{"@type":"PropertyValueSpecification","valueRequired":true,"valueName":"search_term_string"}}],"inLanguage":"cs"}]}},"uagb_featured_image_src":{"full":false,"thumbnail":false,"medium":false,"medium_large":false,"large":false,"1536x1536":false,"2048x2048":false,"woocommerce_thumbnail":false,"woocommerce_single":false,"woocommerce_gallery_thumbnail":false},"uagb_author_info":{"display_name":"Andreas","author_link":"https:\/\/dodo-inflatables.com\/cs\/author\/andreas\/"},"uagb_comment_info":0,"uagb_excerpt":"Mo\u017enosti platby Nab\u00edz\u00edme r\u016fzn\u00e9 mo\u017enosti platby, kter\u00e9 v\u00e1m umo\u017en\u00ed bezprobl\u00e9mov\u00fd a bezpe\u010dn\u00fd n\u00e1kup.Pokud m\u00e1te jak\u00e9koli dotazy ohledn\u011b na\u0161ich platebn\u00edch metod, nev\u00e1hejte n\u00e1s kontaktovat. Bankovn\u00ed p\u0159evodP\u0159evod p\u0159\u00edmo na n\u00e1\u0161 bankovn\u00ed \u00fa\u010det. Jako d\u016fvod platby uve\u010fte \u010d\u00edslo objedn\u00e1vky. Va\u0161e objedn\u00e1vka bude odesl\u00e1na a\u017e pot\u00e9, co obdr\u017e\u00edme pen\u00edze na n\u00e1\u0161 \u00fa\u010det. Pokud pot\u0159ebujete objedn\u00e1vku vy\u0159\u00eddit rychle, sta\u010d\u00ed n\u00e1m&hellip;","_links":{"self":[{"href":"https:\/\/dodo-inflatables.com\/cs\/wp-json\/wp\/v2\/pages\/12523","targetHints":{"allow":["GET"]}}],"collection":[{"href":"https:\/\/dodo-inflatables.com\/cs\/wp-json\/wp\/v2\/pages"}],"about":[{"href":"https:\/\/dodo-inflatables.com\/cs\/wp-json\/wp\/v2\/types\/page"}],"author":[{"embeddable":true,"href":"https:\/\/dodo-inflatables.com\/cs\/wp-json\/wp\/v2\/users\/1"}],"replies":[{"embeddable":true,"href":"https:\/\/dodo-inflatables.com\/cs\/wp-json\/wp\/v2\/comments?post=12523"}],"version-history":[{"count":3,"href":"https:\/\/dodo-inflatables.com\/cs\/wp-json\/wp\/v2\/pages\/12523\/revisions"}],"predecessor-version":[{"id":16122,"href":"https:\/\/dodo-inflatables.com\/cs\/wp-json\/wp\/v2\/pages\/12523\/revisions\/16122"}],"wp:attachment":[{"href":"https:\/\/dodo-inflatables.com\/cs\/wp-json\/wp\/v2\/media?parent=12523"}],"curies":[{"name":"wp","href":"https:\/\/api.w.org\/{rel}","templated":true}]}}