{"id":105627,"date":"2026-04-04T13:54:47","date_gmt":"2026-04-04T11:54:47","guid":{"rendered":"https:\/\/dodo-inflatables.com\/dodo-relaunch?product=mala-startovaci-sada-huawei-15-hp"},"modified":"2026-04-04T13:54:47","modified_gmt":"2026-04-04T11:54:47","slug":"mala-startovaci-sada-huawei-15-hp","status":"publish","type":"product","link":"https:\/\/dodo-inflatables.com\/cs\/produkt\/mala-startovaci-sada-huawei-15-hp\/","title":{"rendered":"Mal\u00e1 startovac\u00ed sada &#8211; Huawei 1,5 HP"},"content":{"rendered":"<h2>Mal\u00e1 startovac\u00ed sada &#8211; Huawei \u2013 V\u0161e, co pot\u0159ebujete pro dokonal\u00fd start se sk\u00e1kac\u00edm hradem!<\/h2>\n<p>&nbsp;<br \/>\nKoupili jste sk\u00e1kac\u00ed hrad a chcete hned za\u010d\u00edt? Pak je na\u0161e Mal\u00e1 startovac\u00ed sada &#8211; Huawei p\u0159esn\u011b to, co pot\u0159ebujete! Obsahuje ve\u0161ker\u00e9 nezbytn\u00e9 p\u0159\u00edslu\u0161enstv\u00ed pot\u0159ebn\u00e9 pro bezpe\u010dn\u00fd a hladk\u00fd provoz va\u0161eho sk\u00e1kac\u00edho hradu \u2013 a jako bonus je zdarma p\u0159ilo\u017een defl\u00e1tor!<br \/>\n<em><strong>Tato sada obsahuje:<\/strong><\/em><br \/>\n\u2705 <strong>Ventil\u00e1tor Huawei (1,5 HP) &#8211; <\/strong><br \/>\nSiln\u00fd a spolehliv\u00fd ventil\u00e1tor je srdcem ka\u017ed\u00e9ho sk\u00e1kac\u00edho hradu. Ventil\u00e1tor Huawei 1,5 HP zaji\u0161\u0165uje rychl\u00e9 a rovnom\u011brn\u00e9 nafukov\u00e1n\u00ed, tak\u017ee v\u00e1\u0161 sk\u00e1kac\u00ed hrad je p\u0159ipraven k pou\u017eit\u00ed v m\u017eiku. Pracuje efektivn\u011b, je vyroben na dlouhou dobu a je dokonale p\u0159izp\u016fsoben po\u017eadavk\u016fm nafukovac\u00edch sk\u00e1kac\u00edch hrad\u016f.<br \/>\n\u2705 <strong>Zemn\u00ed kol\u00edky pro bezpe\u010dn\u00e9 ukotven\u00ed &#8211; <\/strong><br \/>\nAby v\u00e1\u0161 sk\u00e1kac\u00ed hrad z\u016fstal stabiln\u00ed a bezpe\u010dn\u011b na m\u00edst\u011b, jsou v sad\u011b zahrnuty vysoce kvalitn\u00ed zemn\u00ed kol\u00edky. Pom\u00e1haj\u00ed zajistit, aby va\u0161e nafukovac\u00ed konstrukce z\u016fstala pevn\u011b um\u00edst\u011bna, i p\u0159i intenzivn\u00edm pou\u017e\u00edv\u00e1n\u00ed a energick\u00e9m sk\u00e1k\u00e1n\u00ed, a tak\u00e9 poskytuj\u00ed zv\u00fd\u0161en\u00e9 zabezpe\u010den\u00ed p\u0159i m\u00edrn\u00e9m v\u011btru. Snadn\u00e9 pou\u017eit\u00ed, maxim\u00e1ln\u00ed bezpe\u010dnost!<br \/>\n\u2705 <strong>Podlo\u017en\u00e1 plachta (5 x 6 m) \u2013 Ochrana pro v\u00e1\u0161 sk\u00e1kac\u00ed hrad &#8211; <\/strong><br \/>\nDobr\u00e1 podlo\u017en\u00e1 plachta je nezbytn\u00e1 pro ochranu va\u0161eho sk\u00e1kac\u00edho hradu p\u0159ed ne\u010distotami, mal\u00fdmi kam\u00ednky a nerovn\u00fdmi povrchy. P\u0159ilo\u017een\u00e1 podlo\u017en\u00e1 plachta 5 x 6 m poskytuje trvalou ochrannou vrstvu a pom\u00e1h\u00e1 prodlou\u017eit \u017eivotnost va\u0161\u00ed nafukovac\u00ed konstrukce.<br \/>\n\ud83d\udca8 <strong>Zdarma v sad\u011b: Defl\u00e1tor \u2013 pro rychlej\u0161\u00ed balen\u00ed! &#8211; <\/strong><br \/>\nPo skon\u010den\u00ed z\u00e1bavy je t\u0159eba sk\u00e1kac\u00ed hrad vyfoukout a ulo\u017eit \u2013 a pr\u00e1v\u011b zde p\u0159ich\u00e1z\u00ed defl\u00e1tor! Toto praktick\u00e9 p\u0159\u00edslu\u0161enstv\u00ed pom\u00e1h\u00e1 odv\u00e9st vzduch mnohem rychleji, tak\u017ee balen\u00ed je rychl\u00e9 a snadn\u00e9.<br \/>\n<strong>Pro\u010d zvolit tuto startovac\u00ed sadu?<\/strong><br \/>\n\u2714 <em>Dokonale slad\u011bn\u00e9 p\u0159\u00edslu\u0161enstv\u00ed<\/em> \u2013 V\u0161e, co pot\u0159ebujete pro za\u010d\u00e1tek v jedn\u00e9 praktick\u00e9 sad\u011b.<br \/>\n\u2714 <em>Rychl\u00e9 nastaven\u00ed a bezpe\u010dn\u00fd provoz<\/em> \u2013 D\u00edky v\u00fdkonn\u00e9mu ventil\u00e1toru a robustn\u00edm zemn\u00edm kol\u00edk\u016fm.<br \/>\n\u2714 <em>Del\u0161\u00ed \u017eivotnost va\u0161eho sk\u00e1kac\u00edho hradu<\/em> \u2013 S ochrannou podlo\u017enou plachtou.<br \/>\n\u2714 <em>Snaz\u0161\u00ed balen\u00ed<\/em> \u2013 Bezplatn\u00fd defl\u00e1tor v\u00e1m u\u0161et\u0159\u00ed \u010das a n\u00e1mahu!<br \/>\nSe Malou startovac\u00ed sadou &#8211; Huawei jste pln\u011b vybaveni a p\u0159ipraveni okam\u017eit\u011b za\u010d\u00edt.<\/p>\n","protected":false},"excerpt":{"rendered":"<p>\u2714 <em>Dokonale slad\u011bn\u00e9 p\u0159\u00edslu\u0161enstv\u00ed<\/em> \u2013 V\u0161e, co pot\u0159ebujete pro za\u010d\u00e1tek v jedn\u00e9 praktick\u00e9 sad\u011b.<br \/>\n\u2714 <em>Rychl\u00e9 nastaven\u00ed a bezpe\u010dn\u00fd provoz<\/em> \u2013 D\u00edky v\u00fdkonn\u00e9mu ventil\u00e1toru a robustn\u00edm zemn\u00edm kol\u00edk\u016fm.<br \/>\n\u2714 <em>Del\u0161\u00ed \u017eivotnost va\u0161eho sk\u00e1kac\u00edho hradu<\/em> \u2013 S ochrannou podlo\u017enou plachtou.<br \/>\n\u2714 <em>Snaz\u0161\u00ed balen\u00ed<\/em> \u2013 Bezplatn\u00fd defl\u00e1tor v\u00e1m u\u0161et\u0159\u00ed \u010das a n\u00e1mahu!<\/p>\n","protected":false},"featured_media":105625,"comment_status":"open","ping_status":"closed","template":"","meta":{"_acf_changed":false,"_uag_custom_page_level_css":"","site-sidebar-layout":"default","site-content-layout":"boxed-container","ast-site-content-layout":"normal-width-container","site-content-style":"boxed","site-sidebar-style":"default","ast-global-header-display":"","ast-banner-title-visibility":"","ast-main-header-display":"","ast-hfb-above-header-display":"","ast-hfb-below-header-display":"","ast-hfb-mobile-header-display":"","site-post-title":"disabled","ast-breadcrumbs-content":"","ast-featured-img":"","footer-sml-layout":"","ast-disable-related-posts":"","theme-transparent-header-meta":"default","adv-header-id-meta":"","stick-header-meta":"default","header-above-stick-meta":"","header-main-stick-meta":"","header-below-stick-meta":"","astra-migrate-meta-layouts":"default","ast-page-background-enabled":"default","ast-page-background-meta":{"desktop":{"background-color":"var(--ast-global-color-4)","background-image":"","background-repeat":"repeat","background-position":"center center","background-size":"auto","background-attachment":"scroll","background-type":"","background-media":"","overlay-type":"","overlay-color":"","overlay-opacity":"","overlay-gradient":""},"tablet":{"background-color":"","background-image":"","background-repeat":"repeat","background-position":"center center","background-size":"auto","background-attachment":"scroll","background-type":"","background-media":"","overlay-type":"","overlay-color":"","overlay-opacity":"","overlay-gradient":""},"mobile":{"background-color":"","background-image":"","background-repeat":"repeat","background-position":"center center","background-size":"auto","background-attachment":"scroll","background-type":"","background-media":"","overlay-type":"","overlay-color":"","overlay-opacity":"","overlay-gradient":""}},"ast-content-background-meta":{"desktop":{"background-color":"var(--ast-global-color-5)","background-image":"","background-repeat":"repeat","background-position":"center center","background-size":"auto","background-attachment":"scroll","background-type":"","background-media":"","overlay-type":"","overlay-color":"","overlay-opacity":"","overlay-gradient":""},"tablet":{"background-color":"var(--ast-global-color-5)","background-image":"","background-repeat":"repeat","background-position":"center center","background-size":"auto","background-attachment":"scroll","background-type":"","background-media":"","overlay-type":"","overlay-color":"","overlay-opacity":"","overlay-gradient":""},"mobile":{"background-color":"var(--ast-global-color-5)","background-image":"","background-repeat":"repeat","background-position":"center center","background-size":"auto","background-attachment":"scroll","background-type":"","background-media":"","overlay-type":"","overlay-color":"","overlay-opacity":"","overlay-gradient":""}}},"product_brand":[],"product_cat":[1135],"product_tag":[],"class_list":{"0":"post-105627","1":"product","2":"type-product","3":"status-publish","4":"has-post-thumbnail","6":"product_cat-prislusenstvi","7":"product_shipping_class-zubehor-cs","8":"desktop-align-center","9":"tablet-align-center","10":"mobile-align-center","11":"ast-product-gallery-layout-horizontal","12":"ast-product-tabs-layout-horizontal","14":"first","15":"instock","16":"sale","17":"taxable","18":"shipping-taxable","19":"purchasable","20":"product-type-simple"},"acf":[],"yoast_head":"<!-- This site is optimized with the Yoast SEO plugin v27.5 - https:\/\/yoast.com\/product\/yoast-seo-wordpress\/ -->\n<title>Mal\u00e1 startovac\u00ed sada - Huawei 1,5 HP pro sk\u00e1kac\u00ed hrady | Dodo Inflatables<\/title>\n<meta name=\"description\" content=\"Mal\u00e1 startovac\u00ed sada - Huawei 1,5 HP \u2013 ventil\u00e1tor 1,5 HP, zemn\u00ed kol\u00edky, podlo\u017en\u00e1 plachta 5 x 6 m a bezplatn\u00fd defl\u00e1tor. V\u0161e, co pot\u0159ebujete pro dokonal\u00fd start se sk\u00e1kac\u00edm hradem.\" \/>\n<meta name=\"robots\" content=\"index, follow, max-snippet:-1, max-image-preview:large, max-video-preview:-1\" \/>\n<link rel=\"canonical\" href=\"https:\/\/dodo-inflatables.com\/cs\/produkt\/mala-startovaci-sada-huawei-15-hp\/\" \/>\n<meta name=\"twitter:label1\" content=\"Odhadovan\u00e1 doba \u010dten\u00ed\" \/>\n\t<meta name=\"twitter:data1\" content=\"2 minuty\" \/>\n<script type=\"application\/ld+json\" class=\"yoast-schema-graph\">{\"@context\":\"https:\\\/\\\/schema.org\",\"@graph\":[{\"@type\":\"WebPage\",\"@id\":\"https:\\\/\\\/dodo-inflatables.com\\\/cs\\\/produkt\\\/mala-startovaci-sada-huawei-15-hp\\\/\",\"url\":\"https:\\\/\\\/dodo-inflatables.com\\\/cs\\\/produkt\\\/mala-startovaci-sada-huawei-15-hp\\\/\",\"name\":\"Mal\u00e1 startovac\u00ed sada - Huawei 1,5 HP pro sk\u00e1kac\u00ed hrady | Dodo Inflatables\",\"isPartOf\":{\"@id\":\"https:\\\/\\\/dodo-inflatables.com\\\/cs\\\/#website\"},\"primaryImageOfPage\":{\"@id\":\"https:\\\/\\\/dodo-inflatables.com\\\/cs\\\/produkt\\\/mala-startovaci-sada-huawei-15-hp\\\/#primaryimage\"},\"image\":{\"@id\":\"https:\\\/\\\/dodo-inflatables.com\\\/cs\\\/produkt\\\/mala-startovaci-sada-huawei-15-hp\\\/#primaryimage\"},\"thumbnailUrl\":\"https:\\\/\\\/dodo-inflatables.com\\\/wp-content\\\/uploads\\\/2026\\\/04\\\/starterset_transparent.png\",\"datePublished\":\"2026-04-04T11:54:47+00:00\",\"description\":\"Mal\u00e1 startovac\u00ed sada - Huawei 1,5 HP \u2013 ventil\u00e1tor 1,5 HP, zemn\u00ed kol\u00edky, podlo\u017en\u00e1 plachta 5 x 6 m a bezplatn\u00fd defl\u00e1tor. V\u0161e, co pot\u0159ebujete pro dokonal\u00fd start se sk\u00e1kac\u00edm hradem.\",\"breadcrumb\":{\"@id\":\"https:\\\/\\\/dodo-inflatables.com\\\/cs\\\/produkt\\\/mala-startovaci-sada-huawei-15-hp\\\/#breadcrumb\"},\"inLanguage\":\"cs\",\"potentialAction\":[{\"@type\":\"ReadAction\",\"target\":[\"https:\\\/\\\/dodo-inflatables.com\\\/cs\\\/produkt\\\/mala-startovaci-sada-huawei-15-hp\\\/\"]}]},{\"@type\":\"ImageObject\",\"inLanguage\":\"cs\",\"@id\":\"https:\\\/\\\/dodo-inflatables.com\\\/cs\\\/produkt\\\/mala-startovaci-sada-huawei-15-hp\\\/#primaryimage\",\"url\":\"https:\\\/\\\/dodo-inflatables.com\\\/wp-content\\\/uploads\\\/2026\\\/04\\\/starterset_transparent.png\",\"contentUrl\":\"https:\\\/\\\/dodo-inflatables.com\\\/wp-content\\\/uploads\\\/2026\\\/04\\\/starterset_transparent.png\",\"width\":1000,\"height\":1000,\"caption\":\"Mal\u00e1 startovac\u00ed sada - Huawei 2 HP pro sk\u00e1kac\u00ed hrady | Dodo Inflatables\"},{\"@type\":\"BreadcrumbList\",\"@id\":\"https:\\\/\\\/dodo-inflatables.com\\\/cs\\\/produkt\\\/mala-startovaci-sada-huawei-15-hp\\\/#breadcrumb\",\"itemListElement\":[{\"@type\":\"ListItem\",\"position\":1,\"name\":\"Dom\u016f\",\"item\":\"https:\\\/\\\/dodo-inflatables.com\\\/cs\\\/\"},{\"@type\":\"ListItem\",\"position\":2,\"name\":\"Obchod\",\"item\":\"https:\\\/\\\/dodo-inflatables.com\\\/cs\\\/obchod\\\/\"},{\"@type\":\"ListItem\",\"position\":3,\"name\":\"Mal\u00e1 startovac\u00ed sada &#8211; Huawei 1,5 HP\"}]},{\"@type\":\"WebSite\",\"@id\":\"https:\\\/\\\/dodo-inflatables.com\\\/cs\\\/#website\",\"url\":\"https:\\\/\\\/dodo-inflatables.com\\\/cs\\\/\",\"name\":\"dodo-inflatables.com\",\"description\":\"Nakupujte sk\u00e1kac\u00ed hrady a atrakce v na\u0161em obchod\u011b.\",\"potentialAction\":[{\"@type\":\"SearchAction\",\"target\":{\"@type\":\"EntryPoint\",\"urlTemplate\":\"https:\\\/\\\/dodo-inflatables.com\\\/cs\\\/?s={search_term_string}\"},\"query-input\":{\"@type\":\"PropertyValueSpecification\",\"valueRequired\":true,\"valueName\":\"search_term_string\"}}],\"inLanguage\":\"cs\"}]}<\/script>\n<!-- \/ Yoast SEO plugin. -->","yoast_head_json":{"title":"Mal\u00e1 startovac\u00ed sada - Huawei 1,5 HP pro sk\u00e1kac\u00ed hrady | Dodo Inflatables","description":"Mal\u00e1 startovac\u00ed sada - Huawei 1,5 HP \u2013 ventil\u00e1tor 1,5 HP, zemn\u00ed kol\u00edky, podlo\u017en\u00e1 plachta 5 x 6 m a bezplatn\u00fd defl\u00e1tor. V\u0161e, co pot\u0159ebujete pro dokonal\u00fd start se sk\u00e1kac\u00edm hradem.","robots":{"index":"index","follow":"follow","max-snippet":"max-snippet:-1","max-image-preview":"max-image-preview:large","max-video-preview":"max-video-preview:-1"},"canonical":"https:\/\/dodo-inflatables.com\/cs\/produkt\/mala-startovaci-sada-huawei-15-hp\/","twitter_misc":{"Odhadovan\u00e1 doba \u010dten\u00ed":"2 minuty"},"schema":{"@context":"https:\/\/schema.org","@graph":[{"@type":"WebPage","@id":"https:\/\/dodo-inflatables.com\/cs\/produkt\/mala-startovaci-sada-huawei-15-hp\/","url":"https:\/\/dodo-inflatables.com\/cs\/produkt\/mala-startovaci-sada-huawei-15-hp\/","name":"Mal\u00e1 startovac\u00ed sada - Huawei 1,5 HP pro sk\u00e1kac\u00ed hrady | Dodo Inflatables","isPartOf":{"@id":"https:\/\/dodo-inflatables.com\/cs\/#website"},"primaryImageOfPage":{"@id":"https:\/\/dodo-inflatables.com\/cs\/produkt\/mala-startovaci-sada-huawei-15-hp\/#primaryimage"},"image":{"@id":"https:\/\/dodo-inflatables.com\/cs\/produkt\/mala-startovaci-sada-huawei-15-hp\/#primaryimage"},"thumbnailUrl":"https:\/\/dodo-inflatables.com\/wp-content\/uploads\/2026\/04\/starterset_transparent.png","datePublished":"2026-04-04T11:54:47+00:00","description":"Mal\u00e1 startovac\u00ed sada - Huawei 1,5 HP \u2013 ventil\u00e1tor 1,5 HP, zemn\u00ed kol\u00edky, podlo\u017en\u00e1 plachta 5 x 6 m a bezplatn\u00fd defl\u00e1tor. V\u0161e, co pot\u0159ebujete pro dokonal\u00fd start se sk\u00e1kac\u00edm hradem.","breadcrumb":{"@id":"https:\/\/dodo-inflatables.com\/cs\/produkt\/mala-startovaci-sada-huawei-15-hp\/#breadcrumb"},"inLanguage":"cs","potentialAction":[{"@type":"ReadAction","target":["https:\/\/dodo-inflatables.com\/cs\/produkt\/mala-startovaci-sada-huawei-15-hp\/"]}]},{"@type":"ImageObject","inLanguage":"cs","@id":"https:\/\/dodo-inflatables.com\/cs\/produkt\/mala-startovaci-sada-huawei-15-hp\/#primaryimage","url":"https:\/\/dodo-inflatables.com\/wp-content\/uploads\/2026\/04\/starterset_transparent.png","contentUrl":"https:\/\/dodo-inflatables.com\/wp-content\/uploads\/2026\/04\/starterset_transparent.png","width":1000,"height":1000,"caption":"Mal\u00e1 startovac\u00ed sada - Huawei 2 HP pro sk\u00e1kac\u00ed hrady | Dodo Inflatables"},{"@type":"BreadcrumbList","@id":"https:\/\/dodo-inflatables.com\/cs\/produkt\/mala-startovaci-sada-huawei-15-hp\/#breadcrumb","itemListElement":[{"@type":"ListItem","position":1,"name":"Dom\u016f","item":"https:\/\/dodo-inflatables.com\/cs\/"},{"@type":"ListItem","position":2,"name":"Obchod","item":"https:\/\/dodo-inflatables.com\/cs\/obchod\/"},{"@type":"ListItem","position":3,"name":"Mal\u00e1 startovac\u00ed sada &#8211; Huawei 1,5 HP"}]},{"@type":"WebSite","@id":"https:\/\/dodo-inflatables.com\/cs\/#website","url":"https:\/\/dodo-inflatables.com\/cs\/","name":"dodo-inflatables.com","description":"Nakupujte sk\u00e1kac\u00ed hrady a atrakce v na\u0161em obchod\u011b.","potentialAction":[{"@type":"SearchAction","target":{"@type":"EntryPoint","urlTemplate":"https:\/\/dodo-inflatables.com\/cs\/?s={search_term_string}"},"query-input":{"@type":"PropertyValueSpecification","valueRequired":true,"valueName":"search_term_string"}}],"inLanguage":"cs"}]}},"uagb_featured_image_src":{"full":["https:\/\/dodo-inflatables.com\/wp-content\/uploads\/2026\/04\/starterset_transparent.png",1000,1000,false],"thumbnail":["https:\/\/dodo-inflatables.com\/wp-content\/uploads\/2026\/04\/starterset_transparent-150x150.png",150,150,true],"medium":["https:\/\/dodo-inflatables.com\/wp-content\/uploads\/2026\/04\/starterset_transparent-300x300.png",300,300,true],"medium_large":["https:\/\/dodo-inflatables.com\/wp-content\/uploads\/2026\/04\/starterset_transparent-768x768.png",768,768,true],"large":["https:\/\/dodo-inflatables.com\/wp-content\/uploads\/2026\/04\/starterset_transparent.png",1000,1000,false],"1536x1536":["https:\/\/dodo-inflatables.com\/wp-content\/uploads\/2026\/04\/starterset_transparent.png",1000,1000,false],"2048x2048":["https:\/\/dodo-inflatables.com\/wp-content\/uploads\/2026\/04\/starterset_transparent.png",1000,1000,false],"woocommerce_thumbnail":["https:\/\/dodo-inflatables.com\/wp-content\/uploads\/2026\/04\/starterset_transparent-900x900.png",900,900,true],"woocommerce_single":["https:\/\/dodo-inflatables.com\/wp-content\/uploads\/2026\/04\/starterset_transparent-900x900.png",900,900,true],"woocommerce_gallery_thumbnail":["https:\/\/dodo-inflatables.com\/wp-content\/uploads\/2026\/04\/starterset_transparent-100x100.png",100,100,true]},"uagb_author_info":{"display_name":"Andreas","author_link":"https:\/\/dodo-inflatables.com\/cs\/author\/"},"uagb_comment_info":0,"uagb_excerpt":"\u2714 Dokonale slad\u011bn\u00e9 p\u0159\u00edslu\u0161enstv\u00ed \u2013 V\u0161e, co pot\u0159ebujete pro za\u010d\u00e1tek v jedn\u00e9 praktick\u00e9 sad\u011b. \u2714 Rychl\u00e9 nastaven\u00ed a bezpe\u010dn\u00fd provoz \u2013 D\u00edky v\u00fdkonn\u00e9mu ventil\u00e1toru a robustn\u00edm zemn\u00edm kol\u00edk\u016fm. \u2714 Del\u0161\u00ed \u017eivotnost va\u0161eho sk\u00e1kac\u00edho hradu \u2013 S ochrannou podlo\u017enou plachtou. \u2714 Snaz\u0161\u00ed balen\u00ed \u2013 Bezplatn\u00fd defl\u00e1tor v\u00e1m u\u0161et\u0159\u00ed \u010das a n\u00e1mahu!","_links":{"self":[{"href":"https:\/\/dodo-inflatables.com\/cs\/wp-json\/wp\/v2\/product\/105627","targetHints":{"allow":["GET"]}}],"collection":[{"href":"https:\/\/dodo-inflatables.com\/cs\/wp-json\/wp\/v2\/product"}],"about":[{"href":"https:\/\/dodo-inflatables.com\/cs\/wp-json\/wp\/v2\/types\/product"}],"replies":[{"embeddable":true,"href":"https:\/\/dodo-inflatables.com\/cs\/wp-json\/wp\/v2\/comments?post=105627"}],"wp:featuredmedia":[{"embeddable":true,"href":"https:\/\/dodo-inflatables.com\/cs\/wp-json\/wp\/v2\/media\/105625"}],"wp:attachment":[{"href":"https:\/\/dodo-inflatables.com\/cs\/wp-json\/wp\/v2\/media?parent=105627"}],"wp:term":[{"taxonomy":"product_brand","embeddable":true,"href":"https:\/\/dodo-inflatables.com\/cs\/wp-json\/wp\/v2\/product_brand?post=105627"},{"taxonomy":"product_cat","embeddable":true,"href":"https:\/\/dodo-inflatables.com\/cs\/wp-json\/wp\/v2\/product_cat?post=105627"},{"taxonomy":"product_tag","embeddable":true,"href":"https:\/\/dodo-inflatables.com\/cs\/wp-json\/wp\/v2\/product_tag?post=105627"}],"curies":[{"name":"wp","href":"https:\/\/api.w.org\/{rel}","templated":true}]}}