{"id":105744,"date":"2026-04-04T13:54:46","date_gmt":"2026-04-04T11:54:46","guid":{"rendered":"https:\/\/dodo-inflatables.com\/dodo-relaunch?product=16-pack-huawei-reh-1-5e-ventilatory-pro-skakaci-hrady"},"modified":"2026-04-04T13:54:46","modified_gmt":"2026-04-04T11:54:46","slug":"16-pack-huawei-reh-1-5e-ventilatory-pro-skakaci-hrady","status":"publish","type":"product","link":"https:\/\/dodo-inflatables.com\/cs\/produkt\/16-pack-huawei-reh-1-5e-ventilatory-pro-skakaci-hrady\/","title":{"rendered":"16-Pack Huawei REH-1.5E ventil\u00e1tory pro sk\u00e1kac\u00ed hrady"},"content":{"rendered":"<h2>16-Pack Huawei REH-1.5E ventil\u00e1tory pro sk\u00e1kac\u00ed hrady \u2013 Nyn\u00ed dostupn\u00e9 jako v\u00fdhodn\u00fd bal\u00ed\u010dek!<\/h2>\n<p>Pro p\u016fj\u010dovny, organiz\u00e1tory akc\u00ed nebo z\u00e1kazn\u00edky s v\u011bt\u0161\u00ed flotou sk\u00e1kac\u00edch hrad\u016f je n\u00e1\u0161 16-Pack ventil\u00e1tor\u016f Huawei REH-1.5E dokonalou volbou. Zajist\u011bte si plnou paletu s 16 ventil\u00e1tory a efektivn\u011b vybavte sv\u016fj invent\u00e1\u0159 t\u00edmto praktick\u00fdm bal\u00ed\u010dkem.<br \/>\n<strong>Pro\u010d zvolit tento set?<\/strong><br \/>\n\u2705 <em>V\u00fdkonn\u00fd pr\u016ftok vzduchu<\/em> \u2013 Ventil\u00e1tory Huawei 1,5 HP zaji\u0161\u0165uj\u00ed rychl\u00e9 nafukov\u00e1n\u00ed a stabiln\u00ed tlak vzduchu, tak\u017ee va\u0161e sk\u00e1kac\u00ed hrady jsou v\u017edy p\u0159ipraveny k pou\u017eit\u00ed.<br \/>\n\u2705 <em>Ide\u00e1ln\u00ed pro v\u011bt\u0161\u00ed invent\u00e1\u0159e<\/em> \u2013 Praktick\u00e9 \u0159e\u0161en\u00ed pro firmy a provozovatele, kte\u0159\u00ed pot\u0159ebuj\u00ed v\u00edce ventil\u00e1tor\u016f pro pravideln\u00e9 pou\u017eit\u00ed.<br \/>\n\u2705 <em>Roz\u0161i\u0159iteln\u00e9 pro je\u0161t\u011b v\u011bt\u0161\u00ed efektivitu<\/em> \u2013 Ventil\u00e1tory jsou kompatibiln\u00ed s:<br \/>\n&#8211; Defl\u00e1torem a dvojit\u00fdm defl\u00e1torem pro rychlej\u0161\u00ed odvod vzduchu p\u0159i balen\u00ed.<br \/>\n&#8211; Topn\u00fdmi n\u00e1stavci pro su\u0161en\u00ed mokr\u00fdch sk\u00e1kac\u00edch hrad\u016f tepl\u00fdm vzduchem (ob\u011b p\u0159\u00edslu\u0161enstv\u00ed prod\u00e1v\u00e1na samostatn\u011b).<br \/>\n<strong>Podrobnosti o produktu (na ventil\u00e1tor):<\/strong><br \/>\n&#8211; Materi\u00e1l: pouzdro z vysoce kvalitn\u00edho plastu<br \/>\n&#8211; V\u00fdkon: 1,35 kW (v\u00fdstup), 1,8 kW (vstup), 1,5 HP<br \/>\n&#8211; P\u0159ipojen\u00ed: Schuko z\u00e1str\u010dka<br \/>\n&#8211; Pr\u016fm\u011br trysky: 14,5 cm<br \/>\n&#8211; Rozm\u011bry: 49 x 38,5 x 49,5 cm<br \/>\n&#8211; Hmotnost: 16,8 kg<br \/>\n&#8211; Hladina hluku: 85 dB<br \/>\n&#8211; Registra\u010dn\u00ed \u010d\u00edslo WEEE: DE 82972723<br \/>\nVyu\u017eijte tento praktick\u00fd bal\u00ed\u010dek k efektivn\u00edmu roz\u0161\u00ed\u0159en\u00ed sv\u00e9ho invent\u00e1\u0159e. Objednejte si svou paletu s 16 ventil\u00e1tory Huawei nyn\u00ed!<\/p>\n","protected":false},"excerpt":{"rendered":"<p><strong>Podrobnosti o produktu (na ventil\u00e1tor):<\/strong><br \/>\n&#8211; Materi\u00e1l: pouzdro z vysoce kvalitn\u00edho plastu<br \/>\n&#8211; V\u00fdkon: 1,35 kW (v\u00fdstup), 1,8 kW (vstup), 1,5 HP<br \/>\n&#8211; P\u0159ipojen\u00ed: Schuko z\u00e1str\u010dka<br \/>\n&#8211; Pr\u016fm\u011br trysky: 14,5 cm<br \/>\n&#8211; Rozm\u011bry: 49 x 38,5 x 49,5 cm<br \/>\n&#8211; Hmotnost: 16,8 kg<br \/>\n&#8211; Hladina hluku: 85 dB<br \/>\n&#8211; Registra\u010dn\u00ed \u010d\u00edslo WEEE: DE 82972723<\/p>\n","protected":false},"featured_media":105743,"comment_status":"open","ping_status":"closed","template":"","meta":{"_acf_changed":false,"_uag_custom_page_level_css":"","site-sidebar-layout":"default","site-content-layout":"boxed-container","ast-site-content-layout":"normal-width-container","site-content-style":"boxed","site-sidebar-style":"default","ast-global-header-display":"","ast-banner-title-visibility":"","ast-main-header-display":"","ast-hfb-above-header-display":"","ast-hfb-below-header-display":"","ast-hfb-mobile-header-display":"","site-post-title":"disabled","ast-breadcrumbs-content":"","ast-featured-img":"","footer-sml-layout":"","ast-disable-related-posts":"","theme-transparent-header-meta":"default","adv-header-id-meta":"","stick-header-meta":"default","header-above-stick-meta":"","header-main-stick-meta":"","header-below-stick-meta":"","astra-migrate-meta-layouts":"default","ast-page-background-enabled":"default","ast-page-background-meta":{"desktop":{"background-color":"var(--ast-global-color-4)","background-image":"","background-repeat":"repeat","background-position":"center center","background-size":"auto","background-attachment":"scroll","background-type":"","background-media":"","overlay-type":"","overlay-color":"","overlay-opacity":"","overlay-gradient":""},"tablet":{"background-color":"","background-image":"","background-repeat":"repeat","background-position":"center center","background-size":"auto","background-attachment":"scroll","background-type":"","background-media":"","overlay-type":"","overlay-color":"","overlay-opacity":"","overlay-gradient":""},"mobile":{"background-color":"","background-image":"","background-repeat":"repeat","background-position":"center center","background-size":"auto","background-attachment":"scroll","background-type":"","background-media":"","overlay-type":"","overlay-color":"","overlay-opacity":"","overlay-gradient":""}},"ast-content-background-meta":{"desktop":{"background-color":"var(--ast-global-color-5)","background-image":"","background-repeat":"repeat","background-position":"center center","background-size":"auto","background-attachment":"scroll","background-type":"","background-media":"","overlay-type":"","overlay-color":"","overlay-opacity":"","overlay-gradient":""},"tablet":{"background-color":"var(--ast-global-color-5)","background-image":"","background-repeat":"repeat","background-position":"center center","background-size":"auto","background-attachment":"scroll","background-type":"","background-media":"","overlay-type":"","overlay-color":"","overlay-opacity":"","overlay-gradient":""},"mobile":{"background-color":"var(--ast-global-color-5)","background-image":"","background-repeat":"repeat","background-position":"center center","background-size":"auto","background-attachment":"scroll","background-type":"","background-media":"","overlay-type":"","overlay-color":"","overlay-opacity":"","overlay-gradient":""}}},"product_brand":[],"product_cat":[1135],"product_tag":[],"class_list":{"0":"post-105744","1":"product","2":"type-product","3":"status-publish","4":"has-post-thumbnail","6":"product_cat-prislusenstvi","7":"product_shipping_class-spedition-hupfburg-cs","8":"desktop-align-center","9":"tablet-align-center","10":"mobile-align-center","11":"ast-product-gallery-layout-horizontal","12":"ast-product-tabs-layout-horizontal","14":"first","15":"instock","16":"sale","17":"taxable","18":"shipping-taxable","19":"purchasable","20":"product-type-simple"},"acf":[],"yoast_head":"<!-- This site is optimized with the Yoast SEO plugin v27.5 - https:\/\/yoast.com\/product\/yoast-seo-wordpress\/ -->\n<title>16-Pack Huawei REH-1.5E ventil\u00e1tory pro sk\u00e1kac\u00ed hrady | Dodo Inflatables<\/title>\n<meta name=\"description\" content=\"16-Pack Huawei REH-1.5E ventil\u00e1tory pro sk\u00e1kac\u00ed hrady \u2013 1,5 HP, 85 dB, pr\u016fm\u011br trysky 14,5 cm. Ide\u00e1ln\u00ed bal\u00ed\u010dek pro p\u016fj\u010dovny s v\u011bt\u0161\u00ed flotou sk\u00e1kac\u00edch hrad\u016f.\" \/>\n<meta name=\"robots\" content=\"index, follow, max-snippet:-1, max-image-preview:large, max-video-preview:-1\" \/>\n<link rel=\"canonical\" href=\"https:\/\/dodo-inflatables.com\/cs\/produkt\/16-pack-huawei-reh-1-5e-ventilatory-pro-skakaci-hrady\/\" \/>\n<meta name=\"twitter:label1\" content=\"Odhadovan\u00e1 doba \u010dten\u00ed\" \/>\n\t<meta name=\"twitter:data1\" content=\"1 minuta\" \/>\n<script type=\"application\/ld+json\" class=\"yoast-schema-graph\">{\"@context\":\"https:\\\/\\\/schema.org\",\"@graph\":[{\"@type\":\"WebPage\",\"@id\":\"https:\\\/\\\/dodo-inflatables.com\\\/cs\\\/produkt\\\/16-pack-huawei-reh-1-5e-ventilatory-pro-skakaci-hrady\\\/\",\"url\":\"https:\\\/\\\/dodo-inflatables.com\\\/cs\\\/produkt\\\/16-pack-huawei-reh-1-5e-ventilatory-pro-skakaci-hrady\\\/\",\"name\":\"16-Pack Huawei REH-1.5E ventil\u00e1tory pro sk\u00e1kac\u00ed hrady | Dodo Inflatables\",\"isPartOf\":{\"@id\":\"https:\\\/\\\/dodo-inflatables.com\\\/cs\\\/#website\"},\"primaryImageOfPage\":{\"@id\":\"https:\\\/\\\/dodo-inflatables.com\\\/cs\\\/produkt\\\/16-pack-huawei-reh-1-5e-ventilatory-pro-skakaci-hrady\\\/#primaryimage\"},\"image\":{\"@id\":\"https:\\\/\\\/dodo-inflatables.com\\\/cs\\\/produkt\\\/16-pack-huawei-reh-1-5e-ventilatory-pro-skakaci-hrady\\\/#primaryimage\"},\"thumbnailUrl\":\"https:\\\/\\\/dodo-inflatables.com\\\/wp-content\\\/uploads\\\/2026\\\/04\\\/huawei-huepfburg-geblaese-kaufen.jpg\",\"datePublished\":\"2026-04-04T11:54:46+00:00\",\"description\":\"16-Pack Huawei REH-1.5E ventil\u00e1tory pro sk\u00e1kac\u00ed hrady \u2013 1,5 HP, 85 dB, pr\u016fm\u011br trysky 14,5 cm. Ide\u00e1ln\u00ed bal\u00ed\u010dek pro p\u016fj\u010dovny s v\u011bt\u0161\u00ed flotou sk\u00e1kac\u00edch hrad\u016f.\",\"breadcrumb\":{\"@id\":\"https:\\\/\\\/dodo-inflatables.com\\\/cs\\\/produkt\\\/16-pack-huawei-reh-1-5e-ventilatory-pro-skakaci-hrady\\\/#breadcrumb\"},\"inLanguage\":\"cs\",\"potentialAction\":[{\"@type\":\"ReadAction\",\"target\":[\"https:\\\/\\\/dodo-inflatables.com\\\/cs\\\/produkt\\\/16-pack-huawei-reh-1-5e-ventilatory-pro-skakaci-hrady\\\/\"]}]},{\"@type\":\"ImageObject\",\"inLanguage\":\"cs\",\"@id\":\"https:\\\/\\\/dodo-inflatables.com\\\/cs\\\/produkt\\\/16-pack-huawei-reh-1-5e-ventilatory-pro-skakaci-hrady\\\/#primaryimage\",\"url\":\"https:\\\/\\\/dodo-inflatables.com\\\/wp-content\\\/uploads\\\/2026\\\/04\\\/huawei-huepfburg-geblaese-kaufen.jpg\",\"contentUrl\":\"https:\\\/\\\/dodo-inflatables.com\\\/wp-content\\\/uploads\\\/2026\\\/04\\\/huawei-huepfburg-geblaese-kaufen.jpg\",\"width\":1000,\"height\":1000,\"caption\":\"16-Pack Huawei REH-1.5E ventil\u00e1tory pro sk\u00e1kac\u00ed hrady | Dodo Inflatables\"},{\"@type\":\"BreadcrumbList\",\"@id\":\"https:\\\/\\\/dodo-inflatables.com\\\/cs\\\/produkt\\\/16-pack-huawei-reh-1-5e-ventilatory-pro-skakaci-hrady\\\/#breadcrumb\",\"itemListElement\":[{\"@type\":\"ListItem\",\"position\":1,\"name\":\"Dom\u016f\",\"item\":\"https:\\\/\\\/dodo-inflatables.com\\\/cs\\\/\"},{\"@type\":\"ListItem\",\"position\":2,\"name\":\"Obchod\",\"item\":\"https:\\\/\\\/dodo-inflatables.com\\\/cs\\\/obchod\\\/\"},{\"@type\":\"ListItem\",\"position\":3,\"name\":\"16-Pack Huawei REH-1.5E ventil\u00e1tory pro sk\u00e1kac\u00ed hrady\"}]},{\"@type\":\"WebSite\",\"@id\":\"https:\\\/\\\/dodo-inflatables.com\\\/cs\\\/#website\",\"url\":\"https:\\\/\\\/dodo-inflatables.com\\\/cs\\\/\",\"name\":\"dodo-inflatables.com\",\"description\":\"Nakupujte sk\u00e1kac\u00ed hrady a atrakce v na\u0161em obchod\u011b.\",\"potentialAction\":[{\"@type\":\"SearchAction\",\"target\":{\"@type\":\"EntryPoint\",\"urlTemplate\":\"https:\\\/\\\/dodo-inflatables.com\\\/cs\\\/?s={search_term_string}\"},\"query-input\":{\"@type\":\"PropertyValueSpecification\",\"valueRequired\":true,\"valueName\":\"search_term_string\"}}],\"inLanguage\":\"cs\"}]}<\/script>\n<!-- \/ Yoast SEO plugin. -->","yoast_head_json":{"title":"16-Pack Huawei REH-1.5E ventil\u00e1tory pro sk\u00e1kac\u00ed hrady | Dodo Inflatables","description":"16-Pack Huawei REH-1.5E ventil\u00e1tory pro sk\u00e1kac\u00ed hrady \u2013 1,5 HP, 85 dB, pr\u016fm\u011br trysky 14,5 cm. Ide\u00e1ln\u00ed bal\u00ed\u010dek pro p\u016fj\u010dovny s v\u011bt\u0161\u00ed flotou sk\u00e1kac\u00edch hrad\u016f.","robots":{"index":"index","follow":"follow","max-snippet":"max-snippet:-1","max-image-preview":"max-image-preview:large","max-video-preview":"max-video-preview:-1"},"canonical":"https:\/\/dodo-inflatables.com\/cs\/produkt\/16-pack-huawei-reh-1-5e-ventilatory-pro-skakaci-hrady\/","twitter_misc":{"Odhadovan\u00e1 doba \u010dten\u00ed":"1 minuta"},"schema":{"@context":"https:\/\/schema.org","@graph":[{"@type":"WebPage","@id":"https:\/\/dodo-inflatables.com\/cs\/produkt\/16-pack-huawei-reh-1-5e-ventilatory-pro-skakaci-hrady\/","url":"https:\/\/dodo-inflatables.com\/cs\/produkt\/16-pack-huawei-reh-1-5e-ventilatory-pro-skakaci-hrady\/","name":"16-Pack Huawei REH-1.5E ventil\u00e1tory pro sk\u00e1kac\u00ed hrady | Dodo Inflatables","isPartOf":{"@id":"https:\/\/dodo-inflatables.com\/cs\/#website"},"primaryImageOfPage":{"@id":"https:\/\/dodo-inflatables.com\/cs\/produkt\/16-pack-huawei-reh-1-5e-ventilatory-pro-skakaci-hrady\/#primaryimage"},"image":{"@id":"https:\/\/dodo-inflatables.com\/cs\/produkt\/16-pack-huawei-reh-1-5e-ventilatory-pro-skakaci-hrady\/#primaryimage"},"thumbnailUrl":"https:\/\/dodo-inflatables.com\/wp-content\/uploads\/2026\/04\/huawei-huepfburg-geblaese-kaufen.jpg","datePublished":"2026-04-04T11:54:46+00:00","description":"16-Pack Huawei REH-1.5E ventil\u00e1tory pro sk\u00e1kac\u00ed hrady \u2013 1,5 HP, 85 dB, pr\u016fm\u011br trysky 14,5 cm. Ide\u00e1ln\u00ed bal\u00ed\u010dek pro p\u016fj\u010dovny s v\u011bt\u0161\u00ed flotou sk\u00e1kac\u00edch hrad\u016f.","breadcrumb":{"@id":"https:\/\/dodo-inflatables.com\/cs\/produkt\/16-pack-huawei-reh-1-5e-ventilatory-pro-skakaci-hrady\/#breadcrumb"},"inLanguage":"cs","potentialAction":[{"@type":"ReadAction","target":["https:\/\/dodo-inflatables.com\/cs\/produkt\/16-pack-huawei-reh-1-5e-ventilatory-pro-skakaci-hrady\/"]}]},{"@type":"ImageObject","inLanguage":"cs","@id":"https:\/\/dodo-inflatables.com\/cs\/produkt\/16-pack-huawei-reh-1-5e-ventilatory-pro-skakaci-hrady\/#primaryimage","url":"https:\/\/dodo-inflatables.com\/wp-content\/uploads\/2026\/04\/huawei-huepfburg-geblaese-kaufen.jpg","contentUrl":"https:\/\/dodo-inflatables.com\/wp-content\/uploads\/2026\/04\/huawei-huepfburg-geblaese-kaufen.jpg","width":1000,"height":1000,"caption":"16-Pack Huawei REH-1.5E ventil\u00e1tory pro sk\u00e1kac\u00ed hrady | Dodo Inflatables"},{"@type":"BreadcrumbList","@id":"https:\/\/dodo-inflatables.com\/cs\/produkt\/16-pack-huawei-reh-1-5e-ventilatory-pro-skakaci-hrady\/#breadcrumb","itemListElement":[{"@type":"ListItem","position":1,"name":"Dom\u016f","item":"https:\/\/dodo-inflatables.com\/cs\/"},{"@type":"ListItem","position":2,"name":"Obchod","item":"https:\/\/dodo-inflatables.com\/cs\/obchod\/"},{"@type":"ListItem","position":3,"name":"16-Pack Huawei REH-1.5E ventil\u00e1tory pro sk\u00e1kac\u00ed hrady"}]},{"@type":"WebSite","@id":"https:\/\/dodo-inflatables.com\/cs\/#website","url":"https:\/\/dodo-inflatables.com\/cs\/","name":"dodo-inflatables.com","description":"Nakupujte sk\u00e1kac\u00ed hrady a atrakce v na\u0161em obchod\u011b.","potentialAction":[{"@type":"SearchAction","target":{"@type":"EntryPoint","urlTemplate":"https:\/\/dodo-inflatables.com\/cs\/?s={search_term_string}"},"query-input":{"@type":"PropertyValueSpecification","valueRequired":true,"valueName":"search_term_string"}}],"inLanguage":"cs"}]}},"uagb_featured_image_src":{"full":["https:\/\/dodo-inflatables.com\/wp-content\/uploads\/2026\/04\/huawei-huepfburg-geblaese-kaufen.jpg",1000,1000,false],"thumbnail":["https:\/\/dodo-inflatables.com\/wp-content\/uploads\/2026\/04\/huawei-huepfburg-geblaese-kaufen-150x150.jpg",150,150,true],"medium":["https:\/\/dodo-inflatables.com\/wp-content\/uploads\/2026\/04\/huawei-huepfburg-geblaese-kaufen-300x300.jpg",300,300,true],"medium_large":["https:\/\/dodo-inflatables.com\/wp-content\/uploads\/2026\/04\/huawei-huepfburg-geblaese-kaufen-768x768.jpg",768,768,true],"large":["https:\/\/dodo-inflatables.com\/wp-content\/uploads\/2026\/04\/huawei-huepfburg-geblaese-kaufen.jpg",1000,1000,false],"1536x1536":["https:\/\/dodo-inflatables.com\/wp-content\/uploads\/2026\/04\/huawei-huepfburg-geblaese-kaufen.jpg",1000,1000,false],"2048x2048":["https:\/\/dodo-inflatables.com\/wp-content\/uploads\/2026\/04\/huawei-huepfburg-geblaese-kaufen.jpg",1000,1000,false],"woocommerce_thumbnail":["https:\/\/dodo-inflatables.com\/wp-content\/uploads\/2026\/04\/huawei-huepfburg-geblaese-kaufen-900x900.jpg",900,900,true],"woocommerce_single":["https:\/\/dodo-inflatables.com\/wp-content\/uploads\/2026\/04\/huawei-huepfburg-geblaese-kaufen-900x900.jpg",900,900,true],"woocommerce_gallery_thumbnail":["https:\/\/dodo-inflatables.com\/wp-content\/uploads\/2026\/04\/huawei-huepfburg-geblaese-kaufen-100x100.jpg",100,100,true]},"uagb_author_info":{"display_name":"Andreas","author_link":"https:\/\/dodo-inflatables.com\/cs\/author\/"},"uagb_comment_info":0,"uagb_excerpt":"Podrobnosti o produktu (na ventil\u00e1tor): - Materi\u00e1l: pouzdro z vysoce kvalitn\u00edho plastu - V\u00fdkon: 1,35 kW (v\u00fdstup), 1,8 kW (vstup), 1,5 HP - P\u0159ipojen\u00ed: Schuko z\u00e1str\u010dka - Pr\u016fm\u011br trysky: 14,5 cm - Rozm\u011bry: 49 x 38,5 x 49,5 cm - Hmotnost: 16,8 kg - Hladina hluku: 85 dB - Registra\u010dn\u00ed \u010d\u00edslo WEEE: DE 82972723","_links":{"self":[{"href":"https:\/\/dodo-inflatables.com\/cs\/wp-json\/wp\/v2\/product\/105744","targetHints":{"allow":["GET"]}}],"collection":[{"href":"https:\/\/dodo-inflatables.com\/cs\/wp-json\/wp\/v2\/product"}],"about":[{"href":"https:\/\/dodo-inflatables.com\/cs\/wp-json\/wp\/v2\/types\/product"}],"replies":[{"embeddable":true,"href":"https:\/\/dodo-inflatables.com\/cs\/wp-json\/wp\/v2\/comments?post=105744"}],"wp:featuredmedia":[{"embeddable":true,"href":"https:\/\/dodo-inflatables.com\/cs\/wp-json\/wp\/v2\/media\/105743"}],"wp:attachment":[{"href":"https:\/\/dodo-inflatables.com\/cs\/wp-json\/wp\/v2\/media?parent=105744"}],"wp:term":[{"taxonomy":"product_brand","embeddable":true,"href":"https:\/\/dodo-inflatables.com\/cs\/wp-json\/wp\/v2\/product_brand?post=105744"},{"taxonomy":"product_cat","embeddable":true,"href":"https:\/\/dodo-inflatables.com\/cs\/wp-json\/wp\/v2\/product_cat?post=105744"},{"taxonomy":"product_tag","embeddable":true,"href":"https:\/\/dodo-inflatables.com\/cs\/wp-json\/wp\/v2\/product_tag?post=105744"}],"curies":[{"name":"wp","href":"https:\/\/api.w.org\/{rel}","templated":true}]}}