{"id":105780,"date":"2026-04-04T13:54:46","date_gmt":"2026-04-04T11:54:46","guid":{"rendered":"https:\/\/dodo-inflatables.com\/dodo-relaunch?product=vodni-vaky-pro-balastovani-skakacich-hradu"},"modified":"2026-04-04T13:54:46","modified_gmt":"2026-04-04T11:54:46","slug":"vodni-vaky-pro-balastovani-skakacich-hradu","status":"publish","type":"product","link":"https:\/\/dodo-inflatables.com\/cs\/produkt\/vodni-vaky-pro-balastovani-skakacich-hradu\/","title":{"rendered":"Vodn\u00ed vaky pro balastov\u00e1n\u00ed sk\u00e1kac\u00edch hrad\u016f"},"content":{"rendered":"<h2 class=\"p1\"><b>Koupit vodn\u00ed vaky pro balastov\u00e1n\u00ed sk\u00e1kac\u00edch hrad\u016f<\/b><\/h2>\n<p class=\"p1\">Na\u0161e vodn\u00ed vaky nab\u00edzej\u00ed praktick\u00e9, mobiln\u00ed a norm\u00e1m odpov\u00eddaj\u00edc\u00ed \u0159e\u0161en\u00ed pro zaji\u0161t\u011bn\u00ed va\u0161eho sk\u00e1kac\u00edho hradu \u2013 zejm\u00e9na p\u0159i instalaci na asfalt, beton nebo v interi\u00e9rech. Jsou ide\u00e1ln\u00edm zp\u016fsobem, jak bezpe\u010dn\u011b a v souladu s p\u0159\u00edslu\u0161nou normou balastovat sk\u00e1kac\u00ed hrady, bez nutnosti p\u0159epravy t\u011b\u017ek\u00fdch dodate\u010dn\u00fdch z\u00e1va\u017e\u00ed.<\/p>\n<p><strong>Snadn\u00e1 manipulace:<\/strong><br \/>\nBalastovac\u00ed vaky lze snadno naplnit a\u017e 40 litry vody. Dva ventily (jeden naho\u0159e pro pln\u011bn\u00ed a jeden dole pro vypou\u0161t\u011bn\u00ed) je \u010din\u00ed obzvl\u00e1\u0161t\u011b praktick\u00fdmi pro pou\u017eit\u00ed a umo\u017e\u0148uj\u00ed rychl\u00e9 vypu\u0161t\u011bn\u00ed vody po pou\u017eit\u00ed.<br \/>\n<strong>Ukotven\u00ed v souladu s normou DIN EN 14960:<\/strong><br \/>\nPokud jsou u ka\u017ed\u00e9ho kotevn\u00edho bodu pou\u017eity \u010dty\u0159i vodn\u00ed vaky, poskytuje to balastn\u00ed hmotnost 160 kg \u2013 p\u0159esn\u011b tolik, kolik vy\u017eaduje norma DIN EN 14960. To je \u010din\u00ed ide\u00e1ln\u00edmi pro instalace, kde nelze pou\u017e\u00edt zemn\u00ed kol\u00edky.<br \/>\n<strong>Flexibiln\u00ed upevn\u011bn\u00ed:<\/strong><br \/>\nD\u00edky \u010dty\u0159em robustn\u00edm ok\u016f lze vaky snadno p\u0159ipevnit ke sk\u00e1kac\u00edmu hradu pomoc\u00ed popruh\u016f.<br \/>\n<strong>Pohodln\u00e1 p\u0159eprava:<\/strong><br \/>\nDv\u011b bo\u010dn\u00ed nosn\u00e9 rukojeti usnad\u0148uj\u00ed p\u0159esouv\u00e1n\u00ed a um\u00eds\u0165ov\u00e1n\u00ed napln\u011bn\u00fdch vodn\u00edch vak\u016f. Odoln\u00fd PVC materi\u00e1l zaji\u0161\u0165uje dlouhou \u017eivotnost, i p\u0159i \u010dast\u00e9m pou\u017e\u00edv\u00e1n\u00ed.<br \/>\n&nbsp;<\/p>\n<h3><strong>Podrobnosti o vodn\u00edch vac\u00edch<\/strong><\/h3>\n<ul>\n<li>Kapacita: 40 litr\u016f vody na vak<\/li>\n<li>Napln\u011bn\u00e1 hmotnost: cca 40 kg<\/li>\n<li>Velikost: cca 40 x 40 cm<\/li>\n<li>2 ventily (naho\u0159e a dole)<\/li>\n<li>4 oka pro upevn\u011bn\u00ed<\/li>\n<li>2 nosn\u00e9 rukojeti<\/li>\n<li>Materi\u00e1l: odoln\u00fd PVC<\/li>\n<\/ul>\n<p>&nbsp;<\/p>\n","protected":false},"excerpt":{"rendered":"<ul>\n<li>Kapacita: 40 litr\u016f vody na vak<\/li>\n<li>Napln\u011bn\u00e1 hmotnost: cca 40 kg<\/li>\n<li>Velikost: cca 40 x 40 cm<\/li>\n<li>2 ventily (naho\u0159e a dole)<\/li>\n<li>4 oka pro upevn\u011bn\u00ed<\/li>\n<li>2 nosn\u00e9 rukojeti<\/li>\n<li>Materi\u00e1l: odoln\u00fd PVC<\/li>\n<\/ul>\n","protected":false},"featured_media":105778,"comment_status":"open","ping_status":"closed","template":"","meta":{"_acf_changed":false,"_uag_custom_page_level_css":"","site-sidebar-layout":"default","site-content-layout":"boxed-container","ast-site-content-layout":"normal-width-container","site-content-style":"boxed","site-sidebar-style":"default","ast-global-header-display":"","ast-banner-title-visibility":"","ast-main-header-display":"","ast-hfb-above-header-display":"","ast-hfb-below-header-display":"","ast-hfb-mobile-header-display":"","site-post-title":"disabled","ast-breadcrumbs-content":"","ast-featured-img":"","footer-sml-layout":"","ast-disable-related-posts":"","theme-transparent-header-meta":"default","adv-header-id-meta":"","stick-header-meta":"default","header-above-stick-meta":"","header-main-stick-meta":"","header-below-stick-meta":"","astra-migrate-meta-layouts":"default","ast-page-background-enabled":"default","ast-page-background-meta":{"desktop":{"background-color":"var(--ast-global-color-4)","background-image":"","background-repeat":"repeat","background-position":"center center","background-size":"auto","background-attachment":"scroll","background-type":"","background-media":"","overlay-type":"","overlay-color":"","overlay-opacity":"","overlay-gradient":""},"tablet":{"background-color":"","background-image":"","background-repeat":"repeat","background-position":"center center","background-size":"auto","background-attachment":"scroll","background-type":"","background-media":"","overlay-type":"","overlay-color":"","overlay-opacity":"","overlay-gradient":""},"mobile":{"background-color":"","background-image":"","background-repeat":"repeat","background-position":"center center","background-size":"auto","background-attachment":"scroll","background-type":"","background-media":"","overlay-type":"","overlay-color":"","overlay-opacity":"","overlay-gradient":""}},"ast-content-background-meta":{"desktop":{"background-color":"var(--ast-global-color-5)","background-image":"","background-repeat":"repeat","background-position":"center center","background-size":"auto","background-attachment":"scroll","background-type":"","background-media":"","overlay-type":"","overlay-color":"","overlay-opacity":"","overlay-gradient":""},"tablet":{"background-color":"var(--ast-global-color-5)","background-image":"","background-repeat":"repeat","background-position":"center center","background-size":"auto","background-attachment":"scroll","background-type":"","background-media":"","overlay-type":"","overlay-color":"","overlay-opacity":"","overlay-gradient":""},"mobile":{"background-color":"var(--ast-global-color-5)","background-image":"","background-repeat":"repeat","background-position":"center center","background-size":"auto","background-attachment":"scroll","background-type":"","background-media":"","overlay-type":"","overlay-color":"","overlay-opacity":"","overlay-gradient":""}}},"product_brand":[],"product_cat":[1135],"product_tag":[],"class_list":{"0":"post-105780","1":"product","2":"type-product","3":"status-publish","4":"has-post-thumbnail","6":"product_cat-prislusenstvi","7":"product_shipping_class-zubehor-cs","8":"desktop-align-center","9":"tablet-align-center","10":"mobile-align-center","11":"ast-product-gallery-layout-horizontal","12":"ast-product-tabs-layout-horizontal","14":"first","15":"instock","16":"taxable","17":"shipping-taxable","18":"purchasable","19":"product-type-simple"},"acf":[],"yoast_head":"<!-- This site is optimized with the Yoast SEO plugin v27.5 - https:\/\/yoast.com\/product\/yoast-seo-wordpress\/ -->\n<title>Vodn\u00ed vaky pro balastov\u00e1n\u00ed sk\u00e1kac\u00edch hrad\u016f | Dodo Inflatables<\/title>\n<meta name=\"description\" content=\"Vodn\u00ed vaky pro balastov\u00e1n\u00ed sk\u00e1kac\u00edch hrad\u016f \u2013 kapacita 40 litr\u016f, cca 40 kg napln\u011bn\u00e1 hmotnost, v souladu s DIN EN 14960. Ide\u00e1ln\u00ed pro instalace na asfalt, beton nebo v interi\u00e9rech.\" \/>\n<meta name=\"robots\" content=\"index, follow, max-snippet:-1, max-image-preview:large, max-video-preview:-1\" \/>\n<link rel=\"canonical\" href=\"https:\/\/dodo-inflatables.com\/cs\/produkt\/vodni-vaky-pro-balastovani-skakacich-hradu\/\" \/>\n<meta name=\"twitter:label1\" content=\"Odhadovan\u00e1 doba \u010dten\u00ed\" \/>\n\t<meta name=\"twitter:data1\" content=\"1 minuta\" \/>\n<script type=\"application\/ld+json\" class=\"yoast-schema-graph\">{\"@context\":\"https:\\\/\\\/schema.org\",\"@graph\":[{\"@type\":\"WebPage\",\"@id\":\"https:\\\/\\\/dodo-inflatables.com\\\/cs\\\/produkt\\\/vodni-vaky-pro-balastovani-skakacich-hradu\\\/\",\"url\":\"https:\\\/\\\/dodo-inflatables.com\\\/cs\\\/produkt\\\/vodni-vaky-pro-balastovani-skakacich-hradu\\\/\",\"name\":\"Vodn\u00ed vaky pro balastov\u00e1n\u00ed sk\u00e1kac\u00edch hrad\u016f | Dodo Inflatables\",\"isPartOf\":{\"@id\":\"https:\\\/\\\/dodo-inflatables.com\\\/cs\\\/#website\"},\"primaryImageOfPage\":{\"@id\":\"https:\\\/\\\/dodo-inflatables.com\\\/cs\\\/produkt\\\/vodni-vaky-pro-balastovani-skakacich-hradu\\\/#primaryimage\"},\"image\":{\"@id\":\"https:\\\/\\\/dodo-inflatables.com\\\/cs\\\/produkt\\\/vodni-vaky-pro-balastovani-skakacich-hradu\\\/#primaryimage\"},\"thumbnailUrl\":\"https:\\\/\\\/dodo-inflatables.com\\\/wp-content\\\/uploads\\\/2026\\\/04\\\/neu-179dodo.jpg\",\"datePublished\":\"2026-04-04T11:54:46+00:00\",\"description\":\"Vodn\u00ed vaky pro balastov\u00e1n\u00ed sk\u00e1kac\u00edch hrad\u016f \u2013 kapacita 40 litr\u016f, cca 40 kg napln\u011bn\u00e1 hmotnost, v souladu s DIN EN 14960. Ide\u00e1ln\u00ed pro instalace na asfalt, beton nebo v interi\u00e9rech.\",\"breadcrumb\":{\"@id\":\"https:\\\/\\\/dodo-inflatables.com\\\/cs\\\/produkt\\\/vodni-vaky-pro-balastovani-skakacich-hradu\\\/#breadcrumb\"},\"inLanguage\":\"cs\",\"potentialAction\":[{\"@type\":\"ReadAction\",\"target\":[\"https:\\\/\\\/dodo-inflatables.com\\\/cs\\\/produkt\\\/vodni-vaky-pro-balastovani-skakacich-hradu\\\/\"]}]},{\"@type\":\"ImageObject\",\"inLanguage\":\"cs\",\"@id\":\"https:\\\/\\\/dodo-inflatables.com\\\/cs\\\/produkt\\\/vodni-vaky-pro-balastovani-skakacich-hradu\\\/#primaryimage\",\"url\":\"https:\\\/\\\/dodo-inflatables.com\\\/wp-content\\\/uploads\\\/2026\\\/04\\\/neu-179dodo.jpg\",\"contentUrl\":\"https:\\\/\\\/dodo-inflatables.com\\\/wp-content\\\/uploads\\\/2026\\\/04\\\/neu-179dodo.jpg\",\"width\":1000,\"height\":1000,\"caption\":\"Vodn\u00ed vaky pro balastov\u00e1n\u00ed sk\u00e1kac\u00edch hrad\u016f | Dodo Inflatables\"},{\"@type\":\"BreadcrumbList\",\"@id\":\"https:\\\/\\\/dodo-inflatables.com\\\/cs\\\/produkt\\\/vodni-vaky-pro-balastovani-skakacich-hradu\\\/#breadcrumb\",\"itemListElement\":[{\"@type\":\"ListItem\",\"position\":1,\"name\":\"Dom\u016f\",\"item\":\"https:\\\/\\\/dodo-inflatables.com\\\/cs\\\/\"},{\"@type\":\"ListItem\",\"position\":2,\"name\":\"Obchod\",\"item\":\"https:\\\/\\\/dodo-inflatables.com\\\/cs\\\/obchod\\\/\"},{\"@type\":\"ListItem\",\"position\":3,\"name\":\"Vodn\u00ed vaky pro balastov\u00e1n\u00ed sk\u00e1kac\u00edch hrad\u016f\"}]},{\"@type\":\"WebSite\",\"@id\":\"https:\\\/\\\/dodo-inflatables.com\\\/cs\\\/#website\",\"url\":\"https:\\\/\\\/dodo-inflatables.com\\\/cs\\\/\",\"name\":\"dodo-inflatables.com\",\"description\":\"Nakupujte sk\u00e1kac\u00ed hrady a atrakce v na\u0161em obchod\u011b.\",\"potentialAction\":[{\"@type\":\"SearchAction\",\"target\":{\"@type\":\"EntryPoint\",\"urlTemplate\":\"https:\\\/\\\/dodo-inflatables.com\\\/cs\\\/?s={search_term_string}\"},\"query-input\":{\"@type\":\"PropertyValueSpecification\",\"valueRequired\":true,\"valueName\":\"search_term_string\"}}],\"inLanguage\":\"cs\"}]}<\/script>\n<!-- \/ Yoast SEO plugin. -->","yoast_head_json":{"title":"Vodn\u00ed vaky pro balastov\u00e1n\u00ed sk\u00e1kac\u00edch hrad\u016f | Dodo Inflatables","description":"Vodn\u00ed vaky pro balastov\u00e1n\u00ed sk\u00e1kac\u00edch hrad\u016f \u2013 kapacita 40 litr\u016f, cca 40 kg napln\u011bn\u00e1 hmotnost, v souladu s DIN EN 14960. Ide\u00e1ln\u00ed pro instalace na asfalt, beton nebo v interi\u00e9rech.","robots":{"index":"index","follow":"follow","max-snippet":"max-snippet:-1","max-image-preview":"max-image-preview:large","max-video-preview":"max-video-preview:-1"},"canonical":"https:\/\/dodo-inflatables.com\/cs\/produkt\/vodni-vaky-pro-balastovani-skakacich-hradu\/","twitter_misc":{"Odhadovan\u00e1 doba \u010dten\u00ed":"1 minuta"},"schema":{"@context":"https:\/\/schema.org","@graph":[{"@type":"WebPage","@id":"https:\/\/dodo-inflatables.com\/cs\/produkt\/vodni-vaky-pro-balastovani-skakacich-hradu\/","url":"https:\/\/dodo-inflatables.com\/cs\/produkt\/vodni-vaky-pro-balastovani-skakacich-hradu\/","name":"Vodn\u00ed vaky pro balastov\u00e1n\u00ed sk\u00e1kac\u00edch hrad\u016f | Dodo Inflatables","isPartOf":{"@id":"https:\/\/dodo-inflatables.com\/cs\/#website"},"primaryImageOfPage":{"@id":"https:\/\/dodo-inflatables.com\/cs\/produkt\/vodni-vaky-pro-balastovani-skakacich-hradu\/#primaryimage"},"image":{"@id":"https:\/\/dodo-inflatables.com\/cs\/produkt\/vodni-vaky-pro-balastovani-skakacich-hradu\/#primaryimage"},"thumbnailUrl":"https:\/\/dodo-inflatables.com\/wp-content\/uploads\/2026\/04\/neu-179dodo.jpg","datePublished":"2026-04-04T11:54:46+00:00","description":"Vodn\u00ed vaky pro balastov\u00e1n\u00ed sk\u00e1kac\u00edch hrad\u016f \u2013 kapacita 40 litr\u016f, cca 40 kg napln\u011bn\u00e1 hmotnost, v souladu s DIN EN 14960. Ide\u00e1ln\u00ed pro instalace na asfalt, beton nebo v interi\u00e9rech.","breadcrumb":{"@id":"https:\/\/dodo-inflatables.com\/cs\/produkt\/vodni-vaky-pro-balastovani-skakacich-hradu\/#breadcrumb"},"inLanguage":"cs","potentialAction":[{"@type":"ReadAction","target":["https:\/\/dodo-inflatables.com\/cs\/produkt\/vodni-vaky-pro-balastovani-skakacich-hradu\/"]}]},{"@type":"ImageObject","inLanguage":"cs","@id":"https:\/\/dodo-inflatables.com\/cs\/produkt\/vodni-vaky-pro-balastovani-skakacich-hradu\/#primaryimage","url":"https:\/\/dodo-inflatables.com\/wp-content\/uploads\/2026\/04\/neu-179dodo.jpg","contentUrl":"https:\/\/dodo-inflatables.com\/wp-content\/uploads\/2026\/04\/neu-179dodo.jpg","width":1000,"height":1000,"caption":"Vodn\u00ed vaky pro balastov\u00e1n\u00ed sk\u00e1kac\u00edch hrad\u016f | Dodo Inflatables"},{"@type":"BreadcrumbList","@id":"https:\/\/dodo-inflatables.com\/cs\/produkt\/vodni-vaky-pro-balastovani-skakacich-hradu\/#breadcrumb","itemListElement":[{"@type":"ListItem","position":1,"name":"Dom\u016f","item":"https:\/\/dodo-inflatables.com\/cs\/"},{"@type":"ListItem","position":2,"name":"Obchod","item":"https:\/\/dodo-inflatables.com\/cs\/obchod\/"},{"@type":"ListItem","position":3,"name":"Vodn\u00ed vaky pro balastov\u00e1n\u00ed sk\u00e1kac\u00edch hrad\u016f"}]},{"@type":"WebSite","@id":"https:\/\/dodo-inflatables.com\/cs\/#website","url":"https:\/\/dodo-inflatables.com\/cs\/","name":"dodo-inflatables.com","description":"Nakupujte sk\u00e1kac\u00ed hrady a atrakce v na\u0161em obchod\u011b.","potentialAction":[{"@type":"SearchAction","target":{"@type":"EntryPoint","urlTemplate":"https:\/\/dodo-inflatables.com\/cs\/?s={search_term_string}"},"query-input":{"@type":"PropertyValueSpecification","valueRequired":true,"valueName":"search_term_string"}}],"inLanguage":"cs"}]}},"uagb_featured_image_src":{"full":["https:\/\/dodo-inflatables.com\/wp-content\/uploads\/2026\/04\/neu-179dodo.jpg",1000,1000,false],"thumbnail":["https:\/\/dodo-inflatables.com\/wp-content\/uploads\/2026\/04\/neu-179dodo-150x150.jpg",150,150,true],"medium":["https:\/\/dodo-inflatables.com\/wp-content\/uploads\/2026\/04\/neu-179dodo-300x300.jpg",300,300,true],"medium_large":["https:\/\/dodo-inflatables.com\/wp-content\/uploads\/2026\/04\/neu-179dodo-768x768.jpg",768,768,true],"large":["https:\/\/dodo-inflatables.com\/wp-content\/uploads\/2026\/04\/neu-179dodo.jpg",1000,1000,false],"1536x1536":["https:\/\/dodo-inflatables.com\/wp-content\/uploads\/2026\/04\/neu-179dodo.jpg",1000,1000,false],"2048x2048":["https:\/\/dodo-inflatables.com\/wp-content\/uploads\/2026\/04\/neu-179dodo.jpg",1000,1000,false],"woocommerce_thumbnail":["https:\/\/dodo-inflatables.com\/wp-content\/uploads\/2026\/04\/neu-179dodo-900x900.jpg",900,900,true],"woocommerce_single":["https:\/\/dodo-inflatables.com\/wp-content\/uploads\/2026\/04\/neu-179dodo-900x900.jpg",900,900,true],"woocommerce_gallery_thumbnail":["https:\/\/dodo-inflatables.com\/wp-content\/uploads\/2026\/04\/neu-179dodo-100x100.jpg",100,100,true]},"uagb_author_info":{"display_name":"Andreas","author_link":"https:\/\/dodo-inflatables.com\/cs\/author\/"},"uagb_comment_info":0,"uagb_excerpt":"Kapacita: 40 litr\u016f vody na vak Napln\u011bn\u00e1 hmotnost: cca 40 kg Velikost: cca 40 x 40 cm 2 ventily (naho\u0159e a dole) 4 oka pro upevn\u011bn\u00ed 2 nosn\u00e9 rukojeti Materi\u00e1l: odoln\u00fd PVC","_links":{"self":[{"href":"https:\/\/dodo-inflatables.com\/cs\/wp-json\/wp\/v2\/product\/105780","targetHints":{"allow":["GET"]}}],"collection":[{"href":"https:\/\/dodo-inflatables.com\/cs\/wp-json\/wp\/v2\/product"}],"about":[{"href":"https:\/\/dodo-inflatables.com\/cs\/wp-json\/wp\/v2\/types\/product"}],"replies":[{"embeddable":true,"href":"https:\/\/dodo-inflatables.com\/cs\/wp-json\/wp\/v2\/comments?post=105780"}],"wp:featuredmedia":[{"embeddable":true,"href":"https:\/\/dodo-inflatables.com\/cs\/wp-json\/wp\/v2\/media\/105778"}],"wp:attachment":[{"href":"https:\/\/dodo-inflatables.com\/cs\/wp-json\/wp\/v2\/media?parent=105780"}],"wp:term":[{"taxonomy":"product_brand","embeddable":true,"href":"https:\/\/dodo-inflatables.com\/cs\/wp-json\/wp\/v2\/product_brand?post=105780"},{"taxonomy":"product_cat","embeddable":true,"href":"https:\/\/dodo-inflatables.com\/cs\/wp-json\/wp\/v2\/product_cat?post=105780"},{"taxonomy":"product_tag","embeddable":true,"href":"https:\/\/dodo-inflatables.com\/cs\/wp-json\/wp\/v2\/product_tag?post=105780"}],"curies":[{"name":"wp","href":"https:\/\/api.w.org\/{rel}","templated":true}]}}