{"id":105965,"date":"2026-04-04T13:54:45","date_gmt":"2026-04-04T11:54:45","guid":{"rendered":"https:\/\/dodo-inflatables.com\/dodo-relaunch?product=monitor-tlaku-tlakomer-pro-skakaci-hrady-huawei-ny-s01"},"modified":"2026-04-04T13:54:45","modified_gmt":"2026-04-04T11:54:45","slug":"monitor-tlaku-tlakomer-pro-skakaci-hrady-huawei-ny-s01","status":"publish","type":"product","link":"https:\/\/dodo-inflatables.com\/cs\/produkt\/monitor-tlaku-tlakomer-pro-skakaci-hrady-huawei-ny-s01\/","title":{"rendered":"Monitor tlaku \/ tlakom\u011br pro sk\u00e1kac\u00ed hrady \u2013 Huawei NY-S01"},"content":{"rendered":"<h1><b>Koupit monitor tlaku \/ tlakom\u011br pro sk\u00e1kac\u00ed hrady \u2013 Huawei NY-S01<\/b><\/h1>\n<p>&nbsp;<\/p>\n<p class=\"p1\"><span class=\"s1\"><b>Huawei NY-S01 SafeAlert monitor tlaku<\/b><\/span> je ur\u010den pro kontinu\u00e1ln\u00ed monitorov\u00e1n\u00ed tlaku vzduchu ve sk\u00e1kac\u00edch hradech a nafukovac\u00edm hern\u00edm vybaven\u00ed.<br \/>\nM\u011b\u0159\u00ed aktu\u00e1ln\u00ed vnit\u0159n\u00ed tlak v re\u00e1ln\u00e9m \u010dase a poskytuje vizu\u00e1ln\u00ed a akustick\u00e1 varov\u00e1n\u00ed, pokud tlak klesne pod definovanou \u00farove\u0148.<br \/>\nTo pom\u00e1h\u00e1 podporovat bezpe\u010dn\u00fd provoz sk\u00e1kac\u00edho hradu a \u010din\u00ed monitor tlaku zvl\u00e1\u0161t\u011b vhodn\u00fdm pro profesion\u00e1ln\u00ed pou\u017eit\u00ed v p\u016fj\u010dovn\u00e1ch, na akc\u00edch a ve\u0159ejn\u00fdch funkc\u00edch.<\/p>\n<p class=\"p3\"><b>Spolehliv\u00e9 monitorov\u00e1n\u00ed tlaku:<br \/>\n<\/b>Integrovan\u00fd senzor m\u011b\u0159\u00ed tlak vzduchu v rozsahu <span class=\"s1\"><b>0\u20133000 Pa<\/b><\/span> a zobrazuje hodnoty p\u0159ehledn\u011b na digit\u00e1ln\u00edm displeji.<\/p>\n<p class=\"p3\"><b>Vizu\u00e1ln\u00ed a akustick\u00e9 varovn\u00e9 sign\u00e1ly:<br \/>\n<\/b>Pokud tlak klesne, je okam\u017eit\u011b spu\u0161t\u011bno varov\u00e1n\u00ed prost\u0159ednictv\u00edm LED displeje a zvukov\u00e9ho sign\u00e1lu, co\u017e umo\u017e\u0148uje rychl\u00e9 jedn\u00e1n\u00ed.<\/p>\n<p class=\"p3\"><b>Robustn\u00ed design:<br \/>\n<\/b>Monitor tlaku je ohnivzdorn\u00fd a vod\u011bodoln\u00fd a je vhodn\u00fd pro pou\u017eit\u00ed v r\u016fzn\u00fdch pov\u011btrnostn\u00edch podm\u00ednk\u00e1ch.<\/p>\n<p class=\"p3\"><b>Kompaktn\u00ed a u\u017eivatelsky p\u0159\u00edv\u011btiv\u00fd:<br \/>\n<\/b>D\u00edky kompaktn\u00edmu designu, n\u00edzk\u00e9 hmotnosti a jednoduch\u00e9mu ovl\u00e1d\u00e1n\u00ed je p\u0159\u00edstroj snadno instalovateln\u00fd, nastaviteln\u00fd a p\u0159epraviteln\u00fd.<\/p>\n<h3>Podrobnosti o monitoru tlaku \/ tlakom\u011bru<\/h3>\n<ul>\n<li class=\"p1\">Rozm\u011bry (\u0160 \u00d7 H \u00d7 V): cca 80 \u00d7 73 \u00d7 52 mm<\/li>\n<li class=\"p1\">Rozm\u011bry v zabalen\u00e9m stavu: cca 110 \u00d7 110 \u00d7 100 mm<\/li>\n<li>\n<p class=\"p1\">M\u011b\u0159ic\u00ed rozsah: 0\u20133000 Pa<\/p>\n<\/li>\n<\/ul>\n","protected":false},"excerpt":{"rendered":"<ul>\n<li class=\"p1\">Rozm\u011bry (\u0160 \u00d7 H \u00d7 V): cca 80 \u00d7 73 \u00d7 52 mm<\/li>\n<li class=\"p1\">Rozm\u011bry v zabalen\u00e9m stavu: cca 110 \u00d7 110 \u00d7 100 mm<\/li>\n<li>\n<p class=\"p1\">M\u011b\u0159ic\u00ed rozsah: 0\u20133000 Pa<\/p>\n<\/li>\n<\/ul>\n","protected":false},"featured_media":105964,"comment_status":"open","ping_status":"closed","template":"","meta":{"_acf_changed":false,"_uag_custom_page_level_css":"","site-sidebar-layout":"default","site-content-layout":"boxed-container","ast-site-content-layout":"normal-width-container","site-content-style":"boxed","site-sidebar-style":"default","ast-global-header-display":"","ast-banner-title-visibility":"","ast-main-header-display":"","ast-hfb-above-header-display":"","ast-hfb-below-header-display":"","ast-hfb-mobile-header-display":"","site-post-title":"disabled","ast-breadcrumbs-content":"","ast-featured-img":"","footer-sml-layout":"","ast-disable-related-posts":"","theme-transparent-header-meta":"default","adv-header-id-meta":"","stick-header-meta":"default","header-above-stick-meta":"","header-main-stick-meta":"","header-below-stick-meta":"","astra-migrate-meta-layouts":"default","ast-page-background-enabled":"default","ast-page-background-meta":{"desktop":{"background-color":"var(--ast-global-color-4)","background-image":"","background-repeat":"repeat","background-position":"center center","background-size":"auto","background-attachment":"scroll","background-type":"","background-media":"","overlay-type":"","overlay-color":"","overlay-opacity":"","overlay-gradient":""},"tablet":{"background-color":"","background-image":"","background-repeat":"repeat","background-position":"center center","background-size":"auto","background-attachment":"scroll","background-type":"","background-media":"","overlay-type":"","overlay-color":"","overlay-opacity":"","overlay-gradient":""},"mobile":{"background-color":"","background-image":"","background-repeat":"repeat","background-position":"center center","background-size":"auto","background-attachment":"scroll","background-type":"","background-media":"","overlay-type":"","overlay-color":"","overlay-opacity":"","overlay-gradient":""}},"ast-content-background-meta":{"desktop":{"background-color":"var(--ast-global-color-5)","background-image":"","background-repeat":"repeat","background-position":"center center","background-size":"auto","background-attachment":"scroll","background-type":"","background-media":"","overlay-type":"","overlay-color":"","overlay-opacity":"","overlay-gradient":""},"tablet":{"background-color":"var(--ast-global-color-5)","background-image":"","background-repeat":"repeat","background-position":"center center","background-size":"auto","background-attachment":"scroll","background-type":"","background-media":"","overlay-type":"","overlay-color":"","overlay-opacity":"","overlay-gradient":""},"mobile":{"background-color":"var(--ast-global-color-5)","background-image":"","background-repeat":"repeat","background-position":"center center","background-size":"auto","background-attachment":"scroll","background-type":"","background-media":"","overlay-type":"","overlay-color":"","overlay-opacity":"","overlay-gradient":""}}},"product_brand":[],"product_cat":[1135],"product_tag":[],"class_list":{"0":"post-105965","1":"product","2":"type-product","3":"status-publish","4":"has-post-thumbnail","6":"product_cat-prislusenstvi","7":"product_shipping_class-zubehor-cs","8":"desktop-align-center","9":"tablet-align-center","10":"mobile-align-center","11":"ast-product-gallery-layout-horizontal","12":"ast-product-gallery-with-no-image","13":"ast-product-tabs-layout-horizontal","15":"first","16":"instock","17":"taxable","18":"shipping-taxable","19":"purchasable","20":"product-type-simple"},"acf":[],"yoast_head":"<!-- This site is optimized with the Yoast SEO plugin v27.5 - https:\/\/yoast.com\/product\/yoast-seo-wordpress\/ -->\n<title>Monitor tlaku \/ tlakom\u011br pro sk\u00e1kac\u00ed hrady \u2013 Huawei NY-S01 | Dodo Inflatables<\/title>\n<meta name=\"description\" content=\"Huawei NY-S01 monitor tlaku pro sk\u00e1kac\u00ed hrady \u2013 monitorov\u00e1n\u00ed tlaku v re\u00e1ln\u00e9m \u010dase 0\u20133000 Pa, vizu\u00e1ln\u00ed a akustick\u00e1 varov\u00e1n\u00ed, ohnivzdorn\u00fd a vod\u011bodoln\u00fd. Ide\u00e1ln\u00ed pro p\u016fj\u010dovny a akce.\" \/>\n<meta name=\"robots\" content=\"index, follow, max-snippet:-1, max-image-preview:large, max-video-preview:-1\" \/>\n<link rel=\"canonical\" href=\"https:\/\/dodo-inflatables.com\/cs\/produkt\/monitor-tlaku-tlakomer-pro-skakaci-hrady-huawei-ny-s01\/\" \/>\n<meta name=\"twitter:label1\" content=\"Odhadovan\u00e1 doba \u010dten\u00ed\" \/>\n\t<meta name=\"twitter:data1\" content=\"1 minuta\" \/>\n<script type=\"application\/ld+json\" class=\"yoast-schema-graph\">{\"@context\":\"https:\\\/\\\/schema.org\",\"@graph\":[{\"@type\":\"WebPage\",\"@id\":\"https:\\\/\\\/dodo-inflatables.com\\\/cs\\\/produkt\\\/monitor-tlaku-tlakomer-pro-skakaci-hrady-huawei-ny-s01\\\/\",\"url\":\"https:\\\/\\\/dodo-inflatables.com\\\/cs\\\/produkt\\\/monitor-tlaku-tlakomer-pro-skakaci-hrady-huawei-ny-s01\\\/\",\"name\":\"Monitor tlaku \\\/ tlakom\u011br pro sk\u00e1kac\u00ed hrady \u2013 Huawei NY-S01 | Dodo Inflatables\",\"isPartOf\":{\"@id\":\"https:\\\/\\\/dodo-inflatables.com\\\/cs\\\/#website\"},\"primaryImageOfPage\":{\"@id\":\"https:\\\/\\\/dodo-inflatables.com\\\/cs\\\/produkt\\\/monitor-tlaku-tlakomer-pro-skakaci-hrady-huawei-ny-s01\\\/#primaryimage\"},\"image\":{\"@id\":\"https:\\\/\\\/dodo-inflatables.com\\\/cs\\\/produkt\\\/monitor-tlaku-tlakomer-pro-skakaci-hrady-huawei-ny-s01\\\/#primaryimage\"},\"thumbnailUrl\":\"https:\\\/\\\/dodo-inflatables.com\\\/wp-content\\\/uploads\\\/2026\\\/04\\\/Druckwaechter-Druckmesser-fur-Huepfburgen.jpg\",\"datePublished\":\"2026-04-04T11:54:45+00:00\",\"description\":\"Huawei NY-S01 monitor tlaku pro sk\u00e1kac\u00ed hrady \u2013 monitorov\u00e1n\u00ed tlaku v re\u00e1ln\u00e9m \u010dase 0\u20133000 Pa, vizu\u00e1ln\u00ed a akustick\u00e1 varov\u00e1n\u00ed, ohnivzdorn\u00fd a vod\u011bodoln\u00fd. Ide\u00e1ln\u00ed pro p\u016fj\u010dovny a akce.\",\"breadcrumb\":{\"@id\":\"https:\\\/\\\/dodo-inflatables.com\\\/cs\\\/produkt\\\/monitor-tlaku-tlakomer-pro-skakaci-hrady-huawei-ny-s01\\\/#breadcrumb\"},\"inLanguage\":\"cs\",\"potentialAction\":[{\"@type\":\"ReadAction\",\"target\":[\"https:\\\/\\\/dodo-inflatables.com\\\/cs\\\/produkt\\\/monitor-tlaku-tlakomer-pro-skakaci-hrady-huawei-ny-s01\\\/\"]}]},{\"@type\":\"ImageObject\",\"inLanguage\":\"cs\",\"@id\":\"https:\\\/\\\/dodo-inflatables.com\\\/cs\\\/produkt\\\/monitor-tlaku-tlakomer-pro-skakaci-hrady-huawei-ny-s01\\\/#primaryimage\",\"url\":\"https:\\\/\\\/dodo-inflatables.com\\\/wp-content\\\/uploads\\\/2026\\\/04\\\/Druckwaechter-Druckmesser-fur-Huepfburgen.jpg\",\"contentUrl\":\"https:\\\/\\\/dodo-inflatables.com\\\/wp-content\\\/uploads\\\/2026\\\/04\\\/Druckwaechter-Druckmesser-fur-Huepfburgen.jpg\",\"width\":700,\"height\":700,\"caption\":\"Monitor tlaku \\\/ tlakom\u011br pro sk\u00e1kac\u00ed hrady \u2013 Huawei NY-S01 | Dodo Inflatables\"},{\"@type\":\"BreadcrumbList\",\"@id\":\"https:\\\/\\\/dodo-inflatables.com\\\/cs\\\/produkt\\\/monitor-tlaku-tlakomer-pro-skakaci-hrady-huawei-ny-s01\\\/#breadcrumb\",\"itemListElement\":[{\"@type\":\"ListItem\",\"position\":1,\"name\":\"Dom\u016f\",\"item\":\"https:\\\/\\\/dodo-inflatables.com\\\/cs\\\/\"},{\"@type\":\"ListItem\",\"position\":2,\"name\":\"Obchod\",\"item\":\"https:\\\/\\\/dodo-inflatables.com\\\/cs\\\/obchod\\\/\"},{\"@type\":\"ListItem\",\"position\":3,\"name\":\"Monitor tlaku \\\/ tlakom\u011br pro sk\u00e1kac\u00ed hrady \u2013 Huawei NY-S01\"}]},{\"@type\":\"WebSite\",\"@id\":\"https:\\\/\\\/dodo-inflatables.com\\\/cs\\\/#website\",\"url\":\"https:\\\/\\\/dodo-inflatables.com\\\/cs\\\/\",\"name\":\"dodo-inflatables.com\",\"description\":\"Nakupujte sk\u00e1kac\u00ed hrady a atrakce v na\u0161em obchod\u011b.\",\"potentialAction\":[{\"@type\":\"SearchAction\",\"target\":{\"@type\":\"EntryPoint\",\"urlTemplate\":\"https:\\\/\\\/dodo-inflatables.com\\\/cs\\\/?s={search_term_string}\"},\"query-input\":{\"@type\":\"PropertyValueSpecification\",\"valueRequired\":true,\"valueName\":\"search_term_string\"}}],\"inLanguage\":\"cs\"}]}<\/script>\n<!-- \/ Yoast SEO plugin. -->","yoast_head_json":{"title":"Monitor tlaku \/ tlakom\u011br pro sk\u00e1kac\u00ed hrady \u2013 Huawei NY-S01 | Dodo Inflatables","description":"Huawei NY-S01 monitor tlaku pro sk\u00e1kac\u00ed hrady \u2013 monitorov\u00e1n\u00ed tlaku v re\u00e1ln\u00e9m \u010dase 0\u20133000 Pa, vizu\u00e1ln\u00ed a akustick\u00e1 varov\u00e1n\u00ed, ohnivzdorn\u00fd a vod\u011bodoln\u00fd. Ide\u00e1ln\u00ed pro p\u016fj\u010dovny a akce.","robots":{"index":"index","follow":"follow","max-snippet":"max-snippet:-1","max-image-preview":"max-image-preview:large","max-video-preview":"max-video-preview:-1"},"canonical":"https:\/\/dodo-inflatables.com\/cs\/produkt\/monitor-tlaku-tlakomer-pro-skakaci-hrady-huawei-ny-s01\/","twitter_misc":{"Odhadovan\u00e1 doba \u010dten\u00ed":"1 minuta"},"schema":{"@context":"https:\/\/schema.org","@graph":[{"@type":"WebPage","@id":"https:\/\/dodo-inflatables.com\/cs\/produkt\/monitor-tlaku-tlakomer-pro-skakaci-hrady-huawei-ny-s01\/","url":"https:\/\/dodo-inflatables.com\/cs\/produkt\/monitor-tlaku-tlakomer-pro-skakaci-hrady-huawei-ny-s01\/","name":"Monitor tlaku \/ tlakom\u011br pro sk\u00e1kac\u00ed hrady \u2013 Huawei NY-S01 | Dodo Inflatables","isPartOf":{"@id":"https:\/\/dodo-inflatables.com\/cs\/#website"},"primaryImageOfPage":{"@id":"https:\/\/dodo-inflatables.com\/cs\/produkt\/monitor-tlaku-tlakomer-pro-skakaci-hrady-huawei-ny-s01\/#primaryimage"},"image":{"@id":"https:\/\/dodo-inflatables.com\/cs\/produkt\/monitor-tlaku-tlakomer-pro-skakaci-hrady-huawei-ny-s01\/#primaryimage"},"thumbnailUrl":"https:\/\/dodo-inflatables.com\/wp-content\/uploads\/2026\/04\/Druckwaechter-Druckmesser-fur-Huepfburgen.jpg","datePublished":"2026-04-04T11:54:45+00:00","description":"Huawei NY-S01 monitor tlaku pro sk\u00e1kac\u00ed hrady \u2013 monitorov\u00e1n\u00ed tlaku v re\u00e1ln\u00e9m \u010dase 0\u20133000 Pa, vizu\u00e1ln\u00ed a akustick\u00e1 varov\u00e1n\u00ed, ohnivzdorn\u00fd a vod\u011bodoln\u00fd. Ide\u00e1ln\u00ed pro p\u016fj\u010dovny a akce.","breadcrumb":{"@id":"https:\/\/dodo-inflatables.com\/cs\/produkt\/monitor-tlaku-tlakomer-pro-skakaci-hrady-huawei-ny-s01\/#breadcrumb"},"inLanguage":"cs","potentialAction":[{"@type":"ReadAction","target":["https:\/\/dodo-inflatables.com\/cs\/produkt\/monitor-tlaku-tlakomer-pro-skakaci-hrady-huawei-ny-s01\/"]}]},{"@type":"ImageObject","inLanguage":"cs","@id":"https:\/\/dodo-inflatables.com\/cs\/produkt\/monitor-tlaku-tlakomer-pro-skakaci-hrady-huawei-ny-s01\/#primaryimage","url":"https:\/\/dodo-inflatables.com\/wp-content\/uploads\/2026\/04\/Druckwaechter-Druckmesser-fur-Huepfburgen.jpg","contentUrl":"https:\/\/dodo-inflatables.com\/wp-content\/uploads\/2026\/04\/Druckwaechter-Druckmesser-fur-Huepfburgen.jpg","width":700,"height":700,"caption":"Monitor tlaku \/ tlakom\u011br pro sk\u00e1kac\u00ed hrady \u2013 Huawei NY-S01 | Dodo Inflatables"},{"@type":"BreadcrumbList","@id":"https:\/\/dodo-inflatables.com\/cs\/produkt\/monitor-tlaku-tlakomer-pro-skakaci-hrady-huawei-ny-s01\/#breadcrumb","itemListElement":[{"@type":"ListItem","position":1,"name":"Dom\u016f","item":"https:\/\/dodo-inflatables.com\/cs\/"},{"@type":"ListItem","position":2,"name":"Obchod","item":"https:\/\/dodo-inflatables.com\/cs\/obchod\/"},{"@type":"ListItem","position":3,"name":"Monitor tlaku \/ tlakom\u011br pro sk\u00e1kac\u00ed hrady \u2013 Huawei NY-S01"}]},{"@type":"WebSite","@id":"https:\/\/dodo-inflatables.com\/cs\/#website","url":"https:\/\/dodo-inflatables.com\/cs\/","name":"dodo-inflatables.com","description":"Nakupujte sk\u00e1kac\u00ed hrady a atrakce v na\u0161em obchod\u011b.","potentialAction":[{"@type":"SearchAction","target":{"@type":"EntryPoint","urlTemplate":"https:\/\/dodo-inflatables.com\/cs\/?s={search_term_string}"},"query-input":{"@type":"PropertyValueSpecification","valueRequired":true,"valueName":"search_term_string"}}],"inLanguage":"cs"}]}},"uagb_featured_image_src":{"full":["https:\/\/dodo-inflatables.com\/wp-content\/uploads\/2026\/04\/Druckwaechter-Druckmesser-fur-Huepfburgen.jpg",700,700,false],"thumbnail":["https:\/\/dodo-inflatables.com\/wp-content\/uploads\/2026\/04\/Druckwaechter-Druckmesser-fur-Huepfburgen-150x150.jpg",150,150,true],"medium":["https:\/\/dodo-inflatables.com\/wp-content\/uploads\/2026\/04\/Druckwaechter-Druckmesser-fur-Huepfburgen-300x300.jpg",300,300,true],"medium_large":["https:\/\/dodo-inflatables.com\/wp-content\/uploads\/2026\/04\/Druckwaechter-Druckmesser-fur-Huepfburgen.jpg",700,700,false],"large":["https:\/\/dodo-inflatables.com\/wp-content\/uploads\/2026\/04\/Druckwaechter-Druckmesser-fur-Huepfburgen.jpg",700,700,false],"1536x1536":["https:\/\/dodo-inflatables.com\/wp-content\/uploads\/2026\/04\/Druckwaechter-Druckmesser-fur-Huepfburgen.jpg",700,700,false],"2048x2048":["https:\/\/dodo-inflatables.com\/wp-content\/uploads\/2026\/04\/Druckwaechter-Druckmesser-fur-Huepfburgen.jpg",700,700,false],"woocommerce_thumbnail":["https:\/\/dodo-inflatables.com\/wp-content\/uploads\/2026\/04\/Druckwaechter-Druckmesser-fur-Huepfburgen.jpg",700,700,false],"woocommerce_single":["https:\/\/dodo-inflatables.com\/wp-content\/uploads\/2026\/04\/Druckwaechter-Druckmesser-fur-Huepfburgen.jpg",700,700,false],"woocommerce_gallery_thumbnail":["https:\/\/dodo-inflatables.com\/wp-content\/uploads\/2026\/04\/Druckwaechter-Druckmesser-fur-Huepfburgen-100x100.jpg",100,100,true]},"uagb_author_info":{"display_name":"Andreas","author_link":"https:\/\/dodo-inflatables.com\/cs\/author\/"},"uagb_comment_info":0,"uagb_excerpt":"Rozm\u011bry (\u0160 \u00d7 H \u00d7 V): cca 80 \u00d7 73 \u00d7 52 mm Rozm\u011bry v zabalen\u00e9m stavu: cca 110 \u00d7 110 \u00d7 100 mm M\u011b\u0159ic\u00ed rozsah: 0\u20133000 Pa","_links":{"self":[{"href":"https:\/\/dodo-inflatables.com\/cs\/wp-json\/wp\/v2\/product\/105965","targetHints":{"allow":["GET"]}}],"collection":[{"href":"https:\/\/dodo-inflatables.com\/cs\/wp-json\/wp\/v2\/product"}],"about":[{"href":"https:\/\/dodo-inflatables.com\/cs\/wp-json\/wp\/v2\/types\/product"}],"replies":[{"embeddable":true,"href":"https:\/\/dodo-inflatables.com\/cs\/wp-json\/wp\/v2\/comments?post=105965"}],"wp:featuredmedia":[{"embeddable":true,"href":"https:\/\/dodo-inflatables.com\/cs\/wp-json\/wp\/v2\/media\/105964"}],"wp:attachment":[{"href":"https:\/\/dodo-inflatables.com\/cs\/wp-json\/wp\/v2\/media?parent=105965"}],"wp:term":[{"taxonomy":"product_brand","embeddable":true,"href":"https:\/\/dodo-inflatables.com\/cs\/wp-json\/wp\/v2\/product_brand?post=105965"},{"taxonomy":"product_cat","embeddable":true,"href":"https:\/\/dodo-inflatables.com\/cs\/wp-json\/wp\/v2\/product_cat?post=105965"},{"taxonomy":"product_tag","embeddable":true,"href":"https:\/\/dodo-inflatables.com\/cs\/wp-json\/wp\/v2\/product_tag?post=105965"}],"curies":[{"name":"wp","href":"https:\/\/api.w.org\/{rel}","templated":true}]}}