{"id":105999,"date":"2026-04-04T13:54:45","date_gmt":"2026-04-04T11:54:45","guid":{"rendered":"https:\/\/dodo-inflatables.com\/dodo-relaunch?product=monitor-napeti-regulator-napeti-pro-skakaci-hrady-huawei-se-s02"},"modified":"2026-04-04T13:54:45","modified_gmt":"2026-04-04T11:54:45","slug":"monitor-napeti-regulator-napeti-pro-skakaci-hrady-huawei-se-s02","status":"publish","type":"product","link":"https:\/\/dodo-inflatables.com\/cs\/produkt\/monitor-napeti-regulator-napeti-pro-skakaci-hrady-huawei-se-s02\/","title":{"rendered":"Monitor nap\u011bt\u00ed \/ regul\u00e1tor nap\u011bt\u00ed pro sk\u00e1kac\u00ed hrady \u2013 Huawei SE-S02"},"content":{"rendered":"<h1><b>Koupit monitor nap\u011bt\u00ed \/ regul\u00e1tor nap\u011bt\u00ed pro sk\u00e1kac\u00ed hrady \u2013 Huawei SE-S02<\/b><\/h1>\n<p>Huawei SE-S02 Smart Monitoring regul\u00e1tor nap\u011bt\u00ed je ur\u010den k monitorov\u00e1n\u00ed nap\u00e1jen\u00ed sk\u00e1kac\u00edch hrad\u016f a nafukovac\u00edch hern\u00edch za\u0159\u00edzen\u00ed.<br \/>\nPr\u016fb\u011b\u017en\u011b kontroluje p\u0159\u00edchoz\u00ed nap\u011bt\u00ed a poskytuje vizu\u00e1ln\u00ed a akustick\u00e1 varov\u00e1n\u00ed, pokud dojde k v\u00fdkyv\u016fm nap\u011bt\u00ed, kter\u00e9 by mohly ovlivnit bezpe\u010dn\u00fd provoz.<br \/>\nTento monitor nap\u011bt\u00ed pom\u00e1h\u00e1 zajistit stabiln\u00ed a spolehliv\u00fd v\u00fdkon ventil\u00e1toru a je zvl\u00e1\u0161t\u011b vhodn\u00fd pro profesion\u00e1ln\u00ed pou\u017eit\u00ed v odv\u011btv\u00ed p\u016fj\u010doven a akc\u00ed.<br \/>\n<strong>Monitorov\u00e1n\u00ed s\u00ed\u0165ov\u00e9ho nap\u011bt\u00ed:<\/strong><br \/>\nSE-S02 m\u011b\u0159\u00ed p\u0159\u00edchoz\u00ed nap\u011bt\u00ed v rozsahu 150\u2013275 V a zobrazuje ho p\u0159ehledn\u011b na digit\u00e1ln\u00edm displeji.<br \/>\n<strong>Vizu\u00e1ln\u00ed a akustick\u00e9 varov\u00e1n\u00ed:<\/strong><br \/>\nPokud dojde k nesrovnalostem nap\u011bt\u00ed, je okam\u017eit\u011b spu\u0161t\u011bno varov\u00e1n\u00ed prost\u0159ednictv\u00edm LED displeje a zvukov\u00e9ho sign\u00e1lu, co\u017e umo\u017e\u0148uje rychl\u00e9 jedn\u00e1n\u00ed.<br \/>\n<strong>Dv\u011b z\u00e1suvky pro ventil\u00e1tory:<\/strong><br \/>\nRegul\u00e1tor nap\u011bt\u00ed m\u00e1 dva v\u00fdstupy a umo\u017e\u0148uje p\u0159ipojen\u00ed jednoho nebo dvou ventil\u00e1tor\u016f s celkov\u00fdm v\u00fdkonem a\u017e 3200 W.<br \/>\n<strong>Robustn\u00ed a odoln\u00fd v\u016f\u010di pov\u011btrnostn\u00edm vliv\u016fm:<\/strong><br \/>\nKryt je ohnivzdorn\u00fd a vod\u011bodoln\u00fd a je ur\u010den pro pou\u017eit\u00ed v typick\u00e9m prost\u0159ed\u00ed sk\u00e1kac\u00edch hrad\u016f, jak uvnit\u0159, tak venku.<br \/>\n<strong>Kompaktn\u00ed a snadno instalovateln\u00fd:<\/strong><br \/>\nD\u00edky kompaktn\u00edm rozm\u011br\u016fm a p\u0159ehledn\u00e9mu displeji lze monitor nap\u011bt\u00ed rychle integrovat a snadno ovl\u00e1dat.<\/p>\n<h3>Podrobnosti o monitoru nap\u011bt\u00ed<\/h3>\n<ul>\n<li>Rozm\u011bry (\u0160 \u00d7 H \u00d7 V): cca 155 \u00d7 113 \u00d7 85 mm<\/li>\n<li class=\"p1\">Rozsah nap\u011bt\u00ed: 150\u2013275 V<\/li>\n<li class=\"p1\">V\u00fdkon z\u00e1suvky (jednotliv\u00e1): 2200 W<\/li>\n<li class=\"p1\">Celkov\u00fd v\u00fdkon z\u00e1suvek: 3200 W<\/li>\n<\/ul>\n","protected":false},"excerpt":{"rendered":"<ul>\n<li>Rozm\u011bry (\u0160 \u00d7 H \u00d7 V): cca 155 \u00d7 113 \u00d7 85 mm<\/li>\n<li class=\"p1\">Rozsah nap\u011bt\u00ed: 150\u2013275 V<\/li>\n<li class=\"p1\">V\u00fdkon z\u00e1suvky (jednotliv\u00e1): 2200 W<\/li>\n<li class=\"p1\">Celkov\u00fd v\u00fdkon z\u00e1suvek: 3200 W<\/li>\n<\/ul>\n","protected":false},"featured_media":105998,"comment_status":"open","ping_status":"closed","template":"","meta":{"_acf_changed":false,"_uag_custom_page_level_css":"","site-sidebar-layout":"default","site-content-layout":"boxed-container","ast-site-content-layout":"normal-width-container","site-content-style":"boxed","site-sidebar-style":"default","ast-global-header-display":"","ast-banner-title-visibility":"","ast-main-header-display":"","ast-hfb-above-header-display":"","ast-hfb-below-header-display":"","ast-hfb-mobile-header-display":"","site-post-title":"disabled","ast-breadcrumbs-content":"","ast-featured-img":"","footer-sml-layout":"","ast-disable-related-posts":"","theme-transparent-header-meta":"default","adv-header-id-meta":"","stick-header-meta":"default","header-above-stick-meta":"","header-main-stick-meta":"","header-below-stick-meta":"","astra-migrate-meta-layouts":"default","ast-page-background-enabled":"default","ast-page-background-meta":{"desktop":{"background-color":"var(--ast-global-color-4)","background-image":"","background-repeat":"repeat","background-position":"center center","background-size":"auto","background-attachment":"scroll","background-type":"","background-media":"","overlay-type":"","overlay-color":"","overlay-opacity":"","overlay-gradient":""},"tablet":{"background-color":"","background-image":"","background-repeat":"repeat","background-position":"center center","background-size":"auto","background-attachment":"scroll","background-type":"","background-media":"","overlay-type":"","overlay-color":"","overlay-opacity":"","overlay-gradient":""},"mobile":{"background-color":"","background-image":"","background-repeat":"repeat","background-position":"center center","background-size":"auto","background-attachment":"scroll","background-type":"","background-media":"","overlay-type":"","overlay-color":"","overlay-opacity":"","overlay-gradient":""}},"ast-content-background-meta":{"desktop":{"background-color":"var(--ast-global-color-5)","background-image":"","background-repeat":"repeat","background-position":"center center","background-size":"auto","background-attachment":"scroll","background-type":"","background-media":"","overlay-type":"","overlay-color":"","overlay-opacity":"","overlay-gradient":""},"tablet":{"background-color":"var(--ast-global-color-5)","background-image":"","background-repeat":"repeat","background-position":"center center","background-size":"auto","background-attachment":"scroll","background-type":"","background-media":"","overlay-type":"","overlay-color":"","overlay-opacity":"","overlay-gradient":""},"mobile":{"background-color":"var(--ast-global-color-5)","background-image":"","background-repeat":"repeat","background-position":"center center","background-size":"auto","background-attachment":"scroll","background-type":"","background-media":"","overlay-type":"","overlay-color":"","overlay-opacity":"","overlay-gradient":""}}},"product_brand":[],"product_cat":[1135],"product_tag":[],"class_list":{"0":"post-105999","1":"product","2":"type-product","3":"status-publish","4":"has-post-thumbnail","6":"product_cat-prislusenstvi","7":"product_shipping_class-zubehor-cs","8":"desktop-align-center","9":"tablet-align-center","10":"mobile-align-center","11":"ast-product-gallery-layout-horizontal","12":"ast-product-gallery-with-no-image","13":"ast-product-tabs-layout-horizontal","15":"first","16":"instock","17":"taxable","18":"shipping-taxable","19":"purchasable","20":"product-type-simple"},"acf":[],"yoast_head":"<!-- This site is optimized with the Yoast SEO plugin v27.5 - https:\/\/yoast.com\/product\/yoast-seo-wordpress\/ -->\n<title>Monitor nap\u011bt\u00ed \/ regul\u00e1tor nap\u011bt\u00ed pro sk\u00e1kac\u00ed hrady \u2013 Huawei SE-S02 | Dodo Inflatables<\/title>\n<meta name=\"description\" content=\"Huawei SE-S02 monitor nap\u011bt\u00ed pro sk\u00e1kac\u00ed hrady \u2013 rozsah nap\u011bt\u00ed 150\u2013275 V, dv\u011b z\u00e1suvky a\u017e 3200 W celkov\u00e9ho v\u00fdkonu, vizu\u00e1ln\u00ed a akustick\u00e1 varov\u00e1n\u00ed, ohnivzdorn\u00fd a vod\u011bodoln\u00fd.\" \/>\n<meta name=\"robots\" content=\"index, follow, max-snippet:-1, max-image-preview:large, max-video-preview:-1\" \/>\n<link rel=\"canonical\" href=\"https:\/\/dodo-inflatables.com\/cs\/produkt\/monitor-napeti-regulator-napeti-pro-skakaci-hrady-huawei-se-s02\/\" \/>\n<meta name=\"twitter:label1\" content=\"Odhadovan\u00e1 doba \u010dten\u00ed\" \/>\n\t<meta name=\"twitter:data1\" content=\"1 minuta\" \/>\n<script type=\"application\/ld+json\" class=\"yoast-schema-graph\">{\"@context\":\"https:\\\/\\\/schema.org\",\"@graph\":[{\"@type\":\"WebPage\",\"@id\":\"https:\\\/\\\/dodo-inflatables.com\\\/cs\\\/produkt\\\/monitor-napeti-regulator-napeti-pro-skakaci-hrady-huawei-se-s02\\\/\",\"url\":\"https:\\\/\\\/dodo-inflatables.com\\\/cs\\\/produkt\\\/monitor-napeti-regulator-napeti-pro-skakaci-hrady-huawei-se-s02\\\/\",\"name\":\"Monitor nap\u011bt\u00ed \\\/ regul\u00e1tor nap\u011bt\u00ed pro sk\u00e1kac\u00ed hrady \u2013 Huawei SE-S02 | Dodo Inflatables\",\"isPartOf\":{\"@id\":\"https:\\\/\\\/dodo-inflatables.com\\\/cs\\\/#website\"},\"primaryImageOfPage\":{\"@id\":\"https:\\\/\\\/dodo-inflatables.com\\\/cs\\\/produkt\\\/monitor-napeti-regulator-napeti-pro-skakaci-hrady-huawei-se-s02\\\/#primaryimage\"},\"image\":{\"@id\":\"https:\\\/\\\/dodo-inflatables.com\\\/cs\\\/produkt\\\/monitor-napeti-regulator-napeti-pro-skakaci-hrady-huawei-se-s02\\\/#primaryimage\"},\"thumbnailUrl\":\"https:\\\/\\\/dodo-inflatables.com\\\/wp-content\\\/uploads\\\/2026\\\/04\\\/Spannungswaechter-fur-Huepfburgen-Geblaese.jpg\",\"datePublished\":\"2026-04-04T11:54:45+00:00\",\"description\":\"Huawei SE-S02 monitor nap\u011bt\u00ed pro sk\u00e1kac\u00ed hrady \u2013 rozsah nap\u011bt\u00ed 150\u2013275 V, dv\u011b z\u00e1suvky a\u017e 3200 W celkov\u00e9ho v\u00fdkonu, vizu\u00e1ln\u00ed a akustick\u00e1 varov\u00e1n\u00ed, ohnivzdorn\u00fd a vod\u011bodoln\u00fd.\",\"breadcrumb\":{\"@id\":\"https:\\\/\\\/dodo-inflatables.com\\\/cs\\\/produkt\\\/monitor-napeti-regulator-napeti-pro-skakaci-hrady-huawei-se-s02\\\/#breadcrumb\"},\"inLanguage\":\"cs\",\"potentialAction\":[{\"@type\":\"ReadAction\",\"target\":[\"https:\\\/\\\/dodo-inflatables.com\\\/cs\\\/produkt\\\/monitor-napeti-regulator-napeti-pro-skakaci-hrady-huawei-se-s02\\\/\"]}]},{\"@type\":\"ImageObject\",\"inLanguage\":\"cs\",\"@id\":\"https:\\\/\\\/dodo-inflatables.com\\\/cs\\\/produkt\\\/monitor-napeti-regulator-napeti-pro-skakaci-hrady-huawei-se-s02\\\/#primaryimage\",\"url\":\"https:\\\/\\\/dodo-inflatables.com\\\/wp-content\\\/uploads\\\/2026\\\/04\\\/Spannungswaechter-fur-Huepfburgen-Geblaese.jpg\",\"contentUrl\":\"https:\\\/\\\/dodo-inflatables.com\\\/wp-content\\\/uploads\\\/2026\\\/04\\\/Spannungswaechter-fur-Huepfburgen-Geblaese.jpg\",\"width\":700,\"height\":700,\"caption\":\"Monitor nap\u011bt\u00ed \\\/ regul\u00e1tor nap\u011bt\u00ed pro sk\u00e1kac\u00ed hrady \u2013 Huawei SE-S02 | Dodo Inflatables\"},{\"@type\":\"BreadcrumbList\",\"@id\":\"https:\\\/\\\/dodo-inflatables.com\\\/cs\\\/produkt\\\/monitor-napeti-regulator-napeti-pro-skakaci-hrady-huawei-se-s02\\\/#breadcrumb\",\"itemListElement\":[{\"@type\":\"ListItem\",\"position\":1,\"name\":\"Dom\u016f\",\"item\":\"https:\\\/\\\/dodo-inflatables.com\\\/cs\\\/\"},{\"@type\":\"ListItem\",\"position\":2,\"name\":\"Obchod\",\"item\":\"https:\\\/\\\/dodo-inflatables.com\\\/cs\\\/obchod\\\/\"},{\"@type\":\"ListItem\",\"position\":3,\"name\":\"Monitor nap\u011bt\u00ed \\\/ regul\u00e1tor nap\u011bt\u00ed pro sk\u00e1kac\u00ed hrady \u2013 Huawei SE-S02\"}]},{\"@type\":\"WebSite\",\"@id\":\"https:\\\/\\\/dodo-inflatables.com\\\/cs\\\/#website\",\"url\":\"https:\\\/\\\/dodo-inflatables.com\\\/cs\\\/\",\"name\":\"dodo-inflatables.com\",\"description\":\"Nakupujte sk\u00e1kac\u00ed hrady a atrakce v na\u0161em obchod\u011b.\",\"potentialAction\":[{\"@type\":\"SearchAction\",\"target\":{\"@type\":\"EntryPoint\",\"urlTemplate\":\"https:\\\/\\\/dodo-inflatables.com\\\/cs\\\/?s={search_term_string}\"},\"query-input\":{\"@type\":\"PropertyValueSpecification\",\"valueRequired\":true,\"valueName\":\"search_term_string\"}}],\"inLanguage\":\"cs\"}]}<\/script>\n<!-- \/ Yoast SEO plugin. -->","yoast_head_json":{"title":"Monitor nap\u011bt\u00ed \/ regul\u00e1tor nap\u011bt\u00ed pro sk\u00e1kac\u00ed hrady \u2013 Huawei SE-S02 | Dodo Inflatables","description":"Huawei SE-S02 monitor nap\u011bt\u00ed pro sk\u00e1kac\u00ed hrady \u2013 rozsah nap\u011bt\u00ed 150\u2013275 V, dv\u011b z\u00e1suvky a\u017e 3200 W celkov\u00e9ho v\u00fdkonu, vizu\u00e1ln\u00ed a akustick\u00e1 varov\u00e1n\u00ed, ohnivzdorn\u00fd a vod\u011bodoln\u00fd.","robots":{"index":"index","follow":"follow","max-snippet":"max-snippet:-1","max-image-preview":"max-image-preview:large","max-video-preview":"max-video-preview:-1"},"canonical":"https:\/\/dodo-inflatables.com\/cs\/produkt\/monitor-napeti-regulator-napeti-pro-skakaci-hrady-huawei-se-s02\/","twitter_misc":{"Odhadovan\u00e1 doba \u010dten\u00ed":"1 minuta"},"schema":{"@context":"https:\/\/schema.org","@graph":[{"@type":"WebPage","@id":"https:\/\/dodo-inflatables.com\/cs\/produkt\/monitor-napeti-regulator-napeti-pro-skakaci-hrady-huawei-se-s02\/","url":"https:\/\/dodo-inflatables.com\/cs\/produkt\/monitor-napeti-regulator-napeti-pro-skakaci-hrady-huawei-se-s02\/","name":"Monitor nap\u011bt\u00ed \/ regul\u00e1tor nap\u011bt\u00ed pro sk\u00e1kac\u00ed hrady \u2013 Huawei SE-S02 | Dodo Inflatables","isPartOf":{"@id":"https:\/\/dodo-inflatables.com\/cs\/#website"},"primaryImageOfPage":{"@id":"https:\/\/dodo-inflatables.com\/cs\/produkt\/monitor-napeti-regulator-napeti-pro-skakaci-hrady-huawei-se-s02\/#primaryimage"},"image":{"@id":"https:\/\/dodo-inflatables.com\/cs\/produkt\/monitor-napeti-regulator-napeti-pro-skakaci-hrady-huawei-se-s02\/#primaryimage"},"thumbnailUrl":"https:\/\/dodo-inflatables.com\/wp-content\/uploads\/2026\/04\/Spannungswaechter-fur-Huepfburgen-Geblaese.jpg","datePublished":"2026-04-04T11:54:45+00:00","description":"Huawei SE-S02 monitor nap\u011bt\u00ed pro sk\u00e1kac\u00ed hrady \u2013 rozsah nap\u011bt\u00ed 150\u2013275 V, dv\u011b z\u00e1suvky a\u017e 3200 W celkov\u00e9ho v\u00fdkonu, vizu\u00e1ln\u00ed a akustick\u00e1 varov\u00e1n\u00ed, ohnivzdorn\u00fd a vod\u011bodoln\u00fd.","breadcrumb":{"@id":"https:\/\/dodo-inflatables.com\/cs\/produkt\/monitor-napeti-regulator-napeti-pro-skakaci-hrady-huawei-se-s02\/#breadcrumb"},"inLanguage":"cs","potentialAction":[{"@type":"ReadAction","target":["https:\/\/dodo-inflatables.com\/cs\/produkt\/monitor-napeti-regulator-napeti-pro-skakaci-hrady-huawei-se-s02\/"]}]},{"@type":"ImageObject","inLanguage":"cs","@id":"https:\/\/dodo-inflatables.com\/cs\/produkt\/monitor-napeti-regulator-napeti-pro-skakaci-hrady-huawei-se-s02\/#primaryimage","url":"https:\/\/dodo-inflatables.com\/wp-content\/uploads\/2026\/04\/Spannungswaechter-fur-Huepfburgen-Geblaese.jpg","contentUrl":"https:\/\/dodo-inflatables.com\/wp-content\/uploads\/2026\/04\/Spannungswaechter-fur-Huepfburgen-Geblaese.jpg","width":700,"height":700,"caption":"Monitor nap\u011bt\u00ed \/ regul\u00e1tor nap\u011bt\u00ed pro sk\u00e1kac\u00ed hrady \u2013 Huawei SE-S02 | Dodo Inflatables"},{"@type":"BreadcrumbList","@id":"https:\/\/dodo-inflatables.com\/cs\/produkt\/monitor-napeti-regulator-napeti-pro-skakaci-hrady-huawei-se-s02\/#breadcrumb","itemListElement":[{"@type":"ListItem","position":1,"name":"Dom\u016f","item":"https:\/\/dodo-inflatables.com\/cs\/"},{"@type":"ListItem","position":2,"name":"Obchod","item":"https:\/\/dodo-inflatables.com\/cs\/obchod\/"},{"@type":"ListItem","position":3,"name":"Monitor nap\u011bt\u00ed \/ regul\u00e1tor nap\u011bt\u00ed pro sk\u00e1kac\u00ed hrady \u2013 Huawei SE-S02"}]},{"@type":"WebSite","@id":"https:\/\/dodo-inflatables.com\/cs\/#website","url":"https:\/\/dodo-inflatables.com\/cs\/","name":"dodo-inflatables.com","description":"Nakupujte sk\u00e1kac\u00ed hrady a atrakce v na\u0161em obchod\u011b.","potentialAction":[{"@type":"SearchAction","target":{"@type":"EntryPoint","urlTemplate":"https:\/\/dodo-inflatables.com\/cs\/?s={search_term_string}"},"query-input":{"@type":"PropertyValueSpecification","valueRequired":true,"valueName":"search_term_string"}}],"inLanguage":"cs"}]}},"uagb_featured_image_src":{"full":["https:\/\/dodo-inflatables.com\/wp-content\/uploads\/2026\/04\/Spannungswaechter-fur-Huepfburgen-Geblaese.jpg",700,700,false],"thumbnail":["https:\/\/dodo-inflatables.com\/wp-content\/uploads\/2026\/04\/Spannungswaechter-fur-Huepfburgen-Geblaese-150x150.jpg",150,150,true],"medium":["https:\/\/dodo-inflatables.com\/wp-content\/uploads\/2026\/04\/Spannungswaechter-fur-Huepfburgen-Geblaese-300x300.jpg",300,300,true],"medium_large":["https:\/\/dodo-inflatables.com\/wp-content\/uploads\/2026\/04\/Spannungswaechter-fur-Huepfburgen-Geblaese.jpg",700,700,false],"large":["https:\/\/dodo-inflatables.com\/wp-content\/uploads\/2026\/04\/Spannungswaechter-fur-Huepfburgen-Geblaese.jpg",700,700,false],"1536x1536":["https:\/\/dodo-inflatables.com\/wp-content\/uploads\/2026\/04\/Spannungswaechter-fur-Huepfburgen-Geblaese.jpg",700,700,false],"2048x2048":["https:\/\/dodo-inflatables.com\/wp-content\/uploads\/2026\/04\/Spannungswaechter-fur-Huepfburgen-Geblaese.jpg",700,700,false],"woocommerce_thumbnail":["https:\/\/dodo-inflatables.com\/wp-content\/uploads\/2026\/04\/Spannungswaechter-fur-Huepfburgen-Geblaese.jpg",700,700,false],"woocommerce_single":["https:\/\/dodo-inflatables.com\/wp-content\/uploads\/2026\/04\/Spannungswaechter-fur-Huepfburgen-Geblaese.jpg",700,700,false],"woocommerce_gallery_thumbnail":["https:\/\/dodo-inflatables.com\/wp-content\/uploads\/2026\/04\/Spannungswaechter-fur-Huepfburgen-Geblaese-100x100.jpg",100,100,true]},"uagb_author_info":{"display_name":"Andreas","author_link":"https:\/\/dodo-inflatables.com\/cs\/author\/"},"uagb_comment_info":0,"uagb_excerpt":"Rozm\u011bry (\u0160 \u00d7 H \u00d7 V): cca 155 \u00d7 113 \u00d7 85 mm Rozsah nap\u011bt\u00ed: 150\u2013275 V V\u00fdkon z\u00e1suvky (jednotliv\u00e1): 2200 W Celkov\u00fd v\u00fdkon z\u00e1suvek: 3200 W","_links":{"self":[{"href":"https:\/\/dodo-inflatables.com\/cs\/wp-json\/wp\/v2\/product\/105999","targetHints":{"allow":["GET"]}}],"collection":[{"href":"https:\/\/dodo-inflatables.com\/cs\/wp-json\/wp\/v2\/product"}],"about":[{"href":"https:\/\/dodo-inflatables.com\/cs\/wp-json\/wp\/v2\/types\/product"}],"replies":[{"embeddable":true,"href":"https:\/\/dodo-inflatables.com\/cs\/wp-json\/wp\/v2\/comments?post=105999"}],"wp:featuredmedia":[{"embeddable":true,"href":"https:\/\/dodo-inflatables.com\/cs\/wp-json\/wp\/v2\/media\/105998"}],"wp:attachment":[{"href":"https:\/\/dodo-inflatables.com\/cs\/wp-json\/wp\/v2\/media?parent=105999"}],"wp:term":[{"taxonomy":"product_brand","embeddable":true,"href":"https:\/\/dodo-inflatables.com\/cs\/wp-json\/wp\/v2\/product_brand?post=105999"},{"taxonomy":"product_cat","embeddable":true,"href":"https:\/\/dodo-inflatables.com\/cs\/wp-json\/wp\/v2\/product_cat?post=105999"},{"taxonomy":"product_tag","embeddable":true,"href":"https:\/\/dodo-inflatables.com\/cs\/wp-json\/wp\/v2\/product_tag?post=105999"}],"curies":[{"name":"wp","href":"https:\/\/api.w.org\/{rel}","templated":true}]}}