{"id":12979,"date":"2017-01-06T20:54:55","date_gmt":"2017-01-06T19:54:55","guid":{"rendered":"https:\/\/dodo-inflatables.com\/product\/fotbalovy-kulecnik\/"},"modified":"2024-06-01T18:26:33","modified_gmt":"2024-06-01T16:26:33","slug":"fotbalovy-kulecnik","status":"publish","type":"product","link":"https:\/\/dodo-inflatables.com\/cs\/produkt\/fotbalovy-kulecnik\/","title":{"rendered":"Fotbalov\u00fd kule\u010dn\u00edk"},"content":{"rendered":"<h3>Koupit nafukovac\u00ed fotbalov\u00fd kule\u010dn\u00edk<\/h3>\n<p>Je pro v\u00e1s norm\u00e1ln\u00ed fotbal p\u0159\u00edli\u0161 nudn\u00fd? \u017d\u00e1dn\u00fd probl\u00e9m! S na\u0161\u00edm fotbalov\u00fdm kule\u010dn\u00edkem nebo snookerov\u00fdm fotbalem m\u016f\u017eete hru zpest\u0159it. Fotbalov\u00fd kule\u010dn\u00edk nebo poolball \/ fotbalov\u00fd kule\u010dn\u00edk kombinuje z\u00e1bavu obou her a poskytuje z\u00e1bavu pro div\u00e1ky i spoluhr\u00e1\u010de. Hraje se podle obvykl\u00fdch pravidel kule\u010dn\u00edku, ale t\u00e1gem se st\u00e1v\u00e1 va\u0161e vlastn\u00ed noha. Pln\u00e9 a polovi\u010dn\u00ed koule v kule\u010dn\u00edkov\u00e9m vzhledu se mus\u00ed kopat do otvor\u016f pomoc\u00ed b\u00edl\u00e9 t\u00e1gov\u00e9 koule. V\u00edt\u011bzem hry se st\u00e1v\u00e1 hr\u00e1\u010d, kter\u00fd jako prvn\u00ed tref\u00ed sv\u00e9 koule a z\u00e1rove\u0148 si vezme do kapsy \u010dernou osmi\u010dku. To v\u0161ak vy\u017eaduje velkou p\u0159esnost, dobr\u00fd cit pro m\u00ed\u010d a propracovanou strategii. Hru lze hr\u00e1t ve dvojic\u00edch nebo v t\u00fdmu. Hra se nejl\u00e9pe hraje na fotbalov\u00e9m tr\u00e1vn\u00edku nebo jin\u00e9m rovn\u00e9m povrchu. Fotbalov\u00fd kule\u010dn\u00edk je v\u017edy tou spr\u00e1vnou atrakc\u00ed! Obrovsk\u00e1 hrac\u00ed plocha p\u0159il\u00e1k\u00e1 n\u00e1v\u0161t\u011bvn\u00edky z daleka a poskytne tu nejlep\u0161\u00ed z\u00e1bavu pro hr\u00e1\u010de i div\u00e1ky.<\/p>\n<p>&nbsp;<\/p>\n<h4>Podrobnosti o nafukovac\u00edm fotbalov\u00e9m kule\u010dn\u00edku<\/h4>\n<ul>\n<li>Rozm\u011bry (d x \u0161 x v): 8,00 m x 4,00 m x 0,75 m *<\/li>\n<li>Hmotnost: cca. 60 kg *<\/li>\n<li>Velikost balen\u00ed: 100 x 70 x 70 cm *<\/li>\n<li>Doba mont\u00e1\u017ee: 10 minut<\/li>\n<li>Materi\u00e1l: 0,55 mm PVC<\/li>\n<li>Zip s krytem na such\u00fd zip, zes\u00edlen\u00e9 rohy<\/li>\n<\/ul>\n<p>&nbsp;<\/p>\n<p>Rozsah dod\u00e1vky zahrnuje fotbalov\u00fd kule\u010dn\u00edk surround<\/p>\n<p>Sou\u010d\u00e1st\u00ed balen\u00ed nen\u00ed dmychadlo, podkladov\u00e1 plachta, fotbalov\u00e9 kule\u010dn\u00edkov\u00e9 koule a fotbalov\u00fd kule\u010dn\u00edkov\u00fd troj\u00faheln\u00edk. Ty najdete v kategorii p\u0159\u00edslu\u0161enstv\u00ed.<\/p>\n<p>Nafukovac\u00ed fotbalov\u00fd kule\u010dn\u00edk je kvalitn\u00ed v\u00fdrobek, kter\u00fd je vyroben podle p\u0159\u00edsn\u00fdch pravidel v souladu s normou EN 14960. V\u0161echny na\u0161e sk\u00e1kac\u00ed hrady a nafukovac\u00ed atrakce jsou profesion\u00e1ln\u00ed moduly, kter\u00e9 jsou vhodn\u00e9 pro profesion\u00e1ln\u00ed pron\u00e1jem a pou\u017eit\u00ed v parc\u00edch pro voln\u00fd \u010das, na kryt\u00fdch h\u0159i\u0161t\u00edch a podobn\u011b.<\/p>\n<p>&nbsp;<\/p>\n<p><strong>D\u016fle\u017eit\u00e9 pozn\u00e1mky k provozu<\/strong><\/p>\n<p>Ventil\u00e1tor (nen\u00ed sou\u010d\u00e1st\u00ed dod\u00e1vky) mus\u00ed b\u011bhem pou\u017e\u00edv\u00e1n\u00ed b\u011b\u017eet nep\u0159etr\u017eit\u011b.<br \/>\nM\u00edrn\u00fd \u00fanik vzduchu otvory ve \u0161vech je norm\u00e1ln\u00ed.<\/p>\n<p>* Hmotnost a rozm\u011bry jsou p\u0159ibli\u017en\u00e9 a mohou se m\u00edrn\u011b li\u0161it.<\/p>\n","protected":false},"excerpt":{"rendered":"<p><i class=\"fa fa-arrows-alt\"><\/i>  Rozm\u011bry (d x \u0161 x v): 8,00 m x 4,00 m x 0,75 m *<br \/>\n<i class=\"fa fa-plus\"><\/i>  Na p\u0159\u00e1n\u00ed jsou k dispozici m\u00ed\u010de na nohu v designu kule\u010dn\u00edkov\u00e9 koule<br \/>\n<i class=\"fa fa-check\"><\/i>  Profesion\u00e1ln\u00ed modul &#8211; vhodn\u00fd pro komer\u010dn\u00ed a soukrom\u00e9 pou\u017eit\u00ed<\/p>\n<p><i class=\"fa fa-square\"><\/i>  PVC (0,55 mm \/ 621,3 g\/m2) a such\u00fd zip<br \/>\n<i class=\"fa fa-align-justify\"><\/i>  2 &#8211; 4n\u00e1sobn\u00e9 pro\u0161it\u00ed (v z\u00e1vislosti na zat\u00ed\u017een\u00ed)<br \/>\n<i class=\"fa fa-fire\"><\/i>  Zpomalova\u010d ho\u0159en\u00ed<\/p>\n<p>&nbsp;<\/p>\n","protected":false},"featured_media":12980,"comment_status":"open","ping_status":"closed","template":"","meta":{"_acf_changed":false,"_uag_custom_page_level_css":"","site-sidebar-layout":"default","site-content-layout":"boxed-container","ast-site-content-layout":"normal-width-container","site-content-style":"boxed","site-sidebar-style":"boxed","ast-global-header-display":"","ast-banner-title-visibility":"","ast-main-header-display":"","ast-hfb-above-header-display":"","ast-hfb-below-header-display":"","ast-hfb-mobile-header-display":"","site-post-title":"disabled","ast-breadcrumbs-content":"","ast-featured-img":"","footer-sml-layout":"","ast-disable-related-posts":"","theme-transparent-header-meta":"default","adv-header-id-meta":"","stick-header-meta":"default","header-above-stick-meta":"","header-main-stick-meta":"","header-below-stick-meta":"","astra-migrate-meta-layouts":"default","ast-page-background-enabled":"default","ast-page-background-meta":{"desktop":{"background-color":"var(--ast-global-color-4)","background-image":"","background-repeat":"repeat","background-position":"center center","background-size":"auto","background-attachment":"scroll","background-type":"","background-media":"","overlay-type":"","overlay-color":"","overlay-opacity":"","overlay-gradient":""},"tablet":{"background-color":"","background-image":"","background-repeat":"repeat","background-position":"center center","background-size":"auto","background-attachment":"scroll","background-type":"","background-media":"","overlay-type":"","overlay-color":"","overlay-opacity":"","overlay-gradient":""},"mobile":{"background-color":"","background-image":"","background-repeat":"repeat","background-position":"center center","background-size":"auto","background-attachment":"scroll","background-type":"","background-media":"","overlay-type":"","overlay-color":"","overlay-opacity":"","overlay-gradient":""}},"ast-content-background-meta":{"desktop":{"background-color":"var(--ast-global-color-5)","background-image":"","background-repeat":"repeat","background-position":"center center","background-size":"auto","background-attachment":"scroll","background-type":"","background-media":"","overlay-type":"","overlay-color":"","overlay-opacity":"","overlay-gradient":""},"tablet":{"background-color":"var(--ast-global-color-5)","background-image":"","background-repeat":"repeat","background-position":"center center","background-size":"auto","background-attachment":"scroll","background-type":"","background-media":"","overlay-type":"","overlay-color":"","overlay-opacity":"","overlay-gradient":""},"mobile":{"background-color":"var(--ast-global-color-5)","background-image":"","background-repeat":"repeat","background-position":"center center","background-size":"auto","background-attachment":"scroll","background-type":"","background-media":"","overlay-type":"","overlay-color":"","overlay-opacity":"","overlay-gradient":""}}},"product_brand":[],"product_cat":[1278],"product_tag":[],"class_list":{"0":"post-12979","1":"product","2":"type-product","3":"status-publish","4":"has-post-thumbnail","6":"product_cat-atrakce","7":"product_shipping_class-spedition-hupfburg-cs","8":"desktop-align-center","9":"tablet-align-center","10":"mobile-align-center","11":"ast-product-gallery-layout-horizontal","12":"ast-product-tabs-layout-horizontal","14":"first","15":"instock","16":"taxable","17":"shipping-taxable","18":"purchasable","19":"product-type-simple"},"acf":[],"yoast_head":"<!-- This site is optimized with the Yoast SEO plugin v27.3 - https:\/\/yoast.com\/product\/yoast-seo-wordpress\/ -->\n<title>N\u00e1kupn\u00ed l\u00edstky na fotbal | H\u00fcpfburg-g\u00fcnstig-kaufen.de<\/title>\n<meta name=\"description\" content=\"Kupte si nafukovac\u00ed fotbalov\u00fd baz\u00e9n a fotbalov\u00fd kule\u010dn\u00edk na dodo-inflatables.com! | F\u00e9rov\u00e9 ceny | V\u017edy skladem | Rychl\u00e9 odesl\u00e1n\u00ed!\" \/>\n<meta name=\"robots\" content=\"index, follow, max-snippet:-1, max-image-preview:large, max-video-preview:-1\" \/>\n<link rel=\"canonical\" href=\"https:\/\/dodo-inflatables.com\/cs\/produkt\/fotbalovy-kulecnik\/\" \/>\n<meta name=\"twitter:label1\" content=\"Odhadovan\u00e1 doba \u010dten\u00ed\" \/>\n\t<meta name=\"twitter:data1\" content=\"2 minuty\" \/>\n<script type=\"application\/ld+json\" class=\"yoast-schema-graph\">{\"@context\":\"https:\\\/\\\/schema.org\",\"@graph\":[{\"@type\":\"WebPage\",\"@id\":\"https:\\\/\\\/dodo-inflatables.com\\\/cs\\\/produkt\\\/fotbalovy-kulecnik\\\/\",\"url\":\"https:\\\/\\\/dodo-inflatables.com\\\/cs\\\/produkt\\\/fotbalovy-kulecnik\\\/\",\"name\":\"N\u00e1kupn\u00ed l\u00edstky na fotbal | H\u00fcpfburg-g\u00fcnstig-kaufen.de\",\"isPartOf\":{\"@id\":\"https:\\\/\\\/dodo-inflatables.com\\\/cs\\\/#website\"},\"primaryImageOfPage\":{\"@id\":\"https:\\\/\\\/dodo-inflatables.com\\\/cs\\\/produkt\\\/fotbalovy-kulecnik\\\/#primaryimage\"},\"image\":{\"@id\":\"https:\\\/\\\/dodo-inflatables.com\\\/cs\\\/produkt\\\/fotbalovy-kulecnik\\\/#primaryimage\"},\"thumbnailUrl\":\"https:\\\/\\\/dodo-inflatables.com\\\/wp-content\\\/uploads\\\/2017\\\/01\\\/snooker-football-fussball-billard-kaufen-4.png\",\"datePublished\":\"2017-01-06T19:54:55+00:00\",\"dateModified\":\"2024-06-01T16:26:33+00:00\",\"description\":\"Kupte si nafukovac\u00ed fotbalov\u00fd baz\u00e9n a fotbalov\u00fd kule\u010dn\u00edk na dodo-inflatables.com! | F\u00e9rov\u00e9 ceny | V\u017edy skladem | Rychl\u00e9 odesl\u00e1n\u00ed!\",\"breadcrumb\":{\"@id\":\"https:\\\/\\\/dodo-inflatables.com\\\/cs\\\/produkt\\\/fotbalovy-kulecnik\\\/#breadcrumb\"},\"inLanguage\":\"cs\",\"potentialAction\":[{\"@type\":\"ReadAction\",\"target\":[\"https:\\\/\\\/dodo-inflatables.com\\\/cs\\\/produkt\\\/fotbalovy-kulecnik\\\/\"]}]},{\"@type\":\"ImageObject\",\"inLanguage\":\"cs\",\"@id\":\"https:\\\/\\\/dodo-inflatables.com\\\/cs\\\/produkt\\\/fotbalovy-kulecnik\\\/#primaryimage\",\"url\":\"https:\\\/\\\/dodo-inflatables.com\\\/wp-content\\\/uploads\\\/2017\\\/01\\\/snooker-football-fussball-billard-kaufen-4.png\",\"contentUrl\":\"https:\\\/\\\/dodo-inflatables.com\\\/wp-content\\\/uploads\\\/2017\\\/01\\\/snooker-football-fussball-billard-kaufen-4.png\",\"width\":500,\"height\":500},{\"@type\":\"BreadcrumbList\",\"@id\":\"https:\\\/\\\/dodo-inflatables.com\\\/cs\\\/produkt\\\/fotbalovy-kulecnik\\\/#breadcrumb\",\"itemListElement\":[{\"@type\":\"ListItem\",\"position\":1,\"name\":\"Dom\u016f\",\"item\":\"https:\\\/\\\/dodo-inflatables.com\\\/cs\\\/\"},{\"@type\":\"ListItem\",\"position\":2,\"name\":\"Obchod\",\"item\":\"https:\\\/\\\/dodo-inflatables.com\\\/cs\\\/obchod\\\/\"},{\"@type\":\"ListItem\",\"position\":3,\"name\":\"Fotbalov\u00fd kule\u010dn\u00edk\"}]},{\"@type\":\"WebSite\",\"@id\":\"https:\\\/\\\/dodo-inflatables.com\\\/cs\\\/#website\",\"url\":\"https:\\\/\\\/dodo-inflatables.com\\\/cs\\\/\",\"name\":\"dodo-inflatables.com\",\"description\":\"Nakupujte sk\u00e1kac\u00ed hrady a atrakce v na\u0161em obchod\u011b.\",\"publisher\":{\"@id\":\"https:\\\/\\\/dodo-inflatables.com\\\/cs\\\/#organization\"},\"potentialAction\":[{\"@type\":\"SearchAction\",\"target\":{\"@type\":\"EntryPoint\",\"urlTemplate\":\"https:\\\/\\\/dodo-inflatables.com\\\/cs\\\/?s={search_term_string}\"},\"query-input\":{\"@type\":\"PropertyValueSpecification\",\"valueRequired\":true,\"valueName\":\"search_term_string\"}}],\"inLanguage\":\"cs\"},{\"@type\":\"Organization\",\"@id\":\"https:\\\/\\\/dodo-inflatables.com\\\/cs\\\/#organization\",\"name\":\"dodo-inflatables.com\",\"url\":\"https:\\\/\\\/dodo-inflatables.com\\\/cs\\\/\",\"logo\":{\"@type\":\"ImageObject\",\"inLanguage\":\"cs\",\"@id\":\"https:\\\/\\\/dodo-inflatables.com\\\/cs\\\/#\\\/schema\\\/logo\\\/image\\\/\",\"url\":\"https:\\\/\\\/dodo-inflatables.com\\\/wp-content\\\/uploads\\\/2023\\\/04\\\/cropped-cropped-cropped-Dodo-Logo.png\",\"contentUrl\":\"https:\\\/\\\/dodo-inflatables.com\\\/wp-content\\\/uploads\\\/2023\\\/04\\\/cropped-cropped-cropped-Dodo-Logo.png\",\"width\":2996,\"height\":1545,\"caption\":\"dodo-inflatables.com\"},\"image\":{\"@id\":\"https:\\\/\\\/dodo-inflatables.com\\\/cs\\\/#\\\/schema\\\/logo\\\/image\\\/\"}}]}<\/script>\n<!-- \/ Yoast SEO plugin. -->","yoast_head_json":{"title":"N\u00e1kupn\u00ed l\u00edstky na fotbal | H\u00fcpfburg-g\u00fcnstig-kaufen.de","description":"Kupte si nafukovac\u00ed fotbalov\u00fd baz\u00e9n a fotbalov\u00fd kule\u010dn\u00edk na dodo-inflatables.com! | F\u00e9rov\u00e9 ceny | V\u017edy skladem | Rychl\u00e9 odesl\u00e1n\u00ed!","robots":{"index":"index","follow":"follow","max-snippet":"max-snippet:-1","max-image-preview":"max-image-preview:large","max-video-preview":"max-video-preview:-1"},"canonical":"https:\/\/dodo-inflatables.com\/cs\/produkt\/fotbalovy-kulecnik\/","twitter_misc":{"Odhadovan\u00e1 doba \u010dten\u00ed":"2 minuty"},"schema":{"@context":"https:\/\/schema.org","@graph":[{"@type":"WebPage","@id":"https:\/\/dodo-inflatables.com\/cs\/produkt\/fotbalovy-kulecnik\/","url":"https:\/\/dodo-inflatables.com\/cs\/produkt\/fotbalovy-kulecnik\/","name":"N\u00e1kupn\u00ed l\u00edstky na fotbal | H\u00fcpfburg-g\u00fcnstig-kaufen.de","isPartOf":{"@id":"https:\/\/dodo-inflatables.com\/cs\/#website"},"primaryImageOfPage":{"@id":"https:\/\/dodo-inflatables.com\/cs\/produkt\/fotbalovy-kulecnik\/#primaryimage"},"image":{"@id":"https:\/\/dodo-inflatables.com\/cs\/produkt\/fotbalovy-kulecnik\/#primaryimage"},"thumbnailUrl":"https:\/\/dodo-inflatables.com\/wp-content\/uploads\/2017\/01\/snooker-football-fussball-billard-kaufen-4.png","datePublished":"2017-01-06T19:54:55+00:00","dateModified":"2024-06-01T16:26:33+00:00","description":"Kupte si nafukovac\u00ed fotbalov\u00fd baz\u00e9n a fotbalov\u00fd kule\u010dn\u00edk na dodo-inflatables.com! | F\u00e9rov\u00e9 ceny | V\u017edy skladem | Rychl\u00e9 odesl\u00e1n\u00ed!","breadcrumb":{"@id":"https:\/\/dodo-inflatables.com\/cs\/produkt\/fotbalovy-kulecnik\/#breadcrumb"},"inLanguage":"cs","potentialAction":[{"@type":"ReadAction","target":["https:\/\/dodo-inflatables.com\/cs\/produkt\/fotbalovy-kulecnik\/"]}]},{"@type":"ImageObject","inLanguage":"cs","@id":"https:\/\/dodo-inflatables.com\/cs\/produkt\/fotbalovy-kulecnik\/#primaryimage","url":"https:\/\/dodo-inflatables.com\/wp-content\/uploads\/2017\/01\/snooker-football-fussball-billard-kaufen-4.png","contentUrl":"https:\/\/dodo-inflatables.com\/wp-content\/uploads\/2017\/01\/snooker-football-fussball-billard-kaufen-4.png","width":500,"height":500},{"@type":"BreadcrumbList","@id":"https:\/\/dodo-inflatables.com\/cs\/produkt\/fotbalovy-kulecnik\/#breadcrumb","itemListElement":[{"@type":"ListItem","position":1,"name":"Dom\u016f","item":"https:\/\/dodo-inflatables.com\/cs\/"},{"@type":"ListItem","position":2,"name":"Obchod","item":"https:\/\/dodo-inflatables.com\/cs\/obchod\/"},{"@type":"ListItem","position":3,"name":"Fotbalov\u00fd kule\u010dn\u00edk"}]},{"@type":"WebSite","@id":"https:\/\/dodo-inflatables.com\/cs\/#website","url":"https:\/\/dodo-inflatables.com\/cs\/","name":"dodo-inflatables.com","description":"Nakupujte sk\u00e1kac\u00ed hrady a atrakce v na\u0161em obchod\u011b.","publisher":{"@id":"https:\/\/dodo-inflatables.com\/cs\/#organization"},"potentialAction":[{"@type":"SearchAction","target":{"@type":"EntryPoint","urlTemplate":"https:\/\/dodo-inflatables.com\/cs\/?s={search_term_string}"},"query-input":{"@type":"PropertyValueSpecification","valueRequired":true,"valueName":"search_term_string"}}],"inLanguage":"cs"},{"@type":"Organization","@id":"https:\/\/dodo-inflatables.com\/cs\/#organization","name":"dodo-inflatables.com","url":"https:\/\/dodo-inflatables.com\/cs\/","logo":{"@type":"ImageObject","inLanguage":"cs","@id":"https:\/\/dodo-inflatables.com\/cs\/#\/schema\/logo\/image\/","url":"https:\/\/dodo-inflatables.com\/wp-content\/uploads\/2023\/04\/cropped-cropped-cropped-Dodo-Logo.png","contentUrl":"https:\/\/dodo-inflatables.com\/wp-content\/uploads\/2023\/04\/cropped-cropped-cropped-Dodo-Logo.png","width":2996,"height":1545,"caption":"dodo-inflatables.com"},"image":{"@id":"https:\/\/dodo-inflatables.com\/cs\/#\/schema\/logo\/image\/"}}]}},"uagb_featured_image_src":{"full":["https:\/\/dodo-inflatables.com\/wp-content\/uploads\/2017\/01\/snooker-football-fussball-billard-kaufen-4.png",500,500,false],"thumbnail":["https:\/\/dodo-inflatables.com\/wp-content\/uploads\/2017\/01\/snooker-football-fussball-billard-kaufen-4-150x150.png",150,150,true],"medium":["https:\/\/dodo-inflatables.com\/wp-content\/uploads\/2017\/01\/snooker-football-fussball-billard-kaufen-4-300x300.png",300,300,true],"medium_large":["https:\/\/dodo-inflatables.com\/wp-content\/uploads\/2017\/01\/snooker-football-fussball-billard-kaufen-4.png",500,500,false],"large":["https:\/\/dodo-inflatables.com\/wp-content\/uploads\/2017\/01\/snooker-football-fussball-billard-kaufen-4.png",500,500,false],"1536x1536":["https:\/\/dodo-inflatables.com\/wp-content\/uploads\/2017\/01\/snooker-football-fussball-billard-kaufen-4.png",500,500,false],"2048x2048":["https:\/\/dodo-inflatables.com\/wp-content\/uploads\/2017\/01\/snooker-football-fussball-billard-kaufen-4.png",500,500,false],"woocommerce_thumbnail":["https:\/\/dodo-inflatables.com\/wp-content\/uploads\/2017\/01\/snooker-football-fussball-billard-kaufen-4.png",500,500,false],"woocommerce_single":["https:\/\/dodo-inflatables.com\/wp-content\/uploads\/2017\/01\/snooker-football-fussball-billard-kaufen-4.png",500,500,false],"woocommerce_gallery_thumbnail":["https:\/\/dodo-inflatables.com\/wp-content\/uploads\/2017\/01\/snooker-football-fussball-billard-kaufen-4-100x100.png",100,100,true]},"uagb_author_info":{"display_name":"Andreas","author_link":"https:\/\/dodo-inflatables.com\/cs\/author\/"},"uagb_comment_info":0,"uagb_excerpt":"Rozm\u011bry (d x \u0161 x v): 8,00 m x 4,00 m x 0,75 m * Na p\u0159\u00e1n\u00ed jsou k dispozici m\u00ed\u010de na nohu v designu kule\u010dn\u00edkov\u00e9 koule Profesion\u00e1ln\u00ed modul - vhodn\u00fd pro komer\u010dn\u00ed a soukrom\u00e9 pou\u017eit\u00ed PVC (0,55 mm \/ 621,3 g\/m2) a such\u00fd zip 2 - 4n\u00e1sobn\u00e9 pro\u0161it\u00ed (v z\u00e1vislosti na zat\u00ed\u017een\u00ed) Zpomalova\u010d ho\u0159en\u00ed&hellip;","_links":{"self":[{"href":"https:\/\/dodo-inflatables.com\/cs\/wp-json\/wp\/v2\/product\/12979","targetHints":{"allow":["GET"]}}],"collection":[{"href":"https:\/\/dodo-inflatables.com\/cs\/wp-json\/wp\/v2\/product"}],"about":[{"href":"https:\/\/dodo-inflatables.com\/cs\/wp-json\/wp\/v2\/types\/product"}],"replies":[{"embeddable":true,"href":"https:\/\/dodo-inflatables.com\/cs\/wp-json\/wp\/v2\/comments?post=12979"}],"wp:featuredmedia":[{"embeddable":true,"href":"https:\/\/dodo-inflatables.com\/cs\/wp-json\/wp\/v2\/media\/12980"}],"wp:attachment":[{"href":"https:\/\/dodo-inflatables.com\/cs\/wp-json\/wp\/v2\/media?parent=12979"}],"wp:term":[{"taxonomy":"product_brand","embeddable":true,"href":"https:\/\/dodo-inflatables.com\/cs\/wp-json\/wp\/v2\/product_brand?post=12979"},{"taxonomy":"product_cat","embeddable":true,"href":"https:\/\/dodo-inflatables.com\/cs\/wp-json\/wp\/v2\/product_cat?post=12979"},{"taxonomy":"product_tag","embeddable":true,"href":"https:\/\/dodo-inflatables.com\/cs\/wp-json\/wp\/v2\/product_tag?post=12979"}],"curies":[{"name":"wp","href":"https:\/\/api.w.org\/{rel}","templated":true}]}}