{"id":13036,"date":"2017-01-06T20:48:21","date_gmt":"2017-01-06T19:48:21","guid":{"rendered":"https:\/\/dodo-inflatables.com\/product\/pytel-s-piskem-pro-posilovani\/"},"modified":"2026-04-23T08:18:06","modified_gmt":"2026-04-23T06:18:06","slug":"pytel-s-piskem-pro-posilovani","status":"publish","type":"product","link":"https:\/\/dodo-inflatables.com\/cs\/produkt\/pytel-s-piskem-pro-posilovani\/","title":{"rendered":"Pytle s p\u00edskem pro z\u00e1t\u011b\u017eov\u00e1n\u00ed sk\u00e1kac\u00edch hrad\u016f"},"content":{"rendered":"<h2 class=\"p1\">Koupit pytle s p\u00edskem pro z\u00e1t\u011b\u017eov\u00e1n\u00ed sk\u00e1kac\u00edch hrad\u016f<\/h2>\n<p class=\"p1\">Na\u0161e pytle s p\u00edskem jsou flexibiln\u00edm a osv\u011bd\u010den\u00fdm \u0159e\u0161en\u00edm pro z\u00e1t\u011b\u017eov\u00e1n\u00ed sk\u00e1kac\u00edch hrad\u016f a nafukovac\u00edch event modul\u016f \u2013 zejm\u00e9na tehdy, kdy\u017e zemn\u00ed kol\u00edky nelze pou\u017e\u00edt kv\u016fli povrchu, nap\u0159\u00edklad na asfaltu, betonu nebo uvnit\u0159 budov.<br \/>\nPodle va\u0161ich pot\u0159eb lze pytle naplnit p\u00edskem nebo podobn\u00fdm sypn\u00fdm materi\u00e1lem a pot\u00e9 bezpe\u010dn\u011b p\u0159ipevnit ke sk\u00e1kac\u00edmu hradu pomoc\u00ed integrovan\u00fdch D-krou\u017ek\u016f. To umo\u017e\u0148uje rychl\u00e9, individu\u00e1ln\u00ed z\u00e1t\u011b\u017eov\u00e1n\u00ed sk\u00e1kac\u00edch hrad\u016f podle konkr\u00e9tn\u00edho m\u00edsta instalace.<br \/>\n\ud83d\udc49\ud83c\udffc <i>Dosa\u017eiteln\u00e1 hmotnost z\u00e1vis\u00ed na pou\u017eit\u00e9m plnic\u00edm materi\u00e1lu a \u00farovni napln\u011bn\u00ed a obvykle se pohybuje kolem 25\u201330 kg.<\/i><\/p>\n<p class=\"p3\"><b>Flexibiln\u00ed pln\u011bn\u00ed: <\/b>Pytle s p\u00edskem lze naplnit p\u0159edem nebo p\u0159\u00edmo na m\u00edst\u011b. To umo\u017e\u0148uje p\u0159izp\u016fsobit hmotnost v z\u00e1vislosti na poloze, pov\u011btrnostn\u00edch podm\u00ednk\u00e1ch a velikosti nafukovac\u00ed konstrukce.<\/p>\n<p class=\"p3\"><b>P\u0159izp\u016fsobiteln\u00e9 z\u00e1t\u011b\u017eov\u00e1n\u00ed: <\/b>Na rozd\u00edl od pytl\u016f s vodou lze hmotnost pytl\u016f s p\u00edskem volit voln\u011b. D\u00edky tomu jsou zvl\u00e1\u0161t\u011b vhodn\u00e9 pro aplikace, kde standardn\u00ed z\u00e1t\u011b\u017e nen\u00ed nutn\u011b vy\u017eadov\u00e1na nebo kde je t\u0159eba hmotnost individu\u00e1ln\u011b p\u0159izp\u016fsobit.<\/p>\n<p class=\"p3\"><b>Snadn\u00e9 p\u0159ipevn\u011bn\u00ed: <\/b>Robustn\u00ed D-krou\u017eky umo\u017e\u0148uj\u00ed bezpe\u010dn\u00e9 upevn\u011bn\u00ed pytl\u016f s p\u00edskem k kotevn\u00edm bod\u016fm sk\u00e1kac\u00edho hradu pomoc\u00ed popruh\u016f nebo lan.<\/p>\n<p class=\"p3\"><b>Robustn\u00ed a odoln\u00e9: <\/b>Odoln\u00fd materi\u00e1l je navr\u017een pro pravideln\u00e9 pou\u017eit\u00ed v eventov\u00fdch a p\u016fj\u010dovn\u00edch podnic\u00edch a dob\u0159e sn\u00e1\u0161\u00ed \u010dast\u00e9 pln\u011bn\u00ed a p\u0159epravu.<\/p>\n<p>&nbsp;<br \/>\n<strong>Podrobnosti o pytl\u00edch s p\u00edskem<\/strong><\/p>\n<ul>\n<li>Rozm\u011bry (D x \u0160): cca 50 cm x 50 cm<\/li>\n<li class=\"p1\">P\u0159ipevn\u011bn\u00ed: robustn\u00ed D-krou\u017eky<\/li>\n<li class=\"p1\">Pln\u011bn\u00ed: p\u00edsek nebo podobn\u00fd sypn\u00fd materi\u00e1l<\/li>\n<\/ul>\n<p>&nbsp;<br \/>\nInfo: Cena za jeden pytel s p\u00edskem.<\/p>\n","protected":false},"excerpt":{"rendered":"<ul>\n<li>Rozm\u011bry (D x \u0160): cca 50 cm x 50 cm<\/li>\n<li class=\"p1\">P\u0159ipevn\u011bn\u00ed: robustn\u00ed D-krou\u017eky<\/li>\n<li class=\"p1\">Pln\u011bn\u00ed: p\u00edsek nebo podobn\u00fd sypn\u00fd materi\u00e1l<\/li>\n<\/ul>\n","protected":false},"featured_media":13037,"comment_status":"open","ping_status":"closed","template":"","meta":{"_acf_changed":false,"_uag_custom_page_level_css":"","site-sidebar-layout":"default","site-content-layout":"boxed-container","ast-site-content-layout":"normal-width-container","site-content-style":"boxed","site-sidebar-style":"boxed","ast-global-header-display":"","ast-banner-title-visibility":"","ast-main-header-display":"","ast-hfb-above-header-display":"","ast-hfb-below-header-display":"","ast-hfb-mobile-header-display":"","site-post-title":"disabled","ast-breadcrumbs-content":"","ast-featured-img":"","footer-sml-layout":"","ast-disable-related-posts":"","theme-transparent-header-meta":"default","adv-header-id-meta":"","stick-header-meta":"default","header-above-stick-meta":"","header-main-stick-meta":"","header-below-stick-meta":"","astra-migrate-meta-layouts":"default","ast-page-background-enabled":"default","ast-page-background-meta":{"desktop":{"background-color":"var(--ast-global-color-4)","background-image":"","background-repeat":"repeat","background-position":"center center","background-size":"auto","background-attachment":"scroll","background-type":"","background-media":"","overlay-type":"","overlay-color":"","overlay-opacity":"","overlay-gradient":""},"tablet":{"background-color":"","background-image":"","background-repeat":"repeat","background-position":"center center","background-size":"auto","background-attachment":"scroll","background-type":"","background-media":"","overlay-type":"","overlay-color":"","overlay-opacity":"","overlay-gradient":""},"mobile":{"background-color":"","background-image":"","background-repeat":"repeat","background-position":"center center","background-size":"auto","background-attachment":"scroll","background-type":"","background-media":"","overlay-type":"","overlay-color":"","overlay-opacity":"","overlay-gradient":""}},"ast-content-background-meta":{"desktop":{"background-color":"var(--ast-global-color-5)","background-image":"","background-repeat":"repeat","background-position":"center center","background-size":"auto","background-attachment":"scroll","background-type":"","background-media":"","overlay-type":"","overlay-color":"","overlay-opacity":"","overlay-gradient":""},"tablet":{"background-color":"var(--ast-global-color-5)","background-image":"","background-repeat":"repeat","background-position":"center center","background-size":"auto","background-attachment":"scroll","background-type":"","background-media":"","overlay-type":"","overlay-color":"","overlay-opacity":"","overlay-gradient":""},"mobile":{"background-color":"var(--ast-global-color-5)","background-image":"","background-repeat":"repeat","background-position":"center center","background-size":"auto","background-attachment":"scroll","background-type":"","background-media":"","overlay-type":"","overlay-color":"","overlay-opacity":"","overlay-gradient":""}}},"product_brand":[],"product_cat":[1135],"product_tag":[],"class_list":{"0":"post-13036","1":"product","2":"type-product","3":"status-publish","4":"has-post-thumbnail","6":"product_cat-prislusenstvi","7":"product_shipping_class-zubehor-cs","8":"desktop-align-center","9":"tablet-align-center","10":"mobile-align-center","11":"ast-product-gallery-layout-horizontal","12":"ast-product-gallery-with-no-image","13":"ast-product-tabs-layout-horizontal","15":"first","16":"instock","17":"taxable","18":"shipping-taxable","19":"purchasable","20":"product-type-simple"},"acf":[],"yoast_head":"<!-- This site is optimized with the Yoast SEO plugin v27.5 - https:\/\/yoast.com\/product\/yoast-seo-wordpress\/ -->\n<title>Koupit pytle s p\u00edskem pro nafukovac\u00ed z\u00e1t\u011b\u017e | Dodo-Inflatables.com<\/title>\n<meta name=\"description\" content=\"Praktick\u00e9 pytle s p\u00edskem k zat\u00ed\u017een\u00ed nafukovac\u00edch \u010dlun\u016f koup\u00edte p\u0159\u00edmo online na Dodo-Inflatables.com | Velk\u00fd v\u00fdb\u011br skladem | Certifikov\u00e1no podle EN14960 |\" \/>\n<meta name=\"robots\" content=\"index, follow, max-snippet:-1, max-image-preview:large, max-video-preview:-1\" \/>\n<link rel=\"canonical\" href=\"https:\/\/dodo-inflatables.com\/cs\/produkt\/pytel-s-piskem-pro-posilovani\/\" \/>\n<meta name=\"twitter:label1\" content=\"Odhadovan\u00e1 doba \u010dten\u00ed\" \/>\n\t<meta name=\"twitter:data1\" content=\"2 minuty\" \/>\n<script type=\"application\/ld+json\" class=\"yoast-schema-graph\">{\"@context\":\"https:\\\/\\\/schema.org\",\"@graph\":[{\"@type\":\"WebPage\",\"@id\":\"https:\\\/\\\/dodo-inflatables.com\\\/cs\\\/produkt\\\/pytel-s-piskem-pro-posilovani\\\/\",\"url\":\"https:\\\/\\\/dodo-inflatables.com\\\/cs\\\/produkt\\\/pytel-s-piskem-pro-posilovani\\\/\",\"name\":\"Koupit pytle s p\u00edskem pro nafukovac\u00ed z\u00e1t\u011b\u017e | Dodo-Inflatables.com\",\"isPartOf\":{\"@id\":\"https:\\\/\\\/dodo-inflatables.com\\\/cs\\\/#website\"},\"primaryImageOfPage\":{\"@id\":\"https:\\\/\\\/dodo-inflatables.com\\\/cs\\\/produkt\\\/pytel-s-piskem-pro-posilovani\\\/#primaryimage\"},\"image\":{\"@id\":\"https:\\\/\\\/dodo-inflatables.com\\\/cs\\\/produkt\\\/pytel-s-piskem-pro-posilovani\\\/#primaryimage\"},\"thumbnailUrl\":\"https:\\\/\\\/dodo-inflatables.com\\\/wp-content\\\/uploads\\\/2017\\\/01\\\/sandsack-beschwerung-hupfburg-kaufen.png\",\"datePublished\":\"2017-01-06T19:48:21+00:00\",\"dateModified\":\"2026-04-23T06:18:06+00:00\",\"description\":\"Praktick\u00e9 pytle s p\u00edskem k zat\u00ed\u017een\u00ed nafukovac\u00edch \u010dlun\u016f koup\u00edte p\u0159\u00edmo online na Dodo-Inflatables.com | Velk\u00fd v\u00fdb\u011br skladem | Certifikov\u00e1no podle EN14960 |\",\"breadcrumb\":{\"@id\":\"https:\\\/\\\/dodo-inflatables.com\\\/cs\\\/produkt\\\/pytel-s-piskem-pro-posilovani\\\/#breadcrumb\"},\"inLanguage\":\"cs\",\"potentialAction\":[{\"@type\":\"ReadAction\",\"target\":[\"https:\\\/\\\/dodo-inflatables.com\\\/cs\\\/produkt\\\/pytel-s-piskem-pro-posilovani\\\/\"]}]},{\"@type\":\"ImageObject\",\"inLanguage\":\"cs\",\"@id\":\"https:\\\/\\\/dodo-inflatables.com\\\/cs\\\/produkt\\\/pytel-s-piskem-pro-posilovani\\\/#primaryimage\",\"url\":\"https:\\\/\\\/dodo-inflatables.com\\\/wp-content\\\/uploads\\\/2017\\\/01\\\/sandsack-beschwerung-hupfburg-kaufen.png\",\"contentUrl\":\"https:\\\/\\\/dodo-inflatables.com\\\/wp-content\\\/uploads\\\/2017\\\/01\\\/sandsack-beschwerung-hupfburg-kaufen.png\",\"width\":600,\"height\":500},{\"@type\":\"BreadcrumbList\",\"@id\":\"https:\\\/\\\/dodo-inflatables.com\\\/cs\\\/produkt\\\/pytel-s-piskem-pro-posilovani\\\/#breadcrumb\",\"itemListElement\":[{\"@type\":\"ListItem\",\"position\":1,\"name\":\"Dom\u016f\",\"item\":\"https:\\\/\\\/dodo-inflatables.com\\\/cs\\\/\"},{\"@type\":\"ListItem\",\"position\":2,\"name\":\"Obchod\",\"item\":\"https:\\\/\\\/dodo-inflatables.com\\\/cs\\\/obchod\\\/\"},{\"@type\":\"ListItem\",\"position\":3,\"name\":\"Pytel s p\u00edskem pro posilov\u00e1n\u00ed\"}]},{\"@type\":\"WebSite\",\"@id\":\"https:\\\/\\\/dodo-inflatables.com\\\/cs\\\/#website\",\"url\":\"https:\\\/\\\/dodo-inflatables.com\\\/cs\\\/\",\"name\":\"dodo-inflatables.com\",\"description\":\"Nakupujte sk\u00e1kac\u00ed hrady a atrakce v na\u0161em obchod\u011b.\",\"potentialAction\":[{\"@type\":\"SearchAction\",\"target\":{\"@type\":\"EntryPoint\",\"urlTemplate\":\"https:\\\/\\\/dodo-inflatables.com\\\/cs\\\/?s={search_term_string}\"},\"query-input\":{\"@type\":\"PropertyValueSpecification\",\"valueRequired\":true,\"valueName\":\"search_term_string\"}}],\"inLanguage\":\"cs\"}]}<\/script>\n<!-- \/ Yoast SEO plugin. -->","yoast_head_json":{"title":"Koupit pytle s p\u00edskem pro nafukovac\u00ed z\u00e1t\u011b\u017e | Dodo-Inflatables.com","description":"Praktick\u00e9 pytle s p\u00edskem k zat\u00ed\u017een\u00ed nafukovac\u00edch \u010dlun\u016f koup\u00edte p\u0159\u00edmo online na Dodo-Inflatables.com | Velk\u00fd v\u00fdb\u011br skladem | Certifikov\u00e1no podle EN14960 |","robots":{"index":"index","follow":"follow","max-snippet":"max-snippet:-1","max-image-preview":"max-image-preview:large","max-video-preview":"max-video-preview:-1"},"canonical":"https:\/\/dodo-inflatables.com\/cs\/produkt\/pytel-s-piskem-pro-posilovani\/","twitter_misc":{"Odhadovan\u00e1 doba \u010dten\u00ed":"2 minuty"},"schema":{"@context":"https:\/\/schema.org","@graph":[{"@type":"WebPage","@id":"https:\/\/dodo-inflatables.com\/cs\/produkt\/pytel-s-piskem-pro-posilovani\/","url":"https:\/\/dodo-inflatables.com\/cs\/produkt\/pytel-s-piskem-pro-posilovani\/","name":"Koupit pytle s p\u00edskem pro nafukovac\u00ed z\u00e1t\u011b\u017e | Dodo-Inflatables.com","isPartOf":{"@id":"https:\/\/dodo-inflatables.com\/cs\/#website"},"primaryImageOfPage":{"@id":"https:\/\/dodo-inflatables.com\/cs\/produkt\/pytel-s-piskem-pro-posilovani\/#primaryimage"},"image":{"@id":"https:\/\/dodo-inflatables.com\/cs\/produkt\/pytel-s-piskem-pro-posilovani\/#primaryimage"},"thumbnailUrl":"https:\/\/dodo-inflatables.com\/wp-content\/uploads\/2017\/01\/sandsack-beschwerung-hupfburg-kaufen.png","datePublished":"2017-01-06T19:48:21+00:00","dateModified":"2026-04-23T06:18:06+00:00","description":"Praktick\u00e9 pytle s p\u00edskem k zat\u00ed\u017een\u00ed nafukovac\u00edch \u010dlun\u016f koup\u00edte p\u0159\u00edmo online na Dodo-Inflatables.com | Velk\u00fd v\u00fdb\u011br skladem | Certifikov\u00e1no podle EN14960 |","breadcrumb":{"@id":"https:\/\/dodo-inflatables.com\/cs\/produkt\/pytel-s-piskem-pro-posilovani\/#breadcrumb"},"inLanguage":"cs","potentialAction":[{"@type":"ReadAction","target":["https:\/\/dodo-inflatables.com\/cs\/produkt\/pytel-s-piskem-pro-posilovani\/"]}]},{"@type":"ImageObject","inLanguage":"cs","@id":"https:\/\/dodo-inflatables.com\/cs\/produkt\/pytel-s-piskem-pro-posilovani\/#primaryimage","url":"https:\/\/dodo-inflatables.com\/wp-content\/uploads\/2017\/01\/sandsack-beschwerung-hupfburg-kaufen.png","contentUrl":"https:\/\/dodo-inflatables.com\/wp-content\/uploads\/2017\/01\/sandsack-beschwerung-hupfburg-kaufen.png","width":600,"height":500},{"@type":"BreadcrumbList","@id":"https:\/\/dodo-inflatables.com\/cs\/produkt\/pytel-s-piskem-pro-posilovani\/#breadcrumb","itemListElement":[{"@type":"ListItem","position":1,"name":"Dom\u016f","item":"https:\/\/dodo-inflatables.com\/cs\/"},{"@type":"ListItem","position":2,"name":"Obchod","item":"https:\/\/dodo-inflatables.com\/cs\/obchod\/"},{"@type":"ListItem","position":3,"name":"Pytel s p\u00edskem pro posilov\u00e1n\u00ed"}]},{"@type":"WebSite","@id":"https:\/\/dodo-inflatables.com\/cs\/#website","url":"https:\/\/dodo-inflatables.com\/cs\/","name":"dodo-inflatables.com","description":"Nakupujte sk\u00e1kac\u00ed hrady a atrakce v na\u0161em obchod\u011b.","potentialAction":[{"@type":"SearchAction","target":{"@type":"EntryPoint","urlTemplate":"https:\/\/dodo-inflatables.com\/cs\/?s={search_term_string}"},"query-input":{"@type":"PropertyValueSpecification","valueRequired":true,"valueName":"search_term_string"}}],"inLanguage":"cs"}]}},"uagb_featured_image_src":{"full":["https:\/\/dodo-inflatables.com\/wp-content\/uploads\/2017\/01\/sandsack-beschwerung-hupfburg-kaufen.png",600,500,false],"thumbnail":["https:\/\/dodo-inflatables.com\/wp-content\/uploads\/2017\/01\/sandsack-beschwerung-hupfburg-kaufen-150x150.png",150,150,true],"medium":["https:\/\/dodo-inflatables.com\/wp-content\/uploads\/2017\/01\/sandsack-beschwerung-hupfburg-kaufen-300x250.png",300,250,true],"medium_large":["https:\/\/dodo-inflatables.com\/wp-content\/uploads\/2017\/01\/sandsack-beschwerung-hupfburg-kaufen.png",600,500,false],"large":["https:\/\/dodo-inflatables.com\/wp-content\/uploads\/2017\/01\/sandsack-beschwerung-hupfburg-kaufen.png",600,500,false],"1536x1536":["https:\/\/dodo-inflatables.com\/wp-content\/uploads\/2017\/01\/sandsack-beschwerung-hupfburg-kaufen.png",600,500,false],"2048x2048":["https:\/\/dodo-inflatables.com\/wp-content\/uploads\/2017\/01\/sandsack-beschwerung-hupfburg-kaufen.png",600,500,false],"woocommerce_thumbnail":["https:\/\/dodo-inflatables.com\/wp-content\/uploads\/2017\/01\/sandsack-beschwerung-hupfburg-kaufen.png",600,500,false],"woocommerce_single":["https:\/\/dodo-inflatables.com\/wp-content\/uploads\/2017\/01\/sandsack-beschwerung-hupfburg-kaufen.png",600,500,false],"woocommerce_gallery_thumbnail":["https:\/\/dodo-inflatables.com\/wp-content\/uploads\/2017\/01\/sandsack-beschwerung-hupfburg-kaufen-100x100.png",100,100,true]},"uagb_author_info":{"display_name":"Andreas","author_link":"https:\/\/dodo-inflatables.com\/cs\/author\/"},"uagb_comment_info":0,"uagb_excerpt":"Rozm\u011bry (D x \u0160): cca 50 cm x 50 cm P\u0159ipevn\u011bn\u00ed: robustn\u00ed D-krou\u017eky Pln\u011bn\u00ed: p\u00edsek nebo podobn\u00fd sypn\u00fd materi\u00e1l","_links":{"self":[{"href":"https:\/\/dodo-inflatables.com\/cs\/wp-json\/wp\/v2\/product\/13036","targetHints":{"allow":["GET"]}}],"collection":[{"href":"https:\/\/dodo-inflatables.com\/cs\/wp-json\/wp\/v2\/product"}],"about":[{"href":"https:\/\/dodo-inflatables.com\/cs\/wp-json\/wp\/v2\/types\/product"}],"replies":[{"embeddable":true,"href":"https:\/\/dodo-inflatables.com\/cs\/wp-json\/wp\/v2\/comments?post=13036"}],"wp:featuredmedia":[{"embeddable":true,"href":"https:\/\/dodo-inflatables.com\/cs\/wp-json\/wp\/v2\/media\/13037"}],"wp:attachment":[{"href":"https:\/\/dodo-inflatables.com\/cs\/wp-json\/wp\/v2\/media?parent=13036"}],"wp:term":[{"taxonomy":"product_brand","embeddable":true,"href":"https:\/\/dodo-inflatables.com\/cs\/wp-json\/wp\/v2\/product_brand?post=13036"},{"taxonomy":"product_cat","embeddable":true,"href":"https:\/\/dodo-inflatables.com\/cs\/wp-json\/wp\/v2\/product_cat?post=13036"},{"taxonomy":"product_tag","embeddable":true,"href":"https:\/\/dodo-inflatables.com\/cs\/wp-json\/wp\/v2\/product_tag?post=13036"}],"curies":[{"name":"wp","href":"https:\/\/api.w.org\/{rel}","templated":true}]}}