{"id":13061,"date":"2017-01-06T20:45:07","date_gmt":"2017-01-06T19:45:07","guid":{"rendered":"https:\/\/dodo-inflatables.com\/product\/pozemni-list-5-x-6-metru\/"},"modified":"2026-04-25T18:53:28","modified_gmt":"2026-04-25T16:53:28","slug":"pozemni-list-5-x-6-metru","status":"publish","type":"product","link":"https:\/\/dodo-inflatables.com\/cs\/produkt\/pozemni-list-5-x-6-metru\/","title":{"rendered":"Podlo\u017en\u00e1 plachta 5 x 6 m"},"content":{"rendered":"<h2>Koupit podlo\u017enou plachtu pro sk\u00e1kac\u00ed hrady<\/h2>\n<p>Pou\u017eit\u00ed vhodn\u00e9 podlo\u017en\u00e9 plachty je jedn\u00edm z nejlep\u0161\u00edch zp\u016fsob\u016f, jak pomoci prodlou\u017eit \u017eivotnost va\u0161eho sk\u00e1kac\u00edho hradu.<br \/>\nA\u0165 u\u017e je sk\u00e1kac\u00ed hrad postaven na tr\u00e1v\u011b, asfaltu, dla\u017eb\u011b nebo uvnit\u0159, podlo\u017en\u00e1 plachta spolehliv\u011b chr\u00e1n\u00ed spodn\u00ed \u010d\u00e1st nafukovac\u00ed konstrukce p\u0159ed od\u011brem, vlhkost\u00ed a po\u0161kozen\u00edm.<br \/>\n<strong>Spolehliv\u00e1 ochrana:<\/strong><br \/>\nPodlo\u017en\u00e1 plachta zabra\u0148uje p\u0159\u00edm\u00e9mu kontaktu mezi sk\u00e1kac\u00edm hradem a povrchem n\u00ed\u017ee, \u010d\u00edm\u017e pom\u00e1h\u00e1 chr\u00e1nit p\u0159ed ostr\u00fdmi hranami, kameny, ne\u010distotami a vlhkost\u00ed.<br \/>\n<strong>V\u0161estrann\u00e9 pou\u017eit\u00ed:<\/strong><br \/>\nVhodn\u00e1 pro sk\u00e1kac\u00ed hrady a dal\u0161\u00ed nafukovac\u00ed event moduly, jak pro soukrom\u00e9 pou\u017eit\u00ed, tak pro profesion\u00e1ln\u00ed p\u016fj\u010dovny.<br \/>\n<strong>Bezpe\u010dn\u00e9 um\u00edst\u011bn\u00ed:<\/strong><br \/>\nD\u00edky upev\u0148ovac\u00edm ousk\u016fm rozm\u00edst\u011bn\u00fdm po cel\u00e9m obvodu plachty ji lze v p\u0159\u00edpad\u011b pot\u0159eby zajistit a z\u016fstane bezpe\u010dn\u011b na m\u00edst\u011b i p\u0159i pohybu sk\u00e1kac\u00edho hradu b\u011bhem pou\u017e\u00edv\u00e1n\u00ed.<br \/>\n<strong>Robustn\u00ed a odoln\u00e1:<\/strong><br \/>\nOdoln\u00fd PE materi\u00e1l je vod\u011bodoln\u00fd, odoln\u00fd v\u016f\u010di po\u010das\u00ed a trh\u00e1n\u00ed, co\u017e jej \u010din\u00ed ide\u00e1ln\u00edm pro pravideln\u00e9 pou\u017eit\u00ed uvnit\u0159 i venku.<br \/>\n<strong>Podrobnosti o podlo\u017en\u00e9 placht\u011b<\/strong><\/p>\n<ul>\n<li>Rozm\u011bry (D x \u0160): cca 5,00 m x 6,00 m<\/li>\n<li>Upev\u0148ovac\u00ed ou\u0161ka v rozestupech cca 50 cm<\/li>\n<li>PE 260 g\/m\u00b2<\/li>\n<li>Vod\u011bodoln\u00e1, odoln\u00e1 v\u016f\u010di po\u010das\u00ed a trh\u00e1n\u00ed<\/li>\n<\/ul>\n","protected":false},"excerpt":{"rendered":"<ul>\n<li>Rozm\u011bry (D x \u0160): cca 5,00 m x 6,00 m<\/li>\n<li>Upev\u0148ovac\u00ed ou\u0161ka v rozestupech cca 50 cm<\/li>\n<li>PE 260 g\/m\u00b2<\/li>\n<li>Vod\u011bodoln\u00e1, odoln\u00e1 v\u016f\u010di po\u010das\u00ed a trh\u00e1n\u00ed<\/li>\n<\/ul>\n","protected":false},"featured_media":13059,"comment_status":"open","ping_status":"closed","template":"","meta":{"_acf_changed":false,"_uag_custom_page_level_css":"","site-sidebar-layout":"default","site-content-layout":"boxed-container","ast-site-content-layout":"normal-width-container","site-content-style":"boxed","site-sidebar-style":"boxed","ast-global-header-display":"","ast-banner-title-visibility":"","ast-main-header-display":"","ast-hfb-above-header-display":"","ast-hfb-below-header-display":"","ast-hfb-mobile-header-display":"","site-post-title":"disabled","ast-breadcrumbs-content":"","ast-featured-img":"","footer-sml-layout":"","ast-disable-related-posts":"","theme-transparent-header-meta":"default","adv-header-id-meta":"","stick-header-meta":"default","header-above-stick-meta":"","header-main-stick-meta":"","header-below-stick-meta":"","astra-migrate-meta-layouts":"default","ast-page-background-enabled":"default","ast-page-background-meta":{"desktop":{"background-color":"var(--ast-global-color-4)","background-image":"","background-repeat":"repeat","background-position":"center center","background-size":"auto","background-attachment":"scroll","background-type":"","background-media":"","overlay-type":"","overlay-color":"","overlay-opacity":"","overlay-gradient":""},"tablet":{"background-color":"","background-image":"","background-repeat":"repeat","background-position":"center center","background-size":"auto","background-attachment":"scroll","background-type":"","background-media":"","overlay-type":"","overlay-color":"","overlay-opacity":"","overlay-gradient":""},"mobile":{"background-color":"","background-image":"","background-repeat":"repeat","background-position":"center center","background-size":"auto","background-attachment":"scroll","background-type":"","background-media":"","overlay-type":"","overlay-color":"","overlay-opacity":"","overlay-gradient":""}},"ast-content-background-meta":{"desktop":{"background-color":"var(--ast-global-color-5)","background-image":"","background-repeat":"repeat","background-position":"center center","background-size":"auto","background-attachment":"scroll","background-type":"","background-media":"","overlay-type":"","overlay-color":"","overlay-opacity":"","overlay-gradient":""},"tablet":{"background-color":"var(--ast-global-color-5)","background-image":"","background-repeat":"repeat","background-position":"center center","background-size":"auto","background-attachment":"scroll","background-type":"","background-media":"","overlay-type":"","overlay-color":"","overlay-opacity":"","overlay-gradient":""},"mobile":{"background-color":"var(--ast-global-color-5)","background-image":"","background-repeat":"repeat","background-position":"center center","background-size":"auto","background-attachment":"scroll","background-type":"","background-media":"","overlay-type":"","overlay-color":"","overlay-opacity":"","overlay-gradient":""}}},"product_brand":[],"product_cat":[1135],"product_tag":[],"class_list":{"0":"post-13061","1":"product","2":"type-product","3":"status-publish","4":"has-post-thumbnail","6":"product_cat-prislusenstvi","7":"product_shipping_class-zubehor-cs","8":"desktop-align-center","9":"tablet-align-center","10":"mobile-align-center","11":"ast-product-gallery-layout-horizontal","12":"ast-product-gallery-with-no-image","13":"ast-product-tabs-layout-horizontal","15":"first","16":"instock","17":"taxable","18":"shipping-taxable","19":"purchasable","20":"product-type-simple"},"acf":[],"yoast_head":"<!-- This site is optimized with the Yoast SEO plugin v27.5 - https:\/\/yoast.com\/product\/yoast-seo-wordpress\/ -->\n<title>N\u00e1kup podkladov\u00fdch plachet pro nafukovac\u00ed \u010dluny | Dodo-Inflatables.com<\/title>\n<meta name=\"description\" content=\"Kupte si odpov\u00eddaj\u00edc\u00ed p\u0159\u00edslu\u0161enstv\u00ed, jako jsou stabiln\u00ed podkladov\u00e9 plachty pro nafukovac\u00ed \u010dluny, p\u0159\u00edmo online na Dodo-Inflatables.com | Certifikov\u00e1no podle EN14960 | Rychl\u00e9 dod\u00e1n\u00ed!\" \/>\n<meta name=\"robots\" content=\"index, follow, max-snippet:-1, max-image-preview:large, max-video-preview:-1\" \/>\n<link rel=\"canonical\" href=\"https:\/\/dodo-inflatables.com\/cs\/produkt\/pozemni-list-5-x-6-metru\/\" \/>\n<meta name=\"twitter:label1\" content=\"Odhadovan\u00e1 doba \u010dten\u00ed\" \/>\n\t<meta name=\"twitter:data1\" content=\"1 minuta\" \/>\n<script type=\"application\/ld+json\" class=\"yoast-schema-graph\">{\"@context\":\"https:\\\/\\\/schema.org\",\"@graph\":[{\"@type\":\"WebPage\",\"@id\":\"https:\\\/\\\/dodo-inflatables.com\\\/cs\\\/produkt\\\/pozemni-list-5-x-6-metru\\\/\",\"url\":\"https:\\\/\\\/dodo-inflatables.com\\\/cs\\\/produkt\\\/pozemni-list-5-x-6-metru\\\/\",\"name\":\"N\u00e1kup podkladov\u00fdch plachet pro nafukovac\u00ed \u010dluny | Dodo-Inflatables.com\",\"isPartOf\":{\"@id\":\"https:\\\/\\\/dodo-inflatables.com\\\/cs\\\/#website\"},\"primaryImageOfPage\":{\"@id\":\"https:\\\/\\\/dodo-inflatables.com\\\/cs\\\/produkt\\\/pozemni-list-5-x-6-metru\\\/#primaryimage\"},\"image\":{\"@id\":\"https:\\\/\\\/dodo-inflatables.com\\\/cs\\\/produkt\\\/pozemni-list-5-x-6-metru\\\/#primaryimage\"},\"thumbnailUrl\":\"https:\\\/\\\/dodo-inflatables.com\\\/wp-content\\\/uploads\\\/2021\\\/03\\\/Ground-Sheet-Bouncy-Castle.png\",\"datePublished\":\"2017-01-06T19:45:07+00:00\",\"dateModified\":\"2026-04-25T16:53:28+00:00\",\"description\":\"Kupte si odpov\u00eddaj\u00edc\u00ed p\u0159\u00edslu\u0161enstv\u00ed, jako jsou stabiln\u00ed podkladov\u00e9 plachty pro nafukovac\u00ed \u010dluny, p\u0159\u00edmo online na Dodo-Inflatables.com | Certifikov\u00e1no podle EN14960 | Rychl\u00e9 dod\u00e1n\u00ed!\",\"breadcrumb\":{\"@id\":\"https:\\\/\\\/dodo-inflatables.com\\\/cs\\\/produkt\\\/pozemni-list-5-x-6-metru\\\/#breadcrumb\"},\"inLanguage\":\"cs\",\"potentialAction\":[{\"@type\":\"ReadAction\",\"target\":[\"https:\\\/\\\/dodo-inflatables.com\\\/cs\\\/produkt\\\/pozemni-list-5-x-6-metru\\\/\"]}]},{\"@type\":\"ImageObject\",\"inLanguage\":\"cs\",\"@id\":\"https:\\\/\\\/dodo-inflatables.com\\\/cs\\\/produkt\\\/pozemni-list-5-x-6-metru\\\/#primaryimage\",\"url\":\"https:\\\/\\\/dodo-inflatables.com\\\/wp-content\\\/uploads\\\/2021\\\/03\\\/Ground-Sheet-Bouncy-Castle.png\",\"contentUrl\":\"https:\\\/\\\/dodo-inflatables.com\\\/wp-content\\\/uploads\\\/2021\\\/03\\\/Ground-Sheet-Bouncy-Castle.png\",\"width\":500,\"height\":500,\"caption\":\"Podlo\u017en\u00e1 plachta 8 x 4 m pro sk\u00e1kac\u00ed hrad | Dodo Inflatables\"},{\"@type\":\"BreadcrumbList\",\"@id\":\"https:\\\/\\\/dodo-inflatables.com\\\/cs\\\/produkt\\\/pozemni-list-5-x-6-metru\\\/#breadcrumb\",\"itemListElement\":[{\"@type\":\"ListItem\",\"position\":1,\"name\":\"Dom\u016f\",\"item\":\"https:\\\/\\\/dodo-inflatables.com\\\/cs\\\/\"},{\"@type\":\"ListItem\",\"position\":2,\"name\":\"Obchod\",\"item\":\"https:\\\/\\\/dodo-inflatables.com\\\/cs\\\/obchod\\\/\"},{\"@type\":\"ListItem\",\"position\":3,\"name\":\"Pozemn\u00ed list 5 x 6 metr\u016f\"}]},{\"@type\":\"WebSite\",\"@id\":\"https:\\\/\\\/dodo-inflatables.com\\\/cs\\\/#website\",\"url\":\"https:\\\/\\\/dodo-inflatables.com\\\/cs\\\/\",\"name\":\"dodo-inflatables.com\",\"description\":\"Nakupujte sk\u00e1kac\u00ed hrady a atrakce v na\u0161em obchod\u011b.\",\"potentialAction\":[{\"@type\":\"SearchAction\",\"target\":{\"@type\":\"EntryPoint\",\"urlTemplate\":\"https:\\\/\\\/dodo-inflatables.com\\\/cs\\\/?s={search_term_string}\"},\"query-input\":{\"@type\":\"PropertyValueSpecification\",\"valueRequired\":true,\"valueName\":\"search_term_string\"}}],\"inLanguage\":\"cs\"}]}<\/script>\n<!-- \/ Yoast SEO plugin. -->","yoast_head_json":{"title":"N\u00e1kup podkladov\u00fdch plachet pro nafukovac\u00ed \u010dluny | Dodo-Inflatables.com","description":"Kupte si odpov\u00eddaj\u00edc\u00ed p\u0159\u00edslu\u0161enstv\u00ed, jako jsou stabiln\u00ed podkladov\u00e9 plachty pro nafukovac\u00ed \u010dluny, p\u0159\u00edmo online na Dodo-Inflatables.com | Certifikov\u00e1no podle EN14960 | Rychl\u00e9 dod\u00e1n\u00ed!","robots":{"index":"index","follow":"follow","max-snippet":"max-snippet:-1","max-image-preview":"max-image-preview:large","max-video-preview":"max-video-preview:-1"},"canonical":"https:\/\/dodo-inflatables.com\/cs\/produkt\/pozemni-list-5-x-6-metru\/","twitter_misc":{"Odhadovan\u00e1 doba \u010dten\u00ed":"1 minuta"},"schema":{"@context":"https:\/\/schema.org","@graph":[{"@type":"WebPage","@id":"https:\/\/dodo-inflatables.com\/cs\/produkt\/pozemni-list-5-x-6-metru\/","url":"https:\/\/dodo-inflatables.com\/cs\/produkt\/pozemni-list-5-x-6-metru\/","name":"N\u00e1kup podkladov\u00fdch plachet pro nafukovac\u00ed \u010dluny | Dodo-Inflatables.com","isPartOf":{"@id":"https:\/\/dodo-inflatables.com\/cs\/#website"},"primaryImageOfPage":{"@id":"https:\/\/dodo-inflatables.com\/cs\/produkt\/pozemni-list-5-x-6-metru\/#primaryimage"},"image":{"@id":"https:\/\/dodo-inflatables.com\/cs\/produkt\/pozemni-list-5-x-6-metru\/#primaryimage"},"thumbnailUrl":"https:\/\/dodo-inflatables.com\/wp-content\/uploads\/2021\/03\/Ground-Sheet-Bouncy-Castle.png","datePublished":"2017-01-06T19:45:07+00:00","dateModified":"2026-04-25T16:53:28+00:00","description":"Kupte si odpov\u00eddaj\u00edc\u00ed p\u0159\u00edslu\u0161enstv\u00ed, jako jsou stabiln\u00ed podkladov\u00e9 plachty pro nafukovac\u00ed \u010dluny, p\u0159\u00edmo online na Dodo-Inflatables.com | Certifikov\u00e1no podle EN14960 | Rychl\u00e9 dod\u00e1n\u00ed!","breadcrumb":{"@id":"https:\/\/dodo-inflatables.com\/cs\/produkt\/pozemni-list-5-x-6-metru\/#breadcrumb"},"inLanguage":"cs","potentialAction":[{"@type":"ReadAction","target":["https:\/\/dodo-inflatables.com\/cs\/produkt\/pozemni-list-5-x-6-metru\/"]}]},{"@type":"ImageObject","inLanguage":"cs","@id":"https:\/\/dodo-inflatables.com\/cs\/produkt\/pozemni-list-5-x-6-metru\/#primaryimage","url":"https:\/\/dodo-inflatables.com\/wp-content\/uploads\/2021\/03\/Ground-Sheet-Bouncy-Castle.png","contentUrl":"https:\/\/dodo-inflatables.com\/wp-content\/uploads\/2021\/03\/Ground-Sheet-Bouncy-Castle.png","width":500,"height":500,"caption":"Podlo\u017en\u00e1 plachta 8 x 4 m pro sk\u00e1kac\u00ed hrad | Dodo Inflatables"},{"@type":"BreadcrumbList","@id":"https:\/\/dodo-inflatables.com\/cs\/produkt\/pozemni-list-5-x-6-metru\/#breadcrumb","itemListElement":[{"@type":"ListItem","position":1,"name":"Dom\u016f","item":"https:\/\/dodo-inflatables.com\/cs\/"},{"@type":"ListItem","position":2,"name":"Obchod","item":"https:\/\/dodo-inflatables.com\/cs\/obchod\/"},{"@type":"ListItem","position":3,"name":"Pozemn\u00ed list 5 x 6 metr\u016f"}]},{"@type":"WebSite","@id":"https:\/\/dodo-inflatables.com\/cs\/#website","url":"https:\/\/dodo-inflatables.com\/cs\/","name":"dodo-inflatables.com","description":"Nakupujte sk\u00e1kac\u00ed hrady a atrakce v na\u0161em obchod\u011b.","potentialAction":[{"@type":"SearchAction","target":{"@type":"EntryPoint","urlTemplate":"https:\/\/dodo-inflatables.com\/cs\/?s={search_term_string}"},"query-input":{"@type":"PropertyValueSpecification","valueRequired":true,"valueName":"search_term_string"}}],"inLanguage":"cs"}]}},"uagb_featured_image_src":{"full":["https:\/\/dodo-inflatables.com\/wp-content\/uploads\/2021\/03\/Ground-Sheet-Bouncy-Castle.png",500,500,false],"thumbnail":["https:\/\/dodo-inflatables.com\/wp-content\/uploads\/2021\/03\/Ground-Sheet-Bouncy-Castle-150x150.png",150,150,true],"medium":["https:\/\/dodo-inflatables.com\/wp-content\/uploads\/2021\/03\/Ground-Sheet-Bouncy-Castle-300x300.png",300,300,true],"medium_large":["https:\/\/dodo-inflatables.com\/wp-content\/uploads\/2021\/03\/Ground-Sheet-Bouncy-Castle.png",500,500,false],"large":["https:\/\/dodo-inflatables.com\/wp-content\/uploads\/2021\/03\/Ground-Sheet-Bouncy-Castle.png",500,500,false],"1536x1536":["https:\/\/dodo-inflatables.com\/wp-content\/uploads\/2021\/03\/Ground-Sheet-Bouncy-Castle.png",500,500,false],"2048x2048":["https:\/\/dodo-inflatables.com\/wp-content\/uploads\/2021\/03\/Ground-Sheet-Bouncy-Castle.png",500,500,false],"woocommerce_thumbnail":["https:\/\/dodo-inflatables.com\/wp-content\/uploads\/2021\/03\/Ground-Sheet-Bouncy-Castle.png",500,500,false],"woocommerce_single":["https:\/\/dodo-inflatables.com\/wp-content\/uploads\/2021\/03\/Ground-Sheet-Bouncy-Castle.png",500,500,false],"woocommerce_gallery_thumbnail":["https:\/\/dodo-inflatables.com\/wp-content\/uploads\/2021\/03\/Ground-Sheet-Bouncy-Castle-100x100.png",100,100,true]},"uagb_author_info":{"display_name":"Andreas","author_link":"https:\/\/dodo-inflatables.com\/cs\/author\/"},"uagb_comment_info":0,"uagb_excerpt":"Rozm\u011bry (D x \u0160): cca 5,00 m x 6,00 m Upev\u0148ovac\u00ed ou\u0161ka v rozestupech cca 50 cm PE 260 g\/m\u00b2 Vod\u011bodoln\u00e1, odoln\u00e1 v\u016f\u010di po\u010das\u00ed a trh\u00e1n\u00ed","_links":{"self":[{"href":"https:\/\/dodo-inflatables.com\/cs\/wp-json\/wp\/v2\/product\/13061","targetHints":{"allow":["GET"]}}],"collection":[{"href":"https:\/\/dodo-inflatables.com\/cs\/wp-json\/wp\/v2\/product"}],"about":[{"href":"https:\/\/dodo-inflatables.com\/cs\/wp-json\/wp\/v2\/types\/product"}],"replies":[{"embeddable":true,"href":"https:\/\/dodo-inflatables.com\/cs\/wp-json\/wp\/v2\/comments?post=13061"}],"wp:featuredmedia":[{"embeddable":true,"href":"https:\/\/dodo-inflatables.com\/cs\/wp-json\/wp\/v2\/media\/13059"}],"wp:attachment":[{"href":"https:\/\/dodo-inflatables.com\/cs\/wp-json\/wp\/v2\/media?parent=13061"}],"wp:term":[{"taxonomy":"product_brand","embeddable":true,"href":"https:\/\/dodo-inflatables.com\/cs\/wp-json\/wp\/v2\/product_brand?post=13061"},{"taxonomy":"product_cat","embeddable":true,"href":"https:\/\/dodo-inflatables.com\/cs\/wp-json\/wp\/v2\/product_cat?post=13061"},{"taxonomy":"product_tag","embeddable":true,"href":"https:\/\/dodo-inflatables.com\/cs\/wp-json\/wp\/v2\/product_tag?post=13061"}],"curies":[{"name":"wp","href":"https:\/\/api.w.org\/{rel}","templated":true}]}}