{"id":13645,"date":"2021-04-14T14:59:50","date_gmt":"2021-04-14T12:59:50","guid":{"rendered":"https:\/\/dodo-inflatables.com\/product\/dezinfekce-skakaciho-hradu\/"},"modified":"2026-04-23T19:28:15","modified_gmt":"2026-04-23T17:28:15","slug":"dezinfekce-skakaciho-hradu","status":"publish","type":"product","link":"https:\/\/dodo-inflatables.com\/cs\/produkt\/dezinfekce-skakaciho-hradu\/","title":{"rendered":"Dezinfek\u010dn\u00ed prost\u0159edek pro sk\u00e1kac\u00ed hrady (12 x 500 ml)"},"content":{"rendered":"<h1>Koupit dezinfek\u010dn\u00ed prost\u0159edek pro sk\u00e1kac\u00ed hrady<\/h1>\n<p class=\"p1\">N\u00e1\u0161 dezinfek\u010dn\u00ed prost\u0159edek je vhodn\u00fd pro hygienick\u00e9 \u010di\u0161t\u011bn\u00ed sk\u00e1kac\u00edch hrad\u016f a dal\u0161\u00edho nafukovac\u00edho hern\u00edho vybaven\u00ed.<br \/>\nD\u00edky sv\u00fdm aktivn\u00edm slo\u017ek\u00e1m je \u00fa\u010dinn\u00fd proti bakteri\u00e1ln\u00edm kmen\u016fm i <span class=\"s1\"><b>obalen\u00fdm vir\u016fm (v\u010detn\u011b SARS-CoV-2)<\/b><\/span> a byl speci\u00e1ln\u011b vyvinut pro citliv\u00e9 povrchy.<\/p>\n<p class=\"p3\"><b>\u0160etrn\u00fd k materi\u00e1l\u016fm a bez alkoholu:<br \/>\n<\/b>Tento dezinfek\u010dn\u00ed prost\u0159edek neobsahuje alkohol, a je proto bezpe\u010dn\u00fd pro pou\u017eit\u00ed na povr\u0161\u00edch sk\u00e1kac\u00edch hrad\u016f, skluzavek a nafukovac\u00edch event modul\u016f.<br \/>\nJe nekorozivn\u00ed a biologicky odbourateln\u00fd.<\/p>\n<p class=\"p3\"><b>P\u0159ipraven\u00fd k pou\u017eit\u00ed a u\u017eivatelsky p\u0159\u00edv\u011btiv\u00fd:<br \/>\n<\/b>Dezinfek\u010dn\u00ed prost\u0159edek je dod\u00e1v\u00e1n ji\u017e nam\u00edchan\u00fd a lze jej okam\u017eit\u011b pou\u017e\u00edt.<br \/>\nPraktick\u00e1 rozpra\u0161ovac\u00ed lahvi\u010dka umo\u017e\u0148uje snadn\u00e9 a rovnom\u011brn\u00e9 nan\u00e1\u0161en\u00ed.<\/p>\n<p class=\"p3\"><b>Vhodn\u00fd pro p\u016fj\u010dovny a provozovatele:<br \/>\n<\/b>Zejm\u00e9na v komer\u010dn\u00edm pou\u017eit\u00ed poskytuje tento dezinfek\u010dn\u00ed prost\u0159edek extra hygienu mezi p\u016fj\u010dkami a pom\u00e1h\u00e1 zajistit, aby byly sk\u00e1kac\u00ed hrady p\u0159ed\u00e1v\u00e1ny dal\u0161\u00edmu z\u00e1kazn\u00edkovi \u010dist\u00e9 a dob\u0159e udr\u017eovan\u00e9.<\/p>\n<p>&nbsp;<\/p>\n<h3><strong>Pou\u017eit\u00ed<\/strong><\/h3>\n<ol>\n<li>\n<p class=\"p1\">P\u0159ed pou\u017eit\u00edm odstra\u0148te hrub\u00e9 ne\u010distoty z interi\u00e9ru a okol\u00ed sk\u00e1kac\u00edho hradu.<\/p>\n<\/li>\n<li>\n<p class=\"p1\">Nast\u0159\u00edkejte plochu, kter\u00e1 m\u00e1 b\u00fdt dezinfikov\u00e1na, nebo ji rovnom\u011brn\u011b naneste houbi\u010dkou nebo had\u0159\u00edkem, dokud nen\u00ed povrch zcela pokryt.<\/p>\n<\/li>\n<li>\n<p class=\"p1\">Nechte kr\u00e1tce p\u016fsobit a pot\u00e9 jemn\u011b p\u0159et\u0159ete \u010dist\u00fdm had\u0159\u00edkem (neut\u00edrejte do sucha).<\/p>\n<\/li>\n<li>\n<p class=\"p1\">Po p\u0159ibli\u017en\u011b <span class=\"s1\"><b>15 minut\u00e1ch kontaktn\u00ed doby<\/b><\/span> je dosa\u017eeno pln\u00e9 \u00fa\u010dinnosti.<\/p>\n<\/li>\n<\/ol>\n<h4><b>\u00da\u010dinn\u00e1 l\u00e1tka a schv\u00e1len\u00ed<\/b><\/h4>\n<p class=\"p3\">\u00da\u010dinn\u00e1 l\u00e1tka: 100 g ne\u0159ed\u011bn\u00e9ho p\u0159\u00edpravku obsahuje n\u00e1sleduj\u00edc\u00ed biocidn\u00ed \u00fa\u010dinnou l\u00e1tku:<br \/>\n<b>Benzyl-C12-16-alkyldimethyl chloridy<\/b><\/p>\n<p class=\"p3\">Schv\u00e1len\u00ed: V souladu s evropskou sm\u011brnic\u00ed o biocidn\u00edch p\u0159\u00edpravc\u00edch<br \/>\nRegistra\u010dn\u00ed \u010d\u00edslo BAuA: <span class=\"s2\"><b>N-31951<\/b><\/span><\/p>\n<p>&nbsp;<\/p>\n<h4><b>Testy a normy<\/b><\/h4>\n<p class=\"p3\">Testov\u00e1no podle, mimo jin\u00e9: AMS 1550B, Boeing D6-17487, D6-7127, specifikace Airbus a McDonnell Douglas, ASTM F 487, specifikace LH, Boeing BSS 7434 (v testov\u00e1n\u00ed), AMS 1452C (v testov\u00e1n\u00ed), testov\u00e1no v souladu se sm\u011brnicemi DGHM<\/p>\n<p><strong>Dezinfek\u010dn\u00ed prost\u0159edky pou\u017e\u00edvejte opatrn\u011b. P\u0159ed pou\u017eit\u00edm v\u017edy p\u0159e\u010dt\u011bte etiketu a informace o produktu.<\/strong><\/p>\n","protected":false},"excerpt":{"rendered":"<ul>\n<li>Dezinfek\u010dn\u00ed prost\u0159edek pro sk\u00e1kac\u00ed hrady<\/li>\n<li>12 x 500 ml lahvi\u010dek<\/li>\n<li>P\u0159edm\u00edchan\u00fd a p\u0159ipraven\u00fd k pou\u017eit\u00ed<\/li>\n<li>1 litr = 11,66 \u20ac<\/li>\n<\/ul>\n","protected":false},"featured_media":13646,"comment_status":"open","ping_status":"closed","template":"","meta":{"_acf_changed":false,"_uag_custom_page_level_css":"","site-sidebar-layout":"default","site-content-layout":"boxed-container","ast-site-content-layout":"normal-width-container","site-content-style":"boxed","site-sidebar-style":"boxed","ast-global-header-display":"","ast-banner-title-visibility":"","ast-main-header-display":"","ast-hfb-above-header-display":"","ast-hfb-below-header-display":"","ast-hfb-mobile-header-display":"","site-post-title":"disabled","ast-breadcrumbs-content":"","ast-featured-img":"","footer-sml-layout":"","ast-disable-related-posts":"","theme-transparent-header-meta":"default","adv-header-id-meta":"","stick-header-meta":"default","header-above-stick-meta":"","header-main-stick-meta":"","header-below-stick-meta":"","astra-migrate-meta-layouts":"default","ast-page-background-enabled":"default","ast-page-background-meta":{"desktop":{"background-color":"var(--ast-global-color-4)","background-image":"","background-repeat":"repeat","background-position":"center center","background-size":"auto","background-attachment":"scroll","background-type":"","background-media":"","overlay-type":"","overlay-color":"","overlay-opacity":"","overlay-gradient":""},"tablet":{"background-color":"","background-image":"","background-repeat":"repeat","background-position":"center center","background-size":"auto","background-attachment":"scroll","background-type":"","background-media":"","overlay-type":"","overlay-color":"","overlay-opacity":"","overlay-gradient":""},"mobile":{"background-color":"","background-image":"","background-repeat":"repeat","background-position":"center center","background-size":"auto","background-attachment":"scroll","background-type":"","background-media":"","overlay-type":"","overlay-color":"","overlay-opacity":"","overlay-gradient":""}},"ast-content-background-meta":{"desktop":{"background-color":"var(--ast-global-color-5)","background-image":"","background-repeat":"repeat","background-position":"center center","background-size":"auto","background-attachment":"scroll","background-type":"","background-media":"","overlay-type":"","overlay-color":"","overlay-opacity":"","overlay-gradient":""},"tablet":{"background-color":"var(--ast-global-color-5)","background-image":"","background-repeat":"repeat","background-position":"center center","background-size":"auto","background-attachment":"scroll","background-type":"","background-media":"","overlay-type":"","overlay-color":"","overlay-opacity":"","overlay-gradient":""},"mobile":{"background-color":"var(--ast-global-color-5)","background-image":"","background-repeat":"repeat","background-position":"center center","background-size":"auto","background-attachment":"scroll","background-type":"","background-media":"","overlay-type":"","overlay-color":"","overlay-opacity":"","overlay-gradient":""}}},"product_brand":[],"product_cat":[1135],"product_tag":[],"class_list":{"0":"post-13645","1":"product","2":"type-product","3":"status-publish","4":"has-post-thumbnail","6":"product_cat-prislusenstvi","7":"product_shipping_class-zubehor-cs","8":"desktop-align-center","9":"tablet-align-center","10":"mobile-align-center","11":"ast-product-gallery-layout-horizontal","12":"ast-product-gallery-with-no-image","13":"ast-product-tabs-layout-horizontal","15":"first","16":"instock","17":"taxable","18":"shipping-taxable","19":"purchasable","20":"product-type-simple"},"acf":[],"yoast_head":"<!-- This site is optimized with the Yoast SEO plugin v27.5 - https:\/\/yoast.com\/product\/yoast-seo-wordpress\/ -->\n<title>Dezinfekce sk\u00e1kac\u00edch hrad\u016f | Dodo-Inflatables.com<\/title>\n<meta name=\"description\" content=\"Dezinfek\u010dn\u00ed prost\u0159edek na \u010di\u0161t\u011bn\u00ed nafukovac\u00edch \u010dlun\u016f koup\u00edte na Dodo-Inflatables.com | Velk\u00fd v\u00fdb\u011br skladem | Certifikov\u00e1no podle EN14960 | Rychl\u00e9 dod\u00e1n\u00ed!\" \/>\n<meta name=\"robots\" content=\"index, follow, max-snippet:-1, max-image-preview:large, max-video-preview:-1\" \/>\n<link rel=\"canonical\" href=\"https:\/\/dodo-inflatables.com\/cs\/produkt\/dezinfekce-skakaciho-hradu\/\" \/>\n<meta name=\"twitter:label1\" content=\"Odhadovan\u00e1 doba \u010dten\u00ed\" \/>\n\t<meta name=\"twitter:data1\" content=\"2 minuty\" \/>\n<script type=\"application\/ld+json\" class=\"yoast-schema-graph\">{\"@context\":\"https:\\\/\\\/schema.org\",\"@graph\":[{\"@type\":\"WebPage\",\"@id\":\"https:\\\/\\\/dodo-inflatables.com\\\/cs\\\/produkt\\\/dezinfekce-skakaciho-hradu\\\/\",\"url\":\"https:\\\/\\\/dodo-inflatables.com\\\/cs\\\/produkt\\\/dezinfekce-skakaciho-hradu\\\/\",\"name\":\"Dezinfekce sk\u00e1kac\u00edch hrad\u016f | Dodo-Inflatables.com\",\"isPartOf\":{\"@id\":\"https:\\\/\\\/dodo-inflatables.com\\\/cs\\\/#website\"},\"primaryImageOfPage\":{\"@id\":\"https:\\\/\\\/dodo-inflatables.com\\\/cs\\\/produkt\\\/dezinfekce-skakaciho-hradu\\\/#primaryimage\"},\"image\":{\"@id\":\"https:\\\/\\\/dodo-inflatables.com\\\/cs\\\/produkt\\\/dezinfekce-skakaciho-hradu\\\/#primaryimage\"},\"thumbnailUrl\":\"https:\\\/\\\/dodo-inflatables.com\\\/wp-content\\\/uploads\\\/2021\\\/04\\\/huepfburg-desinfektionsmittel-kaufen.png\",\"datePublished\":\"2021-04-14T12:59:50+00:00\",\"dateModified\":\"2026-04-23T17:28:15+00:00\",\"description\":\"Dezinfek\u010dn\u00ed prost\u0159edek na \u010di\u0161t\u011bn\u00ed nafukovac\u00edch \u010dlun\u016f koup\u00edte na Dodo-Inflatables.com | Velk\u00fd v\u00fdb\u011br skladem | Certifikov\u00e1no podle EN14960 | Rychl\u00e9 dod\u00e1n\u00ed!\",\"breadcrumb\":{\"@id\":\"https:\\\/\\\/dodo-inflatables.com\\\/cs\\\/produkt\\\/dezinfekce-skakaciho-hradu\\\/#breadcrumb\"},\"inLanguage\":\"cs\",\"potentialAction\":[{\"@type\":\"ReadAction\",\"target\":[\"https:\\\/\\\/dodo-inflatables.com\\\/cs\\\/produkt\\\/dezinfekce-skakaciho-hradu\\\/\"]}]},{\"@type\":\"ImageObject\",\"inLanguage\":\"cs\",\"@id\":\"https:\\\/\\\/dodo-inflatables.com\\\/cs\\\/produkt\\\/dezinfekce-skakaciho-hradu\\\/#primaryimage\",\"url\":\"https:\\\/\\\/dodo-inflatables.com\\\/wp-content\\\/uploads\\\/2021\\\/04\\\/huepfburg-desinfektionsmittel-kaufen.png\",\"contentUrl\":\"https:\\\/\\\/dodo-inflatables.com\\\/wp-content\\\/uploads\\\/2021\\\/04\\\/huepfburg-desinfektionsmittel-kaufen.png\",\"width\":500,\"height\":500,\"caption\":\"Dezinfek\u010dn\u00ed prost\u0159edek pro sk\u00e1kac\u00ed hrady (12 x 500 ml) | Dodo Inflatables\"},{\"@type\":\"BreadcrumbList\",\"@id\":\"https:\\\/\\\/dodo-inflatables.com\\\/cs\\\/produkt\\\/dezinfekce-skakaciho-hradu\\\/#breadcrumb\",\"itemListElement\":[{\"@type\":\"ListItem\",\"position\":1,\"name\":\"Dom\u016f\",\"item\":\"https:\\\/\\\/dodo-inflatables.com\\\/cs\\\/\"},{\"@type\":\"ListItem\",\"position\":2,\"name\":\"Obchod\",\"item\":\"https:\\\/\\\/dodo-inflatables.com\\\/cs\\\/obchod\\\/\"},{\"@type\":\"ListItem\",\"position\":3,\"name\":\"Dezinfekce sk\u00e1kac\u00edho hradu\"}]},{\"@type\":\"WebSite\",\"@id\":\"https:\\\/\\\/dodo-inflatables.com\\\/cs\\\/#website\",\"url\":\"https:\\\/\\\/dodo-inflatables.com\\\/cs\\\/\",\"name\":\"dodo-inflatables.com\",\"description\":\"Nakupujte sk\u00e1kac\u00ed hrady a atrakce v na\u0161em obchod\u011b.\",\"potentialAction\":[{\"@type\":\"SearchAction\",\"target\":{\"@type\":\"EntryPoint\",\"urlTemplate\":\"https:\\\/\\\/dodo-inflatables.com\\\/cs\\\/?s={search_term_string}\"},\"query-input\":{\"@type\":\"PropertyValueSpecification\",\"valueRequired\":true,\"valueName\":\"search_term_string\"}}],\"inLanguage\":\"cs\"}]}<\/script>\n<!-- \/ Yoast SEO plugin. -->","yoast_head_json":{"title":"Dezinfekce sk\u00e1kac\u00edch hrad\u016f | Dodo-Inflatables.com","description":"Dezinfek\u010dn\u00ed prost\u0159edek na \u010di\u0161t\u011bn\u00ed nafukovac\u00edch \u010dlun\u016f koup\u00edte na Dodo-Inflatables.com | Velk\u00fd v\u00fdb\u011br skladem | Certifikov\u00e1no podle EN14960 | Rychl\u00e9 dod\u00e1n\u00ed!","robots":{"index":"index","follow":"follow","max-snippet":"max-snippet:-1","max-image-preview":"max-image-preview:large","max-video-preview":"max-video-preview:-1"},"canonical":"https:\/\/dodo-inflatables.com\/cs\/produkt\/dezinfekce-skakaciho-hradu\/","twitter_misc":{"Odhadovan\u00e1 doba \u010dten\u00ed":"2 minuty"},"schema":{"@context":"https:\/\/schema.org","@graph":[{"@type":"WebPage","@id":"https:\/\/dodo-inflatables.com\/cs\/produkt\/dezinfekce-skakaciho-hradu\/","url":"https:\/\/dodo-inflatables.com\/cs\/produkt\/dezinfekce-skakaciho-hradu\/","name":"Dezinfekce sk\u00e1kac\u00edch hrad\u016f | Dodo-Inflatables.com","isPartOf":{"@id":"https:\/\/dodo-inflatables.com\/cs\/#website"},"primaryImageOfPage":{"@id":"https:\/\/dodo-inflatables.com\/cs\/produkt\/dezinfekce-skakaciho-hradu\/#primaryimage"},"image":{"@id":"https:\/\/dodo-inflatables.com\/cs\/produkt\/dezinfekce-skakaciho-hradu\/#primaryimage"},"thumbnailUrl":"https:\/\/dodo-inflatables.com\/wp-content\/uploads\/2021\/04\/huepfburg-desinfektionsmittel-kaufen.png","datePublished":"2021-04-14T12:59:50+00:00","dateModified":"2026-04-23T17:28:15+00:00","description":"Dezinfek\u010dn\u00ed prost\u0159edek na \u010di\u0161t\u011bn\u00ed nafukovac\u00edch \u010dlun\u016f koup\u00edte na Dodo-Inflatables.com | Velk\u00fd v\u00fdb\u011br skladem | Certifikov\u00e1no podle EN14960 | Rychl\u00e9 dod\u00e1n\u00ed!","breadcrumb":{"@id":"https:\/\/dodo-inflatables.com\/cs\/produkt\/dezinfekce-skakaciho-hradu\/#breadcrumb"},"inLanguage":"cs","potentialAction":[{"@type":"ReadAction","target":["https:\/\/dodo-inflatables.com\/cs\/produkt\/dezinfekce-skakaciho-hradu\/"]}]},{"@type":"ImageObject","inLanguage":"cs","@id":"https:\/\/dodo-inflatables.com\/cs\/produkt\/dezinfekce-skakaciho-hradu\/#primaryimage","url":"https:\/\/dodo-inflatables.com\/wp-content\/uploads\/2021\/04\/huepfburg-desinfektionsmittel-kaufen.png","contentUrl":"https:\/\/dodo-inflatables.com\/wp-content\/uploads\/2021\/04\/huepfburg-desinfektionsmittel-kaufen.png","width":500,"height":500,"caption":"Dezinfek\u010dn\u00ed prost\u0159edek pro sk\u00e1kac\u00ed hrady (12 x 500 ml) | Dodo Inflatables"},{"@type":"BreadcrumbList","@id":"https:\/\/dodo-inflatables.com\/cs\/produkt\/dezinfekce-skakaciho-hradu\/#breadcrumb","itemListElement":[{"@type":"ListItem","position":1,"name":"Dom\u016f","item":"https:\/\/dodo-inflatables.com\/cs\/"},{"@type":"ListItem","position":2,"name":"Obchod","item":"https:\/\/dodo-inflatables.com\/cs\/obchod\/"},{"@type":"ListItem","position":3,"name":"Dezinfekce sk\u00e1kac\u00edho hradu"}]},{"@type":"WebSite","@id":"https:\/\/dodo-inflatables.com\/cs\/#website","url":"https:\/\/dodo-inflatables.com\/cs\/","name":"dodo-inflatables.com","description":"Nakupujte sk\u00e1kac\u00ed hrady a atrakce v na\u0161em obchod\u011b.","potentialAction":[{"@type":"SearchAction","target":{"@type":"EntryPoint","urlTemplate":"https:\/\/dodo-inflatables.com\/cs\/?s={search_term_string}"},"query-input":{"@type":"PropertyValueSpecification","valueRequired":true,"valueName":"search_term_string"}}],"inLanguage":"cs"}]}},"uagb_featured_image_src":{"full":["https:\/\/dodo-inflatables.com\/wp-content\/uploads\/2021\/04\/huepfburg-desinfektionsmittel-kaufen.png",500,500,false],"thumbnail":["https:\/\/dodo-inflatables.com\/wp-content\/uploads\/2021\/04\/huepfburg-desinfektionsmittel-kaufen-150x150.png",150,150,true],"medium":["https:\/\/dodo-inflatables.com\/wp-content\/uploads\/2021\/04\/huepfburg-desinfektionsmittel-kaufen-300x300.png",300,300,true],"medium_large":["https:\/\/dodo-inflatables.com\/wp-content\/uploads\/2021\/04\/huepfburg-desinfektionsmittel-kaufen.png",500,500,false],"large":["https:\/\/dodo-inflatables.com\/wp-content\/uploads\/2021\/04\/huepfburg-desinfektionsmittel-kaufen.png",500,500,false],"1536x1536":["https:\/\/dodo-inflatables.com\/wp-content\/uploads\/2021\/04\/huepfburg-desinfektionsmittel-kaufen.png",500,500,false],"2048x2048":["https:\/\/dodo-inflatables.com\/wp-content\/uploads\/2021\/04\/huepfburg-desinfektionsmittel-kaufen.png",500,500,false],"woocommerce_thumbnail":["https:\/\/dodo-inflatables.com\/wp-content\/uploads\/2021\/04\/huepfburg-desinfektionsmittel-kaufen.png",500,500,false],"woocommerce_single":["https:\/\/dodo-inflatables.com\/wp-content\/uploads\/2021\/04\/huepfburg-desinfektionsmittel-kaufen.png",500,500,false],"woocommerce_gallery_thumbnail":["https:\/\/dodo-inflatables.com\/wp-content\/uploads\/2021\/04\/huepfburg-desinfektionsmittel-kaufen-100x100.png",100,100,true]},"uagb_author_info":{"display_name":"Andreas","author_link":"https:\/\/dodo-inflatables.com\/cs\/author\/"},"uagb_comment_info":0,"uagb_excerpt":"Dezinfek\u010dn\u00ed prost\u0159edek pro sk\u00e1kac\u00ed hrady 12 x 500 ml lahvi\u010dek P\u0159edm\u00edchan\u00fd a p\u0159ipraven\u00fd k pou\u017eit\u00ed 1 litr = 11,66 \u20ac","_links":{"self":[{"href":"https:\/\/dodo-inflatables.com\/cs\/wp-json\/wp\/v2\/product\/13645","targetHints":{"allow":["GET"]}}],"collection":[{"href":"https:\/\/dodo-inflatables.com\/cs\/wp-json\/wp\/v2\/product"}],"about":[{"href":"https:\/\/dodo-inflatables.com\/cs\/wp-json\/wp\/v2\/types\/product"}],"replies":[{"embeddable":true,"href":"https:\/\/dodo-inflatables.com\/cs\/wp-json\/wp\/v2\/comments?post=13645"}],"wp:featuredmedia":[{"embeddable":true,"href":"https:\/\/dodo-inflatables.com\/cs\/wp-json\/wp\/v2\/media\/13646"}],"wp:attachment":[{"href":"https:\/\/dodo-inflatables.com\/cs\/wp-json\/wp\/v2\/media?parent=13645"}],"wp:term":[{"taxonomy":"product_brand","embeddable":true,"href":"https:\/\/dodo-inflatables.com\/cs\/wp-json\/wp\/v2\/product_brand?post=13645"},{"taxonomy":"product_cat","embeddable":true,"href":"https:\/\/dodo-inflatables.com\/cs\/wp-json\/wp\/v2\/product_cat?post=13645"},{"taxonomy":"product_tag","embeddable":true,"href":"https:\/\/dodo-inflatables.com\/cs\/wp-json\/wp\/v2\/product_tag?post=13645"}],"curies":[{"name":"wp","href":"https:\/\/api.w.org\/{rel}","templated":true}]}}