{"id":13694,"date":"2021-01-18T12:17:14","date_gmt":"2021-01-18T11:17:14","guid":{"rendered":"https:\/\/dodo-inflatables.com\/product\/nafukovaci-horska-chata\/"},"modified":"2024-06-01T18:29:53","modified_gmt":"2024-06-01T16:29:53","slug":"nafukovaci-horska-chata","status":"publish","type":"product","link":"https:\/\/dodo-inflatables.com\/cs\/produkt\/nafukovaci-horska-chata\/","title":{"rendered":"Nafukovac\u00ed horsk\u00e1 chata"},"content":{"rendered":"<h1>Prod\u00e1m nafukovac\u00ed horskou chatu &#8211; stan pro zvl\u00e1\u0161tn\u00ed p\u0159\u00edle\u017eitosti<\/h1>\n<p>Zde m\u00e1me velmi speci\u00e1ln\u00ed nafukovac\u00ed stan v designu d\u0159ev\u011bn\u00e9 horsk\u00e9 chaty. Tato nafukovac\u00ed d\u0159ev\u011bn\u00e1 chata je ide\u00e1ln\u00ed pro akce a propaga\u010dn\u00ed aktivity. Nafukovac\u00ed stan je trvale z\u00e1sobov\u00e1n vzduchem pomoc\u00ed dmychadla pro sk\u00e1kac\u00ed hrady, a proto je velmi stabiln\u00ed. Nafukovac\u00ed stan m\u00e1 samoz\u0159ejm\u011b n\u011bkolik ok, aby byl co nejl\u00e9pe zaji\u0161t\u011bn proti v\u011btru. Detaily horsk\u00e9 chaty jsou velmi dob\u0159e promy\u0161len\u00e9, nap\u0159\u00edklad dve\u0159e lze otev\u00edrat a zav\u00edrat pomoc\u00ed zipu. St\u0159e\u0161n\u00ed \u0161indele vypadaj\u00ed poh\u00e1dkov\u011b a okna maj\u00ed odn\u00edmateln\u00e9 s\u00edt\u011b proti kom\u00e1r\u016fm, abyste si mohli v chatce odpo\u010dinout. Chata m\u00e1 tak\u00e9 2 o\u010dka v horn\u00ed \u010d\u00e1sti \u0161t\u00edtu, kter\u00e1 jsou ide\u00e1ln\u00ed pro p\u0159ipevn\u011bn\u00ed transparentu s po\u017eadovan\u00fdm n\u00e1pisem, logem nebo designem. Skute\u010dn\u011b multifunk\u010dn\u00ed chata s r\u016fzn\u00fdmi mo\u017enostmi vyu\u017eit\u00ed! A\u0165 u\u017e jako barov\u00fd stan, bar na akci, propaga\u010dn\u00ed stan nebo prost\u011b jen jako atrakce, tato nafukovac\u00ed horsk\u00e1 chata v\u00e1s jist\u011b zaujme.<\/p>\n<p>Cht\u011bli byste chatu v jin\u00fdch rozm\u011brech nebo v jin\u00e9m designu, nap\u0159\u00edklad jako irskou hospodu? \u017d\u00e1dn\u00fd probl\u00e9m, r\u00e1di v\u00e1m nab\u00eddneme v\u0161echny mo\u017enosti.<\/p>\n<p>Nafukovac\u00ed horskou chatu doporu\u010dujeme pou\u017e\u00edvat pouze na vhodn\u00fdch podkladov\u00fdch placht\u00e1ch. Ty najdete tak\u00e9 v na\u0161\u00ed kategorii p\u0159\u00edslu\u0161enstv\u00ed. Obecn\u011b doporu\u010dujeme postavit nafukovac\u00ed p\u00e1rty chatku na tr\u00e1vn\u00edku. Na\u0161e zemn\u00ed kol\u00edky jsou tak\u00e9 ide\u00e1ln\u00ed pro jeho upevn\u011bn\u00ed.<\/p>\n<p>Nafukovac\u00ed d\u0159ev\u011bn\u00e1 chatka se dod\u00e1v\u00e1 ve vhodn\u00e9m p\u0159epravn\u00edm vaku. Aby byla nafukovac\u00ed chata chr\u00e1n\u011bna p\u0159ed vn\u011bj\u0161\u00edmi vlivy a po\u0161kozen\u00edm p\u0159i p\u0159eprav\u011b, m\u011bla by b\u00fdt po ka\u017ed\u00e9m pou\u017eit\u00ed \u0159\u00e1dn\u011b zabalena. Jako p\u016fj\u010dovna byste tak\u00e9 m\u011bli po\u017eadovat, aby z\u00e1kazn\u00edk nafukovac\u00ed chatku \u0159\u00e1dn\u011b p\u0159ebalil.<\/p>\n<h3>Podrobnosti o nafukovac\u00ed horsk\u00e9 chat\u011b<\/h3>\n<ul>\n<li>Rozm\u011bry (d x \u0161 x v): 6,00 m x 4,00 m x 6,20 m *<\/li>\n<li>Hmotnost: cca. 80 kg *<\/li>\n<li>Velikost balen\u00ed: 80 x 80 x 110 cm *<\/li>\n<li>Doba mont\u00e1\u017ee: 10 minut<\/li>\n<li>Materi\u00e1l: PVC (0,55 mm \/ 621,3 g\/m2)<\/li>\n<li>2 &#8211; 4 \u0161vy (v z\u00e1vislosti na pou\u017eit\u00ed)<\/li>\n<li>Zpomalova\u010d ho\u0159en\u00ed<\/li>\n<li>Osv\u011bd\u010den\u00ed o schv\u00e1len\u00ed podle normy EN 14960<\/li>\n<li>Zip s krytem na such\u00fd zip, zes\u00edlen\u00e9 rohy<\/li>\n<\/ul>\n<p>Rozsah dod\u00e1vky zahrnuje: nafukovac\u00ed horskou chatu, p\u0159epravn\u00ed ta\u0161ku a opravnou sadu.<\/p>\n<p>Dmychadlo a z\u00e1kladn\u00ed plachta nejsou sou\u010d\u00e1st\u00ed dod\u00e1vky. Ty najdete v kategorii p\u0159\u00edslu\u0161enstv\u00ed.<\/p>\n<p>Nafukovac\u00ed horsk\u00e1 chata je kvalitn\u00ed v\u00fdrobek, kter\u00fd je vyroben podle p\u0159\u00edsn\u00fdch pravidel v souladu s normou EN 14960. V\u0161echny na\u0161e sk\u00e1kac\u00ed hrady a nafukovac\u00ed atrakce jsou profesion\u00e1ln\u00ed moduly, kter\u00e9 jsou vhodn\u00e9 pro profesion\u00e1ln\u00ed pron\u00e1jem a pou\u017eit\u00ed v z\u00e1bavn\u00edch parc\u00edch, na kryt\u00fdch h\u0159i\u0161t\u00edch a podobn\u011b.<\/p>\n<p>D\u016fle\u017eit\u00e9 pokyny k obsluze<\/p>\n<p>Dmychadlo (nen\u00ed sou\u010d\u00e1st\u00ed dod\u00e1vky) mus\u00ed b\u011bhem pou\u017e\u00edv\u00e1n\u00ed b\u011b\u017eet nep\u0159etr\u017eit\u011b.<br \/>\nM\u00edrn\u00fd \u00fanik vzduchu otvory ve \u0161vech je norm\u00e1ln\u00ed.<\/p>\n<p>* Hmotnost a rozm\u011bry jsou p\u0159ibli\u017en\u00e9 a mohou se m\u00edrn\u011b li\u0161it.<\/p>\n","protected":false},"excerpt":{"rendered":"<p><i class=\"fa fa-arrows-alt\"><\/i>  Rozm\u011bry (d x \u0161 x v): 6,00 m x 4,00 m x 6,20 m *<br \/>\n<i class=\"fa fa-check\"><\/i>  Profesion\u00e1ln\u00ed modul &#8211; vhodn\u00fd pro komer\u010dn\u00ed a soukrom\u00e9 pou\u017eit\u00ed<\/p>\n<p><i class=\"fa fa-square\"><\/i>  PVC (0,55 mm \/ 621,3 g\/m2)<br \/>\n<i class=\"fa fa-align-justify\"><\/i>  2 &#8211; 4n\u00e1sobn\u00e9 pro\u0161it\u00ed (v z\u00e1vislosti na zat\u00ed\u017een\u00ed)<br \/>\n<i class=\"fa fa-fire\"><\/i>  Zpomalova\u010d ho\u0159en\u00ed<\/p>\n","protected":false},"featured_media":13699,"comment_status":"open","ping_status":"closed","template":"","meta":{"_acf_changed":false,"_uag_custom_page_level_css":"","site-sidebar-layout":"default","site-content-layout":"boxed-container","ast-site-content-layout":"normal-width-container","site-content-style":"boxed","site-sidebar-style":"boxed","ast-global-header-display":"","ast-banner-title-visibility":"","ast-main-header-display":"","ast-hfb-above-header-display":"","ast-hfb-below-header-display":"","ast-hfb-mobile-header-display":"","site-post-title":"disabled","ast-breadcrumbs-content":"","ast-featured-img":"","footer-sml-layout":"","ast-disable-related-posts":"","theme-transparent-header-meta":"default","adv-header-id-meta":"","stick-header-meta":"default","header-above-stick-meta":"","header-main-stick-meta":"","header-below-stick-meta":"","astra-migrate-meta-layouts":"default","ast-page-background-enabled":"default","ast-page-background-meta":{"desktop":{"background-color":"var(--ast-global-color-4)","background-image":"","background-repeat":"repeat","background-position":"center center","background-size":"auto","background-attachment":"scroll","background-type":"","background-media":"","overlay-type":"","overlay-color":"","overlay-opacity":"","overlay-gradient":""},"tablet":{"background-color":"","background-image":"","background-repeat":"repeat","background-position":"center center","background-size":"auto","background-attachment":"scroll","background-type":"","background-media":"","overlay-type":"","overlay-color":"","overlay-opacity":"","overlay-gradient":""},"mobile":{"background-color":"","background-image":"","background-repeat":"repeat","background-position":"center center","background-size":"auto","background-attachment":"scroll","background-type":"","background-media":"","overlay-type":"","overlay-color":"","overlay-opacity":"","overlay-gradient":""}},"ast-content-background-meta":{"desktop":{"background-color":"var(--ast-global-color-5)","background-image":"","background-repeat":"repeat","background-position":"center center","background-size":"auto","background-attachment":"scroll","background-type":"","background-media":"","overlay-type":"","overlay-color":"","overlay-opacity":"","overlay-gradient":""},"tablet":{"background-color":"var(--ast-global-color-5)","background-image":"","background-repeat":"repeat","background-position":"center center","background-size":"auto","background-attachment":"scroll","background-type":"","background-media":"","overlay-type":"","overlay-color":"","overlay-opacity":"","overlay-gradient":""},"mobile":{"background-color":"var(--ast-global-color-5)","background-image":"","background-repeat":"repeat","background-position":"center center","background-size":"auto","background-attachment":"scroll","background-type":"","background-media":"","overlay-type":"","overlay-color":"","overlay-opacity":"","overlay-gradient":""}}},"product_brand":[],"product_cat":[1278],"product_tag":[],"class_list":{"0":"post-13694","1":"product","2":"type-product","3":"status-publish","4":"has-post-thumbnail","6":"product_cat-atrakce","7":"product_shipping_class-spedition-hupfburg-cs","8":"pa_gtin-0669145336636-cs","9":"desktop-align-center","10":"tablet-align-center","11":"mobile-align-center","12":"ast-product-gallery-layout-horizontal","13":"ast-product-tabs-layout-horizontal","15":"first","16":"onbackorder","17":"taxable","18":"shipping-taxable","19":"purchasable","20":"product-type-simple"},"acf":[],"yoast_head":"<!-- This site is optimized with the Yoast SEO plugin v27.4 - https:\/\/yoast.com\/product\/yoast-seo-wordpress\/ -->\n<title>Koupit nafukovac\u00ed horskou chatu a d\u0159ev\u011bnou chatu | Dodo-Inflatables.com<\/title>\n<meta name=\"description\" content=\"Kupte si na\u0161i nafukovac\u00ed d\u0159ev\u011bnou chatku jako p\u00e1rty stan p\u0159\u00edmo online na Dodo-Inflatables.com | Mnoho model\u016f skladem | Rychl\u00e9 dod\u00e1n\u00ed | Nejlep\u0161\u00ed kvalita\" \/>\n<meta name=\"robots\" content=\"index, follow, max-snippet:-1, max-image-preview:large, max-video-preview:-1\" \/>\n<link rel=\"canonical\" href=\"https:\/\/dodo-inflatables.com\/cs\/produkt\/nafukovaci-horska-chata\/\" \/>\n<meta name=\"twitter:label1\" content=\"Odhadovan\u00e1 doba \u010dten\u00ed\" \/>\n\t<meta name=\"twitter:data1\" content=\"3 minuty\" \/>\n<script type=\"application\/ld+json\" class=\"yoast-schema-graph\">{\"@context\":\"https:\\\/\\\/schema.org\",\"@graph\":[{\"@type\":\"WebPage\",\"@id\":\"https:\\\/\\\/dodo-inflatables.com\\\/cs\\\/produkt\\\/nafukovaci-horska-chata\\\/\",\"url\":\"https:\\\/\\\/dodo-inflatables.com\\\/cs\\\/produkt\\\/nafukovaci-horska-chata\\\/\",\"name\":\"Koupit nafukovac\u00ed horskou chatu a d\u0159ev\u011bnou chatu | Dodo-Inflatables.com\",\"isPartOf\":{\"@id\":\"https:\\\/\\\/dodo-inflatables.com\\\/cs\\\/#website\"},\"primaryImageOfPage\":{\"@id\":\"https:\\\/\\\/dodo-inflatables.com\\\/cs\\\/produkt\\\/nafukovaci-horska-chata\\\/#primaryimage\"},\"image\":{\"@id\":\"https:\\\/\\\/dodo-inflatables.com\\\/cs\\\/produkt\\\/nafukovaci-horska-chata\\\/#primaryimage\"},\"thumbnailUrl\":\"https:\\\/\\\/dodo-inflatables.com\\\/wp-content\\\/uploads\\\/2021\\\/01\\\/Aufblasbare-Almhuette-Partyzelt-kaufen_0006_Ebene-3.jpg\",\"datePublished\":\"2021-01-18T11:17:14+00:00\",\"dateModified\":\"2024-06-01T16:29:53+00:00\",\"description\":\"Kupte si na\u0161i nafukovac\u00ed d\u0159ev\u011bnou chatku jako p\u00e1rty stan p\u0159\u00edmo online na Dodo-Inflatables.com | Mnoho model\u016f skladem | Rychl\u00e9 dod\u00e1n\u00ed | Nejlep\u0161\u00ed kvalita\",\"breadcrumb\":{\"@id\":\"https:\\\/\\\/dodo-inflatables.com\\\/cs\\\/produkt\\\/nafukovaci-horska-chata\\\/#breadcrumb\"},\"inLanguage\":\"cs\",\"potentialAction\":[{\"@type\":\"ReadAction\",\"target\":[\"https:\\\/\\\/dodo-inflatables.com\\\/cs\\\/produkt\\\/nafukovaci-horska-chata\\\/\"]}]},{\"@type\":\"ImageObject\",\"inLanguage\":\"cs\",\"@id\":\"https:\\\/\\\/dodo-inflatables.com\\\/cs\\\/produkt\\\/nafukovaci-horska-chata\\\/#primaryimage\",\"url\":\"https:\\\/\\\/dodo-inflatables.com\\\/wp-content\\\/uploads\\\/2021\\\/01\\\/Aufblasbare-Almhuette-Partyzelt-kaufen_0006_Ebene-3.jpg\",\"contentUrl\":\"https:\\\/\\\/dodo-inflatables.com\\\/wp-content\\\/uploads\\\/2021\\\/01\\\/Aufblasbare-Almhuette-Partyzelt-kaufen_0006_Ebene-3.jpg\",\"width\":500,\"height\":500},{\"@type\":\"BreadcrumbList\",\"@id\":\"https:\\\/\\\/dodo-inflatables.com\\\/cs\\\/produkt\\\/nafukovaci-horska-chata\\\/#breadcrumb\",\"itemListElement\":[{\"@type\":\"ListItem\",\"position\":1,\"name\":\"Dom\u016f\",\"item\":\"https:\\\/\\\/dodo-inflatables.com\\\/cs\\\/\"},{\"@type\":\"ListItem\",\"position\":2,\"name\":\"Obchod\",\"item\":\"https:\\\/\\\/dodo-inflatables.com\\\/cs\\\/obchod\\\/\"},{\"@type\":\"ListItem\",\"position\":3,\"name\":\"Nafukovac\u00ed horsk\u00e1 chata\"}]},{\"@type\":\"WebSite\",\"@id\":\"https:\\\/\\\/dodo-inflatables.com\\\/cs\\\/#website\",\"url\":\"https:\\\/\\\/dodo-inflatables.com\\\/cs\\\/\",\"name\":\"dodo-inflatables.com\",\"description\":\"Nakupujte sk\u00e1kac\u00ed hrady a atrakce v na\u0161em obchod\u011b.\",\"publisher\":{\"@id\":\"https:\\\/\\\/dodo-inflatables.com\\\/cs\\\/#organization\"},\"potentialAction\":[{\"@type\":\"SearchAction\",\"target\":{\"@type\":\"EntryPoint\",\"urlTemplate\":\"https:\\\/\\\/dodo-inflatables.com\\\/cs\\\/?s={search_term_string}\"},\"query-input\":{\"@type\":\"PropertyValueSpecification\",\"valueRequired\":true,\"valueName\":\"search_term_string\"}}],\"inLanguage\":\"cs\"},{\"@type\":\"Organization\",\"@id\":\"https:\\\/\\\/dodo-inflatables.com\\\/cs\\\/#organization\",\"name\":\"dodo-inflatables.com\",\"url\":\"https:\\\/\\\/dodo-inflatables.com\\\/cs\\\/\",\"logo\":{\"@type\":\"ImageObject\",\"inLanguage\":\"cs\",\"@id\":\"https:\\\/\\\/dodo-inflatables.com\\\/cs\\\/#\\\/schema\\\/logo\\\/image\\\/\",\"url\":\"https:\\\/\\\/dodo-inflatables.com\\\/wp-content\\\/uploads\\\/2023\\\/04\\\/cropped-cropped-cropped-Dodo-Logo.png\",\"contentUrl\":\"https:\\\/\\\/dodo-inflatables.com\\\/wp-content\\\/uploads\\\/2023\\\/04\\\/cropped-cropped-cropped-Dodo-Logo.png\",\"width\":2996,\"height\":1545,\"caption\":\"dodo-inflatables.com\"},\"image\":{\"@id\":\"https:\\\/\\\/dodo-inflatables.com\\\/cs\\\/#\\\/schema\\\/logo\\\/image\\\/\"}}]}<\/script>\n<!-- \/ Yoast SEO plugin. -->","yoast_head_json":{"title":"Koupit nafukovac\u00ed horskou chatu a d\u0159ev\u011bnou chatu | Dodo-Inflatables.com","description":"Kupte si na\u0161i nafukovac\u00ed d\u0159ev\u011bnou chatku jako p\u00e1rty stan p\u0159\u00edmo online na Dodo-Inflatables.com | Mnoho model\u016f skladem | Rychl\u00e9 dod\u00e1n\u00ed | Nejlep\u0161\u00ed kvalita","robots":{"index":"index","follow":"follow","max-snippet":"max-snippet:-1","max-image-preview":"max-image-preview:large","max-video-preview":"max-video-preview:-1"},"canonical":"https:\/\/dodo-inflatables.com\/cs\/produkt\/nafukovaci-horska-chata\/","twitter_misc":{"Odhadovan\u00e1 doba \u010dten\u00ed":"3 minuty"},"schema":{"@context":"https:\/\/schema.org","@graph":[{"@type":"WebPage","@id":"https:\/\/dodo-inflatables.com\/cs\/produkt\/nafukovaci-horska-chata\/","url":"https:\/\/dodo-inflatables.com\/cs\/produkt\/nafukovaci-horska-chata\/","name":"Koupit nafukovac\u00ed horskou chatu a d\u0159ev\u011bnou chatu | Dodo-Inflatables.com","isPartOf":{"@id":"https:\/\/dodo-inflatables.com\/cs\/#website"},"primaryImageOfPage":{"@id":"https:\/\/dodo-inflatables.com\/cs\/produkt\/nafukovaci-horska-chata\/#primaryimage"},"image":{"@id":"https:\/\/dodo-inflatables.com\/cs\/produkt\/nafukovaci-horska-chata\/#primaryimage"},"thumbnailUrl":"https:\/\/dodo-inflatables.com\/wp-content\/uploads\/2021\/01\/Aufblasbare-Almhuette-Partyzelt-kaufen_0006_Ebene-3.jpg","datePublished":"2021-01-18T11:17:14+00:00","dateModified":"2024-06-01T16:29:53+00:00","description":"Kupte si na\u0161i nafukovac\u00ed d\u0159ev\u011bnou chatku jako p\u00e1rty stan p\u0159\u00edmo online na Dodo-Inflatables.com | Mnoho model\u016f skladem | Rychl\u00e9 dod\u00e1n\u00ed | Nejlep\u0161\u00ed kvalita","breadcrumb":{"@id":"https:\/\/dodo-inflatables.com\/cs\/produkt\/nafukovaci-horska-chata\/#breadcrumb"},"inLanguage":"cs","potentialAction":[{"@type":"ReadAction","target":["https:\/\/dodo-inflatables.com\/cs\/produkt\/nafukovaci-horska-chata\/"]}]},{"@type":"ImageObject","inLanguage":"cs","@id":"https:\/\/dodo-inflatables.com\/cs\/produkt\/nafukovaci-horska-chata\/#primaryimage","url":"https:\/\/dodo-inflatables.com\/wp-content\/uploads\/2021\/01\/Aufblasbare-Almhuette-Partyzelt-kaufen_0006_Ebene-3.jpg","contentUrl":"https:\/\/dodo-inflatables.com\/wp-content\/uploads\/2021\/01\/Aufblasbare-Almhuette-Partyzelt-kaufen_0006_Ebene-3.jpg","width":500,"height":500},{"@type":"BreadcrumbList","@id":"https:\/\/dodo-inflatables.com\/cs\/produkt\/nafukovaci-horska-chata\/#breadcrumb","itemListElement":[{"@type":"ListItem","position":1,"name":"Dom\u016f","item":"https:\/\/dodo-inflatables.com\/cs\/"},{"@type":"ListItem","position":2,"name":"Obchod","item":"https:\/\/dodo-inflatables.com\/cs\/obchod\/"},{"@type":"ListItem","position":3,"name":"Nafukovac\u00ed horsk\u00e1 chata"}]},{"@type":"WebSite","@id":"https:\/\/dodo-inflatables.com\/cs\/#website","url":"https:\/\/dodo-inflatables.com\/cs\/","name":"dodo-inflatables.com","description":"Nakupujte sk\u00e1kac\u00ed hrady a atrakce v na\u0161em obchod\u011b.","publisher":{"@id":"https:\/\/dodo-inflatables.com\/cs\/#organization"},"potentialAction":[{"@type":"SearchAction","target":{"@type":"EntryPoint","urlTemplate":"https:\/\/dodo-inflatables.com\/cs\/?s={search_term_string}"},"query-input":{"@type":"PropertyValueSpecification","valueRequired":true,"valueName":"search_term_string"}}],"inLanguage":"cs"},{"@type":"Organization","@id":"https:\/\/dodo-inflatables.com\/cs\/#organization","name":"dodo-inflatables.com","url":"https:\/\/dodo-inflatables.com\/cs\/","logo":{"@type":"ImageObject","inLanguage":"cs","@id":"https:\/\/dodo-inflatables.com\/cs\/#\/schema\/logo\/image\/","url":"https:\/\/dodo-inflatables.com\/wp-content\/uploads\/2023\/04\/cropped-cropped-cropped-Dodo-Logo.png","contentUrl":"https:\/\/dodo-inflatables.com\/wp-content\/uploads\/2023\/04\/cropped-cropped-cropped-Dodo-Logo.png","width":2996,"height":1545,"caption":"dodo-inflatables.com"},"image":{"@id":"https:\/\/dodo-inflatables.com\/cs\/#\/schema\/logo\/image\/"}}]}},"uagb_featured_image_src":{"full":["https:\/\/dodo-inflatables.com\/wp-content\/uploads\/2021\/01\/Aufblasbare-Almhuette-Partyzelt-kaufen_0006_Ebene-3.jpg",500,500,false],"thumbnail":["https:\/\/dodo-inflatables.com\/wp-content\/uploads\/2021\/01\/Aufblasbare-Almhuette-Partyzelt-kaufen_0006_Ebene-3-150x150.jpg",150,150,true],"medium":["https:\/\/dodo-inflatables.com\/wp-content\/uploads\/2021\/01\/Aufblasbare-Almhuette-Partyzelt-kaufen_0006_Ebene-3-300x300.jpg",300,300,true],"medium_large":["https:\/\/dodo-inflatables.com\/wp-content\/uploads\/2021\/01\/Aufblasbare-Almhuette-Partyzelt-kaufen_0006_Ebene-3.jpg",500,500,false],"large":["https:\/\/dodo-inflatables.com\/wp-content\/uploads\/2021\/01\/Aufblasbare-Almhuette-Partyzelt-kaufen_0006_Ebene-3.jpg",500,500,false],"1536x1536":["https:\/\/dodo-inflatables.com\/wp-content\/uploads\/2021\/01\/Aufblasbare-Almhuette-Partyzelt-kaufen_0006_Ebene-3.jpg",500,500,false],"2048x2048":["https:\/\/dodo-inflatables.com\/wp-content\/uploads\/2021\/01\/Aufblasbare-Almhuette-Partyzelt-kaufen_0006_Ebene-3.jpg",500,500,false],"woocommerce_thumbnail":["https:\/\/dodo-inflatables.com\/wp-content\/uploads\/2021\/01\/Aufblasbare-Almhuette-Partyzelt-kaufen_0006_Ebene-3.jpg",500,500,false],"woocommerce_single":["https:\/\/dodo-inflatables.com\/wp-content\/uploads\/2021\/01\/Aufblasbare-Almhuette-Partyzelt-kaufen_0006_Ebene-3.jpg",500,500,false],"woocommerce_gallery_thumbnail":["https:\/\/dodo-inflatables.com\/wp-content\/uploads\/2021\/01\/Aufblasbare-Almhuette-Partyzelt-kaufen_0006_Ebene-3-100x100.jpg",100,100,true]},"uagb_author_info":{"display_name":"Andreas","author_link":"https:\/\/dodo-inflatables.com\/cs\/author\/"},"uagb_comment_info":0,"uagb_excerpt":"Rozm\u011bry (d x \u0161 x v): 6,00 m x 4,00 m x 6,20 m * Profesion\u00e1ln\u00ed modul - vhodn\u00fd pro komer\u010dn\u00ed a soukrom\u00e9 pou\u017eit\u00ed PVC (0,55 mm \/ 621,3 g\/m2) 2 - 4n\u00e1sobn\u00e9 pro\u0161it\u00ed (v z\u00e1vislosti na zat\u00ed\u017een\u00ed) Zpomalova\u010d ho\u0159en\u00ed","_links":{"self":[{"href":"https:\/\/dodo-inflatables.com\/cs\/wp-json\/wp\/v2\/product\/13694","targetHints":{"allow":["GET"]}}],"collection":[{"href":"https:\/\/dodo-inflatables.com\/cs\/wp-json\/wp\/v2\/product"}],"about":[{"href":"https:\/\/dodo-inflatables.com\/cs\/wp-json\/wp\/v2\/types\/product"}],"replies":[{"embeddable":true,"href":"https:\/\/dodo-inflatables.com\/cs\/wp-json\/wp\/v2\/comments?post=13694"}],"wp:featuredmedia":[{"embeddable":true,"href":"https:\/\/dodo-inflatables.com\/cs\/wp-json\/wp\/v2\/media\/13699"}],"wp:attachment":[{"href":"https:\/\/dodo-inflatables.com\/cs\/wp-json\/wp\/v2\/media?parent=13694"}],"wp:term":[{"taxonomy":"product_brand","embeddable":true,"href":"https:\/\/dodo-inflatables.com\/cs\/wp-json\/wp\/v2\/product_brand?post=13694"},{"taxonomy":"product_cat","embeddable":true,"href":"https:\/\/dodo-inflatables.com\/cs\/wp-json\/wp\/v2\/product_cat?post=13694"},{"taxonomy":"product_tag","embeddable":true,"href":"https:\/\/dodo-inflatables.com\/cs\/wp-json\/wp\/v2\/product_tag?post=13694"}],"curies":[{"name":"wp","href":"https:\/\/api.w.org\/{rel}","templated":true}]}}