{"id":13742,"date":"2020-12-29T14:47:59","date_gmt":"2020-12-29T13:47:59","guid":{"rendered":"https:\/\/dodo-inflatables.com\/product\/nastavec-pro-deflator-huawei\/"},"modified":"2026-04-25T18:37:30","modified_gmt":"2026-04-25T16:37:30","slug":"nastavec-pro-deflator-huawei","status":"publish","type":"product","link":"https:\/\/dodo-inflatables.com\/cs\/produkt\/nastavec-pro-deflator-huawei\/","title":{"rendered":"Defl\u00e1tor n\u00e1stavec pro ventil\u00e1tory Huawei"},"content":{"rendered":"<h2>Koupit defl\u00e1tor n\u00e1stavec pro ventil\u00e1tory Huawei pro sk\u00e1kac\u00ed hrady<\/h2>\n<p>Defl\u00e1tor n\u00e1stavec pro ventil\u00e1tory Huawei pro sk\u00e1kac\u00ed hrady je ide\u00e1ln\u00edm dopl\u0148kem pro p\u016fj\u010dovny a provozovatele s n\u011bkolika sk\u00e1kac\u00edmi hrady ve sv\u00e9m invent\u00e1\u0159i. Defl\u00e1tor aktivn\u011b od\u010derp\u00e1v\u00e1 vzduch ze sk\u00e1kac\u00edho hradu, \u010d\u00edm\u017e usnad\u0148uje a urychluje balen\u00ed.<br \/>\n<strong>Rychlej\u0161\u00ed balen\u00ed:<\/strong><br \/>\nDefl\u00e1tor pom\u00e1h\u00e1 odstranit vzduch ze sk\u00e1kac\u00edho hradu, p\u0159i\u010dem\u017e uvnit\u0159 z\u016fst\u00e1v\u00e1 m\u00e9n\u011b zbytkov\u00e9ho vzduchu. To usnad\u0148uje slo\u017een\u00ed nafukovac\u00ed konstrukce do kompaktn\u011bj\u0161\u00edho tvaru a rychlej\u0161\u00ed p\u0159\u00edpravu na p\u0159epravu.<br \/>\n<strong>Praktick\u00e1 podpora pro p\u016fj\u010dovny:<\/strong><br \/>\nI p\u0159i pou\u017eit\u00ed defl\u00e1toru nen\u00ed balen\u00ed pln\u011b automatick\u00e9 a skl\u00e1d\u00e1n\u00ed sk\u00e1kac\u00edho hradu je st\u00e1le nutn\u00e9 prov\u00e1d\u011bt ru\u010dn\u011b. Zejm\u00e9na p\u0159i manipulaci s n\u011bkolika nafukovac\u00edmi konstrukcemi v\u0161ak defl\u00e1tor znateln\u011b \u0161et\u0159\u00ed \u010das a n\u00e1mahu.<br \/>\n<strong>Dostupn\u00e9 dv\u011b verze:<\/strong><br \/>\nDefl\u00e1tor n\u00e1stavec je k dispozici v kr\u00e1tk\u00e9 i dlouh\u00e9 verzi. Kter\u00e1 verze je lep\u0161\u00ed volbou, z\u00e1vis\u00ed na osobn\u00edch preferenc\u00edch a pot\u0159eb\u00e1ch manipulace jednotliv\u00e9ho u\u017eivatele.<br \/>\n<strong>Snadn\u00e9 pou\u017eit\u00ed:<\/strong><br \/>\nIde\u00e1ln\u011b by m\u011bl b\u00fdt defl\u00e1tor vlo\u017een do bo\u010dn\u00edho otvoru sk\u00e1kac\u00edho hradu. V\u0161echny ostatn\u00ed vzduchov\u00e9 otvory by m\u011bly z\u016fstat b\u011bhem pou\u017eit\u00ed uzav\u0159eny, aby se minimizoval p\u0159\u00edsun venkovn\u00edho vzduchu a zlep\u0161ila \u00fa\u010dinnost.<\/p>\n","protected":false},"excerpt":{"rendered":"<ul>\n<li>Vhodn\u00e9 pro ventil\u00e1tor Huawei REH-1.5E &#8211; 1.5 HP a ventil\u00e1tor Huawei REH-2E &#8211; 2 HP<\/li>\n<li>Vhodn\u00e9 pro v\u0161echny sk\u00e1kac\u00ed hrady a event moduly v nab\u00eddce<\/li>\n<li>Snadn\u00e9 pou\u017eit\u00ed \u2013 ide\u00e1ln\u00ed pro ods\u00e1v\u00e1n\u00ed vzduchu<\/li>\n<\/ul>\n","protected":false},"featured_media":13743,"comment_status":"open","ping_status":"closed","template":"","meta":{"_acf_changed":false,"_uag_custom_page_level_css":"","site-sidebar-layout":"default","site-content-layout":"boxed-container","ast-site-content-layout":"normal-width-container","site-content-style":"boxed","site-sidebar-style":"boxed","ast-global-header-display":"","ast-banner-title-visibility":"","ast-main-header-display":"","ast-hfb-above-header-display":"","ast-hfb-below-header-display":"","ast-hfb-mobile-header-display":"","site-post-title":"disabled","ast-breadcrumbs-content":"","ast-featured-img":"","footer-sml-layout":"","ast-disable-related-posts":"","theme-transparent-header-meta":"default","adv-header-id-meta":"","stick-header-meta":"default","header-above-stick-meta":"","header-main-stick-meta":"","header-below-stick-meta":"","astra-migrate-meta-layouts":"default","ast-page-background-enabled":"default","ast-page-background-meta":{"desktop":{"background-color":"var(--ast-global-color-4)","background-image":"","background-repeat":"repeat","background-position":"center center","background-size":"auto","background-attachment":"scroll","background-type":"","background-media":"","overlay-type":"","overlay-color":"","overlay-opacity":"","overlay-gradient":""},"tablet":{"background-color":"","background-image":"","background-repeat":"repeat","background-position":"center center","background-size":"auto","background-attachment":"scroll","background-type":"","background-media":"","overlay-type":"","overlay-color":"","overlay-opacity":"","overlay-gradient":""},"mobile":{"background-color":"","background-image":"","background-repeat":"repeat","background-position":"center center","background-size":"auto","background-attachment":"scroll","background-type":"","background-media":"","overlay-type":"","overlay-color":"","overlay-opacity":"","overlay-gradient":""}},"ast-content-background-meta":{"desktop":{"background-color":"var(--ast-global-color-5)","background-image":"","background-repeat":"repeat","background-position":"center center","background-size":"auto","background-attachment":"scroll","background-type":"","background-media":"","overlay-type":"","overlay-color":"","overlay-opacity":"","overlay-gradient":""},"tablet":{"background-color":"var(--ast-global-color-5)","background-image":"","background-repeat":"repeat","background-position":"center center","background-size":"auto","background-attachment":"scroll","background-type":"","background-media":"","overlay-type":"","overlay-color":"","overlay-opacity":"","overlay-gradient":""},"mobile":{"background-color":"var(--ast-global-color-5)","background-image":"","background-repeat":"repeat","background-position":"center center","background-size":"auto","background-attachment":"scroll","background-type":"","background-media":"","overlay-type":"","overlay-color":"","overlay-opacity":"","overlay-gradient":""}}},"product_brand":[],"product_cat":[1135],"product_tag":[],"class_list":{"0":"post-13742","1":"product","2":"type-product","3":"status-publish","4":"has-post-thumbnail","6":"product_cat-prislusenstvi","7":"product_shipping_class-zubehor-cs","8":"pa_gtin-0669145333994-cs","9":"desktop-align-center","10":"tablet-align-center","11":"mobile-align-center","12":"ast-product-gallery-layout-horizontal","13":"ast-product-tabs-layout-horizontal","15":"first","16":"instock","17":"taxable","18":"shipping-taxable","19":"purchasable","20":"product-type-simple"},"acf":[],"yoast_head":"<!-- This site is optimized with the Yoast SEO plugin v27.5 - https:\/\/yoast.com\/product\/yoast-seo-wordpress\/ -->\n<title>Koupit defl\u00e1tor pro fouka\u010dky Huawei | Dodo-Inflatables.com<\/title>\n<meta name=\"description\" content=\"Koupit Defl\u00e1tor pro nafukovac\u00ed fouka\u010dky Huawei REH-1.5E - 1.5HP na Dodo-Inflatables.com | F\u00e9rov\u00e9 ceny | V\u017edy skladem | Rychl\u00e1 doprava!\" \/>\n<meta name=\"robots\" content=\"index, follow, max-snippet:-1, max-image-preview:large, max-video-preview:-1\" \/>\n<link rel=\"canonical\" href=\"https:\/\/dodo-inflatables.com\/cs\/produkt\/nastavec-pro-deflator-huawei\/\" \/>\n<meta name=\"twitter:label1\" content=\"Odhadovan\u00e1 doba \u010dten\u00ed\" \/>\n\t<meta name=\"twitter:data1\" content=\"1 minuta\" \/>\n<script type=\"application\/ld+json\" class=\"yoast-schema-graph\">{\"@context\":\"https:\\\/\\\/schema.org\",\"@graph\":[{\"@type\":\"WebPage\",\"@id\":\"https:\\\/\\\/dodo-inflatables.com\\\/cs\\\/produkt\\\/nastavec-pro-deflator-huawei\\\/\",\"url\":\"https:\\\/\\\/dodo-inflatables.com\\\/cs\\\/produkt\\\/nastavec-pro-deflator-huawei\\\/\",\"name\":\"Koupit defl\u00e1tor pro fouka\u010dky Huawei | Dodo-Inflatables.com\",\"isPartOf\":{\"@id\":\"https:\\\/\\\/dodo-inflatables.com\\\/cs\\\/#website\"},\"primaryImageOfPage\":{\"@id\":\"https:\\\/\\\/dodo-inflatables.com\\\/cs\\\/produkt\\\/nastavec-pro-deflator-huawei\\\/#primaryimage\"},\"image\":{\"@id\":\"https:\\\/\\\/dodo-inflatables.com\\\/cs\\\/produkt\\\/nastavec-pro-deflator-huawei\\\/#primaryimage\"},\"thumbnailUrl\":\"https:\\\/\\\/dodo-inflatables.com\\\/wp-content\\\/uploads\\\/2020\\\/12\\\/Hupfburg-Geblase-Huawei-kaufen_0000_Short-Deflator-B.jpg\",\"datePublished\":\"2020-12-29T13:47:59+00:00\",\"dateModified\":\"2026-04-25T16:37:30+00:00\",\"description\":\"Koupit Defl\u00e1tor pro nafukovac\u00ed fouka\u010dky Huawei REH-1.5E - 1.5HP na Dodo-Inflatables.com | F\u00e9rov\u00e9 ceny | V\u017edy skladem | Rychl\u00e1 doprava!\",\"breadcrumb\":{\"@id\":\"https:\\\/\\\/dodo-inflatables.com\\\/cs\\\/produkt\\\/nastavec-pro-deflator-huawei\\\/#breadcrumb\"},\"inLanguage\":\"cs\",\"potentialAction\":[{\"@type\":\"ReadAction\",\"target\":[\"https:\\\/\\\/dodo-inflatables.com\\\/cs\\\/produkt\\\/nastavec-pro-deflator-huawei\\\/\"]}]},{\"@type\":\"ImageObject\",\"inLanguage\":\"cs\",\"@id\":\"https:\\\/\\\/dodo-inflatables.com\\\/cs\\\/produkt\\\/nastavec-pro-deflator-huawei\\\/#primaryimage\",\"url\":\"https:\\\/\\\/dodo-inflatables.com\\\/wp-content\\\/uploads\\\/2020\\\/12\\\/Hupfburg-Geblase-Huawei-kaufen_0000_Short-Deflator-B.jpg\",\"contentUrl\":\"https:\\\/\\\/dodo-inflatables.com\\\/wp-content\\\/uploads\\\/2020\\\/12\\\/Hupfburg-Geblase-Huawei-kaufen_0000_Short-Deflator-B.jpg\",\"width\":500,\"height\":500,\"caption\":\"Defl\u00e1tor n\u00e1stavec pro ventil\u00e1tory Huawei | Dodo Inflatables\"},{\"@type\":\"BreadcrumbList\",\"@id\":\"https:\\\/\\\/dodo-inflatables.com\\\/cs\\\/produkt\\\/nastavec-pro-deflator-huawei\\\/#breadcrumb\",\"itemListElement\":[{\"@type\":\"ListItem\",\"position\":1,\"name\":\"Dom\u016f\",\"item\":\"https:\\\/\\\/dodo-inflatables.com\\\/cs\\\/\"},{\"@type\":\"ListItem\",\"position\":2,\"name\":\"Obchod\",\"item\":\"https:\\\/\\\/dodo-inflatables.com\\\/cs\\\/obchod\\\/\"},{\"@type\":\"ListItem\",\"position\":3,\"name\":\"N\u00e1stavec pro defl\u00e1tor Huawei\"}]},{\"@type\":\"WebSite\",\"@id\":\"https:\\\/\\\/dodo-inflatables.com\\\/cs\\\/#website\",\"url\":\"https:\\\/\\\/dodo-inflatables.com\\\/cs\\\/\",\"name\":\"dodo-inflatables.com\",\"description\":\"Nakupujte sk\u00e1kac\u00ed hrady a atrakce v na\u0161em obchod\u011b.\",\"potentialAction\":[{\"@type\":\"SearchAction\",\"target\":{\"@type\":\"EntryPoint\",\"urlTemplate\":\"https:\\\/\\\/dodo-inflatables.com\\\/cs\\\/?s={search_term_string}\"},\"query-input\":{\"@type\":\"PropertyValueSpecification\",\"valueRequired\":true,\"valueName\":\"search_term_string\"}}],\"inLanguage\":\"cs\"}]}<\/script>\n<!-- \/ Yoast SEO plugin. -->","yoast_head_json":{"title":"Koupit defl\u00e1tor pro fouka\u010dky Huawei | Dodo-Inflatables.com","description":"Koupit Defl\u00e1tor pro nafukovac\u00ed fouka\u010dky Huawei REH-1.5E - 1.5HP na Dodo-Inflatables.com | F\u00e9rov\u00e9 ceny | V\u017edy skladem | Rychl\u00e1 doprava!","robots":{"index":"index","follow":"follow","max-snippet":"max-snippet:-1","max-image-preview":"max-image-preview:large","max-video-preview":"max-video-preview:-1"},"canonical":"https:\/\/dodo-inflatables.com\/cs\/produkt\/nastavec-pro-deflator-huawei\/","twitter_misc":{"Odhadovan\u00e1 doba \u010dten\u00ed":"1 minuta"},"schema":{"@context":"https:\/\/schema.org","@graph":[{"@type":"WebPage","@id":"https:\/\/dodo-inflatables.com\/cs\/produkt\/nastavec-pro-deflator-huawei\/","url":"https:\/\/dodo-inflatables.com\/cs\/produkt\/nastavec-pro-deflator-huawei\/","name":"Koupit defl\u00e1tor pro fouka\u010dky Huawei | Dodo-Inflatables.com","isPartOf":{"@id":"https:\/\/dodo-inflatables.com\/cs\/#website"},"primaryImageOfPage":{"@id":"https:\/\/dodo-inflatables.com\/cs\/produkt\/nastavec-pro-deflator-huawei\/#primaryimage"},"image":{"@id":"https:\/\/dodo-inflatables.com\/cs\/produkt\/nastavec-pro-deflator-huawei\/#primaryimage"},"thumbnailUrl":"https:\/\/dodo-inflatables.com\/wp-content\/uploads\/2020\/12\/Hupfburg-Geblase-Huawei-kaufen_0000_Short-Deflator-B.jpg","datePublished":"2020-12-29T13:47:59+00:00","dateModified":"2026-04-25T16:37:30+00:00","description":"Koupit Defl\u00e1tor pro nafukovac\u00ed fouka\u010dky Huawei REH-1.5E - 1.5HP na Dodo-Inflatables.com | F\u00e9rov\u00e9 ceny | V\u017edy skladem | Rychl\u00e1 doprava!","breadcrumb":{"@id":"https:\/\/dodo-inflatables.com\/cs\/produkt\/nastavec-pro-deflator-huawei\/#breadcrumb"},"inLanguage":"cs","potentialAction":[{"@type":"ReadAction","target":["https:\/\/dodo-inflatables.com\/cs\/produkt\/nastavec-pro-deflator-huawei\/"]}]},{"@type":"ImageObject","inLanguage":"cs","@id":"https:\/\/dodo-inflatables.com\/cs\/produkt\/nastavec-pro-deflator-huawei\/#primaryimage","url":"https:\/\/dodo-inflatables.com\/wp-content\/uploads\/2020\/12\/Hupfburg-Geblase-Huawei-kaufen_0000_Short-Deflator-B.jpg","contentUrl":"https:\/\/dodo-inflatables.com\/wp-content\/uploads\/2020\/12\/Hupfburg-Geblase-Huawei-kaufen_0000_Short-Deflator-B.jpg","width":500,"height":500,"caption":"Defl\u00e1tor n\u00e1stavec pro ventil\u00e1tory Huawei | Dodo Inflatables"},{"@type":"BreadcrumbList","@id":"https:\/\/dodo-inflatables.com\/cs\/produkt\/nastavec-pro-deflator-huawei\/#breadcrumb","itemListElement":[{"@type":"ListItem","position":1,"name":"Dom\u016f","item":"https:\/\/dodo-inflatables.com\/cs\/"},{"@type":"ListItem","position":2,"name":"Obchod","item":"https:\/\/dodo-inflatables.com\/cs\/obchod\/"},{"@type":"ListItem","position":3,"name":"N\u00e1stavec pro defl\u00e1tor Huawei"}]},{"@type":"WebSite","@id":"https:\/\/dodo-inflatables.com\/cs\/#website","url":"https:\/\/dodo-inflatables.com\/cs\/","name":"dodo-inflatables.com","description":"Nakupujte sk\u00e1kac\u00ed hrady a atrakce v na\u0161em obchod\u011b.","potentialAction":[{"@type":"SearchAction","target":{"@type":"EntryPoint","urlTemplate":"https:\/\/dodo-inflatables.com\/cs\/?s={search_term_string}"},"query-input":{"@type":"PropertyValueSpecification","valueRequired":true,"valueName":"search_term_string"}}],"inLanguage":"cs"}]}},"uagb_featured_image_src":{"full":["https:\/\/dodo-inflatables.com\/wp-content\/uploads\/2020\/12\/Hupfburg-Geblase-Huawei-kaufen_0000_Short-Deflator-B.jpg",500,500,false],"thumbnail":["https:\/\/dodo-inflatables.com\/wp-content\/uploads\/2020\/12\/Hupfburg-Geblase-Huawei-kaufen_0000_Short-Deflator-B-150x150.jpg",150,150,true],"medium":["https:\/\/dodo-inflatables.com\/wp-content\/uploads\/2020\/12\/Hupfburg-Geblase-Huawei-kaufen_0000_Short-Deflator-B-300x300.jpg",300,300,true],"medium_large":["https:\/\/dodo-inflatables.com\/wp-content\/uploads\/2020\/12\/Hupfburg-Geblase-Huawei-kaufen_0000_Short-Deflator-B.jpg",500,500,false],"large":["https:\/\/dodo-inflatables.com\/wp-content\/uploads\/2020\/12\/Hupfburg-Geblase-Huawei-kaufen_0000_Short-Deflator-B.jpg",500,500,false],"1536x1536":["https:\/\/dodo-inflatables.com\/wp-content\/uploads\/2020\/12\/Hupfburg-Geblase-Huawei-kaufen_0000_Short-Deflator-B.jpg",500,500,false],"2048x2048":["https:\/\/dodo-inflatables.com\/wp-content\/uploads\/2020\/12\/Hupfburg-Geblase-Huawei-kaufen_0000_Short-Deflator-B.jpg",500,500,false],"woocommerce_thumbnail":["https:\/\/dodo-inflatables.com\/wp-content\/uploads\/2020\/12\/Hupfburg-Geblase-Huawei-kaufen_0000_Short-Deflator-B.jpg",500,500,false],"woocommerce_single":["https:\/\/dodo-inflatables.com\/wp-content\/uploads\/2020\/12\/Hupfburg-Geblase-Huawei-kaufen_0000_Short-Deflator-B.jpg",500,500,false],"woocommerce_gallery_thumbnail":["https:\/\/dodo-inflatables.com\/wp-content\/uploads\/2020\/12\/Hupfburg-Geblase-Huawei-kaufen_0000_Short-Deflator-B-100x100.jpg",100,100,true]},"uagb_author_info":{"display_name":"Andreas","author_link":"https:\/\/dodo-inflatables.com\/cs\/author\/"},"uagb_comment_info":0,"uagb_excerpt":"Vhodn\u00e9 pro ventil\u00e1tor Huawei REH-1.5E - 1.5 HP a ventil\u00e1tor Huawei REH-2E - 2 HP Vhodn\u00e9 pro v\u0161echny sk\u00e1kac\u00ed hrady a event moduly v nab\u00eddce Snadn\u00e9 pou\u017eit\u00ed \u2013 ide\u00e1ln\u00ed pro ods\u00e1v\u00e1n\u00ed vzduchu","_links":{"self":[{"href":"https:\/\/dodo-inflatables.com\/cs\/wp-json\/wp\/v2\/product\/13742","targetHints":{"allow":["GET"]}}],"collection":[{"href":"https:\/\/dodo-inflatables.com\/cs\/wp-json\/wp\/v2\/product"}],"about":[{"href":"https:\/\/dodo-inflatables.com\/cs\/wp-json\/wp\/v2\/types\/product"}],"replies":[{"embeddable":true,"href":"https:\/\/dodo-inflatables.com\/cs\/wp-json\/wp\/v2\/comments?post=13742"}],"wp:featuredmedia":[{"embeddable":true,"href":"https:\/\/dodo-inflatables.com\/cs\/wp-json\/wp\/v2\/media\/13743"}],"wp:attachment":[{"href":"https:\/\/dodo-inflatables.com\/cs\/wp-json\/wp\/v2\/media?parent=13742"}],"wp:term":[{"taxonomy":"product_brand","embeddable":true,"href":"https:\/\/dodo-inflatables.com\/cs\/wp-json\/wp\/v2\/product_brand?post=13742"},{"taxonomy":"product_cat","embeddable":true,"href":"https:\/\/dodo-inflatables.com\/cs\/wp-json\/wp\/v2\/product_cat?post=13742"},{"taxonomy":"product_tag","embeddable":true,"href":"https:\/\/dodo-inflatables.com\/cs\/wp-json\/wp\/v2\/product_tag?post=13742"}],"curies":[{"name":"wp","href":"https:\/\/api.w.org\/{rel}","templated":true}]}}