{"id":14050,"date":"2019-08-23T12:07:40","date_gmt":"2019-08-23T10:07:40","guid":{"rendered":"https:\/\/dodo-inflatables.com\/product\/hazeni-nafukovaci-sekerou\/"},"modified":"2024-08-06T07:47:04","modified_gmt":"2024-08-06T05:47:04","slug":"hazeni-nafukovaci-sekerou","status":"publish","type":"product","link":"https:\/\/dodo-inflatables.com\/cs\/produkt\/hazeni-nafukovaci-sekerou\/","title":{"rendered":"H\u00e1zen\u00ed nafukovac\u00ed sekerou"},"content":{"rendered":"<h2>Koupit nafukovac\u00ed sekeru<\/h2>\n<p>  Sta\u0148te se Vikingem a cvi\u010dte se v h\u00e1zen\u00ed sekerou v naprost\u00e9m bezpe\u010d\u00ed! Kdo dok\u00e1\u017ee p\u0159esn\u011b hodit sekery na disk se such\u00fdm zipem?  <\/p>\n<h4>Podrobnosti pro Nafukovac\u00ed h\u00e1zen\u00ed sekerou<\/h4>\n<ul>\n<li>Rozm\u011bry (d x \u0161 x v): 3,00 x 3,00 x 2,60 m *<\/li>\n<li>Hmotnost: cca. 50 kg *<\/li>\n<li>Velikost balen\u00ed: 1,00 m x 0,70 m x 0,70 m *<\/li>\n<li>Doba mont\u00e1\u017ee: 10 minut<\/li>\n<li>Materi\u00e1l: 0,55 mm PVC a such\u00fd zip<\/li>\n<li>Zip s krytem na such\u00fd zip, zes\u00edlen\u00e9 rohy, kvalitn\u00ed such\u00fd zip<\/li>\n<\/ul>\n<p>&nbsp;  Rozsah dod\u00e1vky zahrnuje: Sou\u010d\u00e1st\u00ed dod\u00e1vky je r\u00e1m pro nafukovac\u00ed sekeru, 10 seker na such\u00fd zip (5 \u017elut\u00fdch, 5 \u010derven\u00fdch). Ty najdete v kategorii p\u0159\u00edslu\u0161enstv\u00ed. Nafukovac\u00ed vrha\u010d seker je kvalitn\u00ed v\u00fdrobek, kter\u00fd je vyroben podle p\u0159\u00edsn\u00fdch pravidel v souladu s normou EN 14960. V\u0161echny na\u0161e sk\u00e1kac\u00ed hrady a nafukovac\u00ed atrakce jsou profesion\u00e1ln\u00ed moduly, kter\u00e9 jsou vhodn\u00e9 pro profesion\u00e1ln\u00ed pron\u00e1jem a pou\u017eit\u00ed v z\u00e1bavn\u00edch parc\u00edch, na kryt\u00fdch h\u0159i\u0161t\u00edch a podobn\u011b. &nbsp;<strong>D\u016fle\u017eit\u00e9 pozn\u00e1mky k provozu<\/strong> Ventil\u00e1tor (nen\u00ed sou\u010d\u00e1st\u00ed dod\u00e1vky) mus\u00ed b\u011bhem pou\u017e\u00edv\u00e1n\u00ed b\u011b\u017eet nep\u0159etr\u017eit\u011b. M\u00edrn\u00fd \u00fanik vzduchu otvory ve \u0161vech je norm\u00e1ln\u00ed. * Hmotnost a rozm\u011bry jsou p\u0159ibli\u017en\u00e9 a mohou se m\u00edrn\u011b li\u0161it.<\/p>\n","protected":false},"excerpt":{"rendered":"<p><i class=\"fa fa-arrows-alt\"><\/i>  Rozm\u011bry (d x \u0161 x v): 3,00 x 3,00 x 2,60 m * <i class=\"fa fa-plus\"><\/i> V\u010detn\u011b deseti os p\u011bnov\u00fdch such\u00fdch zip\u016f <i class=\"fa fa-check\"><\/i> Profesion\u00e1ln\u00ed modul &#8211; vhodn\u00fd pro komer\u010dn\u00ed i soukrom\u00e9 pou\u017eit\u00ed <i class=\"fa fa-square\"><\/i> PVC (0,55 mm \/ 621,3 g\/m2) a such\u00fd zip <i class=\"fa fa-align-justify\"><\/i> 2 &#8211; 4n\u00e1sobn\u00e9 pro\u0161it\u00ed (v z\u00e1vislosti na zat\u00ed\u017een\u00ed) <i class=\"fa fa-fire\"><\/i> Neho\u0159lav\u00fd <i class=\"fa fa-certificate\"><\/i> Zulassungsbescheinigung gem\u00e4\u00df EN 14960 <i class=\"fas fa-edit\"><\/i> Inkl. individuelle Seriennummer  &nbsp;<\/p>\n","protected":false},"featured_media":58809,"comment_status":"open","ping_status":"closed","template":"","meta":{"_acf_changed":false,"_uag_custom_page_level_css":"","site-sidebar-layout":"default","site-content-layout":"default","ast-site-content-layout":"default","site-content-style":"default","site-sidebar-style":"default","ast-global-header-display":"","ast-banner-title-visibility":"","ast-main-header-display":"","ast-hfb-above-header-display":"","ast-hfb-below-header-display":"","ast-hfb-mobile-header-display":"","site-post-title":"","ast-breadcrumbs-content":"","ast-featured-img":"","footer-sml-layout":"","ast-disable-related-posts":"","theme-transparent-header-meta":"default","adv-header-id-meta":"","stick-header-meta":"default","header-above-stick-meta":"","header-main-stick-meta":"","header-below-stick-meta":"","astra-migrate-meta-layouts":"default","ast-page-background-enabled":"default","ast-page-background-meta":{"desktop":{"background-color":"var(--ast-global-color-4)","background-image":"","background-repeat":"repeat","background-position":"center center","background-size":"auto","background-attachment":"scroll","background-type":"","background-media":"","overlay-type":"","overlay-color":"","overlay-opacity":"","overlay-gradient":""},"tablet":{"background-color":"","background-image":"","background-repeat":"repeat","background-position":"center center","background-size":"auto","background-attachment":"scroll","background-type":"","background-media":"","overlay-type":"","overlay-color":"","overlay-opacity":"","overlay-gradient":""},"mobile":{"background-color":"","background-image":"","background-repeat":"repeat","background-position":"center center","background-size":"auto","background-attachment":"scroll","background-type":"","background-media":"","overlay-type":"","overlay-color":"","overlay-opacity":"","overlay-gradient":""}},"ast-content-background-meta":{"desktop":{"background-color":"var(--ast-global-color-5)","background-image":"","background-repeat":"repeat","background-position":"center center","background-size":"auto","background-attachment":"scroll","background-type":"","background-media":"","overlay-type":"","overlay-color":"","overlay-opacity":"","overlay-gradient":""},"tablet":{"background-color":"var(--ast-global-color-5)","background-image":"","background-repeat":"repeat","background-position":"center center","background-size":"auto","background-attachment":"scroll","background-type":"","background-media":"","overlay-type":"","overlay-color":"","overlay-opacity":"","overlay-gradient":""},"mobile":{"background-color":"var(--ast-global-color-5)","background-image":"","background-repeat":"repeat","background-position":"center center","background-size":"auto","background-attachment":"scroll","background-type":"","background-media":"","overlay-type":"","overlay-color":"","overlay-opacity":"","overlay-gradient":""}}},"product_brand":[],"product_cat":[1278],"product_tag":[],"class_list":{"0":"post-14050","1":"product","2":"type-product","3":"status-publish","4":"has-post-thumbnail","6":"product_cat-atrakce","7":"product_shipping_class-spedition-hupfburg-cs","8":"pa_gtin-0669145336834-cs","9":"desktop-align-center","10":"tablet-align-center","11":"mobile-align-center","12":"ast-product-gallery-layout-horizontal","13":"ast-product-tabs-layout-horizontal","15":"first","16":"onbackorder","17":"taxable","18":"shipping-taxable","19":"purchasable","20":"product-type-simple"},"acf":[],"yoast_head":"<!-- This site is optimized with the Yoast SEO plugin v27.3 - https:\/\/yoast.com\/product\/yoast-seo-wordpress\/ -->\n<title>Koupit nafukovac\u00ed sekeru na h\u00e1zen\u00ed | Dodo-Inflatables.com<\/title>\n<meta name=\"description\" content=\"Kupte si na\u0161e nafukovac\u00ed sekery na h\u00e1zen\u00ed p\u0159\u00edmo online na Dodo-Inflatables.com | Mnoho model\u016f skladem | Rychl\u00e9 dod\u00e1n\u00ed | Nejlep\u0161\u00ed kvalita\" \/>\n<meta name=\"robots\" content=\"index, follow, max-snippet:-1, max-image-preview:large, max-video-preview:-1\" \/>\n<link rel=\"canonical\" href=\"https:\/\/dodo-inflatables.com\/cs\/produkt\/hazeni-nafukovaci-sekerou\/\" \/>\n<meta name=\"twitter:label1\" content=\"Odhadovan\u00e1 doba \u010dten\u00ed\" \/>\n\t<meta name=\"twitter:data1\" content=\"1 minuta\" \/>\n<script type=\"application\/ld+json\" class=\"yoast-schema-graph\">{\"@context\":\"https:\\\/\\\/schema.org\",\"@graph\":[{\"@type\":\"WebPage\",\"@id\":\"https:\\\/\\\/dodo-inflatables.com\\\/cs\\\/produkt\\\/hazeni-nafukovaci-sekerou\\\/\",\"url\":\"https:\\\/\\\/dodo-inflatables.com\\\/cs\\\/produkt\\\/hazeni-nafukovaci-sekerou\\\/\",\"name\":\"Koupit nafukovac\u00ed sekeru na h\u00e1zen\u00ed | Dodo-Inflatables.com\",\"isPartOf\":{\"@id\":\"https:\\\/\\\/dodo-inflatables.com\\\/cs\\\/#website\"},\"primaryImageOfPage\":{\"@id\":\"https:\\\/\\\/dodo-inflatables.com\\\/cs\\\/produkt\\\/hazeni-nafukovaci-sekerou\\\/#primaryimage\"},\"image\":{\"@id\":\"https:\\\/\\\/dodo-inflatables.com\\\/cs\\\/produkt\\\/hazeni-nafukovaci-sekerou\\\/#primaryimage\"},\"thumbnailUrl\":\"https:\\\/\\\/dodo-inflatables.com\\\/wp-content\\\/uploads\\\/2019\\\/08\\\/Aufblasbares-Axt-werfen-kaufen-7.png\",\"datePublished\":\"2019-08-23T10:07:40+00:00\",\"dateModified\":\"2024-08-06T05:47:04+00:00\",\"description\":\"Kupte si na\u0161e nafukovac\u00ed sekery na h\u00e1zen\u00ed p\u0159\u00edmo online na Dodo-Inflatables.com | Mnoho model\u016f skladem | Rychl\u00e9 dod\u00e1n\u00ed | Nejlep\u0161\u00ed kvalita\",\"breadcrumb\":{\"@id\":\"https:\\\/\\\/dodo-inflatables.com\\\/cs\\\/produkt\\\/hazeni-nafukovaci-sekerou\\\/#breadcrumb\"},\"inLanguage\":\"cs\",\"potentialAction\":[{\"@type\":\"ReadAction\",\"target\":[\"https:\\\/\\\/dodo-inflatables.com\\\/cs\\\/produkt\\\/hazeni-nafukovaci-sekerou\\\/\"]}]},{\"@type\":\"ImageObject\",\"inLanguage\":\"cs\",\"@id\":\"https:\\\/\\\/dodo-inflatables.com\\\/cs\\\/produkt\\\/hazeni-nafukovaci-sekerou\\\/#primaryimage\",\"url\":\"https:\\\/\\\/dodo-inflatables.com\\\/wp-content\\\/uploads\\\/2019\\\/08\\\/Aufblasbares-Axt-werfen-kaufen-7.png\",\"contentUrl\":\"https:\\\/\\\/dodo-inflatables.com\\\/wp-content\\\/uploads\\\/2019\\\/08\\\/Aufblasbares-Axt-werfen-kaufen-7.png\",\"width\":500,\"height\":500},{\"@type\":\"BreadcrumbList\",\"@id\":\"https:\\\/\\\/dodo-inflatables.com\\\/cs\\\/produkt\\\/hazeni-nafukovaci-sekerou\\\/#breadcrumb\",\"itemListElement\":[{\"@type\":\"ListItem\",\"position\":1,\"name\":\"Dom\u016f\",\"item\":\"https:\\\/\\\/dodo-inflatables.com\\\/cs\\\/\"},{\"@type\":\"ListItem\",\"position\":2,\"name\":\"Obchod\",\"item\":\"https:\\\/\\\/dodo-inflatables.com\\\/cs\\\/obchod\\\/\"},{\"@type\":\"ListItem\",\"position\":3,\"name\":\"H\u00e1zen\u00ed nafukovac\u00ed sekerou\"}]},{\"@type\":\"WebSite\",\"@id\":\"https:\\\/\\\/dodo-inflatables.com\\\/cs\\\/#website\",\"url\":\"https:\\\/\\\/dodo-inflatables.com\\\/cs\\\/\",\"name\":\"dodo-inflatables.com\",\"description\":\"Nakupujte sk\u00e1kac\u00ed hrady a atrakce v na\u0161em obchod\u011b.\",\"publisher\":{\"@id\":\"https:\\\/\\\/dodo-inflatables.com\\\/cs\\\/#organization\"},\"potentialAction\":[{\"@type\":\"SearchAction\",\"target\":{\"@type\":\"EntryPoint\",\"urlTemplate\":\"https:\\\/\\\/dodo-inflatables.com\\\/cs\\\/?s={search_term_string}\"},\"query-input\":{\"@type\":\"PropertyValueSpecification\",\"valueRequired\":true,\"valueName\":\"search_term_string\"}}],\"inLanguage\":\"cs\"},{\"@type\":\"Organization\",\"@id\":\"https:\\\/\\\/dodo-inflatables.com\\\/cs\\\/#organization\",\"name\":\"dodo-inflatables.com\",\"url\":\"https:\\\/\\\/dodo-inflatables.com\\\/cs\\\/\",\"logo\":{\"@type\":\"ImageObject\",\"inLanguage\":\"cs\",\"@id\":\"https:\\\/\\\/dodo-inflatables.com\\\/cs\\\/#\\\/schema\\\/logo\\\/image\\\/\",\"url\":\"https:\\\/\\\/dodo-inflatables.com\\\/wp-content\\\/uploads\\\/2023\\\/04\\\/cropped-cropped-cropped-Dodo-Logo.png\",\"contentUrl\":\"https:\\\/\\\/dodo-inflatables.com\\\/wp-content\\\/uploads\\\/2023\\\/04\\\/cropped-cropped-cropped-Dodo-Logo.png\",\"width\":2996,\"height\":1545,\"caption\":\"dodo-inflatables.com\"},\"image\":{\"@id\":\"https:\\\/\\\/dodo-inflatables.com\\\/cs\\\/#\\\/schema\\\/logo\\\/image\\\/\"}}]}<\/script>\n<!-- \/ Yoast SEO plugin. -->","yoast_head_json":{"title":"Koupit nafukovac\u00ed sekeru na h\u00e1zen\u00ed | Dodo-Inflatables.com","description":"Kupte si na\u0161e nafukovac\u00ed sekery na h\u00e1zen\u00ed p\u0159\u00edmo online na Dodo-Inflatables.com | Mnoho model\u016f skladem | Rychl\u00e9 dod\u00e1n\u00ed | Nejlep\u0161\u00ed kvalita","robots":{"index":"index","follow":"follow","max-snippet":"max-snippet:-1","max-image-preview":"max-image-preview:large","max-video-preview":"max-video-preview:-1"},"canonical":"https:\/\/dodo-inflatables.com\/cs\/produkt\/hazeni-nafukovaci-sekerou\/","twitter_misc":{"Odhadovan\u00e1 doba \u010dten\u00ed":"1 minuta"},"schema":{"@context":"https:\/\/schema.org","@graph":[{"@type":"WebPage","@id":"https:\/\/dodo-inflatables.com\/cs\/produkt\/hazeni-nafukovaci-sekerou\/","url":"https:\/\/dodo-inflatables.com\/cs\/produkt\/hazeni-nafukovaci-sekerou\/","name":"Koupit nafukovac\u00ed sekeru na h\u00e1zen\u00ed | Dodo-Inflatables.com","isPartOf":{"@id":"https:\/\/dodo-inflatables.com\/cs\/#website"},"primaryImageOfPage":{"@id":"https:\/\/dodo-inflatables.com\/cs\/produkt\/hazeni-nafukovaci-sekerou\/#primaryimage"},"image":{"@id":"https:\/\/dodo-inflatables.com\/cs\/produkt\/hazeni-nafukovaci-sekerou\/#primaryimage"},"thumbnailUrl":"https:\/\/dodo-inflatables.com\/wp-content\/uploads\/2019\/08\/Aufblasbares-Axt-werfen-kaufen-7.png","datePublished":"2019-08-23T10:07:40+00:00","dateModified":"2024-08-06T05:47:04+00:00","description":"Kupte si na\u0161e nafukovac\u00ed sekery na h\u00e1zen\u00ed p\u0159\u00edmo online na Dodo-Inflatables.com | Mnoho model\u016f skladem | Rychl\u00e9 dod\u00e1n\u00ed | Nejlep\u0161\u00ed kvalita","breadcrumb":{"@id":"https:\/\/dodo-inflatables.com\/cs\/produkt\/hazeni-nafukovaci-sekerou\/#breadcrumb"},"inLanguage":"cs","potentialAction":[{"@type":"ReadAction","target":["https:\/\/dodo-inflatables.com\/cs\/produkt\/hazeni-nafukovaci-sekerou\/"]}]},{"@type":"ImageObject","inLanguage":"cs","@id":"https:\/\/dodo-inflatables.com\/cs\/produkt\/hazeni-nafukovaci-sekerou\/#primaryimage","url":"https:\/\/dodo-inflatables.com\/wp-content\/uploads\/2019\/08\/Aufblasbares-Axt-werfen-kaufen-7.png","contentUrl":"https:\/\/dodo-inflatables.com\/wp-content\/uploads\/2019\/08\/Aufblasbares-Axt-werfen-kaufen-7.png","width":500,"height":500},{"@type":"BreadcrumbList","@id":"https:\/\/dodo-inflatables.com\/cs\/produkt\/hazeni-nafukovaci-sekerou\/#breadcrumb","itemListElement":[{"@type":"ListItem","position":1,"name":"Dom\u016f","item":"https:\/\/dodo-inflatables.com\/cs\/"},{"@type":"ListItem","position":2,"name":"Obchod","item":"https:\/\/dodo-inflatables.com\/cs\/obchod\/"},{"@type":"ListItem","position":3,"name":"H\u00e1zen\u00ed nafukovac\u00ed sekerou"}]},{"@type":"WebSite","@id":"https:\/\/dodo-inflatables.com\/cs\/#website","url":"https:\/\/dodo-inflatables.com\/cs\/","name":"dodo-inflatables.com","description":"Nakupujte sk\u00e1kac\u00ed hrady a atrakce v na\u0161em obchod\u011b.","publisher":{"@id":"https:\/\/dodo-inflatables.com\/cs\/#organization"},"potentialAction":[{"@type":"SearchAction","target":{"@type":"EntryPoint","urlTemplate":"https:\/\/dodo-inflatables.com\/cs\/?s={search_term_string}"},"query-input":{"@type":"PropertyValueSpecification","valueRequired":true,"valueName":"search_term_string"}}],"inLanguage":"cs"},{"@type":"Organization","@id":"https:\/\/dodo-inflatables.com\/cs\/#organization","name":"dodo-inflatables.com","url":"https:\/\/dodo-inflatables.com\/cs\/","logo":{"@type":"ImageObject","inLanguage":"cs","@id":"https:\/\/dodo-inflatables.com\/cs\/#\/schema\/logo\/image\/","url":"https:\/\/dodo-inflatables.com\/wp-content\/uploads\/2023\/04\/cropped-cropped-cropped-Dodo-Logo.png","contentUrl":"https:\/\/dodo-inflatables.com\/wp-content\/uploads\/2023\/04\/cropped-cropped-cropped-Dodo-Logo.png","width":2996,"height":1545,"caption":"dodo-inflatables.com"},"image":{"@id":"https:\/\/dodo-inflatables.com\/cs\/#\/schema\/logo\/image\/"}}]}},"uagb_featured_image_src":{"full":["https:\/\/dodo-inflatables.com\/wp-content\/uploads\/2019\/08\/Aufblasbares-Axt-werfen-kaufen-7.png",500,500,false],"thumbnail":["https:\/\/dodo-inflatables.com\/wp-content\/uploads\/2019\/08\/Aufblasbares-Axt-werfen-kaufen-7-150x150.png",150,150,true],"medium":["https:\/\/dodo-inflatables.com\/wp-content\/uploads\/2019\/08\/Aufblasbares-Axt-werfen-kaufen-7-300x300.png",300,300,true],"medium_large":["https:\/\/dodo-inflatables.com\/wp-content\/uploads\/2019\/08\/Aufblasbares-Axt-werfen-kaufen-7.png",500,500,false],"large":["https:\/\/dodo-inflatables.com\/wp-content\/uploads\/2019\/08\/Aufblasbares-Axt-werfen-kaufen-7.png",500,500,false],"1536x1536":["https:\/\/dodo-inflatables.com\/wp-content\/uploads\/2019\/08\/Aufblasbares-Axt-werfen-kaufen-7.png",500,500,false],"2048x2048":["https:\/\/dodo-inflatables.com\/wp-content\/uploads\/2019\/08\/Aufblasbares-Axt-werfen-kaufen-7.png",500,500,false],"woocommerce_thumbnail":["https:\/\/dodo-inflatables.com\/wp-content\/uploads\/2019\/08\/Aufblasbares-Axt-werfen-kaufen-7.png",500,500,false],"woocommerce_single":["https:\/\/dodo-inflatables.com\/wp-content\/uploads\/2019\/08\/Aufblasbares-Axt-werfen-kaufen-7.png",500,500,false],"woocommerce_gallery_thumbnail":["https:\/\/dodo-inflatables.com\/wp-content\/uploads\/2019\/08\/Aufblasbares-Axt-werfen-kaufen-7-100x100.png",100,100,true]},"uagb_author_info":{"display_name":"Andreas","author_link":"https:\/\/dodo-inflatables.com\/cs\/author\/"},"uagb_comment_info":0,"uagb_excerpt":"Rozm\u011bry (d x \u0161 x v): 3,00 x 3,00 x 2,60 m * V\u010detn\u011b deseti os p\u011bnov\u00fdch such\u00fdch zip\u016f Profesion\u00e1ln\u00ed modul - vhodn\u00fd pro komer\u010dn\u00ed i soukrom\u00e9 pou\u017eit\u00ed PVC (0,55 mm \/ 621,3 g\/m2) a such\u00fd zip 2 - 4n\u00e1sobn\u00e9 pro\u0161it\u00ed (v z\u00e1vislosti na zat\u00ed\u017een\u00ed) Neho\u0159lav\u00fd Zulassungsbescheinigung gem\u00e4\u00df EN 14960 Inkl. individuelle Seriennummer &nbsp;","_links":{"self":[{"href":"https:\/\/dodo-inflatables.com\/cs\/wp-json\/wp\/v2\/product\/14050","targetHints":{"allow":["GET"]}}],"collection":[{"href":"https:\/\/dodo-inflatables.com\/cs\/wp-json\/wp\/v2\/product"}],"about":[{"href":"https:\/\/dodo-inflatables.com\/cs\/wp-json\/wp\/v2\/types\/product"}],"replies":[{"embeddable":true,"href":"https:\/\/dodo-inflatables.com\/cs\/wp-json\/wp\/v2\/comments?post=14050"}],"wp:featuredmedia":[{"embeddable":true,"href":"https:\/\/dodo-inflatables.com\/cs\/wp-json\/wp\/v2\/media\/58809"}],"wp:attachment":[{"href":"https:\/\/dodo-inflatables.com\/cs\/wp-json\/wp\/v2\/media?parent=14050"}],"wp:term":[{"taxonomy":"product_brand","embeddable":true,"href":"https:\/\/dodo-inflatables.com\/cs\/wp-json\/wp\/v2\/product_brand?post=14050"},{"taxonomy":"product_cat","embeddable":true,"href":"https:\/\/dodo-inflatables.com\/cs\/wp-json\/wp\/v2\/product_cat?post=14050"},{"taxonomy":"product_tag","embeddable":true,"href":"https:\/\/dodo-inflatables.com\/cs\/wp-json\/wp\/v2\/product_tag?post=14050"}],"curies":[{"name":"wp","href":"https:\/\/api.w.org\/{rel}","templated":true}]}}