{"id":14148,"date":"2019-03-28T14:34:40","date_gmt":"2019-03-28T13:34:40","guid":{"rendered":"https:\/\/dodo-inflatables.com\/product\/cistic-skakacich-hradu\/"},"modified":"2025-05-19T15:32:33","modified_gmt":"2025-05-19T13:32:33","slug":"cistic-skakacich-hradu","status":"publish","type":"product","link":"https:\/\/dodo-inflatables.com\/cs\/produkt\/cistic-skakacich-hradu\/","title":{"rendered":"\u010cisti\u010d sk\u00e1kac\u00edch hrad\u016f"},"content":{"rendered":"<p><strong>\u010cisti\u010d sk\u00e1kac\u00edch hrad\u016f &#8211; pro z\u00e1\u0159ivou \u010distotu a dlouhotrvaj\u00edc\u00ed z\u00e1bavu!<\/strong><\/p>\n<p>N\u00e1\u0161 \u010distic\u00ed roztok na sk\u00e1kac\u00ed hrady byl speci\u00e1ln\u011b vyvinut tak, aby udr\u017eoval va\u0161e sk\u00e1kac\u00ed hrady a nafukovac\u00ed hern\u00ed vybaven\u00ed v co nejlep\u0161\u00edm stavu. D\u00edky sv\u00e9mu \u00fa\u010dinn\u00e9mu slo\u017een\u00ed bez n\u00e1mahy odstra\u0148uje ne\u010distoty, skvrny a usazeniny, kter\u00e9 se mohou \u010dasem nahromadit.<\/p>\n<p>Vlastnosti:<\/p>\n<p><strong>\u00da\u010dinn\u00e9 \u010di\u0161t\u011bn\u00ed:<\/strong> Odstra\u0148uje ne\u010distoty a skvrny a zanech\u00e1v\u00e1 sk\u00e1kac\u00ed hrad sv\u011b\u017e\u00ed a \u010dist\u00fd.<br \/>\n\u0160etrn\u011b k materi\u00e1l\u016fm: \u0160etrn\u00e9 slo\u017een\u00ed chr\u00e1n\u00ed materi\u00e1l sk\u00e1kac\u00edho hradu, ani\u017e by ho po\u0161kodilo.<br \/>\n<strong>Rychl\u00e9 schnut\u00ed:<\/strong> Sk\u00e1kac\u00ed hrad se tak m\u016f\u017ee ihned vr\u00e1tit do provozu: nezanech\u00e1v\u00e1 zbytky a rychle schne.<br \/>\n<strong>Dlouhotrvaj\u00edc\u00ed sv\u011b\u017eest<\/strong>: Dod\u00e1v\u00e1 va\u0161emu sk\u00e1kac\u00edmu hradu p\u0159\u00edjemnou v\u016fni a chr\u00e1n\u00ed p\u0159ed nep\u0159\u00edjemn\u00fdmi pachy.<\/p>\n<p>N\u00e1\u0161 \u010distic\u00ed sprej se snadno aplikuje a zanech\u00e1 v\u00e1\u0161 sk\u00e1kac\u00ed hrad z\u00e1\u0159iv\u011b \u010dist\u00fd. Zachovejte si radost ze sk\u00e1k\u00e1n\u00ed &#8211; s na\u0161\u00edm \u0159e\u0161en\u00edm na \u010di\u0161t\u011bn\u00ed sk\u00e1kac\u00edch hrad\u016f!<\/p>\n","protected":false},"excerpt":{"rendered":"<ul>\n<li>Speci\u00e1ln\u00ed \u010disti\u010d sk\u00e1kac\u00edch hrad\u016f<\/li>\n<li>1 litrov\u00e1 l\u00e1hev<\/li>\n<\/ul>\n","protected":false},"featured_media":55318,"comment_status":"open","ping_status":"closed","template":"","meta":{"_acf_changed":false,"_uag_custom_page_level_css":"","site-sidebar-layout":"default","site-content-layout":"boxed-container","ast-site-content-layout":"normal-width-container","site-content-style":"boxed","site-sidebar-style":"boxed","ast-global-header-display":"","ast-banner-title-visibility":"","ast-main-header-display":"","ast-hfb-above-header-display":"","ast-hfb-below-header-display":"","ast-hfb-mobile-header-display":"","site-post-title":"disabled","ast-breadcrumbs-content":"","ast-featured-img":"","footer-sml-layout":"","ast-disable-related-posts":"","theme-transparent-header-meta":"default","adv-header-id-meta":"","stick-header-meta":"default","header-above-stick-meta":"","header-main-stick-meta":"","header-below-stick-meta":"","astra-migrate-meta-layouts":"default","ast-page-background-enabled":"default","ast-page-background-meta":{"desktop":{"background-color":"var(--ast-global-color-4)","background-image":"","background-repeat":"repeat","background-position":"center center","background-size":"auto","background-attachment":"scroll","background-type":"","background-media":"","overlay-type":"","overlay-color":"","overlay-opacity":"","overlay-gradient":""},"tablet":{"background-color":"","background-image":"","background-repeat":"repeat","background-position":"center center","background-size":"auto","background-attachment":"scroll","background-type":"","background-media":"","overlay-type":"","overlay-color":"","overlay-opacity":"","overlay-gradient":""},"mobile":{"background-color":"","background-image":"","background-repeat":"repeat","background-position":"center center","background-size":"auto","background-attachment":"scroll","background-type":"","background-media":"","overlay-type":"","overlay-color":"","overlay-opacity":"","overlay-gradient":""}},"ast-content-background-meta":{"desktop":{"background-color":"var(--ast-global-color-5)","background-image":"","background-repeat":"repeat","background-position":"center center","background-size":"auto","background-attachment":"scroll","background-type":"","background-media":"","overlay-type":"","overlay-color":"","overlay-opacity":"","overlay-gradient":""},"tablet":{"background-color":"var(--ast-global-color-5)","background-image":"","background-repeat":"repeat","background-position":"center center","background-size":"auto","background-attachment":"scroll","background-type":"","background-media":"","overlay-type":"","overlay-color":"","overlay-opacity":"","overlay-gradient":""},"mobile":{"background-color":"var(--ast-global-color-5)","background-image":"","background-repeat":"repeat","background-position":"center center","background-size":"auto","background-attachment":"scroll","background-type":"","background-media":"","overlay-type":"","overlay-color":"","overlay-opacity":"","overlay-gradient":""}}},"product_brand":[],"product_cat":[1135],"product_tag":[],"class_list":{"0":"post-14148","1":"product","2":"type-product","3":"status-publish","4":"has-post-thumbnail","6":"product_cat-prislusenstvi","7":"product_shipping_class-zubehor-cs","8":"desktop-align-center","9":"tablet-align-center","10":"mobile-align-center","11":"ast-product-gallery-layout-horizontal","12":"ast-product-gallery-with-no-image","13":"ast-product-tabs-layout-horizontal","15":"first","16":"instock","17":"taxable","18":"shipping-taxable","19":"purchasable","20":"product-type-simple"},"acf":[],"yoast_head":"<!-- This site is optimized with the Yoast SEO plugin v27.3 - https:\/\/yoast.com\/product\/yoast-seo-wordpress\/ -->\n<title>\u010cisti\u010d sk\u00e1kac\u00edch hrad\u016f - pro z\u00e1\u0159ivou \u010distotu a dlouhotrvaj\u00edc\u00ed z\u00e1bavu!<\/title>\n<meta name=\"description\" content=\"Kupte si \u010disti\u010d PVC pro \u010di\u0161t\u011bn\u00ed nafukovac\u00edch \u010dlun\u016f na Dodo-Inflatables.com | Velk\u00fd v\u00fdb\u011br skladem | Certifikov\u00e1no podle EN14960 | Rychl\u00e9 dod\u00e1n\u00ed!\" \/>\n<meta name=\"robots\" content=\"index, follow, max-snippet:-1, max-image-preview:large, max-video-preview:-1\" \/>\n<link rel=\"canonical\" href=\"https:\/\/dodo-inflatables.com\/cs\/produkt\/cistic-skakacich-hradu\/\" \/>\n<meta name=\"twitter:label1\" content=\"Odhadovan\u00e1 doba \u010dten\u00ed\" \/>\n\t<meta name=\"twitter:data1\" content=\"1 minuta\" \/>\n<script type=\"application\/ld+json\" class=\"yoast-schema-graph\">{\"@context\":\"https:\\\/\\\/schema.org\",\"@graph\":[{\"@type\":\"WebPage\",\"@id\":\"https:\\\/\\\/dodo-inflatables.com\\\/cs\\\/produkt\\\/cistic-skakacich-hradu\\\/\",\"url\":\"https:\\\/\\\/dodo-inflatables.com\\\/cs\\\/produkt\\\/cistic-skakacich-hradu\\\/\",\"name\":\"\u010cisti\u010d sk\u00e1kac\u00edch hrad\u016f - pro z\u00e1\u0159ivou \u010distotu a dlouhotrvaj\u00edc\u00ed z\u00e1bavu!\",\"isPartOf\":{\"@id\":\"https:\\\/\\\/dodo-inflatables.com\\\/cs\\\/#website\"},\"primaryImageOfPage\":{\"@id\":\"https:\\\/\\\/dodo-inflatables.com\\\/cs\\\/produkt\\\/cistic-skakacich-hradu\\\/#primaryimage\"},\"image\":{\"@id\":\"https:\\\/\\\/dodo-inflatables.com\\\/cs\\\/produkt\\\/cistic-skakacich-hradu\\\/#primaryimage\"},\"thumbnailUrl\":\"https:\\\/\\\/dodo-inflatables.com\\\/wp-content\\\/uploads\\\/2019\\\/03\\\/Bouncy-Castle-Cleaner.jpg\",\"datePublished\":\"2019-03-28T13:34:40+00:00\",\"dateModified\":\"2025-05-19T13:32:33+00:00\",\"description\":\"Kupte si \u010disti\u010d PVC pro \u010di\u0161t\u011bn\u00ed nafukovac\u00edch \u010dlun\u016f na Dodo-Inflatables.com | Velk\u00fd v\u00fdb\u011br skladem | Certifikov\u00e1no podle EN14960 | Rychl\u00e9 dod\u00e1n\u00ed!\",\"breadcrumb\":{\"@id\":\"https:\\\/\\\/dodo-inflatables.com\\\/cs\\\/produkt\\\/cistic-skakacich-hradu\\\/#breadcrumb\"},\"inLanguage\":\"cs\",\"potentialAction\":[{\"@type\":\"ReadAction\",\"target\":[\"https:\\\/\\\/dodo-inflatables.com\\\/cs\\\/produkt\\\/cistic-skakacich-hradu\\\/\"]}]},{\"@type\":\"ImageObject\",\"inLanguage\":\"cs\",\"@id\":\"https:\\\/\\\/dodo-inflatables.com\\\/cs\\\/produkt\\\/cistic-skakacich-hradu\\\/#primaryimage\",\"url\":\"https:\\\/\\\/dodo-inflatables.com\\\/wp-content\\\/uploads\\\/2019\\\/03\\\/Bouncy-Castle-Cleaner.jpg\",\"contentUrl\":\"https:\\\/\\\/dodo-inflatables.com\\\/wp-content\\\/uploads\\\/2019\\\/03\\\/Bouncy-Castle-Cleaner.jpg\",\"width\":500,\"height\":500},{\"@type\":\"BreadcrumbList\",\"@id\":\"https:\\\/\\\/dodo-inflatables.com\\\/cs\\\/produkt\\\/cistic-skakacich-hradu\\\/#breadcrumb\",\"itemListElement\":[{\"@type\":\"ListItem\",\"position\":1,\"name\":\"Dom\u016f\",\"item\":\"https:\\\/\\\/dodo-inflatables.com\\\/cs\\\/\"},{\"@type\":\"ListItem\",\"position\":2,\"name\":\"Obchod\",\"item\":\"https:\\\/\\\/dodo-inflatables.com\\\/cs\\\/obchod\\\/\"},{\"@type\":\"ListItem\",\"position\":3,\"name\":\"\u010cisti\u010d sk\u00e1kac\u00edch hrad\u016f\"}]},{\"@type\":\"WebSite\",\"@id\":\"https:\\\/\\\/dodo-inflatables.com\\\/cs\\\/#website\",\"url\":\"https:\\\/\\\/dodo-inflatables.com\\\/cs\\\/\",\"name\":\"dodo-inflatables.com\",\"description\":\"Nakupujte sk\u00e1kac\u00ed hrady a atrakce v na\u0161em obchod\u011b.\",\"publisher\":{\"@id\":\"https:\\\/\\\/dodo-inflatables.com\\\/cs\\\/#organization\"},\"potentialAction\":[{\"@type\":\"SearchAction\",\"target\":{\"@type\":\"EntryPoint\",\"urlTemplate\":\"https:\\\/\\\/dodo-inflatables.com\\\/cs\\\/?s={search_term_string}\"},\"query-input\":{\"@type\":\"PropertyValueSpecification\",\"valueRequired\":true,\"valueName\":\"search_term_string\"}}],\"inLanguage\":\"cs\"},{\"@type\":\"Organization\",\"@id\":\"https:\\\/\\\/dodo-inflatables.com\\\/cs\\\/#organization\",\"name\":\"dodo-inflatables.com\",\"url\":\"https:\\\/\\\/dodo-inflatables.com\\\/cs\\\/\",\"logo\":{\"@type\":\"ImageObject\",\"inLanguage\":\"cs\",\"@id\":\"https:\\\/\\\/dodo-inflatables.com\\\/cs\\\/#\\\/schema\\\/logo\\\/image\\\/\",\"url\":\"https:\\\/\\\/dodo-inflatables.com\\\/wp-content\\\/uploads\\\/2023\\\/04\\\/cropped-cropped-cropped-Dodo-Logo.png\",\"contentUrl\":\"https:\\\/\\\/dodo-inflatables.com\\\/wp-content\\\/uploads\\\/2023\\\/04\\\/cropped-cropped-cropped-Dodo-Logo.png\",\"width\":2996,\"height\":1545,\"caption\":\"dodo-inflatables.com\"},\"image\":{\"@id\":\"https:\\\/\\\/dodo-inflatables.com\\\/cs\\\/#\\\/schema\\\/logo\\\/image\\\/\"}}]}<\/script>\n<!-- \/ Yoast SEO plugin. -->","yoast_head_json":{"title":"\u010cisti\u010d sk\u00e1kac\u00edch hrad\u016f - pro z\u00e1\u0159ivou \u010distotu a dlouhotrvaj\u00edc\u00ed z\u00e1bavu!","description":"Kupte si \u010disti\u010d PVC pro \u010di\u0161t\u011bn\u00ed nafukovac\u00edch \u010dlun\u016f na Dodo-Inflatables.com | Velk\u00fd v\u00fdb\u011br skladem | Certifikov\u00e1no podle EN14960 | Rychl\u00e9 dod\u00e1n\u00ed!","robots":{"index":"index","follow":"follow","max-snippet":"max-snippet:-1","max-image-preview":"max-image-preview:large","max-video-preview":"max-video-preview:-1"},"canonical":"https:\/\/dodo-inflatables.com\/cs\/produkt\/cistic-skakacich-hradu\/","twitter_misc":{"Odhadovan\u00e1 doba \u010dten\u00ed":"1 minuta"},"schema":{"@context":"https:\/\/schema.org","@graph":[{"@type":"WebPage","@id":"https:\/\/dodo-inflatables.com\/cs\/produkt\/cistic-skakacich-hradu\/","url":"https:\/\/dodo-inflatables.com\/cs\/produkt\/cistic-skakacich-hradu\/","name":"\u010cisti\u010d sk\u00e1kac\u00edch hrad\u016f - pro z\u00e1\u0159ivou \u010distotu a dlouhotrvaj\u00edc\u00ed z\u00e1bavu!","isPartOf":{"@id":"https:\/\/dodo-inflatables.com\/cs\/#website"},"primaryImageOfPage":{"@id":"https:\/\/dodo-inflatables.com\/cs\/produkt\/cistic-skakacich-hradu\/#primaryimage"},"image":{"@id":"https:\/\/dodo-inflatables.com\/cs\/produkt\/cistic-skakacich-hradu\/#primaryimage"},"thumbnailUrl":"https:\/\/dodo-inflatables.com\/wp-content\/uploads\/2019\/03\/Bouncy-Castle-Cleaner.jpg","datePublished":"2019-03-28T13:34:40+00:00","dateModified":"2025-05-19T13:32:33+00:00","description":"Kupte si \u010disti\u010d PVC pro \u010di\u0161t\u011bn\u00ed nafukovac\u00edch \u010dlun\u016f na Dodo-Inflatables.com | Velk\u00fd v\u00fdb\u011br skladem | Certifikov\u00e1no podle EN14960 | Rychl\u00e9 dod\u00e1n\u00ed!","breadcrumb":{"@id":"https:\/\/dodo-inflatables.com\/cs\/produkt\/cistic-skakacich-hradu\/#breadcrumb"},"inLanguage":"cs","potentialAction":[{"@type":"ReadAction","target":["https:\/\/dodo-inflatables.com\/cs\/produkt\/cistic-skakacich-hradu\/"]}]},{"@type":"ImageObject","inLanguage":"cs","@id":"https:\/\/dodo-inflatables.com\/cs\/produkt\/cistic-skakacich-hradu\/#primaryimage","url":"https:\/\/dodo-inflatables.com\/wp-content\/uploads\/2019\/03\/Bouncy-Castle-Cleaner.jpg","contentUrl":"https:\/\/dodo-inflatables.com\/wp-content\/uploads\/2019\/03\/Bouncy-Castle-Cleaner.jpg","width":500,"height":500},{"@type":"BreadcrumbList","@id":"https:\/\/dodo-inflatables.com\/cs\/produkt\/cistic-skakacich-hradu\/#breadcrumb","itemListElement":[{"@type":"ListItem","position":1,"name":"Dom\u016f","item":"https:\/\/dodo-inflatables.com\/cs\/"},{"@type":"ListItem","position":2,"name":"Obchod","item":"https:\/\/dodo-inflatables.com\/cs\/obchod\/"},{"@type":"ListItem","position":3,"name":"\u010cisti\u010d sk\u00e1kac\u00edch hrad\u016f"}]},{"@type":"WebSite","@id":"https:\/\/dodo-inflatables.com\/cs\/#website","url":"https:\/\/dodo-inflatables.com\/cs\/","name":"dodo-inflatables.com","description":"Nakupujte sk\u00e1kac\u00ed hrady a atrakce v na\u0161em obchod\u011b.","publisher":{"@id":"https:\/\/dodo-inflatables.com\/cs\/#organization"},"potentialAction":[{"@type":"SearchAction","target":{"@type":"EntryPoint","urlTemplate":"https:\/\/dodo-inflatables.com\/cs\/?s={search_term_string}"},"query-input":{"@type":"PropertyValueSpecification","valueRequired":true,"valueName":"search_term_string"}}],"inLanguage":"cs"},{"@type":"Organization","@id":"https:\/\/dodo-inflatables.com\/cs\/#organization","name":"dodo-inflatables.com","url":"https:\/\/dodo-inflatables.com\/cs\/","logo":{"@type":"ImageObject","inLanguage":"cs","@id":"https:\/\/dodo-inflatables.com\/cs\/#\/schema\/logo\/image\/","url":"https:\/\/dodo-inflatables.com\/wp-content\/uploads\/2023\/04\/cropped-cropped-cropped-Dodo-Logo.png","contentUrl":"https:\/\/dodo-inflatables.com\/wp-content\/uploads\/2023\/04\/cropped-cropped-cropped-Dodo-Logo.png","width":2996,"height":1545,"caption":"dodo-inflatables.com"},"image":{"@id":"https:\/\/dodo-inflatables.com\/cs\/#\/schema\/logo\/image\/"}}]}},"uagb_featured_image_src":{"full":["https:\/\/dodo-inflatables.com\/wp-content\/uploads\/2019\/03\/Bouncy-Castle-Cleaner.jpg",500,500,false],"thumbnail":["https:\/\/dodo-inflatables.com\/wp-content\/uploads\/2019\/03\/Bouncy-Castle-Cleaner-150x150.jpg",150,150,true],"medium":["https:\/\/dodo-inflatables.com\/wp-content\/uploads\/2019\/03\/Bouncy-Castle-Cleaner-300x300.jpg",300,300,true],"medium_large":["https:\/\/dodo-inflatables.com\/wp-content\/uploads\/2019\/03\/Bouncy-Castle-Cleaner.jpg",500,500,false],"large":["https:\/\/dodo-inflatables.com\/wp-content\/uploads\/2019\/03\/Bouncy-Castle-Cleaner.jpg",500,500,false],"1536x1536":["https:\/\/dodo-inflatables.com\/wp-content\/uploads\/2019\/03\/Bouncy-Castle-Cleaner.jpg",500,500,false],"2048x2048":["https:\/\/dodo-inflatables.com\/wp-content\/uploads\/2019\/03\/Bouncy-Castle-Cleaner.jpg",500,500,false],"woocommerce_thumbnail":["https:\/\/dodo-inflatables.com\/wp-content\/uploads\/2019\/03\/Bouncy-Castle-Cleaner.jpg",500,500,false],"woocommerce_single":["https:\/\/dodo-inflatables.com\/wp-content\/uploads\/2019\/03\/Bouncy-Castle-Cleaner.jpg",500,500,false],"woocommerce_gallery_thumbnail":["https:\/\/dodo-inflatables.com\/wp-content\/uploads\/2019\/03\/Bouncy-Castle-Cleaner-100x100.jpg",100,100,true]},"uagb_author_info":{"display_name":"Andreas","author_link":"https:\/\/dodo-inflatables.com\/cs\/author\/"},"uagb_comment_info":0,"uagb_excerpt":"Speci\u00e1ln\u00ed \u010disti\u010d sk\u00e1kac\u00edch hrad\u016f 1 litrov\u00e1 l\u00e1hev","_links":{"self":[{"href":"https:\/\/dodo-inflatables.com\/cs\/wp-json\/wp\/v2\/product\/14148","targetHints":{"allow":["GET"]}}],"collection":[{"href":"https:\/\/dodo-inflatables.com\/cs\/wp-json\/wp\/v2\/product"}],"about":[{"href":"https:\/\/dodo-inflatables.com\/cs\/wp-json\/wp\/v2\/types\/product"}],"replies":[{"embeddable":true,"href":"https:\/\/dodo-inflatables.com\/cs\/wp-json\/wp\/v2\/comments?post=14148"}],"wp:featuredmedia":[{"embeddable":true,"href":"https:\/\/dodo-inflatables.com\/cs\/wp-json\/wp\/v2\/media\/55318"}],"wp:attachment":[{"href":"https:\/\/dodo-inflatables.com\/cs\/wp-json\/wp\/v2\/media?parent=14148"}],"wp:term":[{"taxonomy":"product_brand","embeddable":true,"href":"https:\/\/dodo-inflatables.com\/cs\/wp-json\/wp\/v2\/product_brand?post=14148"},{"taxonomy":"product_cat","embeddable":true,"href":"https:\/\/dodo-inflatables.com\/cs\/wp-json\/wp\/v2\/product_cat?post=14148"},{"taxonomy":"product_tag","embeddable":true,"href":"https:\/\/dodo-inflatables.com\/cs\/wp-json\/wp\/v2\/product_tag?post=14148"}],"curies":[{"name":"wp","href":"https:\/\/api.w.org\/{rel}","templated":true}]}}