{"id":15937,"date":"2024-06-10T15:48:06","date_gmt":"2024-06-10T13:48:06","guid":{"rendered":"https:\/\/dodo-inflatables.com\/?post_type=product&#038;p=15937"},"modified":"2026-04-23T20:10:19","modified_gmt":"2026-04-23T18:10:19","slug":"rohoze-proti-padu-240-x-120-x-5-cm-copy","status":"publish","type":"product","link":"https:\/\/dodo-inflatables.com\/cs\/produkt\/rohoze-proti-padu-240-x-120-x-5-cm-copy\/","title":{"rendered":"Tlumi\u010d hluku pro ventil\u00e1tory sk\u00e1kac\u00edch hrad\u016f"},"content":{"rendered":"<h2>Koupit tlumi\u010d hluku pro ventil\u00e1tory sk\u00e1kac\u00edch hrad\u016f<\/h2>\n<p>Tlumi\u010d hluku pro ventil\u00e1tory sk\u00e1kac\u00edch hrad\u016f je ide\u00e1ln\u00edm \u0159e\u0161en\u00edm pro v\u00fdrazn\u00e9 sn\u00ed\u017een\u00ed hluku ventil\u00e1toru bez ovlivn\u011bn\u00ed v\u00fdkonu.<br \/>\nVyvinut\u00fd a vyroben\u00fd v N\u011bmecku, tento dopln\u011bk je speci\u00e1ln\u011b navr\u017een pro p\u016fj\u010dovny, organiz\u00e1tory akc\u00ed a soukrom\u00e9 z\u00e1kazn\u00edky, kte\u0159\u00ed si cen\u00ed ti\u0161\u00edho provozu.<br \/>\n<strong>Znateln\u011b sn\u00ed\u017een\u00e1 hladina hluku:<\/strong><br \/>\nTlumi\u010d sni\u017euje hladinu hluku ventil\u00e1toru p\u0159ibli\u017en\u011b o 5 dB. P\u0159esto\u017ee to na pap\u00ed\u0159e m\u016f\u017ee zn\u00edt nev\u00fdznamn\u011b, rozd\u00edl je v praxi jasn\u011b patrn\u00fd \u2013 zejm\u00e9na p\u0159i del\u0161\u00edm pou\u017e\u00edv\u00e1n\u00ed nebo v prost\u0159ed\u00edch citliv\u00fdch na hluk, jako jsou obytn\u00e9 oblasti, zahrady nebo vnit\u0159n\u00ed prostory.<br \/>\n<strong>Dokonal\u00e9 p\u0159izp\u016fsoben\u00ed b\u011b\u017en\u00fdm ventil\u00e1tor\u016fm:<\/strong><br \/>\nTlumi\u010d byl speci\u00e1ln\u011b navr\u017een pro ventil\u00e1tory sk\u00e1kac\u00edch hrad\u016f a je pln\u011b kompatibiln\u00ed s ventil\u00e1tory Huawei a Gibbons.<br \/>\n<strong>Rychl\u00e1 a snadn\u00e1 instalace:<\/strong><br \/>\nInstalace je velmi jednoduch\u00e1: tlumi\u010d se jednodu\u0161e p\u0159ilo\u017e\u00ed k ventil\u00e1toru a zajist\u00ed s\u00e1n\u00edm. Lze jej tak\u00e9 pevn\u011b p\u0159ipevnit k ventil\u00e1toru pomoc\u00ed p\u0159ilo\u017een\u00e9ho gumov\u00e9ho p\u00e1sku.<br \/>\n<strong>\u017d\u00e1dn\u00e1 ztr\u00e1ta v\u00fdkonu:<\/strong><br \/>\nNavzdory sn\u00ed\u017een\u00ed hluku je zachov\u00e1n pln\u00fd pr\u016ftok vzduchu. Tlumi\u010d neovliv\u0148uje pr\u016ftok vzduchu ventil\u00e1toru ani provozn\u00ed tlak, a je proto vhodn\u00fd i pro nep\u0159etr\u017eit\u00e9 pou\u017eit\u00ed v p\u016fj\u010dovn\u00e1ch.<br \/>\n<strong>Pro firemn\u00ed i soukrom\u00e9 pou\u017eit\u00ed:<\/strong><br \/>\nA\u0165 u\u017e v profesion\u00e1ln\u00edm pou\u017eit\u00ed na akc\u00edch nebo na vlastn\u00ed zahrad\u011b, tlumi\u010d vytv\u00e1\u0159\u00ed ti\u0161\u0161\u00ed prost\u0159ed\u00ed a zlep\u0161uje p\u0159ijet\u00ed mezi hosty, z\u00e1kazn\u00edky a sousedy.<br \/>\nPozn\u00e1mka: Ventil\u00e1tor nen\u00ed sou\u010d\u00e1st\u00ed dod\u00e1vky.<\/p>\n","protected":false},"excerpt":{"rendered":"<ul>\n<li>Sni\u017euje hluk ventil\u00e1toru p\u0159ibli\u017en\u011b o 5 dB<\/li>\n<li>Kompatibiln\u00ed s ventil\u00e1tory Huawei a Gibbons<\/li>\n<li>Rychl\u00e1 instalace \u2013 zaji\u0161t\u011bno s\u00e1n\u00edm a gumov\u00fdm p\u00e1skem<\/li>\n<li>\u017d\u00e1dn\u00e1 ztr\u00e1ta pr\u016ftoku vzduchu ani v\u00fdkonu<\/li>\n<li>Vhodn\u00fd pro p\u016fj\u010dovny i soukrom\u00e9 pou\u017eit\u00ed<\/li>\n<\/ul>\n","protected":false},"featured_media":55242,"comment_status":"open","ping_status":"closed","template":"","meta":{"_acf_changed":false,"_uag_custom_page_level_css":"","site-sidebar-layout":"default","site-content-layout":"boxed-container","ast-site-content-layout":"normal-width-container","site-content-style":"boxed","site-sidebar-style":"boxed","ast-global-header-display":"","ast-banner-title-visibility":"","ast-main-header-display":"","ast-hfb-above-header-display":"","ast-hfb-below-header-display":"","ast-hfb-mobile-header-display":"","site-post-title":"disabled","ast-breadcrumbs-content":"","ast-featured-img":"","footer-sml-layout":"","ast-disable-related-posts":"","theme-transparent-header-meta":"default","adv-header-id-meta":"","stick-header-meta":"default","header-above-stick-meta":"","header-main-stick-meta":"","header-below-stick-meta":"","astra-migrate-meta-layouts":"set","ast-page-background-enabled":"default","ast-page-background-meta":{"desktop":{"background-color":"var(--ast-global-color-4)","background-image":"","background-repeat":"repeat","background-position":"center center","background-size":"auto","background-attachment":"scroll","background-type":"","background-media":"","overlay-type":"","overlay-color":"","overlay-opacity":"","overlay-gradient":""},"tablet":{"background-color":"","background-image":"","background-repeat":"repeat","background-position":"center center","background-size":"auto","background-attachment":"scroll","background-type":"","background-media":"","overlay-type":"","overlay-color":"","overlay-opacity":"","overlay-gradient":""},"mobile":{"background-color":"","background-image":"","background-repeat":"repeat","background-position":"center center","background-size":"auto","background-attachment":"scroll","background-type":"","background-media":"","overlay-type":"","overlay-color":"","overlay-opacity":"","overlay-gradient":""}},"ast-content-background-meta":{"desktop":{"background-color":"var(--ast-global-color-5)","background-image":"","background-repeat":"repeat","background-position":"center center","background-size":"auto","background-attachment":"scroll","background-type":"","background-media":"","overlay-type":"","overlay-color":"","overlay-opacity":"","overlay-gradient":""},"tablet":{"background-color":"var(--ast-global-color-5)","background-image":"","background-repeat":"repeat","background-position":"center center","background-size":"auto","background-attachment":"scroll","background-type":"","background-media":"","overlay-type":"","overlay-color":"","overlay-opacity":"","overlay-gradient":""},"mobile":{"background-color":"var(--ast-global-color-5)","background-image":"","background-repeat":"repeat","background-position":"center center","background-size":"auto","background-attachment":"scroll","background-type":"","background-media":"","overlay-type":"","overlay-color":"","overlay-opacity":"","overlay-gradient":""}}},"product_brand":[],"product_cat":[1135],"product_tag":[],"class_list":{"0":"post-15937","1":"product","2":"type-product","3":"status-publish","4":"has-post-thumbnail","6":"product_cat-prislusenstvi","7":"product_shipping_class-zubehor-cs","8":"desktop-align-center","9":"tablet-align-center","10":"mobile-align-center","11":"ast-product-gallery-layout-horizontal","12":"ast-product-tabs-layout-horizontal","14":"first","15":"instock","16":"taxable","17":"shipping-taxable","18":"purchasable","19":"product-type-simple"},"acf":[],"yoast_head":"<!-- This site is optimized with the Yoast SEO plugin v27.5 - https:\/\/yoast.com\/product\/yoast-seo-wordpress\/ -->\n<title>Koupit protihlukovou ochranu pro sk\u00e1kac\u00ed hrady | Dodo-Inflatables.com<\/title>\n<meta name=\"description\" content=\"Zakupte si ochranu proti hluku pro sk\u00e1kac\u00ed hrady na Dodo-Inflatables.com | Certifikov\u00e1no podle EN14960 | Rychl\u00e9 dod\u00e1n\u00ed!\" \/>\n<meta name=\"robots\" content=\"index, follow, max-snippet:-1, max-image-preview:large, max-video-preview:-1\" \/>\n<link rel=\"canonical\" href=\"https:\/\/dodo-inflatables.com\/cs\/produkt\/rohoze-proti-padu-240-x-120-x-5-cm-copy\/\" \/>\n<meta name=\"twitter:label1\" content=\"Odhadovan\u00e1 doba \u010dten\u00ed\" \/>\n\t<meta name=\"twitter:data1\" content=\"1 minuta\" \/>\n<script type=\"application\/ld+json\" class=\"yoast-schema-graph\">{\"@context\":\"https:\\\/\\\/schema.org\",\"@graph\":[{\"@type\":\"WebPage\",\"@id\":\"https:\\\/\\\/dodo-inflatables.com\\\/cs\\\/produkt\\\/rohoze-proti-padu-240-x-120-x-5-cm-copy\\\/\",\"url\":\"https:\\\/\\\/dodo-inflatables.com\\\/cs\\\/produkt\\\/rohoze-proti-padu-240-x-120-x-5-cm-copy\\\/\",\"name\":\"Koupit protihlukovou ochranu pro sk\u00e1kac\u00ed hrady | Dodo-Inflatables.com\",\"isPartOf\":{\"@id\":\"https:\\\/\\\/dodo-inflatables.com\\\/cs\\\/#website\"},\"primaryImageOfPage\":{\"@id\":\"https:\\\/\\\/dodo-inflatables.com\\\/cs\\\/produkt\\\/rohoze-proti-padu-240-x-120-x-5-cm-copy\\\/#primaryimage\"},\"image\":{\"@id\":\"https:\\\/\\\/dodo-inflatables.com\\\/cs\\\/produkt\\\/rohoze-proti-padu-240-x-120-x-5-cm-copy\\\/#primaryimage\"},\"thumbnailUrl\":\"https:\\\/\\\/dodo-inflatables.com\\\/wp-content\\\/uploads\\\/2024\\\/06\\\/buy-bouncy-castle-blower-noise-protection-silencer-4-Kopie.jpg\",\"datePublished\":\"2024-06-10T13:48:06+00:00\",\"dateModified\":\"2026-04-23T18:10:19+00:00\",\"description\":\"Zakupte si ochranu proti hluku pro sk\u00e1kac\u00ed hrady na Dodo-Inflatables.com | Certifikov\u00e1no podle EN14960 | Rychl\u00e9 dod\u00e1n\u00ed!\",\"breadcrumb\":{\"@id\":\"https:\\\/\\\/dodo-inflatables.com\\\/cs\\\/produkt\\\/rohoze-proti-padu-240-x-120-x-5-cm-copy\\\/#breadcrumb\"},\"inLanguage\":\"cs\",\"potentialAction\":[{\"@type\":\"ReadAction\",\"target\":[\"https:\\\/\\\/dodo-inflatables.com\\\/cs\\\/produkt\\\/rohoze-proti-padu-240-x-120-x-5-cm-copy\\\/\"]}]},{\"@type\":\"ImageObject\",\"inLanguage\":\"cs\",\"@id\":\"https:\\\/\\\/dodo-inflatables.com\\\/cs\\\/produkt\\\/rohoze-proti-padu-240-x-120-x-5-cm-copy\\\/#primaryimage\",\"url\":\"https:\\\/\\\/dodo-inflatables.com\\\/wp-content\\\/uploads\\\/2024\\\/06\\\/buy-bouncy-castle-blower-noise-protection-silencer-4-Kopie.jpg\",\"contentUrl\":\"https:\\\/\\\/dodo-inflatables.com\\\/wp-content\\\/uploads\\\/2024\\\/06\\\/buy-bouncy-castle-blower-noise-protection-silencer-4-Kopie.jpg\",\"width\":1000,\"height\":1000,\"caption\":\"Tlumi\u010d hluku pro ventil\u00e1tory sk\u00e1kac\u00edch hrad\u016f | Dodo Inflatables\"},{\"@type\":\"BreadcrumbList\",\"@id\":\"https:\\\/\\\/dodo-inflatables.com\\\/cs\\\/produkt\\\/rohoze-proti-padu-240-x-120-x-5-cm-copy\\\/#breadcrumb\",\"itemListElement\":[{\"@type\":\"ListItem\",\"position\":1,\"name\":\"Dom\u016f\",\"item\":\"https:\\\/\\\/dodo-inflatables.com\\\/cs\\\/\"},{\"@type\":\"ListItem\",\"position\":2,\"name\":\"Obchod\",\"item\":\"https:\\\/\\\/dodo-inflatables.com\\\/cs\\\/obchod\\\/\"},{\"@type\":\"ListItem\",\"position\":3,\"name\":\"Tlumi\u010d hluku pro nafukovac\u00ed dmychadlo\"}]},{\"@type\":\"WebSite\",\"@id\":\"https:\\\/\\\/dodo-inflatables.com\\\/cs\\\/#website\",\"url\":\"https:\\\/\\\/dodo-inflatables.com\\\/cs\\\/\",\"name\":\"dodo-inflatables.com\",\"description\":\"Nakupujte sk\u00e1kac\u00ed hrady a atrakce v na\u0161em obchod\u011b.\",\"potentialAction\":[{\"@type\":\"SearchAction\",\"target\":{\"@type\":\"EntryPoint\",\"urlTemplate\":\"https:\\\/\\\/dodo-inflatables.com\\\/cs\\\/?s={search_term_string}\"},\"query-input\":{\"@type\":\"PropertyValueSpecification\",\"valueRequired\":true,\"valueName\":\"search_term_string\"}}],\"inLanguage\":\"cs\"}]}<\/script>\n<!-- \/ Yoast SEO plugin. -->","yoast_head_json":{"title":"Koupit protihlukovou ochranu pro sk\u00e1kac\u00ed hrady | Dodo-Inflatables.com","description":"Zakupte si ochranu proti hluku pro sk\u00e1kac\u00ed hrady na Dodo-Inflatables.com | Certifikov\u00e1no podle EN14960 | Rychl\u00e9 dod\u00e1n\u00ed!","robots":{"index":"index","follow":"follow","max-snippet":"max-snippet:-1","max-image-preview":"max-image-preview:large","max-video-preview":"max-video-preview:-1"},"canonical":"https:\/\/dodo-inflatables.com\/cs\/produkt\/rohoze-proti-padu-240-x-120-x-5-cm-copy\/","twitter_misc":{"Odhadovan\u00e1 doba \u010dten\u00ed":"1 minuta"},"schema":{"@context":"https:\/\/schema.org","@graph":[{"@type":"WebPage","@id":"https:\/\/dodo-inflatables.com\/cs\/produkt\/rohoze-proti-padu-240-x-120-x-5-cm-copy\/","url":"https:\/\/dodo-inflatables.com\/cs\/produkt\/rohoze-proti-padu-240-x-120-x-5-cm-copy\/","name":"Koupit protihlukovou ochranu pro sk\u00e1kac\u00ed hrady | Dodo-Inflatables.com","isPartOf":{"@id":"https:\/\/dodo-inflatables.com\/cs\/#website"},"primaryImageOfPage":{"@id":"https:\/\/dodo-inflatables.com\/cs\/produkt\/rohoze-proti-padu-240-x-120-x-5-cm-copy\/#primaryimage"},"image":{"@id":"https:\/\/dodo-inflatables.com\/cs\/produkt\/rohoze-proti-padu-240-x-120-x-5-cm-copy\/#primaryimage"},"thumbnailUrl":"https:\/\/dodo-inflatables.com\/wp-content\/uploads\/2024\/06\/buy-bouncy-castle-blower-noise-protection-silencer-4-Kopie.jpg","datePublished":"2024-06-10T13:48:06+00:00","dateModified":"2026-04-23T18:10:19+00:00","description":"Zakupte si ochranu proti hluku pro sk\u00e1kac\u00ed hrady na Dodo-Inflatables.com | Certifikov\u00e1no podle EN14960 | Rychl\u00e9 dod\u00e1n\u00ed!","breadcrumb":{"@id":"https:\/\/dodo-inflatables.com\/cs\/produkt\/rohoze-proti-padu-240-x-120-x-5-cm-copy\/#breadcrumb"},"inLanguage":"cs","potentialAction":[{"@type":"ReadAction","target":["https:\/\/dodo-inflatables.com\/cs\/produkt\/rohoze-proti-padu-240-x-120-x-5-cm-copy\/"]}]},{"@type":"ImageObject","inLanguage":"cs","@id":"https:\/\/dodo-inflatables.com\/cs\/produkt\/rohoze-proti-padu-240-x-120-x-5-cm-copy\/#primaryimage","url":"https:\/\/dodo-inflatables.com\/wp-content\/uploads\/2024\/06\/buy-bouncy-castle-blower-noise-protection-silencer-4-Kopie.jpg","contentUrl":"https:\/\/dodo-inflatables.com\/wp-content\/uploads\/2024\/06\/buy-bouncy-castle-blower-noise-protection-silencer-4-Kopie.jpg","width":1000,"height":1000,"caption":"Tlumi\u010d hluku pro ventil\u00e1tory sk\u00e1kac\u00edch hrad\u016f | Dodo Inflatables"},{"@type":"BreadcrumbList","@id":"https:\/\/dodo-inflatables.com\/cs\/produkt\/rohoze-proti-padu-240-x-120-x-5-cm-copy\/#breadcrumb","itemListElement":[{"@type":"ListItem","position":1,"name":"Dom\u016f","item":"https:\/\/dodo-inflatables.com\/cs\/"},{"@type":"ListItem","position":2,"name":"Obchod","item":"https:\/\/dodo-inflatables.com\/cs\/obchod\/"},{"@type":"ListItem","position":3,"name":"Tlumi\u010d hluku pro nafukovac\u00ed dmychadlo"}]},{"@type":"WebSite","@id":"https:\/\/dodo-inflatables.com\/cs\/#website","url":"https:\/\/dodo-inflatables.com\/cs\/","name":"dodo-inflatables.com","description":"Nakupujte sk\u00e1kac\u00ed hrady a atrakce v na\u0161em obchod\u011b.","potentialAction":[{"@type":"SearchAction","target":{"@type":"EntryPoint","urlTemplate":"https:\/\/dodo-inflatables.com\/cs\/?s={search_term_string}"},"query-input":{"@type":"PropertyValueSpecification","valueRequired":true,"valueName":"search_term_string"}}],"inLanguage":"cs"}]}},"uagb_featured_image_src":{"full":["https:\/\/dodo-inflatables.com\/wp-content\/uploads\/2024\/06\/buy-bouncy-castle-blower-noise-protection-silencer-4-Kopie.jpg",1000,1000,false],"thumbnail":["https:\/\/dodo-inflatables.com\/wp-content\/uploads\/2024\/06\/buy-bouncy-castle-blower-noise-protection-silencer-4-Kopie-150x150.jpg",150,150,true],"medium":["https:\/\/dodo-inflatables.com\/wp-content\/uploads\/2024\/06\/buy-bouncy-castle-blower-noise-protection-silencer-4-Kopie-300x300.jpg",300,300,true],"medium_large":["https:\/\/dodo-inflatables.com\/wp-content\/uploads\/2024\/06\/buy-bouncy-castle-blower-noise-protection-silencer-4-Kopie-768x768.jpg",768,768,true],"large":["https:\/\/dodo-inflatables.com\/wp-content\/uploads\/2024\/06\/buy-bouncy-castle-blower-noise-protection-silencer-4-Kopie.jpg",1000,1000,false],"1536x1536":["https:\/\/dodo-inflatables.com\/wp-content\/uploads\/2024\/06\/buy-bouncy-castle-blower-noise-protection-silencer-4-Kopie.jpg",1000,1000,false],"2048x2048":["https:\/\/dodo-inflatables.com\/wp-content\/uploads\/2024\/06\/buy-bouncy-castle-blower-noise-protection-silencer-4-Kopie.jpg",1000,1000,false],"woocommerce_thumbnail":["https:\/\/dodo-inflatables.com\/wp-content\/uploads\/2024\/06\/buy-bouncy-castle-blower-noise-protection-silencer-4-Kopie-900x900.jpg",900,900,true],"woocommerce_single":["https:\/\/dodo-inflatables.com\/wp-content\/uploads\/2024\/06\/buy-bouncy-castle-blower-noise-protection-silencer-4-Kopie-900x900.jpg",900,900,true],"woocommerce_gallery_thumbnail":["https:\/\/dodo-inflatables.com\/wp-content\/uploads\/2024\/06\/buy-bouncy-castle-blower-noise-protection-silencer-4-Kopie-100x100.jpg",100,100,true]},"uagb_author_info":{"display_name":"Andreas","author_link":"https:\/\/dodo-inflatables.com\/cs\/author\/"},"uagb_comment_info":0,"uagb_excerpt":"Sni\u017euje hluk ventil\u00e1toru p\u0159ibli\u017en\u011b o 5 dB Kompatibiln\u00ed s ventil\u00e1tory Huawei a Gibbons Rychl\u00e1 instalace \u2013 zaji\u0161t\u011bno s\u00e1n\u00edm a gumov\u00fdm p\u00e1skem \u017d\u00e1dn\u00e1 ztr\u00e1ta pr\u016ftoku vzduchu ani v\u00fdkonu Vhodn\u00fd pro p\u016fj\u010dovny i soukrom\u00e9 pou\u017eit\u00ed","_links":{"self":[{"href":"https:\/\/dodo-inflatables.com\/cs\/wp-json\/wp\/v2\/product\/15937","targetHints":{"allow":["GET"]}}],"collection":[{"href":"https:\/\/dodo-inflatables.com\/cs\/wp-json\/wp\/v2\/product"}],"about":[{"href":"https:\/\/dodo-inflatables.com\/cs\/wp-json\/wp\/v2\/types\/product"}],"replies":[{"embeddable":true,"href":"https:\/\/dodo-inflatables.com\/cs\/wp-json\/wp\/v2\/comments?post=15937"}],"wp:featuredmedia":[{"embeddable":true,"href":"https:\/\/dodo-inflatables.com\/cs\/wp-json\/wp\/v2\/media\/55242"}],"wp:attachment":[{"href":"https:\/\/dodo-inflatables.com\/cs\/wp-json\/wp\/v2\/media?parent=15937"}],"wp:term":[{"taxonomy":"product_brand","embeddable":true,"href":"https:\/\/dodo-inflatables.com\/cs\/wp-json\/wp\/v2\/product_brand?post=15937"},{"taxonomy":"product_cat","embeddable":true,"href":"https:\/\/dodo-inflatables.com\/cs\/wp-json\/wp\/v2\/product_cat?post=15937"},{"taxonomy":"product_tag","embeddable":true,"href":"https:\/\/dodo-inflatables.com\/cs\/wp-json\/wp\/v2\/product_tag?post=15937"}],"curies":[{"name":"wp","href":"https:\/\/api.w.org\/{rel}","templated":true}]}}