{"id":16131,"date":"2024-07-10T13:01:33","date_gmt":"2024-07-10T11:01:33","guid":{"rendered":"https:\/\/dodo-inflatables.com\/?post_type=product&#038;p=16131"},"modified":"2026-04-25T18:20:40","modified_gmt":"2026-04-25T16:20:40","slug":"tlumic-hluku-pro-nafukovaci-dmychadlo-copy","status":"publish","type":"product","link":"https:\/\/dodo-inflatables.com\/cs\/produkt\/tlumic-hluku-pro-nafukovaci-dmychadlo-copy\/","title":{"rendered":"P\u0159epravn\u00ed ta\u0161ky pro sk\u00e1kac\u00ed hrady XS"},"content":{"rendered":"<h2>Koupit p\u0159epravn\u00ed ta\u0161ky pro sk\u00e1kac\u00ed hrady<\/h2>\n<p>Na\u0161e p\u0159epravn\u00ed ta\u0161ky pro sk\u00e1kac\u00ed hrady jsou ide\u00e1ln\u00edm \u0159e\u0161en\u00edm pro p\u016fj\u010dovny nebo z\u00e1kazn\u00edky s n\u011bkolika sk\u00e1kac\u00edmi hrady na sklad\u011b.<br \/>\n<strong>Praktick\u00e9 rukojeti<\/strong>: Rukojeti umo\u017e\u0148uj\u00ed snadnou manipulaci s ta\u0161kami a usnad\u0148uj\u00ed p\u0159em\u00eds\u0165ov\u00e1n\u00ed nafukovac\u00edch konstrukc\u00ed. Vezm\u011bte pros\u00edm na v\u011bdom\u00ed, \u017ee v z\u00e1vislosti na hmotnosti nafukovac\u00ed konstrukce rukojeti nemohou v\u017edy un\u00e9st plnou hmotnost, a proto by m\u011bly b\u00fdt pou\u017e\u00edv\u00e1ny opatrn\u011b, aby nedo\u0161lo k jejich utr\u017een\u00ed.<br \/>\n<strong>Bezpe\u010dn\u00e9 mo\u017enosti upevn\u011bn\u00ed<\/strong>: P\u0159epravn\u00ed ta\u0161ky lze naho\u0159e bezpe\u010dn\u011b sv\u00e1zat smy\u010dkami, aby va\u0161e nafukovac\u00ed konstrukce z\u016fstala chr\u00e1n\u011bna a dob\u0159e zabalena b\u011bhem p\u0159epravy. To zabra\u0148uje ne\u00famysln\u00e9mu otev\u0159en\u00ed a zaji\u0161\u0165uje, \u017ee nafukovac\u00ed konstrukce z\u016fstane \u010dist\u00e1 a uklizen\u00e1.<br \/>\n<strong>Ochrana p\u0159ed po\u0161kozen\u00edm p\u0159i p\u0159eprav\u011b<\/strong>: Na\u0161e p\u0159epravn\u00ed ta\u0161ky jsou speci\u00e1ln\u011b navr\u017eeny k ochran\u011b va\u0161ich nafukovac\u00edch konstrukc\u00ed p\u0159ed po\u0161kozen\u00edm p\u0159i p\u0159eprav\u011b. Odoln\u00fd materi\u00e1l chr\u00e1n\u00ed nafukovac\u00ed konstrukce p\u0159ed ne\u010distotami, prachem a mechanick\u00fdmi vlivy, aby v\u017edy dorazily na m\u00edsto ur\u010den\u00ed v perfektn\u00edm stavu.<br \/>\nNa\u0161e p\u0159epravn\u00ed ta\u0161ky pro nafukovac\u00ed konstrukce v\u00e1m nab\u00edzej\u00ed dokonalou kombinaci funk\u010dnosti a pohodl\u00ed. V\u00fdrazn\u011b usnad\u0148uj\u00ed p\u0159epravu va\u0161ich nafukovac\u00edch konstrukc\u00ed a zaji\u0161\u0165uj\u00ed, \u017ee va\u0161e nafukovac\u00ed konstrukce v\u017edy z\u016fstanou v top kondici.<\/p>\n<h3>Podrobnosti p\u0159epravn\u00ed ta\u0161ky velikosti XS<\/h3>\n<ul>\n<li>Materi\u00e1l: PVC (0,55 mm \/ 621,3 g\/m\u00b2)<\/li>\n<li>Pr\u016fm\u011br 80 cm<\/li>\n<li>V\u00fd\u0161ka 100 cm<\/li>\n<li>Sm\u00ed\u0161en\u00e9 barvy<\/li>\n<\/ul>\n<p><strong>Ka\u017ed\u00e1 nafukovac\u00ed konstrukce je dod\u00e1v\u00e1na v p\u0159epravn\u00ed ta\u0161ce, nen\u00ed t\u0159eba objedn\u00e1vat dal\u0161\u00ed ta\u0161ku.<\/strong><\/p>\n","protected":false},"excerpt":{"rendered":"<ul>\n<li>P\u0159epravn\u00ed ta\u0161ka velikosti XS (pr\u016fm\u011br 80 cm, v\u00fd\u0161ka 100 cm)<\/li>\n<li>Materi\u00e1l: PVC (0,55 mm \/ 621,3 g\/m\u00b2)<\/li>\n<li>Sm\u00ed\u0161en\u00e9 barvy<\/li>\n<\/ul>\n","protected":false},"featured_media":55166,"comment_status":"open","ping_status":"closed","template":"","meta":{"_acf_changed":false,"_uag_custom_page_level_css":"","site-sidebar-layout":"default","site-content-layout":"boxed-container","ast-site-content-layout":"normal-width-container","site-content-style":"boxed","site-sidebar-style":"boxed","ast-global-header-display":"","ast-banner-title-visibility":"","ast-main-header-display":"","ast-hfb-above-header-display":"","ast-hfb-below-header-display":"","ast-hfb-mobile-header-display":"","site-post-title":"disabled","ast-breadcrumbs-content":"","ast-featured-img":"","footer-sml-layout":"","ast-disable-related-posts":"","theme-transparent-header-meta":"default","adv-header-id-meta":"","stick-header-meta":"default","header-above-stick-meta":"","header-main-stick-meta":"","header-below-stick-meta":"","astra-migrate-meta-layouts":"set","ast-page-background-enabled":"default","ast-page-background-meta":{"desktop":{"background-color":"var(--ast-global-color-4)","background-image":"","background-repeat":"repeat","background-position":"center center","background-size":"auto","background-attachment":"scroll","background-type":"","background-media":"","overlay-type":"","overlay-color":"","overlay-opacity":"","overlay-gradient":""},"tablet":{"background-color":"","background-image":"","background-repeat":"repeat","background-position":"center center","background-size":"auto","background-attachment":"scroll","background-type":"","background-media":"","overlay-type":"","overlay-color":"","overlay-opacity":"","overlay-gradient":""},"mobile":{"background-color":"","background-image":"","background-repeat":"repeat","background-position":"center center","background-size":"auto","background-attachment":"scroll","background-type":"","background-media":"","overlay-type":"","overlay-color":"","overlay-opacity":"","overlay-gradient":""}},"ast-content-background-meta":{"desktop":{"background-color":"var(--ast-global-color-5)","background-image":"","background-repeat":"repeat","background-position":"center center","background-size":"auto","background-attachment":"scroll","background-type":"","background-media":"","overlay-type":"","overlay-color":"","overlay-opacity":"","overlay-gradient":""},"tablet":{"background-color":"var(--ast-global-color-5)","background-image":"","background-repeat":"repeat","background-position":"center center","background-size":"auto","background-attachment":"scroll","background-type":"","background-media":"","overlay-type":"","overlay-color":"","overlay-opacity":"","overlay-gradient":""},"mobile":{"background-color":"var(--ast-global-color-5)","background-image":"","background-repeat":"repeat","background-position":"center center","background-size":"auto","background-attachment":"scroll","background-type":"","background-media":"","overlay-type":"","overlay-color":"","overlay-opacity":"","overlay-gradient":""}}},"product_brand":[],"product_cat":[1135],"product_tag":[],"class_list":{"0":"post-16131","1":"product","2":"type-product","3":"status-publish","4":"has-post-thumbnail","6":"product_cat-prislusenstvi","7":"product_shipping_class-zubehor-cs","8":"pa_gtin-0654170861734-cs","9":"desktop-align-center","10":"tablet-align-center","11":"mobile-align-center","12":"ast-product-gallery-layout-horizontal","13":"ast-product-gallery-with-no-image","14":"ast-product-tabs-layout-horizontal","16":"first","17":"instock","18":"taxable","19":"shipping-taxable","20":"purchasable","21":"product-type-simple"},"acf":[],"yoast_head":"<!-- This site is optimized with the Yoast SEO plugin v27.5 - https:\/\/yoast.com\/product\/yoast-seo-wordpress\/ -->\n<title>Koupit nafukovac\u00ed p\u0159epravn\u00ed vaky | Dodo-Inflatables.com<\/title>\n<meta name=\"description\" content=\"Zakupte si p\u0159epravn\u00ed vaky pro nafukovac\u00ed atrakce a sk\u00e1kac\u00ed hrady na Dodo-Inflatables.com | Certifikov\u00e1no podle EN14960 | Rychl\u00e9 dod\u00e1n\u00ed!\" \/>\n<meta name=\"robots\" content=\"index, follow, max-snippet:-1, max-image-preview:large, max-video-preview:-1\" \/>\n<link rel=\"canonical\" href=\"https:\/\/dodo-inflatables.com\/cs\/produkt\/tlumic-hluku-pro-nafukovaci-dmychadlo-copy\/\" \/>\n<meta name=\"twitter:label1\" content=\"Odhadovan\u00e1 doba \u010dten\u00ed\" \/>\n\t<meta name=\"twitter:data1\" content=\"2 minuty\" \/>\n<script type=\"application\/ld+json\" class=\"yoast-schema-graph\">{\"@context\":\"https:\\\/\\\/schema.org\",\"@graph\":[{\"@type\":\"WebPage\",\"@id\":\"https:\\\/\\\/dodo-inflatables.com\\\/cs\\\/produkt\\\/tlumic-hluku-pro-nafukovaci-dmychadlo-copy\\\/\",\"url\":\"https:\\\/\\\/dodo-inflatables.com\\\/cs\\\/produkt\\\/tlumic-hluku-pro-nafukovaci-dmychadlo-copy\\\/\",\"name\":\"Koupit nafukovac\u00ed p\u0159epravn\u00ed vaky | Dodo-Inflatables.com\",\"isPartOf\":{\"@id\":\"https:\\\/\\\/dodo-inflatables.com\\\/cs\\\/#website\"},\"primaryImageOfPage\":{\"@id\":\"https:\\\/\\\/dodo-inflatables.com\\\/cs\\\/produkt\\\/tlumic-hluku-pro-nafukovaci-dmychadlo-copy\\\/#primaryimage\"},\"image\":{\"@id\":\"https:\\\/\\\/dodo-inflatables.com\\\/cs\\\/produkt\\\/tlumic-hluku-pro-nafukovaci-dmychadlo-copy\\\/#primaryimage\"},\"thumbnailUrl\":\"https:\\\/\\\/dodo-inflatables.com\\\/wp-content\\\/uploads\\\/2024\\\/07\\\/XS-Bouncy-castle-Transport-bag.jpg\",\"datePublished\":\"2024-07-10T11:01:33+00:00\",\"dateModified\":\"2026-04-25T16:20:40+00:00\",\"description\":\"Zakupte si p\u0159epravn\u00ed vaky pro nafukovac\u00ed atrakce a sk\u00e1kac\u00ed hrady na Dodo-Inflatables.com | Certifikov\u00e1no podle EN14960 | Rychl\u00e9 dod\u00e1n\u00ed!\",\"breadcrumb\":{\"@id\":\"https:\\\/\\\/dodo-inflatables.com\\\/cs\\\/produkt\\\/tlumic-hluku-pro-nafukovaci-dmychadlo-copy\\\/#breadcrumb\"},\"inLanguage\":\"cs\",\"potentialAction\":[{\"@type\":\"ReadAction\",\"target\":[\"https:\\\/\\\/dodo-inflatables.com\\\/cs\\\/produkt\\\/tlumic-hluku-pro-nafukovaci-dmychadlo-copy\\\/\"]}]},{\"@type\":\"ImageObject\",\"inLanguage\":\"cs\",\"@id\":\"https:\\\/\\\/dodo-inflatables.com\\\/cs\\\/produkt\\\/tlumic-hluku-pro-nafukovaci-dmychadlo-copy\\\/#primaryimage\",\"url\":\"https:\\\/\\\/dodo-inflatables.com\\\/wp-content\\\/uploads\\\/2024\\\/07\\\/XS-Bouncy-castle-Transport-bag.jpg\",\"contentUrl\":\"https:\\\/\\\/dodo-inflatables.com\\\/wp-content\\\/uploads\\\/2024\\\/07\\\/XS-Bouncy-castle-Transport-bag.jpg\",\"width\":1000,\"height\":1000,\"caption\":\"P\u0159epravn\u00ed ta\u0161ky pro sk\u00e1kac\u00ed hrady XS | Dodo Inflatables\"},{\"@type\":\"BreadcrumbList\",\"@id\":\"https:\\\/\\\/dodo-inflatables.com\\\/cs\\\/produkt\\\/tlumic-hluku-pro-nafukovaci-dmychadlo-copy\\\/#breadcrumb\",\"itemListElement\":[{\"@type\":\"ListItem\",\"position\":1,\"name\":\"Dom\u016f\",\"item\":\"https:\\\/\\\/dodo-inflatables.com\\\/cs\\\/\"},{\"@type\":\"ListItem\",\"position\":2,\"name\":\"Obchod\",\"item\":\"https:\\\/\\\/dodo-inflatables.com\\\/cs\\\/obchod\\\/\"},{\"@type\":\"ListItem\",\"position\":3,\"name\":\"P\u0159epravn\u00ed ta\u0161ka na sk\u00e1kac\u00ed hrad XS\"}]},{\"@type\":\"WebSite\",\"@id\":\"https:\\\/\\\/dodo-inflatables.com\\\/cs\\\/#website\",\"url\":\"https:\\\/\\\/dodo-inflatables.com\\\/cs\\\/\",\"name\":\"dodo-inflatables.com\",\"description\":\"Nakupujte sk\u00e1kac\u00ed hrady a atrakce v na\u0161em obchod\u011b.\",\"potentialAction\":[{\"@type\":\"SearchAction\",\"target\":{\"@type\":\"EntryPoint\",\"urlTemplate\":\"https:\\\/\\\/dodo-inflatables.com\\\/cs\\\/?s={search_term_string}\"},\"query-input\":{\"@type\":\"PropertyValueSpecification\",\"valueRequired\":true,\"valueName\":\"search_term_string\"}}],\"inLanguage\":\"cs\"}]}<\/script>\n<!-- \/ Yoast SEO plugin. -->","yoast_head_json":{"title":"Koupit nafukovac\u00ed p\u0159epravn\u00ed vaky | Dodo-Inflatables.com","description":"Zakupte si p\u0159epravn\u00ed vaky pro nafukovac\u00ed atrakce a sk\u00e1kac\u00ed hrady na Dodo-Inflatables.com | Certifikov\u00e1no podle EN14960 | Rychl\u00e9 dod\u00e1n\u00ed!","robots":{"index":"index","follow":"follow","max-snippet":"max-snippet:-1","max-image-preview":"max-image-preview:large","max-video-preview":"max-video-preview:-1"},"canonical":"https:\/\/dodo-inflatables.com\/cs\/produkt\/tlumic-hluku-pro-nafukovaci-dmychadlo-copy\/","twitter_misc":{"Odhadovan\u00e1 doba \u010dten\u00ed":"2 minuty"},"schema":{"@context":"https:\/\/schema.org","@graph":[{"@type":"WebPage","@id":"https:\/\/dodo-inflatables.com\/cs\/produkt\/tlumic-hluku-pro-nafukovaci-dmychadlo-copy\/","url":"https:\/\/dodo-inflatables.com\/cs\/produkt\/tlumic-hluku-pro-nafukovaci-dmychadlo-copy\/","name":"Koupit nafukovac\u00ed p\u0159epravn\u00ed vaky | Dodo-Inflatables.com","isPartOf":{"@id":"https:\/\/dodo-inflatables.com\/cs\/#website"},"primaryImageOfPage":{"@id":"https:\/\/dodo-inflatables.com\/cs\/produkt\/tlumic-hluku-pro-nafukovaci-dmychadlo-copy\/#primaryimage"},"image":{"@id":"https:\/\/dodo-inflatables.com\/cs\/produkt\/tlumic-hluku-pro-nafukovaci-dmychadlo-copy\/#primaryimage"},"thumbnailUrl":"https:\/\/dodo-inflatables.com\/wp-content\/uploads\/2024\/07\/XS-Bouncy-castle-Transport-bag.jpg","datePublished":"2024-07-10T11:01:33+00:00","dateModified":"2026-04-25T16:20:40+00:00","description":"Zakupte si p\u0159epravn\u00ed vaky pro nafukovac\u00ed atrakce a sk\u00e1kac\u00ed hrady na Dodo-Inflatables.com | Certifikov\u00e1no podle EN14960 | Rychl\u00e9 dod\u00e1n\u00ed!","breadcrumb":{"@id":"https:\/\/dodo-inflatables.com\/cs\/produkt\/tlumic-hluku-pro-nafukovaci-dmychadlo-copy\/#breadcrumb"},"inLanguage":"cs","potentialAction":[{"@type":"ReadAction","target":["https:\/\/dodo-inflatables.com\/cs\/produkt\/tlumic-hluku-pro-nafukovaci-dmychadlo-copy\/"]}]},{"@type":"ImageObject","inLanguage":"cs","@id":"https:\/\/dodo-inflatables.com\/cs\/produkt\/tlumic-hluku-pro-nafukovaci-dmychadlo-copy\/#primaryimage","url":"https:\/\/dodo-inflatables.com\/wp-content\/uploads\/2024\/07\/XS-Bouncy-castle-Transport-bag.jpg","contentUrl":"https:\/\/dodo-inflatables.com\/wp-content\/uploads\/2024\/07\/XS-Bouncy-castle-Transport-bag.jpg","width":1000,"height":1000,"caption":"P\u0159epravn\u00ed ta\u0161ky pro sk\u00e1kac\u00ed hrady XS | Dodo Inflatables"},{"@type":"BreadcrumbList","@id":"https:\/\/dodo-inflatables.com\/cs\/produkt\/tlumic-hluku-pro-nafukovaci-dmychadlo-copy\/#breadcrumb","itemListElement":[{"@type":"ListItem","position":1,"name":"Dom\u016f","item":"https:\/\/dodo-inflatables.com\/cs\/"},{"@type":"ListItem","position":2,"name":"Obchod","item":"https:\/\/dodo-inflatables.com\/cs\/obchod\/"},{"@type":"ListItem","position":3,"name":"P\u0159epravn\u00ed ta\u0161ka na sk\u00e1kac\u00ed hrad XS"}]},{"@type":"WebSite","@id":"https:\/\/dodo-inflatables.com\/cs\/#website","url":"https:\/\/dodo-inflatables.com\/cs\/","name":"dodo-inflatables.com","description":"Nakupujte sk\u00e1kac\u00ed hrady a atrakce v na\u0161em obchod\u011b.","potentialAction":[{"@type":"SearchAction","target":{"@type":"EntryPoint","urlTemplate":"https:\/\/dodo-inflatables.com\/cs\/?s={search_term_string}"},"query-input":{"@type":"PropertyValueSpecification","valueRequired":true,"valueName":"search_term_string"}}],"inLanguage":"cs"}]}},"uagb_featured_image_src":{"full":["https:\/\/dodo-inflatables.com\/wp-content\/uploads\/2024\/07\/XS-Bouncy-castle-Transport-bag.jpg",1000,1000,false],"thumbnail":["https:\/\/dodo-inflatables.com\/wp-content\/uploads\/2024\/07\/XS-Bouncy-castle-Transport-bag-150x150.jpg",150,150,true],"medium":["https:\/\/dodo-inflatables.com\/wp-content\/uploads\/2024\/07\/XS-Bouncy-castle-Transport-bag-300x300.jpg",300,300,true],"medium_large":["https:\/\/dodo-inflatables.com\/wp-content\/uploads\/2024\/07\/XS-Bouncy-castle-Transport-bag-768x768.jpg",768,768,true],"large":["https:\/\/dodo-inflatables.com\/wp-content\/uploads\/2024\/07\/XS-Bouncy-castle-Transport-bag.jpg",1000,1000,false],"1536x1536":["https:\/\/dodo-inflatables.com\/wp-content\/uploads\/2024\/07\/XS-Bouncy-castle-Transport-bag.jpg",1000,1000,false],"2048x2048":["https:\/\/dodo-inflatables.com\/wp-content\/uploads\/2024\/07\/XS-Bouncy-castle-Transport-bag.jpg",1000,1000,false],"woocommerce_thumbnail":["https:\/\/dodo-inflatables.com\/wp-content\/uploads\/2024\/07\/XS-Bouncy-castle-Transport-bag-900x900.jpg",900,900,true],"woocommerce_single":["https:\/\/dodo-inflatables.com\/wp-content\/uploads\/2024\/07\/XS-Bouncy-castle-Transport-bag-900x900.jpg",900,900,true],"woocommerce_gallery_thumbnail":["https:\/\/dodo-inflatables.com\/wp-content\/uploads\/2024\/07\/XS-Bouncy-castle-Transport-bag-100x100.jpg",100,100,true]},"uagb_author_info":{"display_name":"Andreas","author_link":"https:\/\/dodo-inflatables.com\/cs\/author\/"},"uagb_comment_info":0,"uagb_excerpt":"P\u0159epravn\u00ed ta\u0161ka velikosti XS (pr\u016fm\u011br 80 cm, v\u00fd\u0161ka 100 cm) Materi\u00e1l: PVC (0,55 mm \/ 621,3 g\/m\u00b2) Sm\u00ed\u0161en\u00e9 barvy","_links":{"self":[{"href":"https:\/\/dodo-inflatables.com\/cs\/wp-json\/wp\/v2\/product\/16131","targetHints":{"allow":["GET"]}}],"collection":[{"href":"https:\/\/dodo-inflatables.com\/cs\/wp-json\/wp\/v2\/product"}],"about":[{"href":"https:\/\/dodo-inflatables.com\/cs\/wp-json\/wp\/v2\/types\/product"}],"replies":[{"embeddable":true,"href":"https:\/\/dodo-inflatables.com\/cs\/wp-json\/wp\/v2\/comments?post=16131"}],"wp:featuredmedia":[{"embeddable":true,"href":"https:\/\/dodo-inflatables.com\/cs\/wp-json\/wp\/v2\/media\/55166"}],"wp:attachment":[{"href":"https:\/\/dodo-inflatables.com\/cs\/wp-json\/wp\/v2\/media?parent=16131"}],"wp:term":[{"taxonomy":"product_brand","embeddable":true,"href":"https:\/\/dodo-inflatables.com\/cs\/wp-json\/wp\/v2\/product_brand?post=16131"},{"taxonomy":"product_cat","embeddable":true,"href":"https:\/\/dodo-inflatables.com\/cs\/wp-json\/wp\/v2\/product_cat?post=16131"},{"taxonomy":"product_tag","embeddable":true,"href":"https:\/\/dodo-inflatables.com\/cs\/wp-json\/wp\/v2\/product_tag?post=16131"}],"curies":[{"name":"wp","href":"https:\/\/api.w.org\/{rel}","templated":true}]}}