{"id":16181,"date":"2024-07-10T13:09:06","date_gmt":"2024-07-10T11:09:06","guid":{"rendered":"https:\/\/dodo-inflatables.com\/?post_type=product&#038;p=16181"},"modified":"2024-07-10T13:12:15","modified_gmt":"2024-07-10T11:12:15","slug":"prepravni-taska-na-skakaci-hrad-xs-copy","status":"publish","type":"product","link":"https:\/\/dodo-inflatables.com\/cs\/produkt\/prepravni-taska-na-skakaci-hrad-xs-copy\/","title":{"rendered":"P\u0159epravn\u00ed ta\u0161ka na sk\u00e1kac\u00ed hrad S"},"content":{"rendered":"<h2>Koupit p\u0159epravn\u00ed ta\u0161ky na sk\u00e1kac\u00ed hrady<\/h2>\n<p>Na\u0161e p\u0159epravn\u00ed ta\u0161ky na sk\u00e1kac\u00ed hrady jsou ide\u00e1ln\u00edm \u0159e\u0161en\u00edm pro p\u016fj\u010dovny nebo z\u00e1kazn\u00edky, kte\u0159\u00ed maj\u00ed na sklad\u011b n\u011bkolik sk\u00e1kac\u00edch hrad\u016f.<\/p>\n<p><strong>Praktick\u00e9 \u00fachyty<\/strong>: Praktick\u00e9 \u00fachyty umo\u017e\u0148uj\u00ed snadnou manipulaci s vaky a usnad\u0148uj\u00ed p\u0159em\u00eds\u0165ov\u00e1n\u00ed nafukovac\u00edch vak\u016f. Vezm\u011bte pros\u00edm na v\u011bdom\u00ed, \u017ee v z\u00e1vislosti na hmotnosti nafukovac\u00edho za\u0159\u00edzen\u00ed nemohou rukojeti v\u017edy udr\u017eet plnou hmotnost, a proto je t\u0159eba je pou\u017e\u00edvat opatrn\u011b, aby nedo\u0161lo k jejich utr\u017een\u00ed.<\/p>\n<p><strong>Mo\u017enosti bezpe\u010dn\u00e9ho upevn\u011bn\u00ed<\/strong>: P\u0159epravn\u00ed vaky lze v horn\u00ed \u010d\u00e1sti bezpe\u010dn\u011b sv\u00e1zat smy\u010dkami, aby nafukovac\u00ed vak z\u016fstal b\u011bhem p\u0159epravy chr\u00e1n\u011bn\u00fd a dob\u0159e zabalen\u00fd. T\u00edm se zabr\u00e1n\u00ed necht\u011bn\u00e9mu otev\u0159en\u00ed a nafukovac\u00ed vak z\u016fstane \u010dist\u00fd a uklizen\u00fd.<\/p>\n<p><strong>Ochrana p\u0159ed po\u0161kozen\u00edm p\u0159i p\u0159eprav\u011b<\/strong>: Na\u0161e p\u0159epravn\u00ed vaky jsou speci\u00e1ln\u011b navr\u017eeny tak, aby chr\u00e1nily va\u0161e nafukovac\u00ed vaky p\u0159ed po\u0161kozen\u00edm p\u0159i p\u0159eprav\u011b. Odoln\u00fd materi\u00e1l chr\u00e1n\u00ed nafukovac\u00ed \u010dluny p\u0159ed ne\u010distotami, prachem a mechanick\u00fdmi vlivy, tak\u017ee na m\u00edsto ur\u010den\u00ed doraz\u00ed v\u017edy v perfektn\u00edm stavu.<\/p>\n<p>Na\u0161e nafukovac\u00ed p\u0159epravn\u00ed vaky nab\u00edzej\u00ed dokonalou kombinaci funk\u010dnosti a pohodl\u00ed. Usnad\u0148uj\u00ed p\u0159epravu nafukovac\u00edch konstrukc\u00ed a zaji\u0161\u0165uj\u00ed, \u017ee nafukovac\u00ed za\u0159\u00edzen\u00ed z\u016fst\u00e1vaj\u00ed v\u017edy v nejlep\u0161\u00edm stavu.<\/p>\n<h3>Podrobnosti o p\u0159epravn\u00ed ta\u0161ce velikosti S<\/h3>\n<ul>\n<li>Materi\u00e1l: PVC (0,55 mm \/ 621,3 g\/m2)<\/li>\n<li>Pr\u016fm\u011br 90 cm<\/li>\n<li>V\u00fd\u0161ka 120 cm<\/li>\n<li>Sm\u00ed\u0161en\u00e9 barvy<\/li>\n<\/ul>\n<p><strong>Ka\u017ed\u00fd nafukovac\u00ed vak je dod\u00e1v\u00e1n v p\u0159epravn\u00edm vaku, nen\u00ed t\u0159eba objedn\u00e1vat dal\u0161\u00ed vak.<\/strong><\/p>\n","protected":false},"excerpt":{"rendered":"<ul>\n<li style=\"list-style-type: none;\">\n<ul>\n<li>P\u0159epravn\u00ed ta\u0161ka velikosti S (pr\u016fm\u011br 90 cm, v\u00fd\u0161ka 120 cm)<\/li>\n<li>Materi\u00e1l: PVC (0,55 mm \/ 621,3 g\/m2)<\/li>\n<li>Sm\u00ed\u0161en\u00e9 barvy<\/li>\n<\/ul>\n<\/li>\n<\/ul>\n","protected":false},"featured_media":55147,"comment_status":"open","ping_status":"closed","template":"","meta":{"_acf_changed":false,"_uag_custom_page_level_css":"","site-sidebar-layout":"default","site-content-layout":"boxed-container","ast-site-content-layout":"normal-width-container","site-content-style":"boxed","site-sidebar-style":"boxed","ast-global-header-display":"","ast-banner-title-visibility":"","ast-main-header-display":"","ast-hfb-above-header-display":"","ast-hfb-below-header-display":"","ast-hfb-mobile-header-display":"","site-post-title":"disabled","ast-breadcrumbs-content":"","ast-featured-img":"","footer-sml-layout":"","ast-disable-related-posts":"","theme-transparent-header-meta":"default","adv-header-id-meta":"","stick-header-meta":"default","header-above-stick-meta":"","header-main-stick-meta":"","header-below-stick-meta":"","astra-migrate-meta-layouts":"set","ast-page-background-enabled":"default","ast-page-background-meta":{"desktop":{"background-color":"var(--ast-global-color-4)","background-image":"","background-repeat":"repeat","background-position":"center center","background-size":"auto","background-attachment":"scroll","background-type":"","background-media":"","overlay-type":"","overlay-color":"","overlay-opacity":"","overlay-gradient":""},"tablet":{"background-color":"","background-image":"","background-repeat":"repeat","background-position":"center center","background-size":"auto","background-attachment":"scroll","background-type":"","background-media":"","overlay-type":"","overlay-color":"","overlay-opacity":"","overlay-gradient":""},"mobile":{"background-color":"","background-image":"","background-repeat":"repeat","background-position":"center center","background-size":"auto","background-attachment":"scroll","background-type":"","background-media":"","overlay-type":"","overlay-color":"","overlay-opacity":"","overlay-gradient":""}},"ast-content-background-meta":{"desktop":{"background-color":"var(--ast-global-color-5)","background-image":"","background-repeat":"repeat","background-position":"center center","background-size":"auto","background-attachment":"scroll","background-type":"","background-media":"","overlay-type":"","overlay-color":"","overlay-opacity":"","overlay-gradient":""},"tablet":{"background-color":"var(--ast-global-color-5)","background-image":"","background-repeat":"repeat","background-position":"center center","background-size":"auto","background-attachment":"scroll","background-type":"","background-media":"","overlay-type":"","overlay-color":"","overlay-opacity":"","overlay-gradient":""},"mobile":{"background-color":"var(--ast-global-color-5)","background-image":"","background-repeat":"repeat","background-position":"center center","background-size":"auto","background-attachment":"scroll","background-type":"","background-media":"","overlay-type":"","overlay-color":"","overlay-opacity":"","overlay-gradient":""}}},"product_brand":[],"product_cat":[1135],"product_tag":[],"class_list":{"0":"post-16181","1":"product","2":"type-product","3":"status-publish","4":"has-post-thumbnail","6":"product_cat-prislusenstvi","7":"product_shipping_class-zubehor-cs","8":"pa_gtin-0654170861765-cs","9":"desktop-align-center","10":"tablet-align-center","11":"mobile-align-center","12":"ast-product-gallery-layout-horizontal","13":"ast-product-gallery-with-no-image","14":"ast-product-tabs-layout-horizontal","16":"first","17":"onbackorder","18":"taxable","19":"shipping-taxable","20":"purchasable","21":"product-type-simple"},"acf":[],"yoast_head":"<!-- This site is optimized with the Yoast SEO plugin v27.3 - https:\/\/yoast.com\/product\/yoast-seo-wordpress\/ -->\n<title>Koupit nafukovac\u00ed p\u0159epravn\u00ed vaky | Dodo-Inflatables.com<\/title>\n<meta name=\"description\" content=\"Zakupte si p\u0159epravn\u00ed vaky pro nafukovac\u00ed atrakce a sk\u00e1kac\u00ed hrady na Dodo-Inflatables.com | Certifikov\u00e1no podle EN14960 | Rychl\u00e9 dod\u00e1n\u00ed!\" \/>\n<meta name=\"robots\" content=\"index, follow, max-snippet:-1, max-image-preview:large, max-video-preview:-1\" \/>\n<link rel=\"canonical\" href=\"https:\/\/dodo-inflatables.com\/cs\/produkt\/prepravni-taska-na-skakaci-hrad-xs-copy\/\" \/>\n<meta name=\"twitter:label1\" content=\"Odhadovan\u00e1 doba \u010dten\u00ed\" \/>\n\t<meta name=\"twitter:data1\" content=\"2 minuty\" \/>\n<script type=\"application\/ld+json\" class=\"yoast-schema-graph\">{\"@context\":\"https:\\\/\\\/schema.org\",\"@graph\":[{\"@type\":\"WebPage\",\"@id\":\"https:\\\/\\\/dodo-inflatables.com\\\/cs\\\/produkt\\\/prepravni-taska-na-skakaci-hrad-xs-copy\\\/\",\"url\":\"https:\\\/\\\/dodo-inflatables.com\\\/cs\\\/produkt\\\/prepravni-taska-na-skakaci-hrad-xs-copy\\\/\",\"name\":\"Koupit nafukovac\u00ed p\u0159epravn\u00ed vaky | Dodo-Inflatables.com\",\"isPartOf\":{\"@id\":\"https:\\\/\\\/dodo-inflatables.com\\\/cs\\\/#website\"},\"primaryImageOfPage\":{\"@id\":\"https:\\\/\\\/dodo-inflatables.com\\\/cs\\\/produkt\\\/prepravni-taska-na-skakaci-hrad-xs-copy\\\/#primaryimage\"},\"image\":{\"@id\":\"https:\\\/\\\/dodo-inflatables.com\\\/cs\\\/produkt\\\/prepravni-taska-na-skakaci-hrad-xs-copy\\\/#primaryimage\"},\"thumbnailUrl\":\"https:\\\/\\\/dodo-inflatables.com\\\/wp-content\\\/uploads\\\/2024\\\/07\\\/S-Bouncy-castle-Transport-bag.jpg\",\"datePublished\":\"2024-07-10T11:09:06+00:00\",\"dateModified\":\"2024-07-10T11:12:15+00:00\",\"description\":\"Zakupte si p\u0159epravn\u00ed vaky pro nafukovac\u00ed atrakce a sk\u00e1kac\u00ed hrady na Dodo-Inflatables.com | Certifikov\u00e1no podle EN14960 | Rychl\u00e9 dod\u00e1n\u00ed!\",\"breadcrumb\":{\"@id\":\"https:\\\/\\\/dodo-inflatables.com\\\/cs\\\/produkt\\\/prepravni-taska-na-skakaci-hrad-xs-copy\\\/#breadcrumb\"},\"inLanguage\":\"cs\",\"potentialAction\":[{\"@type\":\"ReadAction\",\"target\":[\"https:\\\/\\\/dodo-inflatables.com\\\/cs\\\/produkt\\\/prepravni-taska-na-skakaci-hrad-xs-copy\\\/\"]}]},{\"@type\":\"ImageObject\",\"inLanguage\":\"cs\",\"@id\":\"https:\\\/\\\/dodo-inflatables.com\\\/cs\\\/produkt\\\/prepravni-taska-na-skakaci-hrad-xs-copy\\\/#primaryimage\",\"url\":\"https:\\\/\\\/dodo-inflatables.com\\\/wp-content\\\/uploads\\\/2024\\\/07\\\/S-Bouncy-castle-Transport-bag.jpg\",\"contentUrl\":\"https:\\\/\\\/dodo-inflatables.com\\\/wp-content\\\/uploads\\\/2024\\\/07\\\/S-Bouncy-castle-Transport-bag.jpg\",\"width\":1000,\"height\":1000},{\"@type\":\"BreadcrumbList\",\"@id\":\"https:\\\/\\\/dodo-inflatables.com\\\/cs\\\/produkt\\\/prepravni-taska-na-skakaci-hrad-xs-copy\\\/#breadcrumb\",\"itemListElement\":[{\"@type\":\"ListItem\",\"position\":1,\"name\":\"Dom\u016f\",\"item\":\"https:\\\/\\\/dodo-inflatables.com\\\/cs\\\/\"},{\"@type\":\"ListItem\",\"position\":2,\"name\":\"Obchod\",\"item\":\"https:\\\/\\\/dodo-inflatables.com\\\/cs\\\/obchod\\\/\"},{\"@type\":\"ListItem\",\"position\":3,\"name\":\"P\u0159epravn\u00ed ta\u0161ka na sk\u00e1kac\u00ed hrad S\"}]},{\"@type\":\"WebSite\",\"@id\":\"https:\\\/\\\/dodo-inflatables.com\\\/cs\\\/#website\",\"url\":\"https:\\\/\\\/dodo-inflatables.com\\\/cs\\\/\",\"name\":\"dodo-inflatables.com\",\"description\":\"Nakupujte sk\u00e1kac\u00ed hrady a atrakce v na\u0161em obchod\u011b.\",\"publisher\":{\"@id\":\"https:\\\/\\\/dodo-inflatables.com\\\/cs\\\/#organization\"},\"potentialAction\":[{\"@type\":\"SearchAction\",\"target\":{\"@type\":\"EntryPoint\",\"urlTemplate\":\"https:\\\/\\\/dodo-inflatables.com\\\/cs\\\/?s={search_term_string}\"},\"query-input\":{\"@type\":\"PropertyValueSpecification\",\"valueRequired\":true,\"valueName\":\"search_term_string\"}}],\"inLanguage\":\"cs\"},{\"@type\":\"Organization\",\"@id\":\"https:\\\/\\\/dodo-inflatables.com\\\/cs\\\/#organization\",\"name\":\"dodo-inflatables.com\",\"url\":\"https:\\\/\\\/dodo-inflatables.com\\\/cs\\\/\",\"logo\":{\"@type\":\"ImageObject\",\"inLanguage\":\"cs\",\"@id\":\"https:\\\/\\\/dodo-inflatables.com\\\/cs\\\/#\\\/schema\\\/logo\\\/image\\\/\",\"url\":\"https:\\\/\\\/dodo-inflatables.com\\\/wp-content\\\/uploads\\\/2023\\\/04\\\/cropped-cropped-cropped-Dodo-Logo.png\",\"contentUrl\":\"https:\\\/\\\/dodo-inflatables.com\\\/wp-content\\\/uploads\\\/2023\\\/04\\\/cropped-cropped-cropped-Dodo-Logo.png\",\"width\":2996,\"height\":1545,\"caption\":\"dodo-inflatables.com\"},\"image\":{\"@id\":\"https:\\\/\\\/dodo-inflatables.com\\\/cs\\\/#\\\/schema\\\/logo\\\/image\\\/\"}}]}<\/script>\n<!-- \/ Yoast SEO plugin. -->","yoast_head_json":{"title":"Koupit nafukovac\u00ed p\u0159epravn\u00ed vaky | Dodo-Inflatables.com","description":"Zakupte si p\u0159epravn\u00ed vaky pro nafukovac\u00ed atrakce a sk\u00e1kac\u00ed hrady na Dodo-Inflatables.com | Certifikov\u00e1no podle EN14960 | Rychl\u00e9 dod\u00e1n\u00ed!","robots":{"index":"index","follow":"follow","max-snippet":"max-snippet:-1","max-image-preview":"max-image-preview:large","max-video-preview":"max-video-preview:-1"},"canonical":"https:\/\/dodo-inflatables.com\/cs\/produkt\/prepravni-taska-na-skakaci-hrad-xs-copy\/","twitter_misc":{"Odhadovan\u00e1 doba \u010dten\u00ed":"2 minuty"},"schema":{"@context":"https:\/\/schema.org","@graph":[{"@type":"WebPage","@id":"https:\/\/dodo-inflatables.com\/cs\/produkt\/prepravni-taska-na-skakaci-hrad-xs-copy\/","url":"https:\/\/dodo-inflatables.com\/cs\/produkt\/prepravni-taska-na-skakaci-hrad-xs-copy\/","name":"Koupit nafukovac\u00ed p\u0159epravn\u00ed vaky | Dodo-Inflatables.com","isPartOf":{"@id":"https:\/\/dodo-inflatables.com\/cs\/#website"},"primaryImageOfPage":{"@id":"https:\/\/dodo-inflatables.com\/cs\/produkt\/prepravni-taska-na-skakaci-hrad-xs-copy\/#primaryimage"},"image":{"@id":"https:\/\/dodo-inflatables.com\/cs\/produkt\/prepravni-taska-na-skakaci-hrad-xs-copy\/#primaryimage"},"thumbnailUrl":"https:\/\/dodo-inflatables.com\/wp-content\/uploads\/2024\/07\/S-Bouncy-castle-Transport-bag.jpg","datePublished":"2024-07-10T11:09:06+00:00","dateModified":"2024-07-10T11:12:15+00:00","description":"Zakupte si p\u0159epravn\u00ed vaky pro nafukovac\u00ed atrakce a sk\u00e1kac\u00ed hrady na Dodo-Inflatables.com | Certifikov\u00e1no podle EN14960 | Rychl\u00e9 dod\u00e1n\u00ed!","breadcrumb":{"@id":"https:\/\/dodo-inflatables.com\/cs\/produkt\/prepravni-taska-na-skakaci-hrad-xs-copy\/#breadcrumb"},"inLanguage":"cs","potentialAction":[{"@type":"ReadAction","target":["https:\/\/dodo-inflatables.com\/cs\/produkt\/prepravni-taska-na-skakaci-hrad-xs-copy\/"]}]},{"@type":"ImageObject","inLanguage":"cs","@id":"https:\/\/dodo-inflatables.com\/cs\/produkt\/prepravni-taska-na-skakaci-hrad-xs-copy\/#primaryimage","url":"https:\/\/dodo-inflatables.com\/wp-content\/uploads\/2024\/07\/S-Bouncy-castle-Transport-bag.jpg","contentUrl":"https:\/\/dodo-inflatables.com\/wp-content\/uploads\/2024\/07\/S-Bouncy-castle-Transport-bag.jpg","width":1000,"height":1000},{"@type":"BreadcrumbList","@id":"https:\/\/dodo-inflatables.com\/cs\/produkt\/prepravni-taska-na-skakaci-hrad-xs-copy\/#breadcrumb","itemListElement":[{"@type":"ListItem","position":1,"name":"Dom\u016f","item":"https:\/\/dodo-inflatables.com\/cs\/"},{"@type":"ListItem","position":2,"name":"Obchod","item":"https:\/\/dodo-inflatables.com\/cs\/obchod\/"},{"@type":"ListItem","position":3,"name":"P\u0159epravn\u00ed ta\u0161ka na sk\u00e1kac\u00ed hrad S"}]},{"@type":"WebSite","@id":"https:\/\/dodo-inflatables.com\/cs\/#website","url":"https:\/\/dodo-inflatables.com\/cs\/","name":"dodo-inflatables.com","description":"Nakupujte sk\u00e1kac\u00ed hrady a atrakce v na\u0161em obchod\u011b.","publisher":{"@id":"https:\/\/dodo-inflatables.com\/cs\/#organization"},"potentialAction":[{"@type":"SearchAction","target":{"@type":"EntryPoint","urlTemplate":"https:\/\/dodo-inflatables.com\/cs\/?s={search_term_string}"},"query-input":{"@type":"PropertyValueSpecification","valueRequired":true,"valueName":"search_term_string"}}],"inLanguage":"cs"},{"@type":"Organization","@id":"https:\/\/dodo-inflatables.com\/cs\/#organization","name":"dodo-inflatables.com","url":"https:\/\/dodo-inflatables.com\/cs\/","logo":{"@type":"ImageObject","inLanguage":"cs","@id":"https:\/\/dodo-inflatables.com\/cs\/#\/schema\/logo\/image\/","url":"https:\/\/dodo-inflatables.com\/wp-content\/uploads\/2023\/04\/cropped-cropped-cropped-Dodo-Logo.png","contentUrl":"https:\/\/dodo-inflatables.com\/wp-content\/uploads\/2023\/04\/cropped-cropped-cropped-Dodo-Logo.png","width":2996,"height":1545,"caption":"dodo-inflatables.com"},"image":{"@id":"https:\/\/dodo-inflatables.com\/cs\/#\/schema\/logo\/image\/"}}]}},"uagb_featured_image_src":{"full":["https:\/\/dodo-inflatables.com\/wp-content\/uploads\/2024\/07\/S-Bouncy-castle-Transport-bag.jpg",1000,1000,false],"thumbnail":["https:\/\/dodo-inflatables.com\/wp-content\/uploads\/2024\/07\/S-Bouncy-castle-Transport-bag-150x150.jpg",150,150,true],"medium":["https:\/\/dodo-inflatables.com\/wp-content\/uploads\/2024\/07\/S-Bouncy-castle-Transport-bag-300x300.jpg",300,300,true],"medium_large":["https:\/\/dodo-inflatables.com\/wp-content\/uploads\/2024\/07\/S-Bouncy-castle-Transport-bag-768x768.jpg",768,768,true],"large":["https:\/\/dodo-inflatables.com\/wp-content\/uploads\/2024\/07\/S-Bouncy-castle-Transport-bag.jpg",1000,1000,false],"1536x1536":["https:\/\/dodo-inflatables.com\/wp-content\/uploads\/2024\/07\/S-Bouncy-castle-Transport-bag.jpg",1000,1000,false],"2048x2048":["https:\/\/dodo-inflatables.com\/wp-content\/uploads\/2024\/07\/S-Bouncy-castle-Transport-bag.jpg",1000,1000,false],"woocommerce_thumbnail":["https:\/\/dodo-inflatables.com\/wp-content\/uploads\/2024\/07\/S-Bouncy-castle-Transport-bag-900x900.jpg",900,900,true],"woocommerce_single":["https:\/\/dodo-inflatables.com\/wp-content\/uploads\/2024\/07\/S-Bouncy-castle-Transport-bag-900x900.jpg",900,900,true],"woocommerce_gallery_thumbnail":["https:\/\/dodo-inflatables.com\/wp-content\/uploads\/2024\/07\/S-Bouncy-castle-Transport-bag-100x100.jpg",100,100,true]},"uagb_author_info":{"display_name":"Andreas","author_link":"https:\/\/dodo-inflatables.com\/cs\/author\/"},"uagb_comment_info":0,"uagb_excerpt":"P\u0159epravn\u00ed ta\u0161ka velikosti S (pr\u016fm\u011br 90 cm, v\u00fd\u0161ka 120 cm) Materi\u00e1l: PVC (0,55 mm \/ 621,3 g\/m2) Sm\u00ed\u0161en\u00e9 barvy","_links":{"self":[{"href":"https:\/\/dodo-inflatables.com\/cs\/wp-json\/wp\/v2\/product\/16181","targetHints":{"allow":["GET"]}}],"collection":[{"href":"https:\/\/dodo-inflatables.com\/cs\/wp-json\/wp\/v2\/product"}],"about":[{"href":"https:\/\/dodo-inflatables.com\/cs\/wp-json\/wp\/v2\/types\/product"}],"replies":[{"embeddable":true,"href":"https:\/\/dodo-inflatables.com\/cs\/wp-json\/wp\/v2\/comments?post=16181"}],"wp:featuredmedia":[{"embeddable":true,"href":"https:\/\/dodo-inflatables.com\/cs\/wp-json\/wp\/v2\/media\/55147"}],"wp:attachment":[{"href":"https:\/\/dodo-inflatables.com\/cs\/wp-json\/wp\/v2\/media?parent=16181"}],"wp:term":[{"taxonomy":"product_brand","embeddable":true,"href":"https:\/\/dodo-inflatables.com\/cs\/wp-json\/wp\/v2\/product_brand?post=16181"},{"taxonomy":"product_cat","embeddable":true,"href":"https:\/\/dodo-inflatables.com\/cs\/wp-json\/wp\/v2\/product_cat?post=16181"},{"taxonomy":"product_tag","embeddable":true,"href":"https:\/\/dodo-inflatables.com\/cs\/wp-json\/wp\/v2\/product_tag?post=16181"}],"curies":[{"name":"wp","href":"https:\/\/api.w.org\/{rel}","templated":true}]}}