{"id":71152,"date":"2025-07-03T16:23:09","date_gmt":"2025-07-03T14:23:09","guid":{"rendered":"https:\/\/dodo-inflatables.com\/?post_type=product&#038;p=71152"},"modified":"2025-08-22T16:49:59","modified_gmt":"2025-08-22T14:49:59","slug":"skakaci-hrad-multiplay-futbalovy-stadion","status":"publish","type":"product","link":"https:\/\/dodo-inflatables.com\/cs\/produkt\/skakaci-hrad-multiplay-futbalovy-stadion\/","title":{"rendered":"Sk\u00e1kac\u00ed hrad Multiplay Futbalov\u00fd \u0161tadi\u00f3n"},"content":{"rendered":"<h2>Koupit Sk\u00e1kac\u00ed hrad Multiplay Futbalov\u00fd \u0161tadi\u00f3n<\/h2>\n<p>Za\u017eite nezabudnute\u013en\u00fd futbalov\u00fd z\u00e1\u017eitok s na\u0161ou \u201eMultiplay Futbalov\u00fd \u0161tadi\u00f3n\u201c. Farebn\u00e9 mot\u00edvy futbalistov, \u0161tadi\u00f3nov\u00e9 osvetlenie a ve\u013ek\u00fd poh\u00e1r na vrchole robia tento hrad absol\u00fatnym hitom na ka\u017edej akcii. Hern\u00e9 prvky ako lezeck\u00e1 stena a skluzavka prid\u00e1vaj\u00fa \u010fal\u0161\u00ed rozmer z\u00e1bavy.<\/p>\n<p>Sk\u00e1kac\u00ed hrad Multiplay Futbalov\u00fd \u0161tadi\u00f3n je dod\u00e1v\u00e1n v praktick\u00e9m p\u0159epravn\u00edm vaku a lze jej snadno postavit p\u0159ibli\u017en\u011b za 10 minut. Sou\u010d\u00e1st\u00ed balen\u00ed je sk\u00e1kac\u00ed hrad, p\u0159epravn\u00ed vak a opravn\u00e1 sada. Vezm\u011bte pros\u00edm na v\u011bdom\u00ed, \u017ee <a href=\"https:\/\/dodo-inflatables.com\/cs\/produkt\/dmychadlo-huawei-reh-1-5e-15ps\/\">dmychadlo<\/a> a <a href=\"https:\/\/dodo-inflatables.com\/cs\/produkt\/pozemni-list-5-x-6-metru\/\">podkladov\u00e1 plachta<\/a> nejsou sou\u010d\u00e1st\u00ed dod\u00e1vky \u2013 najdete je v na\u0161\u00ed kategorii <a href=\"https:\/\/dodo-inflatables.com\/cs\/kategorie-produktu\/prislusenstvi\/\">P\u0159\u00edslu\u0161enstv\u00ed<\/a>. Oba nab\u00edzen\u00e9 ventil\u00e1tory (<a href=\"https:\/\/dodo-inflatables.com\/cs\/produkt\/dmychadlo-huawei-reh-1-5e-15ps\/\">Huawei<\/a> a <a href=\"https:\/\/dodo-inflatables.com\/cs\/produkt\/dmychadlo-gibbons-fp5005-15ps\/\">Gibbons<\/a>) jsou pro tento sk\u00e1kac\u00ed hrad vhodn\u00e9.<\/p>\n<p>Vyrobeno z odoln\u00e9 PVC plachty (0,55 mm \/ 621,3 g\/m\u00b2) a certifikov\u00e1no podle normy DIN EN 14960, Sk\u00e1kac\u00ed hrad Multiplay Futbalov\u00fd \u0161tadi\u00f3n je kvalitn\u00ed produkt, kter\u00fd spl\u0148uje nejp\u0159\u00edsn\u011bj\u0161\u00ed bezpe\u010dnostn\u00ed normy.<\/p>\n<p>Sk\u00e1kac\u00ed hrad pou\u017e\u00edvejte v\u00fdhradn\u011b na vhodn\u00fdch podkladov\u00fdch placht\u00e1ch, abyste jej chr\u00e1nili p\u0159ed ostr\u00fdmi p\u0159edm\u011bty a od\u011brem. Doporu\u010dujeme instalaci na travnat\u00fd povrch a zaji\u0161t\u011bn\u00ed pomoc\u00ed na\u0161ich <a href=\"https:\/\/dodo-inflatables.com\/cs\/produkt\/zemni-koliky-pro-upevneni-nafukovaciho-zarizeni\/\">kotv\u00edc\u00edch kol\u00edk\u016f<\/a> pro maxim\u00e1ln\u00ed bezpe\u010dnost. Po ka\u017ed\u00e9m pou\u017eit\u00ed by m\u011bl b\u00fdt sk\u00e1kac\u00ed hrad op\u011bt such\u00fd a \u0159\u00e1dn\u011b zabalen, aby byl chr\u00e1n\u011bn p\u0159ed vn\u011bj\u0161\u00edmi vlivy a po\u0161kozen\u00edm p\u0159i p\u0159eprav\u011b.<\/p>\n<p>\u26a0\ufe0f Pro provoz sk\u00e1kac\u00edho hradu je pot\u0159eba pouze <strong>jeden ventil\u00e1tor<\/strong>. Druh\u00e1 vzduchov\u00e1 trubice je pouze alternativou \u2013 nap\u0159. pokud je na m\u00edst\u011b probl\u00e9m s prostorem a jin\u00fd p\u0159\u00edvod je v\u00fdhodn\u011bj\u0161\u00ed \u2013 nebo m\u016f\u017ee b\u00fdt pou\u017eita pro rychlej\u0161\u00ed vypu\u0161t\u011bn\u00ed vzduchu p\u0159i demont\u00e1\u017ei.<\/p>\n<div class=\"product-description\">\n<p><!-- Gelbe Info-Box --><\/p>\n<div class=\"yellow-box\">\n<h2>Detaily Mulitplay Fu\u00dfballstadion<\/h2>\n<div class=\"info-container\">\n<p><!-- Erste Zeile --><\/p>\n<div class=\"info-group\">\n<div class=\"info-column\">\n<h3>Rozm\u011bry &#038; u\u017eivatel\u00e9<\/h3>\n<ul>\n<li><strong>Rozm\u011bry<\/strong>: 7,60 m x 6,90 m x 5,50 m *  (D x \u0160 x V)<\/li>\n<li><strong>Sk\u00e1kac\u00ed plocha<\/strong>: 4,20 x 6,00 m * (D x \u0160)<\/li>\n<li><strong>V\u00fd\u0161ka skluzavky<\/strong>: 2,30 m + 50 cm v\u00fd\u0161ka od zem\u011b *<\/li>\n<li>Vhodn\u00e9 pro cca <strong>14 d\u011bt\u00ed<\/strong> (v z\u00e1vislosti na v\u011bku a velikosti)<\/li>\n<li><strong>Maxim\u00e1ln\u00ed v\u00fd\u0161ka<\/strong> u\u017eivatel\u016f: 1,50 m<\/li>\n<\/ul>\n<\/div>\n<div class=\"info-column\">\n<h3>Mont\u00e1\u017e a demont\u00e1\u017e<\/h3>\n<ul>\n<li><strong>Rozm\u011bry balen\u00ed<\/strong>: V\u00fd\u0161ka 130 cm, Pr\u016fm\u011br 120 cm<\/li>\n<li><strong>Hmotnost<\/strong>: cca 210 kg<\/li>\n<li><strong>Doba mont\u00e1\u017ee<\/strong>: 10\u201320 minut<\/li>\n<li><strong>Po\u017eadovan\u00fd ventil\u00e1tor<\/strong>: <span style=\"color: #ffffff\"><a style=\"color: #ffffff\" href=\"https:\/\/dodo-inflatables.com\/cs\/produkt\/dmychadlo-huawei-reh-2e-2ps\/\">1 x Huawei REH-2E \u2013 2 PS<\/a><\/span><\/li>\n<li><strong>Pot\u0159ebn\u00fd prostor<\/strong>: 12,90 x 10,50 m (D x \u0160) (podle DIN EN14960) <span class=\"tooltip\"><em><span style=\"color: #ffffff\">Co to znamen\u00e1?<\/span><\/em><span class=\"tooltiptext\"> Podle normy DIN mus\u00ed b\u00fdt kolem sk\u00e1kac\u00edho hradu 1,80 m voln\u00e9ho m\u00edsta a 3,50 m p\u0159ed otev\u0159enou stranou. Slou\u017e\u00ed k bezpe\u010dnosti, proveden\u00ed z\u00e1vis\u00ed na va\u0161em uv\u00e1\u017een\u00ed.<\/span><\/span><\/li>\n<\/ul>\n<\/div>\n<div class=\"info-column\">\n<h3>Vlastnosti<\/h3>\n<ul>\n<li><strong>Certifikace<\/strong> dle EN 14960<\/li>\n<li>Materi\u00e1l: PVC (0,55 mm \/ 621,3 g\/m\u00b2)<\/li>\n<li>2\u20134n\u00e1sobn\u011b pro\u0161\u00edvan\u00e9<\/li>\n<li>Pomal\u00e9 ho\u0159en\u00ed<\/li>\n<li>Sk\u00e1kac\u00ed plocha s ochrann\u00fdm p\u00e1sem, zip s krytem na such\u00fd zip, vyztu\u017een\u00e9 rohy<\/li>\n<\/ul>\n<\/div>\n<\/div>\n<p><!-- Zweite Zeile (Duplikat direkt darunter) --><\/p>\n<div class=\"info-group\">\n<div class=\"info-column\">\n<h3>Obsah balen\u00ed<\/h3>\n<ul class=\"check-list\">\n<li>Obs\u00e1hl\u00fd n\u00e1vod s bezpe\u010dnostn\u00edmi pokyny, pokyny k mont\u00e1\u017ei a demont\u00e1\u017ei a tipy na pron\u00e1jem<\/li>\n<li>Odpov\u00eddaj\u00edc\u00ed p\u0159epravn\u00ed vak<\/li>\n<li>Opravn\u00e1 sada<\/li>\n<\/ul>\n<\/div>\n<div class=\"info-column\">\n<h3>Neobsahuje<\/h3>\n<ul class=\"cross-list\">\n<li><a style=\"color: #ffffff\" href=\"https:\/\/dodo-inflatables.com\/cs\/produkt\/dmychadlo-huawei-reh-1-5e-15ps\/\">Dmychadlo<\/a><\/li>\n<li><a style=\"color: #ffffff\" href=\"https:\/\/dodo-inflatables.com\/cs\/produkt\/pozemni-list-5-x-6-metru\/\">Podkladov\u00e1 plachta<\/a><\/li>\n<li><a style=\"color: #ffffff\" href=\"https:\/\/dodo-inflatables.com\/cs\/produkt\/zemni-koliky-pro-upevneni-nafukovaciho-zarizeni\/\">Kotv\u00edc\u00ed kol\u00edky<\/a><\/li>\n<li><a style=\"color: #ffffff\" href=\"https:\/\/dodo-inflatables.com\/cs\/produkt\/rohoze-proti-padu-240-x-120-x-5-cm\/\">Ochrann\u00e9 podlo\u017eky<\/a><\/li>\n<li>Dal\u0161\u00ed p\u0159\u00edslu\u0161enstv\u00ed<\/li>\n<\/ul>\n<\/div>\n<div class=\"info-column\"><\/div>\n<\/div>\n<\/div>\n<\/div>\n<\/div>\n<h3>D\u016fle\u017eit\u00e9 informace k provozu<\/h3>\n<p>Sk\u00e1kac\u00ed hrad Multiplay Futbalov\u00fd \u0161tadi\u00f3n je profesion\u00e1ln\u00ed modul vyroben\u00fd a testovan\u00fd podle p\u0159\u00edsn\u00fdch pokyn\u016f normy DIN EN 14960, co\u017e znamen\u00e1, \u017ee je bezpe\u010dn\u00fd a spolehliv\u00fd. D\u00edky tomu je ide\u00e1ln\u00ed pro profesion\u00e1ln\u00ed p\u016fj\u010dovny. Dbejte pros\u00edm na to, aby sk\u00e1kac\u00ed hrad pou\u017e\u00edvaly pouze d\u011bti, nikoliv dosp\u011bl\u00ed!<\/p>\n<p>Dmychadlo (nen\u00ed sou\u010d\u00e1st\u00ed dod\u00e1vky) mus\u00ed b\u011bhem pou\u017e\u00edv\u00e1n\u00ed b\u011b\u017eet neust\u00e1le a men\u0161\u00ed \u00fanik vzduchu otvory je nutn\u00fd, aby sk\u00e1kac\u00ed hrad nepraskl.<\/p>\n<p>Z\u00edskejte nyn\u00ed Sk\u00e1kac\u00ed hrad Multiplay Futbalov\u00fd \u0161tadi\u00f3n a za\u017eijte nezapomenuteln\u00e9 chv\u00edle pln\u00e9 z\u00e1bavy a dobrodru\u017estv\u00ed!<\/p>\n<p><em>Tento model je chr\u00e1n\u011bn registrovan\u00fdm pr\u016fmyslov\u00fdm vzorem platn\u00fdm v cel\u00e9 EU.<\/em><\/p>\n<div class=\"green-box\">\n<p><img decoding=\"async\" src=\"https:\/\/dodo-inflatables.com\/wp-content\/uploads\/2025\/04\/CZ-1.png\" alt=\"Leitfaden\" \/><\/p>\n<div class=\"text-container\">\n<h3>Po n\u00e1kupu obdr\u017e\u00edte 23str\u00e1nkov\u00fd n\u00e1vod, kter\u00fd obsahuje:<\/h3>\n<ul>\n<li>Bezpe\u010dnostn\u00ed pokyny pro mont\u00e1\u017e, demont\u00e1\u017e a provoz sk\u00e1kac\u00edho hradu<\/li>\n<li>Certifik\u00e1t DIN EN 14960 a individu\u00e1ln\u00ed s\u00e9riov\u00e9 \u010d\u00edslo<\/li>\n<li>Podrobn\u00fd n\u00e1vod k mont\u00e1\u017ei a demont\u00e1\u017ei<\/li>\n<li>Pokyny k inspekci a \u00fadr\u017eb\u011b<\/li>\n<li>Doporu\u010den\u00ed pro pou\u017e\u00edv\u00e1n\u00ed p\u0159i pron\u00e1jmu<\/li>\n<\/ul>\n<\/div>\n<\/div>\n","protected":false},"excerpt":{"rendered":"<h4>[gzd_product_delivery_time]<\/h4>\n<div class=\"delivery-info\">\n<p>Pokud bude objedn\u00e1vka a platba p\u0159ijata <b>do 11:00<\/b>,<br \/>\nzbo\u017e\u00ed bude odesl\u00e1no je\u0161t\u011b tent\u00fd\u017e den!<\/p>\n<p><i class=\"fas fa-shipping-fast\"><\/i> &nbsp;&nbsp;Doba doru\u010den\u00ed: cca 2 \u2013 8 pracovn\u00edch dn\u00ed (Doru\u010den\u00ed z N\u011bmecka)<br \/>\n<i class=\"fas fa-expand-arrows-alt\"><\/i> &nbsp;&nbsp;&nbsp;Rozm\u011bry: 7,60 m x 6,90 m x 5,50 m * (D \u00d7 \u0160 \u00d7 V)<br \/>\n<i class=\"fas fa-users\"><\/i> &nbsp;&nbsp;Vhodn\u00e9 pro cca 14 d\u011bt\u00ed (v z\u00e1vislosti na v\u011bku a velikosti)<br \/>\n<i class=\"fas fa-award\"><\/i> &nbsp;&nbsp;&nbsp;Certifikov\u00e1no dle normy DIN EN 14960<br \/>\n<i class=\"fas fa-book\"><\/i> &nbsp;&nbsp;&nbsp;N\u00e1vod s certifik\u00e1tem a s\u00e9riov\u00fdm \u010d\u00edslem<\/p>\n<\/div>\n","protected":false},"featured_media":87792,"comment_status":"open","ping_status":"closed","template":"","meta":{"_acf_changed":false,"_uag_custom_page_level_css":"","site-sidebar-layout":"default","site-content-layout":"boxed-container","ast-site-content-layout":"normal-width-container","site-content-style":"boxed","site-sidebar-style":"boxed","ast-global-header-display":"","ast-banner-title-visibility":"","ast-main-header-display":"","ast-hfb-above-header-display":"","ast-hfb-below-header-display":"","ast-hfb-mobile-header-display":"","site-post-title":"disabled","ast-breadcrumbs-content":"","ast-featured-img":"","footer-sml-layout":"","ast-disable-related-posts":"","theme-transparent-header-meta":"default","adv-header-id-meta":"","stick-header-meta":"default","header-above-stick-meta":"","header-main-stick-meta":"","header-below-stick-meta":"","astra-migrate-meta-layouts":"set","ast-page-background-enabled":"default","ast-page-background-meta":{"desktop":{"background-color":"var(--ast-global-color-4)","background-image":"","background-repeat":"repeat","background-position":"center center","background-size":"auto","background-attachment":"scroll","background-type":"","background-media":"","overlay-type":"","overlay-color":"","overlay-opacity":"","overlay-gradient":""},"tablet":{"background-color":"","background-image":"","background-repeat":"repeat","background-position":"center center","background-size":"auto","background-attachment":"scroll","background-type":"","background-media":"","overlay-type":"","overlay-color":"","overlay-opacity":"","overlay-gradient":""},"mobile":{"background-color":"","background-image":"","background-repeat":"repeat","background-position":"center center","background-size":"auto","background-attachment":"scroll","background-type":"","background-media":"","overlay-type":"","overlay-color":"","overlay-opacity":"","overlay-gradient":""}},"ast-content-background-meta":{"desktop":{"background-color":"var(--ast-global-color-5)","background-image":"","background-repeat":"repeat","background-position":"center center","background-size":"auto","background-attachment":"scroll","background-type":"","background-media":"","overlay-type":"","overlay-color":"","overlay-opacity":"","overlay-gradient":""},"tablet":{"background-color":"var(--ast-global-color-5)","background-image":"","background-repeat":"repeat","background-position":"center center","background-size":"auto","background-attachment":"scroll","background-type":"","background-media":"","overlay-type":"","overlay-color":"","overlay-opacity":"","overlay-gradient":""},"mobile":{"background-color":"var(--ast-global-color-5)","background-image":"","background-repeat":"repeat","background-position":"center center","background-size":"auto","background-attachment":"scroll","background-type":"","background-media":"","overlay-type":"","overlay-color":"","overlay-opacity":"","overlay-gradient":""}}},"product_brand":[],"product_cat":[1179,1186],"product_tag":[1188],"class_list":{"0":"post-71152","1":"product","2":"type-product","3":"status-publish","4":"has-post-thumbnail","6":"product_cat-skakaci-hrady","7":"product_cat-slides-cs","8":"product_tag-se-skluzem","9":"product_shipping_class-spedition-hupfburg-cs","10":"pa_gtin-5261","11":"pa_height-510-m-550-m-cs-2","12":"pa_height-of-the-slide-210-m-250-m-cs","13":"pa_type-of-bouncy-castle-multiplay-cs-2","14":"pa_width-660-m-700-m-cs-2","15":"desktop-align-center","16":"tablet-align-center","17":"mobile-align-center","18":"ast-product-gallery-layout-horizontal","19":"ast-product-tabs-layout-horizontal","21":"first","22":"instock","23":"taxable","24":"shipping-taxable","25":"purchasable","26":"product-type-simple"},"acf":[],"yoast_head":"<!-- This site is optimized with the Yoast SEO plugin v27.4 - https:\/\/yoast.com\/product\/yoast-seo-wordpress\/ -->\n<title>Koupit Sk\u00e1kac\u00ed hrad Multiplay Futbalov\u00fd \u0161tadi\u00f3n<\/title>\n<meta name=\"description\" content=\"Kupte Sk\u00e1kac\u00ed hrad Multiplay Futbalov\u00fd \u0161tadi\u00f3n pro soukrom\u00e9 i komer\u010dn\u00ed pou\u017eit\u00ed v \u010cesku. T\u00dcV certifikace, dle EN 14960, ihned k dod\u00e1n\u00ed.\" \/>\n<meta name=\"robots\" content=\"index, follow, max-snippet:-1, max-image-preview:large, max-video-preview:-1\" \/>\n<link rel=\"canonical\" href=\"https:\/\/dodo-inflatables.com\/cs\/produkt\/skakaci-hrad-multiplay-futbalovy-stadion\/\" \/>\n<meta name=\"twitter:label1\" content=\"Odhadovan\u00e1 doba \u010dten\u00ed\" \/>\n\t<meta name=\"twitter:data1\" content=\"4 minuty\" \/>\n<script type=\"application\/ld+json\" class=\"yoast-schema-graph\">{\"@context\":\"https:\\\/\\\/schema.org\",\"@graph\":[{\"@type\":\"WebPage\",\"@id\":\"https:\\\/\\\/dodo-inflatables.com\\\/cs\\\/produkt\\\/skakaci-hrad-multiplay-futbalovy-stadion\\\/\",\"url\":\"https:\\\/\\\/dodo-inflatables.com\\\/cs\\\/produkt\\\/skakaci-hrad-multiplay-futbalovy-stadion\\\/\",\"name\":\"Koupit Sk\u00e1kac\u00ed hrad Multiplay Futbalov\u00fd \u0161tadi\u00f3n\",\"isPartOf\":{\"@id\":\"https:\\\/\\\/dodo-inflatables.com\\\/cs\\\/#website\"},\"primaryImageOfPage\":{\"@id\":\"https:\\\/\\\/dodo-inflatables.com\\\/cs\\\/produkt\\\/skakaci-hrad-multiplay-futbalovy-stadion\\\/#primaryimage\"},\"image\":{\"@id\":\"https:\\\/\\\/dodo-inflatables.com\\\/cs\\\/produkt\\\/skakaci-hrad-multiplay-futbalovy-stadion\\\/#primaryimage\"},\"thumbnailUrl\":\"https:\\\/\\\/dodo-inflatables.com\\\/wp-content\\\/uploads\\\/2025\\\/04\\\/15-1.png\",\"datePublished\":\"2025-07-03T14:23:09+00:00\",\"dateModified\":\"2025-08-22T14:49:59+00:00\",\"description\":\"Kupte Sk\u00e1kac\u00ed hrad Multiplay Futbalov\u00fd \u0161tadi\u00f3n pro soukrom\u00e9 i komer\u010dn\u00ed pou\u017eit\u00ed v \u010cesku. T\u00dcV certifikace, dle EN 14960, ihned k dod\u00e1n\u00ed.\",\"breadcrumb\":{\"@id\":\"https:\\\/\\\/dodo-inflatables.com\\\/cs\\\/produkt\\\/skakaci-hrad-multiplay-futbalovy-stadion\\\/#breadcrumb\"},\"inLanguage\":\"cs\",\"potentialAction\":[{\"@type\":\"ReadAction\",\"target\":[\"https:\\\/\\\/dodo-inflatables.com\\\/cs\\\/produkt\\\/skakaci-hrad-multiplay-futbalovy-stadion\\\/\"]}]},{\"@type\":\"ImageObject\",\"inLanguage\":\"cs\",\"@id\":\"https:\\\/\\\/dodo-inflatables.com\\\/cs\\\/produkt\\\/skakaci-hrad-multiplay-futbalovy-stadion\\\/#primaryimage\",\"url\":\"https:\\\/\\\/dodo-inflatables.com\\\/wp-content\\\/uploads\\\/2025\\\/04\\\/15-1.png\",\"contentUrl\":\"https:\\\/\\\/dodo-inflatables.com\\\/wp-content\\\/uploads\\\/2025\\\/04\\\/15-1.png\",\"width\":1000,\"height\":1000},{\"@type\":\"BreadcrumbList\",\"@id\":\"https:\\\/\\\/dodo-inflatables.com\\\/cs\\\/produkt\\\/skakaci-hrad-multiplay-futbalovy-stadion\\\/#breadcrumb\",\"itemListElement\":[{\"@type\":\"ListItem\",\"position\":1,\"name\":\"Dom\u016f\",\"item\":\"https:\\\/\\\/dodo-inflatables.com\\\/cs\\\/\"},{\"@type\":\"ListItem\",\"position\":2,\"name\":\"Obchod\",\"item\":\"https:\\\/\\\/dodo-inflatables.com\\\/cs\\\/obchod\\\/\"},{\"@type\":\"ListItem\",\"position\":3,\"name\":\"Sk\u00e1kac\u00ed hrad Multiplay Futbalov\u00fd \u0161tadi\u00f3n\"}]},{\"@type\":\"WebSite\",\"@id\":\"https:\\\/\\\/dodo-inflatables.com\\\/cs\\\/#website\",\"url\":\"https:\\\/\\\/dodo-inflatables.com\\\/cs\\\/\",\"name\":\"dodo-inflatables.com\",\"description\":\"Nakupujte sk\u00e1kac\u00ed hrady a atrakce v na\u0161em obchod\u011b.\",\"publisher\":{\"@id\":\"https:\\\/\\\/dodo-inflatables.com\\\/cs\\\/#organization\"},\"potentialAction\":[{\"@type\":\"SearchAction\",\"target\":{\"@type\":\"EntryPoint\",\"urlTemplate\":\"https:\\\/\\\/dodo-inflatables.com\\\/cs\\\/?s={search_term_string}\"},\"query-input\":{\"@type\":\"PropertyValueSpecification\",\"valueRequired\":true,\"valueName\":\"search_term_string\"}}],\"inLanguage\":\"cs\"},{\"@type\":\"Organization\",\"@id\":\"https:\\\/\\\/dodo-inflatables.com\\\/cs\\\/#organization\",\"name\":\"dodo-inflatables.com\",\"url\":\"https:\\\/\\\/dodo-inflatables.com\\\/cs\\\/\",\"logo\":{\"@type\":\"ImageObject\",\"inLanguage\":\"cs\",\"@id\":\"https:\\\/\\\/dodo-inflatables.com\\\/cs\\\/#\\\/schema\\\/logo\\\/image\\\/\",\"url\":\"https:\\\/\\\/dodo-inflatables.com\\\/wp-content\\\/uploads\\\/2023\\\/04\\\/cropped-cropped-cropped-Dodo-Logo.png\",\"contentUrl\":\"https:\\\/\\\/dodo-inflatables.com\\\/wp-content\\\/uploads\\\/2023\\\/04\\\/cropped-cropped-cropped-Dodo-Logo.png\",\"width\":2996,\"height\":1545,\"caption\":\"dodo-inflatables.com\"},\"image\":{\"@id\":\"https:\\\/\\\/dodo-inflatables.com\\\/cs\\\/#\\\/schema\\\/logo\\\/image\\\/\"}}]}<\/script>\n<!-- \/ Yoast SEO plugin. -->","yoast_head_json":{"title":"Koupit Sk\u00e1kac\u00ed hrad Multiplay Futbalov\u00fd \u0161tadi\u00f3n","description":"Kupte Sk\u00e1kac\u00ed hrad Multiplay Futbalov\u00fd \u0161tadi\u00f3n pro soukrom\u00e9 i komer\u010dn\u00ed pou\u017eit\u00ed v \u010cesku. T\u00dcV certifikace, dle EN 14960, ihned k dod\u00e1n\u00ed.","robots":{"index":"index","follow":"follow","max-snippet":"max-snippet:-1","max-image-preview":"max-image-preview:large","max-video-preview":"max-video-preview:-1"},"canonical":"https:\/\/dodo-inflatables.com\/cs\/produkt\/skakaci-hrad-multiplay-futbalovy-stadion\/","twitter_misc":{"Odhadovan\u00e1 doba \u010dten\u00ed":"4 minuty"},"schema":{"@context":"https:\/\/schema.org","@graph":[{"@type":"WebPage","@id":"https:\/\/dodo-inflatables.com\/cs\/produkt\/skakaci-hrad-multiplay-futbalovy-stadion\/","url":"https:\/\/dodo-inflatables.com\/cs\/produkt\/skakaci-hrad-multiplay-futbalovy-stadion\/","name":"Koupit Sk\u00e1kac\u00ed hrad Multiplay Futbalov\u00fd \u0161tadi\u00f3n","isPartOf":{"@id":"https:\/\/dodo-inflatables.com\/cs\/#website"},"primaryImageOfPage":{"@id":"https:\/\/dodo-inflatables.com\/cs\/produkt\/skakaci-hrad-multiplay-futbalovy-stadion\/#primaryimage"},"image":{"@id":"https:\/\/dodo-inflatables.com\/cs\/produkt\/skakaci-hrad-multiplay-futbalovy-stadion\/#primaryimage"},"thumbnailUrl":"https:\/\/dodo-inflatables.com\/wp-content\/uploads\/2025\/04\/15-1.png","datePublished":"2025-07-03T14:23:09+00:00","dateModified":"2025-08-22T14:49:59+00:00","description":"Kupte Sk\u00e1kac\u00ed hrad Multiplay Futbalov\u00fd \u0161tadi\u00f3n pro soukrom\u00e9 i komer\u010dn\u00ed pou\u017eit\u00ed v \u010cesku. T\u00dcV certifikace, dle EN 14960, ihned k dod\u00e1n\u00ed.","breadcrumb":{"@id":"https:\/\/dodo-inflatables.com\/cs\/produkt\/skakaci-hrad-multiplay-futbalovy-stadion\/#breadcrumb"},"inLanguage":"cs","potentialAction":[{"@type":"ReadAction","target":["https:\/\/dodo-inflatables.com\/cs\/produkt\/skakaci-hrad-multiplay-futbalovy-stadion\/"]}]},{"@type":"ImageObject","inLanguage":"cs","@id":"https:\/\/dodo-inflatables.com\/cs\/produkt\/skakaci-hrad-multiplay-futbalovy-stadion\/#primaryimage","url":"https:\/\/dodo-inflatables.com\/wp-content\/uploads\/2025\/04\/15-1.png","contentUrl":"https:\/\/dodo-inflatables.com\/wp-content\/uploads\/2025\/04\/15-1.png","width":1000,"height":1000},{"@type":"BreadcrumbList","@id":"https:\/\/dodo-inflatables.com\/cs\/produkt\/skakaci-hrad-multiplay-futbalovy-stadion\/#breadcrumb","itemListElement":[{"@type":"ListItem","position":1,"name":"Dom\u016f","item":"https:\/\/dodo-inflatables.com\/cs\/"},{"@type":"ListItem","position":2,"name":"Obchod","item":"https:\/\/dodo-inflatables.com\/cs\/obchod\/"},{"@type":"ListItem","position":3,"name":"Sk\u00e1kac\u00ed hrad Multiplay Futbalov\u00fd \u0161tadi\u00f3n"}]},{"@type":"WebSite","@id":"https:\/\/dodo-inflatables.com\/cs\/#website","url":"https:\/\/dodo-inflatables.com\/cs\/","name":"dodo-inflatables.com","description":"Nakupujte sk\u00e1kac\u00ed hrady a atrakce v na\u0161em obchod\u011b.","publisher":{"@id":"https:\/\/dodo-inflatables.com\/cs\/#organization"},"potentialAction":[{"@type":"SearchAction","target":{"@type":"EntryPoint","urlTemplate":"https:\/\/dodo-inflatables.com\/cs\/?s={search_term_string}"},"query-input":{"@type":"PropertyValueSpecification","valueRequired":true,"valueName":"search_term_string"}}],"inLanguage":"cs"},{"@type":"Organization","@id":"https:\/\/dodo-inflatables.com\/cs\/#organization","name":"dodo-inflatables.com","url":"https:\/\/dodo-inflatables.com\/cs\/","logo":{"@type":"ImageObject","inLanguage":"cs","@id":"https:\/\/dodo-inflatables.com\/cs\/#\/schema\/logo\/image\/","url":"https:\/\/dodo-inflatables.com\/wp-content\/uploads\/2023\/04\/cropped-cropped-cropped-Dodo-Logo.png","contentUrl":"https:\/\/dodo-inflatables.com\/wp-content\/uploads\/2023\/04\/cropped-cropped-cropped-Dodo-Logo.png","width":2996,"height":1545,"caption":"dodo-inflatables.com"},"image":{"@id":"https:\/\/dodo-inflatables.com\/cs\/#\/schema\/logo\/image\/"}}]}},"uagb_featured_image_src":{"full":["https:\/\/dodo-inflatables.com\/wp-content\/uploads\/2025\/04\/15-1.png",1000,1000,false],"thumbnail":["https:\/\/dodo-inflatables.com\/wp-content\/uploads\/2025\/04\/15-1-150x150.png",150,150,true],"medium":["https:\/\/dodo-inflatables.com\/wp-content\/uploads\/2025\/04\/15-1-300x300.png",300,300,true],"medium_large":["https:\/\/dodo-inflatables.com\/wp-content\/uploads\/2025\/04\/15-1-768x768.png",768,768,true],"large":["https:\/\/dodo-inflatables.com\/wp-content\/uploads\/2025\/04\/15-1.png",1000,1000,false],"1536x1536":["https:\/\/dodo-inflatables.com\/wp-content\/uploads\/2025\/04\/15-1.png",1000,1000,false],"2048x2048":["https:\/\/dodo-inflatables.com\/wp-content\/uploads\/2025\/04\/15-1.png",1000,1000,false],"woocommerce_thumbnail":["https:\/\/dodo-inflatables.com\/wp-content\/uploads\/2025\/04\/15-1-900x900.png",900,900,true],"woocommerce_single":["https:\/\/dodo-inflatables.com\/wp-content\/uploads\/2025\/04\/15-1-900x900.png",900,900,true],"woocommerce_gallery_thumbnail":["https:\/\/dodo-inflatables.com\/wp-content\/uploads\/2025\/04\/15-1-100x100.png",100,100,true]},"uagb_author_info":{"display_name":"Andreas","author_link":"https:\/\/dodo-inflatables.com\/cs\/author\/"},"uagb_comment_info":0,"uagb_excerpt":"[gzd_product_delivery_time] Pokud bude objedn\u00e1vka a platba p\u0159ijata do 11:00, zbo\u017e\u00ed bude odesl\u00e1no je\u0161t\u011b tent\u00fd\u017e den! &nbsp;&nbsp;Doba doru\u010den\u00ed: cca 2 \u2013 8 pracovn\u00edch dn\u00ed (Doru\u010den\u00ed z N\u011bmecka) &nbsp;&nbsp;&nbsp;Rozm\u011bry: 7,60 m x 6,90 m x 5,50 m * (D \u00d7 \u0160 \u00d7 V) &nbsp;&nbsp;Vhodn\u00e9 pro cca 14 d\u011bt\u00ed (v z\u00e1vislosti na v\u011bku a velikosti) &nbsp;&nbsp;&nbsp;Certifikov\u00e1no dle normy&hellip;","_links":{"self":[{"href":"https:\/\/dodo-inflatables.com\/cs\/wp-json\/wp\/v2\/product\/71152","targetHints":{"allow":["GET"]}}],"collection":[{"href":"https:\/\/dodo-inflatables.com\/cs\/wp-json\/wp\/v2\/product"}],"about":[{"href":"https:\/\/dodo-inflatables.com\/cs\/wp-json\/wp\/v2\/types\/product"}],"replies":[{"embeddable":true,"href":"https:\/\/dodo-inflatables.com\/cs\/wp-json\/wp\/v2\/comments?post=71152"}],"wp:featuredmedia":[{"embeddable":true,"href":"https:\/\/dodo-inflatables.com\/cs\/wp-json\/wp\/v2\/media\/87792"}],"wp:attachment":[{"href":"https:\/\/dodo-inflatables.com\/cs\/wp-json\/wp\/v2\/media?parent=71152"}],"wp:term":[{"taxonomy":"product_brand","embeddable":true,"href":"https:\/\/dodo-inflatables.com\/cs\/wp-json\/wp\/v2\/product_brand?post=71152"},{"taxonomy":"product_cat","embeddable":true,"href":"https:\/\/dodo-inflatables.com\/cs\/wp-json\/wp\/v2\/product_cat?post=71152"},{"taxonomy":"product_tag","embeddable":true,"href":"https:\/\/dodo-inflatables.com\/cs\/wp-json\/wp\/v2\/product_tag?post=71152"}],"curies":[{"name":"wp","href":"https:\/\/api.w.org\/{rel}","templated":true}]}}