{"id":16698,"date":"2024-03-04T17:37:09","date_gmt":"2024-03-04T16:37:09","guid":{"rendered":"https:\/\/dodo-inflatables.com\/koeb-kaelke-og-slotte-i-schweiz\/"},"modified":"2024-07-17T14:55:49","modified_gmt":"2024-07-17T12:55:49","slug":"koeb-kaelke-og-slotte-i-schweiz","status":"publish","type":"page","link":"https:\/\/dodo-inflatables.com\/da\/koeb-kaelke-og-slotte-i-schweiz\/","title":{"rendered":"K\u00f8b k\u00e6lke og slotte i Schweiz"},"content":{"rendered":"\n<h2 class=\"wp-block-heading has-text-align-center\"><strong>K\u00f8b k\u00e6lke og slotte i Schweiz<\/strong><\/h2>\n\n<figure class=\"wp-block-image aligncenter size-large\"><a href=\"https:\/\/dodo-inflatables.com\/wp-content\/uploads\/2022\/01\/seperator-kleiner.png\"><img fetchpriority=\"high\" decoding=\"async\" width=\"1024\" height=\"102\" src=\"https:\/\/dodo-inflatables.com\/wp-content\/uploads\/2022\/01\/seperator-kleiner-1024x102.png\" alt=\"\" class=\"wp-image-4026\" srcset=\"https:\/\/dodo-inflatables.com\/wp-content\/uploads\/2022\/01\/seperator-kleiner-1024x102.png 1024w, https:\/\/dodo-inflatables.com\/wp-content\/uploads\/2022\/01\/seperator-kleiner-900x90.png 900w, https:\/\/dodo-inflatables.com\/wp-content\/uploads\/2022\/01\/seperator-kleiner-300x30.png 300w, https:\/\/dodo-inflatables.com\/wp-content\/uploads\/2022\/01\/seperator-kleiner-768x77.png 768w, https:\/\/dodo-inflatables.com\/wp-content\/uploads\/2022\/01\/seperator-kleiner-1536x154.png 1536w, https:\/\/dodo-inflatables.com\/wp-content\/uploads\/2022\/01\/seperator-kleiner-340x34.png 340w, https:\/\/dodo-inflatables.com\/wp-content\/uploads\/2022\/01\/seperator-kleiner.png 2000w\" sizes=\"(max-width: 1024px) 100vw, 1024px\" \/><\/a><\/figure>\n\n<h3 class=\"wp-block-heading has-text-align-center\">Velkommen hos Dodo-Inflatables.com &#8211; vores onlinebutik med gonflable-strukturer i Europa!<\/h3>\n\n<p style=\"font-size:17px\">Plongez dans notre vaste s\u00e9lection de structures gonflables, de <a href=\"https:\/\/dodo-inflatables.com\/da\/vare-kategori\/bouncy-slotte\/\">ch\u00e2teaux gonflables<\/a> et de <a href=\"https:\/\/dodo-inflatables.com\/da\/vare-kategori\/slides-da\/\">toboggans<\/a> de haute qualit\u00e9 qui donneront \u00e0 chaque \u00e9v\u00e9nement un petit plus. Uanset om du \u00f8nsker en stor gonflable struktur til en virksomhedsbegivenhed, en lille gonflable struktur til en b\u00f8rnef\u00f8dselsdag eller en gonflable struktur med k\u00e6lk til en sommerfest, s\u00e5 finder du n\u00f8dvendigvis det, du har brug for hos os!<\/p>\n\n<p style=\"font-size:17px\">Vores sortiment omfatter ikke kun et stort udvalg af gonflede strukturer, men ogs\u00e5 et stort udvalg af<a href=\"https:\/\/dodo-inflatables.com\/da\/vare-kategori\/tilbehor\/\">tilbeh\u00f8r<\/a>, herunder souffleurs <a href=\"https:\/\/dodo-inflatables.com\/da\/vare\/gibbons-blaeser-fp5005-15-hk\/\" data-type=\"product\" data-id=\"81\">Gibbons<\/a> og <a href=\"https:\/\/dodo-inflatables.com\/da\/vare\/huawei-blaeser-reh-1-5e-15ps\/\" data-type=\"product\" data-id=\"2724\">Huawei<\/a> til gonflede strukturer.<\/p>\n\n<p style=\"font-size:17px\">L&#8217;envoi d&#8217;une structure gonflable et de ses accessoires en <strong>Suisse co\u00fbte 464,00 \u20ac<\/strong>. Hvis den gonflable struktur er p\u00e5 lager, vil den blive sendt straks efter modtagelse af din betaling. Levering i Schweiz varer ca. <strong>4 til 6 dage <\/strong>. Enl\u00e8vement par tes soins est possible dans notre entrep\u00f4t \u00e0 Munich, Allemagne.<\/p>\n\n<p style=\"font-size:17px\">Alle vores gondoler opfylder de strenge sikkerhedsnormer i <strong>DIN EN 14960<\/strong> og er tilpasset til privat og professionel brug. Du modtager efter afsendelsen af den gonflable struktur en detaljeret vejledning samt det certifikat, der svarer til din nye gonflable struktur.<\/p>\n\n<p style=\"font-size:17px\">Som kunde i et land, der ikke er medlem af EU, kan du k\u00f8be hos os uden at betale TVA. De angivne priser i netbutikken omfatter f\u00f8rst og fremmest den tyske TVA (19%), som derefter vil blive reduceret. Ved afsendelse til Schweiz betragtes du som en &#8220;import\u00f8r&#8221;. Den schweiziske importtold og toldafgifterne vil ogs\u00e5 blive indregnet. Vores forsendelsesomkostninger til Schweiz omfatter transportprisen, afregning og etablering af DAA.<\/p>\n\n<p style=\"font-size:17px\">Uanset om du er en privatperson, der leder efter en gonflable struktur til din n\u00e6ste familiefest, eller om du er en professionel udlejer, der \u00f8nsker at udvide sit sortiment, s\u00e5 er vores gonflable strukturer tilpasset alle. De fleste af vores kunder i hele Europa er faktisk brugere af gonflable strukturer, som v\u00e6rds\u00e6tter vores produkter til begivenheder af enhver art.<\/p>\n\n<p style=\"font-size:17px\">Vi \u00f8nsker meget gl\u00e6de ved at bes\u00f8ge vores onlinebutik og st\u00e5r til r\u00e5dighed for alle sp\u00f8rgsm\u00e5l p\u00e5 adressen <a href=\"mailto:contact@dodo-inflatables.com\">contact@dodo-inflatables.com<\/a>!<\/p>\n\n<div style=\"height:100px\" aria-hidden=\"true\" class=\"wp-block-spacer\"><\/div>\n","protected":false},"excerpt":{"rendered":"<p>K\u00f8b k\u00e6lke og slotte i Schweiz Velkommen hos Dodo-Inflatables.com &#8211; vores onlinebutik med gonflable-strukturer i Europa! Plongez dans notre vaste s\u00e9lection de structures gonflables, de ch\u00e2teaux gonflables et de toboggans de haute qualit\u00e9 qui donneront \u00e0 chaque \u00e9v\u00e9nement un petit plus. Uanset om du \u00f8nsker en stor gonflable struktur til en virksomhedsbegivenhed, en lille gonflable [&hellip;]<\/p>\n","protected":false},"author":1,"featured_media":0,"parent":0,"menu_order":0,"comment_status":"closed","ping_status":"closed","template":"","meta":{"_acf_changed":false,"_uag_custom_page_level_css":"","site-sidebar-layout":"default","site-content-layout":"","ast-site-content-layout":"normal-width-container","site-content-style":"boxed","site-sidebar-style":"default","ast-global-header-display":"","ast-banner-title-visibility":"","ast-main-header-display":"","ast-hfb-above-header-display":"","ast-hfb-below-header-display":"","ast-hfb-mobile-header-display":"","site-post-title":"","ast-breadcrumbs-content":"","ast-featured-img":"","footer-sml-layout":"","ast-disable-related-posts":"","theme-transparent-header-meta":"","adv-header-id-meta":"4069","stick-header-meta":"","header-above-stick-meta":"","header-main-stick-meta":"","header-below-stick-meta":"","astra-migrate-meta-layouts":"default","ast-page-background-enabled":"default","ast-page-background-meta":{"desktop":{"background-color":"var(--ast-global-color-4)","background-image":"","background-repeat":"repeat","background-position":"center center","background-size":"auto","background-attachment":"scroll","background-type":"","background-media":"","overlay-type":"","overlay-color":"","overlay-opacity":"","overlay-gradient":""},"tablet":{"background-color":"","background-image":"","background-repeat":"repeat","background-position":"center center","background-size":"auto","background-attachment":"scroll","background-type":"","background-media":"","overlay-type":"","overlay-color":"","overlay-opacity":"","overlay-gradient":""},"mobile":{"background-color":"","background-image":"","background-repeat":"repeat","background-position":"center center","background-size":"auto","background-attachment":"scroll","background-type":"","background-media":"","overlay-type":"","overlay-color":"","overlay-opacity":"","overlay-gradient":""}},"ast-content-background-meta":{"desktop":{"background-color":"var(--ast-global-color-5)","background-image":"","background-repeat":"repeat","background-position":"center center","background-size":"auto","background-attachment":"scroll","background-type":"","background-media":"","overlay-type":"","overlay-color":"","overlay-opacity":"","overlay-gradient":""},"tablet":{"background-color":"var(--ast-global-color-5)","background-image":"","background-repeat":"repeat","background-position":"center center","background-size":"auto","background-attachment":"scroll","background-type":"","background-media":"","overlay-type":"","overlay-color":"","overlay-opacity":"","overlay-gradient":""},"mobile":{"background-color":"var(--ast-global-color-5)","background-image":"","background-repeat":"repeat","background-position":"center center","background-size":"auto","background-attachment":"scroll","background-type":"","background-media":"","overlay-type":"","overlay-color":"","overlay-opacity":"","overlay-gradient":""}},"footnotes":""},"class_list":["post-16698","page","type-page","status-publish","hentry"],"acf":[],"yoast_head":"<!-- This site is optimized with the Yoast SEO plugin v27.5 - https:\/\/yoast.com\/product\/yoast-seo-wordpress\/ -->\n<title>K\u00f8b k\u00e6lke og slotte i Schweiz - dodo-inflatables.com<\/title>\n<meta name=\"robots\" content=\"index, follow, max-snippet:-1, max-image-preview:large, max-video-preview:-1\" \/>\n<link rel=\"canonical\" href=\"https:\/\/dodo-inflatables.com\/da\/koeb-kaelke-og-slotte-i-schweiz\/\" \/>\n<meta name=\"twitter:label1\" content=\"Estimeret l\u00e6setid\" \/>\n\t<meta name=\"twitter:data1\" content=\"2 minutter\" \/>\n<script type=\"application\/ld+json\" class=\"yoast-schema-graph\">{\"@context\":\"https:\\\/\\\/schema.org\",\"@graph\":[{\"@type\":\"WebPage\",\"@id\":\"https:\\\/\\\/dodo-inflatables.com\\\/da\\\/koeb-kaelke-og-slotte-i-schweiz\\\/\",\"url\":\"https:\\\/\\\/dodo-inflatables.com\\\/da\\\/koeb-kaelke-og-slotte-i-schweiz\\\/\",\"name\":\"K\u00f8b k\u00e6lke og slotte i Schweiz - dodo-inflatables.com\",\"isPartOf\":{\"@id\":\"https:\\\/\\\/dodo-inflatables.com\\\/da\\\/#website\"},\"primaryImageOfPage\":{\"@id\":\"https:\\\/\\\/dodo-inflatables.com\\\/da\\\/koeb-kaelke-og-slotte-i-schweiz\\\/#primaryimage\"},\"image\":{\"@id\":\"https:\\\/\\\/dodo-inflatables.com\\\/da\\\/koeb-kaelke-og-slotte-i-schweiz\\\/#primaryimage\"},\"thumbnailUrl\":\"https:\\\/\\\/dodo-inflatables.com\\\/wp-content\\\/uploads\\\/2022\\\/01\\\/seperator-kleiner-1024x102.png\",\"datePublished\":\"2024-03-04T16:37:09+00:00\",\"dateModified\":\"2024-07-17T12:55:49+00:00\",\"breadcrumb\":{\"@id\":\"https:\\\/\\\/dodo-inflatables.com\\\/da\\\/koeb-kaelke-og-slotte-i-schweiz\\\/#breadcrumb\"},\"inLanguage\":\"da-DK\",\"potentialAction\":[{\"@type\":\"ReadAction\",\"target\":[\"https:\\\/\\\/dodo-inflatables.com\\\/da\\\/koeb-kaelke-og-slotte-i-schweiz\\\/\"]}]},{\"@type\":\"ImageObject\",\"inLanguage\":\"da-DK\",\"@id\":\"https:\\\/\\\/dodo-inflatables.com\\\/da\\\/koeb-kaelke-og-slotte-i-schweiz\\\/#primaryimage\",\"url\":\"https:\\\/\\\/dodo-inflatables.com\\\/wp-content\\\/uploads\\\/2022\\\/01\\\/seperator-kleiner-1024x102.png\",\"contentUrl\":\"https:\\\/\\\/dodo-inflatables.com\\\/wp-content\\\/uploads\\\/2022\\\/01\\\/seperator-kleiner-1024x102.png\"},{\"@type\":\"BreadcrumbList\",\"@id\":\"https:\\\/\\\/dodo-inflatables.com\\\/da\\\/koeb-kaelke-og-slotte-i-schweiz\\\/#breadcrumb\",\"itemListElement\":[{\"@type\":\"ListItem\",\"position\":1,\"name\":\"Hjem\",\"item\":\"https:\\\/\\\/dodo-inflatables.com\\\/da\\\/\"},{\"@type\":\"ListItem\",\"position\":2,\"name\":\"K\u00f8b k\u00e6lke og slotte i Schweiz\"}]},{\"@type\":\"WebSite\",\"@id\":\"https:\\\/\\\/dodo-inflatables.com\\\/da\\\/#website\",\"url\":\"https:\\\/\\\/dodo-inflatables.com\\\/da\\\/\",\"name\":\"dodo-inflatables.com\",\"description\":\"K\u00f8b hoppeborge og attraktioner i vores butik.\",\"potentialAction\":[{\"@type\":\"SearchAction\",\"target\":{\"@type\":\"EntryPoint\",\"urlTemplate\":\"https:\\\/\\\/dodo-inflatables.com\\\/da\\\/?s={search_term_string}\"},\"query-input\":{\"@type\":\"PropertyValueSpecification\",\"valueRequired\":true,\"valueName\":\"search_term_string\"}}],\"inLanguage\":\"da-DK\"}]}<\/script>\n<!-- \/ Yoast SEO plugin. -->","yoast_head_json":{"title":"K\u00f8b k\u00e6lke og slotte i Schweiz - dodo-inflatables.com","robots":{"index":"index","follow":"follow","max-snippet":"max-snippet:-1","max-image-preview":"max-image-preview:large","max-video-preview":"max-video-preview:-1"},"canonical":"https:\/\/dodo-inflatables.com\/da\/koeb-kaelke-og-slotte-i-schweiz\/","twitter_misc":{"Estimeret l\u00e6setid":"2 minutter"},"schema":{"@context":"https:\/\/schema.org","@graph":[{"@type":"WebPage","@id":"https:\/\/dodo-inflatables.com\/da\/koeb-kaelke-og-slotte-i-schweiz\/","url":"https:\/\/dodo-inflatables.com\/da\/koeb-kaelke-og-slotte-i-schweiz\/","name":"K\u00f8b k\u00e6lke og slotte i Schweiz - dodo-inflatables.com","isPartOf":{"@id":"https:\/\/dodo-inflatables.com\/da\/#website"},"primaryImageOfPage":{"@id":"https:\/\/dodo-inflatables.com\/da\/koeb-kaelke-og-slotte-i-schweiz\/#primaryimage"},"image":{"@id":"https:\/\/dodo-inflatables.com\/da\/koeb-kaelke-og-slotte-i-schweiz\/#primaryimage"},"thumbnailUrl":"https:\/\/dodo-inflatables.com\/wp-content\/uploads\/2022\/01\/seperator-kleiner-1024x102.png","datePublished":"2024-03-04T16:37:09+00:00","dateModified":"2024-07-17T12:55:49+00:00","breadcrumb":{"@id":"https:\/\/dodo-inflatables.com\/da\/koeb-kaelke-og-slotte-i-schweiz\/#breadcrumb"},"inLanguage":"da-DK","potentialAction":[{"@type":"ReadAction","target":["https:\/\/dodo-inflatables.com\/da\/koeb-kaelke-og-slotte-i-schweiz\/"]}]},{"@type":"ImageObject","inLanguage":"da-DK","@id":"https:\/\/dodo-inflatables.com\/da\/koeb-kaelke-og-slotte-i-schweiz\/#primaryimage","url":"https:\/\/dodo-inflatables.com\/wp-content\/uploads\/2022\/01\/seperator-kleiner-1024x102.png","contentUrl":"https:\/\/dodo-inflatables.com\/wp-content\/uploads\/2022\/01\/seperator-kleiner-1024x102.png"},{"@type":"BreadcrumbList","@id":"https:\/\/dodo-inflatables.com\/da\/koeb-kaelke-og-slotte-i-schweiz\/#breadcrumb","itemListElement":[{"@type":"ListItem","position":1,"name":"Hjem","item":"https:\/\/dodo-inflatables.com\/da\/"},{"@type":"ListItem","position":2,"name":"K\u00f8b k\u00e6lke og slotte i Schweiz"}]},{"@type":"WebSite","@id":"https:\/\/dodo-inflatables.com\/da\/#website","url":"https:\/\/dodo-inflatables.com\/da\/","name":"dodo-inflatables.com","description":"K\u00f8b hoppeborge og attraktioner i vores butik.","potentialAction":[{"@type":"SearchAction","target":{"@type":"EntryPoint","urlTemplate":"https:\/\/dodo-inflatables.com\/da\/?s={search_term_string}"},"query-input":{"@type":"PropertyValueSpecification","valueRequired":true,"valueName":"search_term_string"}}],"inLanguage":"da-DK"}]}},"uagb_featured_image_src":{"full":false,"thumbnail":false,"medium":false,"medium_large":false,"large":false,"1536x1536":false,"2048x2048":false,"woocommerce_thumbnail":false,"woocommerce_single":false,"woocommerce_gallery_thumbnail":false},"uagb_author_info":{"display_name":"Andreas","author_link":"https:\/\/dodo-inflatables.com\/da\/author\/andreas\/"},"uagb_comment_info":0,"uagb_excerpt":"K\u00f8b k\u00e6lke og slotte i Schweiz Velkommen hos Dodo-Inflatables.com &#8211; vores onlinebutik med gonflable-strukturer i Europa! Plongez dans notre vaste s\u00e9lection de structures gonflables, de ch\u00e2teaux gonflables et de toboggans de haute qualit\u00e9 qui donneront \u00e0 chaque \u00e9v\u00e9nement un petit plus. Uanset om du \u00f8nsker en stor gonflable struktur til en virksomhedsbegivenhed, en lille gonflable&hellip;","_links":{"self":[{"href":"https:\/\/dodo-inflatables.com\/da\/wp-json\/wp\/v2\/pages\/16698","targetHints":{"allow":["GET"]}}],"collection":[{"href":"https:\/\/dodo-inflatables.com\/da\/wp-json\/wp\/v2\/pages"}],"about":[{"href":"https:\/\/dodo-inflatables.com\/da\/wp-json\/wp\/v2\/types\/page"}],"author":[{"embeddable":true,"href":"https:\/\/dodo-inflatables.com\/da\/wp-json\/wp\/v2\/users\/1"}],"replies":[{"embeddable":true,"href":"https:\/\/dodo-inflatables.com\/da\/wp-json\/wp\/v2\/comments?post=16698"}],"version-history":[{"count":2,"href":"https:\/\/dodo-inflatables.com\/da\/wp-json\/wp\/v2\/pages\/16698\/revisions"}],"predecessor-version":[{"id":16702,"href":"https:\/\/dodo-inflatables.com\/da\/wp-json\/wp\/v2\/pages\/16698\/revisions\/16702"}],"wp:attachment":[{"href":"https:\/\/dodo-inflatables.com\/da\/wp-json\/wp\/v2\/media?parent=16698"}],"curies":[{"name":"wp","href":"https:\/\/api.w.org\/{rel}","templated":true}]}}