{"id":16743,"date":"2024-03-01T20:02:30","date_gmt":"2024-03-01T19:02:30","guid":{"rendered":"https:\/\/dodo-inflatables.com\/koeb-oppustelige-rutsjebaner-og-hoppeborge-i-storbritannien\/"},"modified":"2024-07-17T14:56:03","modified_gmt":"2024-07-17T12:56:03","slug":"koeb-oppustelige-rutsjebaner-og-hoppeborge-i-storbritannien","status":"publish","type":"page","link":"https:\/\/dodo-inflatables.com\/da\/koeb-oppustelige-rutsjebaner-og-hoppeborge-i-storbritannien\/","title":{"rendered":"K\u00f8b oppustelige rutsjebaner og hoppeborge i Storbritannien"},"content":{"rendered":"\n<h2 class=\"wp-block-heading has-text-align-center\">K\u00f8b oppustelige rutsjebaner og hoppeborge i Storbritannien<\/h2>\n\n<figure class=\"wp-block-image aligncenter size-large\"><a href=\"https:\/\/dodo-inflatables.com\/wp-content\/uploads\/2022\/01\/seperator-kleiner.png\"><img loading=\"lazy\" decoding=\"async\" width=\"1024\" height=\"102\" src=\"https:\/\/dodo-inflatables.com\/wp-content\/uploads\/2022\/01\/seperator-kleiner-1024x102.png\" alt=\"\" class=\"wp-image-4026\" srcset=\"https:\/\/dodo-inflatables.com\/wp-content\/uploads\/2022\/01\/seperator-kleiner-1024x102.png 1024w, https:\/\/dodo-inflatables.com\/wp-content\/uploads\/2022\/01\/seperator-kleiner-900x90.png 900w, https:\/\/dodo-inflatables.com\/wp-content\/uploads\/2022\/01\/seperator-kleiner-300x30.png 300w, https:\/\/dodo-inflatables.com\/wp-content\/uploads\/2022\/01\/seperator-kleiner-768x77.png 768w, https:\/\/dodo-inflatables.com\/wp-content\/uploads\/2022\/01\/seperator-kleiner-1536x154.png 1536w, https:\/\/dodo-inflatables.com\/wp-content\/uploads\/2022\/01\/seperator-kleiner-340x34.png 340w, https:\/\/dodo-inflatables.com\/wp-content\/uploads\/2022\/01\/seperator-kleiner.png 2000w\" sizes=\"auto, (max-width: 1024px) 100vw, 1024px\" \/><\/a><\/figure>\n\n<h3 class=\"wp-block-heading has-text-align-center\">Velkommen til Dodo-Inflatables.com &#8211; vores onlinebutik for hoppeborge i Europa!<\/h3>\n\n<div style=\"height:45px\" aria-hidden=\"true\" class=\"wp-block-spacer\"><\/div>\n\n<p style=\"font-size:17px\">Fordyb dig i vores omfattende udvalg af <a href=\"https:\/\/dodo-inflatables.com\/da\/vare-kategori\/bouncy-slotte\/\" data-type=\"link\" data-id=\"https:\/\/dodo-inflatables.com\/product-category\/bouncy-castles\/\">hoppeborge<\/a>, luftkasteller og <a href=\"https:\/\/dodo-inflatables.com\/da\/vare-kategori\/slides-da\/\" data-type=\"link\" data-id=\"https:\/\/dodo-inflatables.com\/product-category\/slides\/\">rutsjebaner<\/a> af h\u00f8j kvalitet, som vil give enhver lejlighed det lille ekstra. Uanset om du leder efter en stor hoppeborg til et firmaarrangement, en lille hoppeborg til en b\u00f8rnef\u00f8dselsdag eller en hoppeborg med rutsjebane til en sommerfest &#8211; s\u00e5 finder du med garanti noget, der passer her!<\/p>\n\n<p style=\"font-size:17px\">Vores sortiment omfatter ikke kun en r\u00e6kke forskellige hoppeborge, men ogs\u00e5 et bredt udvalg af <a href=\"https:\/\/dodo-inflatables.com\/da\/vare-kategori\/tilbehor\/\" data-type=\"link\" data-id=\"https:\/\/dodo-inflatables.com\/product-category\/accessories\/\">tilbeh\u00f8r<\/a>, herunder <a href=\"https:\/\/dodo-inflatables.com\/da\/vare\/gibbons-blaeser-fp5005-15-hk\/\" data-type=\"product\" data-id=\"81\">Gibbons<\/a> og <a href=\"https:\/\/dodo-inflatables.com\/da\/vare\/huawei-blaeser-reh-1-5e-15ps\/\" data-type=\"product\" data-id=\"2724\">Huawei-bl\u00e6sere<\/a> til hoppeborge.<\/p>\n\n<p style=\"font-size:17px\">Det <strong>koster \u20ac339,00<\/strong> at sende en hoppeborg med tilbeh\u00f8r til <strong>England<\/strong>. Hvis du kun har brug for tilbeh\u00f8r, koster det 29,00 euro at sende en pakke.<\/p>\n\n<p style=\"font-size:17px\">Hvis hoppeborgen er p\u00e5 lager, vil den blive sendt til dig straks efter modtagelse af betaling. Levering til Storbritannien tager ca. <strong>4 &#8211; 6 arbejdsdage<\/strong>. Selvafhentning er mulig fra vores lager i <strong>M\u00fcnchen, Tyskland<\/strong>.<\/p>\n\n<p style=\"font-size:17px\">Alle vores hoppeborge overholder de strenge sikkerhedsstandarder i <strong>DIN EN 14960 <\/strong>og er velegnede til privat og kommerciel brug. Du vil modtage en <strong>detaljeret vejledning <\/strong>og det<strong> tilh\u00f8rende certifikat <\/strong>til din nye gummib\u00e5d, n\u00e5r den er afsendt.<\/p>\n\n<p style=\"font-size:17px\">Som kunde fra et land uden for EU kan du handle <strong>momsfrit<\/strong> hos os. Priserne i webshoppen er i f\u00f8rste omgang inklusive tysk moms (19%), som derefter tr\u00e6kkes fra. N\u00e5r du sender til Storbritannien, betragtes du som &#8220;import\u00f8r&#8221;. Du vil derfor blive opkr\u00e6vet omkostninger til importafgift og importtold. Vores forsendelsesomkostninger til Storbritannien inkluderer fragtprisen, fortoldning og forberedelse af ABD&#8217;en.<\/p>\n\n<p style=\"font-size:17px\">Uanset om du er en privat bruger, der leder efter en hoppeborg til din n\u00e6ste familiefest, eller et kommercielt udlejningsfirma, der \u00f8nsker at udvide sit sortiment, er vores hoppeborge velegnede til alle. Faktisk er de fleste af vores kunder i hele Europa hoppeborgsudlejere, som v\u00e6rds\u00e6tter vores produkter til arrangementer i alle st\u00f8rrelser.<\/p>\n\n<p style=\"font-size:17px\">Vi h\u00e5ber, at du vil nyde at browse gennem vores onlinebutik, og vi vil med gl\u00e6de besvare eventuelle sp\u00f8rgsm\u00e5l p\u00e5 <a href=\"mailto:contact@dodo-inflatables.com\">contact@dodo-inflatables.com<\/a>!<\/p>\n\n<div style=\"height:45px\" aria-hidden=\"true\" class=\"wp-block-spacer\"><\/div>\n","protected":false},"excerpt":{"rendered":"<p>K\u00f8b oppustelige rutsjebaner og hoppeborge i Storbritannien Velkommen til Dodo-Inflatables.com &#8211; vores onlinebutik for hoppeborge i Europa! Fordyb dig i vores omfattende udvalg af hoppeborge, luftkasteller og rutsjebaner af h\u00f8j kvalitet, som vil give enhver lejlighed det lille ekstra. Uanset om du leder efter en stor hoppeborg til et firmaarrangement, en lille hoppeborg til en [&hellip;]<\/p>\n","protected":false},"author":1,"featured_media":0,"parent":0,"menu_order":0,"comment_status":"closed","ping_status":"closed","template":"","meta":{"_acf_changed":false,"_uag_custom_page_level_css":"","site-sidebar-layout":"default","site-content-layout":"","ast-site-content-layout":"default","site-content-style":"boxed","site-sidebar-style":"default","ast-global-header-display":"","ast-banner-title-visibility":"","ast-main-header-display":"","ast-hfb-above-header-display":"","ast-hfb-below-header-display":"","ast-hfb-mobile-header-display":"","site-post-title":"","ast-breadcrumbs-content":"","ast-featured-img":"","footer-sml-layout":"","ast-disable-related-posts":"","theme-transparent-header-meta":"","adv-header-id-meta":"4069","stick-header-meta":"","header-above-stick-meta":"","header-main-stick-meta":"","header-below-stick-meta":"","astra-migrate-meta-layouts":"default","ast-page-background-enabled":"default","ast-page-background-meta":{"desktop":{"background-color":"var(--ast-global-color-4)","background-image":"","background-repeat":"repeat","background-position":"center center","background-size":"auto","background-attachment":"scroll","background-type":"","background-media":"","overlay-type":"","overlay-color":"","overlay-opacity":"","overlay-gradient":""},"tablet":{"background-color":"","background-image":"","background-repeat":"repeat","background-position":"center center","background-size":"auto","background-attachment":"scroll","background-type":"","background-media":"","overlay-type":"","overlay-color":"","overlay-opacity":"","overlay-gradient":""},"mobile":{"background-color":"","background-image":"","background-repeat":"repeat","background-position":"center center","background-size":"auto","background-attachment":"scroll","background-type":"","background-media":"","overlay-type":"","overlay-color":"","overlay-opacity":"","overlay-gradient":""}},"ast-content-background-meta":{"desktop":{"background-color":"var(--ast-global-color-5)","background-image":"","background-repeat":"repeat","background-position":"center center","background-size":"auto","background-attachment":"scroll","background-type":"","background-media":"","overlay-type":"","overlay-color":"","overlay-opacity":"","overlay-gradient":""},"tablet":{"background-color":"var(--ast-global-color-5)","background-image":"","background-repeat":"repeat","background-position":"center center","background-size":"auto","background-attachment":"scroll","background-type":"","background-media":"","overlay-type":"","overlay-color":"","overlay-opacity":"","overlay-gradient":""},"mobile":{"background-color":"var(--ast-global-color-5)","background-image":"","background-repeat":"repeat","background-position":"center center","background-size":"auto","background-attachment":"scroll","background-type":"","background-media":"","overlay-type":"","overlay-color":"","overlay-opacity":"","overlay-gradient":""}},"footnotes":""},"class_list":["post-16743","page","type-page","status-publish","hentry"],"acf":[],"yoast_head":"<!-- This site is optimized with the Yoast SEO plugin v27.3 - https:\/\/yoast.com\/product\/yoast-seo-wordpress\/ -->\n<title>K\u00f8b oppustelige rutsjebaner og hoppeborge i Storbritannien - dodo-inflatables.com<\/title>\n<meta name=\"robots\" content=\"index, follow, max-snippet:-1, max-image-preview:large, max-video-preview:-1\" \/>\n<link rel=\"canonical\" href=\"https:\/\/dodo-inflatables.com\/da\/koeb-oppustelige-rutsjebaner-og-hoppeborge-i-storbritannien\/\" \/>\n<meta name=\"twitter:label1\" content=\"Estimeret l\u00e6setid\" \/>\n\t<meta name=\"twitter:data1\" content=\"2 minutter\" \/>\n<script type=\"application\/ld+json\" class=\"yoast-schema-graph\">{\"@context\":\"https:\\\/\\\/schema.org\",\"@graph\":[{\"@type\":\"WebPage\",\"@id\":\"https:\\\/\\\/dodo-inflatables.com\\\/da\\\/koeb-oppustelige-rutsjebaner-og-hoppeborge-i-storbritannien\\\/\",\"url\":\"https:\\\/\\\/dodo-inflatables.com\\\/da\\\/koeb-oppustelige-rutsjebaner-og-hoppeborge-i-storbritannien\\\/\",\"name\":\"K\u00f8b oppustelige rutsjebaner og hoppeborge i Storbritannien - dodo-inflatables.com\",\"isPartOf\":{\"@id\":\"https:\\\/\\\/dodo-inflatables.com\\\/da\\\/#website\"},\"primaryImageOfPage\":{\"@id\":\"https:\\\/\\\/dodo-inflatables.com\\\/da\\\/koeb-oppustelige-rutsjebaner-og-hoppeborge-i-storbritannien\\\/#primaryimage\"},\"image\":{\"@id\":\"https:\\\/\\\/dodo-inflatables.com\\\/da\\\/koeb-oppustelige-rutsjebaner-og-hoppeborge-i-storbritannien\\\/#primaryimage\"},\"thumbnailUrl\":\"https:\\\/\\\/dodo-inflatables.com\\\/wp-content\\\/uploads\\\/2022\\\/01\\\/seperator-kleiner-1024x102.png\",\"datePublished\":\"2024-03-01T19:02:30+00:00\",\"dateModified\":\"2024-07-17T12:56:03+00:00\",\"breadcrumb\":{\"@id\":\"https:\\\/\\\/dodo-inflatables.com\\\/da\\\/koeb-oppustelige-rutsjebaner-og-hoppeborge-i-storbritannien\\\/#breadcrumb\"},\"inLanguage\":\"da-DK\",\"potentialAction\":[{\"@type\":\"ReadAction\",\"target\":[\"https:\\\/\\\/dodo-inflatables.com\\\/da\\\/koeb-oppustelige-rutsjebaner-og-hoppeborge-i-storbritannien\\\/\"]}]},{\"@type\":\"ImageObject\",\"inLanguage\":\"da-DK\",\"@id\":\"https:\\\/\\\/dodo-inflatables.com\\\/da\\\/koeb-oppustelige-rutsjebaner-og-hoppeborge-i-storbritannien\\\/#primaryimage\",\"url\":\"https:\\\/\\\/dodo-inflatables.com\\\/wp-content\\\/uploads\\\/2022\\\/01\\\/seperator-kleiner-1024x102.png\",\"contentUrl\":\"https:\\\/\\\/dodo-inflatables.com\\\/wp-content\\\/uploads\\\/2022\\\/01\\\/seperator-kleiner-1024x102.png\"},{\"@type\":\"BreadcrumbList\",\"@id\":\"https:\\\/\\\/dodo-inflatables.com\\\/da\\\/koeb-oppustelige-rutsjebaner-og-hoppeborge-i-storbritannien\\\/#breadcrumb\",\"itemListElement\":[{\"@type\":\"ListItem\",\"position\":1,\"name\":\"Hjem\",\"item\":\"https:\\\/\\\/dodo-inflatables.com\\\/da\\\/\"},{\"@type\":\"ListItem\",\"position\":2,\"name\":\"K\u00f8b oppustelige rutsjebaner og hoppeborge i Storbritannien\"}]},{\"@type\":\"WebSite\",\"@id\":\"https:\\\/\\\/dodo-inflatables.com\\\/da\\\/#website\",\"url\":\"https:\\\/\\\/dodo-inflatables.com\\\/da\\\/\",\"name\":\"dodo-inflatables.com\",\"description\":\"K\u00f8b hoppeborge og attraktioner i vores butik.\",\"publisher\":{\"@id\":\"https:\\\/\\\/dodo-inflatables.com\\\/da\\\/#organization\"},\"potentialAction\":[{\"@type\":\"SearchAction\",\"target\":{\"@type\":\"EntryPoint\",\"urlTemplate\":\"https:\\\/\\\/dodo-inflatables.com\\\/da\\\/?s={search_term_string}\"},\"query-input\":{\"@type\":\"PropertyValueSpecification\",\"valueRequired\":true,\"valueName\":\"search_term_string\"}}],\"inLanguage\":\"da-DK\"},{\"@type\":\"Organization\",\"@id\":\"https:\\\/\\\/dodo-inflatables.com\\\/da\\\/#organization\",\"name\":\"dodo-inflatables.com\",\"url\":\"https:\\\/\\\/dodo-inflatables.com\\\/da\\\/\",\"logo\":{\"@type\":\"ImageObject\",\"inLanguage\":\"da-DK\",\"@id\":\"https:\\\/\\\/dodo-inflatables.com\\\/da\\\/#\\\/schema\\\/logo\\\/image\\\/\",\"url\":\"https:\\\/\\\/dodo-inflatables.com\\\/wp-content\\\/uploads\\\/2023\\\/04\\\/cropped-cropped-cropped-Dodo-Logo.png\",\"contentUrl\":\"https:\\\/\\\/dodo-inflatables.com\\\/wp-content\\\/uploads\\\/2023\\\/04\\\/cropped-cropped-cropped-Dodo-Logo.png\",\"width\":2996,\"height\":1545,\"caption\":\"dodo-inflatables.com\"},\"image\":{\"@id\":\"https:\\\/\\\/dodo-inflatables.com\\\/da\\\/#\\\/schema\\\/logo\\\/image\\\/\"}}]}<\/script>\n<!-- \/ Yoast SEO plugin. -->","yoast_head_json":{"title":"K\u00f8b oppustelige rutsjebaner og hoppeborge i Storbritannien - dodo-inflatables.com","robots":{"index":"index","follow":"follow","max-snippet":"max-snippet:-1","max-image-preview":"max-image-preview:large","max-video-preview":"max-video-preview:-1"},"canonical":"https:\/\/dodo-inflatables.com\/da\/koeb-oppustelige-rutsjebaner-og-hoppeborge-i-storbritannien\/","twitter_misc":{"Estimeret l\u00e6setid":"2 minutter"},"schema":{"@context":"https:\/\/schema.org","@graph":[{"@type":"WebPage","@id":"https:\/\/dodo-inflatables.com\/da\/koeb-oppustelige-rutsjebaner-og-hoppeborge-i-storbritannien\/","url":"https:\/\/dodo-inflatables.com\/da\/koeb-oppustelige-rutsjebaner-og-hoppeborge-i-storbritannien\/","name":"K\u00f8b oppustelige rutsjebaner og hoppeborge i Storbritannien - dodo-inflatables.com","isPartOf":{"@id":"https:\/\/dodo-inflatables.com\/da\/#website"},"primaryImageOfPage":{"@id":"https:\/\/dodo-inflatables.com\/da\/koeb-oppustelige-rutsjebaner-og-hoppeborge-i-storbritannien\/#primaryimage"},"image":{"@id":"https:\/\/dodo-inflatables.com\/da\/koeb-oppustelige-rutsjebaner-og-hoppeborge-i-storbritannien\/#primaryimage"},"thumbnailUrl":"https:\/\/dodo-inflatables.com\/wp-content\/uploads\/2022\/01\/seperator-kleiner-1024x102.png","datePublished":"2024-03-01T19:02:30+00:00","dateModified":"2024-07-17T12:56:03+00:00","breadcrumb":{"@id":"https:\/\/dodo-inflatables.com\/da\/koeb-oppustelige-rutsjebaner-og-hoppeborge-i-storbritannien\/#breadcrumb"},"inLanguage":"da-DK","potentialAction":[{"@type":"ReadAction","target":["https:\/\/dodo-inflatables.com\/da\/koeb-oppustelige-rutsjebaner-og-hoppeborge-i-storbritannien\/"]}]},{"@type":"ImageObject","inLanguage":"da-DK","@id":"https:\/\/dodo-inflatables.com\/da\/koeb-oppustelige-rutsjebaner-og-hoppeborge-i-storbritannien\/#primaryimage","url":"https:\/\/dodo-inflatables.com\/wp-content\/uploads\/2022\/01\/seperator-kleiner-1024x102.png","contentUrl":"https:\/\/dodo-inflatables.com\/wp-content\/uploads\/2022\/01\/seperator-kleiner-1024x102.png"},{"@type":"BreadcrumbList","@id":"https:\/\/dodo-inflatables.com\/da\/koeb-oppustelige-rutsjebaner-og-hoppeborge-i-storbritannien\/#breadcrumb","itemListElement":[{"@type":"ListItem","position":1,"name":"Hjem","item":"https:\/\/dodo-inflatables.com\/da\/"},{"@type":"ListItem","position":2,"name":"K\u00f8b oppustelige rutsjebaner og hoppeborge i Storbritannien"}]},{"@type":"WebSite","@id":"https:\/\/dodo-inflatables.com\/da\/#website","url":"https:\/\/dodo-inflatables.com\/da\/","name":"dodo-inflatables.com","description":"K\u00f8b hoppeborge og attraktioner i vores butik.","publisher":{"@id":"https:\/\/dodo-inflatables.com\/da\/#organization"},"potentialAction":[{"@type":"SearchAction","target":{"@type":"EntryPoint","urlTemplate":"https:\/\/dodo-inflatables.com\/da\/?s={search_term_string}"},"query-input":{"@type":"PropertyValueSpecification","valueRequired":true,"valueName":"search_term_string"}}],"inLanguage":"da-DK"},{"@type":"Organization","@id":"https:\/\/dodo-inflatables.com\/da\/#organization","name":"dodo-inflatables.com","url":"https:\/\/dodo-inflatables.com\/da\/","logo":{"@type":"ImageObject","inLanguage":"da-DK","@id":"https:\/\/dodo-inflatables.com\/da\/#\/schema\/logo\/image\/","url":"https:\/\/dodo-inflatables.com\/wp-content\/uploads\/2023\/04\/cropped-cropped-cropped-Dodo-Logo.png","contentUrl":"https:\/\/dodo-inflatables.com\/wp-content\/uploads\/2023\/04\/cropped-cropped-cropped-Dodo-Logo.png","width":2996,"height":1545,"caption":"dodo-inflatables.com"},"image":{"@id":"https:\/\/dodo-inflatables.com\/da\/#\/schema\/logo\/image\/"}}]}},"uagb_featured_image_src":{"full":false,"thumbnail":false,"medium":false,"medium_large":false,"large":false,"1536x1536":false,"2048x2048":false,"woocommerce_thumbnail":false,"woocommerce_single":false,"woocommerce_gallery_thumbnail":false},"uagb_author_info":{"display_name":"Andreas","author_link":"https:\/\/dodo-inflatables.com\/da\/author\/andreas\/"},"uagb_comment_info":0,"uagb_excerpt":"K\u00f8b oppustelige rutsjebaner og hoppeborge i Storbritannien Velkommen til Dodo-Inflatables.com &#8211; vores onlinebutik for hoppeborge i Europa! Fordyb dig i vores omfattende udvalg af hoppeborge, luftkasteller og rutsjebaner af h\u00f8j kvalitet, som vil give enhver lejlighed det lille ekstra. Uanset om du leder efter en stor hoppeborg til et firmaarrangement, en lille hoppeborg til en&hellip;","_links":{"self":[{"href":"https:\/\/dodo-inflatables.com\/da\/wp-json\/wp\/v2\/pages\/16743","targetHints":{"allow":["GET"]}}],"collection":[{"href":"https:\/\/dodo-inflatables.com\/da\/wp-json\/wp\/v2\/pages"}],"about":[{"href":"https:\/\/dodo-inflatables.com\/da\/wp-json\/wp\/v2\/types\/page"}],"author":[{"embeddable":true,"href":"https:\/\/dodo-inflatables.com\/da\/wp-json\/wp\/v2\/users\/1"}],"replies":[{"embeddable":true,"href":"https:\/\/dodo-inflatables.com\/da\/wp-json\/wp\/v2\/comments?post=16743"}],"version-history":[{"count":2,"href":"https:\/\/dodo-inflatables.com\/da\/wp-json\/wp\/v2\/pages\/16743\/revisions"}],"predecessor-version":[{"id":16747,"href":"https:\/\/dodo-inflatables.com\/da\/wp-json\/wp\/v2\/pages\/16743\/revisions\/16747"}],"wp:attachment":[{"href":"https:\/\/dodo-inflatables.com\/da\/wp-json\/wp\/v2\/media?parent=16743"}],"curies":[{"name":"wp","href":"https:\/\/api.w.org\/{rel}","templated":true}]}}