{"id":17045,"date":"2019-03-01T13:01:27","date_gmt":"2019-03-01T12:01:27","guid":{"rendered":"https:\/\/dodo-inflatables.com\/vores-kvalitet\/"},"modified":"2024-08-19T14:44:16","modified_gmt":"2024-08-19T12:44:16","slug":"vores-kvalitet","status":"publish","type":"page","link":"https:\/\/dodo-inflatables.com\/da\/vores-kvalitet\/","title":{"rendered":"Vores kvalitet"},"content":{"rendered":"\n<figure class=\"wp-block-image alignfull size-large\"><a href=\"https:\/\/dodo-inflatables.com\/wp-content\/uploads\/2022\/01\/banner_dunkel-kleiner-1.jpg\"><img decoding=\"async\" src=\"https:\/\/dodo-inflatables.com\/wp-content\/uploads\/2022\/01\/banner_dunkel-kleiner-1-1024x397.jpg\" alt=\"\" class=\"wp-image-4055\"\/><\/a><\/figure>\n\n<h1 class=\"wp-block-heading has-text-align-center\" id=\"unsere-qualitat\"><strong>Vores kvalitet<\/strong><\/h1>\n\n<figure class=\"wp-block-image aligncenter size-large\"><a href=\"https:\/\/dodo-inflatables.com\/wp-content\/uploads\/2022\/01\/seperator-kleiner.png\"><img fetchpriority=\"high\" decoding=\"async\" width=\"1024\" height=\"102\" src=\"https:\/\/dodo-inflatables.com\/wp-content\/uploads\/2022\/01\/seperator-kleiner-1024x102.png\" alt=\"\" class=\"wp-image-4026\" srcset=\"https:\/\/dodo-inflatables.com\/wp-content\/uploads\/2022\/01\/seperator-kleiner-1024x102.png 1024w, https:\/\/dodo-inflatables.com\/wp-content\/uploads\/2022\/01\/seperator-kleiner-900x90.png 900w, https:\/\/dodo-inflatables.com\/wp-content\/uploads\/2022\/01\/seperator-kleiner-300x30.png 300w, https:\/\/dodo-inflatables.com\/wp-content\/uploads\/2022\/01\/seperator-kleiner-768x77.png 768w, https:\/\/dodo-inflatables.com\/wp-content\/uploads\/2022\/01\/seperator-kleiner-1536x154.png 1536w, https:\/\/dodo-inflatables.com\/wp-content\/uploads\/2022\/01\/seperator-kleiner-340x34.png 340w, https:\/\/dodo-inflatables.com\/wp-content\/uploads\/2022\/01\/seperator-kleiner.png 2000w\" sizes=\"(max-width: 1024px) 100vw, 1024px\" \/><\/a><\/figure>\n\n<p>Interesserede og potentielle kunder bliver ved med at sp\u00f8rge os: &#8220;Er jeres hoppeborge af god kvalitet?&#8221;. Vi kan kun sige det utvetydigt: Ja!<\/p>\n\n<p>Vores gummib\u00e5de fremstilles og inspiceres udelukkende i overensstemmelse med vores strenge specifikationer. Vores produktkvalitet er kendetegnet ved f\u00f8lgende egenskaber:<\/p>\n\n<ul class=\"wp-block-list\">\n<li>Certificeret i henhold til DIN EN 14960<\/li>\n\n\n\n<li>0,55 PVC \/ 18 oz vinyl, designet til kommerciel udlejningsbrug<\/li>\n\n\n\n<li>Dobbelt, tredobbelt og endda seksdobbelt syning i s\u00e6rligt belastede omr\u00e5der<\/li>\n\n\n\n<li>Unikke og detaljerede designs<\/li>\n\n\n\n<li>Talrige fastg\u00f8relses\u00f8jer rundt om hoppeborgen<\/li>\n<\/ul>\n\n<p>Vi har selv udlejet nogle af vores hoppeborge i \u00e5revis og har ved selvsyn kunnet konstatere kvaliteten og holdbarheden. Uanset om det bare er til et par gange om \u00e5ret i en sportsklub, til hoppeborgsudlejningsfirmaer ved siden af eller til brug i indend\u00f8rs legeparker. Vi kan anbefale vores hoppeborg uden forbehold!<\/p>\n\n<p>Er du stadig skeptisk og vil gerne se kvaliteten med egne \u00f8jne, f\u00f8r du k\u00f8ber? S\u00e5 bes\u00f8g os efter aftale p\u00e5 vores lager i M\u00fcnchen og test kvaliteten p\u00e5 vores demonstrationsmodel.<\/p>\n\n<div style=\"height:100px\" aria-hidden=\"true\" class=\"wp-block-spacer\"><\/div>\n","protected":false},"excerpt":{"rendered":"<p>Vores kvalitet Interesserede og potentielle kunder bliver ved med at sp\u00f8rge os: &#8220;Er jeres hoppeborge af god kvalitet?&#8221;. Vi kan kun sige det utvetydigt: Ja! Vores gummib\u00e5de fremstilles og inspiceres udelukkende i overensstemmelse med vores strenge specifikationer. Vores produktkvalitet er kendetegnet ved f\u00f8lgende egenskaber: Vi har selv udlejet nogle af vores hoppeborge i \u00e5revis og [&hellip;]<\/p>\n","protected":false},"author":1,"featured_media":0,"parent":0,"menu_order":0,"comment_status":"closed","ping_status":"closed","template":"","meta":{"_acf_changed":false,"_uag_custom_page_level_css":"","site-sidebar-layout":"default","site-content-layout":"","ast-site-content-layout":"default","site-content-style":"default","site-sidebar-style":"default","ast-global-header-display":"","ast-banner-title-visibility":"","ast-main-header-display":"","ast-hfb-above-header-display":"","ast-hfb-below-header-display":"","ast-hfb-mobile-header-display":"","site-post-title":"disabled","ast-breadcrumbs-content":"","ast-featured-img":"","footer-sml-layout":"","ast-disable-related-posts":"","theme-transparent-header-meta":"","adv-header-id-meta":"7189","stick-header-meta":"","header-above-stick-meta":"","header-main-stick-meta":"","header-below-stick-meta":"","astra-migrate-meta-layouts":"default","ast-page-background-enabled":"default","ast-page-background-meta":{"desktop":{"background-color":"var(--ast-global-color-4)","background-image":"","background-repeat":"repeat","background-position":"center center","background-size":"auto","background-attachment":"scroll","background-type":"","background-media":"","overlay-type":"","overlay-color":"","overlay-opacity":"","overlay-gradient":""},"tablet":{"background-color":"","background-image":"","background-repeat":"repeat","background-position":"center center","background-size":"auto","background-attachment":"scroll","background-type":"","background-media":"","overlay-type":"","overlay-color":"","overlay-opacity":"","overlay-gradient":""},"mobile":{"background-color":"","background-image":"","background-repeat":"repeat","background-position":"center center","background-size":"auto","background-attachment":"scroll","background-type":"","background-media":"","overlay-type":"","overlay-color":"","overlay-opacity":"","overlay-gradient":""}},"ast-content-background-meta":{"desktop":{"background-color":"var(--ast-global-color-5)","background-image":"","background-repeat":"repeat","background-position":"center center","background-size":"auto","background-attachment":"scroll","background-type":"","background-media":"","overlay-type":"","overlay-color":"","overlay-opacity":"","overlay-gradient":""},"tablet":{"background-color":"var(--ast-global-color-5)","background-image":"","background-repeat":"repeat","background-position":"center center","background-size":"auto","background-attachment":"scroll","background-type":"","background-media":"","overlay-type":"","overlay-color":"","overlay-opacity":"","overlay-gradient":""},"mobile":{"background-color":"var(--ast-global-color-5)","background-image":"","background-repeat":"repeat","background-position":"center center","background-size":"auto","background-attachment":"scroll","background-type":"","background-media":"","overlay-type":"","overlay-color":"","overlay-opacity":"","overlay-gradient":""}},"footnotes":""},"class_list":["post-17045","page","type-page","status-publish","hentry"],"acf":[],"yoast_head":"<!-- This site is optimized with the Yoast SEO plugin v27.5 - https:\/\/yoast.com\/product\/yoast-seo-wordpress\/ -->\n<title>Dodo-Inflatables.com | Certificerede hoppeborge og hoppeslotte af h\u00f8j kvalitet<\/title>\n<meta name=\"description\" content=\"Oplev ekspertise med Dodo Inflatables! Vores hoppeborge er certificeret efter DIN EN 14960, hvilket sikrer de h\u00f8jeste sikkerhedsstandarder for din hoppegl\u00e6de.\" \/>\n<meta name=\"robots\" content=\"index, follow, max-snippet:-1, max-image-preview:large, max-video-preview:-1\" \/>\n<link rel=\"canonical\" href=\"https:\/\/dodo-inflatables.com\/da\/vores-kvalitet\/\" \/>\n<meta name=\"twitter:label1\" content=\"Estimeret l\u00e6setid\" \/>\n\t<meta name=\"twitter:data1\" content=\"1 minut\" \/>\n<script type=\"application\/ld+json\" class=\"yoast-schema-graph\">{\"@context\":\"https:\\\/\\\/schema.org\",\"@graph\":[{\"@type\":\"WebPage\",\"@id\":\"https:\\\/\\\/dodo-inflatables.com\\\/da\\\/vores-kvalitet\\\/\",\"url\":\"https:\\\/\\\/dodo-inflatables.com\\\/da\\\/vores-kvalitet\\\/\",\"name\":\"Dodo-Inflatables.com | Certificerede hoppeborge og hoppeslotte af h\u00f8j kvalitet\",\"isPartOf\":{\"@id\":\"https:\\\/\\\/dodo-inflatables.com\\\/da\\\/#website\"},\"primaryImageOfPage\":{\"@id\":\"https:\\\/\\\/dodo-inflatables.com\\\/da\\\/vores-kvalitet\\\/#primaryimage\"},\"image\":{\"@id\":\"https:\\\/\\\/dodo-inflatables.com\\\/da\\\/vores-kvalitet\\\/#primaryimage\"},\"thumbnailUrl\":\"https:\\\/\\\/dodo-inflatables.com\\\/wp-content\\\/uploads\\\/2022\\\/01\\\/banner_dunkel-kleiner-1-1024x397.jpg\",\"datePublished\":\"2019-03-01T12:01:27+00:00\",\"dateModified\":\"2024-08-19T12:44:16+00:00\",\"description\":\"Oplev ekspertise med Dodo Inflatables! Vores hoppeborge er certificeret efter DIN EN 14960, hvilket sikrer de h\u00f8jeste sikkerhedsstandarder for din hoppegl\u00e6de.\",\"breadcrumb\":{\"@id\":\"https:\\\/\\\/dodo-inflatables.com\\\/da\\\/vores-kvalitet\\\/#breadcrumb\"},\"inLanguage\":\"da-DK\",\"potentialAction\":[{\"@type\":\"ReadAction\",\"target\":[\"https:\\\/\\\/dodo-inflatables.com\\\/da\\\/vores-kvalitet\\\/\"]}]},{\"@type\":\"ImageObject\",\"inLanguage\":\"da-DK\",\"@id\":\"https:\\\/\\\/dodo-inflatables.com\\\/da\\\/vores-kvalitet\\\/#primaryimage\",\"url\":\"https:\\\/\\\/dodo-inflatables.com\\\/wp-content\\\/uploads\\\/2022\\\/01\\\/banner_dunkel-kleiner-1-1024x397.jpg\",\"contentUrl\":\"https:\\\/\\\/dodo-inflatables.com\\\/wp-content\\\/uploads\\\/2022\\\/01\\\/banner_dunkel-kleiner-1-1024x397.jpg\"},{\"@type\":\"BreadcrumbList\",\"@id\":\"https:\\\/\\\/dodo-inflatables.com\\\/da\\\/vores-kvalitet\\\/#breadcrumb\",\"itemListElement\":[{\"@type\":\"ListItem\",\"position\":1,\"name\":\"Hjem\",\"item\":\"https:\\\/\\\/dodo-inflatables.com\\\/da\\\/\"},{\"@type\":\"ListItem\",\"position\":2,\"name\":\"Vores kvalitet\"}]},{\"@type\":\"WebSite\",\"@id\":\"https:\\\/\\\/dodo-inflatables.com\\\/da\\\/#website\",\"url\":\"https:\\\/\\\/dodo-inflatables.com\\\/da\\\/\",\"name\":\"dodo-inflatables.com\",\"description\":\"K\u00f8b hoppeborge og attraktioner i vores butik.\",\"potentialAction\":[{\"@type\":\"SearchAction\",\"target\":{\"@type\":\"EntryPoint\",\"urlTemplate\":\"https:\\\/\\\/dodo-inflatables.com\\\/da\\\/?s={search_term_string}\"},\"query-input\":{\"@type\":\"PropertyValueSpecification\",\"valueRequired\":true,\"valueName\":\"search_term_string\"}}],\"inLanguage\":\"da-DK\"}]}<\/script>\n<!-- \/ Yoast SEO plugin. -->","yoast_head_json":{"title":"Dodo-Inflatables.com | Certificerede hoppeborge og hoppeslotte af h\u00f8j kvalitet","description":"Oplev ekspertise med Dodo Inflatables! Vores hoppeborge er certificeret efter DIN EN 14960, hvilket sikrer de h\u00f8jeste sikkerhedsstandarder for din hoppegl\u00e6de.","robots":{"index":"index","follow":"follow","max-snippet":"max-snippet:-1","max-image-preview":"max-image-preview:large","max-video-preview":"max-video-preview:-1"},"canonical":"https:\/\/dodo-inflatables.com\/da\/vores-kvalitet\/","twitter_misc":{"Estimeret l\u00e6setid":"1 minut"},"schema":{"@context":"https:\/\/schema.org","@graph":[{"@type":"WebPage","@id":"https:\/\/dodo-inflatables.com\/da\/vores-kvalitet\/","url":"https:\/\/dodo-inflatables.com\/da\/vores-kvalitet\/","name":"Dodo-Inflatables.com | Certificerede hoppeborge og hoppeslotte af h\u00f8j kvalitet","isPartOf":{"@id":"https:\/\/dodo-inflatables.com\/da\/#website"},"primaryImageOfPage":{"@id":"https:\/\/dodo-inflatables.com\/da\/vores-kvalitet\/#primaryimage"},"image":{"@id":"https:\/\/dodo-inflatables.com\/da\/vores-kvalitet\/#primaryimage"},"thumbnailUrl":"https:\/\/dodo-inflatables.com\/wp-content\/uploads\/2022\/01\/banner_dunkel-kleiner-1-1024x397.jpg","datePublished":"2019-03-01T12:01:27+00:00","dateModified":"2024-08-19T12:44:16+00:00","description":"Oplev ekspertise med Dodo Inflatables! Vores hoppeborge er certificeret efter DIN EN 14960, hvilket sikrer de h\u00f8jeste sikkerhedsstandarder for din hoppegl\u00e6de.","breadcrumb":{"@id":"https:\/\/dodo-inflatables.com\/da\/vores-kvalitet\/#breadcrumb"},"inLanguage":"da-DK","potentialAction":[{"@type":"ReadAction","target":["https:\/\/dodo-inflatables.com\/da\/vores-kvalitet\/"]}]},{"@type":"ImageObject","inLanguage":"da-DK","@id":"https:\/\/dodo-inflatables.com\/da\/vores-kvalitet\/#primaryimage","url":"https:\/\/dodo-inflatables.com\/wp-content\/uploads\/2022\/01\/banner_dunkel-kleiner-1-1024x397.jpg","contentUrl":"https:\/\/dodo-inflatables.com\/wp-content\/uploads\/2022\/01\/banner_dunkel-kleiner-1-1024x397.jpg"},{"@type":"BreadcrumbList","@id":"https:\/\/dodo-inflatables.com\/da\/vores-kvalitet\/#breadcrumb","itemListElement":[{"@type":"ListItem","position":1,"name":"Hjem","item":"https:\/\/dodo-inflatables.com\/da\/"},{"@type":"ListItem","position":2,"name":"Vores kvalitet"}]},{"@type":"WebSite","@id":"https:\/\/dodo-inflatables.com\/da\/#website","url":"https:\/\/dodo-inflatables.com\/da\/","name":"dodo-inflatables.com","description":"K\u00f8b hoppeborge og attraktioner i vores butik.","potentialAction":[{"@type":"SearchAction","target":{"@type":"EntryPoint","urlTemplate":"https:\/\/dodo-inflatables.com\/da\/?s={search_term_string}"},"query-input":{"@type":"PropertyValueSpecification","valueRequired":true,"valueName":"search_term_string"}}],"inLanguage":"da-DK"}]}},"uagb_featured_image_src":{"full":false,"thumbnail":false,"medium":false,"medium_large":false,"large":false,"1536x1536":false,"2048x2048":false,"woocommerce_thumbnail":false,"woocommerce_single":false,"woocommerce_gallery_thumbnail":false},"uagb_author_info":{"display_name":"Andreas","author_link":"https:\/\/dodo-inflatables.com\/da\/author\/andreas\/"},"uagb_comment_info":0,"uagb_excerpt":"Vores kvalitet Interesserede og potentielle kunder bliver ved med at sp\u00f8rge os: &#8220;Er jeres hoppeborge af god kvalitet?&#8221;. Vi kan kun sige det utvetydigt: Ja! Vores gummib\u00e5de fremstilles og inspiceres udelukkende i overensstemmelse med vores strenge specifikationer. Vores produktkvalitet er kendetegnet ved f\u00f8lgende egenskaber: Vi har selv udlejet nogle af vores hoppeborge i \u00e5revis og&hellip;","_links":{"self":[{"href":"https:\/\/dodo-inflatables.com\/da\/wp-json\/wp\/v2\/pages\/17045","targetHints":{"allow":["GET"]}}],"collection":[{"href":"https:\/\/dodo-inflatables.com\/da\/wp-json\/wp\/v2\/pages"}],"about":[{"href":"https:\/\/dodo-inflatables.com\/da\/wp-json\/wp\/v2\/types\/page"}],"author":[{"embeddable":true,"href":"https:\/\/dodo-inflatables.com\/da\/wp-json\/wp\/v2\/users\/1"}],"replies":[{"embeddable":true,"href":"https:\/\/dodo-inflatables.com\/da\/wp-json\/wp\/v2\/comments?post=17045"}],"version-history":[{"count":2,"href":"https:\/\/dodo-inflatables.com\/da\/wp-json\/wp\/v2\/pages\/17045\/revisions"}],"predecessor-version":[{"id":17048,"href":"https:\/\/dodo-inflatables.com\/da\/wp-json\/wp\/v2\/pages\/17045\/revisions\/17048"}],"wp:attachment":[{"href":"https:\/\/dodo-inflatables.com\/da\/wp-json\/wp\/v2\/media?parent=17045"}],"curies":[{"name":"wp","href":"https:\/\/api.w.org\/{rel}","templated":true}]}}