{"id":17100,"date":"2024-03-07T18:43:40","date_gmt":"2024-03-07T17:43:40","guid":{"rendered":"https:\/\/dodo-inflatables.com\/opblaeselige-rutschebaner-og-haengekoejer-koebes-i-tyskland\/"},"modified":"2024-07-17T15:08:29","modified_gmt":"2024-07-17T13:08:29","slug":"opblaeselige-rutschebaner-og-haengekoejer-koebes-i-tyskland","status":"publish","type":"page","link":"https:\/\/dodo-inflatables.com\/da\/opblaeselige-rutschebaner-og-haengekoejer-koebes-i-tyskland\/","title":{"rendered":"Opbl\u00e6selige rutschebaner og h\u00e6ngek\u00f8jer k\u00f8bes i Tyskland"},"content":{"rendered":"\n<h2 class=\"wp-block-heading has-text-align-center\"><strong>Opbl\u00e6selige rutschebaner og h\u00e6ngek\u00f8jer k\u00f8bes i Tyskland<\/strong><\/h2>\n\n<figure class=\"wp-block-image aligncenter size-large\"><a href=\"https:\/\/dodo-inflatables.com\/wp-content\/uploads\/2022\/01\/seperator-kleiner.png\"><img loading=\"lazy\" decoding=\"async\" width=\"1024\" height=\"102\" src=\"https:\/\/dodo-inflatables.com\/wp-content\/uploads\/2022\/01\/seperator-kleiner-1024x102.png\" alt=\"\" class=\"wp-image-4026\" srcset=\"https:\/\/dodo-inflatables.com\/wp-content\/uploads\/2022\/01\/seperator-kleiner-1024x102.png 1024w, https:\/\/dodo-inflatables.com\/wp-content\/uploads\/2022\/01\/seperator-kleiner-900x90.png 900w, https:\/\/dodo-inflatables.com\/wp-content\/uploads\/2022\/01\/seperator-kleiner-300x30.png 300w, https:\/\/dodo-inflatables.com\/wp-content\/uploads\/2022\/01\/seperator-kleiner-768x77.png 768w, https:\/\/dodo-inflatables.com\/wp-content\/uploads\/2022\/01\/seperator-kleiner-1536x154.png 1536w, https:\/\/dodo-inflatables.com\/wp-content\/uploads\/2022\/01\/seperator-kleiner-340x34.png 340w, https:\/\/dodo-inflatables.com\/wp-content\/uploads\/2022\/01\/seperator-kleiner.png 2000w\" sizes=\"auto, (max-width: 1024px) 100vw, 1024px\" \/><\/a><\/figure>\n\n<h3 class=\"wp-block-heading has-text-align-center\">Velkommen til Dodo-Inflatables.com &#8211; vores webshop for hofteb\u00f8jler i Europa!<\/h3>\n\n<p style=\"font-size:17px\">Tag et kig p\u00e5 vores omfattende udvalg af kvalitetsh\u00f8fder, opbl\u00e6selige slanger og rutsjebaner, der hver gang giver en ekstra gevinst. Uanset om du s\u00f8ger en stor H\u00fcpfburg til et firmaarrangement, et lille H\u00fcpfschloss til en b\u00f8rnef\u00f8dselsdag eller en H\u00fcpfburg med ruder til en sommerfest &#8211; hos os finder du garantiert das Passende!<\/p>\n\n<p style=\"font-size:17px\">Vores sortiment omfatter ikke kun en lang r\u00e6kke hofteb\u00f8jler, men ogs\u00e5 en bred vifte af tilbeh\u00f8r, herunder Gibbons og Huawei Gebl\u00e4se for hofteb\u00f8jler.<\/p>\n\n<p style=\"font-size:17px\">Forsendelse af H\u00fcpfburg og tilsvarende tilbeh\u00f8r til <strong>Tyskland koster 128,95 \u20ac<\/strong>. En pakke med H\u00fcpfburgen-udstyr koster 9,95 \u20ac. Wenn die H\u00fcpfburg auf Lager ist, wird sie sofort nach Zahlungseingang an dich verschickt. Levering til Tyskland tager ca. <strong>2 &#8211; 4 arbejdsdage<\/strong>. En selvafhentning er mulig i vores lager i M\u00fcnchen, Tyskland.<\/p>\n\n<p style=\"font-size:17px\">Alle vores H\u00fcpfburgen opfylder de strenge sikkerhedsstandarder i <strong>DIN EN 14960 <\/strong>og er egnede til privat og erhvervsm\u00e6ssig brug. Du f\u00e5r efter forsendelsen af H\u00fcpfburg en detaljeret vejledning samt det tilsvarende certifikat for din nye H\u00fcpfburg.<\/p>\n\n<p style=\"font-size:17px\">Mehrwertsteuerbefreiung f\u00fcr Unternehmen! Hvis du som virksomhed k\u00f8ber, skal du give dit Umsatzsteuer-Identifikationsnummer til kassen, s\u00e5 du kan k\u00f8be det skattefrit.<\/p>\n\n<p style=\"font-size:17px\">Uanset om du som privatperson har brug for en H\u00fcpfburg til din n\u00e6ste familiefest, eller om du er en erhvervsdrivende, der \u00f8nsker at udvide sit tilbud &#8211; vores H\u00fcpfburgen er velegnet til alle. Tats\u00e4chlich sind die meisten unserer Kunden in ganz Europa H\u00fcpfburgenvermieter, die unsere Produkte f\u00fcr Veranstaltungen jeder Gr\u00f6\u00dfe sch\u00e4tzen.<\/p>\n\n<p style=\"font-size:17px\">Vi \u00f8nsker dig meget sjov med at k\u00f8be i vores online shop og stiller gerne sp\u00f8rgsm\u00e5l til <a href=\"mailto:contact@dodo-inflatables.com\">contact@dodo-inflatables.com<\/a> eller bes\u00f8ger vores tyske online shop: <a href=\"https:\/\/huepfburg-guenstig-kaufen.de\/\">huepfburg-guenstig-kaufen.de<\/a>!<\/p>\n\n<div style=\"height:100px\" aria-hidden=\"true\" class=\"wp-block-spacer\"><\/div>\n","protected":false},"excerpt":{"rendered":"<p>Opbl\u00e6selige rutschebaner og h\u00e6ngek\u00f8jer k\u00f8bes i Tyskland Velkommen til Dodo-Inflatables.com &#8211; vores webshop for hofteb\u00f8jler i Europa! Tag et kig p\u00e5 vores omfattende udvalg af kvalitetsh\u00f8fder, opbl\u00e6selige slanger og rutsjebaner, der hver gang giver en ekstra gevinst. Uanset om du s\u00f8ger en stor H\u00fcpfburg til et firmaarrangement, et lille H\u00fcpfschloss til en b\u00f8rnef\u00f8dselsdag eller en [&hellip;]<\/p>\n","protected":false},"author":1,"featured_media":0,"parent":0,"menu_order":0,"comment_status":"closed","ping_status":"closed","template":"","meta":{"_acf_changed":false,"_uag_custom_page_level_css":"","site-sidebar-layout":"default","site-content-layout":"","ast-site-content-layout":"normal-width-container","site-content-style":"boxed","site-sidebar-style":"default","ast-global-header-display":"","ast-banner-title-visibility":"","ast-main-header-display":"","ast-hfb-above-header-display":"","ast-hfb-below-header-display":"","ast-hfb-mobile-header-display":"","site-post-title":"","ast-breadcrumbs-content":"","ast-featured-img":"","footer-sml-layout":"","ast-disable-related-posts":"","theme-transparent-header-meta":"","adv-header-id-meta":"4069","stick-header-meta":"","header-above-stick-meta":"","header-main-stick-meta":"","header-below-stick-meta":"","astra-migrate-meta-layouts":"default","ast-page-background-enabled":"default","ast-page-background-meta":{"desktop":{"background-color":"var(--ast-global-color-4)","background-image":"","background-repeat":"repeat","background-position":"center center","background-size":"auto","background-attachment":"scroll","background-type":"","background-media":"","overlay-type":"","overlay-color":"","overlay-opacity":"","overlay-gradient":""},"tablet":{"background-color":"","background-image":"","background-repeat":"repeat","background-position":"center center","background-size":"auto","background-attachment":"scroll","background-type":"","background-media":"","overlay-type":"","overlay-color":"","overlay-opacity":"","overlay-gradient":""},"mobile":{"background-color":"","background-image":"","background-repeat":"repeat","background-position":"center center","background-size":"auto","background-attachment":"scroll","background-type":"","background-media":"","overlay-type":"","overlay-color":"","overlay-opacity":"","overlay-gradient":""}},"ast-content-background-meta":{"desktop":{"background-color":"var(--ast-global-color-5)","background-image":"","background-repeat":"repeat","background-position":"center center","background-size":"auto","background-attachment":"scroll","background-type":"","background-media":"","overlay-type":"","overlay-color":"","overlay-opacity":"","overlay-gradient":""},"tablet":{"background-color":"var(--ast-global-color-5)","background-image":"","background-repeat":"repeat","background-position":"center center","background-size":"auto","background-attachment":"scroll","background-type":"","background-media":"","overlay-type":"","overlay-color":"","overlay-opacity":"","overlay-gradient":""},"mobile":{"background-color":"var(--ast-global-color-5)","background-image":"","background-repeat":"repeat","background-position":"center center","background-size":"auto","background-attachment":"scroll","background-type":"","background-media":"","overlay-type":"","overlay-color":"","overlay-opacity":"","overlay-gradient":""}},"footnotes":""},"class_list":["post-17100","page","type-page","status-publish","hentry"],"acf":[],"yoast_head":"<!-- This site is optimized with the Yoast SEO plugin v27.3 - https:\/\/yoast.com\/product\/yoast-seo-wordpress\/ -->\n<title>Opbl\u00e6selige rutschebaner og h\u00e6ngek\u00f8jer k\u00f8bes i Tyskland - dodo-inflatables.com<\/title>\n<meta name=\"robots\" content=\"index, follow, max-snippet:-1, max-image-preview:large, max-video-preview:-1\" \/>\n<link rel=\"canonical\" href=\"https:\/\/dodo-inflatables.com\/da\/opblaeselige-rutschebaner-og-haengekoejer-koebes-i-tyskland\/\" \/>\n<meta name=\"twitter:label1\" content=\"Estimeret l\u00e6setid\" \/>\n\t<meta name=\"twitter:data1\" content=\"2 minutter\" \/>\n<script type=\"application\/ld+json\" class=\"yoast-schema-graph\">{\"@context\":\"https:\\\/\\\/schema.org\",\"@graph\":[{\"@type\":\"WebPage\",\"@id\":\"https:\\\/\\\/dodo-inflatables.com\\\/da\\\/opblaeselige-rutschebaner-og-haengekoejer-koebes-i-tyskland\\\/\",\"url\":\"https:\\\/\\\/dodo-inflatables.com\\\/da\\\/opblaeselige-rutschebaner-og-haengekoejer-koebes-i-tyskland\\\/\",\"name\":\"Opbl\u00e6selige rutschebaner og h\u00e6ngek\u00f8jer k\u00f8bes i Tyskland - dodo-inflatables.com\",\"isPartOf\":{\"@id\":\"https:\\\/\\\/dodo-inflatables.com\\\/da\\\/#website\"},\"primaryImageOfPage\":{\"@id\":\"https:\\\/\\\/dodo-inflatables.com\\\/da\\\/opblaeselige-rutschebaner-og-haengekoejer-koebes-i-tyskland\\\/#primaryimage\"},\"image\":{\"@id\":\"https:\\\/\\\/dodo-inflatables.com\\\/da\\\/opblaeselige-rutschebaner-og-haengekoejer-koebes-i-tyskland\\\/#primaryimage\"},\"thumbnailUrl\":\"https:\\\/\\\/dodo-inflatables.com\\\/wp-content\\\/uploads\\\/2022\\\/01\\\/seperator-kleiner-1024x102.png\",\"datePublished\":\"2024-03-07T17:43:40+00:00\",\"dateModified\":\"2024-07-17T13:08:29+00:00\",\"breadcrumb\":{\"@id\":\"https:\\\/\\\/dodo-inflatables.com\\\/da\\\/opblaeselige-rutschebaner-og-haengekoejer-koebes-i-tyskland\\\/#breadcrumb\"},\"inLanguage\":\"da-DK\",\"potentialAction\":[{\"@type\":\"ReadAction\",\"target\":[\"https:\\\/\\\/dodo-inflatables.com\\\/da\\\/opblaeselige-rutschebaner-og-haengekoejer-koebes-i-tyskland\\\/\"]}]},{\"@type\":\"ImageObject\",\"inLanguage\":\"da-DK\",\"@id\":\"https:\\\/\\\/dodo-inflatables.com\\\/da\\\/opblaeselige-rutschebaner-og-haengekoejer-koebes-i-tyskland\\\/#primaryimage\",\"url\":\"https:\\\/\\\/dodo-inflatables.com\\\/wp-content\\\/uploads\\\/2022\\\/01\\\/seperator-kleiner-1024x102.png\",\"contentUrl\":\"https:\\\/\\\/dodo-inflatables.com\\\/wp-content\\\/uploads\\\/2022\\\/01\\\/seperator-kleiner-1024x102.png\"},{\"@type\":\"BreadcrumbList\",\"@id\":\"https:\\\/\\\/dodo-inflatables.com\\\/da\\\/opblaeselige-rutschebaner-og-haengekoejer-koebes-i-tyskland\\\/#breadcrumb\",\"itemListElement\":[{\"@type\":\"ListItem\",\"position\":1,\"name\":\"Hjem\",\"item\":\"https:\\\/\\\/dodo-inflatables.com\\\/da\\\/\"},{\"@type\":\"ListItem\",\"position\":2,\"name\":\"Opbl\u00e6selige rutschebaner og h\u00e6ngek\u00f8jer k\u00f8bes i Tyskland\"}]},{\"@type\":\"WebSite\",\"@id\":\"https:\\\/\\\/dodo-inflatables.com\\\/da\\\/#website\",\"url\":\"https:\\\/\\\/dodo-inflatables.com\\\/da\\\/\",\"name\":\"dodo-inflatables.com\",\"description\":\"K\u00f8b hoppeborge og attraktioner i vores butik.\",\"publisher\":{\"@id\":\"https:\\\/\\\/dodo-inflatables.com\\\/da\\\/#organization\"},\"potentialAction\":[{\"@type\":\"SearchAction\",\"target\":{\"@type\":\"EntryPoint\",\"urlTemplate\":\"https:\\\/\\\/dodo-inflatables.com\\\/da\\\/?s={search_term_string}\"},\"query-input\":{\"@type\":\"PropertyValueSpecification\",\"valueRequired\":true,\"valueName\":\"search_term_string\"}}],\"inLanguage\":\"da-DK\"},{\"@type\":\"Organization\",\"@id\":\"https:\\\/\\\/dodo-inflatables.com\\\/da\\\/#organization\",\"name\":\"dodo-inflatables.com\",\"url\":\"https:\\\/\\\/dodo-inflatables.com\\\/da\\\/\",\"logo\":{\"@type\":\"ImageObject\",\"inLanguage\":\"da-DK\",\"@id\":\"https:\\\/\\\/dodo-inflatables.com\\\/da\\\/#\\\/schema\\\/logo\\\/image\\\/\",\"url\":\"https:\\\/\\\/dodo-inflatables.com\\\/wp-content\\\/uploads\\\/2023\\\/04\\\/cropped-cropped-cropped-Dodo-Logo.png\",\"contentUrl\":\"https:\\\/\\\/dodo-inflatables.com\\\/wp-content\\\/uploads\\\/2023\\\/04\\\/cropped-cropped-cropped-Dodo-Logo.png\",\"width\":2996,\"height\":1545,\"caption\":\"dodo-inflatables.com\"},\"image\":{\"@id\":\"https:\\\/\\\/dodo-inflatables.com\\\/da\\\/#\\\/schema\\\/logo\\\/image\\\/\"}}]}<\/script>\n<!-- \/ Yoast SEO plugin. -->","yoast_head_json":{"title":"Opbl\u00e6selige rutschebaner og h\u00e6ngek\u00f8jer k\u00f8bes i Tyskland - dodo-inflatables.com","robots":{"index":"index","follow":"follow","max-snippet":"max-snippet:-1","max-image-preview":"max-image-preview:large","max-video-preview":"max-video-preview:-1"},"canonical":"https:\/\/dodo-inflatables.com\/da\/opblaeselige-rutschebaner-og-haengekoejer-koebes-i-tyskland\/","twitter_misc":{"Estimeret l\u00e6setid":"2 minutter"},"schema":{"@context":"https:\/\/schema.org","@graph":[{"@type":"WebPage","@id":"https:\/\/dodo-inflatables.com\/da\/opblaeselige-rutschebaner-og-haengekoejer-koebes-i-tyskland\/","url":"https:\/\/dodo-inflatables.com\/da\/opblaeselige-rutschebaner-og-haengekoejer-koebes-i-tyskland\/","name":"Opbl\u00e6selige rutschebaner og h\u00e6ngek\u00f8jer k\u00f8bes i Tyskland - dodo-inflatables.com","isPartOf":{"@id":"https:\/\/dodo-inflatables.com\/da\/#website"},"primaryImageOfPage":{"@id":"https:\/\/dodo-inflatables.com\/da\/opblaeselige-rutschebaner-og-haengekoejer-koebes-i-tyskland\/#primaryimage"},"image":{"@id":"https:\/\/dodo-inflatables.com\/da\/opblaeselige-rutschebaner-og-haengekoejer-koebes-i-tyskland\/#primaryimage"},"thumbnailUrl":"https:\/\/dodo-inflatables.com\/wp-content\/uploads\/2022\/01\/seperator-kleiner-1024x102.png","datePublished":"2024-03-07T17:43:40+00:00","dateModified":"2024-07-17T13:08:29+00:00","breadcrumb":{"@id":"https:\/\/dodo-inflatables.com\/da\/opblaeselige-rutschebaner-og-haengekoejer-koebes-i-tyskland\/#breadcrumb"},"inLanguage":"da-DK","potentialAction":[{"@type":"ReadAction","target":["https:\/\/dodo-inflatables.com\/da\/opblaeselige-rutschebaner-og-haengekoejer-koebes-i-tyskland\/"]}]},{"@type":"ImageObject","inLanguage":"da-DK","@id":"https:\/\/dodo-inflatables.com\/da\/opblaeselige-rutschebaner-og-haengekoejer-koebes-i-tyskland\/#primaryimage","url":"https:\/\/dodo-inflatables.com\/wp-content\/uploads\/2022\/01\/seperator-kleiner-1024x102.png","contentUrl":"https:\/\/dodo-inflatables.com\/wp-content\/uploads\/2022\/01\/seperator-kleiner-1024x102.png"},{"@type":"BreadcrumbList","@id":"https:\/\/dodo-inflatables.com\/da\/opblaeselige-rutschebaner-og-haengekoejer-koebes-i-tyskland\/#breadcrumb","itemListElement":[{"@type":"ListItem","position":1,"name":"Hjem","item":"https:\/\/dodo-inflatables.com\/da\/"},{"@type":"ListItem","position":2,"name":"Opbl\u00e6selige rutschebaner og h\u00e6ngek\u00f8jer k\u00f8bes i Tyskland"}]},{"@type":"WebSite","@id":"https:\/\/dodo-inflatables.com\/da\/#website","url":"https:\/\/dodo-inflatables.com\/da\/","name":"dodo-inflatables.com","description":"K\u00f8b hoppeborge og attraktioner i vores butik.","publisher":{"@id":"https:\/\/dodo-inflatables.com\/da\/#organization"},"potentialAction":[{"@type":"SearchAction","target":{"@type":"EntryPoint","urlTemplate":"https:\/\/dodo-inflatables.com\/da\/?s={search_term_string}"},"query-input":{"@type":"PropertyValueSpecification","valueRequired":true,"valueName":"search_term_string"}}],"inLanguage":"da-DK"},{"@type":"Organization","@id":"https:\/\/dodo-inflatables.com\/da\/#organization","name":"dodo-inflatables.com","url":"https:\/\/dodo-inflatables.com\/da\/","logo":{"@type":"ImageObject","inLanguage":"da-DK","@id":"https:\/\/dodo-inflatables.com\/da\/#\/schema\/logo\/image\/","url":"https:\/\/dodo-inflatables.com\/wp-content\/uploads\/2023\/04\/cropped-cropped-cropped-Dodo-Logo.png","contentUrl":"https:\/\/dodo-inflatables.com\/wp-content\/uploads\/2023\/04\/cropped-cropped-cropped-Dodo-Logo.png","width":2996,"height":1545,"caption":"dodo-inflatables.com"},"image":{"@id":"https:\/\/dodo-inflatables.com\/da\/#\/schema\/logo\/image\/"}}]}},"uagb_featured_image_src":{"full":false,"thumbnail":false,"medium":false,"medium_large":false,"large":false,"1536x1536":false,"2048x2048":false,"woocommerce_thumbnail":false,"woocommerce_single":false,"woocommerce_gallery_thumbnail":false},"uagb_author_info":{"display_name":"Andreas","author_link":"https:\/\/dodo-inflatables.com\/da\/author\/andreas\/"},"uagb_comment_info":0,"uagb_excerpt":"Opbl\u00e6selige rutschebaner og h\u00e6ngek\u00f8jer k\u00f8bes i Tyskland Velkommen til Dodo-Inflatables.com &#8211; vores webshop for hofteb\u00f8jler i Europa! Tag et kig p\u00e5 vores omfattende udvalg af kvalitetsh\u00f8fder, opbl\u00e6selige slanger og rutsjebaner, der hver gang giver en ekstra gevinst. Uanset om du s\u00f8ger en stor H\u00fcpfburg til et firmaarrangement, et lille H\u00fcpfschloss til en b\u00f8rnef\u00f8dselsdag eller en&hellip;","_links":{"self":[{"href":"https:\/\/dodo-inflatables.com\/da\/wp-json\/wp\/v2\/pages\/17100","targetHints":{"allow":["GET"]}}],"collection":[{"href":"https:\/\/dodo-inflatables.com\/da\/wp-json\/wp\/v2\/pages"}],"about":[{"href":"https:\/\/dodo-inflatables.com\/da\/wp-json\/wp\/v2\/types\/page"}],"author":[{"embeddable":true,"href":"https:\/\/dodo-inflatables.com\/da\/wp-json\/wp\/v2\/users\/1"}],"replies":[{"embeddable":true,"href":"https:\/\/dodo-inflatables.com\/da\/wp-json\/wp\/v2\/comments?post=17100"}],"version-history":[{"count":2,"href":"https:\/\/dodo-inflatables.com\/da\/wp-json\/wp\/v2\/pages\/17100\/revisions"}],"predecessor-version":[{"id":17104,"href":"https:\/\/dodo-inflatables.com\/da\/wp-json\/wp\/v2\/pages\/17100\/revisions\/17104"}],"wp:attachment":[{"href":"https:\/\/dodo-inflatables.com\/da\/wp-json\/wp\/v2\/media?parent=17100"}],"curies":[{"name":"wp","href":"https:\/\/api.w.org\/{rel}","templated":true}]}}