{"id":17571,"date":"2024-03-05T15:42:16","date_gmt":"2024-03-05T14:42:16","guid":{"rendered":"https:\/\/dodo-inflatables.com\/det-er-en-god-ide-at-se-hvad-der-sker-naar-man-er-i-gang\/"},"modified":"2024-07-17T15:10:16","modified_gmt":"2024-07-17T13:10:16","slug":"det-er-en-god-ide-at-se-hvad-der-sker-naar-man-er-i-gang","status":"publish","type":"page","link":"https:\/\/dodo-inflatables.com\/da\/det-er-en-god-ide-at-se-hvad-der-sker-naar-man-er-i-gang\/","title":{"rendered":"Det er en god id\u00e9 at se, hvad der sker, n\u00e5r man er i gang."},"content":{"rendered":"\n<h2 class=\"wp-block-heading has-text-align-center\">Det er en god id\u00e9 at se, hvad der sker, n\u00e5r man er i gang.<\/h2>\n\n<h2 class=\"wp-block-heading has-text-align-center\">Kupujte tobogane na naduvavanje i zamkove u Srbiji<\/h2>\n\n<figure class=\"wp-block-image aligncenter size-large\"><a href=\"https:\/\/dodo-inflatables.com\/wp-content\/uploads\/2022\/01\/seperator-kleiner.png\"><img fetchpriority=\"high\" decoding=\"async\" width=\"1024\" height=\"102\" src=\"https:\/\/dodo-inflatables.com\/wp-content\/uploads\/2022\/01\/seperator-kleiner-1024x102.png\" alt=\"\" class=\"wp-image-4026\" srcset=\"https:\/\/dodo-inflatables.com\/wp-content\/uploads\/2022\/01\/seperator-kleiner-1024x102.png 1024w, https:\/\/dodo-inflatables.com\/wp-content\/uploads\/2022\/01\/seperator-kleiner-900x90.png 900w, https:\/\/dodo-inflatables.com\/wp-content\/uploads\/2022\/01\/seperator-kleiner-300x30.png 300w, https:\/\/dodo-inflatables.com\/wp-content\/uploads\/2022\/01\/seperator-kleiner-768x77.png 768w, https:\/\/dodo-inflatables.com\/wp-content\/uploads\/2022\/01\/seperator-kleiner-1536x154.png 1536w, https:\/\/dodo-inflatables.com\/wp-content\/uploads\/2022\/01\/seperator-kleiner-340x34.png 340w, https:\/\/dodo-inflatables.com\/wp-content\/uploads\/2022\/01\/seperator-kleiner.png 2000w\" sizes=\"(max-width: 1024px) 100vw, 1024px\" \/><\/a><\/figure>\n\n<h2 class=\"wp-block-heading has-text-align-center\">\u0414\u043e\u0431\u0440\u043e\u0434\u043e\u0448\u043b\u0438 \u0443 \u0414\u043e\u0434\u043e-\u0418\u043d\u0444\u043b\u0430\u0442\u0430\u0431\u043b\u0435\u0441.\u0446\u043e\u043c &#8211; \u043d\u0430\u0448\u0443 \u043e\u043d\u043b\u0430\u0458\u043d \u043f\u0440\u043e\u0434\u0430\u0432\u043d\u0438\u0446\u0443 \u0437\u0430 \u043d\u0430\u0441\u043a\u0430\u0447\u0443\u045b\u0435 \u0434\u0432\u043e\u0440\u0446\u0435 \u0443 \u0415\u0432\u0440\u043e\u043f\u0438!<\/h2>\n\n<h2 class=\"wp-block-heading has-text-align-center\">Dobrodo\u0161li u Dodo-Inflatables.com &#8211; na\u0161u onlajn prodavnicu za naska\u010du\u0107e dvorce u Evropi!<\/h2>\n\n<p style=\"font-size:17px\">\u0423\u0440\u043e\u043d\u0438\u0442\u0435 \u0443 \u043d\u0430\u0448 \u0448\u0438\u0440\u043e\u043a \u0438\u0437\u0431\u043e\u0440 \u0432\u0438\u0441\u043e\u043a\u043e\u043a\u0432\u0430\u043b\u0438\u0442\u0435\u0442\u043d\u0438\u0445 \u0437\u0430\u043c\u043a\u043e\u0432\u0430 \u043d\u0430 \u043d\u0430\u043f\u0443\u0445\u0430\u0432\u0430\u045a\u0435, \u0434\u0432\u043e\u0440\u0430\u0446\u0430 \u043d\u0430\u0434\u0443\u0432\u0430\u0432\u0430\u045a\u0435 \u0438 \u0442\u043e\u0431\u043e\u0433\u0430\u043d\u0430 \u043a\u043e\u0458\u0438 \u0434\u043e\u0434\u0430\u0458\u0443 \u043e\u043d\u043e \u043c\u0430\u043b\u043e \u043d\u0435\u0448\u0442\u043e \u0434\u043e\u0434\u0430\u0442\u043d\u043e \u0441\u0432\u0430\u043a\u043e\u0458 \u043f\u0440\u0438\u043b\u0438\u0446\u0438. Vi er n\u00f8dt til at finde ud af, hvad der er sket, og hvad der ikke er sket. Vi er n\u00f8dt til at finde ud af, hvad der er sket, og hvad der ikke er sket.<\/p>\n\n<p style=\"font-size:17px\">\u041d\u0430\u0448 \u0430\u0441\u043e\u0440\u0442\u0438\u043c\u0430\u043d \u043d\u0435 \u0443\u043a\u0459\u0443\u0447\u0443\u0458\u0435 \u0441\u0430\u043c\u043e \u0440\u0430\u0437\u043d\u0435 \u0437\u0430\u043c\u043a\u043e\u0432\u0435 \u0437\u0430 \u0441\u043a\u0430\u043a\u0430\u045a\u0435, \u0432\u0435\u045b \u0438 \u0448\u0438\u0440\u043e\u043a \u0441\u043f\u0435\u043a\u0442\u0430\u0440 \u0434\u043e\u0434\u0430\u0442\u0430\u043a\u0430, \u0443\u043a\u0459\u0443\u0447\u0443\u0458\u0443\u045b\u0438 \u0433\u0438\u0431\u043e\u043d\u0435 \u0438 \u0425\u0443\u0430\u0432\u0435\u0438 \u0434\u0443\u0432\u0430\u0459\u043a\u0435 \u0437\u0430 \u0437\u0430\u043c\u043a\u043e\u0432\u0435 \u0437\u0430 \u043e\u0434\u0441\u043a\u0430\u043a\u0430\u045a\u0435.<\/p>\n\n<p style=\"font-size:17px\">\u0414\u043e\u0441\u0442\u0430\u0432\u0430 \u0437\u0430\u043c\u043a\u0430 \u0438 \u043f\u0440\u0430\u0442\u0435\u045b\u0435 \u043e\u043f\u0440\u0435\u043c\u0435 \u0443 \u0421\u0440\u0431\u0438\u0458\u0443 \u043a\u043e\u0448\u0442\u0430 335,00 \u20ac. \u041f\u0430\u043a\u0435\u0442 \u0441\u0430 \u0430\u043a\u0441\u0435\u0441\u043e\u0430\u0440\u043e\u043c \u0437\u0430 \u043d\u0430\u0441\u043a\u043e\u043a \u0437\u0430\u043c\u0430\u043a \u043a\u043e\u0448\u0442\u0430 85,00 \u20ac. \u0410\u043a\u043e \u0458\u0435 \u0437\u0430\u043c\u0430\u043a \u043d\u0430 \u043b\u0430\u0433\u0435\u0440\u0443, \u0431\u0438\u045b\u0435 \u0432\u0430\u043c \u043f\u043e\u0441\u043b\u0430\u0442 \u043e\u0434\u043c\u0430\u0445 \u043f\u043e \u043f\u0440\u0438\u0458\u0435\u043c\u0443 \u0443\u043f\u043b\u0430\u0442\u0435. 4 &#8211; 6&#8230; \u041f\u0440\u0435\u0443\u0437\u0438\u043c\u0430\u045a\u0435 \u0458\u0435 \u043c\u043e\u0433\u0443\u045b\u0435 \u0438\u0437 \u043d\u0430\u0448\u0435\u0433 \u0441\u043a\u043b\u0430\u0434\u0438\u0448\u0442\u0430 \u0443 \u041c\u0438\u043d\u0445\u0435\u043d\u0443, \u041d\u0435\u043c\u0430\u0447\u043a\u0430.<\/p>\n\n<p style=\"font-size:17px\">\u0421\u0432\u0438 \u043d\u0430\u0448\u0438 \u0437\u0430\u043c\u043a\u043e\u0432\u0438 \u0438\u0441\u043f\u0443\u045a\u0430\u0432\u0430\u0458\u0443 \u0441\u0442\u0440\u043e\u0433\u0435 \u0431\u0435\u0437\u0431\u0435\u0434\u043d\u043e\u0441\u043d\u0435 \u0441\u0442\u0430\u043d\u0434\u0430\u0440\u0434\u0435 \u0414\u0418\u041d \u0415\u041d 14960 \u0438 \u043f\u043e\u0433\u043e\u0434\u043d\u0438 \u0441\u0443 \u0437\u0430 \u043f\u0440\u0438\u0432\u0430\u0442\u043d\u0443 \u0438 \u043a\u043e\u043c\u0435\u0440\u0446\u0438\u0458\u0430\u043b\u043d\u0443 \u0443\u043f\u043e\u0442\u0440\u0435\u0431\u0443. \u041d\u0430\u043a\u043e\u043d \u0448\u0442\u043e \u0458\u0435 \u0437\u0430\u043c\u0430\u043a \u0437\u0430 \u043e\u0434\u0441\u043a\u0430\u043a\u0430\u045a\u0435 \u0431\u0438\u043e \u0438\u0441\u043f\u043e\u0440\u0443\u0447\u0435\u043d, \u0434\u043e\u0431\u0438\u045b\u0435\u0442\u0435 \u0434\u0435\u0442\u0430\u0459\u043d\u0430 \u0443\u043f\u0443\u0442\u0441\u0442\u0432\u0430 \u0438 \u043e\u0434\u0433\u043e\u0432\u0430\u0440\u0430\u0458\u0443\u045b\u0438 \u0441\u0435\u0440\u0442\u0438\u0444\u0438\u043a\u0430\u0442 \u0437\u0430 \u0432\u0430\u0448 \u043d\u043e\u0432\u0438 \u0437\u0430\u043c\u0430\u043a.<br\/>\u041e\u0441\u043b\u043e\u0431\u043e\u0452\u0435\u045a\u0435 \u043e\u0434 \u041f\u0414\u0412-\u0430 \u0437\u0430 \u043a\u043e\u043c\u043f\u0430\u043d\u0438\u0458\u0435! Jeg vil ikke have, at det skal v\u00e6re s\u00e5dan. Jeg vil have, at det skal v\u00e6re s\u00e5dan.<br\/>Det er for sent at sige, at det er for sent at sige, at det er for sent at sige, at det er for sent at sige, at det er for sent at sige, at det er for sent at sige, at det er for sent at sige, Vi skal bare finde ud af, hvordan vi kan komme videre. \u0423 \u0441\u0442\u0432\u0430\u0440\u0438, \u0432\u0435\u045b\u0438\u043d\u0430 \u043d\u0430\u0448\u0438\u0445 \u043a\u0443\u043f\u0430\u0446\u0430 \u0448\u0438\u0440\u043e\u043c \u0415\u0432\u0440\u043e\u043f\u0435 \u0441\u0443 \u043a\u043e\u043c\u043f\u0430\u043d\u0438\u0458\u0435 \u0437\u0430 \u0438\u0437\u043d\u0430\u0458\u043c\u0459\u0438\u0432\u0430\u045a\u0435 \u0437\u0430\u043c\u043a\u043e\u0432\u0430 \u043a\u043e\u0458\u0435 \u0446\u0435\u043d\u0435 \u043d\u0430\u0448\u0435 \u043f\u0440\u043e\u0438\u0437\u0432\u043e\u0434\u0435 \u0437\u0430 \u0434\u043e\u0433\u0430\u0452\u0430\u0458\u0435 \u0441\u0432\u0438\u0445 \u0432\u0435\u043b\u0438\u0447\u0438\u043d\u0430.<\/p>\n\n<p style=\"font-size:17px\">Vi skal bare finde ud af, hvor vi skal hen. \u0446\u043e\u043d\u0442\u0430\u0446\u0442@\u0434\u043e\u0434\u043e-\u0438\u043d\u0444\u043b\u0430\u0442\u0430\u0431\u043b\u0435\u0441.\u0446\u043e\u043c!<\/p>\n\n<p style=\"font-size:17px\">Uronite u na\u0161 \u0161irok izbor visokokvalitetnih zamkova na napuhavanje, dvoraca na naduvavanje i tobogana koji dodaju ono malo ne\u0161to dodatno svakoj prilici. Bilo da tra\u017eite veliki zamak za kompaniju, mali zamak za de\u010diji ro\u0111endan ili dvorac sa toboganom za letnju zabavu &#8211; kod nas \u0107ete zagarantovano prona\u0107i ono \u0161to tra\u017eite!<\/p>\n\n<p style=\"font-size:17px\">Na\u0161 asortiman ne uklju\u010duje samo razne zamkove za skakanje, ve\u0107 i \u0161irok spektar dodataka, uklju\u010duju\u0107i gibone i Huavei duvaljke za zamkove za odskakanje.<\/p>\n\n<p style=\"font-size:17px\">Dostava zamka i prate\u0107e opreme u Srbiju ko\u0161ta 335,00 \u20ac. Pakke sa aksesoarom za naskok zamak ko\u0161ta 85,00 \u20ac. Ako je zamak na lageru, bi\u0107e vam poslat odmah po prijemu uplate. Dostava u Srbiju traje oko 4 &#8211; 6 radnih dana. Preuzimanje je mogu\u0107e iz na\u0161eg skladi\u0161ta u Minhenu, Nema\u010dka.<\/p>\n\n<p style=\"font-size:17px\">Svi na\u0161i zamkovi ispunjavaju stroge bezbednosne standarde DIN EN 14960 i pogodni su za privatnu i komercijalnu upotrebu. Nakon \u0161to je zamak za odskakanje bio isporu\u010den, dobi\u0107ete detaljna uputstva i odgovaraju\u0107i sertifikat za va\u0161 novi zamak.<br\/>Oslobo\u0111enje od PDV-a za kompanije! Ako kupujete kao preduze\u0107e, navedite svoj PDV broj na blagajni da biste kupovali bez poreza.<br\/>Bez obzira na to da li ste privatnik u potrazi za nasko\u010dnim zamkom za slede\u0107u porodi\u010dnu proslavu, ili ste komercijalni stanodavac koji \u017eeli da pro\u0161iri svoju ponudu &#8211; na\u0161i dvorci za skakanje su pogodni za svakoga. U stvari, ve\u0107ina na\u0161ih kupaca \u0161irom Evrope su kompanije za iznajmljivanje zamkova koje cene na\u0161e proizvode za doga\u0111aje svih veli\u010dina.<\/p>\n\n<p style=\"font-size:17px\">Nadamo se da \u0107ete u\u017eivati u pregledanju na\u0161e online prodavnice i da ste dostupni ako imate pitanja na contact@dodo-inflatables.com!<\/p>\n\n<div style=\"height:100px\" aria-hidden=\"true\" class=\"wp-block-spacer\"><\/div>\n","protected":false},"excerpt":{"rendered":"<p>Det er en god id\u00e9 at se, hvad der sker, n\u00e5r man er i gang. Kupujte tobogane na naduvavanje i zamkove u Srbiji \u0414\u043e\u0431\u0440\u043e\u0434\u043e\u0448\u043b\u0438 \u0443 \u0414\u043e\u0434\u043e-\u0418\u043d\u0444\u043b\u0430\u0442\u0430\u0431\u043b\u0435\u0441.\u0446\u043e\u043c &#8211; \u043d\u0430\u0448\u0443 \u043e\u043d\u043b\u0430\u0458\u043d \u043f\u0440\u043e\u0434\u0430\u0432\u043d\u0438\u0446\u0443 \u0437\u0430 \u043d\u0430\u0441\u043a\u0430\u0447\u0443\u045b\u0435 \u0434\u0432\u043e\u0440\u0446\u0435 \u0443 \u0415\u0432\u0440\u043e\u043f\u0438! Dobrodo\u0161li u Dodo-Inflatables.com &#8211; na\u0161u onlajn prodavnicu za naska\u010du\u0107e dvorce u Evropi! \u0423\u0440\u043e\u043d\u0438\u0442\u0435 \u0443 \u043d\u0430\u0448 \u0448\u0438\u0440\u043e\u043a \u0438\u0437\u0431\u043e\u0440 \u0432\u0438\u0441\u043e\u043a\u043e\u043a\u0432\u0430\u043b\u0438\u0442\u0435\u0442\u043d\u0438\u0445 \u0437\u0430\u043c\u043a\u043e\u0432\u0430 \u043d\u0430 [&hellip;]<\/p>\n","protected":false},"author":1,"featured_media":0,"parent":0,"menu_order":0,"comment_status":"closed","ping_status":"closed","template":"","meta":{"_acf_changed":false,"_uag_custom_page_level_css":"","site-sidebar-layout":"default","site-content-layout":"","ast-site-content-layout":"normal-width-container","site-content-style":"boxed","site-sidebar-style":"default","ast-global-header-display":"","ast-banner-title-visibility":"","ast-main-header-display":"","ast-hfb-above-header-display":"","ast-hfb-below-header-display":"","ast-hfb-mobile-header-display":"","site-post-title":"","ast-breadcrumbs-content":"","ast-featured-img":"","footer-sml-layout":"","ast-disable-related-posts":"","theme-transparent-header-meta":"","adv-header-id-meta":"4069","stick-header-meta":"","header-above-stick-meta":"","header-main-stick-meta":"","header-below-stick-meta":"","astra-migrate-meta-layouts":"default","ast-page-background-enabled":"default","ast-page-background-meta":{"desktop":{"background-color":"var(--ast-global-color-4)","background-image":"","background-repeat":"repeat","background-position":"center center","background-size":"auto","background-attachment":"scroll","background-type":"","background-media":"","overlay-type":"","overlay-color":"","overlay-opacity":"","overlay-gradient":""},"tablet":{"background-color":"","background-image":"","background-repeat":"repeat","background-position":"center center","background-size":"auto","background-attachment":"scroll","background-type":"","background-media":"","overlay-type":"","overlay-color":"","overlay-opacity":"","overlay-gradient":""},"mobile":{"background-color":"","background-image":"","background-repeat":"repeat","background-position":"center center","background-size":"auto","background-attachment":"scroll","background-type":"","background-media":"","overlay-type":"","overlay-color":"","overlay-opacity":"","overlay-gradient":""}},"ast-content-background-meta":{"desktop":{"background-color":"var(--ast-global-color-5)","background-image":"","background-repeat":"repeat","background-position":"center center","background-size":"auto","background-attachment":"scroll","background-type":"","background-media":"","overlay-type":"","overlay-color":"","overlay-opacity":"","overlay-gradient":""},"tablet":{"background-color":"var(--ast-global-color-5)","background-image":"","background-repeat":"repeat","background-position":"center center","background-size":"auto","background-attachment":"scroll","background-type":"","background-media":"","overlay-type":"","overlay-color":"","overlay-opacity":"","overlay-gradient":""},"mobile":{"background-color":"var(--ast-global-color-5)","background-image":"","background-repeat":"repeat","background-position":"center center","background-size":"auto","background-attachment":"scroll","background-type":"","background-media":"","overlay-type":"","overlay-color":"","overlay-opacity":"","overlay-gradient":""}},"footnotes":""},"class_list":["post-17571","page","type-page","status-publish","hentry"],"acf":[],"yoast_head":"<!-- This site is optimized with the Yoast SEO plugin v27.5 - https:\/\/yoast.com\/product\/yoast-seo-wordpress\/ -->\n<title>Det er en god id\u00e9 at se, hvad der sker, n\u00e5r man er i gang. - dodo-inflatables.com<\/title>\n<meta name=\"robots\" content=\"index, follow, max-snippet:-1, max-image-preview:large, max-video-preview:-1\" \/>\n<link rel=\"canonical\" href=\"https:\/\/dodo-inflatables.com\/da\/det-er-en-god-ide-at-se-hvad-der-sker-naar-man-er-i-gang\/\" \/>\n<meta name=\"twitter:label1\" content=\"Estimeret l\u00e6setid\" \/>\n\t<meta name=\"twitter:data1\" content=\"2 minutter\" \/>\n<script type=\"application\/ld+json\" class=\"yoast-schema-graph\">{\"@context\":\"https:\\\/\\\/schema.org\",\"@graph\":[{\"@type\":\"WebPage\",\"@id\":\"https:\\\/\\\/dodo-inflatables.com\\\/da\\\/det-er-en-god-ide-at-se-hvad-der-sker-naar-man-er-i-gang\\\/\",\"url\":\"https:\\\/\\\/dodo-inflatables.com\\\/da\\\/det-er-en-god-ide-at-se-hvad-der-sker-naar-man-er-i-gang\\\/\",\"name\":\"Det er en god id\u00e9 at se, hvad der sker, n\u00e5r man er i gang. - dodo-inflatables.com\",\"isPartOf\":{\"@id\":\"https:\\\/\\\/dodo-inflatables.com\\\/da\\\/#website\"},\"primaryImageOfPage\":{\"@id\":\"https:\\\/\\\/dodo-inflatables.com\\\/da\\\/det-er-en-god-ide-at-se-hvad-der-sker-naar-man-er-i-gang\\\/#primaryimage\"},\"image\":{\"@id\":\"https:\\\/\\\/dodo-inflatables.com\\\/da\\\/det-er-en-god-ide-at-se-hvad-der-sker-naar-man-er-i-gang\\\/#primaryimage\"},\"thumbnailUrl\":\"https:\\\/\\\/dodo-inflatables.com\\\/wp-content\\\/uploads\\\/2022\\\/01\\\/seperator-kleiner-1024x102.png\",\"datePublished\":\"2024-03-05T14:42:16+00:00\",\"dateModified\":\"2024-07-17T13:10:16+00:00\",\"breadcrumb\":{\"@id\":\"https:\\\/\\\/dodo-inflatables.com\\\/da\\\/det-er-en-god-ide-at-se-hvad-der-sker-naar-man-er-i-gang\\\/#breadcrumb\"},\"inLanguage\":\"da-DK\",\"potentialAction\":[{\"@type\":\"ReadAction\",\"target\":[\"https:\\\/\\\/dodo-inflatables.com\\\/da\\\/det-er-en-god-ide-at-se-hvad-der-sker-naar-man-er-i-gang\\\/\"]}]},{\"@type\":\"ImageObject\",\"inLanguage\":\"da-DK\",\"@id\":\"https:\\\/\\\/dodo-inflatables.com\\\/da\\\/det-er-en-god-ide-at-se-hvad-der-sker-naar-man-er-i-gang\\\/#primaryimage\",\"url\":\"https:\\\/\\\/dodo-inflatables.com\\\/wp-content\\\/uploads\\\/2022\\\/01\\\/seperator-kleiner-1024x102.png\",\"contentUrl\":\"https:\\\/\\\/dodo-inflatables.com\\\/wp-content\\\/uploads\\\/2022\\\/01\\\/seperator-kleiner-1024x102.png\"},{\"@type\":\"BreadcrumbList\",\"@id\":\"https:\\\/\\\/dodo-inflatables.com\\\/da\\\/det-er-en-god-ide-at-se-hvad-der-sker-naar-man-er-i-gang\\\/#breadcrumb\",\"itemListElement\":[{\"@type\":\"ListItem\",\"position\":1,\"name\":\"Hjem\",\"item\":\"https:\\\/\\\/dodo-inflatables.com\\\/da\\\/\"},{\"@type\":\"ListItem\",\"position\":2,\"name\":\"Det er en god id\u00e9 at se, hvad der sker, n\u00e5r man er i gang.\"}]},{\"@type\":\"WebSite\",\"@id\":\"https:\\\/\\\/dodo-inflatables.com\\\/da\\\/#website\",\"url\":\"https:\\\/\\\/dodo-inflatables.com\\\/da\\\/\",\"name\":\"dodo-inflatables.com\",\"description\":\"K\u00f8b hoppeborge og attraktioner i vores butik.\",\"potentialAction\":[{\"@type\":\"SearchAction\",\"target\":{\"@type\":\"EntryPoint\",\"urlTemplate\":\"https:\\\/\\\/dodo-inflatables.com\\\/da\\\/?s={search_term_string}\"},\"query-input\":{\"@type\":\"PropertyValueSpecification\",\"valueRequired\":true,\"valueName\":\"search_term_string\"}}],\"inLanguage\":\"da-DK\"}]}<\/script>\n<!-- \/ Yoast SEO plugin. -->","yoast_head_json":{"title":"Det er en god id\u00e9 at se, hvad der sker, n\u00e5r man er i gang. - dodo-inflatables.com","robots":{"index":"index","follow":"follow","max-snippet":"max-snippet:-1","max-image-preview":"max-image-preview:large","max-video-preview":"max-video-preview:-1"},"canonical":"https:\/\/dodo-inflatables.com\/da\/det-er-en-god-ide-at-se-hvad-der-sker-naar-man-er-i-gang\/","twitter_misc":{"Estimeret l\u00e6setid":"2 minutter"},"schema":{"@context":"https:\/\/schema.org","@graph":[{"@type":"WebPage","@id":"https:\/\/dodo-inflatables.com\/da\/det-er-en-god-ide-at-se-hvad-der-sker-naar-man-er-i-gang\/","url":"https:\/\/dodo-inflatables.com\/da\/det-er-en-god-ide-at-se-hvad-der-sker-naar-man-er-i-gang\/","name":"Det er en god id\u00e9 at se, hvad der sker, n\u00e5r man er i gang. - dodo-inflatables.com","isPartOf":{"@id":"https:\/\/dodo-inflatables.com\/da\/#website"},"primaryImageOfPage":{"@id":"https:\/\/dodo-inflatables.com\/da\/det-er-en-god-ide-at-se-hvad-der-sker-naar-man-er-i-gang\/#primaryimage"},"image":{"@id":"https:\/\/dodo-inflatables.com\/da\/det-er-en-god-ide-at-se-hvad-der-sker-naar-man-er-i-gang\/#primaryimage"},"thumbnailUrl":"https:\/\/dodo-inflatables.com\/wp-content\/uploads\/2022\/01\/seperator-kleiner-1024x102.png","datePublished":"2024-03-05T14:42:16+00:00","dateModified":"2024-07-17T13:10:16+00:00","breadcrumb":{"@id":"https:\/\/dodo-inflatables.com\/da\/det-er-en-god-ide-at-se-hvad-der-sker-naar-man-er-i-gang\/#breadcrumb"},"inLanguage":"da-DK","potentialAction":[{"@type":"ReadAction","target":["https:\/\/dodo-inflatables.com\/da\/det-er-en-god-ide-at-se-hvad-der-sker-naar-man-er-i-gang\/"]}]},{"@type":"ImageObject","inLanguage":"da-DK","@id":"https:\/\/dodo-inflatables.com\/da\/det-er-en-god-ide-at-se-hvad-der-sker-naar-man-er-i-gang\/#primaryimage","url":"https:\/\/dodo-inflatables.com\/wp-content\/uploads\/2022\/01\/seperator-kleiner-1024x102.png","contentUrl":"https:\/\/dodo-inflatables.com\/wp-content\/uploads\/2022\/01\/seperator-kleiner-1024x102.png"},{"@type":"BreadcrumbList","@id":"https:\/\/dodo-inflatables.com\/da\/det-er-en-god-ide-at-se-hvad-der-sker-naar-man-er-i-gang\/#breadcrumb","itemListElement":[{"@type":"ListItem","position":1,"name":"Hjem","item":"https:\/\/dodo-inflatables.com\/da\/"},{"@type":"ListItem","position":2,"name":"Det er en god id\u00e9 at se, hvad der sker, n\u00e5r man er i gang."}]},{"@type":"WebSite","@id":"https:\/\/dodo-inflatables.com\/da\/#website","url":"https:\/\/dodo-inflatables.com\/da\/","name":"dodo-inflatables.com","description":"K\u00f8b hoppeborge og attraktioner i vores butik.","potentialAction":[{"@type":"SearchAction","target":{"@type":"EntryPoint","urlTemplate":"https:\/\/dodo-inflatables.com\/da\/?s={search_term_string}"},"query-input":{"@type":"PropertyValueSpecification","valueRequired":true,"valueName":"search_term_string"}}],"inLanguage":"da-DK"}]}},"uagb_featured_image_src":{"full":false,"thumbnail":false,"medium":false,"medium_large":false,"large":false,"1536x1536":false,"2048x2048":false,"woocommerce_thumbnail":false,"woocommerce_single":false,"woocommerce_gallery_thumbnail":false},"uagb_author_info":{"display_name":"Andreas","author_link":"https:\/\/dodo-inflatables.com\/da\/author\/andreas\/"},"uagb_comment_info":0,"uagb_excerpt":"Det er en god id\u00e9 at se, hvad der sker, n\u00e5r man er i gang. Kupujte tobogane na naduvavanje i zamkove u Srbiji \u0414\u043e\u0431\u0440\u043e\u0434\u043e\u0448\u043b\u0438 \u0443 \u0414\u043e\u0434\u043e-\u0418\u043d\u0444\u043b\u0430\u0442\u0430\u0431\u043b\u0435\u0441.\u0446\u043e\u043c &#8211; \u043d\u0430\u0448\u0443 \u043e\u043d\u043b\u0430\u0458\u043d \u043f\u0440\u043e\u0434\u0430\u0432\u043d\u0438\u0446\u0443 \u0437\u0430 \u043d\u0430\u0441\u043a\u0430\u0447\u0443\u045b\u0435 \u0434\u0432\u043e\u0440\u0446\u0435 \u0443 \u0415\u0432\u0440\u043e\u043f\u0438! Dobrodo\u0161li u Dodo-Inflatables.com &#8211; na\u0161u onlajn prodavnicu za naska\u010du\u0107e dvorce u Evropi! \u0423\u0440\u043e\u043d\u0438\u0442\u0435 \u0443 \u043d\u0430\u0448 \u0448\u0438\u0440\u043e\u043a \u0438\u0437\u0431\u043e\u0440 \u0432\u0438\u0441\u043e\u043a\u043e\u043a\u0432\u0430\u043b\u0438\u0442\u0435\u0442\u043d\u0438\u0445 \u0437\u0430\u043c\u043a\u043e\u0432\u0430 \u043d\u0430&hellip;","_links":{"self":[{"href":"https:\/\/dodo-inflatables.com\/da\/wp-json\/wp\/v2\/pages\/17571","targetHints":{"allow":["GET"]}}],"collection":[{"href":"https:\/\/dodo-inflatables.com\/da\/wp-json\/wp\/v2\/pages"}],"about":[{"href":"https:\/\/dodo-inflatables.com\/da\/wp-json\/wp\/v2\/types\/page"}],"author":[{"embeddable":true,"href":"https:\/\/dodo-inflatables.com\/da\/wp-json\/wp\/v2\/users\/1"}],"replies":[{"embeddable":true,"href":"https:\/\/dodo-inflatables.com\/da\/wp-json\/wp\/v2\/comments?post=17571"}],"version-history":[{"count":2,"href":"https:\/\/dodo-inflatables.com\/da\/wp-json\/wp\/v2\/pages\/17571\/revisions"}],"predecessor-version":[{"id":17573,"href":"https:\/\/dodo-inflatables.com\/da\/wp-json\/wp\/v2\/pages\/17571\/revisions\/17573"}],"wp:attachment":[{"href":"https:\/\/dodo-inflatables.com\/da\/wp-json\/wp\/v2\/media?parent=17571"}],"curies":[{"name":"wp","href":"https:\/\/api.w.org\/{rel}","templated":true}]}}