{"id":17690,"date":"2017-01-16T10:56:53","date_gmt":"2017-01-16T09:56:53","guid":{"rendered":"https:\/\/dodo-inflatables.com\/om-os\/"},"modified":"2024-08-19T14:42:07","modified_gmt":"2024-08-19T12:42:07","slug":"om-os","status":"publish","type":"page","link":"https:\/\/dodo-inflatables.com\/da\/om-os\/","title":{"rendered":"Om os"},"content":{"rendered":"\n<figure class=\"wp-block-image aligncenter size-large\"><a href=\"https:\/\/dodo-inflatables.com\/wp-content\/uploads\/2022\/01\/seperator-kleiner.png\"><img loading=\"lazy\" decoding=\"async\" width=\"1024\" height=\"102\" src=\"https:\/\/dodo-inflatables.com\/wp-content\/uploads\/2022\/01\/seperator-kleiner-1024x102.png\" alt=\"\" class=\"wp-image-4026\" srcset=\"https:\/\/dodo-inflatables.com\/wp-content\/uploads\/2022\/01\/seperator-kleiner-1024x102.png 1024w, https:\/\/dodo-inflatables.com\/wp-content\/uploads\/2022\/01\/seperator-kleiner-900x90.png 900w, https:\/\/dodo-inflatables.com\/wp-content\/uploads\/2022\/01\/seperator-kleiner-300x30.png 300w, https:\/\/dodo-inflatables.com\/wp-content\/uploads\/2022\/01\/seperator-kleiner-768x77.png 768w, https:\/\/dodo-inflatables.com\/wp-content\/uploads\/2022\/01\/seperator-kleiner-1536x154.png 1536w, https:\/\/dodo-inflatables.com\/wp-content\/uploads\/2022\/01\/seperator-kleiner-340x34.png 340w, https:\/\/dodo-inflatables.com\/wp-content\/uploads\/2022\/01\/seperator-kleiner.png 2000w\" sizes=\"auto, (max-width: 1024px) 100vw, 1024px\" \/><\/a><\/figure>\n<h2 style=\"text-align: center;\">Velkommen til Dodo-Inflatables.com!<\/h2>\n<p>Efter at have besk\u00e6ftiget os med udlejning af hoppeborge og andre eventmoduler i over 10 \u00e5r, besluttede vi os for ogs\u00e5 at overtage salget af hoppeborge. Takket v\u00e6re vores egne udlejningsaktiviteter ved vi, hvad der er vigtigt, n\u00e5r det drejer sig om professionelt brugte hoppeborge. Vi \u00f8nsker at udnytte denne fordel og kun s\u00e6lge gummib\u00e5de, som vi af egen erfaring ved er perfekte til professionel brug og udlejning.<\/p>\n<p>Ud over <a href=\"https:\/\/dodo-inflatables.com\/da\/vare-kategori\/bouncy-slotte\/\">sm\u00e5 og store hopp<\/a>eborge tilbyder vi ogs\u00e5 hoppeborge med rutsjebaner og <a href=\"https:\/\/dodo-inflatables.com\/da\/vare-kategori\/slides-da\/\">k\u00e6mpe r<\/a> utsjebaner, som er dobbelt s\u00e5 sjove for b\u00f8rnene. Du kan ogs\u00e5 k\u00f8be andre attraktioner som f.eks. oppustelige <a href=\"https:\/\/dodo-inflatables.com\/da\/vare\/fodbold-dart\/\">fodboldpile<\/a> hos os til fordelagtige priser. Og selvf\u00f8lgelig finder du ogs\u00e5 alt det tilbeh\u00f8r, du skal bruge til brug af hoppeborge i tilbeh\u00f8rskategorien.<\/p>\n<p>Da vi af egen erfaring ved, hvor vigtig god kvalitet er i udlejningsbranchen, kontrollerer vi selv regelm\u00e6ssigt produktionen af hoppeborgene og er opm\u00e6rksomme p\u00e5 anerkendte certificeringer. Hoppeborge, som vi har p\u00e5 lager, kan sendes til dig inden for 2 &#8211; 5 arbejdsdage. Vi kan naturligvis ogs\u00e5 fremstille kundetilpassede produkter p\u00e5 foresp\u00f8rgsel. Bare tag kontakt til os!<\/p>\n<p>I den <a href=\"https:\/\/dodo-inflatables.com\/da\/vare-kategori\/brugt\/\">brugte kategori<\/a> finder du gode, brugte gummib\u00e5de til fordelagtige priser. Du finder ogs\u00e5 passende tilbeh\u00f8r og andre eventmoduler.<\/p>\n<p>Vi h\u00e5ber, at du vil nyde at kigge i vores butik!<\/p>\n<p>Dit hold fra Dodo-Inflatables.com<\/p>\n\n<figure class=\"wp-block-image size-large\"><a href=\"https:\/\/dodo-inflatables.com\/wp-content\/uploads\/2022\/01\/seperator-kleiner.png\"><img loading=\"lazy\" decoding=\"async\" width=\"1024\" height=\"102\" src=\"https:\/\/dodo-inflatables.com\/wp-content\/uploads\/2022\/01\/seperator-kleiner-1024x102.png\" alt=\"\" class=\"wp-image-4026\" srcset=\"https:\/\/dodo-inflatables.com\/wp-content\/uploads\/2022\/01\/seperator-kleiner-1024x102.png 1024w, https:\/\/dodo-inflatables.com\/wp-content\/uploads\/2022\/01\/seperator-kleiner-900x90.png 900w, https:\/\/dodo-inflatables.com\/wp-content\/uploads\/2022\/01\/seperator-kleiner-300x30.png 300w, https:\/\/dodo-inflatables.com\/wp-content\/uploads\/2022\/01\/seperator-kleiner-768x77.png 768w, https:\/\/dodo-inflatables.com\/wp-content\/uploads\/2022\/01\/seperator-kleiner-1536x154.png 1536w, https:\/\/dodo-inflatables.com\/wp-content\/uploads\/2022\/01\/seperator-kleiner-340x34.png 340w, https:\/\/dodo-inflatables.com\/wp-content\/uploads\/2022\/01\/seperator-kleiner.png 2000w\" sizes=\"auto, (max-width: 1024px) 100vw, 1024px\" \/><\/a><\/figure>\n\n\n<div id=\"sb_instagram\"  class=\"sbi sbi_mob_col_1 sbi_tab_col_2 sbi_col_4 sbi_width_resp\" style=\"padding-bottom: 10px;\"\t data-feedid=\"*2\"  data-res=\"auto\" data-cols=\"4\" data-colsmobile=\"1\" data-colstablet=\"2\" data-num=\"20\" data-nummobile=\"20\" data-item-padding=\"5\"\t data-shortcode-atts=\"{&quot;feed&quot;:&quot;2&quot;}\"  data-postid=\"17690\" data-locatornonce=\"217723760d\" data-imageaspectratio=\"1:1\" data-sbi-flags=\"favorLocal,gdpr\">\n\t\n\t<div id=\"sbi_images\"  style=\"gap: 10px;\">\n\t\t\t<\/div>\n\n\t<div id=\"sbi_load\" >\n\n\t\n\t\t\t<span class=\"sbi_follow_btn sbi_custom\" >\n\t\t\t<a target=\"_blank\"\n\t\t\t\trel=\"nofollow noopener\"  href=\"https:\/\/www.instagram.com\/dodo_inflatables\/\" style=\"background: rgb(64,139,209);\">\n\t\t\t\t<svg class=\"svg-inline--fa fa-instagram fa-w-14\" aria-hidden=\"true\" data-fa-processed=\"\" aria-label=\"Instagram\" data-prefix=\"fab\" data-icon=\"instagram\" role=\"img\" viewBox=\"0 0 448 512\">\n                    <path fill=\"currentColor\" d=\"M224.1 141c-63.6 0-114.9 51.3-114.9 114.9s51.3 114.9 114.9 114.9S339 319.5 339 255.9 287.7 141 224.1 141zm0 189.6c-41.1 0-74.7-33.5-74.7-74.7s33.5-74.7 74.7-74.7 74.7 33.5 74.7 74.7-33.6 74.7-74.7 74.7zm146.4-194.3c0 14.9-12 26.8-26.8 26.8-14.9 0-26.8-12-26.8-26.8s12-26.8 26.8-26.8 26.8 12 26.8 26.8zm76.1 27.2c-1.7-35.9-9.9-67.7-36.2-93.9-26.2-26.2-58-34.4-93.9-36.2-37-2.1-147.9-2.1-184.9 0-35.8 1.7-67.6 9.9-93.9 36.1s-34.4 58-36.2 93.9c-2.1 37-2.1 147.9 0 184.9 1.7 35.9 9.9 67.7 36.2 93.9s58 34.4 93.9 36.2c37 2.1 147.9 2.1 184.9 0 35.9-1.7 67.7-9.9 93.9-36.2 26.2-26.2 34.4-58 36.2-93.9 2.1-37 2.1-147.8 0-184.8zM398.8 388c-7.8 19.6-22.9 34.7-42.6 42.6-29.5 11.7-99.5 9-132.1 9s-102.7 2.6-132.1-9c-19.6-7.8-34.7-22.9-42.6-42.6-11.7-29.5-9-99.5-9-132.1s-2.6-102.7 9-132.1c7.8-19.6 22.9-34.7 42.6-42.6 29.5-11.7 99.5-9 132.1-9s102.7-2.6 132.1 9c19.6 7.8 34.7 22.9 42.6 42.6 11.7 29.5 9 99.5 9 132.1s2.7 102.7-9 132.1z\"><\/path>\n                <\/svg>\t\t\t\t<span>Follow on Instagram<\/span>\n\t\t\t<\/a>\n\t\t<\/span>\n\t\n<\/div>\n\t\t<span class=\"sbi_resized_image_data\" data-feed-id=\"*2\"\n\t\t  data-resized=\"[]\">\n\t<\/span>\n\t<\/div>\n\n\n","protected":false},"excerpt":{"rendered":"<p>Velkommen til Dodo-Inflatables.com! Efter at have besk\u00e6ftiget os med udlejning af hoppeborge og andre eventmoduler i over 10 \u00e5r, besluttede vi os for ogs\u00e5 at overtage salget af hoppeborge. Takket v\u00e6re vores egne udlejningsaktiviteter ved vi, hvad der er vigtigt, n\u00e5r det drejer sig om professionelt brugte hoppeborge. Vi \u00f8nsker at udnytte denne fordel og [&hellip;]<\/p>\n","protected":false},"author":1,"featured_media":0,"parent":0,"menu_order":0,"comment_status":"closed","ping_status":"closed","template":"","meta":{"_acf_changed":false,"_uag_custom_page_level_css":"","site-sidebar-layout":"default","site-content-layout":"content-boxed-container","ast-site-content-layout":"normal-width-container","site-content-style":"boxed","site-sidebar-style":"unboxed","ast-global-header-display":"","ast-banner-title-visibility":"","ast-main-header-display":"","ast-hfb-above-header-display":"","ast-hfb-below-header-display":"","ast-hfb-mobile-header-display":"","site-post-title":"disabled","ast-breadcrumbs-content":"disabled","ast-featured-img":"disabled","footer-sml-layout":"","ast-disable-related-posts":"","theme-transparent-header-meta":"","adv-header-id-meta":"7189","stick-header-meta":"","header-above-stick-meta":"","header-main-stick-meta":"","header-below-stick-meta":"","astra-migrate-meta-layouts":"default","ast-page-background-enabled":"default","ast-page-background-meta":{"desktop":{"background-color":"var(--ast-global-color-4)","background-image":"","background-repeat":"repeat","background-position":"center center","background-size":"auto","background-attachment":"scroll","background-type":"","background-media":"","overlay-type":"","overlay-color":"","overlay-opacity":"","overlay-gradient":""},"tablet":{"background-color":"","background-image":"","background-repeat":"repeat","background-position":"center center","background-size":"auto","background-attachment":"scroll","background-type":"","background-media":"","overlay-type":"","overlay-color":"","overlay-opacity":"","overlay-gradient":""},"mobile":{"background-color":"","background-image":"","background-repeat":"repeat","background-position":"center center","background-size":"auto","background-attachment":"scroll","background-type":"","background-media":"","overlay-type":"","overlay-color":"","overlay-opacity":"","overlay-gradient":""}},"ast-content-background-meta":{"desktop":{"background-color":"var(--ast-global-color-5)","background-image":"","background-repeat":"repeat","background-position":"center center","background-size":"auto","background-attachment":"scroll","background-type":"","background-media":"","overlay-type":"","overlay-color":"","overlay-opacity":"","overlay-gradient":""},"tablet":{"background-color":"var(--ast-global-color-5)","background-image":"","background-repeat":"repeat","background-position":"center center","background-size":"auto","background-attachment":"scroll","background-type":"","background-media":"","overlay-type":"","overlay-color":"","overlay-opacity":"","overlay-gradient":""},"mobile":{"background-color":"var(--ast-global-color-5)","background-image":"","background-repeat":"repeat","background-position":"center center","background-size":"auto","background-attachment":"scroll","background-type":"","background-media":"","overlay-type":"","overlay-color":"","overlay-opacity":"","overlay-gradient":""}},"footnotes":""},"class_list":["post-17690","page","type-page","status-publish","hentry"],"acf":[],"yoast_head":"<!-- This site is optimized with the Yoast SEO plugin v27.3 - https:\/\/yoast.com\/product\/yoast-seo-wordpress\/ -->\n<title>Om Dodo Inflatables - certificerede oppustelige varer af h\u00f8j kvalitet<\/title>\n<meta name=\"description\" content=\"F\u00e5 mere at vide om Dodo Inflatables, din p\u00e5lidelige partner for DIN EN 14960-certificerede hoppeborge. V\u00e6r med til at skabe sikre, uforglemmelige \u00f8jeblikke af hoppende gl\u00e6de.\" \/>\n<meta name=\"robots\" content=\"index, follow, max-snippet:-1, max-image-preview:large, max-video-preview:-1\" \/>\n<link rel=\"canonical\" href=\"https:\/\/dodo-inflatables.com\/da\/om-os\/\" \/>\n<meta name=\"twitter:label1\" content=\"Estimeret l\u00e6setid\" \/>\n\t<meta name=\"twitter:data1\" content=\"1 minut\" \/>\n<script type=\"application\/ld+json\" class=\"yoast-schema-graph\">{\"@context\":\"https:\\\/\\\/schema.org\",\"@graph\":[{\"@type\":\"WebPage\",\"@id\":\"https:\\\/\\\/dodo-inflatables.com\\\/da\\\/om-os\\\/\",\"url\":\"https:\\\/\\\/dodo-inflatables.com\\\/da\\\/om-os\\\/\",\"name\":\"Om Dodo Inflatables - certificerede oppustelige varer af h\u00f8j kvalitet\",\"isPartOf\":{\"@id\":\"https:\\\/\\\/dodo-inflatables.com\\\/da\\\/#website\"},\"primaryImageOfPage\":{\"@id\":\"https:\\\/\\\/dodo-inflatables.com\\\/da\\\/om-os\\\/#primaryimage\"},\"image\":{\"@id\":\"https:\\\/\\\/dodo-inflatables.com\\\/da\\\/om-os\\\/#primaryimage\"},\"thumbnailUrl\":\"https:\\\/\\\/dodo-inflatables.com\\\/wp-content\\\/uploads\\\/2022\\\/01\\\/seperator-kleiner-1024x102.png\",\"datePublished\":\"2017-01-16T09:56:53+00:00\",\"dateModified\":\"2024-08-19T12:42:07+00:00\",\"description\":\"F\u00e5 mere at vide om Dodo Inflatables, din p\u00e5lidelige partner for DIN EN 14960-certificerede hoppeborge. V\u00e6r med til at skabe sikre, uforglemmelige \u00f8jeblikke af hoppende gl\u00e6de.\",\"breadcrumb\":{\"@id\":\"https:\\\/\\\/dodo-inflatables.com\\\/da\\\/om-os\\\/#breadcrumb\"},\"inLanguage\":\"da-DK\",\"potentialAction\":[{\"@type\":\"ReadAction\",\"target\":[\"https:\\\/\\\/dodo-inflatables.com\\\/da\\\/om-os\\\/\"]}]},{\"@type\":\"ImageObject\",\"inLanguage\":\"da-DK\",\"@id\":\"https:\\\/\\\/dodo-inflatables.com\\\/da\\\/om-os\\\/#primaryimage\",\"url\":\"https:\\\/\\\/dodo-inflatables.com\\\/wp-content\\\/uploads\\\/2022\\\/01\\\/seperator-kleiner-1024x102.png\",\"contentUrl\":\"https:\\\/\\\/dodo-inflatables.com\\\/wp-content\\\/uploads\\\/2022\\\/01\\\/seperator-kleiner-1024x102.png\"},{\"@type\":\"BreadcrumbList\",\"@id\":\"https:\\\/\\\/dodo-inflatables.com\\\/da\\\/om-os\\\/#breadcrumb\",\"itemListElement\":[{\"@type\":\"ListItem\",\"position\":1,\"name\":\"Hjem\",\"item\":\"https:\\\/\\\/dodo-inflatables.com\\\/da\\\/\"},{\"@type\":\"ListItem\",\"position\":2,\"name\":\"Om os\"}]},{\"@type\":\"WebSite\",\"@id\":\"https:\\\/\\\/dodo-inflatables.com\\\/da\\\/#website\",\"url\":\"https:\\\/\\\/dodo-inflatables.com\\\/da\\\/\",\"name\":\"dodo-inflatables.com\",\"description\":\"K\u00f8b hoppeborge og attraktioner i vores butik.\",\"publisher\":{\"@id\":\"https:\\\/\\\/dodo-inflatables.com\\\/da\\\/#organization\"},\"potentialAction\":[{\"@type\":\"SearchAction\",\"target\":{\"@type\":\"EntryPoint\",\"urlTemplate\":\"https:\\\/\\\/dodo-inflatables.com\\\/da\\\/?s={search_term_string}\"},\"query-input\":{\"@type\":\"PropertyValueSpecification\",\"valueRequired\":true,\"valueName\":\"search_term_string\"}}],\"inLanguage\":\"da-DK\"},{\"@type\":\"Organization\",\"@id\":\"https:\\\/\\\/dodo-inflatables.com\\\/da\\\/#organization\",\"name\":\"dodo-inflatables.com\",\"url\":\"https:\\\/\\\/dodo-inflatables.com\\\/da\\\/\",\"logo\":{\"@type\":\"ImageObject\",\"inLanguage\":\"da-DK\",\"@id\":\"https:\\\/\\\/dodo-inflatables.com\\\/da\\\/#\\\/schema\\\/logo\\\/image\\\/\",\"url\":\"https:\\\/\\\/dodo-inflatables.com\\\/wp-content\\\/uploads\\\/2023\\\/04\\\/cropped-cropped-cropped-Dodo-Logo.png\",\"contentUrl\":\"https:\\\/\\\/dodo-inflatables.com\\\/wp-content\\\/uploads\\\/2023\\\/04\\\/cropped-cropped-cropped-Dodo-Logo.png\",\"width\":2996,\"height\":1545,\"caption\":\"dodo-inflatables.com\"},\"image\":{\"@id\":\"https:\\\/\\\/dodo-inflatables.com\\\/da\\\/#\\\/schema\\\/logo\\\/image\\\/\"}}]}<\/script>\n<!-- \/ Yoast SEO plugin. -->","yoast_head_json":{"title":"Om Dodo Inflatables - certificerede oppustelige varer af h\u00f8j kvalitet","description":"F\u00e5 mere at vide om Dodo Inflatables, din p\u00e5lidelige partner for DIN EN 14960-certificerede hoppeborge. V\u00e6r med til at skabe sikre, uforglemmelige \u00f8jeblikke af hoppende gl\u00e6de.","robots":{"index":"index","follow":"follow","max-snippet":"max-snippet:-1","max-image-preview":"max-image-preview:large","max-video-preview":"max-video-preview:-1"},"canonical":"https:\/\/dodo-inflatables.com\/da\/om-os\/","twitter_misc":{"Estimeret l\u00e6setid":"1 minut"},"schema":{"@context":"https:\/\/schema.org","@graph":[{"@type":"WebPage","@id":"https:\/\/dodo-inflatables.com\/da\/om-os\/","url":"https:\/\/dodo-inflatables.com\/da\/om-os\/","name":"Om Dodo Inflatables - certificerede oppustelige varer af h\u00f8j kvalitet","isPartOf":{"@id":"https:\/\/dodo-inflatables.com\/da\/#website"},"primaryImageOfPage":{"@id":"https:\/\/dodo-inflatables.com\/da\/om-os\/#primaryimage"},"image":{"@id":"https:\/\/dodo-inflatables.com\/da\/om-os\/#primaryimage"},"thumbnailUrl":"https:\/\/dodo-inflatables.com\/wp-content\/uploads\/2022\/01\/seperator-kleiner-1024x102.png","datePublished":"2017-01-16T09:56:53+00:00","dateModified":"2024-08-19T12:42:07+00:00","description":"F\u00e5 mere at vide om Dodo Inflatables, din p\u00e5lidelige partner for DIN EN 14960-certificerede hoppeborge. V\u00e6r med til at skabe sikre, uforglemmelige \u00f8jeblikke af hoppende gl\u00e6de.","breadcrumb":{"@id":"https:\/\/dodo-inflatables.com\/da\/om-os\/#breadcrumb"},"inLanguage":"da-DK","potentialAction":[{"@type":"ReadAction","target":["https:\/\/dodo-inflatables.com\/da\/om-os\/"]}]},{"@type":"ImageObject","inLanguage":"da-DK","@id":"https:\/\/dodo-inflatables.com\/da\/om-os\/#primaryimage","url":"https:\/\/dodo-inflatables.com\/wp-content\/uploads\/2022\/01\/seperator-kleiner-1024x102.png","contentUrl":"https:\/\/dodo-inflatables.com\/wp-content\/uploads\/2022\/01\/seperator-kleiner-1024x102.png"},{"@type":"BreadcrumbList","@id":"https:\/\/dodo-inflatables.com\/da\/om-os\/#breadcrumb","itemListElement":[{"@type":"ListItem","position":1,"name":"Hjem","item":"https:\/\/dodo-inflatables.com\/da\/"},{"@type":"ListItem","position":2,"name":"Om os"}]},{"@type":"WebSite","@id":"https:\/\/dodo-inflatables.com\/da\/#website","url":"https:\/\/dodo-inflatables.com\/da\/","name":"dodo-inflatables.com","description":"K\u00f8b hoppeborge og attraktioner i vores butik.","publisher":{"@id":"https:\/\/dodo-inflatables.com\/da\/#organization"},"potentialAction":[{"@type":"SearchAction","target":{"@type":"EntryPoint","urlTemplate":"https:\/\/dodo-inflatables.com\/da\/?s={search_term_string}"},"query-input":{"@type":"PropertyValueSpecification","valueRequired":true,"valueName":"search_term_string"}}],"inLanguage":"da-DK"},{"@type":"Organization","@id":"https:\/\/dodo-inflatables.com\/da\/#organization","name":"dodo-inflatables.com","url":"https:\/\/dodo-inflatables.com\/da\/","logo":{"@type":"ImageObject","inLanguage":"da-DK","@id":"https:\/\/dodo-inflatables.com\/da\/#\/schema\/logo\/image\/","url":"https:\/\/dodo-inflatables.com\/wp-content\/uploads\/2023\/04\/cropped-cropped-cropped-Dodo-Logo.png","contentUrl":"https:\/\/dodo-inflatables.com\/wp-content\/uploads\/2023\/04\/cropped-cropped-cropped-Dodo-Logo.png","width":2996,"height":1545,"caption":"dodo-inflatables.com"},"image":{"@id":"https:\/\/dodo-inflatables.com\/da\/#\/schema\/logo\/image\/"}}]}},"uagb_featured_image_src":{"full":false,"thumbnail":false,"medium":false,"medium_large":false,"large":false,"1536x1536":false,"2048x2048":false,"woocommerce_thumbnail":false,"woocommerce_single":false,"woocommerce_gallery_thumbnail":false},"uagb_author_info":{"display_name":"Andreas","author_link":"https:\/\/dodo-inflatables.com\/da\/author\/andreas\/"},"uagb_comment_info":0,"uagb_excerpt":"Velkommen til Dodo-Inflatables.com! Efter at have besk\u00e6ftiget os med udlejning af hoppeborge og andre eventmoduler i over 10 \u00e5r, besluttede vi os for ogs\u00e5 at overtage salget af hoppeborge. Takket v\u00e6re vores egne udlejningsaktiviteter ved vi, hvad der er vigtigt, n\u00e5r det drejer sig om professionelt brugte hoppeborge. Vi \u00f8nsker at udnytte denne fordel og&hellip;","_links":{"self":[{"href":"https:\/\/dodo-inflatables.com\/da\/wp-json\/wp\/v2\/pages\/17690","targetHints":{"allow":["GET"]}}],"collection":[{"href":"https:\/\/dodo-inflatables.com\/da\/wp-json\/wp\/v2\/pages"}],"about":[{"href":"https:\/\/dodo-inflatables.com\/da\/wp-json\/wp\/v2\/types\/page"}],"author":[{"embeddable":true,"href":"https:\/\/dodo-inflatables.com\/da\/wp-json\/wp\/v2\/users\/1"}],"replies":[{"embeddable":true,"href":"https:\/\/dodo-inflatables.com\/da\/wp-json\/wp\/v2\/comments?post=17690"}],"version-history":[{"count":4,"href":"https:\/\/dodo-inflatables.com\/da\/wp-json\/wp\/v2\/pages\/17690\/revisions"}],"predecessor-version":[{"id":38918,"href":"https:\/\/dodo-inflatables.com\/da\/wp-json\/wp\/v2\/pages\/17690\/revisions\/38918"}],"wp:attachment":[{"href":"https:\/\/dodo-inflatables.com\/da\/wp-json\/wp\/v2\/media?parent=17690"}],"curies":[{"name":"wp","href":"https:\/\/api.w.org\/{rel}","templated":true}]}}