{"id":18642,"date":"2024-03-07T19:04:26","date_gmt":"2024-03-07T18:04:26","guid":{"rendered":"https:\/\/dodo-inflatables.com\/koeb-escorregas-insuflaveis-og-castelos-insuflaveis-til-portugal\/"},"modified":"2024-07-17T15:16:10","modified_gmt":"2024-07-17T13:16:10","slug":"koeb-escorregas-insuflaveis-og-castelos-insuflaveis-til-portugal","status":"publish","type":"page","link":"https:\/\/dodo-inflatables.com\/da\/koeb-escorregas-insuflaveis-og-castelos-insuflaveis-til-portugal\/","title":{"rendered":"K\u00f8b escorregas insufl\u00e1veis og castelos insufl\u00e1veis til Portugal"},"content":{"rendered":"\n<h2 class=\"wp-block-heading has-text-align-center\"><strong>K\u00f8b escorregas insufl\u00e1veis og castelos insufl\u00e1veis til Portugal<\/strong><\/h2>\n\n<figure class=\"wp-block-image aligncenter size-large\"><a href=\"https:\/\/dodo-inflatables.com\/wp-content\/uploads\/2022\/01\/seperator-kleiner.png\"><img loading=\"lazy\" decoding=\"async\" width=\"1024\" height=\"102\" src=\"https:\/\/dodo-inflatables.com\/wp-content\/uploads\/2022\/01\/seperator-kleiner-1024x102.png\" alt=\"\" class=\"wp-image-4026\" srcset=\"https:\/\/dodo-inflatables.com\/wp-content\/uploads\/2022\/01\/seperator-kleiner-1024x102.png 1024w, https:\/\/dodo-inflatables.com\/wp-content\/uploads\/2022\/01\/seperator-kleiner-900x90.png 900w, https:\/\/dodo-inflatables.com\/wp-content\/uploads\/2022\/01\/seperator-kleiner-300x30.png 300w, https:\/\/dodo-inflatables.com\/wp-content\/uploads\/2022\/01\/seperator-kleiner-768x77.png 768w, https:\/\/dodo-inflatables.com\/wp-content\/uploads\/2022\/01\/seperator-kleiner-1536x154.png 1536w, https:\/\/dodo-inflatables.com\/wp-content\/uploads\/2022\/01\/seperator-kleiner-340x34.png 340w, https:\/\/dodo-inflatables.com\/wp-content\/uploads\/2022\/01\/seperator-kleiner.png 2000w\" sizes=\"auto, (max-width: 1024px) 100vw, 1024px\" \/><\/a><\/figure>\n\n<h3 class=\"wp-block-heading has-text-align-center\">Bem-vindo a Dodo-Inflatables.com &#8211; a nossa loja online de insuflaveis na Europa!<\/h3>\n\n<p style=\"font-size:17px\">Mergulhe na nossa vasta sele\u00e7\u00e3o de almofadas insufl\u00e1veis de alta qualidade, castelos insufl\u00e1veis e escorregas que dar\u00e3o um toque especial a qualquer ocasi\u00e3o. Quer esteja \u00e0 procura de uma almofada insufl\u00e1vel grande para um evento empresarial, de um pequeno castelo insufl\u00e1vel para uma festa de anivers\u00e1rio infantil ou de um castelo insufl\u00e1vel com escorrega para uma festa de ver\u00e3o &#8211; aqui encontrar\u00e1 certamente algo adequado!<\/p>\n\n<p style=\"font-size:17px\">A nossa gama inclui n\u00e3o s\u00f3 uma variedade de castelos insufl\u00e1veis, mas tamb\u00e9m uma vasta gama de acess\u00f3rios, incluindo Gibbons e insufladores Huawei para castelos insufl\u00e1veis.<\/p>\n\n<p style=\"font-size:17px\">O envio de um insufl\u00e1vel e acess\u00f3rios para <strong>Portugal custa \u20ac219,00<\/strong>. Uma embalagem de acess\u00f3rios para insufl\u00e1veis custa 29,00 euros. Hvis den ikke er p\u00e5 lager, vil den blive sendt til dig straks efter modtagelse af betaling. En entrega em Portugal demora cerca de <strong>4 a 6 dias \u00fateis<\/strong>. \u00c9 poss\u00edvel recolher a almofada insuflavel no nosso armaz\u00e9m em Munique, Alemanha.<\/p>\n\n<p style=\"font-size:17px\">Todas as nossas almofadas insufl\u00e1veis cumprem as normas de seguran\u00e7a rigorosas da <strong>DIN EN 14960<\/strong> e s\u00e3o adequadas para uso privado e comercial. Efter brug modtager du en detaljeret vejledning og et certificeret svar p\u00e5 din nye almofada insuflavel.<\/p>\n\n<p style=\"font-size:17px\">Isen\u00e7\u00e3o de IVA para empresas! Hvis du k\u00f8ber som virksomhed, skal du indtaste dit IVA-identifikationsnummer i kassen for at kunne k\u00f8be uden gebyrer.<\/p>\n\n<p style=\"font-size:17px\">Uanset om det drejer sig om en bestemt person, der er p\u00e5 udkig efter en insufl\u00e1vel til sin n\u00e6rmeste fest, eller om en virksomhed, der \u00f8nsker at udvide sit sortiment, s\u00e5 er vores insufl\u00e1veis passende for alle. De facto er st\u00f8rstedelen af vores kunder i hele Europa virksomheder, der k\u00f8ber ind og s\u00e6lger varer, og som bruger vores produkter til events af alle dimensioner.<\/p>\n\n<p style=\"font-size:17px\">Vi h\u00e5ber, at du har lyst til at bes\u00f8ge vores onlinebutik, og vi vil g\u00f8re alt for at svare p\u00e5 alle de sp\u00f8rgsm\u00e5l, du kan stille p\u00e5 <a href=\"mailto:contact@dodo-inflatables.com\">contact@dodo-inflatables.com<\/a>!<\/p>\n\n<div style=\"height:100px\" aria-hidden=\"true\" class=\"wp-block-spacer\"><\/div>\n","protected":false},"excerpt":{"rendered":"<p>K\u00f8b escorregas insufl\u00e1veis og castelos insufl\u00e1veis til Portugal Bem-vindo a Dodo-Inflatables.com &#8211; a nossa loja online de insuflaveis na Europa! Mergulhe na nossa vasta sele\u00e7\u00e3o de almofadas insufl\u00e1veis de alta qualidade, castelos insufl\u00e1veis e escorregas que dar\u00e3o um toque especial a qualquer ocasi\u00e3o. Quer esteja \u00e0 procura de uma almofada insufl\u00e1vel grande para um evento [&hellip;]<\/p>\n","protected":false},"author":1,"featured_media":0,"parent":0,"menu_order":0,"comment_status":"closed","ping_status":"closed","template":"","meta":{"_acf_changed":false,"_uag_custom_page_level_css":"","site-sidebar-layout":"default","site-content-layout":"","ast-site-content-layout":"normal-width-container","site-content-style":"boxed","site-sidebar-style":"default","ast-global-header-display":"","ast-banner-title-visibility":"","ast-main-header-display":"","ast-hfb-above-header-display":"","ast-hfb-below-header-display":"","ast-hfb-mobile-header-display":"","site-post-title":"","ast-breadcrumbs-content":"","ast-featured-img":"","footer-sml-layout":"","ast-disable-related-posts":"","theme-transparent-header-meta":"","adv-header-id-meta":"4069","stick-header-meta":"","header-above-stick-meta":"","header-main-stick-meta":"","header-below-stick-meta":"","astra-migrate-meta-layouts":"default","ast-page-background-enabled":"default","ast-page-background-meta":{"desktop":{"background-color":"var(--ast-global-color-4)","background-image":"","background-repeat":"repeat","background-position":"center center","background-size":"auto","background-attachment":"scroll","background-type":"","background-media":"","overlay-type":"","overlay-color":"","overlay-opacity":"","overlay-gradient":""},"tablet":{"background-color":"","background-image":"","background-repeat":"repeat","background-position":"center center","background-size":"auto","background-attachment":"scroll","background-type":"","background-media":"","overlay-type":"","overlay-color":"","overlay-opacity":"","overlay-gradient":""},"mobile":{"background-color":"","background-image":"","background-repeat":"repeat","background-position":"center center","background-size":"auto","background-attachment":"scroll","background-type":"","background-media":"","overlay-type":"","overlay-color":"","overlay-opacity":"","overlay-gradient":""}},"ast-content-background-meta":{"desktop":{"background-color":"var(--ast-global-color-5)","background-image":"","background-repeat":"repeat","background-position":"center center","background-size":"auto","background-attachment":"scroll","background-type":"","background-media":"","overlay-type":"","overlay-color":"","overlay-opacity":"","overlay-gradient":""},"tablet":{"background-color":"var(--ast-global-color-5)","background-image":"","background-repeat":"repeat","background-position":"center center","background-size":"auto","background-attachment":"scroll","background-type":"","background-media":"","overlay-type":"","overlay-color":"","overlay-opacity":"","overlay-gradient":""},"mobile":{"background-color":"var(--ast-global-color-5)","background-image":"","background-repeat":"repeat","background-position":"center center","background-size":"auto","background-attachment":"scroll","background-type":"","background-media":"","overlay-type":"","overlay-color":"","overlay-opacity":"","overlay-gradient":""}},"footnotes":""},"class_list":["post-18642","page","type-page","status-publish","hentry"],"acf":[],"yoast_head":"<!-- This site is optimized with the Yoast SEO plugin v27.3 - https:\/\/yoast.com\/product\/yoast-seo-wordpress\/ -->\n<title>K\u00f8b escorregas insufl\u00e1veis og castelos insufl\u00e1veis til Portugal - dodo-inflatables.com<\/title>\n<meta name=\"robots\" content=\"index, follow, max-snippet:-1, max-image-preview:large, max-video-preview:-1\" \/>\n<link rel=\"canonical\" href=\"https:\/\/dodo-inflatables.com\/da\/koeb-escorregas-insuflaveis-og-castelos-insuflaveis-til-portugal\/\" \/>\n<meta name=\"twitter:label1\" content=\"Estimeret l\u00e6setid\" \/>\n\t<meta name=\"twitter:data1\" content=\"2 minutter\" \/>\n<script type=\"application\/ld+json\" class=\"yoast-schema-graph\">{\"@context\":\"https:\\\/\\\/schema.org\",\"@graph\":[{\"@type\":\"WebPage\",\"@id\":\"https:\\\/\\\/dodo-inflatables.com\\\/da\\\/koeb-escorregas-insuflaveis-og-castelos-insuflaveis-til-portugal\\\/\",\"url\":\"https:\\\/\\\/dodo-inflatables.com\\\/da\\\/koeb-escorregas-insuflaveis-og-castelos-insuflaveis-til-portugal\\\/\",\"name\":\"K\u00f8b escorregas insufl\u00e1veis og castelos insufl\u00e1veis til Portugal - dodo-inflatables.com\",\"isPartOf\":{\"@id\":\"https:\\\/\\\/dodo-inflatables.com\\\/da\\\/#website\"},\"primaryImageOfPage\":{\"@id\":\"https:\\\/\\\/dodo-inflatables.com\\\/da\\\/koeb-escorregas-insuflaveis-og-castelos-insuflaveis-til-portugal\\\/#primaryimage\"},\"image\":{\"@id\":\"https:\\\/\\\/dodo-inflatables.com\\\/da\\\/koeb-escorregas-insuflaveis-og-castelos-insuflaveis-til-portugal\\\/#primaryimage\"},\"thumbnailUrl\":\"https:\\\/\\\/dodo-inflatables.com\\\/wp-content\\\/uploads\\\/2022\\\/01\\\/seperator-kleiner-1024x102.png\",\"datePublished\":\"2024-03-07T18:04:26+00:00\",\"dateModified\":\"2024-07-17T13:16:10+00:00\",\"breadcrumb\":{\"@id\":\"https:\\\/\\\/dodo-inflatables.com\\\/da\\\/koeb-escorregas-insuflaveis-og-castelos-insuflaveis-til-portugal\\\/#breadcrumb\"},\"inLanguage\":\"da-DK\",\"potentialAction\":[{\"@type\":\"ReadAction\",\"target\":[\"https:\\\/\\\/dodo-inflatables.com\\\/da\\\/koeb-escorregas-insuflaveis-og-castelos-insuflaveis-til-portugal\\\/\"]}]},{\"@type\":\"ImageObject\",\"inLanguage\":\"da-DK\",\"@id\":\"https:\\\/\\\/dodo-inflatables.com\\\/da\\\/koeb-escorregas-insuflaveis-og-castelos-insuflaveis-til-portugal\\\/#primaryimage\",\"url\":\"https:\\\/\\\/dodo-inflatables.com\\\/wp-content\\\/uploads\\\/2022\\\/01\\\/seperator-kleiner-1024x102.png\",\"contentUrl\":\"https:\\\/\\\/dodo-inflatables.com\\\/wp-content\\\/uploads\\\/2022\\\/01\\\/seperator-kleiner-1024x102.png\"},{\"@type\":\"BreadcrumbList\",\"@id\":\"https:\\\/\\\/dodo-inflatables.com\\\/da\\\/koeb-escorregas-insuflaveis-og-castelos-insuflaveis-til-portugal\\\/#breadcrumb\",\"itemListElement\":[{\"@type\":\"ListItem\",\"position\":1,\"name\":\"Hjem\",\"item\":\"https:\\\/\\\/dodo-inflatables.com\\\/da\\\/\"},{\"@type\":\"ListItem\",\"position\":2,\"name\":\"K\u00f8b escorregas insufl\u00e1veis og castelos insufl\u00e1veis til Portugal\"}]},{\"@type\":\"WebSite\",\"@id\":\"https:\\\/\\\/dodo-inflatables.com\\\/da\\\/#website\",\"url\":\"https:\\\/\\\/dodo-inflatables.com\\\/da\\\/\",\"name\":\"dodo-inflatables.com\",\"description\":\"K\u00f8b hoppeborge og attraktioner i vores butik.\",\"publisher\":{\"@id\":\"https:\\\/\\\/dodo-inflatables.com\\\/da\\\/#organization\"},\"potentialAction\":[{\"@type\":\"SearchAction\",\"target\":{\"@type\":\"EntryPoint\",\"urlTemplate\":\"https:\\\/\\\/dodo-inflatables.com\\\/da\\\/?s={search_term_string}\"},\"query-input\":{\"@type\":\"PropertyValueSpecification\",\"valueRequired\":true,\"valueName\":\"search_term_string\"}}],\"inLanguage\":\"da-DK\"},{\"@type\":\"Organization\",\"@id\":\"https:\\\/\\\/dodo-inflatables.com\\\/da\\\/#organization\",\"name\":\"dodo-inflatables.com\",\"url\":\"https:\\\/\\\/dodo-inflatables.com\\\/da\\\/\",\"logo\":{\"@type\":\"ImageObject\",\"inLanguage\":\"da-DK\",\"@id\":\"https:\\\/\\\/dodo-inflatables.com\\\/da\\\/#\\\/schema\\\/logo\\\/image\\\/\",\"url\":\"https:\\\/\\\/dodo-inflatables.com\\\/wp-content\\\/uploads\\\/2023\\\/04\\\/cropped-cropped-cropped-Dodo-Logo.png\",\"contentUrl\":\"https:\\\/\\\/dodo-inflatables.com\\\/wp-content\\\/uploads\\\/2023\\\/04\\\/cropped-cropped-cropped-Dodo-Logo.png\",\"width\":2996,\"height\":1545,\"caption\":\"dodo-inflatables.com\"},\"image\":{\"@id\":\"https:\\\/\\\/dodo-inflatables.com\\\/da\\\/#\\\/schema\\\/logo\\\/image\\\/\"}}]}<\/script>\n<!-- \/ Yoast SEO plugin. -->","yoast_head_json":{"title":"K\u00f8b escorregas insufl\u00e1veis og castelos insufl\u00e1veis til Portugal - dodo-inflatables.com","robots":{"index":"index","follow":"follow","max-snippet":"max-snippet:-1","max-image-preview":"max-image-preview:large","max-video-preview":"max-video-preview:-1"},"canonical":"https:\/\/dodo-inflatables.com\/da\/koeb-escorregas-insuflaveis-og-castelos-insuflaveis-til-portugal\/","twitter_misc":{"Estimeret l\u00e6setid":"2 minutter"},"schema":{"@context":"https:\/\/schema.org","@graph":[{"@type":"WebPage","@id":"https:\/\/dodo-inflatables.com\/da\/koeb-escorregas-insuflaveis-og-castelos-insuflaveis-til-portugal\/","url":"https:\/\/dodo-inflatables.com\/da\/koeb-escorregas-insuflaveis-og-castelos-insuflaveis-til-portugal\/","name":"K\u00f8b escorregas insufl\u00e1veis og castelos insufl\u00e1veis til Portugal - dodo-inflatables.com","isPartOf":{"@id":"https:\/\/dodo-inflatables.com\/da\/#website"},"primaryImageOfPage":{"@id":"https:\/\/dodo-inflatables.com\/da\/koeb-escorregas-insuflaveis-og-castelos-insuflaveis-til-portugal\/#primaryimage"},"image":{"@id":"https:\/\/dodo-inflatables.com\/da\/koeb-escorregas-insuflaveis-og-castelos-insuflaveis-til-portugal\/#primaryimage"},"thumbnailUrl":"https:\/\/dodo-inflatables.com\/wp-content\/uploads\/2022\/01\/seperator-kleiner-1024x102.png","datePublished":"2024-03-07T18:04:26+00:00","dateModified":"2024-07-17T13:16:10+00:00","breadcrumb":{"@id":"https:\/\/dodo-inflatables.com\/da\/koeb-escorregas-insuflaveis-og-castelos-insuflaveis-til-portugal\/#breadcrumb"},"inLanguage":"da-DK","potentialAction":[{"@type":"ReadAction","target":["https:\/\/dodo-inflatables.com\/da\/koeb-escorregas-insuflaveis-og-castelos-insuflaveis-til-portugal\/"]}]},{"@type":"ImageObject","inLanguage":"da-DK","@id":"https:\/\/dodo-inflatables.com\/da\/koeb-escorregas-insuflaveis-og-castelos-insuflaveis-til-portugal\/#primaryimage","url":"https:\/\/dodo-inflatables.com\/wp-content\/uploads\/2022\/01\/seperator-kleiner-1024x102.png","contentUrl":"https:\/\/dodo-inflatables.com\/wp-content\/uploads\/2022\/01\/seperator-kleiner-1024x102.png"},{"@type":"BreadcrumbList","@id":"https:\/\/dodo-inflatables.com\/da\/koeb-escorregas-insuflaveis-og-castelos-insuflaveis-til-portugal\/#breadcrumb","itemListElement":[{"@type":"ListItem","position":1,"name":"Hjem","item":"https:\/\/dodo-inflatables.com\/da\/"},{"@type":"ListItem","position":2,"name":"K\u00f8b escorregas insufl\u00e1veis og castelos insufl\u00e1veis til Portugal"}]},{"@type":"WebSite","@id":"https:\/\/dodo-inflatables.com\/da\/#website","url":"https:\/\/dodo-inflatables.com\/da\/","name":"dodo-inflatables.com","description":"K\u00f8b hoppeborge og attraktioner i vores butik.","publisher":{"@id":"https:\/\/dodo-inflatables.com\/da\/#organization"},"potentialAction":[{"@type":"SearchAction","target":{"@type":"EntryPoint","urlTemplate":"https:\/\/dodo-inflatables.com\/da\/?s={search_term_string}"},"query-input":{"@type":"PropertyValueSpecification","valueRequired":true,"valueName":"search_term_string"}}],"inLanguage":"da-DK"},{"@type":"Organization","@id":"https:\/\/dodo-inflatables.com\/da\/#organization","name":"dodo-inflatables.com","url":"https:\/\/dodo-inflatables.com\/da\/","logo":{"@type":"ImageObject","inLanguage":"da-DK","@id":"https:\/\/dodo-inflatables.com\/da\/#\/schema\/logo\/image\/","url":"https:\/\/dodo-inflatables.com\/wp-content\/uploads\/2023\/04\/cropped-cropped-cropped-Dodo-Logo.png","contentUrl":"https:\/\/dodo-inflatables.com\/wp-content\/uploads\/2023\/04\/cropped-cropped-cropped-Dodo-Logo.png","width":2996,"height":1545,"caption":"dodo-inflatables.com"},"image":{"@id":"https:\/\/dodo-inflatables.com\/da\/#\/schema\/logo\/image\/"}}]}},"uagb_featured_image_src":{"full":false,"thumbnail":false,"medium":false,"medium_large":false,"large":false,"1536x1536":false,"2048x2048":false,"woocommerce_thumbnail":false,"woocommerce_single":false,"woocommerce_gallery_thumbnail":false},"uagb_author_info":{"display_name":"Andreas","author_link":"https:\/\/dodo-inflatables.com\/da\/author\/andreas\/"},"uagb_comment_info":0,"uagb_excerpt":"K\u00f8b escorregas insufl\u00e1veis og castelos insufl\u00e1veis til Portugal Bem-vindo a Dodo-Inflatables.com &#8211; a nossa loja online de insuflaveis na Europa! Mergulhe na nossa vasta sele\u00e7\u00e3o de almofadas insufl\u00e1veis de alta qualidade, castelos insufl\u00e1veis e escorregas que dar\u00e3o um toque especial a qualquer ocasi\u00e3o. Quer esteja \u00e0 procura de uma almofada insufl\u00e1vel grande para um evento&hellip;","_links":{"self":[{"href":"https:\/\/dodo-inflatables.com\/da\/wp-json\/wp\/v2\/pages\/18642","targetHints":{"allow":["GET"]}}],"collection":[{"href":"https:\/\/dodo-inflatables.com\/da\/wp-json\/wp\/v2\/pages"}],"about":[{"href":"https:\/\/dodo-inflatables.com\/da\/wp-json\/wp\/v2\/types\/page"}],"author":[{"embeddable":true,"href":"https:\/\/dodo-inflatables.com\/da\/wp-json\/wp\/v2\/users\/1"}],"replies":[{"embeddable":true,"href":"https:\/\/dodo-inflatables.com\/da\/wp-json\/wp\/v2\/comments?post=18642"}],"version-history":[{"count":2,"href":"https:\/\/dodo-inflatables.com\/da\/wp-json\/wp\/v2\/pages\/18642\/revisions"}],"predecessor-version":[{"id":18645,"href":"https:\/\/dodo-inflatables.com\/da\/wp-json\/wp\/v2\/pages\/18642\/revisions\/18645"}],"wp:attachment":[{"href":"https:\/\/dodo-inflatables.com\/da\/wp-json\/wp\/v2\/media?parent=18642"}],"curies":[{"name":"wp","href":"https:\/\/api.w.org\/{rel}","templated":true}]}}