{"id":105348,"date":"2026-04-04T13:54:47","date_gmt":"2026-04-04T11:54:47","guid":{"rendered":"https:\/\/dodo-inflatables.com\/dodo-relaunch?product=tear-aid-reparationssaet-til-hoppeborg"},"modified":"2026-04-04T13:54:47","modified_gmt":"2026-04-04T11:54:47","slug":"tear-aid-reparationssaet-til-hoppeborg","status":"publish","type":"product","link":"https:\/\/dodo-inflatables.com\/da\/vare\/tear-aid-reparationssaet-til-hoppeborg\/","title":{"rendered":"Tear-Aid reparationss\u00e6t til hoppeborg"},"content":{"rendered":"<h2>Tear-Aid reparationss\u00e6t til hoppeborg<\/h2>\n<h5>Tear-Aid: Den p\u00e5lidelige l\u00f8sning til reparation af din hoppeborg<\/h5>\n<p>Forl\u00e6ng levetiden p\u00e5 din hoppeborg med Tear-Aid reparationss\u00e6ttet \u2013 den ideelle l\u00f8sning til hurtige, nemme og langvarige reparationer.<br \/>\nUanset om det er sm\u00e5 rifter eller st\u00f8rre huller, tilbyder Tear-Aid den perfekte l\u00f8sning til at f\u00e5 din hoppeborg tilbage i top stand.<br \/>\n<strong>St\u00e6rk og holdbar:<\/strong><br \/>\nDen h\u00f8jkvalitets, elastiske lap tilpasser sig hoppeborgens bev\u00e6gelse og giver en langvarig reparation, der holder til intensiv brug.<br \/>\n<strong>Nem at bruge:<\/strong><br \/>\nTakket v\u00e6re den selvkl\u00e6bende bagside og de klare instruktioner kan du reparere rifter og huller p\u00e5 blot f\u00e5 minutter.<br \/>\n<strong>Vandt\u00e6t og luftt\u00e6t:<\/strong><br \/>\nTear-Aid fungerer ogs\u00e5 p\u00e5lideligt i v\u00e5de forhold og hj\u00e6lper med at forhindre luftudslip, s\u00e5 din hoppeborg forbliver sikker og fuldt funktionsdygtig.<br \/>\n<strong>Transparent design:<\/strong><br \/>\nDet diskrete, transparente materiale smelter problemfrit sammen med enhver farve og ethvert design uden at p\u00e5virke udseendet af din hoppeborg.<br \/>\n&nbsp;<br \/>\n<strong>S\u00e6ttets indhold:<\/strong><\/p>\n<ul>\n<li>1 Tear-Aid lap (30 x 8 cm)<\/li>\n<li>1 forst\u00e6rkningsfilament til kantreparationer<\/li>\n<li>Alkohol reng\u00f8ringsservietter<\/li>\n<li>Brugsanvisning<\/li>\n<\/ul>\n<p>&nbsp;<\/p>\n","protected":false},"excerpt":{"rendered":"<ul>\n<li>1 Tear-Aid lap (30 x 8 cm)<\/li>\n<li>1 forst\u00e6rkningsfilament til kantreparationer<\/li>\n<li>Alkohol reng\u00f8ringsservietter<\/li>\n<li>Brugsanvisning<\/li>\n<\/ul>\n","protected":false},"featured_media":105338,"comment_status":"open","ping_status":"closed","template":"","meta":{"_acf_changed":false,"_uag_custom_page_level_css":"","site-sidebar-layout":"default","site-content-layout":"boxed-container","ast-site-content-layout":"normal-width-container","site-content-style":"boxed","site-sidebar-style":"default","ast-global-header-display":"","ast-banner-title-visibility":"","ast-main-header-display":"","ast-hfb-above-header-display":"","ast-hfb-below-header-display":"","ast-hfb-mobile-header-display":"","site-post-title":"disabled","ast-breadcrumbs-content":"","ast-featured-img":"","footer-sml-layout":"","ast-disable-related-posts":"","theme-transparent-header-meta":"default","adv-header-id-meta":"","stick-header-meta":"default","header-above-stick-meta":"","header-main-stick-meta":"","header-below-stick-meta":"","astra-migrate-meta-layouts":"default","ast-page-background-enabled":"default","ast-page-background-meta":{"desktop":{"background-color":"var(--ast-global-color-4)","background-image":"","background-repeat":"repeat","background-position":"center center","background-size":"auto","background-attachment":"scroll","background-type":"","background-media":"","overlay-type":"","overlay-color":"","overlay-opacity":"","overlay-gradient":""},"tablet":{"background-color":"","background-image":"","background-repeat":"repeat","background-position":"center center","background-size":"auto","background-attachment":"scroll","background-type":"","background-media":"","overlay-type":"","overlay-color":"","overlay-opacity":"","overlay-gradient":""},"mobile":{"background-color":"","background-image":"","background-repeat":"repeat","background-position":"center center","background-size":"auto","background-attachment":"scroll","background-type":"","background-media":"","overlay-type":"","overlay-color":"","overlay-opacity":"","overlay-gradient":""}},"ast-content-background-meta":{"desktop":{"background-color":"var(--ast-global-color-5)","background-image":"","background-repeat":"repeat","background-position":"center center","background-size":"auto","background-attachment":"scroll","background-type":"","background-media":"","overlay-type":"","overlay-color":"","overlay-opacity":"","overlay-gradient":""},"tablet":{"background-color":"var(--ast-global-color-5)","background-image":"","background-repeat":"repeat","background-position":"center center","background-size":"auto","background-attachment":"scroll","background-type":"","background-media":"","overlay-type":"","overlay-color":"","overlay-opacity":"","overlay-gradient":""},"mobile":{"background-color":"var(--ast-global-color-5)","background-image":"","background-repeat":"repeat","background-position":"center center","background-size":"auto","background-attachment":"scroll","background-type":"","background-media":"","overlay-type":"","overlay-color":"","overlay-opacity":"","overlay-gradient":""}}},"product_brand":[],"product_cat":[2068],"product_tag":[],"class_list":{"0":"post-105348","1":"product","2":"type-product","3":"status-publish","4":"has-post-thumbnail","6":"product_cat-tilbehor","7":"product_shipping_class-tilbehor","8":"desktop-align-center","9":"tablet-align-center","10":"mobile-align-center","11":"ast-product-gallery-layout-horizontal","12":"ast-product-tabs-layout-horizontal","14":"first","15":"instock","16":"taxable","17":"shipping-taxable","18":"purchasable","19":"product-type-simple"},"acf":[],"yoast_head":"<!-- This site is optimized with the Yoast SEO plugin v27.5 - https:\/\/yoast.com\/product\/yoast-seo-wordpress\/ -->\n<title>Tear-Aid reparationss\u00e6t til hoppeborg | Dodo Inflatables<\/title>\n<meta name=\"description\" content=\"Tear-Aid reparationss\u00e6t til hoppeborg \u2013 elastisk lap 30 x 8 cm, vandt\u00e6t, transparent. Hurtig og langvarig reparation af rifter og huller.\" \/>\n<meta name=\"robots\" content=\"index, follow, max-snippet:-1, max-image-preview:large, max-video-preview:-1\" \/>\n<link rel=\"canonical\" href=\"https:\/\/dodo-inflatables.com\/da\/vare\/tear-aid-reparationssaet-til-hoppeborg\/\" \/>\n<meta name=\"twitter:label1\" content=\"Estimeret l\u00e6setid\" \/>\n\t<meta name=\"twitter:data1\" content=\"1 minut\" \/>\n<script type=\"application\/ld+json\" class=\"yoast-schema-graph\">{\"@context\":\"https:\\\/\\\/schema.org\",\"@graph\":[{\"@type\":\"WebPage\",\"@id\":\"https:\\\/\\\/dodo-inflatables.com\\\/da\\\/vare\\\/tear-aid-reparationssaet-til-hoppeborg\\\/\",\"url\":\"https:\\\/\\\/dodo-inflatables.com\\\/da\\\/vare\\\/tear-aid-reparationssaet-til-hoppeborg\\\/\",\"name\":\"Tear-Aid reparationss\u00e6t til hoppeborg | Dodo Inflatables\",\"isPartOf\":{\"@id\":\"https:\\\/\\\/dodo-inflatables.com\\\/da\\\/#website\"},\"primaryImageOfPage\":{\"@id\":\"https:\\\/\\\/dodo-inflatables.com\\\/da\\\/vare\\\/tear-aid-reparationssaet-til-hoppeborg\\\/#primaryimage\"},\"image\":{\"@id\":\"https:\\\/\\\/dodo-inflatables.com\\\/da\\\/vare\\\/tear-aid-reparationssaet-til-hoppeborg\\\/#primaryimage\"},\"thumbnailUrl\":\"https:\\\/\\\/dodo-inflatables.com\\\/wp-content\\\/uploads\\\/2026\\\/04\\\/Tear-Aid-Reparatur-fur-Hupfburgen-_0004_TA-ZAK-TB-2.jpg\",\"datePublished\":\"2026-04-04T11:54:47+00:00\",\"description\":\"Tear-Aid reparationss\u00e6t til hoppeborg \u2013 elastisk lap 30 x 8 cm, vandt\u00e6t, transparent. Hurtig og langvarig reparation af rifter og huller.\",\"breadcrumb\":{\"@id\":\"https:\\\/\\\/dodo-inflatables.com\\\/da\\\/vare\\\/tear-aid-reparationssaet-til-hoppeborg\\\/#breadcrumb\"},\"inLanguage\":\"da-DK\",\"potentialAction\":[{\"@type\":\"ReadAction\",\"target\":[\"https:\\\/\\\/dodo-inflatables.com\\\/da\\\/vare\\\/tear-aid-reparationssaet-til-hoppeborg\\\/\"]}]},{\"@type\":\"ImageObject\",\"inLanguage\":\"da-DK\",\"@id\":\"https:\\\/\\\/dodo-inflatables.com\\\/da\\\/vare\\\/tear-aid-reparationssaet-til-hoppeborg\\\/#primaryimage\",\"url\":\"https:\\\/\\\/dodo-inflatables.com\\\/wp-content\\\/uploads\\\/2026\\\/04\\\/Tear-Aid-Reparatur-fur-Hupfburgen-_0004_TA-ZAK-TB-2.jpg\",\"contentUrl\":\"https:\\\/\\\/dodo-inflatables.com\\\/wp-content\\\/uploads\\\/2026\\\/04\\\/Tear-Aid-Reparatur-fur-Hupfburgen-_0004_TA-ZAK-TB-2.jpg\",\"width\":1000,\"height\":1000,\"caption\":\"Tear-Aid reparationss\u00e6t til hoppeborg | Dodo Inflatables\"},{\"@type\":\"BreadcrumbList\",\"@id\":\"https:\\\/\\\/dodo-inflatables.com\\\/da\\\/vare\\\/tear-aid-reparationssaet-til-hoppeborg\\\/#breadcrumb\",\"itemListElement\":[{\"@type\":\"ListItem\",\"position\":1,\"name\":\"Hjem\",\"item\":\"https:\\\/\\\/dodo-inflatables.com\\\/da\\\/\"},{\"@type\":\"ListItem\",\"position\":2,\"name\":\"Butik\",\"item\":\"https:\\\/\\\/dodo-inflatables.com\\\/da\\\/butik\\\/\"},{\"@type\":\"ListItem\",\"position\":3,\"name\":\"Tear-Aid reparationss\u00e6t til hoppeborg\"}]},{\"@type\":\"WebSite\",\"@id\":\"https:\\\/\\\/dodo-inflatables.com\\\/da\\\/#website\",\"url\":\"https:\\\/\\\/dodo-inflatables.com\\\/da\\\/\",\"name\":\"dodo-inflatables.com\",\"description\":\"K\u00f8b hoppeborge og attraktioner i vores butik.\",\"potentialAction\":[{\"@type\":\"SearchAction\",\"target\":{\"@type\":\"EntryPoint\",\"urlTemplate\":\"https:\\\/\\\/dodo-inflatables.com\\\/da\\\/?s={search_term_string}\"},\"query-input\":{\"@type\":\"PropertyValueSpecification\",\"valueRequired\":true,\"valueName\":\"search_term_string\"}}],\"inLanguage\":\"da-DK\"}]}<\/script>\n<!-- \/ Yoast SEO plugin. -->","yoast_head_json":{"title":"Tear-Aid reparationss\u00e6t til hoppeborg | Dodo Inflatables","description":"Tear-Aid reparationss\u00e6t til hoppeborg \u2013 elastisk lap 30 x 8 cm, vandt\u00e6t, transparent. Hurtig og langvarig reparation af rifter og huller.","robots":{"index":"index","follow":"follow","max-snippet":"max-snippet:-1","max-image-preview":"max-image-preview:large","max-video-preview":"max-video-preview:-1"},"canonical":"https:\/\/dodo-inflatables.com\/da\/vare\/tear-aid-reparationssaet-til-hoppeborg\/","twitter_misc":{"Estimeret l\u00e6setid":"1 minut"},"schema":{"@context":"https:\/\/schema.org","@graph":[{"@type":"WebPage","@id":"https:\/\/dodo-inflatables.com\/da\/vare\/tear-aid-reparationssaet-til-hoppeborg\/","url":"https:\/\/dodo-inflatables.com\/da\/vare\/tear-aid-reparationssaet-til-hoppeborg\/","name":"Tear-Aid reparationss\u00e6t til hoppeborg | Dodo Inflatables","isPartOf":{"@id":"https:\/\/dodo-inflatables.com\/da\/#website"},"primaryImageOfPage":{"@id":"https:\/\/dodo-inflatables.com\/da\/vare\/tear-aid-reparationssaet-til-hoppeborg\/#primaryimage"},"image":{"@id":"https:\/\/dodo-inflatables.com\/da\/vare\/tear-aid-reparationssaet-til-hoppeborg\/#primaryimage"},"thumbnailUrl":"https:\/\/dodo-inflatables.com\/wp-content\/uploads\/2026\/04\/Tear-Aid-Reparatur-fur-Hupfburgen-_0004_TA-ZAK-TB-2.jpg","datePublished":"2026-04-04T11:54:47+00:00","description":"Tear-Aid reparationss\u00e6t til hoppeborg \u2013 elastisk lap 30 x 8 cm, vandt\u00e6t, transparent. Hurtig og langvarig reparation af rifter og huller.","breadcrumb":{"@id":"https:\/\/dodo-inflatables.com\/da\/vare\/tear-aid-reparationssaet-til-hoppeborg\/#breadcrumb"},"inLanguage":"da-DK","potentialAction":[{"@type":"ReadAction","target":["https:\/\/dodo-inflatables.com\/da\/vare\/tear-aid-reparationssaet-til-hoppeborg\/"]}]},{"@type":"ImageObject","inLanguage":"da-DK","@id":"https:\/\/dodo-inflatables.com\/da\/vare\/tear-aid-reparationssaet-til-hoppeborg\/#primaryimage","url":"https:\/\/dodo-inflatables.com\/wp-content\/uploads\/2026\/04\/Tear-Aid-Reparatur-fur-Hupfburgen-_0004_TA-ZAK-TB-2.jpg","contentUrl":"https:\/\/dodo-inflatables.com\/wp-content\/uploads\/2026\/04\/Tear-Aid-Reparatur-fur-Hupfburgen-_0004_TA-ZAK-TB-2.jpg","width":1000,"height":1000,"caption":"Tear-Aid reparationss\u00e6t til hoppeborg | Dodo Inflatables"},{"@type":"BreadcrumbList","@id":"https:\/\/dodo-inflatables.com\/da\/vare\/tear-aid-reparationssaet-til-hoppeborg\/#breadcrumb","itemListElement":[{"@type":"ListItem","position":1,"name":"Hjem","item":"https:\/\/dodo-inflatables.com\/da\/"},{"@type":"ListItem","position":2,"name":"Butik","item":"https:\/\/dodo-inflatables.com\/da\/butik\/"},{"@type":"ListItem","position":3,"name":"Tear-Aid reparationss\u00e6t til hoppeborg"}]},{"@type":"WebSite","@id":"https:\/\/dodo-inflatables.com\/da\/#website","url":"https:\/\/dodo-inflatables.com\/da\/","name":"dodo-inflatables.com","description":"K\u00f8b hoppeborge og attraktioner i vores butik.","potentialAction":[{"@type":"SearchAction","target":{"@type":"EntryPoint","urlTemplate":"https:\/\/dodo-inflatables.com\/da\/?s={search_term_string}"},"query-input":{"@type":"PropertyValueSpecification","valueRequired":true,"valueName":"search_term_string"}}],"inLanguage":"da-DK"}]}},"uagb_featured_image_src":{"full":["https:\/\/dodo-inflatables.com\/wp-content\/uploads\/2026\/04\/Tear-Aid-Reparatur-fur-Hupfburgen-_0004_TA-ZAK-TB-2.jpg",1000,1000,false],"thumbnail":["https:\/\/dodo-inflatables.com\/wp-content\/uploads\/2026\/04\/Tear-Aid-Reparatur-fur-Hupfburgen-_0004_TA-ZAK-TB-2-150x150.jpg",150,150,true],"medium":["https:\/\/dodo-inflatables.com\/wp-content\/uploads\/2026\/04\/Tear-Aid-Reparatur-fur-Hupfburgen-_0004_TA-ZAK-TB-2-300x300.jpg",300,300,true],"medium_large":["https:\/\/dodo-inflatables.com\/wp-content\/uploads\/2026\/04\/Tear-Aid-Reparatur-fur-Hupfburgen-_0004_TA-ZAK-TB-2-768x768.jpg",768,768,true],"large":["https:\/\/dodo-inflatables.com\/wp-content\/uploads\/2026\/04\/Tear-Aid-Reparatur-fur-Hupfburgen-_0004_TA-ZAK-TB-2.jpg",1000,1000,false],"1536x1536":["https:\/\/dodo-inflatables.com\/wp-content\/uploads\/2026\/04\/Tear-Aid-Reparatur-fur-Hupfburgen-_0004_TA-ZAK-TB-2.jpg",1000,1000,false],"2048x2048":["https:\/\/dodo-inflatables.com\/wp-content\/uploads\/2026\/04\/Tear-Aid-Reparatur-fur-Hupfburgen-_0004_TA-ZAK-TB-2.jpg",1000,1000,false],"woocommerce_thumbnail":["https:\/\/dodo-inflatables.com\/wp-content\/uploads\/2026\/04\/Tear-Aid-Reparatur-fur-Hupfburgen-_0004_TA-ZAK-TB-2-900x900.jpg",900,900,true],"woocommerce_single":["https:\/\/dodo-inflatables.com\/wp-content\/uploads\/2026\/04\/Tear-Aid-Reparatur-fur-Hupfburgen-_0004_TA-ZAK-TB-2-900x900.jpg",900,900,true],"woocommerce_gallery_thumbnail":["https:\/\/dodo-inflatables.com\/wp-content\/uploads\/2026\/04\/Tear-Aid-Reparatur-fur-Hupfburgen-_0004_TA-ZAK-TB-2-100x100.jpg",100,100,true]},"uagb_author_info":{"display_name":"Andreas","author_link":"https:\/\/dodo-inflatables.com\/da\/author\/"},"uagb_comment_info":0,"uagb_excerpt":"1 Tear-Aid lap (30 x 8 cm) 1 forst\u00e6rkningsfilament til kantreparationer Alkohol reng\u00f8ringsservietter Brugsanvisning","_links":{"self":[{"href":"https:\/\/dodo-inflatables.com\/da\/wp-json\/wp\/v2\/product\/105348","targetHints":{"allow":["GET"]}}],"collection":[{"href":"https:\/\/dodo-inflatables.com\/da\/wp-json\/wp\/v2\/product"}],"about":[{"href":"https:\/\/dodo-inflatables.com\/da\/wp-json\/wp\/v2\/types\/product"}],"replies":[{"embeddable":true,"href":"https:\/\/dodo-inflatables.com\/da\/wp-json\/wp\/v2\/comments?post=105348"}],"wp:featuredmedia":[{"embeddable":true,"href":"https:\/\/dodo-inflatables.com\/da\/wp-json\/wp\/v2\/media\/105338"}],"wp:attachment":[{"href":"https:\/\/dodo-inflatables.com\/da\/wp-json\/wp\/v2\/media?parent=105348"}],"wp:term":[{"taxonomy":"product_brand","embeddable":true,"href":"https:\/\/dodo-inflatables.com\/da\/wp-json\/wp\/v2\/product_brand?post=105348"},{"taxonomy":"product_cat","embeddable":true,"href":"https:\/\/dodo-inflatables.com\/da\/wp-json\/wp\/v2\/product_cat?post=105348"},{"taxonomy":"product_tag","embeddable":true,"href":"https:\/\/dodo-inflatables.com\/da\/wp-json\/wp\/v2\/product_tag?post=105348"}],"curies":[{"name":"wp","href":"https:\/\/api.w.org\/{rel}","templated":true}]}}