{"id":105630,"date":"2026-04-04T13:54:47","date_gmt":"2026-04-04T11:54:47","guid":{"rendered":"https:\/\/dodo-inflatables.com\/dodo-relaunch?product=starter-set-lille-huawei-15-hp"},"modified":"2026-04-04T13:54:47","modified_gmt":"2026-04-04T11:54:47","slug":"starter-set-lille-huawei-15-hp","status":"publish","type":"product","link":"https:\/\/dodo-inflatables.com\/da\/vare\/starter-set-lille-huawei-15-hp\/","title":{"rendered":"Starter Set lille &#8211; Huawei 1,5 HP"},"content":{"rendered":"<h2>Starter Set lille &#8211; Huawei \u2013 Alt hvad du har brug for til den perfekte start med din hoppeborg!<\/h2>\n<p>&nbsp;<br \/>\nHar du k\u00f8bt en hoppeborg og vil du straks komme i gang? S\u00e5 er vores Starter Set lille &#8211; Huawei pr\u00e6cis det, du har brug for! Det inkluderer alt det vigtige tilbeh\u00f8r, du har brug for til sikker og problemfri drift af din hoppeborg \u2013 og som en ekstra bonus er en deflator inkluderet gratis!<br \/>\n<em><strong>Dette s\u00e6t indeholder:<\/strong><\/em><br \/>\n\u2705 <strong>Huawei bl\u00e6ser (1,5 HP) &#8211; <\/strong><br \/>\nEn st\u00e6rk og p\u00e5lidelig bl\u00e6ser er hjertet i enhver hoppeborg. Huawei bl\u00e6seren p\u00e5 1,5 HP sikrer hurtig og j\u00e6vn oppustning, s\u00e5 din hoppeborg er klar til brug p\u00e5 ingen tid. Den arbejder effektivt, er bygget til at holde og er perfekt egnet til kravene fra oppustelige hoppeborg.<br \/>\n\u2705 <strong>Jordpl\u00f8kke til sikker forankring &#8211; <\/strong><br \/>\nFor at holde din hoppeborg stabil og sikkert p\u00e5 plads er der inkluderet h\u00f8j kvalitets jordpl\u00f8kke i s\u00e6ttet. De hj\u00e6lper med at sikre, at dit oppustelige forbliver fast positioneret, selv under intensiv brug og energisk hoppning, og giver ogs\u00e5 ekstra sikkerhed i lette vindforhold. Nem at bruge, maksimal sikkerhed!<br \/>\n\u2705 <strong>Underlagsdug (5 x 6 m) \u2013 Beskyttelse til din hoppeborg &#8211; <\/strong><br \/>\nEn god underlagsdug er afg\u00f8rende for at beskytte din hoppeborg mod snavs, sm\u00e5 sten og uj\u00e6vne overflader. Den medf\u00f8lgende underlagsdug p\u00e5 5 x 6 m giver et holdbart beskyttelseslag og hj\u00e6lper med at forl\u00e6nge levetiden p\u00e5 dit oppustelige.<br \/>\n\ud83d\udca8 <strong>Inkluderet gratis: Deflator \u2013 til hurtigere pakning! &#8211; <\/strong><br \/>\nN\u00e5r sjov er slut, skal hoppeborgen deflateres og pakkes v\u00e6k \u2013 og det er pr\u00e6cis her deflatoren kommer ind! Dette praktiske tilbeh\u00f8r hj\u00e6lper med at fjerne luften meget hurtigere, hvilket g\u00f8r pakning hurtig og nem.<br \/>\n<strong>Hvorfor v\u00e6lge dette starter s\u00e6t?<\/strong><br \/>\n\u2714 <em>Perfekt matchende tilbeh\u00f8r<\/em> \u2013 Alt hvad du har brug for at komme i gang i \u00e9t praktisk s\u00e6t.<br \/>\n\u2714 <em>Hurtig ops\u00e6tning og sikker drift<\/em> \u2013 Takket v\u00e6re den kraftfulde bl\u00e6ser og solide jordpl\u00f8kke.<br \/>\n\u2714 <em>L\u00e6ngere levetid for din hoppeborg<\/em> \u2013 Med den beskyttende underlagsdug.<br \/>\n\u2714 <em>Nemmere pakning<\/em> \u2013 Den gratis deflator sparer dig tid og besv\u00e6r!<br \/>\nMed Starter Set lille &#8211; Huawei er du fuldt udstyret og klar til at komme i gang med det samme.<\/p>\n","protected":false},"excerpt":{"rendered":"<p>\u2714 <em>Perfekt matchende tilbeh\u00f8r<\/em> \u2013 Alt hvad du har brug for at komme i gang i \u00e9t praktisk s\u00e6t.<br \/>\n\u2714 <em>Hurtig ops\u00e6tning og sikker drift<\/em> \u2013 Takket v\u00e6re den kraftfulde bl\u00e6ser og solide jordpl\u00f8kke.<br \/>\n\u2714 <em>L\u00e6ngere levetid for din hoppeborg<\/em> \u2013 Med den beskyttende underlagsdug.<br \/>\n\u2714 <em>Nemmere pakning<\/em> \u2013 Den gratis deflator sparer dig tid og besv\u00e6r!<\/p>\n","protected":false},"featured_media":105628,"comment_status":"open","ping_status":"closed","template":"","meta":{"_acf_changed":false,"_uag_custom_page_level_css":"","site-sidebar-layout":"default","site-content-layout":"boxed-container","ast-site-content-layout":"normal-width-container","site-content-style":"boxed","site-sidebar-style":"default","ast-global-header-display":"","ast-banner-title-visibility":"","ast-main-header-display":"","ast-hfb-above-header-display":"","ast-hfb-below-header-display":"","ast-hfb-mobile-header-display":"","site-post-title":"disabled","ast-breadcrumbs-content":"","ast-featured-img":"","footer-sml-layout":"","ast-disable-related-posts":"","theme-transparent-header-meta":"default","adv-header-id-meta":"","stick-header-meta":"default","header-above-stick-meta":"","header-main-stick-meta":"","header-below-stick-meta":"","astra-migrate-meta-layouts":"default","ast-page-background-enabled":"default","ast-page-background-meta":{"desktop":{"background-color":"var(--ast-global-color-4)","background-image":"","background-repeat":"repeat","background-position":"center center","background-size":"auto","background-attachment":"scroll","background-type":"","background-media":"","overlay-type":"","overlay-color":"","overlay-opacity":"","overlay-gradient":""},"tablet":{"background-color":"","background-image":"","background-repeat":"repeat","background-position":"center center","background-size":"auto","background-attachment":"scroll","background-type":"","background-media":"","overlay-type":"","overlay-color":"","overlay-opacity":"","overlay-gradient":""},"mobile":{"background-color":"","background-image":"","background-repeat":"repeat","background-position":"center center","background-size":"auto","background-attachment":"scroll","background-type":"","background-media":"","overlay-type":"","overlay-color":"","overlay-opacity":"","overlay-gradient":""}},"ast-content-background-meta":{"desktop":{"background-color":"var(--ast-global-color-5)","background-image":"","background-repeat":"repeat","background-position":"center center","background-size":"auto","background-attachment":"scroll","background-type":"","background-media":"","overlay-type":"","overlay-color":"","overlay-opacity":"","overlay-gradient":""},"tablet":{"background-color":"var(--ast-global-color-5)","background-image":"","background-repeat":"repeat","background-position":"center center","background-size":"auto","background-attachment":"scroll","background-type":"","background-media":"","overlay-type":"","overlay-color":"","overlay-opacity":"","overlay-gradient":""},"mobile":{"background-color":"var(--ast-global-color-5)","background-image":"","background-repeat":"repeat","background-position":"center center","background-size":"auto","background-attachment":"scroll","background-type":"","background-media":"","overlay-type":"","overlay-color":"","overlay-opacity":"","overlay-gradient":""}}},"product_brand":[],"product_cat":[2068],"product_tag":[],"class_list":{"0":"post-105630","1":"product","2":"type-product","3":"status-publish","4":"has-post-thumbnail","6":"product_cat-tilbehor","7":"product_shipping_class-tilbehor","8":"desktop-align-center","9":"tablet-align-center","10":"mobile-align-center","11":"ast-product-gallery-layout-horizontal","12":"ast-product-tabs-layout-horizontal","14":"first","15":"instock","16":"sale","17":"taxable","18":"shipping-taxable","19":"purchasable","20":"product-type-simple"},"acf":[],"yoast_head":"<!-- This site is optimized with the Yoast SEO plugin v27.5 - https:\/\/yoast.com\/product\/yoast-seo-wordpress\/ -->\n<title>Starter Set lille - Huawei 1,5 HP til hoppeborg | Dodo Inflatables<\/title>\n<meta name=\"description\" content=\"Starter Set lille - Huawei 1,5 HP \u2013 bl\u00e6ser, jordpl\u00f8kke, underlagsdug 5 x 6 m og gratis deflator. Alt hvad du har brug for til den perfekte start med din hoppeborg.\" \/>\n<meta name=\"robots\" content=\"index, follow, max-snippet:-1, max-image-preview:large, max-video-preview:-1\" \/>\n<link rel=\"canonical\" href=\"https:\/\/dodo-inflatables.com\/da\/vare\/starter-set-lille-huawei-15-hp\/\" \/>\n<meta name=\"twitter:label1\" content=\"Estimeret l\u00e6setid\" \/>\n\t<meta name=\"twitter:data1\" content=\"2 minutter\" \/>\n<script type=\"application\/ld+json\" class=\"yoast-schema-graph\">{\"@context\":\"https:\\\/\\\/schema.org\",\"@graph\":[{\"@type\":\"WebPage\",\"@id\":\"https:\\\/\\\/dodo-inflatables.com\\\/da\\\/vare\\\/starter-set-lille-huawei-15-hp\\\/\",\"url\":\"https:\\\/\\\/dodo-inflatables.com\\\/da\\\/vare\\\/starter-set-lille-huawei-15-hp\\\/\",\"name\":\"Starter Set lille - Huawei 1,5 HP til hoppeborg | Dodo Inflatables\",\"isPartOf\":{\"@id\":\"https:\\\/\\\/dodo-inflatables.com\\\/da\\\/#website\"},\"primaryImageOfPage\":{\"@id\":\"https:\\\/\\\/dodo-inflatables.com\\\/da\\\/vare\\\/starter-set-lille-huawei-15-hp\\\/#primaryimage\"},\"image\":{\"@id\":\"https:\\\/\\\/dodo-inflatables.com\\\/da\\\/vare\\\/starter-set-lille-huawei-15-hp\\\/#primaryimage\"},\"thumbnailUrl\":\"https:\\\/\\\/dodo-inflatables.com\\\/wp-content\\\/uploads\\\/2026\\\/04\\\/starterset_transparent.png\",\"datePublished\":\"2026-04-04T11:54:47+00:00\",\"description\":\"Starter Set lille - Huawei 1,5 HP \u2013 bl\u00e6ser, jordpl\u00f8kke, underlagsdug 5 x 6 m og gratis deflator. Alt hvad du har brug for til den perfekte start med din hoppeborg.\",\"breadcrumb\":{\"@id\":\"https:\\\/\\\/dodo-inflatables.com\\\/da\\\/vare\\\/starter-set-lille-huawei-15-hp\\\/#breadcrumb\"},\"inLanguage\":\"da-DK\",\"potentialAction\":[{\"@type\":\"ReadAction\",\"target\":[\"https:\\\/\\\/dodo-inflatables.com\\\/da\\\/vare\\\/starter-set-lille-huawei-15-hp\\\/\"]}]},{\"@type\":\"ImageObject\",\"inLanguage\":\"da-DK\",\"@id\":\"https:\\\/\\\/dodo-inflatables.com\\\/da\\\/vare\\\/starter-set-lille-huawei-15-hp\\\/#primaryimage\",\"url\":\"https:\\\/\\\/dodo-inflatables.com\\\/wp-content\\\/uploads\\\/2026\\\/04\\\/starterset_transparent.png\",\"contentUrl\":\"https:\\\/\\\/dodo-inflatables.com\\\/wp-content\\\/uploads\\\/2026\\\/04\\\/starterset_transparent.png\",\"width\":1000,\"height\":1000,\"caption\":\"Starter Set lille - Huawei 2 HP til hoppeborg | Dodo Inflatables\"},{\"@type\":\"BreadcrumbList\",\"@id\":\"https:\\\/\\\/dodo-inflatables.com\\\/da\\\/vare\\\/starter-set-lille-huawei-15-hp\\\/#breadcrumb\",\"itemListElement\":[{\"@type\":\"ListItem\",\"position\":1,\"name\":\"Hjem\",\"item\":\"https:\\\/\\\/dodo-inflatables.com\\\/da\\\/\"},{\"@type\":\"ListItem\",\"position\":2,\"name\":\"Butik\",\"item\":\"https:\\\/\\\/dodo-inflatables.com\\\/da\\\/butik\\\/\"},{\"@type\":\"ListItem\",\"position\":3,\"name\":\"Starter Set lille &#8211; Huawei 1,5 HP\"}]},{\"@type\":\"WebSite\",\"@id\":\"https:\\\/\\\/dodo-inflatables.com\\\/da\\\/#website\",\"url\":\"https:\\\/\\\/dodo-inflatables.com\\\/da\\\/\",\"name\":\"dodo-inflatables.com\",\"description\":\"K\u00f8b hoppeborge og attraktioner i vores butik.\",\"potentialAction\":[{\"@type\":\"SearchAction\",\"target\":{\"@type\":\"EntryPoint\",\"urlTemplate\":\"https:\\\/\\\/dodo-inflatables.com\\\/da\\\/?s={search_term_string}\"},\"query-input\":{\"@type\":\"PropertyValueSpecification\",\"valueRequired\":true,\"valueName\":\"search_term_string\"}}],\"inLanguage\":\"da-DK\"}]}<\/script>\n<!-- \/ Yoast SEO plugin. -->","yoast_head_json":{"title":"Starter Set lille - Huawei 1,5 HP til hoppeborg | Dodo Inflatables","description":"Starter Set lille - Huawei 1,5 HP \u2013 bl\u00e6ser, jordpl\u00f8kke, underlagsdug 5 x 6 m og gratis deflator. Alt hvad du har brug for til den perfekte start med din hoppeborg.","robots":{"index":"index","follow":"follow","max-snippet":"max-snippet:-1","max-image-preview":"max-image-preview:large","max-video-preview":"max-video-preview:-1"},"canonical":"https:\/\/dodo-inflatables.com\/da\/vare\/starter-set-lille-huawei-15-hp\/","twitter_misc":{"Estimeret l\u00e6setid":"2 minutter"},"schema":{"@context":"https:\/\/schema.org","@graph":[{"@type":"WebPage","@id":"https:\/\/dodo-inflatables.com\/da\/vare\/starter-set-lille-huawei-15-hp\/","url":"https:\/\/dodo-inflatables.com\/da\/vare\/starter-set-lille-huawei-15-hp\/","name":"Starter Set lille - Huawei 1,5 HP til hoppeborg | Dodo Inflatables","isPartOf":{"@id":"https:\/\/dodo-inflatables.com\/da\/#website"},"primaryImageOfPage":{"@id":"https:\/\/dodo-inflatables.com\/da\/vare\/starter-set-lille-huawei-15-hp\/#primaryimage"},"image":{"@id":"https:\/\/dodo-inflatables.com\/da\/vare\/starter-set-lille-huawei-15-hp\/#primaryimage"},"thumbnailUrl":"https:\/\/dodo-inflatables.com\/wp-content\/uploads\/2026\/04\/starterset_transparent.png","datePublished":"2026-04-04T11:54:47+00:00","description":"Starter Set lille - Huawei 1,5 HP \u2013 bl\u00e6ser, jordpl\u00f8kke, underlagsdug 5 x 6 m og gratis deflator. Alt hvad du har brug for til den perfekte start med din hoppeborg.","breadcrumb":{"@id":"https:\/\/dodo-inflatables.com\/da\/vare\/starter-set-lille-huawei-15-hp\/#breadcrumb"},"inLanguage":"da-DK","potentialAction":[{"@type":"ReadAction","target":["https:\/\/dodo-inflatables.com\/da\/vare\/starter-set-lille-huawei-15-hp\/"]}]},{"@type":"ImageObject","inLanguage":"da-DK","@id":"https:\/\/dodo-inflatables.com\/da\/vare\/starter-set-lille-huawei-15-hp\/#primaryimage","url":"https:\/\/dodo-inflatables.com\/wp-content\/uploads\/2026\/04\/starterset_transparent.png","contentUrl":"https:\/\/dodo-inflatables.com\/wp-content\/uploads\/2026\/04\/starterset_transparent.png","width":1000,"height":1000,"caption":"Starter Set lille - Huawei 2 HP til hoppeborg | Dodo Inflatables"},{"@type":"BreadcrumbList","@id":"https:\/\/dodo-inflatables.com\/da\/vare\/starter-set-lille-huawei-15-hp\/#breadcrumb","itemListElement":[{"@type":"ListItem","position":1,"name":"Hjem","item":"https:\/\/dodo-inflatables.com\/da\/"},{"@type":"ListItem","position":2,"name":"Butik","item":"https:\/\/dodo-inflatables.com\/da\/butik\/"},{"@type":"ListItem","position":3,"name":"Starter Set lille &#8211; Huawei 1,5 HP"}]},{"@type":"WebSite","@id":"https:\/\/dodo-inflatables.com\/da\/#website","url":"https:\/\/dodo-inflatables.com\/da\/","name":"dodo-inflatables.com","description":"K\u00f8b hoppeborge og attraktioner i vores butik.","potentialAction":[{"@type":"SearchAction","target":{"@type":"EntryPoint","urlTemplate":"https:\/\/dodo-inflatables.com\/da\/?s={search_term_string}"},"query-input":{"@type":"PropertyValueSpecification","valueRequired":true,"valueName":"search_term_string"}}],"inLanguage":"da-DK"}]}},"uagb_featured_image_src":{"full":["https:\/\/dodo-inflatables.com\/wp-content\/uploads\/2026\/04\/starterset_transparent.png",1000,1000,false],"thumbnail":["https:\/\/dodo-inflatables.com\/wp-content\/uploads\/2026\/04\/starterset_transparent-150x150.png",150,150,true],"medium":["https:\/\/dodo-inflatables.com\/wp-content\/uploads\/2026\/04\/starterset_transparent-300x300.png",300,300,true],"medium_large":["https:\/\/dodo-inflatables.com\/wp-content\/uploads\/2026\/04\/starterset_transparent-768x768.png",768,768,true],"large":["https:\/\/dodo-inflatables.com\/wp-content\/uploads\/2026\/04\/starterset_transparent.png",1000,1000,false],"1536x1536":["https:\/\/dodo-inflatables.com\/wp-content\/uploads\/2026\/04\/starterset_transparent.png",1000,1000,false],"2048x2048":["https:\/\/dodo-inflatables.com\/wp-content\/uploads\/2026\/04\/starterset_transparent.png",1000,1000,false],"woocommerce_thumbnail":["https:\/\/dodo-inflatables.com\/wp-content\/uploads\/2026\/04\/starterset_transparent-900x900.png",900,900,true],"woocommerce_single":["https:\/\/dodo-inflatables.com\/wp-content\/uploads\/2026\/04\/starterset_transparent-900x900.png",900,900,true],"woocommerce_gallery_thumbnail":["https:\/\/dodo-inflatables.com\/wp-content\/uploads\/2026\/04\/starterset_transparent-100x100.png",100,100,true]},"uagb_author_info":{"display_name":"Andreas","author_link":"https:\/\/dodo-inflatables.com\/da\/author\/"},"uagb_comment_info":0,"uagb_excerpt":"\u2714 Perfekt matchende tilbeh\u00f8r \u2013 Alt hvad du har brug for at komme i gang i \u00e9t praktisk s\u00e6t. \u2714 Hurtig ops\u00e6tning og sikker drift \u2013 Takket v\u00e6re den kraftfulde bl\u00e6ser og solide jordpl\u00f8kke. \u2714 L\u00e6ngere levetid for din hoppeborg \u2013 Med den beskyttende underlagsdug. \u2714 Nemmere pakning \u2013 Den gratis deflator sparer dig tid&hellip;","_links":{"self":[{"href":"https:\/\/dodo-inflatables.com\/da\/wp-json\/wp\/v2\/product\/105630","targetHints":{"allow":["GET"]}}],"collection":[{"href":"https:\/\/dodo-inflatables.com\/da\/wp-json\/wp\/v2\/product"}],"about":[{"href":"https:\/\/dodo-inflatables.com\/da\/wp-json\/wp\/v2\/types\/product"}],"replies":[{"embeddable":true,"href":"https:\/\/dodo-inflatables.com\/da\/wp-json\/wp\/v2\/comments?post=105630"}],"wp:featuredmedia":[{"embeddable":true,"href":"https:\/\/dodo-inflatables.com\/da\/wp-json\/wp\/v2\/media\/105628"}],"wp:attachment":[{"href":"https:\/\/dodo-inflatables.com\/da\/wp-json\/wp\/v2\/media?parent=105630"}],"wp:term":[{"taxonomy":"product_brand","embeddable":true,"href":"https:\/\/dodo-inflatables.com\/da\/wp-json\/wp\/v2\/product_brand?post=105630"},{"taxonomy":"product_cat","embeddable":true,"href":"https:\/\/dodo-inflatables.com\/da\/wp-json\/wp\/v2\/product_cat?post=105630"},{"taxonomy":"product_tag","embeddable":true,"href":"https:\/\/dodo-inflatables.com\/da\/wp-json\/wp\/v2\/product_tag?post=105630"}],"curies":[{"name":"wp","href":"https:\/\/api.w.org\/{rel}","templated":true}]}}