{"id":105783,"date":"2026-04-04T13:54:46","date_gmt":"2026-04-04T11:54:46","guid":{"rendered":"https:\/\/dodo-inflatables.com\/dodo-relaunch?product=vandposer-til-ballastering-af-hoppeborg"},"modified":"2026-04-04T13:54:46","modified_gmt":"2026-04-04T11:54:46","slug":"vandposer-til-ballastering-af-hoppeborg","status":"publish","type":"product","link":"https:\/\/dodo-inflatables.com\/da\/vare\/vandposer-til-ballastering-af-hoppeborg\/","title":{"rendered":"Vandposer til ballastering af hoppeborg"},"content":{"rendered":"<h2 class=\"p1\"><b>K\u00f8b vandposer til ballastering af hoppeborg<\/b><\/h2>\n<p class=\"p1\">Vores vandposer tilbyder en praktisk, mobil og standardkompliant l\u00f8sning til sikring af din hoppeborg \u2013 is\u00e6r ved ops\u00e6tning p\u00e5 asfalt, beton eller indend\u00f8rs. De er den ideelle m\u00e5de at ballastere hoppeborg sikkert og i overensstemmelse med den relevante standard, uden behov for at transportere tunge ekstra v\u00e6gte.<\/p>\n<p><strong>Nem h\u00e5ndtering:<\/strong><br \/>\nBallastposerne kan nemt fyldes med op til 40 liter vand. To ventiler (en \u00f8verst til p\u00e5fyldning og en nederst til t\u00f8mning) g\u00f8r dem s\u00e6rligt praktiske at bruge og giver mulighed for hurtigt at dr\u00e6ne vandet efter brug.<br \/>\n<strong>Standardkompliant forankring i henhold til DIN EN 14960:<\/strong><br \/>\nHvis der bruges fire vandposer pr. forankringspunkt, giver dette en ballastv\u00e6gt p\u00e5 160 kg \u2013 pr\u00e6cis den m\u00e6ngde, der kr\u00e6ves i henhold til DIN EN 14960. Dette g\u00f8r dem ideelle til ops\u00e6tninger, hvor jordpl\u00f8kke ikke kan bruges.<br \/>\n<strong>Fleksibel fastg\u00f8relse:<\/strong><br \/>\nTakket v\u00e6re fire robuste \u00f8jer kan poserne nemt fastg\u00f8res til hoppeborgen ved hj\u00e6lp af stropper.<br \/>\n<strong>Praktisk transport:<\/strong><br \/>\nTo sideb\u00e6rende h\u00e5ndtag g\u00f8r det lettere at flytte og placere de fyldte vandposer. Det holdbare PVC-materiale sikrer lang levetid, selv ved hyppig brug.<br \/>\n&nbsp;<\/p>\n<h3><strong>Detaljer om vandposerne<\/strong><\/h3>\n<ul>\n<li>Kapacitet: 40 liter vand pr. pose<\/li>\n<li>Fyldt v\u00e6gt: ca. 40 kg<\/li>\n<li>St\u00f8rrelse: ca. 40 x 40 cm<\/li>\n<li>2 ventiler (top og bund)<\/li>\n<li>4 \u00f8jer til fastg\u00f8relse<\/li>\n<li>2 b\u00e6rende h\u00e5ndtag<\/li>\n<li>Materiale: holdbart PVC<\/li>\n<\/ul>\n<p>&nbsp;<\/p>\n","protected":false},"excerpt":{"rendered":"<ul>\n<li>Kapacitet: 40 liter vand pr. pose<\/li>\n<li>Fyldt v\u00e6gt: ca. 40 kg<\/li>\n<li>St\u00f8rrelse: ca. 40 x 40 cm<\/li>\n<li>2 ventiler (top og bund)<\/li>\n<li>4 \u00f8jer til fastg\u00f8relse<\/li>\n<li>2 b\u00e6rende h\u00e5ndtag<\/li>\n<li>Materiale: holdbart PVC<\/li>\n<\/ul>\n","protected":false},"featured_media":105781,"comment_status":"open","ping_status":"closed","template":"","meta":{"_acf_changed":false,"_uag_custom_page_level_css":"","site-sidebar-layout":"default","site-content-layout":"boxed-container","ast-site-content-layout":"normal-width-container","site-content-style":"boxed","site-sidebar-style":"default","ast-global-header-display":"","ast-banner-title-visibility":"","ast-main-header-display":"","ast-hfb-above-header-display":"","ast-hfb-below-header-display":"","ast-hfb-mobile-header-display":"","site-post-title":"disabled","ast-breadcrumbs-content":"","ast-featured-img":"","footer-sml-layout":"","ast-disable-related-posts":"","theme-transparent-header-meta":"default","adv-header-id-meta":"","stick-header-meta":"default","header-above-stick-meta":"","header-main-stick-meta":"","header-below-stick-meta":"","astra-migrate-meta-layouts":"default","ast-page-background-enabled":"default","ast-page-background-meta":{"desktop":{"background-color":"var(--ast-global-color-4)","background-image":"","background-repeat":"repeat","background-position":"center center","background-size":"auto","background-attachment":"scroll","background-type":"","background-media":"","overlay-type":"","overlay-color":"","overlay-opacity":"","overlay-gradient":""},"tablet":{"background-color":"","background-image":"","background-repeat":"repeat","background-position":"center center","background-size":"auto","background-attachment":"scroll","background-type":"","background-media":"","overlay-type":"","overlay-color":"","overlay-opacity":"","overlay-gradient":""},"mobile":{"background-color":"","background-image":"","background-repeat":"repeat","background-position":"center center","background-size":"auto","background-attachment":"scroll","background-type":"","background-media":"","overlay-type":"","overlay-color":"","overlay-opacity":"","overlay-gradient":""}},"ast-content-background-meta":{"desktop":{"background-color":"var(--ast-global-color-5)","background-image":"","background-repeat":"repeat","background-position":"center center","background-size":"auto","background-attachment":"scroll","background-type":"","background-media":"","overlay-type":"","overlay-color":"","overlay-opacity":"","overlay-gradient":""},"tablet":{"background-color":"var(--ast-global-color-5)","background-image":"","background-repeat":"repeat","background-position":"center center","background-size":"auto","background-attachment":"scroll","background-type":"","background-media":"","overlay-type":"","overlay-color":"","overlay-opacity":"","overlay-gradient":""},"mobile":{"background-color":"var(--ast-global-color-5)","background-image":"","background-repeat":"repeat","background-position":"center center","background-size":"auto","background-attachment":"scroll","background-type":"","background-media":"","overlay-type":"","overlay-color":"","overlay-opacity":"","overlay-gradient":""}}},"product_brand":[],"product_cat":[2068],"product_tag":[],"class_list":{"0":"post-105783","1":"product","2":"type-product","3":"status-publish","4":"has-post-thumbnail","6":"product_cat-tilbehor","7":"product_shipping_class-tilbehor","8":"desktop-align-center","9":"tablet-align-center","10":"mobile-align-center","11":"ast-product-gallery-layout-horizontal","12":"ast-product-tabs-layout-horizontal","14":"first","15":"instock","16":"taxable","17":"shipping-taxable","18":"purchasable","19":"product-type-simple"},"acf":[],"yoast_head":"<!-- This site is optimized with the Yoast SEO plugin v27.5 - https:\/\/yoast.com\/product\/yoast-seo-wordpress\/ -->\n<title>Vandposer til ballastering af hoppeborg | Dodo Inflatables<\/title>\n<meta name=\"description\" content=\"Vandposer til ballastering af hoppeborg \u2013 kapacitet 40 liter, ca. 40 kg fyldt v\u00e6gt, i overensstemmelse med DIN EN 14960. Ideelle til ops\u00e6tninger p\u00e5 asfalt, beton eller indend\u00f8rs.\" \/>\n<meta name=\"robots\" content=\"index, follow, max-snippet:-1, max-image-preview:large, max-video-preview:-1\" \/>\n<link rel=\"canonical\" href=\"https:\/\/dodo-inflatables.com\/da\/vare\/vandposer-til-ballastering-af-hoppeborg\/\" \/>\n<meta name=\"twitter:label1\" content=\"Estimeret l\u00e6setid\" \/>\n\t<meta name=\"twitter:data1\" content=\"1 minut\" \/>\n<script type=\"application\/ld+json\" class=\"yoast-schema-graph\">{\"@context\":\"https:\\\/\\\/schema.org\",\"@graph\":[{\"@type\":\"WebPage\",\"@id\":\"https:\\\/\\\/dodo-inflatables.com\\\/da\\\/vare\\\/vandposer-til-ballastering-af-hoppeborg\\\/\",\"url\":\"https:\\\/\\\/dodo-inflatables.com\\\/da\\\/vare\\\/vandposer-til-ballastering-af-hoppeborg\\\/\",\"name\":\"Vandposer til ballastering af hoppeborg | Dodo Inflatables\",\"isPartOf\":{\"@id\":\"https:\\\/\\\/dodo-inflatables.com\\\/da\\\/#website\"},\"primaryImageOfPage\":{\"@id\":\"https:\\\/\\\/dodo-inflatables.com\\\/da\\\/vare\\\/vandposer-til-ballastering-af-hoppeborg\\\/#primaryimage\"},\"image\":{\"@id\":\"https:\\\/\\\/dodo-inflatables.com\\\/da\\\/vare\\\/vandposer-til-ballastering-af-hoppeborg\\\/#primaryimage\"},\"thumbnailUrl\":\"https:\\\/\\\/dodo-inflatables.com\\\/wp-content\\\/uploads\\\/2026\\\/04\\\/neu-179dodo.jpg\",\"datePublished\":\"2026-04-04T11:54:46+00:00\",\"description\":\"Vandposer til ballastering af hoppeborg \u2013 kapacitet 40 liter, ca. 40 kg fyldt v\u00e6gt, i overensstemmelse med DIN EN 14960. Ideelle til ops\u00e6tninger p\u00e5 asfalt, beton eller indend\u00f8rs.\",\"breadcrumb\":{\"@id\":\"https:\\\/\\\/dodo-inflatables.com\\\/da\\\/vare\\\/vandposer-til-ballastering-af-hoppeborg\\\/#breadcrumb\"},\"inLanguage\":\"da-DK\",\"potentialAction\":[{\"@type\":\"ReadAction\",\"target\":[\"https:\\\/\\\/dodo-inflatables.com\\\/da\\\/vare\\\/vandposer-til-ballastering-af-hoppeborg\\\/\"]}]},{\"@type\":\"ImageObject\",\"inLanguage\":\"da-DK\",\"@id\":\"https:\\\/\\\/dodo-inflatables.com\\\/da\\\/vare\\\/vandposer-til-ballastering-af-hoppeborg\\\/#primaryimage\",\"url\":\"https:\\\/\\\/dodo-inflatables.com\\\/wp-content\\\/uploads\\\/2026\\\/04\\\/neu-179dodo.jpg\",\"contentUrl\":\"https:\\\/\\\/dodo-inflatables.com\\\/wp-content\\\/uploads\\\/2026\\\/04\\\/neu-179dodo.jpg\",\"width\":1000,\"height\":1000,\"caption\":\"Vandposer til ballastering af hoppeborg | Dodo Inflatables\"},{\"@type\":\"BreadcrumbList\",\"@id\":\"https:\\\/\\\/dodo-inflatables.com\\\/da\\\/vare\\\/vandposer-til-ballastering-af-hoppeborg\\\/#breadcrumb\",\"itemListElement\":[{\"@type\":\"ListItem\",\"position\":1,\"name\":\"Hjem\",\"item\":\"https:\\\/\\\/dodo-inflatables.com\\\/da\\\/\"},{\"@type\":\"ListItem\",\"position\":2,\"name\":\"Butik\",\"item\":\"https:\\\/\\\/dodo-inflatables.com\\\/da\\\/butik\\\/\"},{\"@type\":\"ListItem\",\"position\":3,\"name\":\"Vandposer til ballastering af hoppeborg\"}]},{\"@type\":\"WebSite\",\"@id\":\"https:\\\/\\\/dodo-inflatables.com\\\/da\\\/#website\",\"url\":\"https:\\\/\\\/dodo-inflatables.com\\\/da\\\/\",\"name\":\"dodo-inflatables.com\",\"description\":\"K\u00f8b hoppeborge og attraktioner i vores butik.\",\"potentialAction\":[{\"@type\":\"SearchAction\",\"target\":{\"@type\":\"EntryPoint\",\"urlTemplate\":\"https:\\\/\\\/dodo-inflatables.com\\\/da\\\/?s={search_term_string}\"},\"query-input\":{\"@type\":\"PropertyValueSpecification\",\"valueRequired\":true,\"valueName\":\"search_term_string\"}}],\"inLanguage\":\"da-DK\"}]}<\/script>\n<!-- \/ Yoast SEO plugin. -->","yoast_head_json":{"title":"Vandposer til ballastering af hoppeborg | Dodo Inflatables","description":"Vandposer til ballastering af hoppeborg \u2013 kapacitet 40 liter, ca. 40 kg fyldt v\u00e6gt, i overensstemmelse med DIN EN 14960. Ideelle til ops\u00e6tninger p\u00e5 asfalt, beton eller indend\u00f8rs.","robots":{"index":"index","follow":"follow","max-snippet":"max-snippet:-1","max-image-preview":"max-image-preview:large","max-video-preview":"max-video-preview:-1"},"canonical":"https:\/\/dodo-inflatables.com\/da\/vare\/vandposer-til-ballastering-af-hoppeborg\/","twitter_misc":{"Estimeret l\u00e6setid":"1 minut"},"schema":{"@context":"https:\/\/schema.org","@graph":[{"@type":"WebPage","@id":"https:\/\/dodo-inflatables.com\/da\/vare\/vandposer-til-ballastering-af-hoppeborg\/","url":"https:\/\/dodo-inflatables.com\/da\/vare\/vandposer-til-ballastering-af-hoppeborg\/","name":"Vandposer til ballastering af hoppeborg | Dodo Inflatables","isPartOf":{"@id":"https:\/\/dodo-inflatables.com\/da\/#website"},"primaryImageOfPage":{"@id":"https:\/\/dodo-inflatables.com\/da\/vare\/vandposer-til-ballastering-af-hoppeborg\/#primaryimage"},"image":{"@id":"https:\/\/dodo-inflatables.com\/da\/vare\/vandposer-til-ballastering-af-hoppeborg\/#primaryimage"},"thumbnailUrl":"https:\/\/dodo-inflatables.com\/wp-content\/uploads\/2026\/04\/neu-179dodo.jpg","datePublished":"2026-04-04T11:54:46+00:00","description":"Vandposer til ballastering af hoppeborg \u2013 kapacitet 40 liter, ca. 40 kg fyldt v\u00e6gt, i overensstemmelse med DIN EN 14960. Ideelle til ops\u00e6tninger p\u00e5 asfalt, beton eller indend\u00f8rs.","breadcrumb":{"@id":"https:\/\/dodo-inflatables.com\/da\/vare\/vandposer-til-ballastering-af-hoppeborg\/#breadcrumb"},"inLanguage":"da-DK","potentialAction":[{"@type":"ReadAction","target":["https:\/\/dodo-inflatables.com\/da\/vare\/vandposer-til-ballastering-af-hoppeborg\/"]}]},{"@type":"ImageObject","inLanguage":"da-DK","@id":"https:\/\/dodo-inflatables.com\/da\/vare\/vandposer-til-ballastering-af-hoppeborg\/#primaryimage","url":"https:\/\/dodo-inflatables.com\/wp-content\/uploads\/2026\/04\/neu-179dodo.jpg","contentUrl":"https:\/\/dodo-inflatables.com\/wp-content\/uploads\/2026\/04\/neu-179dodo.jpg","width":1000,"height":1000,"caption":"Vandposer til ballastering af hoppeborg | Dodo Inflatables"},{"@type":"BreadcrumbList","@id":"https:\/\/dodo-inflatables.com\/da\/vare\/vandposer-til-ballastering-af-hoppeborg\/#breadcrumb","itemListElement":[{"@type":"ListItem","position":1,"name":"Hjem","item":"https:\/\/dodo-inflatables.com\/da\/"},{"@type":"ListItem","position":2,"name":"Butik","item":"https:\/\/dodo-inflatables.com\/da\/butik\/"},{"@type":"ListItem","position":3,"name":"Vandposer til ballastering af hoppeborg"}]},{"@type":"WebSite","@id":"https:\/\/dodo-inflatables.com\/da\/#website","url":"https:\/\/dodo-inflatables.com\/da\/","name":"dodo-inflatables.com","description":"K\u00f8b hoppeborge og attraktioner i vores butik.","potentialAction":[{"@type":"SearchAction","target":{"@type":"EntryPoint","urlTemplate":"https:\/\/dodo-inflatables.com\/da\/?s={search_term_string}"},"query-input":{"@type":"PropertyValueSpecification","valueRequired":true,"valueName":"search_term_string"}}],"inLanguage":"da-DK"}]}},"uagb_featured_image_src":{"full":["https:\/\/dodo-inflatables.com\/wp-content\/uploads\/2026\/04\/neu-179dodo.jpg",1000,1000,false],"thumbnail":["https:\/\/dodo-inflatables.com\/wp-content\/uploads\/2026\/04\/neu-179dodo-150x150.jpg",150,150,true],"medium":["https:\/\/dodo-inflatables.com\/wp-content\/uploads\/2026\/04\/neu-179dodo-300x300.jpg",300,300,true],"medium_large":["https:\/\/dodo-inflatables.com\/wp-content\/uploads\/2026\/04\/neu-179dodo-768x768.jpg",768,768,true],"large":["https:\/\/dodo-inflatables.com\/wp-content\/uploads\/2026\/04\/neu-179dodo.jpg",1000,1000,false],"1536x1536":["https:\/\/dodo-inflatables.com\/wp-content\/uploads\/2026\/04\/neu-179dodo.jpg",1000,1000,false],"2048x2048":["https:\/\/dodo-inflatables.com\/wp-content\/uploads\/2026\/04\/neu-179dodo.jpg",1000,1000,false],"woocommerce_thumbnail":["https:\/\/dodo-inflatables.com\/wp-content\/uploads\/2026\/04\/neu-179dodo-900x900.jpg",900,900,true],"woocommerce_single":["https:\/\/dodo-inflatables.com\/wp-content\/uploads\/2026\/04\/neu-179dodo-900x900.jpg",900,900,true],"woocommerce_gallery_thumbnail":["https:\/\/dodo-inflatables.com\/wp-content\/uploads\/2026\/04\/neu-179dodo-100x100.jpg",100,100,true]},"uagb_author_info":{"display_name":"Andreas","author_link":"https:\/\/dodo-inflatables.com\/da\/author\/"},"uagb_comment_info":0,"uagb_excerpt":"Kapacitet: 40 liter vand pr. pose Fyldt v\u00e6gt: ca. 40 kg St\u00f8rrelse: ca. 40 x 40 cm 2 ventiler (top og bund) 4 \u00f8jer til fastg\u00f8relse 2 b\u00e6rende h\u00e5ndtag Materiale: holdbart PVC","_links":{"self":[{"href":"https:\/\/dodo-inflatables.com\/da\/wp-json\/wp\/v2\/product\/105783","targetHints":{"allow":["GET"]}}],"collection":[{"href":"https:\/\/dodo-inflatables.com\/da\/wp-json\/wp\/v2\/product"}],"about":[{"href":"https:\/\/dodo-inflatables.com\/da\/wp-json\/wp\/v2\/types\/product"}],"replies":[{"embeddable":true,"href":"https:\/\/dodo-inflatables.com\/da\/wp-json\/wp\/v2\/comments?post=105783"}],"wp:featuredmedia":[{"embeddable":true,"href":"https:\/\/dodo-inflatables.com\/da\/wp-json\/wp\/v2\/media\/105781"}],"wp:attachment":[{"href":"https:\/\/dodo-inflatables.com\/da\/wp-json\/wp\/v2\/media?parent=105783"}],"wp:term":[{"taxonomy":"product_brand","embeddable":true,"href":"https:\/\/dodo-inflatables.com\/da\/wp-json\/wp\/v2\/product_brand?post=105783"},{"taxonomy":"product_cat","embeddable":true,"href":"https:\/\/dodo-inflatables.com\/da\/wp-json\/wp\/v2\/product_cat?post=105783"},{"taxonomy":"product_tag","embeddable":true,"href":"https:\/\/dodo-inflatables.com\/da\/wp-json\/wp\/v2\/product_tag?post=105783"}],"curies":[{"name":"wp","href":"https:\/\/api.w.org\/{rel}","templated":true}]}}