{"id":105877,"date":"2026-04-04T13:54:45","date_gmt":"2026-04-04T11:54:45","guid":{"rendered":"https:\/\/dodo-inflatables.com\/dodo-relaunch?product=lyddemper-blaeserdaeksel-til-hoppeborg-blaesere"},"modified":"2026-05-01T10:44:56","modified_gmt":"2026-05-01T08:44:56","slug":"lyddemper-blaeserdaeksel-til-hoppeborg-blaesere","status":"publish","type":"product","link":"https:\/\/dodo-inflatables.com\/da\/vare\/lyddemper-blaeserdaeksel-til-hoppeborg-blaesere\/","title":{"rendered":"Lyddemper \/ bl\u00e6serd\u00e6ksel til hoppeborg bl\u00e6sere"},"content":{"rendered":"<h1>K\u00f8b lyddemper \/ bl\u00e6serd\u00e6ksel til hoppeborg bl\u00e6sere<\/h1>\n<p>Huawei bl\u00e6serd\u00e6kslet er en praktisk l\u00f8sning til at reducere st\u00f8j og sikkert afsk\u00e6rme hoppeborg bl\u00e6sere. Det er specielt udviklet til professionel brug og opfylder kravene i DIN EN 14960-1:2019.<br \/>\nUd over at reducere driftsst\u00f8jen sikrer bl\u00e6serd\u00e6kslet prim\u00e6rt en klar adskillelse mellem legeomr\u00e5det og det tekniske omr\u00e5de, hvilket \u00f8ger sikkerheden ved ops\u00e6tninger i offentlige og kommercielle milj\u00f8er.<br \/>\n<strong>Mere sikkerhed under drift:<\/strong><br \/>\nBl\u00e6serd\u00e6kslet begr\u00e6nser fysisk direkte adgang til bl\u00e6seren. Bev\u00e6gelige dele er beskyttet og utilg\u00e6ngelige for b\u00f8rn, hvilket er en vigtig faktor ved sikkerhedsinspektioner og overensstemmelseskontroller.<br \/>\n<strong>St\u00f8jreduktion:<\/strong><br \/>\nTakket v\u00e6re det polstrede, lukkede design reduceres bl\u00e6serens driftsst\u00f8j m\u00e6rkbart. Ideel til brug i boligomr\u00e5der, bycentre eller andre st\u00f8jf\u00f8lsomme milj\u00f8er.<br \/>\n<strong>I overensstemmelse med EN 14960:<\/strong><br \/>\nBl\u00e6serd\u00e6kslet opfylder vigtige krav i den europ\u00e6iske standard EN 14960-1:2019, herunder: at holde bl\u00e6sere utilg\u00e6ngelige for b\u00f8rn, beskytte bev\u00e6gelige dele og sikre en klar adskillelse mellem legeomr\u00e5det og det tekniske omr\u00e5de.<br \/>\n<strong>Robust og vejrbestandig:<\/strong><br \/>\nD\u00e6kslet er brandbestandigt og vandafvisende og er designet til intensiv professionel brug. Det giver ogs\u00e5 yderligere beskyttelse af bl\u00e6seren mod eksterne p\u00e5virkninger.<br \/>\n<strong>Nem installation:<\/strong><br \/>\nBl\u00e6serd\u00e6kslet kan monteres og fjernes hurtigt. Dette g\u00f8r vedligeholdelse, visuelle kontroller og inspektioner nemme at udf\u00f8re.<\/p>\n<h3>Detaljer om lyddemperen \/ bl\u00e6serd\u00e6kslet<\/h3>\n<ul>\n<li class=\"p1\">M\u00e5l (L \u00d7 B \u00d7 H): ca. 50 \u00d7 63 \u00d7 54 cm<\/li>\n<li class=\"p1\">V\u00e6gt: ca. 2,4 kg<\/li>\n<li class=\"p1\">Pakkede m\u00e5l: ca. 50 \u00d7 100 \u00d7 15 cm<\/li>\n<\/ul>\n","protected":false},"excerpt":{"rendered":"<ul>\n<li class=\"p1\">M\u00e5l (L \u00d7 B \u00d7 H): ca. 50 \u00d7 63 \u00d7 54 cm<\/li>\n<li class=\"p1\">V\u00e6gt: ca. 2,4 kg<\/li>\n<li class=\"p1\">Pakkede m\u00e5l: ca. 50 \u00d7 100 \u00d7 15 cm<\/li>\n<\/ul>\n","protected":false},"featured_media":105872,"comment_status":"open","ping_status":"closed","template":"","meta":{"_acf_changed":false,"_uag_custom_page_level_css":"","site-sidebar-layout":"default","site-content-layout":"boxed-container","ast-site-content-layout":"normal-width-container","site-content-style":"boxed","site-sidebar-style":"default","ast-global-header-display":"","ast-banner-title-visibility":"","ast-main-header-display":"","ast-hfb-above-header-display":"","ast-hfb-below-header-display":"","ast-hfb-mobile-header-display":"","site-post-title":"disabled","ast-breadcrumbs-content":"","ast-featured-img":"","footer-sml-layout":"","ast-disable-related-posts":"","theme-transparent-header-meta":"default","adv-header-id-meta":"","stick-header-meta":"default","header-above-stick-meta":"","header-main-stick-meta":"","header-below-stick-meta":"","astra-migrate-meta-layouts":"default","ast-page-background-enabled":"default","ast-page-background-meta":{"desktop":{"background-color":"var(--ast-global-color-4)","background-image":"","background-repeat":"repeat","background-position":"center center","background-size":"auto","background-attachment":"scroll","background-type":"","background-media":"","overlay-type":"","overlay-color":"","overlay-opacity":"","overlay-gradient":""},"tablet":{"background-color":"","background-image":"","background-repeat":"repeat","background-position":"center center","background-size":"auto","background-attachment":"scroll","background-type":"","background-media":"","overlay-type":"","overlay-color":"","overlay-opacity":"","overlay-gradient":""},"mobile":{"background-color":"","background-image":"","background-repeat":"repeat","background-position":"center center","background-size":"auto","background-attachment":"scroll","background-type":"","background-media":"","overlay-type":"","overlay-color":"","overlay-opacity":"","overlay-gradient":""}},"ast-content-background-meta":{"desktop":{"background-color":"var(--ast-global-color-5)","background-image":"","background-repeat":"repeat","background-position":"center center","background-size":"auto","background-attachment":"scroll","background-type":"","background-media":"","overlay-type":"","overlay-color":"","overlay-opacity":"","overlay-gradient":""},"tablet":{"background-color":"var(--ast-global-color-5)","background-image":"","background-repeat":"repeat","background-position":"center center","background-size":"auto","background-attachment":"scroll","background-type":"","background-media":"","overlay-type":"","overlay-color":"","overlay-opacity":"","overlay-gradient":""},"mobile":{"background-color":"var(--ast-global-color-5)","background-image":"","background-repeat":"repeat","background-position":"center center","background-size":"auto","background-attachment":"scroll","background-type":"","background-media":"","overlay-type":"","overlay-color":"","overlay-opacity":"","overlay-gradient":""}}},"product_brand":[],"product_cat":[2068],"product_tag":[],"class_list":{"0":"post-105877","1":"product","2":"type-product","3":"status-publish","4":"has-post-thumbnail","6":"product_cat-tilbehor","7":"product_shipping_class-tilbehor","8":"desktop-align-center","9":"tablet-align-center","10":"mobile-align-center","11":"ast-product-gallery-layout-horizontal","12":"ast-product-tabs-layout-horizontal","14":"first","15":"instock","16":"taxable","17":"shipping-taxable","18":"purchasable","19":"product-type-simple"},"acf":[],"yoast_head":"<!-- This site is optimized with the Yoast SEO plugin v27.5 - https:\/\/yoast.com\/product\/yoast-seo-wordpress\/ -->\n<title>Lyddemper \/ bl\u00e6serd\u00e6ksel til hoppeborg bl\u00e6sere | Dodo Inflatables<\/title>\n<meta name=\"description\" content=\"Lyddemper \/ bl\u00e6serd\u00e6ksel til hoppeborg bl\u00e6sere \u2013 i overensstemmelse med EN 14960-1:2019, brandbestandigt og vandafvisende, reducerer st\u00f8j. M\u00e5l ca. 50 \u00d7 63 \u00d7 54 cm, v\u00e6gt ca. 2,4 kg.\" \/>\n<meta name=\"robots\" content=\"index, follow, max-snippet:-1, max-image-preview:large, max-video-preview:-1\" \/>\n<link rel=\"canonical\" href=\"https:\/\/dodo-inflatables.com\/da\/vare\/lyddemper-blaeserdaeksel-til-hoppeborg-blaesere\/\" \/>\n<meta name=\"twitter:label1\" content=\"Estimeret l\u00e6setid\" \/>\n\t<meta name=\"twitter:data1\" content=\"1 minut\" \/>\n<script type=\"application\/ld+json\" class=\"yoast-schema-graph\">{\"@context\":\"https:\\\/\\\/schema.org\",\"@graph\":[{\"@type\":\"WebPage\",\"@id\":\"https:\\\/\\\/dodo-inflatables.com\\\/da\\\/vare\\\/lyddemper-blaeserdaeksel-til-hoppeborg-blaesere\\\/\",\"url\":\"https:\\\/\\\/dodo-inflatables.com\\\/da\\\/vare\\\/lyddemper-blaeserdaeksel-til-hoppeborg-blaesere\\\/\",\"name\":\"Lyddemper \\\/ bl\u00e6serd\u00e6ksel til hoppeborg bl\u00e6sere | Dodo Inflatables\",\"isPartOf\":{\"@id\":\"https:\\\/\\\/dodo-inflatables.com\\\/da\\\/#website\"},\"primaryImageOfPage\":{\"@id\":\"https:\\\/\\\/dodo-inflatables.com\\\/da\\\/vare\\\/lyddemper-blaeserdaeksel-til-hoppeborg-blaesere\\\/#primaryimage\"},\"image\":{\"@id\":\"https:\\\/\\\/dodo-inflatables.com\\\/da\\\/vare\\\/lyddemper-blaeserdaeksel-til-hoppeborg-blaesere\\\/#primaryimage\"},\"thumbnailUrl\":\"https:\\\/\\\/dodo-inflatables.com\\\/wp-content\\\/uploads\\\/2026\\\/04\\\/Huawei-Schalldaemper-Blower-Cover-Huepfburgen-Geblaese-1.jpg\",\"datePublished\":\"2026-04-04T11:54:45+00:00\",\"dateModified\":\"2026-05-01T08:44:56+00:00\",\"description\":\"Lyddemper \\\/ bl\u00e6serd\u00e6ksel til hoppeborg bl\u00e6sere \u2013 i overensstemmelse med EN 14960-1:2019, brandbestandigt og vandafvisende, reducerer st\u00f8j. M\u00e5l ca. 50 \u00d7 63 \u00d7 54 cm, v\u00e6gt ca. 2,4 kg.\",\"breadcrumb\":{\"@id\":\"https:\\\/\\\/dodo-inflatables.com\\\/da\\\/vare\\\/lyddemper-blaeserdaeksel-til-hoppeborg-blaesere\\\/#breadcrumb\"},\"inLanguage\":\"da-DK\",\"potentialAction\":[{\"@type\":\"ReadAction\",\"target\":[\"https:\\\/\\\/dodo-inflatables.com\\\/da\\\/vare\\\/lyddemper-blaeserdaeksel-til-hoppeborg-blaesere\\\/\"]}]},{\"@type\":\"ImageObject\",\"inLanguage\":\"da-DK\",\"@id\":\"https:\\\/\\\/dodo-inflatables.com\\\/da\\\/vare\\\/lyddemper-blaeserdaeksel-til-hoppeborg-blaesere\\\/#primaryimage\",\"url\":\"https:\\\/\\\/dodo-inflatables.com\\\/wp-content\\\/uploads\\\/2026\\\/04\\\/Huawei-Schalldaemper-Blower-Cover-Huepfburgen-Geblaese-1.jpg\",\"contentUrl\":\"https:\\\/\\\/dodo-inflatables.com\\\/wp-content\\\/uploads\\\/2026\\\/04\\\/Huawei-Schalldaemper-Blower-Cover-Huepfburgen-Geblaese-1.jpg\",\"width\":700,\"height\":700,\"caption\":\"Lyddemper \\\/ bl\u00e6serd\u00e6ksel til hoppeborg bl\u00e6sere | Dodo Inflatables\"},{\"@type\":\"BreadcrumbList\",\"@id\":\"https:\\\/\\\/dodo-inflatables.com\\\/da\\\/vare\\\/lyddemper-blaeserdaeksel-til-hoppeborg-blaesere\\\/#breadcrumb\",\"itemListElement\":[{\"@type\":\"ListItem\",\"position\":1,\"name\":\"Hjem\",\"item\":\"https:\\\/\\\/dodo-inflatables.com\\\/da\\\/\"},{\"@type\":\"ListItem\",\"position\":2,\"name\":\"Butik\",\"item\":\"https:\\\/\\\/dodo-inflatables.com\\\/da\\\/butik\\\/\"},{\"@type\":\"ListItem\",\"position\":3,\"name\":\"Lyddemper \\\/ bl\u00e6serd\u00e6ksel til hoppeborg bl\u00e6sere\"}]},{\"@type\":\"WebSite\",\"@id\":\"https:\\\/\\\/dodo-inflatables.com\\\/da\\\/#website\",\"url\":\"https:\\\/\\\/dodo-inflatables.com\\\/da\\\/\",\"name\":\"dodo-inflatables.com\",\"description\":\"K\u00f8b hoppeborge og attraktioner i vores butik.\",\"potentialAction\":[{\"@type\":\"SearchAction\",\"target\":{\"@type\":\"EntryPoint\",\"urlTemplate\":\"https:\\\/\\\/dodo-inflatables.com\\\/da\\\/?s={search_term_string}\"},\"query-input\":{\"@type\":\"PropertyValueSpecification\",\"valueRequired\":true,\"valueName\":\"search_term_string\"}}],\"inLanguage\":\"da-DK\"}]}<\/script>\n<!-- \/ Yoast SEO plugin. -->","yoast_head_json":{"title":"Lyddemper \/ bl\u00e6serd\u00e6ksel til hoppeborg bl\u00e6sere | Dodo Inflatables","description":"Lyddemper \/ bl\u00e6serd\u00e6ksel til hoppeborg bl\u00e6sere \u2013 i overensstemmelse med EN 14960-1:2019, brandbestandigt og vandafvisende, reducerer st\u00f8j. M\u00e5l ca. 50 \u00d7 63 \u00d7 54 cm, v\u00e6gt ca. 2,4 kg.","robots":{"index":"index","follow":"follow","max-snippet":"max-snippet:-1","max-image-preview":"max-image-preview:large","max-video-preview":"max-video-preview:-1"},"canonical":"https:\/\/dodo-inflatables.com\/da\/vare\/lyddemper-blaeserdaeksel-til-hoppeborg-blaesere\/","twitter_misc":{"Estimeret l\u00e6setid":"1 minut"},"schema":{"@context":"https:\/\/schema.org","@graph":[{"@type":"WebPage","@id":"https:\/\/dodo-inflatables.com\/da\/vare\/lyddemper-blaeserdaeksel-til-hoppeborg-blaesere\/","url":"https:\/\/dodo-inflatables.com\/da\/vare\/lyddemper-blaeserdaeksel-til-hoppeborg-blaesere\/","name":"Lyddemper \/ bl\u00e6serd\u00e6ksel til hoppeborg bl\u00e6sere | Dodo Inflatables","isPartOf":{"@id":"https:\/\/dodo-inflatables.com\/da\/#website"},"primaryImageOfPage":{"@id":"https:\/\/dodo-inflatables.com\/da\/vare\/lyddemper-blaeserdaeksel-til-hoppeborg-blaesere\/#primaryimage"},"image":{"@id":"https:\/\/dodo-inflatables.com\/da\/vare\/lyddemper-blaeserdaeksel-til-hoppeborg-blaesere\/#primaryimage"},"thumbnailUrl":"https:\/\/dodo-inflatables.com\/wp-content\/uploads\/2026\/04\/Huawei-Schalldaemper-Blower-Cover-Huepfburgen-Geblaese-1.jpg","datePublished":"2026-04-04T11:54:45+00:00","dateModified":"2026-05-01T08:44:56+00:00","description":"Lyddemper \/ bl\u00e6serd\u00e6ksel til hoppeborg bl\u00e6sere \u2013 i overensstemmelse med EN 14960-1:2019, brandbestandigt og vandafvisende, reducerer st\u00f8j. M\u00e5l ca. 50 \u00d7 63 \u00d7 54 cm, v\u00e6gt ca. 2,4 kg.","breadcrumb":{"@id":"https:\/\/dodo-inflatables.com\/da\/vare\/lyddemper-blaeserdaeksel-til-hoppeborg-blaesere\/#breadcrumb"},"inLanguage":"da-DK","potentialAction":[{"@type":"ReadAction","target":["https:\/\/dodo-inflatables.com\/da\/vare\/lyddemper-blaeserdaeksel-til-hoppeborg-blaesere\/"]}]},{"@type":"ImageObject","inLanguage":"da-DK","@id":"https:\/\/dodo-inflatables.com\/da\/vare\/lyddemper-blaeserdaeksel-til-hoppeborg-blaesere\/#primaryimage","url":"https:\/\/dodo-inflatables.com\/wp-content\/uploads\/2026\/04\/Huawei-Schalldaemper-Blower-Cover-Huepfburgen-Geblaese-1.jpg","contentUrl":"https:\/\/dodo-inflatables.com\/wp-content\/uploads\/2026\/04\/Huawei-Schalldaemper-Blower-Cover-Huepfburgen-Geblaese-1.jpg","width":700,"height":700,"caption":"Lyddemper \/ bl\u00e6serd\u00e6ksel til hoppeborg bl\u00e6sere | Dodo Inflatables"},{"@type":"BreadcrumbList","@id":"https:\/\/dodo-inflatables.com\/da\/vare\/lyddemper-blaeserdaeksel-til-hoppeborg-blaesere\/#breadcrumb","itemListElement":[{"@type":"ListItem","position":1,"name":"Hjem","item":"https:\/\/dodo-inflatables.com\/da\/"},{"@type":"ListItem","position":2,"name":"Butik","item":"https:\/\/dodo-inflatables.com\/da\/butik\/"},{"@type":"ListItem","position":3,"name":"Lyddemper \/ bl\u00e6serd\u00e6ksel til hoppeborg bl\u00e6sere"}]},{"@type":"WebSite","@id":"https:\/\/dodo-inflatables.com\/da\/#website","url":"https:\/\/dodo-inflatables.com\/da\/","name":"dodo-inflatables.com","description":"K\u00f8b hoppeborge og attraktioner i vores butik.","potentialAction":[{"@type":"SearchAction","target":{"@type":"EntryPoint","urlTemplate":"https:\/\/dodo-inflatables.com\/da\/?s={search_term_string}"},"query-input":{"@type":"PropertyValueSpecification","valueRequired":true,"valueName":"search_term_string"}}],"inLanguage":"da-DK"}]}},"uagb_featured_image_src":{"full":["https:\/\/dodo-inflatables.com\/wp-content\/uploads\/2026\/04\/Huawei-Schalldaemper-Blower-Cover-Huepfburgen-Geblaese-1.jpg",700,700,false],"thumbnail":["https:\/\/dodo-inflatables.com\/wp-content\/uploads\/2026\/04\/Huawei-Schalldaemper-Blower-Cover-Huepfburgen-Geblaese-1-150x150.jpg",150,150,true],"medium":["https:\/\/dodo-inflatables.com\/wp-content\/uploads\/2026\/04\/Huawei-Schalldaemper-Blower-Cover-Huepfburgen-Geblaese-1-300x300.jpg",300,300,true],"medium_large":["https:\/\/dodo-inflatables.com\/wp-content\/uploads\/2026\/04\/Huawei-Schalldaemper-Blower-Cover-Huepfburgen-Geblaese-1.jpg",700,700,false],"large":["https:\/\/dodo-inflatables.com\/wp-content\/uploads\/2026\/04\/Huawei-Schalldaemper-Blower-Cover-Huepfburgen-Geblaese-1.jpg",700,700,false],"1536x1536":["https:\/\/dodo-inflatables.com\/wp-content\/uploads\/2026\/04\/Huawei-Schalldaemper-Blower-Cover-Huepfburgen-Geblaese-1.jpg",700,700,false],"2048x2048":["https:\/\/dodo-inflatables.com\/wp-content\/uploads\/2026\/04\/Huawei-Schalldaemper-Blower-Cover-Huepfburgen-Geblaese-1.jpg",700,700,false],"woocommerce_thumbnail":["https:\/\/dodo-inflatables.com\/wp-content\/uploads\/2026\/04\/Huawei-Schalldaemper-Blower-Cover-Huepfburgen-Geblaese-1.jpg",700,700,false],"woocommerce_single":["https:\/\/dodo-inflatables.com\/wp-content\/uploads\/2026\/04\/Huawei-Schalldaemper-Blower-Cover-Huepfburgen-Geblaese-1.jpg",700,700,false],"woocommerce_gallery_thumbnail":["https:\/\/dodo-inflatables.com\/wp-content\/uploads\/2026\/04\/Huawei-Schalldaemper-Blower-Cover-Huepfburgen-Geblaese-1-100x100.jpg",100,100,true]},"uagb_author_info":{"display_name":"Andreas","author_link":"https:\/\/dodo-inflatables.com\/da\/author\/"},"uagb_comment_info":0,"uagb_excerpt":"M\u00e5l (L \u00d7 B \u00d7 H): ca. 50 \u00d7 63 \u00d7 54 cm V\u00e6gt: ca. 2,4 kg Pakkede m\u00e5l: ca. 50 \u00d7 100 \u00d7 15 cm","_links":{"self":[{"href":"https:\/\/dodo-inflatables.com\/da\/wp-json\/wp\/v2\/product\/105877","targetHints":{"allow":["GET"]}}],"collection":[{"href":"https:\/\/dodo-inflatables.com\/da\/wp-json\/wp\/v2\/product"}],"about":[{"href":"https:\/\/dodo-inflatables.com\/da\/wp-json\/wp\/v2\/types\/product"}],"replies":[{"embeddable":true,"href":"https:\/\/dodo-inflatables.com\/da\/wp-json\/wp\/v2\/comments?post=105877"}],"wp:featuredmedia":[{"embeddable":true,"href":"https:\/\/dodo-inflatables.com\/da\/wp-json\/wp\/v2\/media\/105872"}],"wp:attachment":[{"href":"https:\/\/dodo-inflatables.com\/da\/wp-json\/wp\/v2\/media?parent=105877"}],"wp:term":[{"taxonomy":"product_brand","embeddable":true,"href":"https:\/\/dodo-inflatables.com\/da\/wp-json\/wp\/v2\/product_brand?post=105877"},{"taxonomy":"product_cat","embeddable":true,"href":"https:\/\/dodo-inflatables.com\/da\/wp-json\/wp\/v2\/product_cat?post=105877"},{"taxonomy":"product_tag","embeddable":true,"href":"https:\/\/dodo-inflatables.com\/da\/wp-json\/wp\/v2\/product_tag?post=105877"}],"curies":[{"name":"wp","href":"https:\/\/api.w.org\/{rel}","templated":true}]}}