{"id":18059,"date":"2017-01-06T20:48:21","date_gmt":"2017-01-06T19:48:21","guid":{"rendered":"https:\/\/dodo-inflatables.com\/product\/sandsaek-til-vaegtning\/"},"modified":"2024-07-17T15:13:02","modified_gmt":"2024-07-17T13:13:02","slug":"sandsaek-til-vaegtning","status":"publish","type":"product","link":"https:\/\/dodo-inflatables.com\/da\/vare\/sandsaek-til-vaegtning\/","title":{"rendered":"Sands\u00e6k til v\u00e6gtning"},"content":{"rendered":"<h2>K\u00f8b en sands\u00e6k til at tynge gummib\u00e5de ned med<\/h2>\n<p>Vores sands\u00e6kke er en god m\u00e5de at tynge oppustelige moduler og hoppeborge ned p\u00e5, hvis man ikke kan bruge pl\u00f8kker p\u00e5 grund af underlaget. Fyld blot sands\u00e6kkene med sand eller lignende materiale p\u00e5 forh\u00e5nd eller p\u00e5 stedet, og s\u00e6t dem fast p\u00e5 gummib\u00e5den ved hj\u00e6lp af D-ringene.<\/p>\n<h4>Detaljer om sands\u00e6kkene<\/h4>\n<ul>\n<li>M\u00e5l (L x B): ca. 50 cm x 50 cm<\/li>\n<\/ul>\n<p>Pris pr. sands\u00e6k.<\/p>\n","protected":false},"excerpt":{"rendered":"<ul>\n<li>Sands\u00e6k til at tynge gummib\u00e5de ned<\/li>\n<li>Professionelt modul &#8211; velegnet til kommerciel og privat brug<\/li>\n<\/ul>\n","protected":false},"featured_media":18060,"comment_status":"open","ping_status":"closed","template":"","meta":{"_acf_changed":false,"_uag_custom_page_level_css":"","site-sidebar-layout":"default","site-content-layout":"boxed-container","ast-site-content-layout":"normal-width-container","site-content-style":"boxed","site-sidebar-style":"boxed","ast-global-header-display":"","ast-banner-title-visibility":"","ast-main-header-display":"","ast-hfb-above-header-display":"","ast-hfb-below-header-display":"","ast-hfb-mobile-header-display":"","site-post-title":"disabled","ast-breadcrumbs-content":"","ast-featured-img":"","footer-sml-layout":"","ast-disable-related-posts":"","theme-transparent-header-meta":"default","adv-header-id-meta":"","stick-header-meta":"default","header-above-stick-meta":"","header-main-stick-meta":"","header-below-stick-meta":"","astra-migrate-meta-layouts":"default","ast-page-background-enabled":"default","ast-page-background-meta":{"desktop":{"background-color":"var(--ast-global-color-4)","background-image":"","background-repeat":"repeat","background-position":"center center","background-size":"auto","background-attachment":"scroll","background-type":"","background-media":"","overlay-type":"","overlay-color":"","overlay-opacity":"","overlay-gradient":""},"tablet":{"background-color":"","background-image":"","background-repeat":"repeat","background-position":"center center","background-size":"auto","background-attachment":"scroll","background-type":"","background-media":"","overlay-type":"","overlay-color":"","overlay-opacity":"","overlay-gradient":""},"mobile":{"background-color":"","background-image":"","background-repeat":"repeat","background-position":"center center","background-size":"auto","background-attachment":"scroll","background-type":"","background-media":"","overlay-type":"","overlay-color":"","overlay-opacity":"","overlay-gradient":""}},"ast-content-background-meta":{"desktop":{"background-color":"var(--ast-global-color-5)","background-image":"","background-repeat":"repeat","background-position":"center center","background-size":"auto","background-attachment":"scroll","background-type":"","background-media":"","overlay-type":"","overlay-color":"","overlay-opacity":"","overlay-gradient":""},"tablet":{"background-color":"var(--ast-global-color-5)","background-image":"","background-repeat":"repeat","background-position":"center center","background-size":"auto","background-attachment":"scroll","background-type":"","background-media":"","overlay-type":"","overlay-color":"","overlay-opacity":"","overlay-gradient":""},"mobile":{"background-color":"var(--ast-global-color-5)","background-image":"","background-repeat":"repeat","background-position":"center center","background-size":"auto","background-attachment":"scroll","background-type":"","background-media":"","overlay-type":"","overlay-color":"","overlay-opacity":"","overlay-gradient":""}}},"product_brand":[],"product_cat":[2068],"product_tag":[],"class_list":{"0":"post-18059","1":"product","2":"type-product","3":"status-publish","4":"has-post-thumbnail","6":"product_cat-tilbehor","7":"product_shipping_class-tilbehor","8":"desktop-align-center","9":"tablet-align-center","10":"mobile-align-center","11":"ast-product-gallery-layout-horizontal","12":"ast-product-gallery-with-no-image","13":"ast-product-tabs-layout-horizontal","15":"first","16":"outofstock","17":"taxable","18":"shipping-taxable","19":"purchasable","20":"product-type-simple"},"acf":[],"yoast_head":"<!-- This site is optimized with the Yoast SEO plugin v27.3 - https:\/\/yoast.com\/product\/yoast-seo-wordpress\/ -->\n<title>K\u00f8b sands\u00e6kke til v\u00e6gtning af gummib\u00e5de | Dodo-Inflatables.com<\/title>\n<meta name=\"description\" content=\"K\u00f8b praktiske sands\u00e6kke til at tynge gummib\u00e5de ned direkte online hos Dodo-Inflatables.com | Stort udvalg p\u00e5 lager | Certificeret i henhold til EN14960 |.\" \/>\n<meta name=\"robots\" content=\"index, follow, max-snippet:-1, max-image-preview:large, max-video-preview:-1\" \/>\n<link rel=\"canonical\" href=\"https:\/\/dodo-inflatables.com\/da\/vare\/sandsaek-til-vaegtning\/\" \/>\n<script type=\"application\/ld+json\" class=\"yoast-schema-graph\">{\"@context\":\"https:\\\/\\\/schema.org\",\"@graph\":[{\"@type\":\"WebPage\",\"@id\":\"https:\\\/\\\/dodo-inflatables.com\\\/da\\\/vare\\\/sandsaek-til-vaegtning\\\/\",\"url\":\"https:\\\/\\\/dodo-inflatables.com\\\/da\\\/vare\\\/sandsaek-til-vaegtning\\\/\",\"name\":\"K\u00f8b sands\u00e6kke til v\u00e6gtning af gummib\u00e5de | Dodo-Inflatables.com\",\"isPartOf\":{\"@id\":\"https:\\\/\\\/dodo-inflatables.com\\\/da\\\/#website\"},\"primaryImageOfPage\":{\"@id\":\"https:\\\/\\\/dodo-inflatables.com\\\/da\\\/vare\\\/sandsaek-til-vaegtning\\\/#primaryimage\"},\"image\":{\"@id\":\"https:\\\/\\\/dodo-inflatables.com\\\/da\\\/vare\\\/sandsaek-til-vaegtning\\\/#primaryimage\"},\"thumbnailUrl\":\"https:\\\/\\\/dodo-inflatables.com\\\/wp-content\\\/uploads\\\/2017\\\/01\\\/sandsack-beschwerung-hupfburg-kaufen.png\",\"datePublished\":\"2017-01-06T19:48:21+00:00\",\"dateModified\":\"2024-07-17T13:13:02+00:00\",\"description\":\"K\u00f8b praktiske sands\u00e6kke til at tynge gummib\u00e5de ned direkte online hos Dodo-Inflatables.com | Stort udvalg p\u00e5 lager | Certificeret i henhold til EN14960 |.\",\"breadcrumb\":{\"@id\":\"https:\\\/\\\/dodo-inflatables.com\\\/da\\\/vare\\\/sandsaek-til-vaegtning\\\/#breadcrumb\"},\"inLanguage\":\"da-DK\",\"potentialAction\":[{\"@type\":\"ReadAction\",\"target\":[\"https:\\\/\\\/dodo-inflatables.com\\\/da\\\/vare\\\/sandsaek-til-vaegtning\\\/\"]}]},{\"@type\":\"ImageObject\",\"inLanguage\":\"da-DK\",\"@id\":\"https:\\\/\\\/dodo-inflatables.com\\\/da\\\/vare\\\/sandsaek-til-vaegtning\\\/#primaryimage\",\"url\":\"https:\\\/\\\/dodo-inflatables.com\\\/wp-content\\\/uploads\\\/2017\\\/01\\\/sandsack-beschwerung-hupfburg-kaufen.png\",\"contentUrl\":\"https:\\\/\\\/dodo-inflatables.com\\\/wp-content\\\/uploads\\\/2017\\\/01\\\/sandsack-beschwerung-hupfburg-kaufen.png\",\"width\":600,\"height\":500},{\"@type\":\"BreadcrumbList\",\"@id\":\"https:\\\/\\\/dodo-inflatables.com\\\/da\\\/vare\\\/sandsaek-til-vaegtning\\\/#breadcrumb\",\"itemListElement\":[{\"@type\":\"ListItem\",\"position\":1,\"name\":\"Hjem\",\"item\":\"https:\\\/\\\/dodo-inflatables.com\\\/da\\\/\"},{\"@type\":\"ListItem\",\"position\":2,\"name\":\"Butik\",\"item\":\"https:\\\/\\\/dodo-inflatables.com\\\/da\\\/?page_id=16802\"},{\"@type\":\"ListItem\",\"position\":3,\"name\":\"Sands\u00e6k til v\u00e6gtning\"}]},{\"@type\":\"WebSite\",\"@id\":\"https:\\\/\\\/dodo-inflatables.com\\\/da\\\/#website\",\"url\":\"https:\\\/\\\/dodo-inflatables.com\\\/da\\\/\",\"name\":\"dodo-inflatables.com\",\"description\":\"K\u00f8b hoppeborge og attraktioner i vores butik.\",\"publisher\":{\"@id\":\"https:\\\/\\\/dodo-inflatables.com\\\/da\\\/#organization\"},\"potentialAction\":[{\"@type\":\"SearchAction\",\"target\":{\"@type\":\"EntryPoint\",\"urlTemplate\":\"https:\\\/\\\/dodo-inflatables.com\\\/da\\\/?s={search_term_string}\"},\"query-input\":{\"@type\":\"PropertyValueSpecification\",\"valueRequired\":true,\"valueName\":\"search_term_string\"}}],\"inLanguage\":\"da-DK\"},{\"@type\":\"Organization\",\"@id\":\"https:\\\/\\\/dodo-inflatables.com\\\/da\\\/#organization\",\"name\":\"dodo-inflatables.com\",\"url\":\"https:\\\/\\\/dodo-inflatables.com\\\/da\\\/\",\"logo\":{\"@type\":\"ImageObject\",\"inLanguage\":\"da-DK\",\"@id\":\"https:\\\/\\\/dodo-inflatables.com\\\/da\\\/#\\\/schema\\\/logo\\\/image\\\/\",\"url\":\"https:\\\/\\\/dodo-inflatables.com\\\/wp-content\\\/uploads\\\/2023\\\/04\\\/cropped-cropped-cropped-Dodo-Logo.png\",\"contentUrl\":\"https:\\\/\\\/dodo-inflatables.com\\\/wp-content\\\/uploads\\\/2023\\\/04\\\/cropped-cropped-cropped-Dodo-Logo.png\",\"width\":2996,\"height\":1545,\"caption\":\"dodo-inflatables.com\"},\"image\":{\"@id\":\"https:\\\/\\\/dodo-inflatables.com\\\/da\\\/#\\\/schema\\\/logo\\\/image\\\/\"}}]}<\/script>\n<!-- \/ Yoast SEO plugin. -->","yoast_head_json":{"title":"K\u00f8b sands\u00e6kke til v\u00e6gtning af gummib\u00e5de | Dodo-Inflatables.com","description":"K\u00f8b praktiske sands\u00e6kke til at tynge gummib\u00e5de ned direkte online hos Dodo-Inflatables.com | Stort udvalg p\u00e5 lager | Certificeret i henhold til EN14960 |.","robots":{"index":"index","follow":"follow","max-snippet":"max-snippet:-1","max-image-preview":"max-image-preview:large","max-video-preview":"max-video-preview:-1"},"canonical":"https:\/\/dodo-inflatables.com\/da\/vare\/sandsaek-til-vaegtning\/","schema":{"@context":"https:\/\/schema.org","@graph":[{"@type":"WebPage","@id":"https:\/\/dodo-inflatables.com\/da\/vare\/sandsaek-til-vaegtning\/","url":"https:\/\/dodo-inflatables.com\/da\/vare\/sandsaek-til-vaegtning\/","name":"K\u00f8b sands\u00e6kke til v\u00e6gtning af gummib\u00e5de | Dodo-Inflatables.com","isPartOf":{"@id":"https:\/\/dodo-inflatables.com\/da\/#website"},"primaryImageOfPage":{"@id":"https:\/\/dodo-inflatables.com\/da\/vare\/sandsaek-til-vaegtning\/#primaryimage"},"image":{"@id":"https:\/\/dodo-inflatables.com\/da\/vare\/sandsaek-til-vaegtning\/#primaryimage"},"thumbnailUrl":"https:\/\/dodo-inflatables.com\/wp-content\/uploads\/2017\/01\/sandsack-beschwerung-hupfburg-kaufen.png","datePublished":"2017-01-06T19:48:21+00:00","dateModified":"2024-07-17T13:13:02+00:00","description":"K\u00f8b praktiske sands\u00e6kke til at tynge gummib\u00e5de ned direkte online hos Dodo-Inflatables.com | Stort udvalg p\u00e5 lager | Certificeret i henhold til EN14960 |.","breadcrumb":{"@id":"https:\/\/dodo-inflatables.com\/da\/vare\/sandsaek-til-vaegtning\/#breadcrumb"},"inLanguage":"da-DK","potentialAction":[{"@type":"ReadAction","target":["https:\/\/dodo-inflatables.com\/da\/vare\/sandsaek-til-vaegtning\/"]}]},{"@type":"ImageObject","inLanguage":"da-DK","@id":"https:\/\/dodo-inflatables.com\/da\/vare\/sandsaek-til-vaegtning\/#primaryimage","url":"https:\/\/dodo-inflatables.com\/wp-content\/uploads\/2017\/01\/sandsack-beschwerung-hupfburg-kaufen.png","contentUrl":"https:\/\/dodo-inflatables.com\/wp-content\/uploads\/2017\/01\/sandsack-beschwerung-hupfburg-kaufen.png","width":600,"height":500},{"@type":"BreadcrumbList","@id":"https:\/\/dodo-inflatables.com\/da\/vare\/sandsaek-til-vaegtning\/#breadcrumb","itemListElement":[{"@type":"ListItem","position":1,"name":"Hjem","item":"https:\/\/dodo-inflatables.com\/da\/"},{"@type":"ListItem","position":2,"name":"Butik","item":"https:\/\/dodo-inflatables.com\/da\/?page_id=16802"},{"@type":"ListItem","position":3,"name":"Sands\u00e6k til v\u00e6gtning"}]},{"@type":"WebSite","@id":"https:\/\/dodo-inflatables.com\/da\/#website","url":"https:\/\/dodo-inflatables.com\/da\/","name":"dodo-inflatables.com","description":"K\u00f8b hoppeborge og attraktioner i vores butik.","publisher":{"@id":"https:\/\/dodo-inflatables.com\/da\/#organization"},"potentialAction":[{"@type":"SearchAction","target":{"@type":"EntryPoint","urlTemplate":"https:\/\/dodo-inflatables.com\/da\/?s={search_term_string}"},"query-input":{"@type":"PropertyValueSpecification","valueRequired":true,"valueName":"search_term_string"}}],"inLanguage":"da-DK"},{"@type":"Organization","@id":"https:\/\/dodo-inflatables.com\/da\/#organization","name":"dodo-inflatables.com","url":"https:\/\/dodo-inflatables.com\/da\/","logo":{"@type":"ImageObject","inLanguage":"da-DK","@id":"https:\/\/dodo-inflatables.com\/da\/#\/schema\/logo\/image\/","url":"https:\/\/dodo-inflatables.com\/wp-content\/uploads\/2023\/04\/cropped-cropped-cropped-Dodo-Logo.png","contentUrl":"https:\/\/dodo-inflatables.com\/wp-content\/uploads\/2023\/04\/cropped-cropped-cropped-Dodo-Logo.png","width":2996,"height":1545,"caption":"dodo-inflatables.com"},"image":{"@id":"https:\/\/dodo-inflatables.com\/da\/#\/schema\/logo\/image\/"}}]}},"uagb_featured_image_src":{"full":["https:\/\/dodo-inflatables.com\/wp-content\/uploads\/2017\/01\/sandsack-beschwerung-hupfburg-kaufen.png",600,500,false],"thumbnail":["https:\/\/dodo-inflatables.com\/wp-content\/uploads\/2017\/01\/sandsack-beschwerung-hupfburg-kaufen-150x150.png",150,150,true],"medium":["https:\/\/dodo-inflatables.com\/wp-content\/uploads\/2017\/01\/sandsack-beschwerung-hupfburg-kaufen-300x250.png",300,250,true],"medium_large":["https:\/\/dodo-inflatables.com\/wp-content\/uploads\/2017\/01\/sandsack-beschwerung-hupfburg-kaufen.png",600,500,false],"large":["https:\/\/dodo-inflatables.com\/wp-content\/uploads\/2017\/01\/sandsack-beschwerung-hupfburg-kaufen.png",600,500,false],"1536x1536":["https:\/\/dodo-inflatables.com\/wp-content\/uploads\/2017\/01\/sandsack-beschwerung-hupfburg-kaufen.png",600,500,false],"2048x2048":["https:\/\/dodo-inflatables.com\/wp-content\/uploads\/2017\/01\/sandsack-beschwerung-hupfburg-kaufen.png",600,500,false],"woocommerce_thumbnail":["https:\/\/dodo-inflatables.com\/wp-content\/uploads\/2017\/01\/sandsack-beschwerung-hupfburg-kaufen.png",600,500,false],"woocommerce_single":["https:\/\/dodo-inflatables.com\/wp-content\/uploads\/2017\/01\/sandsack-beschwerung-hupfburg-kaufen.png",600,500,false],"woocommerce_gallery_thumbnail":["https:\/\/dodo-inflatables.com\/wp-content\/uploads\/2017\/01\/sandsack-beschwerung-hupfburg-kaufen-100x100.png",100,100,true]},"uagb_author_info":{"display_name":"Andreas","author_link":"https:\/\/dodo-inflatables.com\/da\/author\/"},"uagb_comment_info":0,"uagb_excerpt":"Sands\u00e6k til at tynge gummib\u00e5de ned Professionelt modul - velegnet til kommerciel og privat brug","_links":{"self":[{"href":"https:\/\/dodo-inflatables.com\/da\/wp-json\/wp\/v2\/product\/18059","targetHints":{"allow":["GET"]}}],"collection":[{"href":"https:\/\/dodo-inflatables.com\/da\/wp-json\/wp\/v2\/product"}],"about":[{"href":"https:\/\/dodo-inflatables.com\/da\/wp-json\/wp\/v2\/types\/product"}],"replies":[{"embeddable":true,"href":"https:\/\/dodo-inflatables.com\/da\/wp-json\/wp\/v2\/comments?post=18059"}],"wp:featuredmedia":[{"embeddable":true,"href":"https:\/\/dodo-inflatables.com\/da\/wp-json\/wp\/v2\/media\/18060"}],"wp:attachment":[{"href":"https:\/\/dodo-inflatables.com\/da\/wp-json\/wp\/v2\/media?parent=18059"}],"wp:term":[{"taxonomy":"product_brand","embeddable":true,"href":"https:\/\/dodo-inflatables.com\/da\/wp-json\/wp\/v2\/product_brand?post=18059"},{"taxonomy":"product_cat","embeddable":true,"href":"https:\/\/dodo-inflatables.com\/da\/wp-json\/wp\/v2\/product_cat?post=18059"},{"taxonomy":"product_tag","embeddable":true,"href":"https:\/\/dodo-inflatables.com\/da\/wp-json\/wp\/v2\/product_tag?post=18059"}],"curies":[{"name":"wp","href":"https:\/\/api.w.org\/{rel}","templated":true}]}}