{"id":18089,"date":"2017-01-06T20:41:52","date_gmt":"2017-01-06T19:41:52","guid":{"rendered":"https:\/\/dodo-inflatables.com\/product\/gibbons-blaeser-fp5005-15-hk\/"},"modified":"2026-02-04T15:43:42","modified_gmt":"2026-02-04T14:43:42","slug":"gibbons-blaeser-fp5005-15-hk","status":"publish","type":"product","link":"https:\/\/dodo-inflatables.com\/da\/vare\/gibbons-blaeser-fp5005-15-hk\/","title":{"rendered":"Gibbons-bl\u00e6ser FP5005 &#8211; 1,5 hk"},"content":{"rendered":"<h2>K\u00f8b Gibbons Bouncy Castle Blower<\/h2>\n<p>Gibbons Bouncy Castle Blower er en \u00e6gte klassiker &#8211; robust og holdbar.<\/p>\n<p><strong>Robust metalhus:<\/strong> Bl\u00e6seren er indkapslet i et holdbart metalhus, der sikrer lang levetid og beskyttelse mod slitage.<\/p>\n<p><strong>Kraftig luftgennemstr\u00f8mning:<\/strong> Den er konstrueret til optimal luftgennemstr\u00f8mning og puster din hoppeborg op hurtigt og effektivt og opretholder konstant det perfekte lufttryk.<\/p>\n<p><strong>Alsidig kompatibilitet:<\/strong> Velegnet til forskellige oppustelige konstruktioner, fra hoppeborge til oppustelige rutsjebaner og meget mere.<\/p>\n<h3><strong>Detaljer om hoppeborgsbl\u00e6seren<\/strong><\/h3>\n<ul>\n<li>Materiale: St\u00e5lhus, tragt af h\u00e5rd plast.<\/li>\n<li>Effekt: 1,1 kW (udgang), 1,68 kW (indgang), 1,5 HK<\/li>\n<li>Tilslutning: Schuko-stik<\/li>\n<li>Tragtdiameter: 21,5 cm<\/li>\n<li>Dimensioner: 41 x 22 x 53 cm<\/li>\n<li>V\u00e6gt: 16,6 kg<\/li>\n<li>Lydstyrke: 83 dB<\/li>\n<li>WEEE Reg. Nej. DE 82972723<\/li>\n<\/ul>\n<p>P\u00e5 grund af bl\u00e6serens kompakte og firkantede design kan den nemt stables og opbevares. Med en tragtst\u00f8rrelse p\u00e5 21,5 cm er Gibbons Bouncy Castle Blower ikke kun velegnet til hoppeborge, men ogs\u00e5 til eventmoduler og andre oppustelige forlystelser som m\u00e5lv\u00e6gge, k\u00e6mpe rutsjebaner osv. Alle varer, der tilbydes i vores butik, passer perfekt til denne bl\u00e6ser.<\/p>\n","protected":false},"excerpt":{"rendered":"<ul>\n<li>Gibbons hoppeborgsbl\u00e6ser 1,1 KW FP5005<\/li>\n<li>Velegnet til alle tilbudte hoppeborge og eventmoduler<\/li>\n<li>Professionel kvalitet &#8211; velegnet til kommerciel og privat brug<\/li>\n<\/ul>\n","protected":false},"featured_media":18090,"comment_status":"open","ping_status":"closed","template":"","meta":{"_acf_changed":false,"_uag_custom_page_level_css":"","site-sidebar-layout":"default","site-content-layout":"boxed-container","ast-site-content-layout":"normal-width-container","site-content-style":"boxed","site-sidebar-style":"boxed","ast-global-header-display":"","ast-banner-title-visibility":"","ast-main-header-display":"","ast-hfb-above-header-display":"","ast-hfb-below-header-display":"","ast-hfb-mobile-header-display":"","site-post-title":"disabled","ast-breadcrumbs-content":"","ast-featured-img":"","footer-sml-layout":"","ast-disable-related-posts":"","theme-transparent-header-meta":"default","adv-header-id-meta":"","stick-header-meta":"default","header-above-stick-meta":"","header-main-stick-meta":"","header-below-stick-meta":"","astra-migrate-meta-layouts":"default","ast-page-background-enabled":"default","ast-page-background-meta":{"desktop":{"background-color":"var(--ast-global-color-4)","background-image":"","background-repeat":"repeat","background-position":"center center","background-size":"auto","background-attachment":"scroll","background-type":"","background-media":"","overlay-type":"","overlay-color":"","overlay-opacity":"","overlay-gradient":""},"tablet":{"background-color":"","background-image":"","background-repeat":"repeat","background-position":"center center","background-size":"auto","background-attachment":"scroll","background-type":"","background-media":"","overlay-type":"","overlay-color":"","overlay-opacity":"","overlay-gradient":""},"mobile":{"background-color":"","background-image":"","background-repeat":"repeat","background-position":"center center","background-size":"auto","background-attachment":"scroll","background-type":"","background-media":"","overlay-type":"","overlay-color":"","overlay-opacity":"","overlay-gradient":""}},"ast-content-background-meta":{"desktop":{"background-color":"var(--ast-global-color-5)","background-image":"","background-repeat":"repeat","background-position":"center center","background-size":"auto","background-attachment":"scroll","background-type":"","background-media":"","overlay-type":"","overlay-color":"","overlay-opacity":"","overlay-gradient":""},"tablet":{"background-color":"var(--ast-global-color-5)","background-image":"","background-repeat":"repeat","background-position":"center center","background-size":"auto","background-attachment":"scroll","background-type":"","background-media":"","overlay-type":"","overlay-color":"","overlay-opacity":"","overlay-gradient":""},"mobile":{"background-color":"var(--ast-global-color-5)","background-image":"","background-repeat":"repeat","background-position":"center center","background-size":"auto","background-attachment":"scroll","background-type":"","background-media":"","overlay-type":"","overlay-color":"","overlay-opacity":"","overlay-gradient":""}}},"product_brand":[],"product_cat":[2068],"product_tag":[],"class_list":{"0":"post-18089","1":"product","2":"type-product","3":"status-publish","4":"has-post-thumbnail","6":"product_cat-tilbehor","7":"product_shipping_class-tilbehor","8":"desktop-align-center","9":"tablet-align-center","10":"mobile-align-center","11":"ast-product-gallery-layout-horizontal","12":"ast-product-gallery-with-no-image","13":"ast-product-tabs-layout-horizontal","15":"first","16":"instock","17":"taxable","18":"shipping-taxable","19":"purchasable","20":"product-type-simple"},"acf":[],"yoast_head":"<!-- This site is optimized with the Yoast SEO plugin v27.3 - https:\/\/yoast.com\/product\/yoast-seo-wordpress\/ -->\n<title>K\u00f8b Gibbons bl\u00e6sere til hoppeborge | Dodo-Inflatables.com<\/title>\n<meta name=\"description\" content=\"K\u00f8b billige Gibbons 1,1KW bl\u00e6sere til hoppeborge p\u00e5 Dodo-Inflatables.com! | Fair priser | Altid p\u00e5 lager | Hurtig levering!\" \/>\n<meta name=\"robots\" content=\"index, follow, max-snippet:-1, max-image-preview:large, max-video-preview:-1\" \/>\n<link rel=\"canonical\" href=\"https:\/\/dodo-inflatables.com\/da\/vare\/gibbons-blaeser-fp5005-15-hk\/\" \/>\n<meta name=\"twitter:label1\" content=\"Estimeret l\u00e6setid\" \/>\n\t<meta name=\"twitter:data1\" content=\"1 minut\" \/>\n<script type=\"application\/ld+json\" class=\"yoast-schema-graph\">{\"@context\":\"https:\\\/\\\/schema.org\",\"@graph\":[{\"@type\":\"WebPage\",\"@id\":\"https:\\\/\\\/dodo-inflatables.com\\\/da\\\/vare\\\/gibbons-blaeser-fp5005-15-hk\\\/\",\"url\":\"https:\\\/\\\/dodo-inflatables.com\\\/da\\\/vare\\\/gibbons-blaeser-fp5005-15-hk\\\/\",\"name\":\"K\u00f8b Gibbons bl\u00e6sere til hoppeborge | Dodo-Inflatables.com\",\"isPartOf\":{\"@id\":\"https:\\\/\\\/dodo-inflatables.com\\\/da\\\/#website\"},\"primaryImageOfPage\":{\"@id\":\"https:\\\/\\\/dodo-inflatables.com\\\/da\\\/vare\\\/gibbons-blaeser-fp5005-15-hk\\\/#primaryimage\"},\"image\":{\"@id\":\"https:\\\/\\\/dodo-inflatables.com\\\/da\\\/vare\\\/gibbons-blaeser-fp5005-15-hk\\\/#primaryimage\"},\"thumbnailUrl\":\"https:\\\/\\\/dodo-inflatables.com\\\/wp-content\\\/uploads\\\/2017\\\/01\\\/gibbons-geblase-metallgehause-fur-hupfburg-kaufen-500.png\",\"datePublished\":\"2017-01-06T19:41:52+00:00\",\"dateModified\":\"2026-02-04T14:43:42+00:00\",\"description\":\"K\u00f8b billige Gibbons 1,1KW bl\u00e6sere til hoppeborge p\u00e5 Dodo-Inflatables.com! | Fair priser | Altid p\u00e5 lager | Hurtig levering!\",\"breadcrumb\":{\"@id\":\"https:\\\/\\\/dodo-inflatables.com\\\/da\\\/vare\\\/gibbons-blaeser-fp5005-15-hk\\\/#breadcrumb\"},\"inLanguage\":\"da-DK\",\"potentialAction\":[{\"@type\":\"ReadAction\",\"target\":[\"https:\\\/\\\/dodo-inflatables.com\\\/da\\\/vare\\\/gibbons-blaeser-fp5005-15-hk\\\/\"]}]},{\"@type\":\"ImageObject\",\"inLanguage\":\"da-DK\",\"@id\":\"https:\\\/\\\/dodo-inflatables.com\\\/da\\\/vare\\\/gibbons-blaeser-fp5005-15-hk\\\/#primaryimage\",\"url\":\"https:\\\/\\\/dodo-inflatables.com\\\/wp-content\\\/uploads\\\/2017\\\/01\\\/gibbons-geblase-metallgehause-fur-hupfburg-kaufen-500.png\",\"contentUrl\":\"https:\\\/\\\/dodo-inflatables.com\\\/wp-content\\\/uploads\\\/2017\\\/01\\\/gibbons-geblase-metallgehause-fur-hupfburg-kaufen-500.png\",\"width\":500,\"height\":500},{\"@type\":\"BreadcrumbList\",\"@id\":\"https:\\\/\\\/dodo-inflatables.com\\\/da\\\/vare\\\/gibbons-blaeser-fp5005-15-hk\\\/#breadcrumb\",\"itemListElement\":[{\"@type\":\"ListItem\",\"position\":1,\"name\":\"Hjem\",\"item\":\"https:\\\/\\\/dodo-inflatables.com\\\/da\\\/\"},{\"@type\":\"ListItem\",\"position\":2,\"name\":\"Butik\",\"item\":\"https:\\\/\\\/dodo-inflatables.com\\\/da\\\/?page_id=16802\"},{\"@type\":\"ListItem\",\"position\":3,\"name\":\"Gibbons-bl\u00e6ser FP5005 &#8211; 1,5 hk\"}]},{\"@type\":\"WebSite\",\"@id\":\"https:\\\/\\\/dodo-inflatables.com\\\/da\\\/#website\",\"url\":\"https:\\\/\\\/dodo-inflatables.com\\\/da\\\/\",\"name\":\"dodo-inflatables.com\",\"description\":\"K\u00f8b hoppeborge og attraktioner i vores butik.\",\"publisher\":{\"@id\":\"https:\\\/\\\/dodo-inflatables.com\\\/da\\\/#organization\"},\"potentialAction\":[{\"@type\":\"SearchAction\",\"target\":{\"@type\":\"EntryPoint\",\"urlTemplate\":\"https:\\\/\\\/dodo-inflatables.com\\\/da\\\/?s={search_term_string}\"},\"query-input\":{\"@type\":\"PropertyValueSpecification\",\"valueRequired\":true,\"valueName\":\"search_term_string\"}}],\"inLanguage\":\"da-DK\"},{\"@type\":\"Organization\",\"@id\":\"https:\\\/\\\/dodo-inflatables.com\\\/da\\\/#organization\",\"name\":\"dodo-inflatables.com\",\"url\":\"https:\\\/\\\/dodo-inflatables.com\\\/da\\\/\",\"logo\":{\"@type\":\"ImageObject\",\"inLanguage\":\"da-DK\",\"@id\":\"https:\\\/\\\/dodo-inflatables.com\\\/da\\\/#\\\/schema\\\/logo\\\/image\\\/\",\"url\":\"https:\\\/\\\/dodo-inflatables.com\\\/wp-content\\\/uploads\\\/2023\\\/04\\\/cropped-cropped-cropped-Dodo-Logo.png\",\"contentUrl\":\"https:\\\/\\\/dodo-inflatables.com\\\/wp-content\\\/uploads\\\/2023\\\/04\\\/cropped-cropped-cropped-Dodo-Logo.png\",\"width\":2996,\"height\":1545,\"caption\":\"dodo-inflatables.com\"},\"image\":{\"@id\":\"https:\\\/\\\/dodo-inflatables.com\\\/da\\\/#\\\/schema\\\/logo\\\/image\\\/\"}}]}<\/script>\n<!-- \/ Yoast SEO plugin. -->","yoast_head_json":{"title":"K\u00f8b Gibbons bl\u00e6sere til hoppeborge | Dodo-Inflatables.com","description":"K\u00f8b billige Gibbons 1,1KW bl\u00e6sere til hoppeborge p\u00e5 Dodo-Inflatables.com! | Fair priser | Altid p\u00e5 lager | Hurtig levering!","robots":{"index":"index","follow":"follow","max-snippet":"max-snippet:-1","max-image-preview":"max-image-preview:large","max-video-preview":"max-video-preview:-1"},"canonical":"https:\/\/dodo-inflatables.com\/da\/vare\/gibbons-blaeser-fp5005-15-hk\/","twitter_misc":{"Estimeret l\u00e6setid":"1 minut"},"schema":{"@context":"https:\/\/schema.org","@graph":[{"@type":"WebPage","@id":"https:\/\/dodo-inflatables.com\/da\/vare\/gibbons-blaeser-fp5005-15-hk\/","url":"https:\/\/dodo-inflatables.com\/da\/vare\/gibbons-blaeser-fp5005-15-hk\/","name":"K\u00f8b Gibbons bl\u00e6sere til hoppeborge | Dodo-Inflatables.com","isPartOf":{"@id":"https:\/\/dodo-inflatables.com\/da\/#website"},"primaryImageOfPage":{"@id":"https:\/\/dodo-inflatables.com\/da\/vare\/gibbons-blaeser-fp5005-15-hk\/#primaryimage"},"image":{"@id":"https:\/\/dodo-inflatables.com\/da\/vare\/gibbons-blaeser-fp5005-15-hk\/#primaryimage"},"thumbnailUrl":"https:\/\/dodo-inflatables.com\/wp-content\/uploads\/2017\/01\/gibbons-geblase-metallgehause-fur-hupfburg-kaufen-500.png","datePublished":"2017-01-06T19:41:52+00:00","dateModified":"2026-02-04T14:43:42+00:00","description":"K\u00f8b billige Gibbons 1,1KW bl\u00e6sere til hoppeborge p\u00e5 Dodo-Inflatables.com! | Fair priser | Altid p\u00e5 lager | Hurtig levering!","breadcrumb":{"@id":"https:\/\/dodo-inflatables.com\/da\/vare\/gibbons-blaeser-fp5005-15-hk\/#breadcrumb"},"inLanguage":"da-DK","potentialAction":[{"@type":"ReadAction","target":["https:\/\/dodo-inflatables.com\/da\/vare\/gibbons-blaeser-fp5005-15-hk\/"]}]},{"@type":"ImageObject","inLanguage":"da-DK","@id":"https:\/\/dodo-inflatables.com\/da\/vare\/gibbons-blaeser-fp5005-15-hk\/#primaryimage","url":"https:\/\/dodo-inflatables.com\/wp-content\/uploads\/2017\/01\/gibbons-geblase-metallgehause-fur-hupfburg-kaufen-500.png","contentUrl":"https:\/\/dodo-inflatables.com\/wp-content\/uploads\/2017\/01\/gibbons-geblase-metallgehause-fur-hupfburg-kaufen-500.png","width":500,"height":500},{"@type":"BreadcrumbList","@id":"https:\/\/dodo-inflatables.com\/da\/vare\/gibbons-blaeser-fp5005-15-hk\/#breadcrumb","itemListElement":[{"@type":"ListItem","position":1,"name":"Hjem","item":"https:\/\/dodo-inflatables.com\/da\/"},{"@type":"ListItem","position":2,"name":"Butik","item":"https:\/\/dodo-inflatables.com\/da\/?page_id=16802"},{"@type":"ListItem","position":3,"name":"Gibbons-bl\u00e6ser FP5005 &#8211; 1,5 hk"}]},{"@type":"WebSite","@id":"https:\/\/dodo-inflatables.com\/da\/#website","url":"https:\/\/dodo-inflatables.com\/da\/","name":"dodo-inflatables.com","description":"K\u00f8b hoppeborge og attraktioner i vores butik.","publisher":{"@id":"https:\/\/dodo-inflatables.com\/da\/#organization"},"potentialAction":[{"@type":"SearchAction","target":{"@type":"EntryPoint","urlTemplate":"https:\/\/dodo-inflatables.com\/da\/?s={search_term_string}"},"query-input":{"@type":"PropertyValueSpecification","valueRequired":true,"valueName":"search_term_string"}}],"inLanguage":"da-DK"},{"@type":"Organization","@id":"https:\/\/dodo-inflatables.com\/da\/#organization","name":"dodo-inflatables.com","url":"https:\/\/dodo-inflatables.com\/da\/","logo":{"@type":"ImageObject","inLanguage":"da-DK","@id":"https:\/\/dodo-inflatables.com\/da\/#\/schema\/logo\/image\/","url":"https:\/\/dodo-inflatables.com\/wp-content\/uploads\/2023\/04\/cropped-cropped-cropped-Dodo-Logo.png","contentUrl":"https:\/\/dodo-inflatables.com\/wp-content\/uploads\/2023\/04\/cropped-cropped-cropped-Dodo-Logo.png","width":2996,"height":1545,"caption":"dodo-inflatables.com"},"image":{"@id":"https:\/\/dodo-inflatables.com\/da\/#\/schema\/logo\/image\/"}}]}},"uagb_featured_image_src":{"full":["https:\/\/dodo-inflatables.com\/wp-content\/uploads\/2017\/01\/gibbons-geblase-metallgehause-fur-hupfburg-kaufen-500.png",500,500,false],"thumbnail":["https:\/\/dodo-inflatables.com\/wp-content\/uploads\/2017\/01\/gibbons-geblase-metallgehause-fur-hupfburg-kaufen-500-150x150.png",150,150,true],"medium":["https:\/\/dodo-inflatables.com\/wp-content\/uploads\/2017\/01\/gibbons-geblase-metallgehause-fur-hupfburg-kaufen-500-300x300.png",300,300,true],"medium_large":["https:\/\/dodo-inflatables.com\/wp-content\/uploads\/2017\/01\/gibbons-geblase-metallgehause-fur-hupfburg-kaufen-500.png",500,500,false],"large":["https:\/\/dodo-inflatables.com\/wp-content\/uploads\/2017\/01\/gibbons-geblase-metallgehause-fur-hupfburg-kaufen-500.png",500,500,false],"1536x1536":["https:\/\/dodo-inflatables.com\/wp-content\/uploads\/2017\/01\/gibbons-geblase-metallgehause-fur-hupfburg-kaufen-500.png",500,500,false],"2048x2048":["https:\/\/dodo-inflatables.com\/wp-content\/uploads\/2017\/01\/gibbons-geblase-metallgehause-fur-hupfburg-kaufen-500.png",500,500,false],"woocommerce_thumbnail":["https:\/\/dodo-inflatables.com\/wp-content\/uploads\/2017\/01\/gibbons-geblase-metallgehause-fur-hupfburg-kaufen-500.png",500,500,false],"woocommerce_single":["https:\/\/dodo-inflatables.com\/wp-content\/uploads\/2017\/01\/gibbons-geblase-metallgehause-fur-hupfburg-kaufen-500.png",500,500,false],"woocommerce_gallery_thumbnail":["https:\/\/dodo-inflatables.com\/wp-content\/uploads\/2017\/01\/gibbons-geblase-metallgehause-fur-hupfburg-kaufen-500-100x100.png",100,100,true]},"uagb_author_info":{"display_name":"Andreas","author_link":"https:\/\/dodo-inflatables.com\/da\/author\/"},"uagb_comment_info":0,"uagb_excerpt":"Gibbons hoppeborgsbl\u00e6ser 1,1 KW FP5005 Velegnet til alle tilbudte hoppeborge og eventmoduler Professionel kvalitet - velegnet til kommerciel og privat brug","_links":{"self":[{"href":"https:\/\/dodo-inflatables.com\/da\/wp-json\/wp\/v2\/product\/18089","targetHints":{"allow":["GET"]}}],"collection":[{"href":"https:\/\/dodo-inflatables.com\/da\/wp-json\/wp\/v2\/product"}],"about":[{"href":"https:\/\/dodo-inflatables.com\/da\/wp-json\/wp\/v2\/types\/product"}],"replies":[{"embeddable":true,"href":"https:\/\/dodo-inflatables.com\/da\/wp-json\/wp\/v2\/comments?post=18089"}],"wp:featuredmedia":[{"embeddable":true,"href":"https:\/\/dodo-inflatables.com\/da\/wp-json\/wp\/v2\/media\/18090"}],"wp:attachment":[{"href":"https:\/\/dodo-inflatables.com\/da\/wp-json\/wp\/v2\/media?parent=18089"}],"wp:term":[{"taxonomy":"product_brand","embeddable":true,"href":"https:\/\/dodo-inflatables.com\/da\/wp-json\/wp\/v2\/product_brand?post=18089"},{"taxonomy":"product_cat","embeddable":true,"href":"https:\/\/dodo-inflatables.com\/da\/wp-json\/wp\/v2\/product_cat?post=18089"},{"taxonomy":"product_tag","embeddable":true,"href":"https:\/\/dodo-inflatables.com\/da\/wp-json\/wp\/v2\/product_tag?post=18089"}],"curies":[{"name":"wp","href":"https:\/\/api.w.org\/{rel}","templated":true}]}}