{"id":18827,"date":"2019-08-23T12:07:40","date_gmt":"2019-08-23T10:07:40","guid":{"rendered":"https:\/\/dodo-inflatables.com\/product\/oppusteligt-oeksekast\/"},"modified":"2024-08-06T07:47:03","modified_gmt":"2024-08-06T05:47:03","slug":"oppusteligt-oeksekast","status":"publish","type":"product","link":"https:\/\/dodo-inflatables.com\/da\/vare\/oppusteligt-oeksekast\/","title":{"rendered":"Oppusteligt \u00f8ksekast"},"content":{"rendered":"<h2>K\u00f8b oppustelig \u00f8ksekast<\/h2>\n<p>  Bliv viking, og \u00f8v dig i at kaste med \u00f8kser i fuld sikkerhed! Hvem kan kaste \u00f8kserne pr\u00e6cist ned p\u00e5 velcroskiven?  <\/p>\n<h4>Detaljer for Oppustelig \u00f8ksekast<\/h4>\n<ul>\n<li>M\u00e5l (L x B x H): 3,00 x 3,00 x 2,60 meter *.<\/li>\n<li>V\u00e6gt: ca. 50 kg *.<\/li>\n<li>Pakningsst\u00f8rrelse: 1,00 m x 0,70 m x 0,70 m *.<\/li>\n<li>Samlingstid: 10 minutter<\/li>\n<li>Materiale: 0,55 mm PVC og velcro<\/li>\n<li>Lynl\u00e5s med velcrobeskyttelse, forst\u00e6rkede hj\u00f8rner, velcro af h\u00f8j kvalitet<\/li>\n<\/ul>\n<p>&nbsp;  Leveringsomfanget omfatter: Ramme til oppusteligt \u00f8ksekast, 10 velcro-\u00f8kser (5 gule, 5 r\u00f8de) Bl\u00e6ser og underlag medf\u00f8lger ikke. Disse kan findes i tilbeh\u00f8rskategorien. Den oppustelige \u00f8ksekaster er et kvalitetsprodukt, der er fremstillet efter strenge retningslinjer i overensstemmelse med EN 14960. Alle vores hoppeborge og oppustelige forlystelser er professionelle moduler, der egner sig til professionel udlejning og brug i forlystelsesparker, indend\u00f8rs legepladser og lignende. &nbsp;<strong>Vigtige bem\u00e6rkninger om drift<\/strong> Ventilatoren (medf\u00f8lger ikke) skal k\u00f8re konstant under brug. En lille luftl\u00e6kage gennem hullerne i s\u00f8mmene er normal. * V\u00e6gt og dimensioner er omtrentlige og kan variere en smule<\/p>\n","protected":false},"excerpt":{"rendered":"<p><i class=\"fa fa-arrows-alt\"><\/i>  M\u00e5l (L x B x H): 3,00 x 3,00 x 2,60 meter * <i class=\"fa fa-plus\"><\/i> Inkl. ti velcro-skumaksler <i class=\"fa fa-check\"><\/i> Professionelt modul &#8211; velegnet til kommerciel og privat brug <i class=\"fa fa-square\"><\/i> PVC (0,55 mm \/ 621,3 g\/kvm) og velcro <i class=\"fa fa-align-justify\"><\/i> 2 &#8211; 4 gange syet (afh\u00e6ngigt af belastning) <i class=\"fa fa-fire\"><\/i> Flammeh\u00e6mmende <i class=\"fa fa-certificate\"><\/i> Zulassungsbescheinigung gem\u00e4\u00df EN 14960 <i class=\"fas fa-edit\"><\/i> Inkl. individuelt serienummer  &nbsp;<\/p>\n","protected":false},"featured_media":58810,"comment_status":"open","ping_status":"closed","template":"","meta":{"_acf_changed":false,"_uag_custom_page_level_css":"","site-sidebar-layout":"default","site-content-layout":"default","ast-site-content-layout":"default","site-content-style":"default","site-sidebar-style":"default","ast-global-header-display":"","ast-banner-title-visibility":"","ast-main-header-display":"","ast-hfb-above-header-display":"","ast-hfb-below-header-display":"","ast-hfb-mobile-header-display":"","site-post-title":"","ast-breadcrumbs-content":"","ast-featured-img":"","footer-sml-layout":"","ast-disable-related-posts":"","theme-transparent-header-meta":"default","adv-header-id-meta":"","stick-header-meta":"default","header-above-stick-meta":"","header-main-stick-meta":"","header-below-stick-meta":"","astra-migrate-meta-layouts":"default","ast-page-background-enabled":"default","ast-page-background-meta":{"desktop":{"background-color":"var(--ast-global-color-4)","background-image":"","background-repeat":"repeat","background-position":"center center","background-size":"auto","background-attachment":"scroll","background-type":"","background-media":"","overlay-type":"","overlay-color":"","overlay-opacity":"","overlay-gradient":""},"tablet":{"background-color":"","background-image":"","background-repeat":"repeat","background-position":"center center","background-size":"auto","background-attachment":"scroll","background-type":"","background-media":"","overlay-type":"","overlay-color":"","overlay-opacity":"","overlay-gradient":""},"mobile":{"background-color":"","background-image":"","background-repeat":"repeat","background-position":"center center","background-size":"auto","background-attachment":"scroll","background-type":"","background-media":"","overlay-type":"","overlay-color":"","overlay-opacity":"","overlay-gradient":""}},"ast-content-background-meta":{"desktop":{"background-color":"var(--ast-global-color-5)","background-image":"","background-repeat":"repeat","background-position":"center center","background-size":"auto","background-attachment":"scroll","background-type":"","background-media":"","overlay-type":"","overlay-color":"","overlay-opacity":"","overlay-gradient":""},"tablet":{"background-color":"var(--ast-global-color-5)","background-image":"","background-repeat":"repeat","background-position":"center center","background-size":"auto","background-attachment":"scroll","background-type":"","background-media":"","overlay-type":"","overlay-color":"","overlay-opacity":"","overlay-gradient":""},"mobile":{"background-color":"var(--ast-global-color-5)","background-image":"","background-repeat":"repeat","background-position":"center center","background-size":"auto","background-attachment":"scroll","background-type":"","background-media":"","overlay-type":"","overlay-color":"","overlay-opacity":"","overlay-gradient":""}}},"product_brand":[],"product_cat":[2043],"product_tag":[],"class_list":{"0":"post-18827","1":"product","2":"type-product","3":"status-publish","4":"has-post-thumbnail","6":"product_cat-attraktioner-da","7":"product_shipping_class-spedition-hupfburg-da","8":"pa_gtin-0669145336834-da","9":"desktop-align-center","10":"tablet-align-center","11":"mobile-align-center","12":"ast-product-gallery-layout-horizontal","13":"ast-product-tabs-layout-horizontal","15":"first","16":"onbackorder","17":"taxable","18":"shipping-taxable","19":"purchasable","20":"product-type-simple"},"acf":[],"yoast_head":"<!-- This site is optimized with the Yoast SEO plugin v27.4 - https:\/\/yoast.com\/product\/yoast-seo-wordpress\/ -->\n<title>K\u00f8b oppusteligt \u00f8ksekast | Dodo-Inflatables.com<\/title>\n<meta name=\"description\" content=\"K\u00f8b vores oppustelige \u00f8ksekast direkte online p\u00e5 Dodo-Inflatables.com | Mange modeller p\u00e5 lager | Hurtig levering | Bedste kvalitet\" \/>\n<meta name=\"robots\" content=\"index, follow, max-snippet:-1, max-image-preview:large, max-video-preview:-1\" \/>\n<link rel=\"canonical\" href=\"https:\/\/dodo-inflatables.com\/da\/vare\/oppusteligt-oeksekast\/\" \/>\n<meta name=\"twitter:label1\" content=\"Estimeret l\u00e6setid\" \/>\n\t<meta name=\"twitter:data1\" content=\"1 minut\" \/>\n<script type=\"application\/ld+json\" class=\"yoast-schema-graph\">{\"@context\":\"https:\\\/\\\/schema.org\",\"@graph\":[{\"@type\":\"WebPage\",\"@id\":\"https:\\\/\\\/dodo-inflatables.com\\\/da\\\/vare\\\/oppusteligt-oeksekast\\\/\",\"url\":\"https:\\\/\\\/dodo-inflatables.com\\\/da\\\/vare\\\/oppusteligt-oeksekast\\\/\",\"name\":\"K\u00f8b oppusteligt \u00f8ksekast | Dodo-Inflatables.com\",\"isPartOf\":{\"@id\":\"https:\\\/\\\/dodo-inflatables.com\\\/da\\\/#website\"},\"primaryImageOfPage\":{\"@id\":\"https:\\\/\\\/dodo-inflatables.com\\\/da\\\/vare\\\/oppusteligt-oeksekast\\\/#primaryimage\"},\"image\":{\"@id\":\"https:\\\/\\\/dodo-inflatables.com\\\/da\\\/vare\\\/oppusteligt-oeksekast\\\/#primaryimage\"},\"thumbnailUrl\":\"https:\\\/\\\/dodo-inflatables.com\\\/wp-content\\\/uploads\\\/2019\\\/08\\\/Aufblasbares-Axt-werfen-kaufen-7.png\",\"datePublished\":\"2019-08-23T10:07:40+00:00\",\"dateModified\":\"2024-08-06T05:47:03+00:00\",\"description\":\"K\u00f8b vores oppustelige \u00f8ksekast direkte online p\u00e5 Dodo-Inflatables.com | Mange modeller p\u00e5 lager | Hurtig levering | Bedste kvalitet\",\"breadcrumb\":{\"@id\":\"https:\\\/\\\/dodo-inflatables.com\\\/da\\\/vare\\\/oppusteligt-oeksekast\\\/#breadcrumb\"},\"inLanguage\":\"da-DK\",\"potentialAction\":[{\"@type\":\"ReadAction\",\"target\":[\"https:\\\/\\\/dodo-inflatables.com\\\/da\\\/vare\\\/oppusteligt-oeksekast\\\/\"]}]},{\"@type\":\"ImageObject\",\"inLanguage\":\"da-DK\",\"@id\":\"https:\\\/\\\/dodo-inflatables.com\\\/da\\\/vare\\\/oppusteligt-oeksekast\\\/#primaryimage\",\"url\":\"https:\\\/\\\/dodo-inflatables.com\\\/wp-content\\\/uploads\\\/2019\\\/08\\\/Aufblasbares-Axt-werfen-kaufen-7.png\",\"contentUrl\":\"https:\\\/\\\/dodo-inflatables.com\\\/wp-content\\\/uploads\\\/2019\\\/08\\\/Aufblasbares-Axt-werfen-kaufen-7.png\",\"width\":500,\"height\":500},{\"@type\":\"BreadcrumbList\",\"@id\":\"https:\\\/\\\/dodo-inflatables.com\\\/da\\\/vare\\\/oppusteligt-oeksekast\\\/#breadcrumb\",\"itemListElement\":[{\"@type\":\"ListItem\",\"position\":1,\"name\":\"Hjem\",\"item\":\"https:\\\/\\\/dodo-inflatables.com\\\/da\\\/\"},{\"@type\":\"ListItem\",\"position\":2,\"name\":\"Butik\",\"item\":\"https:\\\/\\\/dodo-inflatables.com\\\/da\\\/?page_id=16802\"},{\"@type\":\"ListItem\",\"position\":3,\"name\":\"Oppusteligt \u00f8ksekast\"}]},{\"@type\":\"WebSite\",\"@id\":\"https:\\\/\\\/dodo-inflatables.com\\\/da\\\/#website\",\"url\":\"https:\\\/\\\/dodo-inflatables.com\\\/da\\\/\",\"name\":\"dodo-inflatables.com\",\"description\":\"K\u00f8b hoppeborge og attraktioner i vores butik.\",\"publisher\":{\"@id\":\"https:\\\/\\\/dodo-inflatables.com\\\/da\\\/#organization\"},\"potentialAction\":[{\"@type\":\"SearchAction\",\"target\":{\"@type\":\"EntryPoint\",\"urlTemplate\":\"https:\\\/\\\/dodo-inflatables.com\\\/da\\\/?s={search_term_string}\"},\"query-input\":{\"@type\":\"PropertyValueSpecification\",\"valueRequired\":true,\"valueName\":\"search_term_string\"}}],\"inLanguage\":\"da-DK\"},{\"@type\":\"Organization\",\"@id\":\"https:\\\/\\\/dodo-inflatables.com\\\/da\\\/#organization\",\"name\":\"dodo-inflatables.com\",\"url\":\"https:\\\/\\\/dodo-inflatables.com\\\/da\\\/\",\"logo\":{\"@type\":\"ImageObject\",\"inLanguage\":\"da-DK\",\"@id\":\"https:\\\/\\\/dodo-inflatables.com\\\/da\\\/#\\\/schema\\\/logo\\\/image\\\/\",\"url\":\"https:\\\/\\\/dodo-inflatables.com\\\/wp-content\\\/uploads\\\/2023\\\/04\\\/cropped-cropped-cropped-Dodo-Logo.png\",\"contentUrl\":\"https:\\\/\\\/dodo-inflatables.com\\\/wp-content\\\/uploads\\\/2023\\\/04\\\/cropped-cropped-cropped-Dodo-Logo.png\",\"width\":2996,\"height\":1545,\"caption\":\"dodo-inflatables.com\"},\"image\":{\"@id\":\"https:\\\/\\\/dodo-inflatables.com\\\/da\\\/#\\\/schema\\\/logo\\\/image\\\/\"}}]}<\/script>\n<!-- \/ Yoast SEO plugin. -->","yoast_head_json":{"title":"K\u00f8b oppusteligt \u00f8ksekast | Dodo-Inflatables.com","description":"K\u00f8b vores oppustelige \u00f8ksekast direkte online p\u00e5 Dodo-Inflatables.com | Mange modeller p\u00e5 lager | Hurtig levering | Bedste kvalitet","robots":{"index":"index","follow":"follow","max-snippet":"max-snippet:-1","max-image-preview":"max-image-preview:large","max-video-preview":"max-video-preview:-1"},"canonical":"https:\/\/dodo-inflatables.com\/da\/vare\/oppusteligt-oeksekast\/","twitter_misc":{"Estimeret l\u00e6setid":"1 minut"},"schema":{"@context":"https:\/\/schema.org","@graph":[{"@type":"WebPage","@id":"https:\/\/dodo-inflatables.com\/da\/vare\/oppusteligt-oeksekast\/","url":"https:\/\/dodo-inflatables.com\/da\/vare\/oppusteligt-oeksekast\/","name":"K\u00f8b oppusteligt \u00f8ksekast | Dodo-Inflatables.com","isPartOf":{"@id":"https:\/\/dodo-inflatables.com\/da\/#website"},"primaryImageOfPage":{"@id":"https:\/\/dodo-inflatables.com\/da\/vare\/oppusteligt-oeksekast\/#primaryimage"},"image":{"@id":"https:\/\/dodo-inflatables.com\/da\/vare\/oppusteligt-oeksekast\/#primaryimage"},"thumbnailUrl":"https:\/\/dodo-inflatables.com\/wp-content\/uploads\/2019\/08\/Aufblasbares-Axt-werfen-kaufen-7.png","datePublished":"2019-08-23T10:07:40+00:00","dateModified":"2024-08-06T05:47:03+00:00","description":"K\u00f8b vores oppustelige \u00f8ksekast direkte online p\u00e5 Dodo-Inflatables.com | Mange modeller p\u00e5 lager | Hurtig levering | Bedste kvalitet","breadcrumb":{"@id":"https:\/\/dodo-inflatables.com\/da\/vare\/oppusteligt-oeksekast\/#breadcrumb"},"inLanguage":"da-DK","potentialAction":[{"@type":"ReadAction","target":["https:\/\/dodo-inflatables.com\/da\/vare\/oppusteligt-oeksekast\/"]}]},{"@type":"ImageObject","inLanguage":"da-DK","@id":"https:\/\/dodo-inflatables.com\/da\/vare\/oppusteligt-oeksekast\/#primaryimage","url":"https:\/\/dodo-inflatables.com\/wp-content\/uploads\/2019\/08\/Aufblasbares-Axt-werfen-kaufen-7.png","contentUrl":"https:\/\/dodo-inflatables.com\/wp-content\/uploads\/2019\/08\/Aufblasbares-Axt-werfen-kaufen-7.png","width":500,"height":500},{"@type":"BreadcrumbList","@id":"https:\/\/dodo-inflatables.com\/da\/vare\/oppusteligt-oeksekast\/#breadcrumb","itemListElement":[{"@type":"ListItem","position":1,"name":"Hjem","item":"https:\/\/dodo-inflatables.com\/da\/"},{"@type":"ListItem","position":2,"name":"Butik","item":"https:\/\/dodo-inflatables.com\/da\/?page_id=16802"},{"@type":"ListItem","position":3,"name":"Oppusteligt \u00f8ksekast"}]},{"@type":"WebSite","@id":"https:\/\/dodo-inflatables.com\/da\/#website","url":"https:\/\/dodo-inflatables.com\/da\/","name":"dodo-inflatables.com","description":"K\u00f8b hoppeborge og attraktioner i vores butik.","publisher":{"@id":"https:\/\/dodo-inflatables.com\/da\/#organization"},"potentialAction":[{"@type":"SearchAction","target":{"@type":"EntryPoint","urlTemplate":"https:\/\/dodo-inflatables.com\/da\/?s={search_term_string}"},"query-input":{"@type":"PropertyValueSpecification","valueRequired":true,"valueName":"search_term_string"}}],"inLanguage":"da-DK"},{"@type":"Organization","@id":"https:\/\/dodo-inflatables.com\/da\/#organization","name":"dodo-inflatables.com","url":"https:\/\/dodo-inflatables.com\/da\/","logo":{"@type":"ImageObject","inLanguage":"da-DK","@id":"https:\/\/dodo-inflatables.com\/da\/#\/schema\/logo\/image\/","url":"https:\/\/dodo-inflatables.com\/wp-content\/uploads\/2023\/04\/cropped-cropped-cropped-Dodo-Logo.png","contentUrl":"https:\/\/dodo-inflatables.com\/wp-content\/uploads\/2023\/04\/cropped-cropped-cropped-Dodo-Logo.png","width":2996,"height":1545,"caption":"dodo-inflatables.com"},"image":{"@id":"https:\/\/dodo-inflatables.com\/da\/#\/schema\/logo\/image\/"}}]}},"uagb_featured_image_src":{"full":["https:\/\/dodo-inflatables.com\/wp-content\/uploads\/2019\/08\/Aufblasbares-Axt-werfen-kaufen-7.png",500,500,false],"thumbnail":["https:\/\/dodo-inflatables.com\/wp-content\/uploads\/2019\/08\/Aufblasbares-Axt-werfen-kaufen-7-150x150.png",150,150,true],"medium":["https:\/\/dodo-inflatables.com\/wp-content\/uploads\/2019\/08\/Aufblasbares-Axt-werfen-kaufen-7-300x300.png",300,300,true],"medium_large":["https:\/\/dodo-inflatables.com\/wp-content\/uploads\/2019\/08\/Aufblasbares-Axt-werfen-kaufen-7.png",500,500,false],"large":["https:\/\/dodo-inflatables.com\/wp-content\/uploads\/2019\/08\/Aufblasbares-Axt-werfen-kaufen-7.png",500,500,false],"1536x1536":["https:\/\/dodo-inflatables.com\/wp-content\/uploads\/2019\/08\/Aufblasbares-Axt-werfen-kaufen-7.png",500,500,false],"2048x2048":["https:\/\/dodo-inflatables.com\/wp-content\/uploads\/2019\/08\/Aufblasbares-Axt-werfen-kaufen-7.png",500,500,false],"woocommerce_thumbnail":["https:\/\/dodo-inflatables.com\/wp-content\/uploads\/2019\/08\/Aufblasbares-Axt-werfen-kaufen-7.png",500,500,false],"woocommerce_single":["https:\/\/dodo-inflatables.com\/wp-content\/uploads\/2019\/08\/Aufblasbares-Axt-werfen-kaufen-7.png",500,500,false],"woocommerce_gallery_thumbnail":["https:\/\/dodo-inflatables.com\/wp-content\/uploads\/2019\/08\/Aufblasbares-Axt-werfen-kaufen-7-100x100.png",100,100,true]},"uagb_author_info":{"display_name":"Andreas","author_link":"https:\/\/dodo-inflatables.com\/da\/author\/"},"uagb_comment_info":0,"uagb_excerpt":"M\u00e5l (L x B x H): 3,00 x 3,00 x 2,60 meter * Inkl. ti velcro-skumaksler Professionelt modul - velegnet til kommerciel og privat brug PVC (0,55 mm \/ 621,3 g\/kvm) og velcro 2 - 4 gange syet (afh\u00e6ngigt af belastning) Flammeh\u00e6mmende Zulassungsbescheinigung gem\u00e4\u00df EN 14960 Inkl. individuelt serienummer &nbsp;","_links":{"self":[{"href":"https:\/\/dodo-inflatables.com\/da\/wp-json\/wp\/v2\/product\/18827","targetHints":{"allow":["GET"]}}],"collection":[{"href":"https:\/\/dodo-inflatables.com\/da\/wp-json\/wp\/v2\/product"}],"about":[{"href":"https:\/\/dodo-inflatables.com\/da\/wp-json\/wp\/v2\/types\/product"}],"replies":[{"embeddable":true,"href":"https:\/\/dodo-inflatables.com\/da\/wp-json\/wp\/v2\/comments?post=18827"}],"wp:featuredmedia":[{"embeddable":true,"href":"https:\/\/dodo-inflatables.com\/da\/wp-json\/wp\/v2\/media\/58810"}],"wp:attachment":[{"href":"https:\/\/dodo-inflatables.com\/da\/wp-json\/wp\/v2\/media?parent=18827"}],"wp:term":[{"taxonomy":"product_brand","embeddable":true,"href":"https:\/\/dodo-inflatables.com\/da\/wp-json\/wp\/v2\/product_brand?post=18827"},{"taxonomy":"product_cat","embeddable":true,"href":"https:\/\/dodo-inflatables.com\/da\/wp-json\/wp\/v2\/product_cat?post=18827"},{"taxonomy":"product_tag","embeddable":true,"href":"https:\/\/dodo-inflatables.com\/da\/wp-json\/wp\/v2\/product_tag?post=18827"}],"curies":[{"name":"wp","href":"https:\/\/api.w.org\/{rel}","templated":true}]}}