{"id":19288,"date":"2018-01-19T15:47:49","date_gmt":"2018-01-19T14:47:49","guid":{"rendered":"https:\/\/dodo-inflatables.com\/product\/fodbold-dart\/"},"modified":"2026-04-16T19:17:18","modified_gmt":"2026-04-16T17:17:18","slug":"fodbold-dart","status":"publish","type":"product","link":"https:\/\/dodo-inflatables.com\/da\/vare\/fodbold-dart\/","title":{"rendered":"Fodbold Dart"},"content":{"rendered":"<h2>K\u00f8b oppustelig fodbold dart<\/h2>\n<p>Fodbolddart er den seneste trend ved events fra England. Fodbolddart, ogs\u00e5 kendt som fodbolddart eller foddart, kombinerer de s\u00e6dvanlige fodbold- og dartf\u00e6rdigheder og g\u00e5r ud p\u00e5 at skyde velcro-fodbolde mod en gigantisk oppustelig dartskive.<\/p>\n<p>Vores store oppustelige fodbolddartspil er 4,5 meter h\u00f8jt, hvilket g\u00f8r det til et fantastisk blikfang ved enhver fodboldbegivenhed. Lad venner, g\u00e6ster, kunder, kolleger eller din familie konkurrere mod hinanden i Soccer Darts, og find ud af, hvem der er den bedste skytte blandt jer. Spillerne har normalt tre fors\u00f8g til enten at placere bolden s\u00e5 t\u00e6t p\u00e5 bullseye som muligt eller &#8220;skyde&#8221; et bestemt antal point. Det er ikke kun dine holdkammerater, der vil heppe p\u00e5 dig, tilskuerne vil ogs\u00e5 f\u00f8lge sp\u00e6ndt med.<\/p>\n<p>Fodbolddart kan spilles p\u00e5 ethvert underlag, hvor der normalt spilles fodbold. Der medf\u00f8lger de n\u00f8dvendige velcro-fodbolde, som passer til. Disse er lavet af speciel velcro, som kl\u00e6ber s\u00e6rligt godt til den oppustelige dartskives velcro. Disse specielle <a href=\"https:\/\/dodo-inflatables.com\/product\/velcro-football-for-football-darts\/\">velcro-fodbolde<\/a> f\u00e5s ogs\u00e5 enkeltvis i <a href=\"https:\/\/dodo-inflatables.com\/product-category\/accessories\/\">tilbeh\u00f8rskategorien<\/a>.<\/p>\n<p>&nbsp;<\/p>\n<h4>Detaljer om den oppustelige fodbolddart<\/h4>\n<ul>\n<li>M\u00e5l (L x B x H): 4,50 m x 6,20 m x 4,50 m *.<\/li>\n<li>V\u00e6gt: ca. 95 kg *<\/li>\n<li>Emballagest\u00f8rrelse: 100 x 70 x 70 cm *.<\/li>\n<li>Samlingstid: 10 minutter<\/li>\n<li>Materiale: 0,55 mm PVC og velcro<\/li>\n<li>Udskiftelig velcro-dartskive<\/li>\n<li>Lynl\u00e5s med velcrobeskyttelse, forst\u00e6rkede hj\u00f8rner, velcro af h\u00f8j kvalitet<\/li>\n<li>Reb til at fjerne kuglerne med<\/li>\n<\/ul>\n<p>Inkluderet i leveringsomfanget: Fodboldpile og tre fodbolde med velcro-betr\u00e6k af h\u00f8j kvalitet<\/p>\n<p>Bl\u00e6seren og bundpladen medf\u00f8lger ikke. Disse kan findes i tilbeh\u00f8rskategorien.<\/p>\n<p>Alle vores hoppeborge og oppustelige forlystelser er professionelle moduler, der egner sig til professionelle udlejningsvirksomheder og til brug i fritidsparker, indend\u00f8rs legepladser og lignende.<\/p>\n<p><strong>Vigtige brugsanvisninger<\/strong><\/p>\n<p>Bl\u00e6seren (medf\u00f8lger ikke) skal k\u00f8re kontinuerligt under brug.<br \/>\nEn lille luftl\u00e6kage gennem hullerne i s\u00f8mmene er normal.<\/p>\n<p>* V\u00e6gt og dimensioner er omtrentlige og kan variere en smule<\/p>\n","protected":false},"excerpt":{"rendered":"<p><i class=\"fa fa-arrows-alt\"><\/i>  M\u00e5l (L x B x H): 4,50 m x 6,20 m x 4,50 m *.<br \/>\n<i class=\"fa fa-plus\"><\/i>  Indeholder tre fodbolde med velcrobeskyttelse, udskiftelig velcro-dartskive<i class=\"fa fa-check\"><\/i> Professionelt modul &#8211; velegnet til kommerciel og privat brug<\/p>\n<p><i class=\"fa fa-square\"><\/i>  PVC (0,55 mm \/ 621,3 g\/kvm) og velcro<br \/>\n<i class=\"fa fa-align-justify\"><\/i>  2 &#8211; 4 gange syet (afh\u00e6ngigt af belastning)<br \/>\n<i class=\"fa fa-fire\"><\/i>  Flammeh\u00e6mmende<br \/>\n<i class=\"fas fa-edit\"><\/i>  Inkl. individuelt serienummer<\/p>\n","protected":false},"featured_media":19300,"comment_status":"open","ping_status":"closed","template":"","meta":{"_acf_changed":false,"_uag_custom_page_level_css":"","site-sidebar-layout":"default","site-content-layout":"boxed-container","ast-site-content-layout":"normal-width-container","site-content-style":"boxed","site-sidebar-style":"boxed","ast-global-header-display":"","ast-banner-title-visibility":"","ast-main-header-display":"","ast-hfb-above-header-display":"","ast-hfb-below-header-display":"","ast-hfb-mobile-header-display":"","site-post-title":"disabled","ast-breadcrumbs-content":"","ast-featured-img":"","footer-sml-layout":"","ast-disable-related-posts":"","theme-transparent-header-meta":"default","adv-header-id-meta":"","stick-header-meta":"default","header-above-stick-meta":"","header-main-stick-meta":"","header-below-stick-meta":"","astra-migrate-meta-layouts":"default","ast-page-background-enabled":"default","ast-page-background-meta":{"desktop":{"background-color":"var(--ast-global-color-4)","background-image":"","background-repeat":"repeat","background-position":"center center","background-size":"auto","background-attachment":"scroll","background-type":"","background-media":"","overlay-type":"","overlay-color":"","overlay-opacity":"","overlay-gradient":""},"tablet":{"background-color":"","background-image":"","background-repeat":"repeat","background-position":"center center","background-size":"auto","background-attachment":"scroll","background-type":"","background-media":"","overlay-type":"","overlay-color":"","overlay-opacity":"","overlay-gradient":""},"mobile":{"background-color":"","background-image":"","background-repeat":"repeat","background-position":"center center","background-size":"auto","background-attachment":"scroll","background-type":"","background-media":"","overlay-type":"","overlay-color":"","overlay-opacity":"","overlay-gradient":""}},"ast-content-background-meta":{"desktop":{"background-color":"var(--ast-global-color-5)","background-image":"","background-repeat":"repeat","background-position":"center center","background-size":"auto","background-attachment":"scroll","background-type":"","background-media":"","overlay-type":"","overlay-color":"","overlay-opacity":"","overlay-gradient":""},"tablet":{"background-color":"var(--ast-global-color-5)","background-image":"","background-repeat":"repeat","background-position":"center center","background-size":"auto","background-attachment":"scroll","background-type":"","background-media":"","overlay-type":"","overlay-color":"","overlay-opacity":"","overlay-gradient":""},"mobile":{"background-color":"var(--ast-global-color-5)","background-image":"","background-repeat":"repeat","background-position":"center center","background-size":"auto","background-attachment":"scroll","background-type":"","background-media":"","overlay-type":"","overlay-color":"","overlay-opacity":"","overlay-gradient":""}}},"product_brand":[],"product_cat":[2043],"product_tag":[7150],"class_list":{"0":"post-19288","1":"product","2":"type-product","3":"status-publish","4":"has-post-thumbnail","6":"product_cat-attraktioner-da","7":"product_tag-geblase-1-5ps","8":"product_shipping_class-spedition-hupfburg-da","9":"pa_gtin-0669145336841-da","10":"desktop-align-center","11":"tablet-align-center","12":"mobile-align-center","13":"ast-product-gallery-layout-horizontal","14":"ast-product-tabs-layout-horizontal","16":"first","17":"instock","18":"taxable","19":"shipping-taxable","20":"purchasable","21":"product-type-simple"},"acf":[],"yoast_head":"<!-- This site is optimized with the Yoast SEO plugin v27.5 - https:\/\/yoast.com\/product\/yoast-seo-wordpress\/ -->\n<title>K\u00f8b oppustelige fodboldpile | Dodo-Inflatables.com<\/title>\n<meta name=\"description\" content=\"K\u00f8b oppustelig fodbold Soccerdart hos dodo-inflatables.com! | Fair priser | Altid p\u00e5 lager | Hurtig afsendelse!\" \/>\n<meta name=\"robots\" content=\"index, follow, max-snippet:-1, max-image-preview:large, max-video-preview:-1\" \/>\n<link rel=\"canonical\" href=\"https:\/\/dodo-inflatables.com\/da\/vare\/fodbold-dart\/\" \/>\n<meta name=\"twitter:label1\" content=\"Estimeret l\u00e6setid\" \/>\n\t<meta name=\"twitter:data1\" content=\"2 minutter\" \/>\n<script type=\"application\/ld+json\" class=\"yoast-schema-graph\">{\"@context\":\"https:\\\/\\\/schema.org\",\"@graph\":[{\"@type\":\"WebPage\",\"@id\":\"https:\\\/\\\/dodo-inflatables.com\\\/da\\\/vare\\\/fodbold-dart\\\/\",\"url\":\"https:\\\/\\\/dodo-inflatables.com\\\/da\\\/vare\\\/fodbold-dart\\\/\",\"name\":\"K\u00f8b oppustelige fodboldpile | Dodo-Inflatables.com\",\"isPartOf\":{\"@id\":\"https:\\\/\\\/dodo-inflatables.com\\\/da\\\/#website\"},\"primaryImageOfPage\":{\"@id\":\"https:\\\/\\\/dodo-inflatables.com\\\/da\\\/vare\\\/fodbold-dart\\\/#primaryimage\"},\"image\":{\"@id\":\"https:\\\/\\\/dodo-inflatables.com\\\/da\\\/vare\\\/fodbold-dart\\\/#primaryimage\"},\"thumbnailUrl\":\"https:\\\/\\\/dodo-inflatables.com\\\/wp-content\\\/uploads\\\/2018\\\/01\\\/fussball-dart-neu-kaufen-1.png\",\"datePublished\":\"2018-01-19T14:47:49+00:00\",\"dateModified\":\"2026-04-16T17:17:18+00:00\",\"description\":\"K\u00f8b oppustelig fodbold Soccerdart hos dodo-inflatables.com! | Fair priser | Altid p\u00e5 lager | Hurtig afsendelse!\",\"breadcrumb\":{\"@id\":\"https:\\\/\\\/dodo-inflatables.com\\\/da\\\/vare\\\/fodbold-dart\\\/#breadcrumb\"},\"inLanguage\":\"da-DK\",\"potentialAction\":[{\"@type\":\"ReadAction\",\"target\":[\"https:\\\/\\\/dodo-inflatables.com\\\/da\\\/vare\\\/fodbold-dart\\\/\"]}]},{\"@type\":\"ImageObject\",\"inLanguage\":\"da-DK\",\"@id\":\"https:\\\/\\\/dodo-inflatables.com\\\/da\\\/vare\\\/fodbold-dart\\\/#primaryimage\",\"url\":\"https:\\\/\\\/dodo-inflatables.com\\\/wp-content\\\/uploads\\\/2018\\\/01\\\/fussball-dart-neu-kaufen-1.png\",\"contentUrl\":\"https:\\\/\\\/dodo-inflatables.com\\\/wp-content\\\/uploads\\\/2018\\\/01\\\/fussball-dart-neu-kaufen-1.png\",\"width\":500,\"height\":500},{\"@type\":\"BreadcrumbList\",\"@id\":\"https:\\\/\\\/dodo-inflatables.com\\\/da\\\/vare\\\/fodbold-dart\\\/#breadcrumb\",\"itemListElement\":[{\"@type\":\"ListItem\",\"position\":1,\"name\":\"Hjem\",\"item\":\"https:\\\/\\\/dodo-inflatables.com\\\/da\\\/\"},{\"@type\":\"ListItem\",\"position\":2,\"name\":\"Butik\",\"item\":\"https:\\\/\\\/dodo-inflatables.com\\\/da\\\/butik\\\/\"},{\"@type\":\"ListItem\",\"position\":3,\"name\":\"Fodbold Dart\"}]},{\"@type\":\"WebSite\",\"@id\":\"https:\\\/\\\/dodo-inflatables.com\\\/da\\\/#website\",\"url\":\"https:\\\/\\\/dodo-inflatables.com\\\/da\\\/\",\"name\":\"dodo-inflatables.com\",\"description\":\"K\u00f8b hoppeborge og attraktioner i vores butik.\",\"potentialAction\":[{\"@type\":\"SearchAction\",\"target\":{\"@type\":\"EntryPoint\",\"urlTemplate\":\"https:\\\/\\\/dodo-inflatables.com\\\/da\\\/?s={search_term_string}\"},\"query-input\":{\"@type\":\"PropertyValueSpecification\",\"valueRequired\":true,\"valueName\":\"search_term_string\"}}],\"inLanguage\":\"da-DK\"}]}<\/script>\n<!-- \/ Yoast SEO plugin. -->","yoast_head_json":{"title":"K\u00f8b oppustelige fodboldpile | Dodo-Inflatables.com","description":"K\u00f8b oppustelig fodbold Soccerdart hos dodo-inflatables.com! | Fair priser | Altid p\u00e5 lager | Hurtig afsendelse!","robots":{"index":"index","follow":"follow","max-snippet":"max-snippet:-1","max-image-preview":"max-image-preview:large","max-video-preview":"max-video-preview:-1"},"canonical":"https:\/\/dodo-inflatables.com\/da\/vare\/fodbold-dart\/","twitter_misc":{"Estimeret l\u00e6setid":"2 minutter"},"schema":{"@context":"https:\/\/schema.org","@graph":[{"@type":"WebPage","@id":"https:\/\/dodo-inflatables.com\/da\/vare\/fodbold-dart\/","url":"https:\/\/dodo-inflatables.com\/da\/vare\/fodbold-dart\/","name":"K\u00f8b oppustelige fodboldpile | Dodo-Inflatables.com","isPartOf":{"@id":"https:\/\/dodo-inflatables.com\/da\/#website"},"primaryImageOfPage":{"@id":"https:\/\/dodo-inflatables.com\/da\/vare\/fodbold-dart\/#primaryimage"},"image":{"@id":"https:\/\/dodo-inflatables.com\/da\/vare\/fodbold-dart\/#primaryimage"},"thumbnailUrl":"https:\/\/dodo-inflatables.com\/wp-content\/uploads\/2018\/01\/fussball-dart-neu-kaufen-1.png","datePublished":"2018-01-19T14:47:49+00:00","dateModified":"2026-04-16T17:17:18+00:00","description":"K\u00f8b oppustelig fodbold Soccerdart hos dodo-inflatables.com! | Fair priser | Altid p\u00e5 lager | Hurtig afsendelse!","breadcrumb":{"@id":"https:\/\/dodo-inflatables.com\/da\/vare\/fodbold-dart\/#breadcrumb"},"inLanguage":"da-DK","potentialAction":[{"@type":"ReadAction","target":["https:\/\/dodo-inflatables.com\/da\/vare\/fodbold-dart\/"]}]},{"@type":"ImageObject","inLanguage":"da-DK","@id":"https:\/\/dodo-inflatables.com\/da\/vare\/fodbold-dart\/#primaryimage","url":"https:\/\/dodo-inflatables.com\/wp-content\/uploads\/2018\/01\/fussball-dart-neu-kaufen-1.png","contentUrl":"https:\/\/dodo-inflatables.com\/wp-content\/uploads\/2018\/01\/fussball-dart-neu-kaufen-1.png","width":500,"height":500},{"@type":"BreadcrumbList","@id":"https:\/\/dodo-inflatables.com\/da\/vare\/fodbold-dart\/#breadcrumb","itemListElement":[{"@type":"ListItem","position":1,"name":"Hjem","item":"https:\/\/dodo-inflatables.com\/da\/"},{"@type":"ListItem","position":2,"name":"Butik","item":"https:\/\/dodo-inflatables.com\/da\/butik\/"},{"@type":"ListItem","position":3,"name":"Fodbold Dart"}]},{"@type":"WebSite","@id":"https:\/\/dodo-inflatables.com\/da\/#website","url":"https:\/\/dodo-inflatables.com\/da\/","name":"dodo-inflatables.com","description":"K\u00f8b hoppeborge og attraktioner i vores butik.","potentialAction":[{"@type":"SearchAction","target":{"@type":"EntryPoint","urlTemplate":"https:\/\/dodo-inflatables.com\/da\/?s={search_term_string}"},"query-input":{"@type":"PropertyValueSpecification","valueRequired":true,"valueName":"search_term_string"}}],"inLanguage":"da-DK"}]}},"uagb_featured_image_src":{"full":["https:\/\/dodo-inflatables.com\/wp-content\/uploads\/2018\/01\/fussball-dart-neu-kaufen-1.png",500,500,false],"thumbnail":["https:\/\/dodo-inflatables.com\/wp-content\/uploads\/2018\/01\/fussball-dart-neu-kaufen-1-150x150.png",150,150,true],"medium":["https:\/\/dodo-inflatables.com\/wp-content\/uploads\/2018\/01\/fussball-dart-neu-kaufen-1-300x300.png",300,300,true],"medium_large":["https:\/\/dodo-inflatables.com\/wp-content\/uploads\/2018\/01\/fussball-dart-neu-kaufen-1.png",500,500,false],"large":["https:\/\/dodo-inflatables.com\/wp-content\/uploads\/2018\/01\/fussball-dart-neu-kaufen-1.png",500,500,false],"1536x1536":["https:\/\/dodo-inflatables.com\/wp-content\/uploads\/2018\/01\/fussball-dart-neu-kaufen-1.png",500,500,false],"2048x2048":["https:\/\/dodo-inflatables.com\/wp-content\/uploads\/2018\/01\/fussball-dart-neu-kaufen-1.png",500,500,false],"woocommerce_thumbnail":["https:\/\/dodo-inflatables.com\/wp-content\/uploads\/2018\/01\/fussball-dart-neu-kaufen-1.png",500,500,false],"woocommerce_single":["https:\/\/dodo-inflatables.com\/wp-content\/uploads\/2018\/01\/fussball-dart-neu-kaufen-1.png",500,500,false],"woocommerce_gallery_thumbnail":["https:\/\/dodo-inflatables.com\/wp-content\/uploads\/2018\/01\/fussball-dart-neu-kaufen-1-100x100.png",100,100,true]},"uagb_author_info":{"display_name":"Andreas","author_link":"https:\/\/dodo-inflatables.com\/da\/author\/"},"uagb_comment_info":0,"uagb_excerpt":"M\u00e5l (L x B x H): 4,50 m x 6,20 m x 4,50 m *. Indeholder tre fodbolde med velcrobeskyttelse, udskiftelig velcro-dartskive Professionelt modul - velegnet til kommerciel og privat brug PVC (0,55 mm \/ 621,3 g\/kvm) og velcro 2 - 4 gange syet (afh\u00e6ngigt af belastning) Flammeh\u00e6mmende Inkl. individuelt serienummer","_links":{"self":[{"href":"https:\/\/dodo-inflatables.com\/da\/wp-json\/wp\/v2\/product\/19288","targetHints":{"allow":["GET"]}}],"collection":[{"href":"https:\/\/dodo-inflatables.com\/da\/wp-json\/wp\/v2\/product"}],"about":[{"href":"https:\/\/dodo-inflatables.com\/da\/wp-json\/wp\/v2\/types\/product"}],"replies":[{"embeddable":true,"href":"https:\/\/dodo-inflatables.com\/da\/wp-json\/wp\/v2\/comments?post=19288"}],"wp:featuredmedia":[{"embeddable":true,"href":"https:\/\/dodo-inflatables.com\/da\/wp-json\/wp\/v2\/media\/19300"}],"wp:attachment":[{"href":"https:\/\/dodo-inflatables.com\/da\/wp-json\/wp\/v2\/media?parent=19288"}],"wp:term":[{"taxonomy":"product_brand","embeddable":true,"href":"https:\/\/dodo-inflatables.com\/da\/wp-json\/wp\/v2\/product_brand?post=19288"},{"taxonomy":"product_cat","embeddable":true,"href":"https:\/\/dodo-inflatables.com\/da\/wp-json\/wp\/v2\/product_cat?post=19288"},{"taxonomy":"product_tag","embeddable":true,"href":"https:\/\/dodo-inflatables.com\/da\/wp-json\/wp\/v2\/product_tag?post=19288"}],"curies":[{"name":"wp","href":"https:\/\/api.w.org\/{rel}","templated":true}]}}