{"id":19599,"date":"2021-01-18T12:17:14","date_gmt":"2021-01-18T11:17:14","guid":{"rendered":"https:\/\/dodo-inflatables.com\/product\/oppustelig-alpehytte\/"},"modified":"2024-07-17T15:24:08","modified_gmt":"2024-07-17T13:24:08","slug":"oppustelig-alpehytte","status":"publish","type":"product","link":"https:\/\/dodo-inflatables.com\/da\/vare\/oppustelig-alpehytte\/","title":{"rendered":"Oppustelig alpehytte"},"content":{"rendered":"<h1>K\u00f8b oppustelig alpehytte &#8211; teltet til s\u00e6rlige lejligheder<\/h1>\n<p>Her har vi et meget specielt oppusteligt telt i form af en bjerghytte af tr\u00e6. Denne oppustelige tr\u00e6hytte er perfekt til events og reklameaktiviteter. Det oppustelige telt forsynes permanent med luft ved hj\u00e6lp af en hoppeborgsbl\u00e6ser og er derfor meget stabilt. Det oppustelige telt har selvf\u00f8lgelig flere \u00f8jer for at sikre det mod vind p\u00e5 den bedst mulige m\u00e5de. Detaljerne i alpehytten er meget gennemt\u00e6nkte, f.eks. kan d\u00f8ren \u00e5bnes og lukkes med en lynl\u00e5s. Tagsp\u00e5nerne ser fantastisk \u00e6gte ud, og vinduerne har aftagelige myggenet til afslappende aftener i hytten. Hytten har ogs\u00e5 2 \u00f8jer i det \u00f8verste gavlomr\u00e5de, som er perfekte til at fastg\u00f8re et banner med den \u00f8nskede inskription, logo eller design. En rigtig multifunktionel hytte med mange forskellige anvendelsesmuligheder! Uanset om det er som bartelt, eventbar, reklametelt eller bare som blikfang, vil denne oppustelige bjerghytte helt sikkert v\u00e6kke opsigt.<\/p>\n<p>Vil du have hytten i andre dimensioner eller i et andet design, f.eks. som en irsk pub? Intet problem, vi er glade for at kunne tilbyde dig alle muligheder.<\/p>\n<p>Vi anbefaler kun at bruge den oppustelige alpehytte p\u00e5 egnede underlagspresenninger. Du kan ogs\u00e5 finde dem i vores tilbeh\u00f8rskategori. Vi anbefaler generelt at opstille den oppustelige festhytte p\u00e5 en gr\u00e6spl\u00e6ne. Vores jordspyd er ogs\u00e5 perfekte til at fastg\u00f8re den der.<\/p>\n<p>Den oppustelige tr\u00e6hytte leveres i en passende transporttaske. For at beskytte den oppustelige hytte mod ydre p\u00e5virkninger og transportskader skal hytten pakkes ordentligt ind igen efter hver brug. Som udlejningsfirma b\u00f8r du ogs\u00e5 kr\u00e6ve, at kunden pakker den oppustelige hytte ordentligt ind igen.<\/p>\n<h3>Detaljer om den oppustelige alpehytte<\/h3>\n<ul>\n<li>M\u00e5l (L x B x H): 6,00 m x 4,00 m x 6,20 m *.<\/li>\n<li>V\u00e6gt: ca. 80 kg *.<\/li>\n<li>Pakkest\u00f8rrelse: 80 x 80 x 110 cm *.<\/li>\n<li>Samlingstid: 10 minutter<\/li>\n<li>Materiale: PVC (0,55 mm \/ 621,3 g\/kvm)<\/li>\n<li>2 &#8211; 4 s\u00f8mme (afh\u00e6ngigt af brug)<\/li>\n<li>Flammeh\u00e6mmende<\/li>\n<li>Godkendelsescertifikat i overensstemmelse med EN 14960<\/li>\n<li>Lynl\u00e5s med velcrolukning, forst\u00e6rkede hj\u00f8rner<\/li>\n<\/ul>\n<p>Leveringsomfanget omfatter: oppustelig alpehytte, transporttaske og reparationss\u00e6t<\/p>\n<p>Bl\u00e6ser og underlag medf\u00f8lger ikke. Disse kan findes i tilbeh\u00f8rskategorien.<\/p>\n<p>Den oppustelige alpehytte er et kvalitetsprodukt, der er fremstillet efter strenge retningslinjer i overensstemmelse med EN 14960. Alle vores hoppeborge og oppustelige forlystelser er professionelle moduler, der egner sig til professionel udlejning og brug i forlystelsesparker, indend\u00f8rs legepladser og lignende.<\/p>\n<p>Vigtige brugsanvisninger<\/p>\n<p>Bl\u00e6seren (medf\u00f8lger ikke) skal k\u00f8re kontinuerligt under brug.<br \/>\nEn lille luftl\u00e6kage gennem hullerne i s\u00f8mmene er normal.<\/p>\n<p>* V\u00e6gt og dimensioner er omtrentlige og kan variere en smule<\/p>\n","protected":false},"excerpt":{"rendered":"<p><i class=\"fa fa-arrows-alt\"><\/i>  M\u00e5l (L x B x H): 6,00 m x 4,00 m x 6,20 m *.<br \/>\n<i class=\"fa fa-check\"><\/i>  Professionelt modul &#8211; velegnet til kommerciel og privat brug<\/p>\n<p><i class=\"fa fa-square\"><\/i>  PVC (0,55 mm \/ 621,3 g\/kvm)<br \/>\n<i class=\"fa fa-align-justify\"><\/i>  2 &#8211; 4 gange syet (afh\u00e6ngigt af belastning)<br \/>\n<i class=\"fa fa-fire\"><\/i>  Flammeh\u00e6mmende<\/p>\n","protected":false},"featured_media":19604,"comment_status":"open","ping_status":"closed","template":"","meta":{"_acf_changed":false,"_uag_custom_page_level_css":"","site-sidebar-layout":"default","site-content-layout":"boxed-container","ast-site-content-layout":"normal-width-container","site-content-style":"boxed","site-sidebar-style":"boxed","ast-global-header-display":"","ast-banner-title-visibility":"","ast-main-header-display":"","ast-hfb-above-header-display":"","ast-hfb-below-header-display":"","ast-hfb-mobile-header-display":"","site-post-title":"disabled","ast-breadcrumbs-content":"","ast-featured-img":"","footer-sml-layout":"","ast-disable-related-posts":"","theme-transparent-header-meta":"default","adv-header-id-meta":"","stick-header-meta":"default","header-above-stick-meta":"","header-main-stick-meta":"","header-below-stick-meta":"","astra-migrate-meta-layouts":"default","ast-page-background-enabled":"default","ast-page-background-meta":{"desktop":{"background-color":"var(--ast-global-color-4)","background-image":"","background-repeat":"repeat","background-position":"center center","background-size":"auto","background-attachment":"scroll","background-type":"","background-media":"","overlay-type":"","overlay-color":"","overlay-opacity":"","overlay-gradient":""},"tablet":{"background-color":"","background-image":"","background-repeat":"repeat","background-position":"center center","background-size":"auto","background-attachment":"scroll","background-type":"","background-media":"","overlay-type":"","overlay-color":"","overlay-opacity":"","overlay-gradient":""},"mobile":{"background-color":"","background-image":"","background-repeat":"repeat","background-position":"center center","background-size":"auto","background-attachment":"scroll","background-type":"","background-media":"","overlay-type":"","overlay-color":"","overlay-opacity":"","overlay-gradient":""}},"ast-content-background-meta":{"desktop":{"background-color":"var(--ast-global-color-5)","background-image":"","background-repeat":"repeat","background-position":"center center","background-size":"auto","background-attachment":"scroll","background-type":"","background-media":"","overlay-type":"","overlay-color":"","overlay-opacity":"","overlay-gradient":""},"tablet":{"background-color":"var(--ast-global-color-5)","background-image":"","background-repeat":"repeat","background-position":"center center","background-size":"auto","background-attachment":"scroll","background-type":"","background-media":"","overlay-type":"","overlay-color":"","overlay-opacity":"","overlay-gradient":""},"mobile":{"background-color":"var(--ast-global-color-5)","background-image":"","background-repeat":"repeat","background-position":"center center","background-size":"auto","background-attachment":"scroll","background-type":"","background-media":"","overlay-type":"","overlay-color":"","overlay-opacity":"","overlay-gradient":""}}},"product_brand":[],"product_cat":[2043],"product_tag":[],"class_list":{"0":"post-19599","1":"product","2":"type-product","3":"status-publish","4":"has-post-thumbnail","6":"product_cat-attraktioner-da","7":"product_shipping_class-spedition-hupfburg-da","8":"pa_gtin-0669145336636-da","9":"desktop-align-center","10":"tablet-align-center","11":"mobile-align-center","12":"ast-product-gallery-layout-horizontal","13":"ast-product-tabs-layout-horizontal","15":"first","16":"onbackorder","17":"taxable","18":"shipping-taxable","19":"purchasable","20":"product-type-simple"},"acf":[],"yoast_head":"<!-- This site is optimized with the Yoast SEO plugin v27.3 - https:\/\/yoast.com\/product\/yoast-seo-wordpress\/ -->\n<title>K\u00f8b oppustelig alpehytte og tr\u00e6hytte | Dodo-Inflatables.com<\/title>\n<meta name=\"description\" content=\"K\u00f8b vores oppustelige tr\u00e6hytte som festtelt direkte online p\u00e5 Dodo-Inflatables.com | Mange modeller p\u00e5 lager | Hurtig levering | Bedste kvalitet\" \/>\n<meta name=\"robots\" content=\"index, follow, max-snippet:-1, max-image-preview:large, max-video-preview:-1\" \/>\n<link rel=\"canonical\" href=\"https:\/\/dodo-inflatables.com\/da\/vare\/oppustelig-alpehytte\/\" \/>\n<meta name=\"twitter:label1\" content=\"Estimeret l\u00e6setid\" \/>\n\t<meta name=\"twitter:data1\" content=\"2 minutter\" \/>\n<script type=\"application\/ld+json\" class=\"yoast-schema-graph\">{\"@context\":\"https:\\\/\\\/schema.org\",\"@graph\":[{\"@type\":\"WebPage\",\"@id\":\"https:\\\/\\\/dodo-inflatables.com\\\/da\\\/vare\\\/oppustelig-alpehytte\\\/\",\"url\":\"https:\\\/\\\/dodo-inflatables.com\\\/da\\\/vare\\\/oppustelig-alpehytte\\\/\",\"name\":\"K\u00f8b oppustelig alpehytte og tr\u00e6hytte | Dodo-Inflatables.com\",\"isPartOf\":{\"@id\":\"https:\\\/\\\/dodo-inflatables.com\\\/da\\\/#website\"},\"primaryImageOfPage\":{\"@id\":\"https:\\\/\\\/dodo-inflatables.com\\\/da\\\/vare\\\/oppustelig-alpehytte\\\/#primaryimage\"},\"image\":{\"@id\":\"https:\\\/\\\/dodo-inflatables.com\\\/da\\\/vare\\\/oppustelig-alpehytte\\\/#primaryimage\"},\"thumbnailUrl\":\"https:\\\/\\\/dodo-inflatables.com\\\/wp-content\\\/uploads\\\/2021\\\/01\\\/Aufblasbare-Almhuette-Partyzelt-kaufen_0006_Ebene-3.jpg\",\"datePublished\":\"2021-01-18T11:17:14+00:00\",\"dateModified\":\"2024-07-17T13:24:08+00:00\",\"description\":\"K\u00f8b vores oppustelige tr\u00e6hytte som festtelt direkte online p\u00e5 Dodo-Inflatables.com | Mange modeller p\u00e5 lager | Hurtig levering | Bedste kvalitet\",\"breadcrumb\":{\"@id\":\"https:\\\/\\\/dodo-inflatables.com\\\/da\\\/vare\\\/oppustelig-alpehytte\\\/#breadcrumb\"},\"inLanguage\":\"da-DK\",\"potentialAction\":[{\"@type\":\"ReadAction\",\"target\":[\"https:\\\/\\\/dodo-inflatables.com\\\/da\\\/vare\\\/oppustelig-alpehytte\\\/\"]}]},{\"@type\":\"ImageObject\",\"inLanguage\":\"da-DK\",\"@id\":\"https:\\\/\\\/dodo-inflatables.com\\\/da\\\/vare\\\/oppustelig-alpehytte\\\/#primaryimage\",\"url\":\"https:\\\/\\\/dodo-inflatables.com\\\/wp-content\\\/uploads\\\/2021\\\/01\\\/Aufblasbare-Almhuette-Partyzelt-kaufen_0006_Ebene-3.jpg\",\"contentUrl\":\"https:\\\/\\\/dodo-inflatables.com\\\/wp-content\\\/uploads\\\/2021\\\/01\\\/Aufblasbare-Almhuette-Partyzelt-kaufen_0006_Ebene-3.jpg\",\"width\":500,\"height\":500},{\"@type\":\"BreadcrumbList\",\"@id\":\"https:\\\/\\\/dodo-inflatables.com\\\/da\\\/vare\\\/oppustelig-alpehytte\\\/#breadcrumb\",\"itemListElement\":[{\"@type\":\"ListItem\",\"position\":1,\"name\":\"Hjem\",\"item\":\"https:\\\/\\\/dodo-inflatables.com\\\/da\\\/\"},{\"@type\":\"ListItem\",\"position\":2,\"name\":\"Butik\",\"item\":\"https:\\\/\\\/dodo-inflatables.com\\\/da\\\/?page_id=16802\"},{\"@type\":\"ListItem\",\"position\":3,\"name\":\"Oppustelig alpehytte\"}]},{\"@type\":\"WebSite\",\"@id\":\"https:\\\/\\\/dodo-inflatables.com\\\/da\\\/#website\",\"url\":\"https:\\\/\\\/dodo-inflatables.com\\\/da\\\/\",\"name\":\"dodo-inflatables.com\",\"description\":\"K\u00f8b hoppeborge og attraktioner i vores butik.\",\"publisher\":{\"@id\":\"https:\\\/\\\/dodo-inflatables.com\\\/da\\\/#organization\"},\"potentialAction\":[{\"@type\":\"SearchAction\",\"target\":{\"@type\":\"EntryPoint\",\"urlTemplate\":\"https:\\\/\\\/dodo-inflatables.com\\\/da\\\/?s={search_term_string}\"},\"query-input\":{\"@type\":\"PropertyValueSpecification\",\"valueRequired\":true,\"valueName\":\"search_term_string\"}}],\"inLanguage\":\"da-DK\"},{\"@type\":\"Organization\",\"@id\":\"https:\\\/\\\/dodo-inflatables.com\\\/da\\\/#organization\",\"name\":\"dodo-inflatables.com\",\"url\":\"https:\\\/\\\/dodo-inflatables.com\\\/da\\\/\",\"logo\":{\"@type\":\"ImageObject\",\"inLanguage\":\"da-DK\",\"@id\":\"https:\\\/\\\/dodo-inflatables.com\\\/da\\\/#\\\/schema\\\/logo\\\/image\\\/\",\"url\":\"https:\\\/\\\/dodo-inflatables.com\\\/wp-content\\\/uploads\\\/2023\\\/04\\\/cropped-cropped-cropped-Dodo-Logo.png\",\"contentUrl\":\"https:\\\/\\\/dodo-inflatables.com\\\/wp-content\\\/uploads\\\/2023\\\/04\\\/cropped-cropped-cropped-Dodo-Logo.png\",\"width\":2996,\"height\":1545,\"caption\":\"dodo-inflatables.com\"},\"image\":{\"@id\":\"https:\\\/\\\/dodo-inflatables.com\\\/da\\\/#\\\/schema\\\/logo\\\/image\\\/\"}}]}<\/script>\n<!-- \/ Yoast SEO plugin. -->","yoast_head_json":{"title":"K\u00f8b oppustelig alpehytte og tr\u00e6hytte | Dodo-Inflatables.com","description":"K\u00f8b vores oppustelige tr\u00e6hytte som festtelt direkte online p\u00e5 Dodo-Inflatables.com | Mange modeller p\u00e5 lager | Hurtig levering | Bedste kvalitet","robots":{"index":"index","follow":"follow","max-snippet":"max-snippet:-1","max-image-preview":"max-image-preview:large","max-video-preview":"max-video-preview:-1"},"canonical":"https:\/\/dodo-inflatables.com\/da\/vare\/oppustelig-alpehytte\/","twitter_misc":{"Estimeret l\u00e6setid":"2 minutter"},"schema":{"@context":"https:\/\/schema.org","@graph":[{"@type":"WebPage","@id":"https:\/\/dodo-inflatables.com\/da\/vare\/oppustelig-alpehytte\/","url":"https:\/\/dodo-inflatables.com\/da\/vare\/oppustelig-alpehytte\/","name":"K\u00f8b oppustelig alpehytte og tr\u00e6hytte | Dodo-Inflatables.com","isPartOf":{"@id":"https:\/\/dodo-inflatables.com\/da\/#website"},"primaryImageOfPage":{"@id":"https:\/\/dodo-inflatables.com\/da\/vare\/oppustelig-alpehytte\/#primaryimage"},"image":{"@id":"https:\/\/dodo-inflatables.com\/da\/vare\/oppustelig-alpehytte\/#primaryimage"},"thumbnailUrl":"https:\/\/dodo-inflatables.com\/wp-content\/uploads\/2021\/01\/Aufblasbare-Almhuette-Partyzelt-kaufen_0006_Ebene-3.jpg","datePublished":"2021-01-18T11:17:14+00:00","dateModified":"2024-07-17T13:24:08+00:00","description":"K\u00f8b vores oppustelige tr\u00e6hytte som festtelt direkte online p\u00e5 Dodo-Inflatables.com | Mange modeller p\u00e5 lager | Hurtig levering | Bedste kvalitet","breadcrumb":{"@id":"https:\/\/dodo-inflatables.com\/da\/vare\/oppustelig-alpehytte\/#breadcrumb"},"inLanguage":"da-DK","potentialAction":[{"@type":"ReadAction","target":["https:\/\/dodo-inflatables.com\/da\/vare\/oppustelig-alpehytte\/"]}]},{"@type":"ImageObject","inLanguage":"da-DK","@id":"https:\/\/dodo-inflatables.com\/da\/vare\/oppustelig-alpehytte\/#primaryimage","url":"https:\/\/dodo-inflatables.com\/wp-content\/uploads\/2021\/01\/Aufblasbare-Almhuette-Partyzelt-kaufen_0006_Ebene-3.jpg","contentUrl":"https:\/\/dodo-inflatables.com\/wp-content\/uploads\/2021\/01\/Aufblasbare-Almhuette-Partyzelt-kaufen_0006_Ebene-3.jpg","width":500,"height":500},{"@type":"BreadcrumbList","@id":"https:\/\/dodo-inflatables.com\/da\/vare\/oppustelig-alpehytte\/#breadcrumb","itemListElement":[{"@type":"ListItem","position":1,"name":"Hjem","item":"https:\/\/dodo-inflatables.com\/da\/"},{"@type":"ListItem","position":2,"name":"Butik","item":"https:\/\/dodo-inflatables.com\/da\/?page_id=16802"},{"@type":"ListItem","position":3,"name":"Oppustelig alpehytte"}]},{"@type":"WebSite","@id":"https:\/\/dodo-inflatables.com\/da\/#website","url":"https:\/\/dodo-inflatables.com\/da\/","name":"dodo-inflatables.com","description":"K\u00f8b hoppeborge og attraktioner i vores butik.","publisher":{"@id":"https:\/\/dodo-inflatables.com\/da\/#organization"},"potentialAction":[{"@type":"SearchAction","target":{"@type":"EntryPoint","urlTemplate":"https:\/\/dodo-inflatables.com\/da\/?s={search_term_string}"},"query-input":{"@type":"PropertyValueSpecification","valueRequired":true,"valueName":"search_term_string"}}],"inLanguage":"da-DK"},{"@type":"Organization","@id":"https:\/\/dodo-inflatables.com\/da\/#organization","name":"dodo-inflatables.com","url":"https:\/\/dodo-inflatables.com\/da\/","logo":{"@type":"ImageObject","inLanguage":"da-DK","@id":"https:\/\/dodo-inflatables.com\/da\/#\/schema\/logo\/image\/","url":"https:\/\/dodo-inflatables.com\/wp-content\/uploads\/2023\/04\/cropped-cropped-cropped-Dodo-Logo.png","contentUrl":"https:\/\/dodo-inflatables.com\/wp-content\/uploads\/2023\/04\/cropped-cropped-cropped-Dodo-Logo.png","width":2996,"height":1545,"caption":"dodo-inflatables.com"},"image":{"@id":"https:\/\/dodo-inflatables.com\/da\/#\/schema\/logo\/image\/"}}]}},"uagb_featured_image_src":{"full":["https:\/\/dodo-inflatables.com\/wp-content\/uploads\/2021\/01\/Aufblasbare-Almhuette-Partyzelt-kaufen_0006_Ebene-3.jpg",500,500,false],"thumbnail":["https:\/\/dodo-inflatables.com\/wp-content\/uploads\/2021\/01\/Aufblasbare-Almhuette-Partyzelt-kaufen_0006_Ebene-3-150x150.jpg",150,150,true],"medium":["https:\/\/dodo-inflatables.com\/wp-content\/uploads\/2021\/01\/Aufblasbare-Almhuette-Partyzelt-kaufen_0006_Ebene-3-300x300.jpg",300,300,true],"medium_large":["https:\/\/dodo-inflatables.com\/wp-content\/uploads\/2021\/01\/Aufblasbare-Almhuette-Partyzelt-kaufen_0006_Ebene-3.jpg",500,500,false],"large":["https:\/\/dodo-inflatables.com\/wp-content\/uploads\/2021\/01\/Aufblasbare-Almhuette-Partyzelt-kaufen_0006_Ebene-3.jpg",500,500,false],"1536x1536":["https:\/\/dodo-inflatables.com\/wp-content\/uploads\/2021\/01\/Aufblasbare-Almhuette-Partyzelt-kaufen_0006_Ebene-3.jpg",500,500,false],"2048x2048":["https:\/\/dodo-inflatables.com\/wp-content\/uploads\/2021\/01\/Aufblasbare-Almhuette-Partyzelt-kaufen_0006_Ebene-3.jpg",500,500,false],"woocommerce_thumbnail":["https:\/\/dodo-inflatables.com\/wp-content\/uploads\/2021\/01\/Aufblasbare-Almhuette-Partyzelt-kaufen_0006_Ebene-3.jpg",500,500,false],"woocommerce_single":["https:\/\/dodo-inflatables.com\/wp-content\/uploads\/2021\/01\/Aufblasbare-Almhuette-Partyzelt-kaufen_0006_Ebene-3.jpg",500,500,false],"woocommerce_gallery_thumbnail":["https:\/\/dodo-inflatables.com\/wp-content\/uploads\/2021\/01\/Aufblasbare-Almhuette-Partyzelt-kaufen_0006_Ebene-3-100x100.jpg",100,100,true]},"uagb_author_info":{"display_name":"Andreas","author_link":"https:\/\/dodo-inflatables.com\/da\/author\/"},"uagb_comment_info":0,"uagb_excerpt":"M\u00e5l (L x B x H): 6,00 m x 4,00 m x 6,20 m *. Professionelt modul - velegnet til kommerciel og privat brug PVC (0,55 mm \/ 621,3 g\/kvm) 2 - 4 gange syet (afh\u00e6ngigt af belastning) Flammeh\u00e6mmende","_links":{"self":[{"href":"https:\/\/dodo-inflatables.com\/da\/wp-json\/wp\/v2\/product\/19599","targetHints":{"allow":["GET"]}}],"collection":[{"href":"https:\/\/dodo-inflatables.com\/da\/wp-json\/wp\/v2\/product"}],"about":[{"href":"https:\/\/dodo-inflatables.com\/da\/wp-json\/wp\/v2\/types\/product"}],"replies":[{"embeddable":true,"href":"https:\/\/dodo-inflatables.com\/da\/wp-json\/wp\/v2\/comments?post=19599"}],"wp:featuredmedia":[{"embeddable":true,"href":"https:\/\/dodo-inflatables.com\/da\/wp-json\/wp\/v2\/media\/19604"}],"wp:attachment":[{"href":"https:\/\/dodo-inflatables.com\/da\/wp-json\/wp\/v2\/media?parent=19599"}],"wp:term":[{"taxonomy":"product_brand","embeddable":true,"href":"https:\/\/dodo-inflatables.com\/da\/wp-json\/wp\/v2\/product_brand?post=19599"},{"taxonomy":"product_cat","embeddable":true,"href":"https:\/\/dodo-inflatables.com\/da\/wp-json\/wp\/v2\/product_cat?post=19599"},{"taxonomy":"product_tag","embeddable":true,"href":"https:\/\/dodo-inflatables.com\/da\/wp-json\/wp\/v2\/product_tag?post=19599"}],"curies":[{"name":"wp","href":"https:\/\/api.w.org\/{rel}","templated":true}]}}